{"id":36388,"date":"2022-11-25T16:17:20","date_gmt":"2022-11-25T09:17:20","guid":{"rendered":"https:\/\/mouldking.store\/?post_type=product&#038;p=36388"},"modified":"2022-11-25T16:17:20","modified_gmt":"2022-11-25T09:17:20","slug":"rihio-g5-02-smash-up","status":"publish","type":"product","link":"https:\/\/mouldking.store\/vi\/shop\/rihio-g5-02-smash-up\/","title":{"rendered":"RIHIO G5-02 \u0110\u00c1NH B\u1ea0I"},"content":{"rendered":"<p>Th\u00f4ng tin s\u1ea3n ph\u1ea9m:<\/p>\n<ol>\n<li>Th\u01b0\u01a1ng hi\u1ec7u: RIHIO<\/li>\n<li>Gi\u1edbi t\u00ednh: Unisex<\/li>\n<li>T\u00ean: B\u1ece L\u1ee0<\/li>\n<li>\u0110\u1ed9 tu\u1ed5i: &gt; 6 tu\u1ed5i<\/li>\n<li>S\u1ed1 m\u00f4 h\u00ecnh: G5-02<\/li>\n<li>Ph\u00e2n lo\u1ea1i: T\u1eadp h\u1ee3p<\/li>\n<li>H\u00ecnh d\u1ea1ng kh\u1ed1i nh\u1ef1a: G\u1ea1ch t\u1ef1 kh\u00f3a<\/li>\n<li>Ch\u1ea5t li\u1ec7u: Nh\u1ef1a<\/li>\n<li>Lo\u1ea1i nh\u1ef1a: ABS<\/li>\n<li>K\u00edch th\u01b0\u1edbc: 9x13 cm<\/li>\n<li>Ch\u1ee9a h\u01b0\u1edbng d\u1eabn l\u1eafp r\u00e1p chi ti\u1ebft.<\/li>\n<\/ol>\n<p>\u0110\u1ec3 \u00fd:<br \/>\n1. Kh\u00f4ng c\u00f3 h\u1ed9p ban \u0111\u1ea7u, nh\u01b0ng ch\u00fang t\u00f4i \u0111\u1ea3m b\u1ea3o s\u1ea3n ph\u1ea9m c\u1ee7a ch\u00fang t\u00f4i c\u00f3 ch\u1ea5t l\u01b0\u1ee3ng \u0111\u1ea3m b\u1ea3o v\u00e0 bao b\u00ec \u0111\u1eb9p.<br \/>\n2. V\u00ec t\u1ea5t c\u1ea3 c\u00e1c b\u1ed9 ph\u1eadn ch\u00fang t\u00f4i \u0111\u00e3 ki\u1ec3m tra tr\u01b0\u1edbc khi v\u1eadn chuy\u1ec3n, v\u00ec v\u1eady n\u1ebfu b\u1ea1n th\u1ea5y m\u1ed9t s\u1ed1 b\u1ed9 ph\u1eadn b\u1ecb thi\u1ebfu ho\u1eb7c h\u01b0 h\u1ecfng, \u0111\u1eebng lo l\u1eafng v\u00e0 ch\u1ec9 c\u1ea7n vui l\u00f2ng li\u00ean h\u1ec7 v\u1edbi ch\u00fang t\u00f4i v\u00e0 ch\u00fang t\u00f4i c\u00f3 th\u1ec3 g\u1eedi l\u1ea1i mi\u1ec5n ph\u00ed cho b\u1ea1n ngay l\u1eadp t\u1ee9c.<\/p>\n<figure id=\"attachment_36389\" aria-describedby=\"caption-attachment-36389\" style=\"width: 800px\" class=\"wp-caption aligncenter\"><img fetchpriority=\"high\" decoding=\"async\" class=\"wp-image-36389 size-full\" src=\"https:\/\/mouldking.store\/wp-content\/uploads\/2022\/11\/RIHIO-G5-02-SMASH-UP-10.jpg\" alt=\"RIHIO G5-02 SMASH UP\" width=\"800\" height=\"800\" title=\"-\" srcset=\"https:\/\/mouldking.store\/wp-content\/uploads\/2022\/11\/RIHIO-G5-02-SMASH-UP-10.jpg 800w, https:\/\/mouldking.store\/wp-content\/uploads\/2022\/11\/RIHIO-G5-02-SMASH-UP-10-300x300.jpg 300w, https:\/\/mouldking.store\/wp-content\/uploads\/2022\/11\/RIHIO-G5-02-SMASH-UP-10-768x768.jpg 768w, https:\/\/mouldking.store\/wp-content\/uploads\/2022\/11\/RIHIO-G5-02-SMASH-UP-10-600x600.jpg 600w, https:\/\/mouldking.store\/wp-content\/uploads\/2022\/11\/RIHIO-G5-02-SMASH-UP-10-150x150.jpg 150w, https:\/\/mouldking.store\/wp-content\/uploads\/2022\/11\/RIHIO-G5-02-SMASH-UP-10-60x60.jpg 60w, https:\/\/mouldking.store\/wp-content\/uploads\/2022\/11\/RIHIO-G5-02-SMASH-UP-10-90x90.jpg 90w\" sizes=\"(max-width: 800px) 100vw, 800px\" \/><figcaption id=\"caption-attachment-36389\" class=\"wp-caption-text\">RIHIO G5-02 \u0110\u00c1NH B\u1ea0I<\/figcaption><\/figure>\n<figure id=\"attachment_36390\" aria-describedby=\"caption-attachment-36390\" style=\"width: 800px\" class=\"wp-caption aligncenter\"><img decoding=\"async\" class=\"wp-image-36390 size-full\" src=\"https:\/\/mouldking.store\/wp-content\/uploads\/2022\/11\/RIHIO-G5-02-SMASH-UP-9.jpg\" alt=\"RIHIO G5-02 SMASH UP\" width=\"800\" height=\"800\" title=\"-\" srcset=\"https:\/\/mouldking.store\/wp-content\/uploads\/2022\/11\/RIHIO-G5-02-SMASH-UP-9.jpg 800w, https:\/\/mouldking.store\/wp-content\/uploads\/2022\/11\/RIHIO-G5-02-SMASH-UP-9-300x300.jpg 300w, https:\/\/mouldking.store\/wp-content\/uploads\/2022\/11\/RIHIO-G5-02-SMASH-UP-9-768x768.jpg 768w, https:\/\/mouldking.store\/wp-content\/uploads\/2022\/11\/RIHIO-G5-02-SMASH-UP-9-600x600.jpg 600w, https:\/\/mouldking.store\/wp-content\/uploads\/2022\/11\/RIHIO-G5-02-SMASH-UP-9-150x150.jpg 150w, https:\/\/mouldking.store\/wp-content\/uploads\/2022\/11\/RIHIO-G5-02-SMASH-UP-9-60x60.jpg 60w, https:\/\/mouldking.store\/wp-content\/uploads\/2022\/11\/RIHIO-G5-02-SMASH-UP-9-90x90.jpg 90w\" sizes=\"(max-width: 800px) 100vw, 800px\" \/><figcaption id=\"caption-attachment-36390\" class=\"wp-caption-text\">RIHIO G5-02 \u0110\u00c1NH B\u1ea0I<\/figcaption><\/figure>\n<figure id=\"attachment_36391\" aria-describedby=\"caption-attachment-36391\" style=\"width: 800px\" class=\"wp-caption aligncenter\"><img decoding=\"async\" class=\"wp-image-36391 size-full\" src=\"https:\/\/mouldking.store\/wp-content\/uploads\/2022\/11\/RIHIO-G5-02-SMASH-UP-8.jpg\" alt=\"RIHIO G5-02 SMASH UP\" width=\"800\" height=\"800\" title=\"-\" srcset=\"https:\/\/mouldking.store\/wp-content\/uploads\/2022\/11\/RIHIO-G5-02-SMASH-UP-8.jpg 800w, https:\/\/mouldking.store\/wp-content\/uploads\/2022\/11\/RIHIO-G5-02-SMASH-UP-8-300x300.jpg 300w, https:\/\/mouldking.store\/wp-content\/uploads\/2022\/11\/RIHIO-G5-02-SMASH-UP-8-768x768.jpg 768w, https:\/\/mouldking.store\/wp-content\/uploads\/2022\/11\/RIHIO-G5-02-SMASH-UP-8-600x600.jpg 600w, https:\/\/mouldking.store\/wp-content\/uploads\/2022\/11\/RIHIO-G5-02-SMASH-UP-8-150x150.jpg 150w, https:\/\/mouldking.store\/wp-content\/uploads\/2022\/11\/RIHIO-G5-02-SMASH-UP-8-60x60.jpg 60w, https:\/\/mouldking.store\/wp-content\/uploads\/2022\/11\/RIHIO-G5-02-SMASH-UP-8-90x90.jpg 90w\" sizes=\"(max-width: 800px) 100vw, 800px\" \/><figcaption id=\"caption-attachment-36391\" class=\"wp-caption-text\">RIHIO G5-02 \u0110\u00c1NH B\u1ea0I<\/figcaption><\/figure>\n<figure id=\"attachment_36392\" aria-describedby=\"caption-attachment-36392\" style=\"width: 800px\" class=\"wp-caption aligncenter\"><img loading=\"lazy\" decoding=\"async\" class=\"wp-image-36392 size-full\" src=\"https:\/\/mouldking.store\/wp-content\/uploads\/2022\/11\/RIHIO-G5-02-SMASH-UP-7.jpg\" alt=\"RIHIO G5-02 SMASH UP\" width=\"800\" height=\"800\" title=\"-\" srcset=\"https:\/\/mouldking.store\/wp-content\/uploads\/2022\/11\/RIHIO-G5-02-SMASH-UP-7.jpg 800w, https:\/\/mouldking.store\/wp-content\/uploads\/2022\/11\/RIHIO-G5-02-SMASH-UP-7-300x300.jpg 300w, https:\/\/mouldking.store\/wp-content\/uploads\/2022\/11\/RIHIO-G5-02-SMASH-UP-7-768x768.jpg 768w, https:\/\/mouldking.store\/wp-content\/uploads\/2022\/11\/RIHIO-G5-02-SMASH-UP-7-600x600.jpg 600w, https:\/\/mouldking.store\/wp-content\/uploads\/2022\/11\/RIHIO-G5-02-SMASH-UP-7-150x150.jpg 150w, https:\/\/mouldking.store\/wp-content\/uploads\/2022\/11\/RIHIO-G5-02-SMASH-UP-7-60x60.jpg 60w, https:\/\/mouldking.store\/wp-content\/uploads\/2022\/11\/RIHIO-G5-02-SMASH-UP-7-90x90.jpg 90w\" sizes=\"(max-width: 800px) 100vw, 800px\" \/><figcaption id=\"caption-attachment-36392\" class=\"wp-caption-text\">RIHIO G5-02 \u0110\u00c1NH B\u1ea0I<\/figcaption><\/figure>\n<figure id=\"attachment_36393\" aria-describedby=\"caption-attachment-36393\" style=\"width: 1024px\" class=\"wp-caption aligncenter\"><img loading=\"lazy\" decoding=\"async\" class=\"wp-image-36393 size-full\" src=\"https:\/\/mouldking.store\/wp-content\/uploads\/2022\/11\/RIHIO-G5-02-SMASH-UP-6.jpg\" alt=\"RIHIO G5-02 SMASH UP\" width=\"1024\" height=\"1013\" title=\"-\" srcset=\"https:\/\/mouldking.store\/wp-content\/uploads\/2022\/11\/RIHIO-G5-02-SMASH-UP-6.jpg 1024w, https:\/\/mouldking.store\/wp-content\/uploads\/2022\/11\/RIHIO-G5-02-SMASH-UP-6-300x297.jpg 300w, https:\/\/mouldking.store\/wp-content\/uploads\/2022\/11\/RIHIO-G5-02-SMASH-UP-6-768x760.jpg 768w, https:\/\/mouldking.store\/wp-content\/uploads\/2022\/11\/RIHIO-G5-02-SMASH-UP-6-600x594.jpg 600w, https:\/\/mouldking.store\/wp-content\/uploads\/2022\/11\/RIHIO-G5-02-SMASH-UP-6-150x148.jpg 150w, https:\/\/mouldking.store\/wp-content\/uploads\/2022\/11\/RIHIO-G5-02-SMASH-UP-6-61x60.jpg 61w, https:\/\/mouldking.store\/wp-content\/uploads\/2022\/11\/RIHIO-G5-02-SMASH-UP-6-91x90.jpg 91w\" sizes=\"(max-width: 1024px) 100vw, 1024px\" \/><figcaption id=\"caption-attachment-36393\" class=\"wp-caption-text\">RIHIO G5-02 \u0110\u00c1NH B\u1ea0I<\/figcaption><\/figure>\n<figure id=\"attachment_36394\" aria-describedby=\"caption-attachment-36394\" style=\"width: 797px\" class=\"wp-caption aligncenter\"><img loading=\"lazy\" decoding=\"async\" class=\"wp-image-36394 size-full\" src=\"https:\/\/mouldking.store\/wp-content\/uploads\/2022\/11\/RIHIO-G5-02-SMASH-UP-5.jpg\" alt=\"RIHIO G5-02 SMASH UP\" width=\"797\" height=\"1024\" title=\"-\" srcset=\"https:\/\/mouldking.store\/wp-content\/uploads\/2022\/11\/RIHIO-G5-02-SMASH-UP-5.jpg 797w, https:\/\/mouldking.store\/wp-content\/uploads\/2022\/11\/RIHIO-G5-02-SMASH-UP-5-233x300.jpg 233w, https:\/\/mouldking.store\/wp-content\/uploads\/2022\/11\/RIHIO-G5-02-SMASH-UP-5-768x987.jpg 768w, https:\/\/mouldking.store\/wp-content\/uploads\/2022\/11\/RIHIO-G5-02-SMASH-UP-5-300x385.jpg 300w, https:\/\/mouldking.store\/wp-content\/uploads\/2022\/11\/RIHIO-G5-02-SMASH-UP-5-600x771.jpg 600w, https:\/\/mouldking.store\/wp-content\/uploads\/2022\/11\/RIHIO-G5-02-SMASH-UP-5-117x150.jpg 117w, https:\/\/mouldking.store\/wp-content\/uploads\/2022\/11\/RIHIO-G5-02-SMASH-UP-5-47x60.jpg 47w, https:\/\/mouldking.store\/wp-content\/uploads\/2022\/11\/RIHIO-G5-02-SMASH-UP-5-70x90.jpg 70w\" sizes=\"(max-width: 797px) 100vw, 797px\" \/><figcaption id=\"caption-attachment-36394\" class=\"wp-caption-text\">RIHIO G5-02 \u0110\u00c1NH B\u1ea0I<\/figcaption><\/figure>\n<figure id=\"attachment_36395\" aria-describedby=\"caption-attachment-36395\" style=\"width: 991px\" class=\"wp-caption aligncenter\"><img loading=\"lazy\" decoding=\"async\" class=\"wp-image-36395 size-full\" src=\"https:\/\/mouldking.store\/wp-content\/uploads\/2022\/11\/RIHIO-G5-02-SMASH-UP-4.jpg\" alt=\"RIHIO G5-02 SMASH UP\" width=\"991\" height=\"1024\" title=\"-\" srcset=\"https:\/\/mouldking.store\/wp-content\/uploads\/2022\/11\/RIHIO-G5-02-SMASH-UP-4.jpg 991w, https:\/\/mouldking.store\/wp-content\/uploads\/2022\/11\/RIHIO-G5-02-SMASH-UP-4-290x300.jpg 290w, https:\/\/mouldking.store\/wp-content\/uploads\/2022\/11\/RIHIO-G5-02-SMASH-UP-4-768x794.jpg 768w, https:\/\/mouldking.store\/wp-content\/uploads\/2022\/11\/RIHIO-G5-02-SMASH-UP-4-300x310.jpg 300w, https:\/\/mouldking.store\/wp-content\/uploads\/2022\/11\/RIHIO-G5-02-SMASH-UP-4-600x620.jpg 600w, https:\/\/mouldking.store\/wp-content\/uploads\/2022\/11\/RIHIO-G5-02-SMASH-UP-4-145x150.jpg 145w, https:\/\/mouldking.store\/wp-content\/uploads\/2022\/11\/RIHIO-G5-02-SMASH-UP-4-58x60.jpg 58w, https:\/\/mouldking.store\/wp-content\/uploads\/2022\/11\/RIHIO-G5-02-SMASH-UP-4-87x90.jpg 87w\" sizes=\"(max-width: 991px) 100vw, 991px\" \/><figcaption id=\"caption-attachment-36395\" class=\"wp-caption-text\">RIHIO G5-02 \u0110\u00c1NH B\u1ea0I<\/figcaption><\/figure>\n<figure id=\"attachment_36396\" aria-describedby=\"caption-attachment-36396\" style=\"width: 991px\" class=\"wp-caption aligncenter\"><img loading=\"lazy\" decoding=\"async\" class=\"wp-image-36396 size-full\" src=\"https:\/\/mouldking.store\/wp-content\/uploads\/2022\/11\/RIHIO-G5-02-SMASH-UP-3.jpg\" alt=\"RIHIO G5-02 SMASH UP\" width=\"991\" height=\"1024\" title=\"-\" srcset=\"https:\/\/mouldking.store\/wp-content\/uploads\/2022\/11\/RIHIO-G5-02-SMASH-UP-3.jpg 991w, https:\/\/mouldking.store\/wp-content\/uploads\/2022\/11\/RIHIO-G5-02-SMASH-UP-3-290x300.jpg 290w, https:\/\/mouldking.store\/wp-content\/uploads\/2022\/11\/RIHIO-G5-02-SMASH-UP-3-768x794.jpg 768w, https:\/\/mouldking.store\/wp-content\/uploads\/2022\/11\/RIHIO-G5-02-SMASH-UP-3-300x310.jpg 300w, https:\/\/mouldking.store\/wp-content\/uploads\/2022\/11\/RIHIO-G5-02-SMASH-UP-3-600x620.jpg 600w, https:\/\/mouldking.store\/wp-content\/uploads\/2022\/11\/RIHIO-G5-02-SMASH-UP-3-145x150.jpg 145w, https:\/\/mouldking.store\/wp-content\/uploads\/2022\/11\/RIHIO-G5-02-SMASH-UP-3-58x60.jpg 58w, https:\/\/mouldking.store\/wp-content\/uploads\/2022\/11\/RIHIO-G5-02-SMASH-UP-3-87x90.jpg 87w\" sizes=\"(max-width: 991px) 100vw, 991px\" \/><figcaption id=\"caption-attachment-36396\" class=\"wp-caption-text\">RIHIO G5-02 \u0110\u00c1NH B\u1ea0I<\/figcaption><\/figure>\n<figure id=\"attachment_36397\" aria-describedby=\"caption-attachment-36397\" style=\"width: 1024px\" class=\"wp-caption aligncenter\"><img loading=\"lazy\" decoding=\"async\" class=\"wp-image-36397 size-full\" src=\"https:\/\/mouldking.store\/wp-content\/uploads\/2022\/11\/RIHIO-G5-02-SMASH-UP-2.jpg\" alt=\"RIHIO G5-02 SMASH UP\" width=\"1024\" height=\"842\" title=\"-\" srcset=\"https:\/\/mouldking.store\/wp-content\/uploads\/2022\/11\/RIHIO-G5-02-SMASH-UP-2.jpg 1024w, https:\/\/mouldking.store\/wp-content\/uploads\/2022\/11\/RIHIO-G5-02-SMASH-UP-2-300x247.jpg 300w, https:\/\/mouldking.store\/wp-content\/uploads\/2022\/11\/RIHIO-G5-02-SMASH-UP-2-768x632.jpg 768w, https:\/\/mouldking.store\/wp-content\/uploads\/2022\/11\/RIHIO-G5-02-SMASH-UP-2-600x493.jpg 600w, https:\/\/mouldking.store\/wp-content\/uploads\/2022\/11\/RIHIO-G5-02-SMASH-UP-2-150x123.jpg 150w, https:\/\/mouldking.store\/wp-content\/uploads\/2022\/11\/RIHIO-G5-02-SMASH-UP-2-73x60.jpg 73w, https:\/\/mouldking.store\/wp-content\/uploads\/2022\/11\/RIHIO-G5-02-SMASH-UP-2-109x90.jpg 109w\" sizes=\"(max-width: 1024px) 100vw, 1024px\" \/><figcaption id=\"caption-attachment-36397\" class=\"wp-caption-text\">RIHIO G5-02 \u0110\u00c1NH B\u1ea0I<\/figcaption><\/figure>\n<figure id=\"attachment_36398\" aria-describedby=\"caption-attachment-36398\" style=\"width: 1024px\" class=\"wp-caption aligncenter\"><img loading=\"lazy\" decoding=\"async\" class=\"wp-image-36398 size-full\" src=\"https:\/\/mouldking.store\/wp-content\/uploads\/2022\/11\/RIHIO-G5-02-SMASH-UP-1.jpg\" alt=\"RIHIO G5-02 SMASH UP\" width=\"1024\" height=\"605\" title=\"-\" srcset=\"https:\/\/mouldking.store\/wp-content\/uploads\/2022\/11\/RIHIO-G5-02-SMASH-UP-1.jpg 1024w, https:\/\/mouldking.store\/wp-content\/uploads\/2022\/11\/RIHIO-G5-02-SMASH-UP-1-300x177.jpg 300w, https:\/\/mouldking.store\/wp-content\/uploads\/2022\/11\/RIHIO-G5-02-SMASH-UP-1-768x454.jpg 768w, https:\/\/mouldking.store\/wp-content\/uploads\/2022\/11\/RIHIO-G5-02-SMASH-UP-1-600x354.jpg 600w, https:\/\/mouldking.store\/wp-content\/uploads\/2022\/11\/RIHIO-G5-02-SMASH-UP-1-150x89.jpg 150w, https:\/\/mouldking.store\/wp-content\/uploads\/2022\/11\/RIHIO-G5-02-SMASH-UP-1-102x60.jpg 102w, https:\/\/mouldking.store\/wp-content\/uploads\/2022\/11\/RIHIO-G5-02-SMASH-UP-1-152x90.jpg 152w\" sizes=\"(max-width: 1024px) 100vw, 1024px\" \/><figcaption id=\"caption-attachment-36398\" class=\"wp-caption-text\">RIHIO G5-02 \u0110\u00c1NH B\u1ea0I<\/figcaption><\/figure>","protected":false},"excerpt":{"rendered":"<p>Product information: Brand: RIHIO Gender: Unisex Name: SMASH UP Age Range: &gt; 6 years old Model Number: G5-02 Classification: Assemblage Plastic Block Shape: Self-Locking Bricks Material: Plastic Plastic Type: ABS Size: 9 x 13 cm Contains detailed assembly instructions. Notice: 1. Without an original box, but we guarantee our products have quality assurance and nice [&hellip;]<\/p>","protected":false},"featured_media":36389,"comment_status":"closed","ping_status":"closed","template":"","meta":{"_acf_changed":false},"product_cat":[1365],"product_tag":[8378,8373,8380,8377,8379],"class_list":["product","first","instock","shipping-taxable","purchasable","product-type-simple"],"acf":[],"_links":{"self":[{"href":"https:\/\/mouldking.store\/vi\/wp-json\/wp\/v2\/product\/36388","targetHints":{"allow":["GET"]}}],"collection":[{"href":"https:\/\/mouldking.store\/vi\/wp-json\/wp\/v2\/product"}],"about":[{"href":"https:\/\/mouldking.store\/vi\/wp-json\/wp\/v2\/types\/product"}],"replies":[{"embeddable":true,"href":"https:\/\/mouldking.store\/vi\/wp-json\/wp\/v2\/comments?post=36388"}],"wp:featuredmedia":[{"embeddable":true,"href":"https:\/\/mouldking.store\/vi\/wp-json\/wp\/v2\/media\/36389"}],"wp:attachment":[{"href":"https:\/\/mouldking.store\/vi\/wp-json\/wp\/v2\/media?parent=36388"}],"wp:term":[{"taxonomy":"product_cat","embeddable":true,"href":"https:\/\/mouldking.store\/vi\/wp-json\/wp\/v2\/product_cat?post=36388"},{"taxonomy":"product_tag","embeddable":true,"href":"https:\/\/mouldking.store\/vi\/wp-json\/wp\/v2\/product_tag?post=36388"}],"curies":[{"name":"wp","href":"https:\/\/api.w.org\/{rel}","templated":true}]}}