{"id":36472,"date":"2022-11-25T17:07:21","date_gmt":"2022-11-25T10:07:21","guid":{"rendered":"https:\/\/mouldking.store\/?post_type=product&#038;p=36472"},"modified":"2022-11-25T17:07:21","modified_gmt":"2022-11-25T10:07:21","slug":"rihio-mm007-lair-perambulator","status":"publish","type":"product","link":"https:\/\/mouldking.store\/vi\/shop\/rihio-mm007-lair-perambulator\/","title":{"rendered":"RIHIO MM007 LAIR PERAMBULATOR"},"content":{"rendered":"<p>Th\u00f4ng tin s\u1ea3n ph\u1ea9m:<\/p>\n<ol>\n<li>Th\u01b0\u01a1ng hi\u1ec7u: RIHIO<\/li>\n<li>Gi\u1edbi t\u00ednh: Unisex<\/li>\n<li>T\u00ean: LAIR PERAMBULATOR<\/li>\n<li>\u0110\u1ed9 tu\u1ed5i: &gt; 6 tu\u1ed5i<\/li>\n<li>S\u1ed1 m\u00f4 h\u00ecnh: MM007<\/li>\n<li>Ph\u00e2n lo\u1ea1i: T\u1eadp h\u1ee3p<\/li>\n<li>H\u00ecnh d\u1ea1ng kh\u1ed1i nh\u1ef1a: G\u1ea1ch t\u1ef1 kh\u00f3a<\/li>\n<li>Ch\u1ea5t li\u1ec7u: Nh\u1ef1a<\/li>\n<li>Lo\u1ea1i nh\u1ef1a: ABS<\/li>\n<li>K\u00edch th\u01b0\u1edbc: 16x5 cm<\/li>\n<li>Ch\u1ee9a h\u01b0\u1edbng d\u1eabn l\u1eafp r\u00e1p chi ti\u1ebft.<\/li>\n<\/ol>\n<p>\u0110\u1ec3 \u00fd:<br \/>\n1. Kh\u00f4ng c\u00f3 h\u1ed9p ban \u0111\u1ea7u, nh\u01b0ng ch\u00fang t\u00f4i \u0111\u1ea3m b\u1ea3o s\u1ea3n ph\u1ea9m c\u1ee7a ch\u00fang t\u00f4i c\u00f3 ch\u1ea5t l\u01b0\u1ee3ng \u0111\u1ea3m b\u1ea3o v\u00e0 bao b\u00ec \u0111\u1eb9p.<br \/>\n2. V\u00ec t\u1ea5t c\u1ea3 c\u00e1c b\u1ed9 ph\u1eadn ch\u00fang t\u00f4i \u0111\u00e3 ki\u1ec3m tra tr\u01b0\u1edbc khi v\u1eadn chuy\u1ec3n, v\u00ec v\u1eady n\u1ebfu b\u1ea1n th\u1ea5y m\u1ed9t s\u1ed1 b\u1ed9 ph\u1eadn b\u1ecb thi\u1ebfu ho\u1eb7c h\u01b0 h\u1ecfng, \u0111\u1eebng lo l\u1eafng v\u00e0 ch\u1ec9 c\u1ea7n vui l\u00f2ng li\u00ean h\u1ec7 v\u1edbi ch\u00fang t\u00f4i v\u00e0 ch\u00fang t\u00f4i c\u00f3 th\u1ec3 g\u1eedi l\u1ea1i mi\u1ec5n ph\u00ed cho b\u1ea1n ngay l\u1eadp t\u1ee9c.<\/p>\n<figure id=\"attachment_36473\" aria-describedby=\"caption-attachment-36473\" style=\"width: 800px\" class=\"wp-caption aligncenter\"><img fetchpriority=\"high\" decoding=\"async\" class=\"wp-image-36473 size-full\" src=\"https:\/\/mouldking.store\/wp-content\/uploads\/2022\/11\/RIHIO-MM007-LAIR-PERAMBULATOR-13.jpg\" alt=\"RIHIO MM007 LAIR PERAMBULATOR\" width=\"800\" height=\"747\" title=\"-\" srcset=\"https:\/\/mouldking.store\/wp-content\/uploads\/2022\/11\/RIHIO-MM007-LAIR-PERAMBULATOR-13.jpg 800w, https:\/\/mouldking.store\/wp-content\/uploads\/2022\/11\/RIHIO-MM007-LAIR-PERAMBULATOR-13-300x280.jpg 300w, https:\/\/mouldking.store\/wp-content\/uploads\/2022\/11\/RIHIO-MM007-LAIR-PERAMBULATOR-13-768x717.jpg 768w, https:\/\/mouldking.store\/wp-content\/uploads\/2022\/11\/RIHIO-MM007-LAIR-PERAMBULATOR-13-600x560.jpg 600w, https:\/\/mouldking.store\/wp-content\/uploads\/2022\/11\/RIHIO-MM007-LAIR-PERAMBULATOR-13-150x140.jpg 150w, https:\/\/mouldking.store\/wp-content\/uploads\/2022\/11\/RIHIO-MM007-LAIR-PERAMBULATOR-13-64x60.jpg 64w, https:\/\/mouldking.store\/wp-content\/uploads\/2022\/11\/RIHIO-MM007-LAIR-PERAMBULATOR-13-96x90.jpg 96w\" sizes=\"(max-width: 800px) 100vw, 800px\" \/><figcaption id=\"caption-attachment-36473\" class=\"wp-caption-text\">RIHIO MM007 LAIR PERAMBULATOR<\/figcaption><\/figure>\n<figure id=\"attachment_36474\" aria-describedby=\"caption-attachment-36474\" style=\"width: 800px\" class=\"wp-caption aligncenter\"><img decoding=\"async\" class=\"wp-image-36474 size-full\" src=\"https:\/\/mouldking.store\/wp-content\/uploads\/2022\/11\/RIHIO-MM007-LAIR-PERAMBULATOR-12.jpg\" alt=\"RIHIO MM007 LAIR PERAMBULATOR\" width=\"800\" height=\"800\" title=\"-\" srcset=\"https:\/\/mouldking.store\/wp-content\/uploads\/2022\/11\/RIHIO-MM007-LAIR-PERAMBULATOR-12.jpg 800w, https:\/\/mouldking.store\/wp-content\/uploads\/2022\/11\/RIHIO-MM007-LAIR-PERAMBULATOR-12-300x300.jpg 300w, https:\/\/mouldking.store\/wp-content\/uploads\/2022\/11\/RIHIO-MM007-LAIR-PERAMBULATOR-12-768x768.jpg 768w, https:\/\/mouldking.store\/wp-content\/uploads\/2022\/11\/RIHIO-MM007-LAIR-PERAMBULATOR-12-600x600.jpg 600w, https:\/\/mouldking.store\/wp-content\/uploads\/2022\/11\/RIHIO-MM007-LAIR-PERAMBULATOR-12-150x150.jpg 150w, https:\/\/mouldking.store\/wp-content\/uploads\/2022\/11\/RIHIO-MM007-LAIR-PERAMBULATOR-12-60x60.jpg 60w, https:\/\/mouldking.store\/wp-content\/uploads\/2022\/11\/RIHIO-MM007-LAIR-PERAMBULATOR-12-90x90.jpg 90w\" sizes=\"(max-width: 800px) 100vw, 800px\" \/><figcaption id=\"caption-attachment-36474\" class=\"wp-caption-text\">RIHIO MM007 LAIR PERAMBULATOR<\/figcaption><\/figure>\n<figure id=\"attachment_36475\" aria-describedby=\"caption-attachment-36475\" style=\"width: 800px\" class=\"wp-caption aligncenter\"><img decoding=\"async\" class=\"wp-image-36475 size-full\" src=\"https:\/\/mouldking.store\/wp-content\/uploads\/2022\/11\/RIHIO-MM007-LAIR-PERAMBULATOR-11.jpg\" alt=\"RIHIO MM007 LAIR PERAMBULATOR\" width=\"800\" height=\"800\" title=\"-\" srcset=\"https:\/\/mouldking.store\/wp-content\/uploads\/2022\/11\/RIHIO-MM007-LAIR-PERAMBULATOR-11.jpg 800w, https:\/\/mouldking.store\/wp-content\/uploads\/2022\/11\/RIHIO-MM007-LAIR-PERAMBULATOR-11-300x300.jpg 300w, https:\/\/mouldking.store\/wp-content\/uploads\/2022\/11\/RIHIO-MM007-LAIR-PERAMBULATOR-11-768x768.jpg 768w, https:\/\/mouldking.store\/wp-content\/uploads\/2022\/11\/RIHIO-MM007-LAIR-PERAMBULATOR-11-600x600.jpg 600w, https:\/\/mouldking.store\/wp-content\/uploads\/2022\/11\/RIHIO-MM007-LAIR-PERAMBULATOR-11-150x150.jpg 150w, https:\/\/mouldking.store\/wp-content\/uploads\/2022\/11\/RIHIO-MM007-LAIR-PERAMBULATOR-11-60x60.jpg 60w, https:\/\/mouldking.store\/wp-content\/uploads\/2022\/11\/RIHIO-MM007-LAIR-PERAMBULATOR-11-90x90.jpg 90w\" sizes=\"(max-width: 800px) 100vw, 800px\" \/><figcaption id=\"caption-attachment-36475\" class=\"wp-caption-text\">RIHIO MM007 LAIR PERAMBULATOR<\/figcaption><\/figure>\n<figure id=\"attachment_36476\" aria-describedby=\"caption-attachment-36476\" style=\"width: 788px\" class=\"wp-caption aligncenter\"><img loading=\"lazy\" decoding=\"async\" class=\"wp-image-36476 size-full\" src=\"https:\/\/mouldking.store\/wp-content\/uploads\/2022\/11\/RIHIO-MM007-LAIR-PERAMBULATOR-10.jpg\" alt=\"RIHIO MM007 LAIR PERAMBULATOR\" width=\"788\" height=\"792\" title=\"-\" srcset=\"https:\/\/mouldking.store\/wp-content\/uploads\/2022\/11\/RIHIO-MM007-LAIR-PERAMBULATOR-10.jpg 788w, https:\/\/mouldking.store\/wp-content\/uploads\/2022\/11\/RIHIO-MM007-LAIR-PERAMBULATOR-10-298x300.jpg 298w, https:\/\/mouldking.store\/wp-content\/uploads\/2022\/11\/RIHIO-MM007-LAIR-PERAMBULATOR-10-768x772.jpg 768w, https:\/\/mouldking.store\/wp-content\/uploads\/2022\/11\/RIHIO-MM007-LAIR-PERAMBULATOR-10-300x302.jpg 300w, https:\/\/mouldking.store\/wp-content\/uploads\/2022\/11\/RIHIO-MM007-LAIR-PERAMBULATOR-10-600x603.jpg 600w, https:\/\/mouldking.store\/wp-content\/uploads\/2022\/11\/RIHIO-MM007-LAIR-PERAMBULATOR-10-150x150.jpg 150w, https:\/\/mouldking.store\/wp-content\/uploads\/2022\/11\/RIHIO-MM007-LAIR-PERAMBULATOR-10-60x60.jpg 60w, https:\/\/mouldking.store\/wp-content\/uploads\/2022\/11\/RIHIO-MM007-LAIR-PERAMBULATOR-10-90x90.jpg 90w\" sizes=\"(max-width: 788px) 100vw, 788px\" \/><figcaption id=\"caption-attachment-36476\" class=\"wp-caption-text\">RIHIO MM007 LAIR PERAMBULATOR<\/figcaption><\/figure>\n<figure id=\"attachment_36477\" aria-describedby=\"caption-attachment-36477\" style=\"width: 1024px\" class=\"wp-caption aligncenter\"><img loading=\"lazy\" decoding=\"async\" class=\"wp-image-36477 size-full\" src=\"https:\/\/mouldking.store\/wp-content\/uploads\/2022\/11\/RIHIO-MM007-LAIR-PERAMBULATOR-9.jpg\" alt=\"RIHIO MM007 LAIR PERAMBULATOR\" width=\"1024\" height=\"850\" title=\"-\" srcset=\"https:\/\/mouldking.store\/wp-content\/uploads\/2022\/11\/RIHIO-MM007-LAIR-PERAMBULATOR-9.jpg 1024w, https:\/\/mouldking.store\/wp-content\/uploads\/2022\/11\/RIHIO-MM007-LAIR-PERAMBULATOR-9-300x249.jpg 300w, https:\/\/mouldking.store\/wp-content\/uploads\/2022\/11\/RIHIO-MM007-LAIR-PERAMBULATOR-9-768x638.jpg 768w, https:\/\/mouldking.store\/wp-content\/uploads\/2022\/11\/RIHIO-MM007-LAIR-PERAMBULATOR-9-600x498.jpg 600w, https:\/\/mouldking.store\/wp-content\/uploads\/2022\/11\/RIHIO-MM007-LAIR-PERAMBULATOR-9-150x125.jpg 150w, https:\/\/mouldking.store\/wp-content\/uploads\/2022\/11\/RIHIO-MM007-LAIR-PERAMBULATOR-9-72x60.jpg 72w, https:\/\/mouldking.store\/wp-content\/uploads\/2022\/11\/RIHIO-MM007-LAIR-PERAMBULATOR-9-108x90.jpg 108w\" sizes=\"(max-width: 1024px) 100vw, 1024px\" \/><figcaption id=\"caption-attachment-36477\" class=\"wp-caption-text\">RIHIO MM007 LAIR PERAMBULATOR<\/figcaption><\/figure>\n<figure id=\"attachment_36478\" aria-describedby=\"caption-attachment-36478\" style=\"width: 1016px\" class=\"wp-caption aligncenter\"><img loading=\"lazy\" decoding=\"async\" class=\"wp-image-36478 size-full\" src=\"https:\/\/mouldking.store\/wp-content\/uploads\/2022\/11\/RIHIO-MM007-LAIR-PERAMBULATOR-8.jpg\" alt=\"RIHIO MM007 LAIR PERAMBULATOR\" width=\"1016\" height=\"1024\" title=\"-\" srcset=\"https:\/\/mouldking.store\/wp-content\/uploads\/2022\/11\/RIHIO-MM007-LAIR-PERAMBULATOR-8.jpg 1016w, https:\/\/mouldking.store\/wp-content\/uploads\/2022\/11\/RIHIO-MM007-LAIR-PERAMBULATOR-8-298x300.jpg 298w, https:\/\/mouldking.store\/wp-content\/uploads\/2022\/11\/RIHIO-MM007-LAIR-PERAMBULATOR-8-768x774.jpg 768w, https:\/\/mouldking.store\/wp-content\/uploads\/2022\/11\/RIHIO-MM007-LAIR-PERAMBULATOR-8-300x302.jpg 300w, https:\/\/mouldking.store\/wp-content\/uploads\/2022\/11\/RIHIO-MM007-LAIR-PERAMBULATOR-8-600x605.jpg 600w, https:\/\/mouldking.store\/wp-content\/uploads\/2022\/11\/RIHIO-MM007-LAIR-PERAMBULATOR-8-150x150.jpg 150w, https:\/\/mouldking.store\/wp-content\/uploads\/2022\/11\/RIHIO-MM007-LAIR-PERAMBULATOR-8-60x60.jpg 60w, https:\/\/mouldking.store\/wp-content\/uploads\/2022\/11\/RIHIO-MM007-LAIR-PERAMBULATOR-8-89x90.jpg 89w\" sizes=\"(max-width: 1016px) 100vw, 1016px\" \/><figcaption id=\"caption-attachment-36478\" class=\"wp-caption-text\">RIHIO MM007 LAIR PERAMBULATOR<\/figcaption><\/figure>\n<figure id=\"attachment_36479\" aria-describedby=\"caption-attachment-36479\" style=\"width: 1005px\" class=\"wp-caption aligncenter\"><img loading=\"lazy\" decoding=\"async\" class=\"wp-image-36479 size-full\" src=\"https:\/\/mouldking.store\/wp-content\/uploads\/2022\/11\/RIHIO-MM007-LAIR-PERAMBULATOR-7.jpg\" alt=\"RIHIO MM007 LAIR PERAMBULATOR\" width=\"1005\" height=\"1024\" title=\"-\" srcset=\"https:\/\/mouldking.store\/wp-content\/uploads\/2022\/11\/RIHIO-MM007-LAIR-PERAMBULATOR-7.jpg 1005w, https:\/\/mouldking.store\/wp-content\/uploads\/2022\/11\/RIHIO-MM007-LAIR-PERAMBULATOR-7-294x300.jpg 294w, https:\/\/mouldking.store\/wp-content\/uploads\/2022\/11\/RIHIO-MM007-LAIR-PERAMBULATOR-7-768x783.jpg 768w, https:\/\/mouldking.store\/wp-content\/uploads\/2022\/11\/RIHIO-MM007-LAIR-PERAMBULATOR-7-300x306.jpg 300w, https:\/\/mouldking.store\/wp-content\/uploads\/2022\/11\/RIHIO-MM007-LAIR-PERAMBULATOR-7-600x611.jpg 600w, https:\/\/mouldking.store\/wp-content\/uploads\/2022\/11\/RIHIO-MM007-LAIR-PERAMBULATOR-7-147x150.jpg 147w, https:\/\/mouldking.store\/wp-content\/uploads\/2022\/11\/RIHIO-MM007-LAIR-PERAMBULATOR-7-59x60.jpg 59w, https:\/\/mouldking.store\/wp-content\/uploads\/2022\/11\/RIHIO-MM007-LAIR-PERAMBULATOR-7-88x90.jpg 88w\" sizes=\"(max-width: 1005px) 100vw, 1005px\" \/><figcaption id=\"caption-attachment-36479\" class=\"wp-caption-text\">RIHIO MM007 LAIR PERAMBULATOR<\/figcaption><\/figure>\n<figure id=\"attachment_36480\" aria-describedby=\"caption-attachment-36480\" style=\"width: 919px\" class=\"wp-caption aligncenter\"><img loading=\"lazy\" decoding=\"async\" class=\"wp-image-36480 size-full\" src=\"https:\/\/mouldking.store\/wp-content\/uploads\/2022\/11\/RIHIO-MM007-LAIR-PERAMBULATOR-6.jpg\" alt=\"RIHIO MM007 LAIR PERAMBULATOR\" width=\"919\" height=\"1024\" title=\"-\" srcset=\"https:\/\/mouldking.store\/wp-content\/uploads\/2022\/11\/RIHIO-MM007-LAIR-PERAMBULATOR-6.jpg 919w, https:\/\/mouldking.store\/wp-content\/uploads\/2022\/11\/RIHIO-MM007-LAIR-PERAMBULATOR-6-269x300.jpg 269w, https:\/\/mouldking.store\/wp-content\/uploads\/2022\/11\/RIHIO-MM007-LAIR-PERAMBULATOR-6-768x856.jpg 768w, https:\/\/mouldking.store\/wp-content\/uploads\/2022\/11\/RIHIO-MM007-LAIR-PERAMBULATOR-6-300x334.jpg 300w, https:\/\/mouldking.store\/wp-content\/uploads\/2022\/11\/RIHIO-MM007-LAIR-PERAMBULATOR-6-600x669.jpg 600w, https:\/\/mouldking.store\/wp-content\/uploads\/2022\/11\/RIHIO-MM007-LAIR-PERAMBULATOR-6-135x150.jpg 135w, https:\/\/mouldking.store\/wp-content\/uploads\/2022\/11\/RIHIO-MM007-LAIR-PERAMBULATOR-6-54x60.jpg 54w, https:\/\/mouldking.store\/wp-content\/uploads\/2022\/11\/RIHIO-MM007-LAIR-PERAMBULATOR-6-81x90.jpg 81w\" sizes=\"(max-width: 919px) 100vw, 919px\" \/><figcaption id=\"caption-attachment-36480\" class=\"wp-caption-text\">RIHIO MM007 LAIR PERAMBULATOR<\/figcaption><\/figure>\n<figure id=\"attachment_36481\" aria-describedby=\"caption-attachment-36481\" style=\"width: 967px\" class=\"wp-caption aligncenter\"><img loading=\"lazy\" decoding=\"async\" class=\"wp-image-36481 size-full\" src=\"https:\/\/mouldking.store\/wp-content\/uploads\/2022\/11\/RIHIO-MM007-LAIR-PERAMBULATOR-5.jpg\" alt=\"RIHIO MM007 LAIR PERAMBULATOR\" width=\"967\" height=\"1024\" title=\"-\" srcset=\"https:\/\/mouldking.store\/wp-content\/uploads\/2022\/11\/RIHIO-MM007-LAIR-PERAMBULATOR-5.jpg 967w, https:\/\/mouldking.store\/wp-content\/uploads\/2022\/11\/RIHIO-MM007-LAIR-PERAMBULATOR-5-283x300.jpg 283w, https:\/\/mouldking.store\/wp-content\/uploads\/2022\/11\/RIHIO-MM007-LAIR-PERAMBULATOR-5-768x813.jpg 768w, https:\/\/mouldking.store\/wp-content\/uploads\/2022\/11\/RIHIO-MM007-LAIR-PERAMBULATOR-5-300x318.jpg 300w, https:\/\/mouldking.store\/wp-content\/uploads\/2022\/11\/RIHIO-MM007-LAIR-PERAMBULATOR-5-600x635.jpg 600w, https:\/\/mouldking.store\/wp-content\/uploads\/2022\/11\/RIHIO-MM007-LAIR-PERAMBULATOR-5-142x150.jpg 142w, https:\/\/mouldking.store\/wp-content\/uploads\/2022\/11\/RIHIO-MM007-LAIR-PERAMBULATOR-5-57x60.jpg 57w, https:\/\/mouldking.store\/wp-content\/uploads\/2022\/11\/RIHIO-MM007-LAIR-PERAMBULATOR-5-85x90.jpg 85w\" sizes=\"(max-width: 967px) 100vw, 967px\" \/><figcaption id=\"caption-attachment-36481\" class=\"wp-caption-text\">RIHIO MM007 LAIR PERAMBULATOR<\/figcaption><\/figure>\n<figure id=\"attachment_36482\" aria-describedby=\"caption-attachment-36482\" style=\"width: 800px\" class=\"wp-caption aligncenter\"><img loading=\"lazy\" decoding=\"async\" class=\"wp-image-36482 size-full\" src=\"https:\/\/mouldking.store\/wp-content\/uploads\/2022\/11\/RIHIO-MM007-LAIR-PERAMBULATOR-4.jpg\" alt=\"RIHIO MM007 LAIR PERAMBULATOR\" width=\"800\" height=\"800\" title=\"-\" srcset=\"https:\/\/mouldking.store\/wp-content\/uploads\/2022\/11\/RIHIO-MM007-LAIR-PERAMBULATOR-4.jpg 800w, https:\/\/mouldking.store\/wp-content\/uploads\/2022\/11\/RIHIO-MM007-LAIR-PERAMBULATOR-4-300x300.jpg 300w, https:\/\/mouldking.store\/wp-content\/uploads\/2022\/11\/RIHIO-MM007-LAIR-PERAMBULATOR-4-768x768.jpg 768w, https:\/\/mouldking.store\/wp-content\/uploads\/2022\/11\/RIHIO-MM007-LAIR-PERAMBULATOR-4-600x600.jpg 600w, https:\/\/mouldking.store\/wp-content\/uploads\/2022\/11\/RIHIO-MM007-LAIR-PERAMBULATOR-4-150x150.jpg 150w, https:\/\/mouldking.store\/wp-content\/uploads\/2022\/11\/RIHIO-MM007-LAIR-PERAMBULATOR-4-60x60.jpg 60w, https:\/\/mouldking.store\/wp-content\/uploads\/2022\/11\/RIHIO-MM007-LAIR-PERAMBULATOR-4-90x90.jpg 90w\" sizes=\"(max-width: 800px) 100vw, 800px\" \/><figcaption id=\"caption-attachment-36482\" class=\"wp-caption-text\">RIHIO MM007 LAIR PERAMBULATOR<\/figcaption><\/figure>\n<figure id=\"attachment_36483\" aria-describedby=\"caption-attachment-36483\" style=\"width: 800px\" class=\"wp-caption aligncenter\"><img loading=\"lazy\" decoding=\"async\" class=\"wp-image-36483 size-full\" src=\"https:\/\/mouldking.store\/wp-content\/uploads\/2022\/11\/RIHIO-MM007-LAIR-PERAMBULATOR-3.jpg\" alt=\"RIHIO MM007 LAIR PERAMBULATOR\" width=\"800\" height=\"800\" title=\"-\" srcset=\"https:\/\/mouldking.store\/wp-content\/uploads\/2022\/11\/RIHIO-MM007-LAIR-PERAMBULATOR-3.jpg 800w, https:\/\/mouldking.store\/wp-content\/uploads\/2022\/11\/RIHIO-MM007-LAIR-PERAMBULATOR-3-300x300.jpg 300w, https:\/\/mouldking.store\/wp-content\/uploads\/2022\/11\/RIHIO-MM007-LAIR-PERAMBULATOR-3-768x768.jpg 768w, https:\/\/mouldking.store\/wp-content\/uploads\/2022\/11\/RIHIO-MM007-LAIR-PERAMBULATOR-3-600x600.jpg 600w, https:\/\/mouldking.store\/wp-content\/uploads\/2022\/11\/RIHIO-MM007-LAIR-PERAMBULATOR-3-150x150.jpg 150w, https:\/\/mouldking.store\/wp-content\/uploads\/2022\/11\/RIHIO-MM007-LAIR-PERAMBULATOR-3-60x60.jpg 60w, https:\/\/mouldking.store\/wp-content\/uploads\/2022\/11\/RIHIO-MM007-LAIR-PERAMBULATOR-3-90x90.jpg 90w\" sizes=\"(max-width: 800px) 100vw, 800px\" \/><figcaption id=\"caption-attachment-36483\" class=\"wp-caption-text\">RIHIO MM007 LAIR PERAMBULATOR<\/figcaption><\/figure>\n<figure id=\"attachment_36484\" aria-describedby=\"caption-attachment-36484\" style=\"width: 800px\" class=\"wp-caption aligncenter\"><img loading=\"lazy\" decoding=\"async\" class=\"wp-image-36484 size-full\" src=\"https:\/\/mouldking.store\/wp-content\/uploads\/2022\/11\/RIHIO-MM007-LAIR-PERAMBULATOR-2.jpg\" alt=\"RIHIO MM007 LAIR PERAMBULATOR\" width=\"800\" height=\"800\" title=\"-\" srcset=\"https:\/\/mouldking.store\/wp-content\/uploads\/2022\/11\/RIHIO-MM007-LAIR-PERAMBULATOR-2.jpg 800w, https:\/\/mouldking.store\/wp-content\/uploads\/2022\/11\/RIHIO-MM007-LAIR-PERAMBULATOR-2-300x300.jpg 300w, https:\/\/mouldking.store\/wp-content\/uploads\/2022\/11\/RIHIO-MM007-LAIR-PERAMBULATOR-2-768x768.jpg 768w, https:\/\/mouldking.store\/wp-content\/uploads\/2022\/11\/RIHIO-MM007-LAIR-PERAMBULATOR-2-600x600.jpg 600w, https:\/\/mouldking.store\/wp-content\/uploads\/2022\/11\/RIHIO-MM007-LAIR-PERAMBULATOR-2-150x150.jpg 150w, https:\/\/mouldking.store\/wp-content\/uploads\/2022\/11\/RIHIO-MM007-LAIR-PERAMBULATOR-2-60x60.jpg 60w, https:\/\/mouldking.store\/wp-content\/uploads\/2022\/11\/RIHIO-MM007-LAIR-PERAMBULATOR-2-90x90.jpg 90w\" sizes=\"(max-width: 800px) 100vw, 800px\" \/><figcaption id=\"caption-attachment-36484\" class=\"wp-caption-text\">RIHIO MM007 LAIR PERAMBULATOR<\/figcaption><\/figure>\n<figure id=\"attachment_36485\" aria-describedby=\"caption-attachment-36485\" style=\"width: 800px\" class=\"wp-caption aligncenter\"><img loading=\"lazy\" decoding=\"async\" class=\"wp-image-36485 size-full\" src=\"https:\/\/mouldking.store\/wp-content\/uploads\/2022\/11\/RIHIO-MM007-LAIR-PERAMBULATOR-1.jpg\" alt=\"RIHIO MM007 LAIR PERAMBULATOR\" width=\"800\" height=\"800\" title=\"-\" srcset=\"https:\/\/mouldking.store\/wp-content\/uploads\/2022\/11\/RIHIO-MM007-LAIR-PERAMBULATOR-1.jpg 800w, https:\/\/mouldking.store\/wp-content\/uploads\/2022\/11\/RIHIO-MM007-LAIR-PERAMBULATOR-1-300x300.jpg 300w, https:\/\/mouldking.store\/wp-content\/uploads\/2022\/11\/RIHIO-MM007-LAIR-PERAMBULATOR-1-768x768.jpg 768w, https:\/\/mouldking.store\/wp-content\/uploads\/2022\/11\/RIHIO-MM007-LAIR-PERAMBULATOR-1-600x600.jpg 600w, https:\/\/mouldking.store\/wp-content\/uploads\/2022\/11\/RIHIO-MM007-LAIR-PERAMBULATOR-1-150x150.jpg 150w, https:\/\/mouldking.store\/wp-content\/uploads\/2022\/11\/RIHIO-MM007-LAIR-PERAMBULATOR-1-60x60.jpg 60w, https:\/\/mouldking.store\/wp-content\/uploads\/2022\/11\/RIHIO-MM007-LAIR-PERAMBULATOR-1-90x90.jpg 90w\" sizes=\"(max-width: 800px) 100vw, 800px\" \/><figcaption id=\"caption-attachment-36485\" class=\"wp-caption-text\">RIHIO MM007 LAIR PERAMBULATOR<\/figcaption><\/figure>","protected":false},"excerpt":{"rendered":"<p>Product information: Brand: RIHIO Gender: Unisex Name: LAIR PERAMBULATOR Age Range: &gt; 6 years old Model Number: MM007 Classification: Assemblage Plastic Block Shape: Self-Locking Bricks Material: Plastic Plastic Type: ABS Size: 16 x 5 cm Contains detailed assembly instructions. Notice: 1. Without an original box, but we guarantee our products have quality assurance and nice [&hellip;]<\/p>","protected":false},"featured_media":36473,"comment_status":"closed","ping_status":"closed","template":"","meta":{"_acf_changed":false},"product_cat":[1365],"product_tag":[8397,8399,8402,8398,8373,8403,8401],"class_list":["product","first","instock","shipping-taxable","purchasable","product-type-variable"],"acf":[],"_links":{"self":[{"href":"https:\/\/mouldking.store\/vi\/wp-json\/wp\/v2\/product\/36472","targetHints":{"allow":["GET"]}}],"collection":[{"href":"https:\/\/mouldking.store\/vi\/wp-json\/wp\/v2\/product"}],"about":[{"href":"https:\/\/mouldking.store\/vi\/wp-json\/wp\/v2\/types\/product"}],"replies":[{"embeddable":true,"href":"https:\/\/mouldking.store\/vi\/wp-json\/wp\/v2\/comments?post=36472"}],"wp:featuredmedia":[{"embeddable":true,"href":"https:\/\/mouldking.store\/vi\/wp-json\/wp\/v2\/media\/36473"}],"wp:attachment":[{"href":"https:\/\/mouldking.store\/vi\/wp-json\/wp\/v2\/media?parent=36472"}],"wp:term":[{"taxonomy":"product_cat","embeddable":true,"href":"https:\/\/mouldking.store\/vi\/wp-json\/wp\/v2\/product_cat?post=36472"},{"taxonomy":"product_tag","embeddable":true,"href":"https:\/\/mouldking.store\/vi\/wp-json\/wp\/v2\/product_tag?post=36472"}],"curies":[{"name":"wp","href":"https:\/\/api.w.org\/{rel}","templated":true}]}}