{"id":36490,"date":"2022-11-25T17:18:39","date_gmt":"2022-11-25T10:18:39","guid":{"rendered":"https:\/\/mouldking.store\/?post_type=product&#038;p=36490"},"modified":"2022-11-25T17:18:39","modified_gmt":"2022-11-25T10:18:39","slug":"rihio-mm006-pangolin","status":"publish","type":"product","link":"https:\/\/mouldking.store\/vi\/shop\/rihio-mm006-pangolin\/","title":{"rendered":"T\u00ca T\u00ca RIHIO MM006"},"content":{"rendered":"<p>Th\u00f4ng tin s\u1ea3n ph\u1ea9m:<\/p>\n<ol>\n<li>Th\u01b0\u01a1ng hi\u1ec7u: RIHIO<\/li>\n<li>Gi\u1edbi t\u00ednh: Unisex<\/li>\n<li>T\u00ean: PANGOLIN<\/li>\n<li>\u0110\u1ed9 tu\u1ed5i: &gt; 6 tu\u1ed5i<\/li>\n<li>S\u1ed1 m\u00f4 h\u00ecnh: MM006<\/li>\n<li>Ph\u00e2n lo\u1ea1i: T\u1eadp h\u1ee3p<\/li>\n<li>H\u00ecnh d\u1ea1ng kh\u1ed1i nh\u1ef1a: G\u1ea1ch t\u1ef1 kh\u00f3a<\/li>\n<li>Ch\u1ea5t li\u1ec7u: Nh\u1ef1a<\/li>\n<li>Lo\u1ea1i nh\u1ef1a: ABS<\/li>\n<li>K\u00edch th\u01b0\u1edbc: 16.5x6 cm<\/li>\n<li>Ch\u1ee9a h\u01b0\u1edbng d\u1eabn l\u1eafp r\u00e1p chi ti\u1ebft.<\/li>\n<\/ol>\n<p>\u0110\u1ec3 \u00fd:<br \/>\n1. Kh\u00f4ng c\u00f3 h\u1ed9p ban \u0111\u1ea7u, ch\u00fang t\u00f4i \u0111\u1ea3m b\u1ea3o c\u00e1c s\u1ea3n ph\u1ea9m c\u1ee7a ch\u00fang t\u00f4i c\u00f3 ch\u1ea5t l\u01b0\u1ee3ng \u0111\u1ea3m b\u1ea3o v\u00e0 bao b\u00ec \u0111\u1eb9p.<br \/>\n2. V\u00ec t\u1ea5t c\u1ea3 c\u00e1c b\u1ed9 ph\u1eadn ch\u00fang t\u00f4i \u0111\u00e3 ki\u1ec3m tra tr\u01b0\u1edbc khi v\u1eadn chuy\u1ec3n, v\u00ec v\u1eady n\u1ebfu b\u1ea1n th\u1ea5y m\u1ed9t s\u1ed1 b\u1ed9 ph\u1eadn b\u1ecb thi\u1ebfu ho\u1eb7c h\u01b0 h\u1ecfng, \u0111\u1eebng lo l\u1eafng v\u00e0 ch\u1ec9 c\u1ea7n vui l\u00f2ng li\u00ean h\u1ec7 v\u1edbi ch\u00fang t\u00f4i v\u00e0 ch\u00fang t\u00f4i c\u00f3 th\u1ec3 g\u1eedi l\u1ea1i mi\u1ec5n ph\u00ed cho b\u1ea1n ngay l\u1eadp t\u1ee9c.<\/p>\n<figure id=\"attachment_36491\" aria-describedby=\"caption-attachment-36491\" style=\"width: 800px\" class=\"wp-caption aligncenter\"><img fetchpriority=\"high\" decoding=\"async\" class=\"wp-image-36491 size-full\" src=\"https:\/\/mouldking.store\/wp-content\/uploads\/2022\/11\/RIHIO-MM006-PANGOLIN-16.jpg\" alt=\"RIHIO MM006 PANGOLIN\" width=\"800\" height=\"800\" title=\"-\" srcset=\"https:\/\/mouldking.store\/wp-content\/uploads\/2022\/11\/RIHIO-MM006-PANGOLIN-16.jpg 800w, https:\/\/mouldking.store\/wp-content\/uploads\/2022\/11\/RIHIO-MM006-PANGOLIN-16-300x300.jpg 300w, https:\/\/mouldking.store\/wp-content\/uploads\/2022\/11\/RIHIO-MM006-PANGOLIN-16-768x768.jpg 768w, https:\/\/mouldking.store\/wp-content\/uploads\/2022\/11\/RIHIO-MM006-PANGOLIN-16-600x600.jpg 600w, https:\/\/mouldking.store\/wp-content\/uploads\/2022\/11\/RIHIO-MM006-PANGOLIN-16-150x150.jpg 150w, https:\/\/mouldking.store\/wp-content\/uploads\/2022\/11\/RIHIO-MM006-PANGOLIN-16-60x60.jpg 60w, https:\/\/mouldking.store\/wp-content\/uploads\/2022\/11\/RIHIO-MM006-PANGOLIN-16-90x90.jpg 90w\" sizes=\"(max-width: 800px) 100vw, 800px\" \/><figcaption id=\"caption-attachment-36491\" class=\"wp-caption-text\">T\u00ca T\u00ca RIHIO MM006<\/figcaption><\/figure>\n<figure id=\"attachment_36492\" aria-describedby=\"caption-attachment-36492\" style=\"width: 800px\" class=\"wp-caption aligncenter\"><img decoding=\"async\" class=\"wp-image-36492 size-full\" src=\"https:\/\/mouldking.store\/wp-content\/uploads\/2022\/11\/RIHIO-MM006-PANGOLIN-15.jpg\" alt=\"RIHIO MM006 PANGOLIN\" width=\"800\" height=\"800\" title=\"-\" srcset=\"https:\/\/mouldking.store\/wp-content\/uploads\/2022\/11\/RIHIO-MM006-PANGOLIN-15.jpg 800w, https:\/\/mouldking.store\/wp-content\/uploads\/2022\/11\/RIHIO-MM006-PANGOLIN-15-300x300.jpg 300w, https:\/\/mouldking.store\/wp-content\/uploads\/2022\/11\/RIHIO-MM006-PANGOLIN-15-768x768.jpg 768w, https:\/\/mouldking.store\/wp-content\/uploads\/2022\/11\/RIHIO-MM006-PANGOLIN-15-600x600.jpg 600w, https:\/\/mouldking.store\/wp-content\/uploads\/2022\/11\/RIHIO-MM006-PANGOLIN-15-150x150.jpg 150w, https:\/\/mouldking.store\/wp-content\/uploads\/2022\/11\/RIHIO-MM006-PANGOLIN-15-60x60.jpg 60w, https:\/\/mouldking.store\/wp-content\/uploads\/2022\/11\/RIHIO-MM006-PANGOLIN-15-90x90.jpg 90w\" sizes=\"(max-width: 800px) 100vw, 800px\" \/><figcaption id=\"caption-attachment-36492\" class=\"wp-caption-text\">T\u00ca T\u00ca RIHIO MM006<\/figcaption><\/figure>\n<figure id=\"attachment_36493\" aria-describedby=\"caption-attachment-36493\" style=\"width: 800px\" class=\"wp-caption aligncenter\"><img decoding=\"async\" class=\"wp-image-36493 size-full\" src=\"https:\/\/mouldking.store\/wp-content\/uploads\/2022\/11\/RIHIO-MM006-PANGOLIN-14.jpg\" alt=\"RIHIO MM006 PANGOLIN\" width=\"800\" height=\"800\" title=\"-\" srcset=\"https:\/\/mouldking.store\/wp-content\/uploads\/2022\/11\/RIHIO-MM006-PANGOLIN-14.jpg 800w, https:\/\/mouldking.store\/wp-content\/uploads\/2022\/11\/RIHIO-MM006-PANGOLIN-14-300x300.jpg 300w, https:\/\/mouldking.store\/wp-content\/uploads\/2022\/11\/RIHIO-MM006-PANGOLIN-14-768x768.jpg 768w, https:\/\/mouldking.store\/wp-content\/uploads\/2022\/11\/RIHIO-MM006-PANGOLIN-14-600x600.jpg 600w, https:\/\/mouldking.store\/wp-content\/uploads\/2022\/11\/RIHIO-MM006-PANGOLIN-14-150x150.jpg 150w, https:\/\/mouldking.store\/wp-content\/uploads\/2022\/11\/RIHIO-MM006-PANGOLIN-14-60x60.jpg 60w, https:\/\/mouldking.store\/wp-content\/uploads\/2022\/11\/RIHIO-MM006-PANGOLIN-14-90x90.jpg 90w\" sizes=\"(max-width: 800px) 100vw, 800px\" \/><figcaption id=\"caption-attachment-36493\" class=\"wp-caption-text\">T\u00ca T\u00ca RIHIO MM006<\/figcaption><\/figure>\n<figure id=\"attachment_36494\" aria-describedby=\"caption-attachment-36494\" style=\"width: 800px\" class=\"wp-caption aligncenter\"><img loading=\"lazy\" decoding=\"async\" class=\"wp-image-36494 size-full\" src=\"https:\/\/mouldking.store\/wp-content\/uploads\/2022\/11\/RIHIO-MM006-PANGOLIN-13.jpg\" alt=\"RIHIO MM006 PANGOLIN\" width=\"800\" height=\"800\" title=\"-\" srcset=\"https:\/\/mouldking.store\/wp-content\/uploads\/2022\/11\/RIHIO-MM006-PANGOLIN-13.jpg 800w, https:\/\/mouldking.store\/wp-content\/uploads\/2022\/11\/RIHIO-MM006-PANGOLIN-13-300x300.jpg 300w, https:\/\/mouldking.store\/wp-content\/uploads\/2022\/11\/RIHIO-MM006-PANGOLIN-13-768x768.jpg 768w, https:\/\/mouldking.store\/wp-content\/uploads\/2022\/11\/RIHIO-MM006-PANGOLIN-13-600x600.jpg 600w, https:\/\/mouldking.store\/wp-content\/uploads\/2022\/11\/RIHIO-MM006-PANGOLIN-13-150x150.jpg 150w, https:\/\/mouldking.store\/wp-content\/uploads\/2022\/11\/RIHIO-MM006-PANGOLIN-13-60x60.jpg 60w, https:\/\/mouldking.store\/wp-content\/uploads\/2022\/11\/RIHIO-MM006-PANGOLIN-13-90x90.jpg 90w\" sizes=\"(max-width: 800px) 100vw, 800px\" \/><figcaption id=\"caption-attachment-36494\" class=\"wp-caption-text\">T\u00ca T\u00ca RIHIO MM006<\/figcaption><\/figure>\n<figure id=\"attachment_36495\" aria-describedby=\"caption-attachment-36495\" style=\"width: 788px\" class=\"wp-caption aligncenter\"><img loading=\"lazy\" decoding=\"async\" class=\"wp-image-36495 size-full\" src=\"https:\/\/mouldking.store\/wp-content\/uploads\/2022\/11\/RIHIO-MM006-PANGOLIN-12.jpg\" alt=\"RIHIO MM006 PANGOLIN\" width=\"788\" height=\"788\" title=\"-\" srcset=\"https:\/\/mouldking.store\/wp-content\/uploads\/2022\/11\/RIHIO-MM006-PANGOLIN-12.jpg 788w, https:\/\/mouldking.store\/wp-content\/uploads\/2022\/11\/RIHIO-MM006-PANGOLIN-12-300x300.jpg 300w, https:\/\/mouldking.store\/wp-content\/uploads\/2022\/11\/RIHIO-MM006-PANGOLIN-12-768x768.jpg 768w, https:\/\/mouldking.store\/wp-content\/uploads\/2022\/11\/RIHIO-MM006-PANGOLIN-12-600x600.jpg 600w, https:\/\/mouldking.store\/wp-content\/uploads\/2022\/11\/RIHIO-MM006-PANGOLIN-12-150x150.jpg 150w, https:\/\/mouldking.store\/wp-content\/uploads\/2022\/11\/RIHIO-MM006-PANGOLIN-12-60x60.jpg 60w, https:\/\/mouldking.store\/wp-content\/uploads\/2022\/11\/RIHIO-MM006-PANGOLIN-12-90x90.jpg 90w\" sizes=\"(max-width: 788px) 100vw, 788px\" \/><figcaption id=\"caption-attachment-36495\" class=\"wp-caption-text\">T\u00ca T\u00ca RIHIO MM006<\/figcaption><\/figure>\n<figure id=\"attachment_36496\" aria-describedby=\"caption-attachment-36496\" style=\"width: 1024px\" class=\"wp-caption aligncenter\"><img loading=\"lazy\" decoding=\"async\" class=\"wp-image-36496 size-full\" src=\"https:\/\/mouldking.store\/wp-content\/uploads\/2022\/11\/RIHIO-MM006-PANGOLIN-11.jpg\" alt=\"RIHIO MM006 PANGOLIN\" width=\"1024\" height=\"860\" title=\"-\" srcset=\"https:\/\/mouldking.store\/wp-content\/uploads\/2022\/11\/RIHIO-MM006-PANGOLIN-11.jpg 1024w, https:\/\/mouldking.store\/wp-content\/uploads\/2022\/11\/RIHIO-MM006-PANGOLIN-11-300x252.jpg 300w, https:\/\/mouldking.store\/wp-content\/uploads\/2022\/11\/RIHIO-MM006-PANGOLIN-11-768x645.jpg 768w, https:\/\/mouldking.store\/wp-content\/uploads\/2022\/11\/RIHIO-MM006-PANGOLIN-11-600x504.jpg 600w, https:\/\/mouldking.store\/wp-content\/uploads\/2022\/11\/RIHIO-MM006-PANGOLIN-11-150x126.jpg 150w, https:\/\/mouldking.store\/wp-content\/uploads\/2022\/11\/RIHIO-MM006-PANGOLIN-11-71x60.jpg 71w, https:\/\/mouldking.store\/wp-content\/uploads\/2022\/11\/RIHIO-MM006-PANGOLIN-11-107x90.jpg 107w\" sizes=\"(max-width: 1024px) 100vw, 1024px\" \/><figcaption id=\"caption-attachment-36496\" class=\"wp-caption-text\">T\u00ca T\u00ca RIHIO MM006<\/figcaption><\/figure>\n<figure id=\"attachment_36497\" aria-describedby=\"caption-attachment-36497\" style=\"width: 1002px\" class=\"wp-caption aligncenter\"><img loading=\"lazy\" decoding=\"async\" class=\"wp-image-36497 size-full\" src=\"https:\/\/mouldking.store\/wp-content\/uploads\/2022\/11\/RIHIO-MM006-PANGOLIN-10.jpg\" alt=\"RIHIO MM006 PANGOLIN\" width=\"1002\" height=\"1024\" title=\"-\" srcset=\"https:\/\/mouldking.store\/wp-content\/uploads\/2022\/11\/RIHIO-MM006-PANGOLIN-10.jpg 1002w, https:\/\/mouldking.store\/wp-content\/uploads\/2022\/11\/RIHIO-MM006-PANGOLIN-10-294x300.jpg 294w, https:\/\/mouldking.store\/wp-content\/uploads\/2022\/11\/RIHIO-MM006-PANGOLIN-10-768x785.jpg 768w, https:\/\/mouldking.store\/wp-content\/uploads\/2022\/11\/RIHIO-MM006-PANGOLIN-10-300x307.jpg 300w, https:\/\/mouldking.store\/wp-content\/uploads\/2022\/11\/RIHIO-MM006-PANGOLIN-10-600x613.jpg 600w, https:\/\/mouldking.store\/wp-content\/uploads\/2022\/11\/RIHIO-MM006-PANGOLIN-10-147x150.jpg 147w, https:\/\/mouldking.store\/wp-content\/uploads\/2022\/11\/RIHIO-MM006-PANGOLIN-10-59x60.jpg 59w, https:\/\/mouldking.store\/wp-content\/uploads\/2022\/11\/RIHIO-MM006-PANGOLIN-10-88x90.jpg 88w\" sizes=\"(max-width: 1002px) 100vw, 1002px\" \/><figcaption id=\"caption-attachment-36497\" class=\"wp-caption-text\">T\u00ca T\u00ca RIHIO MM006<\/figcaption><\/figure>\n<figure id=\"attachment_36498\" aria-describedby=\"caption-attachment-36498\" style=\"width: 977px\" class=\"wp-caption aligncenter\"><img loading=\"lazy\" decoding=\"async\" class=\"wp-image-36498 size-full\" src=\"https:\/\/mouldking.store\/wp-content\/uploads\/2022\/11\/RIHIO-MM006-PANGOLIN-9.jpg\" alt=\"RIHIO MM006 PANGOLIN\" width=\"977\" height=\"1024\" title=\"-\" srcset=\"https:\/\/mouldking.store\/wp-content\/uploads\/2022\/11\/RIHIO-MM006-PANGOLIN-9.jpg 977w, https:\/\/mouldking.store\/wp-content\/uploads\/2022\/11\/RIHIO-MM006-PANGOLIN-9-286x300.jpg 286w, https:\/\/mouldking.store\/wp-content\/uploads\/2022\/11\/RIHIO-MM006-PANGOLIN-9-768x805.jpg 768w, https:\/\/mouldking.store\/wp-content\/uploads\/2022\/11\/RIHIO-MM006-PANGOLIN-9-300x314.jpg 300w, https:\/\/mouldking.store\/wp-content\/uploads\/2022\/11\/RIHIO-MM006-PANGOLIN-9-600x629.jpg 600w, https:\/\/mouldking.store\/wp-content\/uploads\/2022\/11\/RIHIO-MM006-PANGOLIN-9-143x150.jpg 143w, https:\/\/mouldking.store\/wp-content\/uploads\/2022\/11\/RIHIO-MM006-PANGOLIN-9-57x60.jpg 57w, https:\/\/mouldking.store\/wp-content\/uploads\/2022\/11\/RIHIO-MM006-PANGOLIN-9-86x90.jpg 86w\" sizes=\"(max-width: 977px) 100vw, 977px\" \/><figcaption id=\"caption-attachment-36498\" class=\"wp-caption-text\">T\u00ca T\u00ca RIHIO MM006<\/figcaption><\/figure>\n<figure id=\"attachment_36499\" aria-describedby=\"caption-attachment-36499\" style=\"width: 925px\" class=\"wp-caption aligncenter\"><img loading=\"lazy\" decoding=\"async\" class=\"wp-image-36499 size-full\" src=\"https:\/\/mouldking.store\/wp-content\/uploads\/2022\/11\/RIHIO-MM006-PANGOLIN-8.jpg\" alt=\"RIHIO MM006 PANGOLIN\" width=\"925\" height=\"1024\" title=\"-\" srcset=\"https:\/\/mouldking.store\/wp-content\/uploads\/2022\/11\/RIHIO-MM006-PANGOLIN-8.jpg 925w, https:\/\/mouldking.store\/wp-content\/uploads\/2022\/11\/RIHIO-MM006-PANGOLIN-8-271x300.jpg 271w, https:\/\/mouldking.store\/wp-content\/uploads\/2022\/11\/RIHIO-MM006-PANGOLIN-8-768x850.jpg 768w, https:\/\/mouldking.store\/wp-content\/uploads\/2022\/11\/RIHIO-MM006-PANGOLIN-8-300x332.jpg 300w, https:\/\/mouldking.store\/wp-content\/uploads\/2022\/11\/RIHIO-MM006-PANGOLIN-8-600x664.jpg 600w, https:\/\/mouldking.store\/wp-content\/uploads\/2022\/11\/RIHIO-MM006-PANGOLIN-8-135x150.jpg 135w, https:\/\/mouldking.store\/wp-content\/uploads\/2022\/11\/RIHIO-MM006-PANGOLIN-8-54x60.jpg 54w, https:\/\/mouldking.store\/wp-content\/uploads\/2022\/11\/RIHIO-MM006-PANGOLIN-8-81x90.jpg 81w\" sizes=\"(max-width: 925px) 100vw, 925px\" \/><figcaption id=\"caption-attachment-36499\" class=\"wp-caption-text\">T\u00ca T\u00ca RIHIO MM006<\/figcaption><\/figure>\n<figure id=\"attachment_36500\" aria-describedby=\"caption-attachment-36500\" style=\"width: 925px\" class=\"wp-caption aligncenter\"><img loading=\"lazy\" decoding=\"async\" class=\"wp-image-36500 size-full\" src=\"https:\/\/mouldking.store\/wp-content\/uploads\/2022\/11\/RIHIO-MM006-PANGOLIN-7.jpg\" alt=\"RIHIO MM006 PANGOLIN\" width=\"925\" height=\"1024\" title=\"-\" srcset=\"https:\/\/mouldking.store\/wp-content\/uploads\/2022\/11\/RIHIO-MM006-PANGOLIN-7.jpg 925w, https:\/\/mouldking.store\/wp-content\/uploads\/2022\/11\/RIHIO-MM006-PANGOLIN-7-271x300.jpg 271w, https:\/\/mouldking.store\/wp-content\/uploads\/2022\/11\/RIHIO-MM006-PANGOLIN-7-768x850.jpg 768w, https:\/\/mouldking.store\/wp-content\/uploads\/2022\/11\/RIHIO-MM006-PANGOLIN-7-300x332.jpg 300w, https:\/\/mouldking.store\/wp-content\/uploads\/2022\/11\/RIHIO-MM006-PANGOLIN-7-600x664.jpg 600w, https:\/\/mouldking.store\/wp-content\/uploads\/2022\/11\/RIHIO-MM006-PANGOLIN-7-135x150.jpg 135w, https:\/\/mouldking.store\/wp-content\/uploads\/2022\/11\/RIHIO-MM006-PANGOLIN-7-54x60.jpg 54w, https:\/\/mouldking.store\/wp-content\/uploads\/2022\/11\/RIHIO-MM006-PANGOLIN-7-81x90.jpg 81w\" sizes=\"(max-width: 925px) 100vw, 925px\" \/><figcaption id=\"caption-attachment-36500\" class=\"wp-caption-text\">T\u00ca T\u00ca RIHIO MM006<\/figcaption><\/figure>\n<figure id=\"attachment_36501\" aria-describedby=\"caption-attachment-36501\" style=\"width: 1024px\" class=\"wp-caption aligncenter\"><img loading=\"lazy\" decoding=\"async\" class=\"wp-image-36501 size-full\" src=\"https:\/\/mouldking.store\/wp-content\/uploads\/2022\/11\/RIHIO-MM006-PANGOLIN-6.jpg\" alt=\"RIHIO MM006 PANGOLIN\" width=\"1024\" height=\"1016\" title=\"-\" srcset=\"https:\/\/mouldking.store\/wp-content\/uploads\/2022\/11\/RIHIO-MM006-PANGOLIN-6.jpg 1024w, https:\/\/mouldking.store\/wp-content\/uploads\/2022\/11\/RIHIO-MM006-PANGOLIN-6-300x298.jpg 300w, https:\/\/mouldking.store\/wp-content\/uploads\/2022\/11\/RIHIO-MM006-PANGOLIN-6-768x762.jpg 768w, https:\/\/mouldking.store\/wp-content\/uploads\/2022\/11\/RIHIO-MM006-PANGOLIN-6-600x595.jpg 600w, https:\/\/mouldking.store\/wp-content\/uploads\/2022\/11\/RIHIO-MM006-PANGOLIN-6-150x150.jpg 150w, https:\/\/mouldking.store\/wp-content\/uploads\/2022\/11\/RIHIO-MM006-PANGOLIN-6-60x60.jpg 60w, https:\/\/mouldking.store\/wp-content\/uploads\/2022\/11\/RIHIO-MM006-PANGOLIN-6-91x90.jpg 91w\" sizes=\"(max-width: 1024px) 100vw, 1024px\" \/><figcaption id=\"caption-attachment-36501\" class=\"wp-caption-text\">T\u00ca T\u00ca RIHIO MM006<\/figcaption><\/figure>\n<figure id=\"attachment_36502\" aria-describedby=\"caption-attachment-36502\" style=\"width: 1024px\" class=\"wp-caption aligncenter\"><img loading=\"lazy\" decoding=\"async\" class=\"wp-image-36502 size-full\" src=\"https:\/\/mouldking.store\/wp-content\/uploads\/2022\/11\/RIHIO-MM006-PANGOLIN-5.jpg\" alt=\"RIHIO MM006 PANGOLIN\" width=\"1024\" height=\"822\" title=\"-\" srcset=\"https:\/\/mouldking.store\/wp-content\/uploads\/2022\/11\/RIHIO-MM006-PANGOLIN-5.jpg 1024w, https:\/\/mouldking.store\/wp-content\/uploads\/2022\/11\/RIHIO-MM006-PANGOLIN-5-300x241.jpg 300w, https:\/\/mouldking.store\/wp-content\/uploads\/2022\/11\/RIHIO-MM006-PANGOLIN-5-768x617.jpg 768w, https:\/\/mouldking.store\/wp-content\/uploads\/2022\/11\/RIHIO-MM006-PANGOLIN-5-600x482.jpg 600w, https:\/\/mouldking.store\/wp-content\/uploads\/2022\/11\/RIHIO-MM006-PANGOLIN-5-150x120.jpg 150w, https:\/\/mouldking.store\/wp-content\/uploads\/2022\/11\/RIHIO-MM006-PANGOLIN-5-75x60.jpg 75w, https:\/\/mouldking.store\/wp-content\/uploads\/2022\/11\/RIHIO-MM006-PANGOLIN-5-112x90.jpg 112w\" sizes=\"(max-width: 1024px) 100vw, 1024px\" \/><figcaption id=\"caption-attachment-36502\" class=\"wp-caption-text\">T\u00ca T\u00ca RIHIO MM006<\/figcaption><\/figure>\n<figure id=\"attachment_36503\" aria-describedby=\"caption-attachment-36503\" style=\"width: 1024px\" class=\"wp-caption aligncenter\"><img loading=\"lazy\" decoding=\"async\" class=\"wp-image-36503 size-full\" src=\"https:\/\/mouldking.store\/wp-content\/uploads\/2022\/11\/RIHIO-MM006-PANGOLIN-4.jpg\" alt=\"RIHIO MM006 PANGOLIN\" width=\"1024\" height=\"1024\" title=\"-\" srcset=\"https:\/\/mouldking.store\/wp-content\/uploads\/2022\/11\/RIHIO-MM006-PANGOLIN-4.jpg 1024w, https:\/\/mouldking.store\/wp-content\/uploads\/2022\/11\/RIHIO-MM006-PANGOLIN-4-300x300.jpg 300w, https:\/\/mouldking.store\/wp-content\/uploads\/2022\/11\/RIHIO-MM006-PANGOLIN-4-768x768.jpg 768w, https:\/\/mouldking.store\/wp-content\/uploads\/2022\/11\/RIHIO-MM006-PANGOLIN-4-600x600.jpg 600w, https:\/\/mouldking.store\/wp-content\/uploads\/2022\/11\/RIHIO-MM006-PANGOLIN-4-150x150.jpg 150w, https:\/\/mouldking.store\/wp-content\/uploads\/2022\/11\/RIHIO-MM006-PANGOLIN-4-60x60.jpg 60w, https:\/\/mouldking.store\/wp-content\/uploads\/2022\/11\/RIHIO-MM006-PANGOLIN-4-90x90.jpg 90w\" sizes=\"(max-width: 1024px) 100vw, 1024px\" \/><figcaption id=\"caption-attachment-36503\" class=\"wp-caption-text\">T\u00ca T\u00ca RIHIO MM006<\/figcaption><\/figure>\n<figure id=\"attachment_36504\" aria-describedby=\"caption-attachment-36504\" style=\"width: 1024px\" class=\"wp-caption aligncenter\"><img loading=\"lazy\" decoding=\"async\" class=\"wp-image-36504 size-full\" src=\"https:\/\/mouldking.store\/wp-content\/uploads\/2022\/11\/RIHIO-MM006-PANGOLIN-3.jpg\" alt=\"RIHIO MM006 PANGOLIN\" width=\"1024\" height=\"1024\" title=\"-\" srcset=\"https:\/\/mouldking.store\/wp-content\/uploads\/2022\/11\/RIHIO-MM006-PANGOLIN-3.jpg 1024w, https:\/\/mouldking.store\/wp-content\/uploads\/2022\/11\/RIHIO-MM006-PANGOLIN-3-300x300.jpg 300w, https:\/\/mouldking.store\/wp-content\/uploads\/2022\/11\/RIHIO-MM006-PANGOLIN-3-768x768.jpg 768w, https:\/\/mouldking.store\/wp-content\/uploads\/2022\/11\/RIHIO-MM006-PANGOLIN-3-600x600.jpg 600w, https:\/\/mouldking.store\/wp-content\/uploads\/2022\/11\/RIHIO-MM006-PANGOLIN-3-150x150.jpg 150w, https:\/\/mouldking.store\/wp-content\/uploads\/2022\/11\/RIHIO-MM006-PANGOLIN-3-60x60.jpg 60w, https:\/\/mouldking.store\/wp-content\/uploads\/2022\/11\/RIHIO-MM006-PANGOLIN-3-90x90.jpg 90w\" sizes=\"(max-width: 1024px) 100vw, 1024px\" \/><figcaption id=\"caption-attachment-36504\" class=\"wp-caption-text\">T\u00ca T\u00ca RIHIO MM006<\/figcaption><\/figure>\n<figure id=\"attachment_36505\" aria-describedby=\"caption-attachment-36505\" style=\"width: 800px\" class=\"wp-caption aligncenter\"><img loading=\"lazy\" decoding=\"async\" class=\"wp-image-36505 size-full\" src=\"https:\/\/mouldking.store\/wp-content\/uploads\/2022\/11\/RIHIO-MM006-PANGOLIN-2.jpg\" alt=\"RIHIO MM006 PANGOLIN\" width=\"800\" height=\"800\" title=\"-\" srcset=\"https:\/\/mouldking.store\/wp-content\/uploads\/2022\/11\/RIHIO-MM006-PANGOLIN-2.jpg 800w, https:\/\/mouldking.store\/wp-content\/uploads\/2022\/11\/RIHIO-MM006-PANGOLIN-2-300x300.jpg 300w, https:\/\/mouldking.store\/wp-content\/uploads\/2022\/11\/RIHIO-MM006-PANGOLIN-2-768x768.jpg 768w, https:\/\/mouldking.store\/wp-content\/uploads\/2022\/11\/RIHIO-MM006-PANGOLIN-2-600x600.jpg 600w, https:\/\/mouldking.store\/wp-content\/uploads\/2022\/11\/RIHIO-MM006-PANGOLIN-2-150x150.jpg 150w, https:\/\/mouldking.store\/wp-content\/uploads\/2022\/11\/RIHIO-MM006-PANGOLIN-2-60x60.jpg 60w, https:\/\/mouldking.store\/wp-content\/uploads\/2022\/11\/RIHIO-MM006-PANGOLIN-2-90x90.jpg 90w\" sizes=\"(max-width: 800px) 100vw, 800px\" \/><figcaption id=\"caption-attachment-36505\" class=\"wp-caption-text\">T\u00ca T\u00ca RIHIO MM006<\/figcaption><\/figure>\n<figure id=\"attachment_36506\" aria-describedby=\"caption-attachment-36506\" style=\"width: 1024px\" class=\"wp-caption aligncenter\"><img loading=\"lazy\" decoding=\"async\" class=\"wp-image-36506 size-full\" src=\"https:\/\/mouldking.store\/wp-content\/uploads\/2022\/11\/RIHIO-MM006-PANGOLIN-1.jpg\" alt=\"RIHIO MM006 PANGOLIN\" width=\"1024\" height=\"1024\" title=\"-\" srcset=\"https:\/\/mouldking.store\/wp-content\/uploads\/2022\/11\/RIHIO-MM006-PANGOLIN-1.jpg 1024w, https:\/\/mouldking.store\/wp-content\/uploads\/2022\/11\/RIHIO-MM006-PANGOLIN-1-300x300.jpg 300w, https:\/\/mouldking.store\/wp-content\/uploads\/2022\/11\/RIHIO-MM006-PANGOLIN-1-768x768.jpg 768w, https:\/\/mouldking.store\/wp-content\/uploads\/2022\/11\/RIHIO-MM006-PANGOLIN-1-600x600.jpg 600w, https:\/\/mouldking.store\/wp-content\/uploads\/2022\/11\/RIHIO-MM006-PANGOLIN-1-150x150.jpg 150w, https:\/\/mouldking.store\/wp-content\/uploads\/2022\/11\/RIHIO-MM006-PANGOLIN-1-60x60.jpg 60w, https:\/\/mouldking.store\/wp-content\/uploads\/2022\/11\/RIHIO-MM006-PANGOLIN-1-90x90.jpg 90w\" sizes=\"(max-width: 1024px) 100vw, 1024px\" \/><figcaption id=\"caption-attachment-36506\" class=\"wp-caption-text\">T\u00ca T\u00ca RIHIO MM006<\/figcaption><\/figure>","protected":false},"excerpt":{"rendered":"<p>Product information: Brand: RIHIO Gender: Unisex Name: PANGOLIN Age Range: &gt; 6 years old Model Number: MM006 Classification: Assemblage Plastic Block Shape: Self-Locking Bricks Material: Plastic Plastic Type: ABS Size: \u00a016.5 x 6 cm Contains detailed assembly instructions. Notice: 1. Without an original box, we guarantee our products have quality assurance and nice packaging. 2. [&hellip;]<\/p>","protected":false},"featured_media":36491,"comment_status":"closed","ping_status":"closed","template":"","meta":{"_acf_changed":false},"product_cat":[1365],"product_tag":[8405,8406,8373,8407,8404],"class_list":["product","first","instock","shipping-taxable","purchasable","product-type-variable"],"acf":[],"_links":{"self":[{"href":"https:\/\/mouldking.store\/vi\/wp-json\/wp\/v2\/product\/36490","targetHints":{"allow":["GET"]}}],"collection":[{"href":"https:\/\/mouldking.store\/vi\/wp-json\/wp\/v2\/product"}],"about":[{"href":"https:\/\/mouldking.store\/vi\/wp-json\/wp\/v2\/types\/product"}],"replies":[{"embeddable":true,"href":"https:\/\/mouldking.store\/vi\/wp-json\/wp\/v2\/comments?post=36490"}],"wp:featuredmedia":[{"embeddable":true,"href":"https:\/\/mouldking.store\/vi\/wp-json\/wp\/v2\/media\/36491"}],"wp:attachment":[{"href":"https:\/\/mouldking.store\/vi\/wp-json\/wp\/v2\/media?parent=36490"}],"wp:term":[{"taxonomy":"product_cat","embeddable":true,"href":"https:\/\/mouldking.store\/vi\/wp-json\/wp\/v2\/product_cat?post=36490"},{"taxonomy":"product_tag","embeddable":true,"href":"https:\/\/mouldking.store\/vi\/wp-json\/wp\/v2\/product_tag?post=36490"}],"curies":[{"name":"wp","href":"https:\/\/api.w.org\/{rel}","templated":true}]}}