{"id":36695,"date":"2022-11-28T12:32:26","date_gmt":"2022-11-28T05:32:26","guid":{"rendered":"https:\/\/mouldking.store\/?post_type=product&#038;p=36695"},"modified":"2022-11-28T12:32:26","modified_gmt":"2022-11-28T05:32:26","slug":"tgl-t4023-unimog-rescue-vehicle-with-3850-pieces","status":"publish","type":"product","link":"https:\/\/mouldking.store\/vi\/shop\/tgl-t4023-unimog-rescue-vehicle-with-3850-pieces\/","title":{"rendered":"Xe C\u1ee9u H\u1ed9 Unimog TGL T4023 G\u1ed3m 3850 C\u00e1i"},"content":{"rendered":"<p>Th\u00f4ng tin s\u1ea3n ph\u1ea9m:<\/p>\n<ol>\n<li>Th\u01b0\u01a1ng hi\u1ec7u: TGL<\/li>\n<li>Gi\u1edbi t\u00ednh: Unisex<\/li>\n<li>T\u00ean: Xe c\u1ee9u h\u1ed9 Unimog<\/li>\n<li>\u0110\u1ed9 tu\u1ed5i: &gt; 6 tu\u1ed5i<\/li>\n<li>S\u1ed1 m\u00f4 h\u00ecnh: T4023<\/li>\n<li>Ph\u00e2n lo\u1ea1i: T\u1eadp h\u1ee3p<\/li>\n<li>H\u00ecnh d\u1ea1ng kh\u1ed1i nh\u1ef1a: G\u1ea1ch t\u1ef1 kh\u00f3a<\/li>\n<li>Ch\u1ea5t li\u1ec7u: Nh\u1ef1a<\/li>\n<li>Lo\u1ea1i nh\u1ef1a: ABS<\/li>\n<li>Kh\u1ed1i g\u1ea1ch: 3850 chi\u1ebfc<\/li>\n<li>K\u00edch th\u01b0\u1edbc: 46.5\u00d720.5\u00d723.5cm<\/li>\n<li>Ch\u1ee9a h\u01b0\u1edbng d\u1eabn l\u1eafp r\u00e1p chi ti\u1ebft.<\/li>\n<\/ol>\n<p>\u0110\u1ec3 \u00fd:<br \/>\n1. Kh\u00f4ng c\u00f3 h\u1ed9p ban \u0111\u1ea7u, nh\u01b0ng ch\u00fang t\u00f4i \u0111\u1ea3m b\u1ea3o s\u1ea3n ph\u1ea9m c\u1ee7a ch\u00fang t\u00f4i c\u00f3 ch\u1ea5t l\u01b0\u1ee3ng \u0111\u1ea3m b\u1ea3o v\u00e0 bao b\u00ec \u0111\u1eb9p.<br \/>\n2. V\u00ec t\u1ea5t c\u1ea3 c\u00e1c b\u1ed9 ph\u1eadn ch\u00fang t\u00f4i \u0111\u00e3 ki\u1ec3m tra tr\u01b0\u1edbc khi v\u1eadn chuy\u1ec3n, v\u00ec v\u1eady n\u1ebfu b\u1ea1n th\u1ea5y m\u1ed9t s\u1ed1 b\u1ed9 ph\u1eadn b\u1ecb thi\u1ebfu ho\u1eb7c h\u01b0 h\u1ecfng, \u0111\u1eebng lo l\u1eafng v\u00e0 ch\u1ec9 c\u1ea7n vui l\u00f2ng li\u00ean h\u1ec7 v\u1edbi ch\u00fang t\u00f4i v\u00e0 ch\u00fang t\u00f4i c\u00f3 th\u1ec3 g\u1eedi l\u1ea1i mi\u1ec5n ph\u00ed cho b\u1ea1n ngay l\u1eadp t\u1ee9c.<\/p>\n<figure id=\"attachment_36696\" aria-describedby=\"caption-attachment-36696\" style=\"width: 800px\" class=\"wp-caption aligncenter\"><img fetchpriority=\"high\" decoding=\"async\" class=\"wp-image-36696 size-full\" src=\"https:\/\/mouldking.store\/wp-content\/uploads\/2022\/11\/TGL-T4023-Unimog-Rescue-Vehicle-15.jpg\" alt=\"TGL T4023 Unimog Rescue Vehicle With 3850 Pieces\" width=\"800\" height=\"800\" title=\"-\" srcset=\"https:\/\/mouldking.store\/wp-content\/uploads\/2022\/11\/TGL-T4023-Unimog-Rescue-Vehicle-15.jpg 800w, https:\/\/mouldking.store\/wp-content\/uploads\/2022\/11\/TGL-T4023-Unimog-Rescue-Vehicle-15-300x300.jpg 300w, https:\/\/mouldking.store\/wp-content\/uploads\/2022\/11\/TGL-T4023-Unimog-Rescue-Vehicle-15-768x768.jpg 768w, https:\/\/mouldking.store\/wp-content\/uploads\/2022\/11\/TGL-T4023-Unimog-Rescue-Vehicle-15-600x600.jpg 600w, https:\/\/mouldking.store\/wp-content\/uploads\/2022\/11\/TGL-T4023-Unimog-Rescue-Vehicle-15-150x150.jpg 150w, https:\/\/mouldking.store\/wp-content\/uploads\/2022\/11\/TGL-T4023-Unimog-Rescue-Vehicle-15-60x60.jpg 60w, https:\/\/mouldking.store\/wp-content\/uploads\/2022\/11\/TGL-T4023-Unimog-Rescue-Vehicle-15-90x90.jpg 90w\" sizes=\"(max-width: 800px) 100vw, 800px\" \/><figcaption id=\"caption-attachment-36696\" class=\"wp-caption-text\">Xe C\u1ee9u H\u1ed9 Unimog TGL T4023 G\u1ed3m 3850 C\u00e1i<\/figcaption><\/figure>\n<figure id=\"attachment_36697\" aria-describedby=\"caption-attachment-36697\" style=\"width: 800px\" class=\"wp-caption aligncenter\"><img decoding=\"async\" class=\"wp-image-36697 size-full\" src=\"https:\/\/mouldking.store\/wp-content\/uploads\/2022\/11\/TGL-T4023-Unimog-Rescue-Vehicle-14.jpg\" alt=\"TGL T4023 Unimog Rescue Vehicle With 3850 Pieces\" width=\"800\" height=\"800\" title=\"-\" srcset=\"https:\/\/mouldking.store\/wp-content\/uploads\/2022\/11\/TGL-T4023-Unimog-Rescue-Vehicle-14.jpg 800w, https:\/\/mouldking.store\/wp-content\/uploads\/2022\/11\/TGL-T4023-Unimog-Rescue-Vehicle-14-300x300.jpg 300w, https:\/\/mouldking.store\/wp-content\/uploads\/2022\/11\/TGL-T4023-Unimog-Rescue-Vehicle-14-768x768.jpg 768w, https:\/\/mouldking.store\/wp-content\/uploads\/2022\/11\/TGL-T4023-Unimog-Rescue-Vehicle-14-600x600.jpg 600w, https:\/\/mouldking.store\/wp-content\/uploads\/2022\/11\/TGL-T4023-Unimog-Rescue-Vehicle-14-150x150.jpg 150w, https:\/\/mouldking.store\/wp-content\/uploads\/2022\/11\/TGL-T4023-Unimog-Rescue-Vehicle-14-60x60.jpg 60w, https:\/\/mouldking.store\/wp-content\/uploads\/2022\/11\/TGL-T4023-Unimog-Rescue-Vehicle-14-90x90.jpg 90w\" sizes=\"(max-width: 800px) 100vw, 800px\" \/><figcaption id=\"caption-attachment-36697\" class=\"wp-caption-text\">Xe C\u1ee9u H\u1ed9 Unimog TGL T4023 G\u1ed3m 3850 C\u00e1i<\/figcaption><\/figure>\n<figure id=\"attachment_36698\" aria-describedby=\"caption-attachment-36698\" style=\"width: 750px\" class=\"wp-caption aligncenter\"><img decoding=\"async\" class=\"wp-image-36698 size-full\" src=\"https:\/\/mouldking.store\/wp-content\/uploads\/2022\/11\/TGL-T4023-Unimog-Rescue-Vehicle-13.jpg\" alt=\"TGL T4023 Unimog Rescue Vehicle With 3850 Pieces\" width=\"750\" height=\"1000\" title=\"-\" srcset=\"https:\/\/mouldking.store\/wp-content\/uploads\/2022\/11\/TGL-T4023-Unimog-Rescue-Vehicle-13.jpg 750w, https:\/\/mouldking.store\/wp-content\/uploads\/2022\/11\/TGL-T4023-Unimog-Rescue-Vehicle-13-225x300.jpg 225w, https:\/\/mouldking.store\/wp-content\/uploads\/2022\/11\/TGL-T4023-Unimog-Rescue-Vehicle-13-300x400.jpg 300w, https:\/\/mouldking.store\/wp-content\/uploads\/2022\/11\/TGL-T4023-Unimog-Rescue-Vehicle-13-600x800.jpg 600w, https:\/\/mouldking.store\/wp-content\/uploads\/2022\/11\/TGL-T4023-Unimog-Rescue-Vehicle-13-113x150.jpg 113w, https:\/\/mouldking.store\/wp-content\/uploads\/2022\/11\/TGL-T4023-Unimog-Rescue-Vehicle-13-45x60.jpg 45w, https:\/\/mouldking.store\/wp-content\/uploads\/2022\/11\/TGL-T4023-Unimog-Rescue-Vehicle-13-68x90.jpg 68w\" sizes=\"(max-width: 750px) 100vw, 750px\" \/><figcaption id=\"caption-attachment-36698\" class=\"wp-caption-text\">Xe C\u1ee9u H\u1ed9 Unimog TGL T4023 G\u1ed3m 3850 C\u00e1i<\/figcaption><\/figure>\n<figure id=\"attachment_36699\" aria-describedby=\"caption-attachment-36699\" style=\"width: 750px\" class=\"wp-caption aligncenter\"><img loading=\"lazy\" decoding=\"async\" class=\"wp-image-36699 size-full\" src=\"https:\/\/mouldking.store\/wp-content\/uploads\/2022\/11\/TGL-T4023-Unimog-Rescue-Vehicle-12.jpg\" alt=\"TGL T4023 Unimog Rescue Vehicle With 3850 Pieces\" width=\"750\" height=\"997\" title=\"-\" srcset=\"https:\/\/mouldking.store\/wp-content\/uploads\/2022\/11\/TGL-T4023-Unimog-Rescue-Vehicle-12.jpg 750w, https:\/\/mouldking.store\/wp-content\/uploads\/2022\/11\/TGL-T4023-Unimog-Rescue-Vehicle-12-226x300.jpg 226w, https:\/\/mouldking.store\/wp-content\/uploads\/2022\/11\/TGL-T4023-Unimog-Rescue-Vehicle-12-300x399.jpg 300w, https:\/\/mouldking.store\/wp-content\/uploads\/2022\/11\/TGL-T4023-Unimog-Rescue-Vehicle-12-600x798.jpg 600w, https:\/\/mouldking.store\/wp-content\/uploads\/2022\/11\/TGL-T4023-Unimog-Rescue-Vehicle-12-113x150.jpg 113w, https:\/\/mouldking.store\/wp-content\/uploads\/2022\/11\/TGL-T4023-Unimog-Rescue-Vehicle-12-45x60.jpg 45w, https:\/\/mouldking.store\/wp-content\/uploads\/2022\/11\/TGL-T4023-Unimog-Rescue-Vehicle-12-68x90.jpg 68w\" sizes=\"(max-width: 750px) 100vw, 750px\" \/><figcaption id=\"caption-attachment-36699\" class=\"wp-caption-text\">Xe C\u1ee9u H\u1ed9 Unimog TGL T4023 G\u1ed3m 3850 C\u00e1i<\/figcaption><\/figure>\n<figure id=\"attachment_36700\" aria-describedby=\"caption-attachment-36700\" style=\"width: 750px\" class=\"wp-caption aligncenter\"><img loading=\"lazy\" decoding=\"async\" class=\"wp-image-36700 size-full\" src=\"https:\/\/mouldking.store\/wp-content\/uploads\/2022\/11\/TGL-T4023-Unimog-Rescue-Vehicle-11.jpg\" alt=\"TGL T4023 Unimog Rescue Vehicle With 3850 Pieces\" width=\"750\" height=\"1000\" title=\"-\" srcset=\"https:\/\/mouldking.store\/wp-content\/uploads\/2022\/11\/TGL-T4023-Unimog-Rescue-Vehicle-11.jpg 750w, https:\/\/mouldking.store\/wp-content\/uploads\/2022\/11\/TGL-T4023-Unimog-Rescue-Vehicle-11-225x300.jpg 225w, https:\/\/mouldking.store\/wp-content\/uploads\/2022\/11\/TGL-T4023-Unimog-Rescue-Vehicle-11-300x400.jpg 300w, https:\/\/mouldking.store\/wp-content\/uploads\/2022\/11\/TGL-T4023-Unimog-Rescue-Vehicle-11-600x800.jpg 600w, https:\/\/mouldking.store\/wp-content\/uploads\/2022\/11\/TGL-T4023-Unimog-Rescue-Vehicle-11-113x150.jpg 113w, https:\/\/mouldking.store\/wp-content\/uploads\/2022\/11\/TGL-T4023-Unimog-Rescue-Vehicle-11-45x60.jpg 45w, https:\/\/mouldking.store\/wp-content\/uploads\/2022\/11\/TGL-T4023-Unimog-Rescue-Vehicle-11-68x90.jpg 68w\" sizes=\"(max-width: 750px) 100vw, 750px\" \/><figcaption id=\"caption-attachment-36700\" class=\"wp-caption-text\">Xe C\u1ee9u H\u1ed9 Unimog TGL T4023 G\u1ed3m 3850 C\u00e1i<\/figcaption><\/figure>\n<figure id=\"attachment_36701\" aria-describedby=\"caption-attachment-36701\" style=\"width: 750px\" class=\"wp-caption aligncenter\"><img loading=\"lazy\" decoding=\"async\" class=\"wp-image-36701 size-full\" src=\"https:\/\/mouldking.store\/wp-content\/uploads\/2022\/11\/TGL-T4023-Unimog-Rescue-Vehicle-10.jpg\" alt=\"TGL T4023 Unimog Rescue Vehicle With 3850 Pieces\" width=\"750\" height=\"1000\" title=\"-\" srcset=\"https:\/\/mouldking.store\/wp-content\/uploads\/2022\/11\/TGL-T4023-Unimog-Rescue-Vehicle-10.jpg 750w, https:\/\/mouldking.store\/wp-content\/uploads\/2022\/11\/TGL-T4023-Unimog-Rescue-Vehicle-10-225x300.jpg 225w, https:\/\/mouldking.store\/wp-content\/uploads\/2022\/11\/TGL-T4023-Unimog-Rescue-Vehicle-10-300x400.jpg 300w, https:\/\/mouldking.store\/wp-content\/uploads\/2022\/11\/TGL-T4023-Unimog-Rescue-Vehicle-10-600x800.jpg 600w, https:\/\/mouldking.store\/wp-content\/uploads\/2022\/11\/TGL-T4023-Unimog-Rescue-Vehicle-10-113x150.jpg 113w, https:\/\/mouldking.store\/wp-content\/uploads\/2022\/11\/TGL-T4023-Unimog-Rescue-Vehicle-10-45x60.jpg 45w, https:\/\/mouldking.store\/wp-content\/uploads\/2022\/11\/TGL-T4023-Unimog-Rescue-Vehicle-10-68x90.jpg 68w\" sizes=\"(max-width: 750px) 100vw, 750px\" \/><figcaption id=\"caption-attachment-36701\" class=\"wp-caption-text\">Xe C\u1ee9u H\u1ed9 Unimog TGL T4023 G\u1ed3m 3850 C\u00e1i<\/figcaption><\/figure>\n<figure id=\"attachment_36702\" aria-describedby=\"caption-attachment-36702\" style=\"width: 647px\" class=\"wp-caption aligncenter\"><img loading=\"lazy\" decoding=\"async\" class=\"wp-image-36702 size-full\" src=\"https:\/\/mouldking.store\/wp-content\/uploads\/2022\/11\/TGL-T4023-Unimog-Rescue-Vehicle-9.jpg\" alt=\"TGL T4023 Unimog Rescue Vehicle With 3850 Pieces\" width=\"647\" height=\"1024\" title=\"-\" srcset=\"https:\/\/mouldking.store\/wp-content\/uploads\/2022\/11\/TGL-T4023-Unimog-Rescue-Vehicle-9.jpg 647w, https:\/\/mouldking.store\/wp-content\/uploads\/2022\/11\/TGL-T4023-Unimog-Rescue-Vehicle-9-190x300.jpg 190w, https:\/\/mouldking.store\/wp-content\/uploads\/2022\/11\/TGL-T4023-Unimog-Rescue-Vehicle-9-300x475.jpg 300w, https:\/\/mouldking.store\/wp-content\/uploads\/2022\/11\/TGL-T4023-Unimog-Rescue-Vehicle-9-600x950.jpg 600w, https:\/\/mouldking.store\/wp-content\/uploads\/2022\/11\/TGL-T4023-Unimog-Rescue-Vehicle-9-95x150.jpg 95w, https:\/\/mouldking.store\/wp-content\/uploads\/2022\/11\/TGL-T4023-Unimog-Rescue-Vehicle-9-38x60.jpg 38w, https:\/\/mouldking.store\/wp-content\/uploads\/2022\/11\/TGL-T4023-Unimog-Rescue-Vehicle-9-57x90.jpg 57w\" sizes=\"(max-width: 647px) 100vw, 647px\" \/><figcaption id=\"caption-attachment-36702\" class=\"wp-caption-text\">Xe C\u1ee9u H\u1ed9 Unimog TGL T4023 G\u1ed3m 3850 C\u00e1i<\/figcaption><\/figure>\n<figure id=\"attachment_36703\" aria-describedby=\"caption-attachment-36703\" style=\"width: 740px\" class=\"wp-caption aligncenter\"><img loading=\"lazy\" decoding=\"async\" class=\"wp-image-36703 size-full\" src=\"https:\/\/mouldking.store\/wp-content\/uploads\/2022\/11\/TGL-T4023-Unimog-Rescue-Vehicle-8.jpg\" alt=\"TGL T4023 Unimog Rescue Vehicle With 3850 Pieces\" width=\"740\" height=\"1024\" title=\"-\" srcset=\"https:\/\/mouldking.store\/wp-content\/uploads\/2022\/11\/TGL-T4023-Unimog-Rescue-Vehicle-8.jpg 740w, https:\/\/mouldking.store\/wp-content\/uploads\/2022\/11\/TGL-T4023-Unimog-Rescue-Vehicle-8-217x300.jpg 217w, https:\/\/mouldking.store\/wp-content\/uploads\/2022\/11\/TGL-T4023-Unimog-Rescue-Vehicle-8-300x415.jpg 300w, https:\/\/mouldking.store\/wp-content\/uploads\/2022\/11\/TGL-T4023-Unimog-Rescue-Vehicle-8-600x830.jpg 600w, https:\/\/mouldking.store\/wp-content\/uploads\/2022\/11\/TGL-T4023-Unimog-Rescue-Vehicle-8-108x150.jpg 108w, https:\/\/mouldking.store\/wp-content\/uploads\/2022\/11\/TGL-T4023-Unimog-Rescue-Vehicle-8-43x60.jpg 43w, https:\/\/mouldking.store\/wp-content\/uploads\/2022\/11\/TGL-T4023-Unimog-Rescue-Vehicle-8-65x90.jpg 65w\" sizes=\"(max-width: 740px) 100vw, 740px\" \/><figcaption id=\"caption-attachment-36703\" class=\"wp-caption-text\">Xe C\u1ee9u H\u1ed9 Unimog TGL T4023 G\u1ed3m 3850 C\u00e1i<\/figcaption><\/figure>\n<figure id=\"attachment_36704\" aria-describedby=\"caption-attachment-36704\" style=\"width: 720px\" class=\"wp-caption aligncenter\"><img loading=\"lazy\" decoding=\"async\" class=\"wp-image-36704 size-full\" src=\"https:\/\/mouldking.store\/wp-content\/uploads\/2022\/11\/TGL-T4023-Unimog-Rescue-Vehicle-7.jpg\" alt=\"TGL T4023 Unimog Rescue Vehicle With 3850 Pieces\" width=\"720\" height=\"1024\" title=\"-\" srcset=\"https:\/\/mouldking.store\/wp-content\/uploads\/2022\/11\/TGL-T4023-Unimog-Rescue-Vehicle-7.jpg 720w, https:\/\/mouldking.store\/wp-content\/uploads\/2022\/11\/TGL-T4023-Unimog-Rescue-Vehicle-7-211x300.jpg 211w, https:\/\/mouldking.store\/wp-content\/uploads\/2022\/11\/TGL-T4023-Unimog-Rescue-Vehicle-7-300x427.jpg 300w, https:\/\/mouldking.store\/wp-content\/uploads\/2022\/11\/TGL-T4023-Unimog-Rescue-Vehicle-7-600x853.jpg 600w, https:\/\/mouldking.store\/wp-content\/uploads\/2022\/11\/TGL-T4023-Unimog-Rescue-Vehicle-7-105x150.jpg 105w, https:\/\/mouldking.store\/wp-content\/uploads\/2022\/11\/TGL-T4023-Unimog-Rescue-Vehicle-7-42x60.jpg 42w, https:\/\/mouldking.store\/wp-content\/uploads\/2022\/11\/TGL-T4023-Unimog-Rescue-Vehicle-7-63x90.jpg 63w\" sizes=\"(max-width: 720px) 100vw, 720px\" \/><figcaption id=\"caption-attachment-36704\" class=\"wp-caption-text\">Xe C\u1ee9u H\u1ed9 Unimog TGL T4023 G\u1ed3m 3850 C\u00e1i<\/figcaption><\/figure>\n<figure id=\"attachment_36705\" aria-describedby=\"caption-attachment-36705\" style=\"width: 750px\" class=\"wp-caption aligncenter\"><img loading=\"lazy\" decoding=\"async\" class=\"wp-image-36705 size-full\" src=\"https:\/\/mouldking.store\/wp-content\/uploads\/2022\/11\/TGL-T4023-Unimog-Rescue-Vehicle-6.jpg\" alt=\"TGL T4023 Unimog Rescue Vehicle With 3850 Pieces\" width=\"750\" height=\"1000\" title=\"-\" srcset=\"https:\/\/mouldking.store\/wp-content\/uploads\/2022\/11\/TGL-T4023-Unimog-Rescue-Vehicle-6.jpg 750w, https:\/\/mouldking.store\/wp-content\/uploads\/2022\/11\/TGL-T4023-Unimog-Rescue-Vehicle-6-225x300.jpg 225w, https:\/\/mouldking.store\/wp-content\/uploads\/2022\/11\/TGL-T4023-Unimog-Rescue-Vehicle-6-300x400.jpg 300w, https:\/\/mouldking.store\/wp-content\/uploads\/2022\/11\/TGL-T4023-Unimog-Rescue-Vehicle-6-600x800.jpg 600w, https:\/\/mouldking.store\/wp-content\/uploads\/2022\/11\/TGL-T4023-Unimog-Rescue-Vehicle-6-113x150.jpg 113w, https:\/\/mouldking.store\/wp-content\/uploads\/2022\/11\/TGL-T4023-Unimog-Rescue-Vehicle-6-45x60.jpg 45w, https:\/\/mouldking.store\/wp-content\/uploads\/2022\/11\/TGL-T4023-Unimog-Rescue-Vehicle-6-68x90.jpg 68w\" sizes=\"(max-width: 750px) 100vw, 750px\" \/><figcaption id=\"caption-attachment-36705\" class=\"wp-caption-text\">Xe C\u1ee9u H\u1ed9 Unimog TGL T4023 G\u1ed3m 3850 C\u00e1i<\/figcaption><\/figure>\n<figure id=\"attachment_36706\" aria-describedby=\"caption-attachment-36706\" style=\"width: 668px\" class=\"wp-caption aligncenter\"><img loading=\"lazy\" decoding=\"async\" class=\"wp-image-36706 size-full\" src=\"https:\/\/mouldking.store\/wp-content\/uploads\/2022\/11\/TGL-T4023-Unimog-Rescue-Vehicle-5.jpg\" alt=\"TGL T4023 Unimog Rescue Vehicle With 3850 Pieces\" width=\"668\" height=\"1024\" title=\"-\" srcset=\"https:\/\/mouldking.store\/wp-content\/uploads\/2022\/11\/TGL-T4023-Unimog-Rescue-Vehicle-5.jpg 668w, https:\/\/mouldking.store\/wp-content\/uploads\/2022\/11\/TGL-T4023-Unimog-Rescue-Vehicle-5-196x300.jpg 196w, https:\/\/mouldking.store\/wp-content\/uploads\/2022\/11\/TGL-T4023-Unimog-Rescue-Vehicle-5-300x460.jpg 300w, https:\/\/mouldking.store\/wp-content\/uploads\/2022\/11\/TGL-T4023-Unimog-Rescue-Vehicle-5-600x920.jpg 600w, https:\/\/mouldking.store\/wp-content\/uploads\/2022\/11\/TGL-T4023-Unimog-Rescue-Vehicle-5-98x150.jpg 98w, https:\/\/mouldking.store\/wp-content\/uploads\/2022\/11\/TGL-T4023-Unimog-Rescue-Vehicle-5-39x60.jpg 39w, https:\/\/mouldking.store\/wp-content\/uploads\/2022\/11\/TGL-T4023-Unimog-Rescue-Vehicle-5-59x90.jpg 59w\" sizes=\"(max-width: 668px) 100vw, 668px\" \/><figcaption id=\"caption-attachment-36706\" class=\"wp-caption-text\">Xe C\u1ee9u H\u1ed9 Unimog TGL T4023 G\u1ed3m 3850 C\u00e1i<\/figcaption><\/figure>\n<figure id=\"attachment_36707\" aria-describedby=\"caption-attachment-36707\" style=\"width: 696px\" class=\"wp-caption aligncenter\"><img loading=\"lazy\" decoding=\"async\" class=\"wp-image-36707 size-full\" src=\"https:\/\/mouldking.store\/wp-content\/uploads\/2022\/11\/TGL-T4023-Unimog-Rescue-Vehicle-4.jpg\" alt=\"TGL T4023 Unimog Rescue Vehicle With 3850 Pieces\" width=\"696\" height=\"1024\" title=\"-\" srcset=\"https:\/\/mouldking.store\/wp-content\/uploads\/2022\/11\/TGL-T4023-Unimog-Rescue-Vehicle-4.jpg 696w, https:\/\/mouldking.store\/wp-content\/uploads\/2022\/11\/TGL-T4023-Unimog-Rescue-Vehicle-4-204x300.jpg 204w, https:\/\/mouldking.store\/wp-content\/uploads\/2022\/11\/TGL-T4023-Unimog-Rescue-Vehicle-4-300x441.jpg 300w, https:\/\/mouldking.store\/wp-content\/uploads\/2022\/11\/TGL-T4023-Unimog-Rescue-Vehicle-4-600x883.jpg 600w, https:\/\/mouldking.store\/wp-content\/uploads\/2022\/11\/TGL-T4023-Unimog-Rescue-Vehicle-4-102x150.jpg 102w, https:\/\/mouldking.store\/wp-content\/uploads\/2022\/11\/TGL-T4023-Unimog-Rescue-Vehicle-4-41x60.jpg 41w, https:\/\/mouldking.store\/wp-content\/uploads\/2022\/11\/TGL-T4023-Unimog-Rescue-Vehicle-4-61x90.jpg 61w\" sizes=\"(max-width: 696px) 100vw, 696px\" \/><figcaption id=\"caption-attachment-36707\" class=\"wp-caption-text\">Xe C\u1ee9u H\u1ed9 Unimog TGL T4023 G\u1ed3m 3850 C\u00e1i<\/figcaption><\/figure>\n<figure id=\"attachment_36708\" aria-describedby=\"caption-attachment-36708\" style=\"width: 600px\" class=\"wp-caption aligncenter\"><img loading=\"lazy\" decoding=\"async\" class=\"wp-image-36708 size-full\" src=\"https:\/\/mouldking.store\/wp-content\/uploads\/2022\/11\/TGL-T4023-Unimog-Rescue-Vehicle-3.jpg\" alt=\"TGL T4023 Unimog Rescue Vehicle With 3850 Pieces\" width=\"600\" height=\"1024\" title=\"-\" srcset=\"https:\/\/mouldking.store\/wp-content\/uploads\/2022\/11\/TGL-T4023-Unimog-Rescue-Vehicle-3.jpg 600w, https:\/\/mouldking.store\/wp-content\/uploads\/2022\/11\/TGL-T4023-Unimog-Rescue-Vehicle-3-176x300.jpg 176w, https:\/\/mouldking.store\/wp-content\/uploads\/2022\/11\/TGL-T4023-Unimog-Rescue-Vehicle-3-300x512.jpg 300w, https:\/\/mouldking.store\/wp-content\/uploads\/2022\/11\/TGL-T4023-Unimog-Rescue-Vehicle-3-88x150.jpg 88w, https:\/\/mouldking.store\/wp-content\/uploads\/2022\/11\/TGL-T4023-Unimog-Rescue-Vehicle-3-35x60.jpg 35w, https:\/\/mouldking.store\/wp-content\/uploads\/2022\/11\/TGL-T4023-Unimog-Rescue-Vehicle-3-53x90.jpg 53w\" sizes=\"(max-width: 600px) 100vw, 600px\" \/><figcaption id=\"caption-attachment-36708\" class=\"wp-caption-text\">Xe C\u1ee9u H\u1ed9 Unimog TGL T4023 G\u1ed3m 3850 C\u00e1i<\/figcaption><\/figure>\n<figure id=\"attachment_36709\" aria-describedby=\"caption-attachment-36709\" style=\"width: 601px\" class=\"wp-caption aligncenter\"><img loading=\"lazy\" decoding=\"async\" class=\"wp-image-36709 size-full\" src=\"https:\/\/mouldking.store\/wp-content\/uploads\/2022\/11\/TGL-T4023-Unimog-Rescue-Vehicle-2.jpg\" alt=\"TGL T4023 Unimog Rescue Vehicle With 3850 Pieces\" width=\"601\" height=\"1024\" title=\"-\" srcset=\"https:\/\/mouldking.store\/wp-content\/uploads\/2022\/11\/TGL-T4023-Unimog-Rescue-Vehicle-2.jpg 601w, https:\/\/mouldking.store\/wp-content\/uploads\/2022\/11\/TGL-T4023-Unimog-Rescue-Vehicle-2-176x300.jpg 176w, https:\/\/mouldking.store\/wp-content\/uploads\/2022\/11\/TGL-T4023-Unimog-Rescue-Vehicle-2-300x511.jpg 300w, https:\/\/mouldking.store\/wp-content\/uploads\/2022\/11\/TGL-T4023-Unimog-Rescue-Vehicle-2-600x1022.jpg 600w, https:\/\/mouldking.store\/wp-content\/uploads\/2022\/11\/TGL-T4023-Unimog-Rescue-Vehicle-2-88x150.jpg 88w, https:\/\/mouldking.store\/wp-content\/uploads\/2022\/11\/TGL-T4023-Unimog-Rescue-Vehicle-2-35x60.jpg 35w, https:\/\/mouldking.store\/wp-content\/uploads\/2022\/11\/TGL-T4023-Unimog-Rescue-Vehicle-2-53x90.jpg 53w\" sizes=\"(max-width: 601px) 100vw, 601px\" \/><figcaption id=\"caption-attachment-36709\" class=\"wp-caption-text\">Xe C\u1ee9u H\u1ed9 Unimog TGL T4023 G\u1ed3m 3850 C\u00e1i<\/figcaption><\/figure>\n<figure id=\"attachment_36710\" aria-describedby=\"caption-attachment-36710\" style=\"width: 610px\" class=\"wp-caption aligncenter\"><img loading=\"lazy\" decoding=\"async\" class=\"wp-image-36710 size-full\" src=\"https:\/\/mouldking.store\/wp-content\/uploads\/2022\/11\/TGL-T4023-Unimog-Rescue-Vehicle-1.jpg\" alt=\"TGL T4023 Unimog Rescue Vehicle With 3850 Pieces\" width=\"610\" height=\"1024\" title=\"-\" srcset=\"https:\/\/mouldking.store\/wp-content\/uploads\/2022\/11\/TGL-T4023-Unimog-Rescue-Vehicle-1.jpg 610w, https:\/\/mouldking.store\/wp-content\/uploads\/2022\/11\/TGL-T4023-Unimog-Rescue-Vehicle-1-179x300.jpg 179w, https:\/\/mouldking.store\/wp-content\/uploads\/2022\/11\/TGL-T4023-Unimog-Rescue-Vehicle-1-300x504.jpg 300w, https:\/\/mouldking.store\/wp-content\/uploads\/2022\/11\/TGL-T4023-Unimog-Rescue-Vehicle-1-600x1007.jpg 600w, https:\/\/mouldking.store\/wp-content\/uploads\/2022\/11\/TGL-T4023-Unimog-Rescue-Vehicle-1-89x150.jpg 89w, https:\/\/mouldking.store\/wp-content\/uploads\/2022\/11\/TGL-T4023-Unimog-Rescue-Vehicle-1-36x60.jpg 36w, https:\/\/mouldking.store\/wp-content\/uploads\/2022\/11\/TGL-T4023-Unimog-Rescue-Vehicle-1-54x90.jpg 54w\" sizes=\"(max-width: 610px) 100vw, 610px\" \/><figcaption id=\"caption-attachment-36710\" class=\"wp-caption-text\">Xe C\u1ee9u H\u1ed9 Unimog TGL T4023 G\u1ed3m 3850 C\u00e1i<\/figcaption><\/figure>","protected":false},"excerpt":{"rendered":"<p>Product information: Brand: TGL Gender: Unisex Name: Unimog Rescue Vehicle Age Range: &gt; 6 years old Model Number: T4023 Classification: Assemblage Plastic Block Shape: Self-Locking Bricks Material: Plastic Plastic Type: ABS Bricks Blocks:3850 PCS Size: 46.5 \u00d7 20.5 \u00d7 23.5 cm Contains detailed assembly instructions. Notice: 1. Without an original box, but we guarantee our [&hellip;]<\/p>","protected":false},"featured_media":36696,"comment_status":"closed","ping_status":"closed","template":"","meta":{"_acf_changed":false},"product_cat":[1357],"product_tag":[8493,8491,2739,8494,8496,8490,8492,8495,2803],"class_list":["product","first","instock","shipping-taxable","purchasable","product-type-variable"],"acf":[],"_links":{"self":[{"href":"https:\/\/mouldking.store\/vi\/wp-json\/wp\/v2\/product\/36695","targetHints":{"allow":["GET"]}}],"collection":[{"href":"https:\/\/mouldking.store\/vi\/wp-json\/wp\/v2\/product"}],"about":[{"href":"https:\/\/mouldking.store\/vi\/wp-json\/wp\/v2\/types\/product"}],"replies":[{"embeddable":true,"href":"https:\/\/mouldking.store\/vi\/wp-json\/wp\/v2\/comments?post=36695"}],"wp:featuredmedia":[{"embeddable":true,"href":"https:\/\/mouldking.store\/vi\/wp-json\/wp\/v2\/media\/36696"}],"wp:attachment":[{"href":"https:\/\/mouldking.store\/vi\/wp-json\/wp\/v2\/media?parent=36695"}],"wp:term":[{"taxonomy":"product_cat","embeddable":true,"href":"https:\/\/mouldking.store\/vi\/wp-json\/wp\/v2\/product_cat?post=36695"},{"taxonomy":"product_tag","embeddable":true,"href":"https:\/\/mouldking.store\/vi\/wp-json\/wp\/v2\/product_tag?post=36695"}],"curies":[{"name":"wp","href":"https:\/\/api.w.org\/{rel}","templated":true}]}}