{"id":36714,"date":"2022-11-28T14:07:17","date_gmt":"2022-11-28T07:07:17","guid":{"rendered":"https:\/\/mouldking.store\/?post_type=product&#038;p=36714"},"modified":"2022-11-28T14:07:17","modified_gmt":"2022-11-28T07:07:17","slug":"k-box-10513-semime-chanical-mk44-hukkrustar-with-4183-pieces","status":"publish","type":"product","link":"https:\/\/mouldking.store\/vi\/shop\/k-box-10513-semime-chanical-mk44-hukkrustar-with-4183-pieces\/","title":{"rendered":"K-BOX 10513 Semime Chanical MK44 Hukkrustar V\u1edbi 4183 M\u1ea3nh Gh\u00e9p"},"content":{"rendered":"<p>Th\u00f4ng tin s\u1ea3n ph\u1ea9m:<\/p>\n<ol>\n<li>Th\u01b0\u01a1ng hi\u1ec7u: K-BOX<\/li>\n<li>Gi\u1edbi t\u00ednh: Unisex<\/li>\n<li>T\u00ean: Semime Chanical MK44 Hukkrustar<\/li>\n<li>\u0110\u1ed9 tu\u1ed5i: &gt; 6 tu\u1ed5i<\/li>\n<li>S\u1ed1 m\u00f4 h\u00ecnh: 10513<\/li>\n<li>Ph\u00e2n lo\u1ea1i: T\u1eadp h\u1ee3p<\/li>\n<li>H\u00ecnh d\u1ea1ng kh\u1ed1i nh\u1ef1a: G\u1ea1ch t\u1ef1 kh\u00f3a<\/li>\n<li>Ch\u1ea5t li\u1ec7u: Nh\u1ef1a<\/li>\n<li>Lo\u1ea1i nh\u1ef1a: ABS<\/li>\n<li>Kh\u1ed1i g\u1ea1ch: 4183 C\u00c1I<\/li>\n<li>K\u00edch th\u01b0\u1edbc: 38 x 18 x 44 cm<\/li>\n<li>Ch\u1ee9a h\u01b0\u1edbng d\u1eabn l\u1eafp r\u00e1p chi ti\u1ebft.<\/li>\n<\/ol>\n<p>\u0110\u1ec3 \u00fd:<br \/>\n1. Kh\u00f4ng c\u00f3 h\u1ed9p ban \u0111\u1ea7u, nh\u01b0ng ch\u00fang t\u00f4i \u0111\u1ea3m b\u1ea3o s\u1ea3n ph\u1ea9m c\u1ee7a ch\u00fang t\u00f4i c\u00f3 ch\u1ea5t l\u01b0\u1ee3ng \u0111\u1ea3m b\u1ea3o v\u00e0 bao b\u00ec \u0111\u1eb9p.<br \/>\n2. V\u00ec t\u1ea5t c\u1ea3 c\u00e1c b\u1ed9 ph\u1eadn ch\u00fang t\u00f4i \u0111\u00e3 ki\u1ec3m tra tr\u01b0\u1edbc khi v\u1eadn chuy\u1ec3n, v\u00ec v\u1eady n\u1ebfu b\u1ea1n th\u1ea5y m\u1ed9t s\u1ed1 b\u1ed9 ph\u1eadn b\u1ecb thi\u1ebfu ho\u1eb7c h\u01b0 h\u1ecfng, \u0111\u1eebng lo l\u1eafng v\u00e0 ch\u1ec9 c\u1ea7n vui l\u00f2ng li\u00ean h\u1ec7 v\u1edbi ch\u00fang t\u00f4i v\u00e0 ch\u00fang t\u00f4i c\u00f3 th\u1ec3 g\u1eedi l\u1ea1i mi\u1ec5n ph\u00ed cho b\u1ea1n ngay l\u1eadp t\u1ee9c.<\/p>\n<figure id=\"attachment_36715\" aria-describedby=\"caption-attachment-36715\" style=\"width: 800px\" class=\"wp-caption aligncenter\"><img fetchpriority=\"high\" decoding=\"async\" class=\"wp-image-36715 size-full\" src=\"https:\/\/mouldking.store\/wp-content\/uploads\/2022\/11\/K-BOX-10513-Semime-Chanical-MK44-Hukkrustar-5.jpg\" alt=\"K-BOX 10513 Semime Chanical MK44 Hukkrustar With 4183 Pieces\" width=\"800\" height=\"800\" title=\"-\" srcset=\"https:\/\/mouldking.store\/wp-content\/uploads\/2022\/11\/K-BOX-10513-Semime-Chanical-MK44-Hukkrustar-5.jpg 800w, https:\/\/mouldking.store\/wp-content\/uploads\/2022\/11\/K-BOX-10513-Semime-Chanical-MK44-Hukkrustar-5-300x300.jpg 300w, https:\/\/mouldking.store\/wp-content\/uploads\/2022\/11\/K-BOX-10513-Semime-Chanical-MK44-Hukkrustar-5-768x768.jpg 768w, https:\/\/mouldking.store\/wp-content\/uploads\/2022\/11\/K-BOX-10513-Semime-Chanical-MK44-Hukkrustar-5-600x600.jpg 600w, https:\/\/mouldking.store\/wp-content\/uploads\/2022\/11\/K-BOX-10513-Semime-Chanical-MK44-Hukkrustar-5-150x150.jpg 150w, https:\/\/mouldking.store\/wp-content\/uploads\/2022\/11\/K-BOX-10513-Semime-Chanical-MK44-Hukkrustar-5-60x60.jpg 60w, https:\/\/mouldking.store\/wp-content\/uploads\/2022\/11\/K-BOX-10513-Semime-Chanical-MK44-Hukkrustar-5-90x90.jpg 90w\" sizes=\"(max-width: 800px) 100vw, 800px\" \/><figcaption id=\"caption-attachment-36715\" class=\"wp-caption-text\">K-BOX 10513 Semime Chanical MK44 Hukkrustar V\u1edbi 4183 M\u1ea3nh Gh\u00e9p<\/figcaption><\/figure>\n<figure id=\"attachment_36716\" aria-describedby=\"caption-attachment-36716\" style=\"width: 800px\" class=\"wp-caption aligncenter\"><img decoding=\"async\" class=\"wp-image-36716 size-full\" src=\"https:\/\/mouldking.store\/wp-content\/uploads\/2022\/11\/K-BOX-10513-Semime-Chanical-MK44-Hukkrustar-4.jpg\" alt=\"K-BOX 10513 Semime Chanical MK44 Hukkrustar With 4183 Pieces\" width=\"800\" height=\"800\" title=\"-\" srcset=\"https:\/\/mouldking.store\/wp-content\/uploads\/2022\/11\/K-BOX-10513-Semime-Chanical-MK44-Hukkrustar-4.jpg 800w, https:\/\/mouldking.store\/wp-content\/uploads\/2022\/11\/K-BOX-10513-Semime-Chanical-MK44-Hukkrustar-4-300x300.jpg 300w, https:\/\/mouldking.store\/wp-content\/uploads\/2022\/11\/K-BOX-10513-Semime-Chanical-MK44-Hukkrustar-4-768x768.jpg 768w, https:\/\/mouldking.store\/wp-content\/uploads\/2022\/11\/K-BOX-10513-Semime-Chanical-MK44-Hukkrustar-4-600x600.jpg 600w, https:\/\/mouldking.store\/wp-content\/uploads\/2022\/11\/K-BOX-10513-Semime-Chanical-MK44-Hukkrustar-4-150x150.jpg 150w, https:\/\/mouldking.store\/wp-content\/uploads\/2022\/11\/K-BOX-10513-Semime-Chanical-MK44-Hukkrustar-4-60x60.jpg 60w, https:\/\/mouldking.store\/wp-content\/uploads\/2022\/11\/K-BOX-10513-Semime-Chanical-MK44-Hukkrustar-4-90x90.jpg 90w\" sizes=\"(max-width: 800px) 100vw, 800px\" \/><figcaption id=\"caption-attachment-36716\" class=\"wp-caption-text\">K-BOX 10513 Semime Chanical MK44 Hukkrustar V\u1edbi 4183 M\u1ea3nh Gh\u00e9p<\/figcaption><\/figure>\n<figure id=\"attachment_36717\" aria-describedby=\"caption-attachment-36717\" style=\"width: 800px\" class=\"wp-caption aligncenter\"><img decoding=\"async\" class=\"wp-image-36717 size-full\" src=\"https:\/\/mouldking.store\/wp-content\/uploads\/2022\/11\/K-BOX-10513-Semime-Chanical-MK44-Hukkrustar-3.jpg\" alt=\"K-BOX 10513 Semime Chanical MK44 Hukkrustar With 4183 Pieces\" width=\"800\" height=\"800\" title=\"-\" srcset=\"https:\/\/mouldking.store\/wp-content\/uploads\/2022\/11\/K-BOX-10513-Semime-Chanical-MK44-Hukkrustar-3.jpg 800w, https:\/\/mouldking.store\/wp-content\/uploads\/2022\/11\/K-BOX-10513-Semime-Chanical-MK44-Hukkrustar-3-300x300.jpg 300w, https:\/\/mouldking.store\/wp-content\/uploads\/2022\/11\/K-BOX-10513-Semime-Chanical-MK44-Hukkrustar-3-768x768.jpg 768w, https:\/\/mouldking.store\/wp-content\/uploads\/2022\/11\/K-BOX-10513-Semime-Chanical-MK44-Hukkrustar-3-600x600.jpg 600w, https:\/\/mouldking.store\/wp-content\/uploads\/2022\/11\/K-BOX-10513-Semime-Chanical-MK44-Hukkrustar-3-150x150.jpg 150w, https:\/\/mouldking.store\/wp-content\/uploads\/2022\/11\/K-BOX-10513-Semime-Chanical-MK44-Hukkrustar-3-60x60.jpg 60w, https:\/\/mouldking.store\/wp-content\/uploads\/2022\/11\/K-BOX-10513-Semime-Chanical-MK44-Hukkrustar-3-90x90.jpg 90w\" sizes=\"(max-width: 800px) 100vw, 800px\" \/><figcaption id=\"caption-attachment-36717\" class=\"wp-caption-text\">K-BOX 10513 Semime Chanical MK44 Hukkrustar V\u1edbi 4183 M\u1ea3nh Gh\u00e9p<\/figcaption><\/figure>\n<figure id=\"attachment_36718\" aria-describedby=\"caption-attachment-36718\" style=\"width: 800px\" class=\"wp-caption aligncenter\"><img loading=\"lazy\" decoding=\"async\" class=\"wp-image-36718 size-full\" src=\"https:\/\/mouldking.store\/wp-content\/uploads\/2022\/11\/K-BOX-10513-Semime-Chanical-MK44-Hukkrustar-2.jpg\" alt=\"K-BOX 10513 Semime Chanical MK44 Hukkrustar With 4183 Pieces\" width=\"800\" height=\"800\" title=\"-\" srcset=\"https:\/\/mouldking.store\/wp-content\/uploads\/2022\/11\/K-BOX-10513-Semime-Chanical-MK44-Hukkrustar-2.jpg 800w, https:\/\/mouldking.store\/wp-content\/uploads\/2022\/11\/K-BOX-10513-Semime-Chanical-MK44-Hukkrustar-2-300x300.jpg 300w, https:\/\/mouldking.store\/wp-content\/uploads\/2022\/11\/K-BOX-10513-Semime-Chanical-MK44-Hukkrustar-2-768x768.jpg 768w, https:\/\/mouldking.store\/wp-content\/uploads\/2022\/11\/K-BOX-10513-Semime-Chanical-MK44-Hukkrustar-2-600x600.jpg 600w, https:\/\/mouldking.store\/wp-content\/uploads\/2022\/11\/K-BOX-10513-Semime-Chanical-MK44-Hukkrustar-2-150x150.jpg 150w, https:\/\/mouldking.store\/wp-content\/uploads\/2022\/11\/K-BOX-10513-Semime-Chanical-MK44-Hukkrustar-2-60x60.jpg 60w, https:\/\/mouldking.store\/wp-content\/uploads\/2022\/11\/K-BOX-10513-Semime-Chanical-MK44-Hukkrustar-2-90x90.jpg 90w\" sizes=\"(max-width: 800px) 100vw, 800px\" \/><figcaption id=\"caption-attachment-36718\" class=\"wp-caption-text\">K-BOX 10513 Semime Chanical MK44 Hukkrustar V\u1edbi 4183 M\u1ea3nh Gh\u00e9p<\/figcaption><\/figure>\n<figure id=\"attachment_36719\" aria-describedby=\"caption-attachment-36719\" style=\"width: 750px\" class=\"wp-caption aligncenter\"><img loading=\"lazy\" decoding=\"async\" class=\"wp-image-36719 size-full\" src=\"https:\/\/mouldking.store\/wp-content\/uploads\/2022\/11\/K-BOX-10513-Semime-Chanical-MK44-Hukkrustar-1.jpg\" alt=\"K-BOX 10513 Semime Chanical MK44 Hukkrustar With 4183 Pieces\" width=\"750\" height=\"1000\" title=\"-\" srcset=\"https:\/\/mouldking.store\/wp-content\/uploads\/2022\/11\/K-BOX-10513-Semime-Chanical-MK44-Hukkrustar-1.jpg 750w, https:\/\/mouldking.store\/wp-content\/uploads\/2022\/11\/K-BOX-10513-Semime-Chanical-MK44-Hukkrustar-1-225x300.jpg 225w, https:\/\/mouldking.store\/wp-content\/uploads\/2022\/11\/K-BOX-10513-Semime-Chanical-MK44-Hukkrustar-1-300x400.jpg 300w, https:\/\/mouldking.store\/wp-content\/uploads\/2022\/11\/K-BOX-10513-Semime-Chanical-MK44-Hukkrustar-1-600x800.jpg 600w, https:\/\/mouldking.store\/wp-content\/uploads\/2022\/11\/K-BOX-10513-Semime-Chanical-MK44-Hukkrustar-1-113x150.jpg 113w, https:\/\/mouldking.store\/wp-content\/uploads\/2022\/11\/K-BOX-10513-Semime-Chanical-MK44-Hukkrustar-1-45x60.jpg 45w, https:\/\/mouldking.store\/wp-content\/uploads\/2022\/11\/K-BOX-10513-Semime-Chanical-MK44-Hukkrustar-1-68x90.jpg 68w\" sizes=\"(max-width: 750px) 100vw, 750px\" \/><figcaption id=\"caption-attachment-36719\" class=\"wp-caption-text\">K-BOX 10513 Semime Chanical MK44 Hukkrustar V\u1edbi 4183 M\u1ea3nh Gh\u00e9p<\/figcaption><\/figure>","protected":false},"excerpt":{"rendered":"<p>Product information: Brand: K-BOX Gender: Unisex Name: Semime Chanical MK44 Hukkrustar Age Range: &gt; 6 years old Model Number: 10513 Classification: Assemblage Plastic Block Shape: Self-Locking Bricks Material: Plastic Plastic Type: ABS Bricks Blocks:4183PCS Size: 38 x 18 x 44 cm Contains detailed assembly instructions. Notice: 1. Without an original box, but we guarantee our [&hellip;]<\/p>","protected":false},"featured_media":36715,"comment_status":"closed","ping_status":"closed","template":"","meta":{"_acf_changed":false},"product_cat":[581],"product_tag":[8498,8500,8502,2969,8504,8505,8497,8501,8499,8503],"class_list":["product","first","instock","shipping-taxable","purchasable","product-type-simple"],"acf":[],"_links":{"self":[{"href":"https:\/\/mouldking.store\/vi\/wp-json\/wp\/v2\/product\/36714","targetHints":{"allow":["GET"]}}],"collection":[{"href":"https:\/\/mouldking.store\/vi\/wp-json\/wp\/v2\/product"}],"about":[{"href":"https:\/\/mouldking.store\/vi\/wp-json\/wp\/v2\/types\/product"}],"replies":[{"embeddable":true,"href":"https:\/\/mouldking.store\/vi\/wp-json\/wp\/v2\/comments?post=36714"}],"wp:featuredmedia":[{"embeddable":true,"href":"https:\/\/mouldking.store\/vi\/wp-json\/wp\/v2\/media\/36715"}],"wp:attachment":[{"href":"https:\/\/mouldking.store\/vi\/wp-json\/wp\/v2\/media?parent=36714"}],"wp:term":[{"taxonomy":"product_cat","embeddable":true,"href":"https:\/\/mouldking.store\/vi\/wp-json\/wp\/v2\/product_cat?post=36714"},{"taxonomy":"product_tag","embeddable":true,"href":"https:\/\/mouldking.store\/vi\/wp-json\/wp\/v2\/product_tag?post=36714"}],"curies":[{"name":"wp","href":"https:\/\/api.w.org\/{rel}","templated":true}]}}