{"id":36758,"date":"2022-11-28T15:17:47","date_gmt":"2022-11-28T08:17:47","guid":{"rendered":"https:\/\/mouldking.store\/?post_type=product&#038;p=36758"},"modified":"2022-11-28T15:17:47","modified_gmt":"2022-11-28T08:17:47","slug":"rihio-g5-05-galer","status":"publish","type":"product","link":"https:\/\/mouldking.store\/vi\/shop\/rihio-g5-05-galer\/","title":{"rendered":"RIHIO G5-05 GALER"},"content":{"rendered":"<p>Th\u00f4ng tin s\u1ea3n ph\u1ea9m:<\/p>\n<ol>\n<li>Th\u01b0\u01a1ng hi\u1ec7u: RIHIO<\/li>\n<li>Gi\u1edbi t\u00ednh: Unisex<\/li>\n<li>T\u00ean: GALER<\/li>\n<li>\u0110\u1ed9 tu\u1ed5i: &gt; 12 tu\u1ed5i<\/li>\n<li>S\u1ed1 m\u00f4 h\u00ecnh: G5-05<\/li>\n<li>Ph\u00e2n lo\u1ea1i: T\u1eadp h\u1ee3p<\/li>\n<li>H\u00ecnh d\u1ea1ng kh\u1ed1i nh\u1ef1a: G\u1ea1ch t\u1ef1 kh\u00f3a<\/li>\n<li>Ch\u1ea5t li\u1ec7u: Nh\u1ef1a<\/li>\n<li>Lo\u1ea1i nh\u1ef1a: ABS<\/li>\n<li>K\u00edch th\u01b0\u1edbc: 5x10 cm<\/li>\n<li>Ch\u1ee9a h\u01b0\u1edbng d\u1eabn l\u1eafp r\u00e1p chi ti\u1ebft.<\/li>\n<\/ol>\n<p>\u0110\u1ec3 \u00fd:<br \/>\n1. Kh\u00f4ng c\u00f3 h\u1ed9p ban \u0111\u1ea7u, nh\u01b0ng ch\u00fang t\u00f4i \u0111\u1ea3m b\u1ea3o s\u1ea3n ph\u1ea9m c\u1ee7a ch\u00fang t\u00f4i c\u00f3 ch\u1ea5t l\u01b0\u1ee3ng \u0111\u1ea3m b\u1ea3o v\u00e0 bao b\u00ec \u0111\u1eb9p.<br \/>\n2. V\u00ec t\u1ea5t c\u1ea3 c\u00e1c b\u1ed9 ph\u1eadn ch\u00fang t\u00f4i \u0111\u00e3 ki\u1ec3m tra tr\u01b0\u1edbc khi v\u1eadn chuy\u1ec3n, v\u00ec v\u1eady n\u1ebfu b\u1ea1n th\u1ea5y m\u1ed9t s\u1ed1 b\u1ed9 ph\u1eadn b\u1ecb thi\u1ebfu ho\u1eb7c h\u01b0 h\u1ecfng, \u0111\u1eebng lo l\u1eafng v\u00e0 ch\u1ec9 c\u1ea7n vui l\u00f2ng li\u00ean h\u1ec7 v\u1edbi ch\u00fang t\u00f4i v\u00e0 ch\u00fang t\u00f4i c\u00f3 th\u1ec3 g\u1eedi l\u1ea1i mi\u1ec5n ph\u00ed cho b\u1ea1n ngay l\u1eadp t\u1ee9c.<\/p>\n<figure id=\"attachment_36759\" aria-describedby=\"caption-attachment-36759\" style=\"width: 800px\" class=\"wp-caption aligncenter\"><img fetchpriority=\"high\" decoding=\"async\" class=\"wp-image-36759 size-full\" src=\"https:\/\/mouldking.store\/wp-content\/uploads\/2022\/11\/RIHIO-G5-05-GALER-10.jpg\" alt=\"RIHIO G5-05 GALER \" width=\"800\" height=\"800\" title=\"-\" srcset=\"https:\/\/mouldking.store\/wp-content\/uploads\/2022\/11\/RIHIO-G5-05-GALER-10.jpg 800w, https:\/\/mouldking.store\/wp-content\/uploads\/2022\/11\/RIHIO-G5-05-GALER-10-300x300.jpg 300w, https:\/\/mouldking.store\/wp-content\/uploads\/2022\/11\/RIHIO-G5-05-GALER-10-768x768.jpg 768w, https:\/\/mouldking.store\/wp-content\/uploads\/2022\/11\/RIHIO-G5-05-GALER-10-600x600.jpg 600w, https:\/\/mouldking.store\/wp-content\/uploads\/2022\/11\/RIHIO-G5-05-GALER-10-150x150.jpg 150w, https:\/\/mouldking.store\/wp-content\/uploads\/2022\/11\/RIHIO-G5-05-GALER-10-60x60.jpg 60w, https:\/\/mouldking.store\/wp-content\/uploads\/2022\/11\/RIHIO-G5-05-GALER-10-90x90.jpg 90w\" sizes=\"(max-width: 800px) 100vw, 800px\" \/><figcaption id=\"caption-attachment-36759\" class=\"wp-caption-text\">RIHIO G5-05 GALER<\/figcaption><\/figure>\n<figure id=\"attachment_36760\" aria-describedby=\"caption-attachment-36760\" style=\"width: 800px\" class=\"wp-caption aligncenter\"><img decoding=\"async\" class=\"wp-image-36760 size-full\" src=\"https:\/\/mouldking.store\/wp-content\/uploads\/2022\/11\/RIHIO-G5-05-GALER-9.jpg\" alt=\"RIHIO G5-05 GALER \" width=\"800\" height=\"800\" title=\"-\" srcset=\"https:\/\/mouldking.store\/wp-content\/uploads\/2022\/11\/RIHIO-G5-05-GALER-9.jpg 800w, https:\/\/mouldking.store\/wp-content\/uploads\/2022\/11\/RIHIO-G5-05-GALER-9-300x300.jpg 300w, https:\/\/mouldking.store\/wp-content\/uploads\/2022\/11\/RIHIO-G5-05-GALER-9-768x768.jpg 768w, https:\/\/mouldking.store\/wp-content\/uploads\/2022\/11\/RIHIO-G5-05-GALER-9-600x600.jpg 600w, https:\/\/mouldking.store\/wp-content\/uploads\/2022\/11\/RIHIO-G5-05-GALER-9-150x150.jpg 150w, https:\/\/mouldking.store\/wp-content\/uploads\/2022\/11\/RIHIO-G5-05-GALER-9-60x60.jpg 60w, https:\/\/mouldking.store\/wp-content\/uploads\/2022\/11\/RIHIO-G5-05-GALER-9-90x90.jpg 90w\" sizes=\"(max-width: 800px) 100vw, 800px\" \/><figcaption id=\"caption-attachment-36760\" class=\"wp-caption-text\">RIHIO G5-05 GALER<\/figcaption><\/figure>\n<figure id=\"attachment_36761\" aria-describedby=\"caption-attachment-36761\" style=\"width: 800px\" class=\"wp-caption aligncenter\"><img decoding=\"async\" class=\"wp-image-36761 size-full\" src=\"https:\/\/mouldking.store\/wp-content\/uploads\/2022\/11\/RIHIO-G5-05-GALER-8.jpg\" alt=\"RIHIO G5-05 GALER \" width=\"800\" height=\"800\" title=\"-\" srcset=\"https:\/\/mouldking.store\/wp-content\/uploads\/2022\/11\/RIHIO-G5-05-GALER-8.jpg 800w, https:\/\/mouldking.store\/wp-content\/uploads\/2022\/11\/RIHIO-G5-05-GALER-8-300x300.jpg 300w, https:\/\/mouldking.store\/wp-content\/uploads\/2022\/11\/RIHIO-G5-05-GALER-8-768x768.jpg 768w, https:\/\/mouldking.store\/wp-content\/uploads\/2022\/11\/RIHIO-G5-05-GALER-8-600x600.jpg 600w, https:\/\/mouldking.store\/wp-content\/uploads\/2022\/11\/RIHIO-G5-05-GALER-8-150x150.jpg 150w, https:\/\/mouldking.store\/wp-content\/uploads\/2022\/11\/RIHIO-G5-05-GALER-8-60x60.jpg 60w, https:\/\/mouldking.store\/wp-content\/uploads\/2022\/11\/RIHIO-G5-05-GALER-8-90x90.jpg 90w\" sizes=\"(max-width: 800px) 100vw, 800px\" \/><figcaption id=\"caption-attachment-36761\" class=\"wp-caption-text\">RIHIO G5-05 GALER<\/figcaption><\/figure>\n<figure id=\"attachment_36762\" aria-describedby=\"caption-attachment-36762\" style=\"width: 800px\" class=\"wp-caption aligncenter\"><img loading=\"lazy\" decoding=\"async\" class=\"wp-image-36762 size-full\" src=\"https:\/\/mouldking.store\/wp-content\/uploads\/2022\/11\/RIHIO-G5-05-GALER-7.jpg\" alt=\"RIHIO G5-05 GALER \" width=\"800\" height=\"800\" title=\"-\" srcset=\"https:\/\/mouldking.store\/wp-content\/uploads\/2022\/11\/RIHIO-G5-05-GALER-7.jpg 800w, https:\/\/mouldking.store\/wp-content\/uploads\/2022\/11\/RIHIO-G5-05-GALER-7-300x300.jpg 300w, https:\/\/mouldking.store\/wp-content\/uploads\/2022\/11\/RIHIO-G5-05-GALER-7-768x768.jpg 768w, https:\/\/mouldking.store\/wp-content\/uploads\/2022\/11\/RIHIO-G5-05-GALER-7-600x600.jpg 600w, https:\/\/mouldking.store\/wp-content\/uploads\/2022\/11\/RIHIO-G5-05-GALER-7-150x150.jpg 150w, https:\/\/mouldking.store\/wp-content\/uploads\/2022\/11\/RIHIO-G5-05-GALER-7-60x60.jpg 60w, https:\/\/mouldking.store\/wp-content\/uploads\/2022\/11\/RIHIO-G5-05-GALER-7-90x90.jpg 90w\" sizes=\"(max-width: 800px) 100vw, 800px\" \/><figcaption id=\"caption-attachment-36762\" class=\"wp-caption-text\">RIHIO G5-05 GALER<\/figcaption><\/figure>\n<figure id=\"attachment_36763\" aria-describedby=\"caption-attachment-36763\" style=\"width: 800px\" class=\"wp-caption aligncenter\"><img loading=\"lazy\" decoding=\"async\" class=\"wp-image-36763 size-full\" src=\"https:\/\/mouldking.store\/wp-content\/uploads\/2022\/11\/RIHIO-G5-05-GALER-6.jpg\" alt=\"RIHIO G5-05 GALER \" width=\"800\" height=\"800\" title=\"-\" srcset=\"https:\/\/mouldking.store\/wp-content\/uploads\/2022\/11\/RIHIO-G5-05-GALER-6.jpg 800w, https:\/\/mouldking.store\/wp-content\/uploads\/2022\/11\/RIHIO-G5-05-GALER-6-300x300.jpg 300w, https:\/\/mouldking.store\/wp-content\/uploads\/2022\/11\/RIHIO-G5-05-GALER-6-768x768.jpg 768w, https:\/\/mouldking.store\/wp-content\/uploads\/2022\/11\/RIHIO-G5-05-GALER-6-600x600.jpg 600w, https:\/\/mouldking.store\/wp-content\/uploads\/2022\/11\/RIHIO-G5-05-GALER-6-150x150.jpg 150w, https:\/\/mouldking.store\/wp-content\/uploads\/2022\/11\/RIHIO-G5-05-GALER-6-60x60.jpg 60w, https:\/\/mouldking.store\/wp-content\/uploads\/2022\/11\/RIHIO-G5-05-GALER-6-90x90.jpg 90w\" sizes=\"(max-width: 800px) 100vw, 800px\" \/><figcaption id=\"caption-attachment-36763\" class=\"wp-caption-text\">RIHIO G5-05 GALER<\/figcaption><\/figure>\n<figure id=\"attachment_36764\" aria-describedby=\"caption-attachment-36764\" style=\"width: 799px\" class=\"wp-caption aligncenter\"><img loading=\"lazy\" decoding=\"async\" class=\"wp-image-36764 size-full\" src=\"https:\/\/mouldking.store\/wp-content\/uploads\/2022\/11\/RIHIO-G5-05-GALER-5.jpg\" alt=\"RIHIO G5-05 GALER \" width=\"799\" height=\"1024\" title=\"-\" srcset=\"https:\/\/mouldking.store\/wp-content\/uploads\/2022\/11\/RIHIO-G5-05-GALER-5.jpg 799w, https:\/\/mouldking.store\/wp-content\/uploads\/2022\/11\/RIHIO-G5-05-GALER-5-234x300.jpg 234w, https:\/\/mouldking.store\/wp-content\/uploads\/2022\/11\/RIHIO-G5-05-GALER-5-768x984.jpg 768w, https:\/\/mouldking.store\/wp-content\/uploads\/2022\/11\/RIHIO-G5-05-GALER-5-300x384.jpg 300w, https:\/\/mouldking.store\/wp-content\/uploads\/2022\/11\/RIHIO-G5-05-GALER-5-600x769.jpg 600w, https:\/\/mouldking.store\/wp-content\/uploads\/2022\/11\/RIHIO-G5-05-GALER-5-117x150.jpg 117w, https:\/\/mouldking.store\/wp-content\/uploads\/2022\/11\/RIHIO-G5-05-GALER-5-47x60.jpg 47w, https:\/\/mouldking.store\/wp-content\/uploads\/2022\/11\/RIHIO-G5-05-GALER-5-70x90.jpg 70w\" sizes=\"(max-width: 799px) 100vw, 799px\" \/><figcaption id=\"caption-attachment-36764\" class=\"wp-caption-text\">RIHIO G5-05 GALER<\/figcaption><\/figure>\n<figure id=\"attachment_36765\" aria-describedby=\"caption-attachment-36765\" style=\"width: 1024px\" class=\"wp-caption aligncenter\"><img loading=\"lazy\" decoding=\"async\" class=\"wp-image-36765 size-full\" src=\"https:\/\/mouldking.store\/wp-content\/uploads\/2022\/11\/RIHIO-G5-05-GALER-4.jpg\" alt=\"RIHIO G5-05 GALER \" width=\"1024\" height=\"956\" title=\"-\" srcset=\"https:\/\/mouldking.store\/wp-content\/uploads\/2022\/11\/RIHIO-G5-05-GALER-4.jpg 1024w, https:\/\/mouldking.store\/wp-content\/uploads\/2022\/11\/RIHIO-G5-05-GALER-4-300x280.jpg 300w, https:\/\/mouldking.store\/wp-content\/uploads\/2022\/11\/RIHIO-G5-05-GALER-4-768x717.jpg 768w, https:\/\/mouldking.store\/wp-content\/uploads\/2022\/11\/RIHIO-G5-05-GALER-4-600x560.jpg 600w, https:\/\/mouldking.store\/wp-content\/uploads\/2022\/11\/RIHIO-G5-05-GALER-4-150x140.jpg 150w, https:\/\/mouldking.store\/wp-content\/uploads\/2022\/11\/RIHIO-G5-05-GALER-4-64x60.jpg 64w, https:\/\/mouldking.store\/wp-content\/uploads\/2022\/11\/RIHIO-G5-05-GALER-4-96x90.jpg 96w\" sizes=\"(max-width: 1024px) 100vw, 1024px\" \/><figcaption id=\"caption-attachment-36765\" class=\"wp-caption-text\">RIHIO G5-05 GALER<\/figcaption><\/figure>\n<figure id=\"attachment_36766\" aria-describedby=\"caption-attachment-36766\" style=\"width: 928px\" class=\"wp-caption aligncenter\"><img loading=\"lazy\" decoding=\"async\" class=\"wp-image-36766 size-full\" src=\"https:\/\/mouldking.store\/wp-content\/uploads\/2022\/11\/RIHIO-G5-05-GALER-3.jpg\" alt=\"RIHIO G5-05 GALER \" width=\"928\" height=\"1024\" title=\"-\" srcset=\"https:\/\/mouldking.store\/wp-content\/uploads\/2022\/11\/RIHIO-G5-05-GALER-3.jpg 928w, https:\/\/mouldking.store\/wp-content\/uploads\/2022\/11\/RIHIO-G5-05-GALER-3-272x300.jpg 272w, https:\/\/mouldking.store\/wp-content\/uploads\/2022\/11\/RIHIO-G5-05-GALER-3-768x847.jpg 768w, https:\/\/mouldking.store\/wp-content\/uploads\/2022\/11\/RIHIO-G5-05-GALER-3-300x331.jpg 300w, https:\/\/mouldking.store\/wp-content\/uploads\/2022\/11\/RIHIO-G5-05-GALER-3-600x662.jpg 600w, https:\/\/mouldking.store\/wp-content\/uploads\/2022\/11\/RIHIO-G5-05-GALER-3-136x150.jpg 136w, https:\/\/mouldking.store\/wp-content\/uploads\/2022\/11\/RIHIO-G5-05-GALER-3-54x60.jpg 54w, https:\/\/mouldking.store\/wp-content\/uploads\/2022\/11\/RIHIO-G5-05-GALER-3-82x90.jpg 82w\" sizes=\"(max-width: 928px) 100vw, 928px\" \/><figcaption id=\"caption-attachment-36766\" class=\"wp-caption-text\">RIHIO G5-05 GALER<\/figcaption><\/figure>\n<figure id=\"attachment_36767\" aria-describedby=\"caption-attachment-36767\" style=\"width: 1024px\" class=\"wp-caption aligncenter\"><img loading=\"lazy\" decoding=\"async\" class=\"wp-image-36767 size-full\" src=\"https:\/\/mouldking.store\/wp-content\/uploads\/2022\/11\/RIHIO-G5-05-GALER-2.jpg\" alt=\"RIHIO G5-05 GALER \" width=\"1024\" height=\"894\" title=\"-\" srcset=\"https:\/\/mouldking.store\/wp-content\/uploads\/2022\/11\/RIHIO-G5-05-GALER-2.jpg 1024w, https:\/\/mouldking.store\/wp-content\/uploads\/2022\/11\/RIHIO-G5-05-GALER-2-300x262.jpg 300w, https:\/\/mouldking.store\/wp-content\/uploads\/2022\/11\/RIHIO-G5-05-GALER-2-768x671.jpg 768w, https:\/\/mouldking.store\/wp-content\/uploads\/2022\/11\/RIHIO-G5-05-GALER-2-600x524.jpg 600w, https:\/\/mouldking.store\/wp-content\/uploads\/2022\/11\/RIHIO-G5-05-GALER-2-150x131.jpg 150w, https:\/\/mouldking.store\/wp-content\/uploads\/2022\/11\/RIHIO-G5-05-GALER-2-69x60.jpg 69w, https:\/\/mouldking.store\/wp-content\/uploads\/2022\/11\/RIHIO-G5-05-GALER-2-103x90.jpg 103w\" sizes=\"(max-width: 1024px) 100vw, 1024px\" \/><figcaption id=\"caption-attachment-36767\" class=\"wp-caption-text\">RIHIO G5-05 GALER<\/figcaption><\/figure>\n<figure id=\"attachment_36768\" aria-describedby=\"caption-attachment-36768\" style=\"width: 861px\" class=\"wp-caption aligncenter\"><img loading=\"lazy\" decoding=\"async\" class=\"wp-image-36768 size-full\" src=\"https:\/\/mouldking.store\/wp-content\/uploads\/2022\/11\/RIHIO-G5-05-GALER-1.jpg\" alt=\"RIHIO G5-05 GALER \" width=\"861\" height=\"1024\" title=\"-\" srcset=\"https:\/\/mouldking.store\/wp-content\/uploads\/2022\/11\/RIHIO-G5-05-GALER-1.jpg 861w, https:\/\/mouldking.store\/wp-content\/uploads\/2022\/11\/RIHIO-G5-05-GALER-1-252x300.jpg 252w, https:\/\/mouldking.store\/wp-content\/uploads\/2022\/11\/RIHIO-G5-05-GALER-1-768x913.jpg 768w, https:\/\/mouldking.store\/wp-content\/uploads\/2022\/11\/RIHIO-G5-05-GALER-1-300x357.jpg 300w, https:\/\/mouldking.store\/wp-content\/uploads\/2022\/11\/RIHIO-G5-05-GALER-1-600x714.jpg 600w, https:\/\/mouldking.store\/wp-content\/uploads\/2022\/11\/RIHIO-G5-05-GALER-1-126x150.jpg 126w, https:\/\/mouldking.store\/wp-content\/uploads\/2022\/11\/RIHIO-G5-05-GALER-1-50x60.jpg 50w, https:\/\/mouldking.store\/wp-content\/uploads\/2022\/11\/RIHIO-G5-05-GALER-1-76x90.jpg 76w\" sizes=\"(max-width: 861px) 100vw, 861px\" \/><figcaption id=\"caption-attachment-36768\" class=\"wp-caption-text\">RIHIO G5-05 GALER<\/figcaption><\/figure>","protected":false},"excerpt":{"rendered":"<p>Product information: Brand: RIHIO Gender: Unisex Name: GALER Age Range: &gt; 12 years old Model Number: G5-05 Classification: Assemblage Plastic Block Shape: Self-Locking Bricks Material: Plastic Plastic Type: ABS Size: \u00a05 x 10 cm Contains detailed assembly instructions. Notice: 1. Without an original box, but we guarantee our products have quality assurance and nice packaging. [&hellip;]<\/p>","protected":false},"featured_media":36759,"comment_status":"closed","ping_status":"closed","template":"","meta":{"_acf_changed":false},"product_cat":[1365],"product_tag":[8535,8536,8373,8537,8534],"class_list":["product","first","instock","shipping-taxable","purchasable","product-type-simple"],"acf":[],"_links":{"self":[{"href":"https:\/\/mouldking.store\/vi\/wp-json\/wp\/v2\/product\/36758","targetHints":{"allow":["GET"]}}],"collection":[{"href":"https:\/\/mouldking.store\/vi\/wp-json\/wp\/v2\/product"}],"about":[{"href":"https:\/\/mouldking.store\/vi\/wp-json\/wp\/v2\/types\/product"}],"replies":[{"embeddable":true,"href":"https:\/\/mouldking.store\/vi\/wp-json\/wp\/v2\/comments?post=36758"}],"wp:featuredmedia":[{"embeddable":true,"href":"https:\/\/mouldking.store\/vi\/wp-json\/wp\/v2\/media\/36759"}],"wp:attachment":[{"href":"https:\/\/mouldking.store\/vi\/wp-json\/wp\/v2\/media?parent=36758"}],"wp:term":[{"taxonomy":"product_cat","embeddable":true,"href":"https:\/\/mouldking.store\/vi\/wp-json\/wp\/v2\/product_cat?post=36758"},{"taxonomy":"product_tag","embeddable":true,"href":"https:\/\/mouldking.store\/vi\/wp-json\/wp\/v2\/product_tag?post=36758"}],"curies":[{"name":"wp","href":"https:\/\/api.w.org\/{rel}","templated":true}]}}