{"id":36769,"date":"2022-11-28T15:29:14","date_gmt":"2022-11-28T08:29:14","guid":{"rendered":"https:\/\/mouldking.store\/?post_type=product&#038;p=36769"},"modified":"2022-11-28T15:29:14","modified_gmt":"2022-11-28T08:29:14","slug":"rihio-g5-04-two-shots","status":"publish","type":"product","link":"https:\/\/mouldking.store\/vi\/shop\/rihio-g5-04-two-shots\/","title":{"rendered":"RIHIO G5-04 HAI B\u00daP B\u00ca"},"content":{"rendered":"<p>Th\u00f4ng tin s\u1ea3n ph\u1ea9m:<\/p>\n<ol>\n<li>Th\u01b0\u01a1ng hi\u1ec7u: RIHIO<\/li>\n<li>Gi\u1edbi t\u00ednh: Unisex<\/li>\n<li>T\u00ean: HAI B\u00daP B\u00ca<\/li>\n<li>\u0110\u1ed9 tu\u1ed5i: &gt; 12 tu\u1ed5i<\/li>\n<li>S\u1ed1 m\u00f4 h\u00ecnh: G5-04<\/li>\n<li>Ph\u00e2n lo\u1ea1i: T\u1eadp h\u1ee3p<\/li>\n<li>H\u00ecnh d\u1ea1ng kh\u1ed1i nh\u1ef1a: G\u1ea1ch t\u1ef1 kh\u00f3a<\/li>\n<li>Ch\u1ea5t li\u1ec7u: Nh\u1ef1a<\/li>\n<li>Lo\u1ea1i nh\u1ef1a: ABS<\/li>\n<li>K\u00edch th\u01b0\u1edbc: 8x11cm<\/li>\n<li>Ch\u1ee9a h\u01b0\u1edbng d\u1eabn l\u1eafp r\u00e1p chi ti\u1ebft.<\/li>\n<\/ol>\n<p>\u0110\u1ec3 \u00fd:<br \/>\n1. Kh\u00f4ng c\u00f3 h\u1ed9p ban \u0111\u1ea7u, nh\u01b0ng ch\u00fang t\u00f4i \u0111\u1ea3m b\u1ea3o s\u1ea3n ph\u1ea9m c\u1ee7a ch\u00fang t\u00f4i c\u00f3 ch\u1ea5t l\u01b0\u1ee3ng \u0111\u1ea3m b\u1ea3o v\u00e0 bao b\u00ec \u0111\u1eb9p.<br \/>\n2. V\u00ec t\u1ea5t c\u1ea3 c\u00e1c b\u1ed9 ph\u1eadn ch\u00fang t\u00f4i \u0111\u00e3 ki\u1ec3m tra tr\u01b0\u1edbc khi v\u1eadn chuy\u1ec3n, v\u00ec v\u1eady n\u1ebfu b\u1ea1n th\u1ea5y m\u1ed9t s\u1ed1 b\u1ed9 ph\u1eadn b\u1ecb thi\u1ebfu ho\u1eb7c h\u01b0 h\u1ecfng, \u0111\u1eebng lo l\u1eafng v\u00e0 ch\u1ec9 c\u1ea7n vui l\u00f2ng li\u00ean h\u1ec7 v\u1edbi ch\u00fang t\u00f4i v\u00e0 ch\u00fang t\u00f4i c\u00f3 th\u1ec3 g\u1eedi l\u1ea1i mi\u1ec5n ph\u00ed cho b\u1ea1n ngay l\u1eadp t\u1ee9c.<\/p>\n<figure id=\"attachment_36770\" aria-describedby=\"caption-attachment-36770\" style=\"width: 800px\" class=\"wp-caption aligncenter\"><img fetchpriority=\"high\" decoding=\"async\" class=\"wp-image-36770 size-full\" src=\"https:\/\/mouldking.store\/wp-content\/uploads\/2022\/11\/RIHIO-G5-04-TWO-SHOTS-9.jpg\" alt=\"RIHIO G5-04 TWO SHOTS\" width=\"800\" height=\"800\" title=\"-\" srcset=\"https:\/\/mouldking.store\/wp-content\/uploads\/2022\/11\/RIHIO-G5-04-TWO-SHOTS-9.jpg 800w, https:\/\/mouldking.store\/wp-content\/uploads\/2022\/11\/RIHIO-G5-04-TWO-SHOTS-9-300x300.jpg 300w, https:\/\/mouldking.store\/wp-content\/uploads\/2022\/11\/RIHIO-G5-04-TWO-SHOTS-9-768x768.jpg 768w, https:\/\/mouldking.store\/wp-content\/uploads\/2022\/11\/RIHIO-G5-04-TWO-SHOTS-9-600x600.jpg 600w, https:\/\/mouldking.store\/wp-content\/uploads\/2022\/11\/RIHIO-G5-04-TWO-SHOTS-9-150x150.jpg 150w, https:\/\/mouldking.store\/wp-content\/uploads\/2022\/11\/RIHIO-G5-04-TWO-SHOTS-9-60x60.jpg 60w, https:\/\/mouldking.store\/wp-content\/uploads\/2022\/11\/RIHIO-G5-04-TWO-SHOTS-9-90x90.jpg 90w\" sizes=\"(max-width: 800px) 100vw, 800px\" \/><figcaption id=\"caption-attachment-36770\" class=\"wp-caption-text\">RIHIO G5-04 HAI B\u00daP B\u00ca<\/figcaption><\/figure>\n<figure id=\"attachment_36771\" aria-describedby=\"caption-attachment-36771\" style=\"width: 800px\" class=\"wp-caption aligncenter\"><img decoding=\"async\" class=\"wp-image-36771 size-full\" src=\"https:\/\/mouldking.store\/wp-content\/uploads\/2022\/11\/RIHIO-G5-04-TWO-SHOTS-8.jpg\" alt=\"RIHIO G5-04 TWO SHOTS\" width=\"800\" height=\"800\" title=\"-\" srcset=\"https:\/\/mouldking.store\/wp-content\/uploads\/2022\/11\/RIHIO-G5-04-TWO-SHOTS-8.jpg 800w, https:\/\/mouldking.store\/wp-content\/uploads\/2022\/11\/RIHIO-G5-04-TWO-SHOTS-8-300x300.jpg 300w, https:\/\/mouldking.store\/wp-content\/uploads\/2022\/11\/RIHIO-G5-04-TWO-SHOTS-8-768x768.jpg 768w, https:\/\/mouldking.store\/wp-content\/uploads\/2022\/11\/RIHIO-G5-04-TWO-SHOTS-8-600x600.jpg 600w, https:\/\/mouldking.store\/wp-content\/uploads\/2022\/11\/RIHIO-G5-04-TWO-SHOTS-8-150x150.jpg 150w, https:\/\/mouldking.store\/wp-content\/uploads\/2022\/11\/RIHIO-G5-04-TWO-SHOTS-8-60x60.jpg 60w, https:\/\/mouldking.store\/wp-content\/uploads\/2022\/11\/RIHIO-G5-04-TWO-SHOTS-8-90x90.jpg 90w\" sizes=\"(max-width: 800px) 100vw, 800px\" \/><figcaption id=\"caption-attachment-36771\" class=\"wp-caption-text\">RIHIO G5-04 HAI B\u00daP B\u00ca<\/figcaption><\/figure>\n<figure id=\"attachment_36772\" aria-describedby=\"caption-attachment-36772\" style=\"width: 800px\" class=\"wp-caption aligncenter\"><img decoding=\"async\" class=\"wp-image-36772 size-full\" src=\"https:\/\/mouldking.store\/wp-content\/uploads\/2022\/11\/RIHIO-G5-04-TWO-SHOTS-7.jpg\" alt=\"RIHIO G5-04 TWO SHOTS\" width=\"800\" height=\"800\" title=\"-\" srcset=\"https:\/\/mouldking.store\/wp-content\/uploads\/2022\/11\/RIHIO-G5-04-TWO-SHOTS-7.jpg 800w, https:\/\/mouldking.store\/wp-content\/uploads\/2022\/11\/RIHIO-G5-04-TWO-SHOTS-7-300x300.jpg 300w, https:\/\/mouldking.store\/wp-content\/uploads\/2022\/11\/RIHIO-G5-04-TWO-SHOTS-7-768x768.jpg 768w, https:\/\/mouldking.store\/wp-content\/uploads\/2022\/11\/RIHIO-G5-04-TWO-SHOTS-7-600x600.jpg 600w, https:\/\/mouldking.store\/wp-content\/uploads\/2022\/11\/RIHIO-G5-04-TWO-SHOTS-7-150x150.jpg 150w, https:\/\/mouldking.store\/wp-content\/uploads\/2022\/11\/RIHIO-G5-04-TWO-SHOTS-7-60x60.jpg 60w, https:\/\/mouldking.store\/wp-content\/uploads\/2022\/11\/RIHIO-G5-04-TWO-SHOTS-7-90x90.jpg 90w\" sizes=\"(max-width: 800px) 100vw, 800px\" \/><figcaption id=\"caption-attachment-36772\" class=\"wp-caption-text\">RIHIO G5-04 HAI B\u00daP B\u00ca<\/figcaption><\/figure>\n<figure id=\"attachment_36773\" aria-describedby=\"caption-attachment-36773\" style=\"width: 800px\" class=\"wp-caption aligncenter\"><img loading=\"lazy\" decoding=\"async\" class=\"wp-image-36773 size-full\" src=\"https:\/\/mouldking.store\/wp-content\/uploads\/2022\/11\/RIHIO-G5-04-TWO-SHOTS-6.jpg\" alt=\"RIHIO G5-04 TWO SHOTS\" width=\"800\" height=\"800\" title=\"-\" srcset=\"https:\/\/mouldking.store\/wp-content\/uploads\/2022\/11\/RIHIO-G5-04-TWO-SHOTS-6.jpg 800w, https:\/\/mouldking.store\/wp-content\/uploads\/2022\/11\/RIHIO-G5-04-TWO-SHOTS-6-300x300.jpg 300w, https:\/\/mouldking.store\/wp-content\/uploads\/2022\/11\/RIHIO-G5-04-TWO-SHOTS-6-768x768.jpg 768w, https:\/\/mouldking.store\/wp-content\/uploads\/2022\/11\/RIHIO-G5-04-TWO-SHOTS-6-600x600.jpg 600w, https:\/\/mouldking.store\/wp-content\/uploads\/2022\/11\/RIHIO-G5-04-TWO-SHOTS-6-150x150.jpg 150w, https:\/\/mouldking.store\/wp-content\/uploads\/2022\/11\/RIHIO-G5-04-TWO-SHOTS-6-60x60.jpg 60w, https:\/\/mouldking.store\/wp-content\/uploads\/2022\/11\/RIHIO-G5-04-TWO-SHOTS-6-90x90.jpg 90w\" sizes=\"(max-width: 800px) 100vw, 800px\" \/><figcaption id=\"caption-attachment-36773\" class=\"wp-caption-text\">RIHIO G5-04 HAI B\u00daP B\u00ca<\/figcaption><\/figure>\n<figure id=\"attachment_36774\" aria-describedby=\"caption-attachment-36774\" style=\"width: 800px\" class=\"wp-caption aligncenter\"><img loading=\"lazy\" decoding=\"async\" class=\"wp-image-36774 size-full\" src=\"https:\/\/mouldking.store\/wp-content\/uploads\/2022\/11\/RIHIO-G5-04-TWO-SHOTS-5.jpg\" alt=\"RIHIO G5-04 TWO SHOTS\" width=\"800\" height=\"800\" title=\"-\" srcset=\"https:\/\/mouldking.store\/wp-content\/uploads\/2022\/11\/RIHIO-G5-04-TWO-SHOTS-5.jpg 800w, https:\/\/mouldking.store\/wp-content\/uploads\/2022\/11\/RIHIO-G5-04-TWO-SHOTS-5-300x300.jpg 300w, https:\/\/mouldking.store\/wp-content\/uploads\/2022\/11\/RIHIO-G5-04-TWO-SHOTS-5-768x768.jpg 768w, https:\/\/mouldking.store\/wp-content\/uploads\/2022\/11\/RIHIO-G5-04-TWO-SHOTS-5-600x600.jpg 600w, https:\/\/mouldking.store\/wp-content\/uploads\/2022\/11\/RIHIO-G5-04-TWO-SHOTS-5-150x150.jpg 150w, https:\/\/mouldking.store\/wp-content\/uploads\/2022\/11\/RIHIO-G5-04-TWO-SHOTS-5-60x60.jpg 60w, https:\/\/mouldking.store\/wp-content\/uploads\/2022\/11\/RIHIO-G5-04-TWO-SHOTS-5-90x90.jpg 90w\" sizes=\"(max-width: 800px) 100vw, 800px\" \/><figcaption id=\"caption-attachment-36774\" class=\"wp-caption-text\">RIHIO G5-04 HAI B\u00daP B\u00ca<\/figcaption><\/figure>\n<figure id=\"attachment_36775\" aria-describedby=\"caption-attachment-36775\" style=\"width: 823px\" class=\"wp-caption aligncenter\"><img loading=\"lazy\" decoding=\"async\" class=\"wp-image-36775 size-full\" src=\"https:\/\/mouldking.store\/wp-content\/uploads\/2022\/11\/RIHIO-G5-04-TWO-SHOTS-4.jpg\" alt=\"RIHIO G5-04 TWO SHOTS\" width=\"823\" height=\"1024\" title=\"-\" srcset=\"https:\/\/mouldking.store\/wp-content\/uploads\/2022\/11\/RIHIO-G5-04-TWO-SHOTS-4.jpg 823w, https:\/\/mouldking.store\/wp-content\/uploads\/2022\/11\/RIHIO-G5-04-TWO-SHOTS-4-241x300.jpg 241w, https:\/\/mouldking.store\/wp-content\/uploads\/2022\/11\/RIHIO-G5-04-TWO-SHOTS-4-768x956.jpg 768w, https:\/\/mouldking.store\/wp-content\/uploads\/2022\/11\/RIHIO-G5-04-TWO-SHOTS-4-300x373.jpg 300w, https:\/\/mouldking.store\/wp-content\/uploads\/2022\/11\/RIHIO-G5-04-TWO-SHOTS-4-600x747.jpg 600w, https:\/\/mouldking.store\/wp-content\/uploads\/2022\/11\/RIHIO-G5-04-TWO-SHOTS-4-121x150.jpg 121w, https:\/\/mouldking.store\/wp-content\/uploads\/2022\/11\/RIHIO-G5-04-TWO-SHOTS-4-48x60.jpg 48w, https:\/\/mouldking.store\/wp-content\/uploads\/2022\/11\/RIHIO-G5-04-TWO-SHOTS-4-72x90.jpg 72w\" sizes=\"(max-width: 823px) 100vw, 823px\" \/><figcaption id=\"caption-attachment-36775\" class=\"wp-caption-text\">RIHIO G5-04 HAI B\u00daP B\u00ca<\/figcaption><\/figure>\n<figure id=\"attachment_36776\" aria-describedby=\"caption-attachment-36776\" style=\"width: 995px\" class=\"wp-caption aligncenter\"><img loading=\"lazy\" decoding=\"async\" class=\"wp-image-36776 size-full\" src=\"https:\/\/mouldking.store\/wp-content\/uploads\/2022\/11\/RIHIO-G5-04-TWO-SHOTS-3.jpg\" alt=\"RIHIO G5-04 TWO SHOTS\" width=\"995\" height=\"1024\" title=\"-\" srcset=\"https:\/\/mouldking.store\/wp-content\/uploads\/2022\/11\/RIHIO-G5-04-TWO-SHOTS-3.jpg 995w, https:\/\/mouldking.store\/wp-content\/uploads\/2022\/11\/RIHIO-G5-04-TWO-SHOTS-3-292x300.jpg 292w, https:\/\/mouldking.store\/wp-content\/uploads\/2022\/11\/RIHIO-G5-04-TWO-SHOTS-3-768x790.jpg 768w, https:\/\/mouldking.store\/wp-content\/uploads\/2022\/11\/RIHIO-G5-04-TWO-SHOTS-3-300x309.jpg 300w, https:\/\/mouldking.store\/wp-content\/uploads\/2022\/11\/RIHIO-G5-04-TWO-SHOTS-3-600x617.jpg 600w, https:\/\/mouldking.store\/wp-content\/uploads\/2022\/11\/RIHIO-G5-04-TWO-SHOTS-3-146x150.jpg 146w, https:\/\/mouldking.store\/wp-content\/uploads\/2022\/11\/RIHIO-G5-04-TWO-SHOTS-3-58x60.jpg 58w, https:\/\/mouldking.store\/wp-content\/uploads\/2022\/11\/RIHIO-G5-04-TWO-SHOTS-3-87x90.jpg 87w\" sizes=\"(max-width: 995px) 100vw, 995px\" \/><figcaption id=\"caption-attachment-36776\" class=\"wp-caption-text\">RIHIO G5-04 HAI B\u00daP B\u00ca<\/figcaption><\/figure>\n<figure id=\"attachment_36777\" aria-describedby=\"caption-attachment-36777\" style=\"width: 710px\" class=\"wp-caption aligncenter\"><img loading=\"lazy\" decoding=\"async\" class=\"wp-image-36777 size-full\" src=\"https:\/\/mouldking.store\/wp-content\/uploads\/2022\/11\/RIHIO-G5-04-TWO-SHOTS-2.jpg\" alt=\"RIHIO G5-04 TWO SHOTS\" width=\"710\" height=\"1024\" title=\"-\" srcset=\"https:\/\/mouldking.store\/wp-content\/uploads\/2022\/11\/RIHIO-G5-04-TWO-SHOTS-2.jpg 710w, https:\/\/mouldking.store\/wp-content\/uploads\/2022\/11\/RIHIO-G5-04-TWO-SHOTS-2-208x300.jpg 208w, https:\/\/mouldking.store\/wp-content\/uploads\/2022\/11\/RIHIO-G5-04-TWO-SHOTS-2-300x433.jpg 300w, https:\/\/mouldking.store\/wp-content\/uploads\/2022\/11\/RIHIO-G5-04-TWO-SHOTS-2-600x865.jpg 600w, https:\/\/mouldking.store\/wp-content\/uploads\/2022\/11\/RIHIO-G5-04-TWO-SHOTS-2-104x150.jpg 104w, https:\/\/mouldking.store\/wp-content\/uploads\/2022\/11\/RIHIO-G5-04-TWO-SHOTS-2-42x60.jpg 42w, https:\/\/mouldking.store\/wp-content\/uploads\/2022\/11\/RIHIO-G5-04-TWO-SHOTS-2-62x90.jpg 62w\" sizes=\"(max-width: 710px) 100vw, 710px\" \/><figcaption id=\"caption-attachment-36777\" class=\"wp-caption-text\">RIHIO G5-04 HAI B\u00daP B\u00ca<\/figcaption><\/figure>\n<figure id=\"attachment_36778\" aria-describedby=\"caption-attachment-36778\" style=\"width: 984px\" class=\"wp-caption aligncenter\"><img loading=\"lazy\" decoding=\"async\" class=\"wp-image-36778 size-full\" src=\"https:\/\/mouldking.store\/wp-content\/uploads\/2022\/11\/RIHIO-G5-04-TWO-SHOTS-1.jpg\" alt=\"RIHIO G5-04 TWO SHOTS\" width=\"984\" height=\"984\" title=\"-\" srcset=\"https:\/\/mouldking.store\/wp-content\/uploads\/2022\/11\/RIHIO-G5-04-TWO-SHOTS-1.jpg 984w, https:\/\/mouldking.store\/wp-content\/uploads\/2022\/11\/RIHIO-G5-04-TWO-SHOTS-1-300x300.jpg 300w, https:\/\/mouldking.store\/wp-content\/uploads\/2022\/11\/RIHIO-G5-04-TWO-SHOTS-1-768x768.jpg 768w, https:\/\/mouldking.store\/wp-content\/uploads\/2022\/11\/RIHIO-G5-04-TWO-SHOTS-1-600x600.jpg 600w, https:\/\/mouldking.store\/wp-content\/uploads\/2022\/11\/RIHIO-G5-04-TWO-SHOTS-1-150x150.jpg 150w, https:\/\/mouldking.store\/wp-content\/uploads\/2022\/11\/RIHIO-G5-04-TWO-SHOTS-1-60x60.jpg 60w, https:\/\/mouldking.store\/wp-content\/uploads\/2022\/11\/RIHIO-G5-04-TWO-SHOTS-1-90x90.jpg 90w\" sizes=\"(max-width: 984px) 100vw, 984px\" \/><figcaption id=\"caption-attachment-36778\" class=\"wp-caption-text\">RIHIO G5-04 HAI B\u00daP B\u00ca<\/figcaption><\/figure>","protected":false},"excerpt":{"rendered":"<p>Product information: Brand: RIHIO Gender: Unisex Name: TWO SHOTS Age Range: &gt; 12 years old Model Number: G5-04 Classification: Assemblage Plastic Block Shape: Self-Locking Bricks Material: Plastic Plastic Type: ABS Size: \u00a08 x 11 cm Contains detailed assembly instructions. Notice: 1. Without an original box, but we guarantee our products have quality assurance and nice [&hellip;]<\/p>","protected":false},"featured_media":36770,"comment_status":"closed","ping_status":"closed","template":"","meta":{"_acf_changed":false},"product_cat":[1365],"product_tag":[8539,8373,8541,8538,8540],"class_list":["product","first","instock","shipping-taxable","purchasable","product-type-simple"],"acf":[],"_links":{"self":[{"href":"https:\/\/mouldking.store\/vi\/wp-json\/wp\/v2\/product\/36769","targetHints":{"allow":["GET"]}}],"collection":[{"href":"https:\/\/mouldking.store\/vi\/wp-json\/wp\/v2\/product"}],"about":[{"href":"https:\/\/mouldking.store\/vi\/wp-json\/wp\/v2\/types\/product"}],"replies":[{"embeddable":true,"href":"https:\/\/mouldking.store\/vi\/wp-json\/wp\/v2\/comments?post=36769"}],"wp:featuredmedia":[{"embeddable":true,"href":"https:\/\/mouldking.store\/vi\/wp-json\/wp\/v2\/media\/36770"}],"wp:attachment":[{"href":"https:\/\/mouldking.store\/vi\/wp-json\/wp\/v2\/media?parent=36769"}],"wp:term":[{"taxonomy":"product_cat","embeddable":true,"href":"https:\/\/mouldking.store\/vi\/wp-json\/wp\/v2\/product_cat?post=36769"},{"taxonomy":"product_tag","embeddable":true,"href":"https:\/\/mouldking.store\/vi\/wp-json\/wp\/v2\/product_tag?post=36769"}],"curies":[{"name":"wp","href":"https:\/\/api.w.org\/{rel}","templated":true}]}}