{"id":36792,"date":"2022-11-28T15:54:23","date_gmt":"2022-11-28T08:54:23","guid":{"rendered":"https:\/\/mouldking.store\/?post_type=product&#038;p=36792"},"modified":"2022-11-28T15:54:23","modified_gmt":"2022-11-28T08:54:23","slug":"cenzelon-5708-mammothus-primigenius","status":"publish","type":"product","link":"https:\/\/mouldking.store\/vi\/shop\/cenzelon-5708-mammothus-primigenius\/","title":{"rendered":"CENZELON 5708 Mammothus Primigenius"},"content":{"rendered":"<p>Th\u00f4ng tin s\u1ea3n ph\u1ea9m:<\/p>\n<ol>\n<li>Th\u01b0\u01a1ng hi\u1ec7u: CENZELON<\/li>\n<li>Gi\u1edbi t\u00ednh: Unisex<\/li>\n<li>Name: Mammothus Primigenius<\/li>\n<li>\u0110\u1ed9 tu\u1ed5i: &gt; 6 tu\u1ed5i<\/li>\n<li>Model Number: 5708<\/li>\n<li>Ph\u00e2n lo\u1ea1i: T\u1eadp h\u1ee3p<\/li>\n<li>H\u00ecnh d\u1ea1ng kh\u1ed1i nh\u1ef1a: G\u1ea1ch t\u1ef1 kh\u00f3a<\/li>\n<li>Ch\u1ea5t li\u1ec7u: Nh\u1ef1a<\/li>\n<li>Lo\u1ea1i nh\u1ef1a: ABS<\/li>\n<li>Ch\u1ee9a h\u01b0\u1edbng d\u1eabn l\u1eafp r\u00e1p chi ti\u1ebft.<\/li>\n<\/ol>\n<p>\u0110\u1ec3 \u00fd:<br \/>\n1. Kh\u00f4ng c\u00f3 h\u1ed9p ban \u0111\u1ea7u, nh\u01b0ng ch\u00fang t\u00f4i \u0111\u1ea3m b\u1ea3o s\u1ea3n ph\u1ea9m c\u1ee7a ch\u00fang t\u00f4i c\u00f3 ch\u1ea5t l\u01b0\u1ee3ng \u0111\u1ea3m b\u1ea3o v\u00e0 bao b\u00ec \u0111\u1eb9p.<br \/>\n2. V\u00ec t\u1ea5t c\u1ea3 c\u00e1c b\u1ed9 ph\u1eadn ch\u00fang t\u00f4i \u0111\u00e3 ki\u1ec3m tra tr\u01b0\u1edbc khi v\u1eadn chuy\u1ec3n, v\u00ec v\u1eady n\u1ebfu b\u1ea1n th\u1ea5y m\u1ed9t s\u1ed1 b\u1ed9 ph\u1eadn b\u1ecb thi\u1ebfu ho\u1eb7c h\u01b0 h\u1ecfng, \u0111\u1eebng lo l\u1eafng v\u00e0 ch\u1ec9 c\u1ea7n vui l\u00f2ng li\u00ean h\u1ec7 v\u1edbi ch\u00fang t\u00f4i v\u00e0 ch\u00fang t\u00f4i c\u00f3 th\u1ec3 g\u1eedi l\u1ea1i mi\u1ec5n ph\u00ed cho b\u1ea1n ngay l\u1eadp t\u1ee9c.<\/p>\n<figure id=\"attachment_36793\" aria-describedby=\"caption-attachment-36793\" style=\"width: 1024px\" class=\"wp-caption aligncenter\"><img fetchpriority=\"high\" decoding=\"async\" class=\"wp-image-36793 size-full\" src=\"https:\/\/mouldking.store\/wp-content\/uploads\/2022\/11\/CENZELON-5708-Mammothus-Primigenius-5.jpg\" alt=\"CENZELON 5708 Mammothus Primigenius\" width=\"1024\" height=\"1024\" title=\"-\" srcset=\"https:\/\/mouldking.store\/wp-content\/uploads\/2022\/11\/CENZELON-5708-Mammothus-Primigenius-5.jpg 1024w, https:\/\/mouldking.store\/wp-content\/uploads\/2022\/11\/CENZELON-5708-Mammothus-Primigenius-5-300x300.jpg 300w, https:\/\/mouldking.store\/wp-content\/uploads\/2022\/11\/CENZELON-5708-Mammothus-Primigenius-5-768x768.jpg 768w, https:\/\/mouldking.store\/wp-content\/uploads\/2022\/11\/CENZELON-5708-Mammothus-Primigenius-5-600x600.jpg 600w, https:\/\/mouldking.store\/wp-content\/uploads\/2022\/11\/CENZELON-5708-Mammothus-Primigenius-5-150x150.jpg 150w, https:\/\/mouldking.store\/wp-content\/uploads\/2022\/11\/CENZELON-5708-Mammothus-Primigenius-5-60x60.jpg 60w, https:\/\/mouldking.store\/wp-content\/uploads\/2022\/11\/CENZELON-5708-Mammothus-Primigenius-5-90x90.jpg 90w\" sizes=\"(max-width: 1024px) 100vw, 1024px\" \/><figcaption id=\"caption-attachment-36793\" class=\"wp-caption-text\">CENZELON 5708 Mammothus Primigenius<\/figcaption><\/figure>\n<figure id=\"attachment_36795\" aria-describedby=\"caption-attachment-36795\" style=\"width: 1024px\" class=\"wp-caption aligncenter\"><img decoding=\"async\" class=\"wp-image-36795 size-full\" src=\"https:\/\/mouldking.store\/wp-content\/uploads\/2022\/11\/CENZELON-5708-Mammothus-Primigenius-2.jpg\" alt=\"CENZELON 5708 Mammothus Primigenius\" width=\"1024\" height=\"857\" title=\"-\" srcset=\"https:\/\/mouldking.store\/wp-content\/uploads\/2022\/11\/CENZELON-5708-Mammothus-Primigenius-2.jpg 1024w, https:\/\/mouldking.store\/wp-content\/uploads\/2022\/11\/CENZELON-5708-Mammothus-Primigenius-2-300x251.jpg 300w, https:\/\/mouldking.store\/wp-content\/uploads\/2022\/11\/CENZELON-5708-Mammothus-Primigenius-2-768x643.jpg 768w, https:\/\/mouldking.store\/wp-content\/uploads\/2022\/11\/CENZELON-5708-Mammothus-Primigenius-2-600x502.jpg 600w, https:\/\/mouldking.store\/wp-content\/uploads\/2022\/11\/CENZELON-5708-Mammothus-Primigenius-2-150x126.jpg 150w, https:\/\/mouldking.store\/wp-content\/uploads\/2022\/11\/CENZELON-5708-Mammothus-Primigenius-2-72x60.jpg 72w, https:\/\/mouldking.store\/wp-content\/uploads\/2022\/11\/CENZELON-5708-Mammothus-Primigenius-2-108x90.jpg 108w\" sizes=\"(max-width: 1024px) 100vw, 1024px\" \/><figcaption id=\"caption-attachment-36795\" class=\"wp-caption-text\">CENZELON 5708 Mammothus Primigenius<\/figcaption><\/figure>\n<figure id=\"attachment_36796\" aria-describedby=\"caption-attachment-36796\" style=\"width: 744px\" class=\"wp-caption aligncenter\"><img decoding=\"async\" class=\"wp-image-36796 size-full\" src=\"https:\/\/mouldking.store\/wp-content\/uploads\/2022\/11\/CENZELON-5708-Mammothus-Primigenius-3.jpg\" alt=\"CENZELON 5708 Mammothus Primigenius\" width=\"744\" height=\"744\" title=\"-\" srcset=\"https:\/\/mouldking.store\/wp-content\/uploads\/2022\/11\/CENZELON-5708-Mammothus-Primigenius-3.jpg 744w, https:\/\/mouldking.store\/wp-content\/uploads\/2022\/11\/CENZELON-5708-Mammothus-Primigenius-3-300x300.jpg 300w, https:\/\/mouldking.store\/wp-content\/uploads\/2022\/11\/CENZELON-5708-Mammothus-Primigenius-3-600x600.jpg 600w, https:\/\/mouldking.store\/wp-content\/uploads\/2022\/11\/CENZELON-5708-Mammothus-Primigenius-3-150x150.jpg 150w, https:\/\/mouldking.store\/wp-content\/uploads\/2022\/11\/CENZELON-5708-Mammothus-Primigenius-3-60x60.jpg 60w, https:\/\/mouldking.store\/wp-content\/uploads\/2022\/11\/CENZELON-5708-Mammothus-Primigenius-3-90x90.jpg 90w\" sizes=\"(max-width: 744px) 100vw, 744px\" \/><figcaption id=\"caption-attachment-36796\" class=\"wp-caption-text\">CENZELON 5708 Mammothus Primigenius<\/figcaption><\/figure>\n<figure id=\"attachment_36797\" aria-describedby=\"caption-attachment-36797\" style=\"width: 896px\" class=\"wp-caption aligncenter\"><img loading=\"lazy\" decoding=\"async\" class=\"wp-image-36797 size-full\" src=\"https:\/\/mouldking.store\/wp-content\/uploads\/2022\/11\/CENZELON-5708-Mammothus-Primigenius-1.jpg\" alt=\"CENZELON 5708 Mammothus Primigenius\" width=\"896\" height=\"1024\" title=\"-\" srcset=\"https:\/\/mouldking.store\/wp-content\/uploads\/2022\/11\/CENZELON-5708-Mammothus-Primigenius-1.jpg 896w, https:\/\/mouldking.store\/wp-content\/uploads\/2022\/11\/CENZELON-5708-Mammothus-Primigenius-1-263x300.jpg 263w, https:\/\/mouldking.store\/wp-content\/uploads\/2022\/11\/CENZELON-5708-Mammothus-Primigenius-1-768x878.jpg 768w, https:\/\/mouldking.store\/wp-content\/uploads\/2022\/11\/CENZELON-5708-Mammothus-Primigenius-1-300x343.jpg 300w, https:\/\/mouldking.store\/wp-content\/uploads\/2022\/11\/CENZELON-5708-Mammothus-Primigenius-1-600x686.jpg 600w, https:\/\/mouldking.store\/wp-content\/uploads\/2022\/11\/CENZELON-5708-Mammothus-Primigenius-1-131x150.jpg 131w, https:\/\/mouldking.store\/wp-content\/uploads\/2022\/11\/CENZELON-5708-Mammothus-Primigenius-1-53x60.jpg 53w, https:\/\/mouldking.store\/wp-content\/uploads\/2022\/11\/CENZELON-5708-Mammothus-Primigenius-1-79x90.jpg 79w\" sizes=\"(max-width: 896px) 100vw, 896px\" \/><figcaption id=\"caption-attachment-36797\" class=\"wp-caption-text\">CENZELON 5708 Mammothus Primigenius<\/figcaption><\/figure>","protected":false},"excerpt":{"rendered":"<p>Product information: Brand: CENZELON Gender: Unisex Name: Mammothus Primigenius Age Range: &gt; 6 years old Model Number: 5708 Classification: Assemblage Plastic Block Shape: Self-Locking Bricks Material: Plastic Plastic Type: ABS Contains detailed assembly instructions. Notice: 1. Without an original box, but we guarantee our products have quality assurance and nice packaging. 2. As all the [&hellip;]<\/p>","protected":false},"featured_media":36793,"comment_status":"closed","ping_status":"closed","template":"","meta":{"_acf_changed":false},"product_cat":[1365],"product_tag":[8547,8543,8551,8546,8548,8550,8549],"class_list":["product","first","instock","shipping-taxable","purchasable","product-type-simple"],"acf":[],"_links":{"self":[{"href":"https:\/\/mouldking.store\/vi\/wp-json\/wp\/v2\/product\/36792","targetHints":{"allow":["GET"]}}],"collection":[{"href":"https:\/\/mouldking.store\/vi\/wp-json\/wp\/v2\/product"}],"about":[{"href":"https:\/\/mouldking.store\/vi\/wp-json\/wp\/v2\/types\/product"}],"replies":[{"embeddable":true,"href":"https:\/\/mouldking.store\/vi\/wp-json\/wp\/v2\/comments?post=36792"}],"wp:featuredmedia":[{"embeddable":true,"href":"https:\/\/mouldking.store\/vi\/wp-json\/wp\/v2\/media\/36793"}],"wp:attachment":[{"href":"https:\/\/mouldking.store\/vi\/wp-json\/wp\/v2\/media?parent=36792"}],"wp:term":[{"taxonomy":"product_cat","embeddable":true,"href":"https:\/\/mouldking.store\/vi\/wp-json\/wp\/v2\/product_cat?post=36792"},{"taxonomy":"product_tag","embeddable":true,"href":"https:\/\/mouldking.store\/vi\/wp-json\/wp\/v2\/product_tag?post=36792"}],"curies":[{"name":"wp","href":"https:\/\/api.w.org\/{rel}","templated":true}]}}