{"id":36798,"date":"2022-11-28T16:03:03","date_gmt":"2022-11-28T09:03:03","guid":{"rendered":"https:\/\/mouldking.store\/?post_type=product&#038;p=36798"},"modified":"2022-11-28T16:03:03","modified_gmt":"2022-11-28T09:03:03","slug":"cenzelon-5706-mosasaur","status":"publish","type":"product","link":"https:\/\/mouldking.store\/vi\/shop\/cenzelon-5706-mosasaur\/","title":{"rendered":"CENZELON 5706 Mosasaur"},"content":{"rendered":"<p>Th\u00f4ng tin s\u1ea3n ph\u1ea9m:<\/p>\n<ol>\n<li>Th\u01b0\u01a1ng hi\u1ec7u: CENZELON<\/li>\n<li>Gi\u1edbi t\u00ednh: Unisex<\/li>\n<li>Name: Mosasaur<\/li>\n<li>\u0110\u1ed9 tu\u1ed5i: &gt; 6 tu\u1ed5i<\/li>\n<li>Model Number: 5706<\/li>\n<li>Ph\u00e2n lo\u1ea1i: T\u1eadp h\u1ee3p<\/li>\n<li>H\u00ecnh d\u1ea1ng kh\u1ed1i nh\u1ef1a: G\u1ea1ch t\u1ef1 kh\u00f3a<\/li>\n<li>Ch\u1ea5t li\u1ec7u: Nh\u1ef1a<\/li>\n<li>Lo\u1ea1i nh\u1ef1a: ABS<\/li>\n<li>Size: 35 x 11.5 x 10 cm<\/li>\n<li>Ch\u1ee9a h\u01b0\u1edbng d\u1eabn l\u1eafp r\u00e1p chi ti\u1ebft.<\/li>\n<\/ol>\n<p>\u0110\u1ec3 \u00fd:<br \/>\n1. Kh\u00f4ng c\u00f3 h\u1ed9p ban \u0111\u1ea7u, nh\u01b0ng ch\u00fang t\u00f4i \u0111\u1ea3m b\u1ea3o s\u1ea3n ph\u1ea9m c\u1ee7a ch\u00fang t\u00f4i c\u00f3 ch\u1ea5t l\u01b0\u1ee3ng \u0111\u1ea3m b\u1ea3o v\u00e0 bao b\u00ec \u0111\u1eb9p.<br \/>\n2. V\u00ec t\u1ea5t c\u1ea3 c\u00e1c b\u1ed9 ph\u1eadn ch\u00fang t\u00f4i \u0111\u00e3 ki\u1ec3m tra tr\u01b0\u1edbc khi v\u1eadn chuy\u1ec3n, v\u00ec v\u1eady n\u1ebfu b\u1ea1n th\u1ea5y m\u1ed9t s\u1ed1 b\u1ed9 ph\u1eadn b\u1ecb thi\u1ebfu ho\u1eb7c h\u01b0 h\u1ecfng, \u0111\u1eebng lo l\u1eafng v\u00e0 ch\u1ec9 c\u1ea7n vui l\u00f2ng li\u00ean h\u1ec7 v\u1edbi ch\u00fang t\u00f4i v\u00e0 ch\u00fang t\u00f4i c\u00f3 th\u1ec3 g\u1eedi l\u1ea1i mi\u1ec5n ph\u00ed cho b\u1ea1n ngay l\u1eadp t\u1ee9c.<\/p>\n<figure id=\"attachment_36799\" aria-describedby=\"caption-attachment-36799\" style=\"width: 800px\" class=\"wp-caption aligncenter\"><img fetchpriority=\"high\" decoding=\"async\" class=\"wp-image-36799 size-full\" src=\"https:\/\/mouldking.store\/wp-content\/uploads\/2022\/11\/CENZELON-5706-Mosasaur-4.jpg\" alt=\"CENZELON 5706 Mosasaur \" width=\"800\" height=\"800\" title=\"-\" srcset=\"https:\/\/mouldking.store\/wp-content\/uploads\/2022\/11\/CENZELON-5706-Mosasaur-4.jpg 800w, https:\/\/mouldking.store\/wp-content\/uploads\/2022\/11\/CENZELON-5706-Mosasaur-4-300x300.jpg 300w, https:\/\/mouldking.store\/wp-content\/uploads\/2022\/11\/CENZELON-5706-Mosasaur-4-768x768.jpg 768w, https:\/\/mouldking.store\/wp-content\/uploads\/2022\/11\/CENZELON-5706-Mosasaur-4-600x600.jpg 600w, https:\/\/mouldking.store\/wp-content\/uploads\/2022\/11\/CENZELON-5706-Mosasaur-4-150x150.jpg 150w, https:\/\/mouldking.store\/wp-content\/uploads\/2022\/11\/CENZELON-5706-Mosasaur-4-60x60.jpg 60w, https:\/\/mouldking.store\/wp-content\/uploads\/2022\/11\/CENZELON-5706-Mosasaur-4-90x90.jpg 90w\" sizes=\"(max-width: 800px) 100vw, 800px\" \/><figcaption id=\"caption-attachment-36799\" class=\"wp-caption-text\">CENZELON 5706 Mosasaur<\/figcaption><\/figure>\n<figure id=\"attachment_36800\" aria-describedby=\"caption-attachment-36800\" style=\"width: 788px\" class=\"wp-caption aligncenter\"><img decoding=\"async\" class=\"wp-image-36800 size-full\" src=\"https:\/\/mouldking.store\/wp-content\/uploads\/2022\/11\/CENZELON-5706-Mosasaur-3.jpg\" alt=\"CENZELON 5706 Mosasaur \" width=\"788\" height=\"788\" title=\"-\" srcset=\"https:\/\/mouldking.store\/wp-content\/uploads\/2022\/11\/CENZELON-5706-Mosasaur-3.jpg 788w, https:\/\/mouldking.store\/wp-content\/uploads\/2022\/11\/CENZELON-5706-Mosasaur-3-300x300.jpg 300w, https:\/\/mouldking.store\/wp-content\/uploads\/2022\/11\/CENZELON-5706-Mosasaur-3-768x768.jpg 768w, https:\/\/mouldking.store\/wp-content\/uploads\/2022\/11\/CENZELON-5706-Mosasaur-3-600x600.jpg 600w, https:\/\/mouldking.store\/wp-content\/uploads\/2022\/11\/CENZELON-5706-Mosasaur-3-150x150.jpg 150w, https:\/\/mouldking.store\/wp-content\/uploads\/2022\/11\/CENZELON-5706-Mosasaur-3-60x60.jpg 60w, https:\/\/mouldking.store\/wp-content\/uploads\/2022\/11\/CENZELON-5706-Mosasaur-3-90x90.jpg 90w\" sizes=\"(max-width: 788px) 100vw, 788px\" \/><figcaption id=\"caption-attachment-36800\" class=\"wp-caption-text\">CENZELON 5706 Mosasaur<\/figcaption><\/figure>\n<figure id=\"attachment_36801\" aria-describedby=\"caption-attachment-36801\" style=\"width: 947px\" class=\"wp-caption aligncenter\"><img decoding=\"async\" class=\"wp-image-36801 size-full\" src=\"https:\/\/mouldking.store\/wp-content\/uploads\/2022\/11\/CENZELON-5706-Mosasaur-2.jpg\" alt=\"CENZELON 5706 Mosasaur \" width=\"947\" height=\"1024\" title=\"-\" srcset=\"https:\/\/mouldking.store\/wp-content\/uploads\/2022\/11\/CENZELON-5706-Mosasaur-2.jpg 947w, https:\/\/mouldking.store\/wp-content\/uploads\/2022\/11\/CENZELON-5706-Mosasaur-2-277x300.jpg 277w, https:\/\/mouldking.store\/wp-content\/uploads\/2022\/11\/CENZELON-5706-Mosasaur-2-768x830.jpg 768w, https:\/\/mouldking.store\/wp-content\/uploads\/2022\/11\/CENZELON-5706-Mosasaur-2-300x324.jpg 300w, https:\/\/mouldking.store\/wp-content\/uploads\/2022\/11\/CENZELON-5706-Mosasaur-2-600x649.jpg 600w, https:\/\/mouldking.store\/wp-content\/uploads\/2022\/11\/CENZELON-5706-Mosasaur-2-139x150.jpg 139w, https:\/\/mouldking.store\/wp-content\/uploads\/2022\/11\/CENZELON-5706-Mosasaur-2-55x60.jpg 55w, https:\/\/mouldking.store\/wp-content\/uploads\/2022\/11\/CENZELON-5706-Mosasaur-2-83x90.jpg 83w\" sizes=\"(max-width: 947px) 100vw, 947px\" \/><figcaption id=\"caption-attachment-36801\" class=\"wp-caption-text\">CENZELON 5706 Mosasaur<\/figcaption><\/figure>\n<figure id=\"attachment_36802\" aria-describedby=\"caption-attachment-36802\" style=\"width: 784px\" class=\"wp-caption aligncenter\"><img loading=\"lazy\" decoding=\"async\" class=\"wp-image-36802 size-full\" src=\"https:\/\/mouldking.store\/wp-content\/uploads\/2022\/11\/CENZELON-5706-Mosasaur-1.jpg\" alt=\"CENZELON 5706 Mosasaur \" width=\"784\" height=\"924\" title=\"-\" srcset=\"https:\/\/mouldking.store\/wp-content\/uploads\/2022\/11\/CENZELON-5706-Mosasaur-1.jpg 784w, https:\/\/mouldking.store\/wp-content\/uploads\/2022\/11\/CENZELON-5706-Mosasaur-1-255x300.jpg 255w, https:\/\/mouldking.store\/wp-content\/uploads\/2022\/11\/CENZELON-5706-Mosasaur-1-768x905.jpg 768w, https:\/\/mouldking.store\/wp-content\/uploads\/2022\/11\/CENZELON-5706-Mosasaur-1-300x354.jpg 300w, https:\/\/mouldking.store\/wp-content\/uploads\/2022\/11\/CENZELON-5706-Mosasaur-1-600x707.jpg 600w, https:\/\/mouldking.store\/wp-content\/uploads\/2022\/11\/CENZELON-5706-Mosasaur-1-127x150.jpg 127w, https:\/\/mouldking.store\/wp-content\/uploads\/2022\/11\/CENZELON-5706-Mosasaur-1-51x60.jpg 51w, https:\/\/mouldking.store\/wp-content\/uploads\/2022\/11\/CENZELON-5706-Mosasaur-1-76x90.jpg 76w\" sizes=\"(max-width: 784px) 100vw, 784px\" \/><figcaption id=\"caption-attachment-36802\" class=\"wp-caption-text\">CENZELON 5706 Mosasaur<\/figcaption><\/figure>","protected":false},"excerpt":{"rendered":"<p>Product information: Brand: CENZELON Gender: Unisex Name: Mosasaur Age Range: &gt; 6 years old Model Number: 5706 Classification: Assemblage Plastic Block Shape: Self-Locking Bricks Material: Plastic Plastic Type: ABS Size: 35 x 11.5 x 10 cm Contains detailed assembly instructions. Notice: 1. Without an original box, but we guarantee our products have quality assurance and [&hellip;]<\/p>","protected":false},"featured_media":36799,"comment_status":"closed","ping_status":"closed","template":"","meta":{"_acf_changed":false},"product_cat":[1365],"product_tag":[8553,8543,8555,8552,8554],"class_list":["product","first","instock","shipping-taxable","purchasable","product-type-simple"],"acf":[],"_links":{"self":[{"href":"https:\/\/mouldking.store\/vi\/wp-json\/wp\/v2\/product\/36798","targetHints":{"allow":["GET"]}}],"collection":[{"href":"https:\/\/mouldking.store\/vi\/wp-json\/wp\/v2\/product"}],"about":[{"href":"https:\/\/mouldking.store\/vi\/wp-json\/wp\/v2\/types\/product"}],"replies":[{"embeddable":true,"href":"https:\/\/mouldking.store\/vi\/wp-json\/wp\/v2\/comments?post=36798"}],"wp:featuredmedia":[{"embeddable":true,"href":"https:\/\/mouldking.store\/vi\/wp-json\/wp\/v2\/media\/36799"}],"wp:attachment":[{"href":"https:\/\/mouldking.store\/vi\/wp-json\/wp\/v2\/media?parent=36798"}],"wp:term":[{"taxonomy":"product_cat","embeddable":true,"href":"https:\/\/mouldking.store\/vi\/wp-json\/wp\/v2\/product_cat?post=36798"},{"taxonomy":"product_tag","embeddable":true,"href":"https:\/\/mouldking.store\/vi\/wp-json\/wp\/v2\/product_tag?post=36798"}],"curies":[{"name":"wp","href":"https:\/\/api.w.org\/{rel}","templated":true}]}}