{"id":36809,"date":"2022-11-28T16:25:35","date_gmt":"2022-11-28T09:25:35","guid":{"rendered":"https:\/\/mouldking.store\/?post_type=product&#038;p=36809"},"modified":"2022-11-28T16:25:35","modified_gmt":"2022-11-28T09:25:35","slug":"cenzelon-5701-sword-suit-tyrannosaurus-rex","status":"publish","type":"product","link":"https:\/\/mouldking.store\/vi\/shop\/cenzelon-5701-sword-suit-tyrannosaurus-rex\/","title":{"rendered":"B\u1ed9 \u0111\u1ed3 ki\u1ebfm CENZELON 5701 Tyrannosaurus Rex"},"content":{"rendered":"<p>Th\u00f4ng tin s\u1ea3n ph\u1ea9m:<\/p>\n<ol>\n<li>Th\u01b0\u01a1ng hi\u1ec7u: CENZELON<\/li>\n<li>Gi\u1edbi t\u00ednh: Unisex<\/li>\n<li>Name: Sword Suit Tyrannosaurus Rex<\/li>\n<li>\u0110\u1ed9 tu\u1ed5i: &gt; 6 tu\u1ed5i<\/li>\n<li>Model Number: 5701<\/li>\n<li>Ph\u00e2n lo\u1ea1i: T\u1eadp h\u1ee3p<\/li>\n<li>H\u00ecnh d\u1ea1ng kh\u1ed1i nh\u1ef1a: G\u1ea1ch t\u1ef1 kh\u00f3a<\/li>\n<li>Ch\u1ea5t li\u1ec7u: Nh\u1ef1a<\/li>\n<li>Lo\u1ea1i nh\u1ef1a: ABS<\/li>\n<li>Ch\u1ee9a h\u01b0\u1edbng d\u1eabn l\u1eafp r\u00e1p chi ti\u1ebft.<\/li>\n<\/ol>\n<p>\u0110\u1ec3 \u00fd:<br \/>\n1. Kh\u00f4ng c\u00f3 h\u1ed9p ban \u0111\u1ea7u, nh\u01b0ng ch\u00fang t\u00f4i \u0111\u1ea3m b\u1ea3o s\u1ea3n ph\u1ea9m c\u1ee7a ch\u00fang t\u00f4i c\u00f3 ch\u1ea5t l\u01b0\u1ee3ng \u0111\u1ea3m b\u1ea3o v\u00e0 bao b\u00ec \u0111\u1eb9p.<br \/>\n2. V\u00ec t\u1ea5t c\u1ea3 c\u00e1c b\u1ed9 ph\u1eadn ch\u00fang t\u00f4i \u0111\u00e3 ki\u1ec3m tra tr\u01b0\u1edbc khi v\u1eadn chuy\u1ec3n, v\u00ec v\u1eady n\u1ebfu b\u1ea1n th\u1ea5y m\u1ed9t s\u1ed1 b\u1ed9 ph\u1eadn b\u1ecb thi\u1ebfu ho\u1eb7c h\u01b0 h\u1ecfng, \u0111\u1eebng lo l\u1eafng v\u00e0 ch\u1ec9 c\u1ea7n vui l\u00f2ng li\u00ean h\u1ec7 v\u1edbi ch\u00fang t\u00f4i v\u00e0 ch\u00fang t\u00f4i c\u00f3 th\u1ec3 g\u1eedi l\u1ea1i mi\u1ec5n ph\u00ed cho b\u1ea1n ngay l\u1eadp t\u1ee9c.<\/p>\n<figure id=\"attachment_36810\" aria-describedby=\"caption-attachment-36810\" style=\"width: 800px\" class=\"wp-caption aligncenter\"><img fetchpriority=\"high\" decoding=\"async\" class=\"wp-image-36810 size-full\" src=\"https:\/\/mouldking.store\/wp-content\/uploads\/2022\/11\/CENZELON-5701-Sword-Suit-Tyrannosaurus-Rex-10.jpg\" alt=\"CENZELON 5701 Sword Suit Tyrannosaurus Rex \" width=\"800\" height=\"800\" title=\"-\" srcset=\"https:\/\/mouldking.store\/wp-content\/uploads\/2022\/11\/CENZELON-5701-Sword-Suit-Tyrannosaurus-Rex-10.jpg 800w, https:\/\/mouldking.store\/wp-content\/uploads\/2022\/11\/CENZELON-5701-Sword-Suit-Tyrannosaurus-Rex-10-300x300.jpg 300w, https:\/\/mouldking.store\/wp-content\/uploads\/2022\/11\/CENZELON-5701-Sword-Suit-Tyrannosaurus-Rex-10-768x768.jpg 768w, https:\/\/mouldking.store\/wp-content\/uploads\/2022\/11\/CENZELON-5701-Sword-Suit-Tyrannosaurus-Rex-10-600x600.jpg 600w, https:\/\/mouldking.store\/wp-content\/uploads\/2022\/11\/CENZELON-5701-Sword-Suit-Tyrannosaurus-Rex-10-150x150.jpg 150w, https:\/\/mouldking.store\/wp-content\/uploads\/2022\/11\/CENZELON-5701-Sword-Suit-Tyrannosaurus-Rex-10-60x60.jpg 60w, https:\/\/mouldking.store\/wp-content\/uploads\/2022\/11\/CENZELON-5701-Sword-Suit-Tyrannosaurus-Rex-10-90x90.jpg 90w\" sizes=\"(max-width: 800px) 100vw, 800px\" \/><figcaption id=\"caption-attachment-36810\" class=\"wp-caption-text\">B\u1ed9 \u0111\u1ed3 ki\u1ebfm CENZELON 5701 Tyrannosaurus Rex<\/figcaption><\/figure>\n<figure id=\"attachment_36811\" aria-describedby=\"caption-attachment-36811\" style=\"width: 750px\" class=\"wp-caption aligncenter\"><img decoding=\"async\" class=\"wp-image-36811 size-full\" src=\"https:\/\/mouldking.store\/wp-content\/uploads\/2022\/11\/CENZELON-5701-Sword-Suit-Tyrannosaurus-Rex-9.jpg\" alt=\"CENZELON 5701 Sword Suit Tyrannosaurus Rex \" width=\"750\" height=\"1000\" title=\"-\" srcset=\"https:\/\/mouldking.store\/wp-content\/uploads\/2022\/11\/CENZELON-5701-Sword-Suit-Tyrannosaurus-Rex-9.jpg 750w, https:\/\/mouldking.store\/wp-content\/uploads\/2022\/11\/CENZELON-5701-Sword-Suit-Tyrannosaurus-Rex-9-225x300.jpg 225w, https:\/\/mouldking.store\/wp-content\/uploads\/2022\/11\/CENZELON-5701-Sword-Suit-Tyrannosaurus-Rex-9-300x400.jpg 300w, https:\/\/mouldking.store\/wp-content\/uploads\/2022\/11\/CENZELON-5701-Sword-Suit-Tyrannosaurus-Rex-9-600x800.jpg 600w, https:\/\/mouldking.store\/wp-content\/uploads\/2022\/11\/CENZELON-5701-Sword-Suit-Tyrannosaurus-Rex-9-113x150.jpg 113w, https:\/\/mouldking.store\/wp-content\/uploads\/2022\/11\/CENZELON-5701-Sword-Suit-Tyrannosaurus-Rex-9-45x60.jpg 45w, https:\/\/mouldking.store\/wp-content\/uploads\/2022\/11\/CENZELON-5701-Sword-Suit-Tyrannosaurus-Rex-9-68x90.jpg 68w\" sizes=\"(max-width: 750px) 100vw, 750px\" \/><figcaption id=\"caption-attachment-36811\" class=\"wp-caption-text\">B\u1ed9 \u0111\u1ed3 ki\u1ebfm CENZELON 5701 Tyrannosaurus Rex<\/figcaption><\/figure>\n<figure id=\"attachment_36812\" aria-describedby=\"caption-attachment-36812\" style=\"width: 750px\" class=\"wp-caption aligncenter\"><img decoding=\"async\" class=\"wp-image-36812 size-full\" src=\"https:\/\/mouldking.store\/wp-content\/uploads\/2022\/11\/CENZELON-5701-Sword-Suit-Tyrannosaurus-Rex-8.jpg\" alt=\"CENZELON 5701 Sword Suit Tyrannosaurus Rex \" width=\"750\" height=\"1000\" title=\"-\" srcset=\"https:\/\/mouldking.store\/wp-content\/uploads\/2022\/11\/CENZELON-5701-Sword-Suit-Tyrannosaurus-Rex-8.jpg 750w, https:\/\/mouldking.store\/wp-content\/uploads\/2022\/11\/CENZELON-5701-Sword-Suit-Tyrannosaurus-Rex-8-225x300.jpg 225w, https:\/\/mouldking.store\/wp-content\/uploads\/2022\/11\/CENZELON-5701-Sword-Suit-Tyrannosaurus-Rex-8-300x400.jpg 300w, https:\/\/mouldking.store\/wp-content\/uploads\/2022\/11\/CENZELON-5701-Sword-Suit-Tyrannosaurus-Rex-8-600x800.jpg 600w, https:\/\/mouldking.store\/wp-content\/uploads\/2022\/11\/CENZELON-5701-Sword-Suit-Tyrannosaurus-Rex-8-113x150.jpg 113w, https:\/\/mouldking.store\/wp-content\/uploads\/2022\/11\/CENZELON-5701-Sword-Suit-Tyrannosaurus-Rex-8-45x60.jpg 45w, https:\/\/mouldking.store\/wp-content\/uploads\/2022\/11\/CENZELON-5701-Sword-Suit-Tyrannosaurus-Rex-8-68x90.jpg 68w\" sizes=\"(max-width: 750px) 100vw, 750px\" \/><figcaption id=\"caption-attachment-36812\" class=\"wp-caption-text\">B\u1ed9 \u0111\u1ed3 ki\u1ebfm CENZELON 5701 Tyrannosaurus Rex<\/figcaption><\/figure>\n<figure id=\"attachment_36813\" aria-describedby=\"caption-attachment-36813\" style=\"width: 750px\" class=\"wp-caption aligncenter\"><img loading=\"lazy\" decoding=\"async\" class=\"wp-image-36813 size-full\" src=\"https:\/\/mouldking.store\/wp-content\/uploads\/2022\/11\/CENZELON-5701-Sword-Suit-Tyrannosaurus-Rex-7.jpg\" alt=\"CENZELON 5701 Sword Suit Tyrannosaurus Rex \" width=\"750\" height=\"1000\" title=\"-\" srcset=\"https:\/\/mouldking.store\/wp-content\/uploads\/2022\/11\/CENZELON-5701-Sword-Suit-Tyrannosaurus-Rex-7.jpg 750w, https:\/\/mouldking.store\/wp-content\/uploads\/2022\/11\/CENZELON-5701-Sword-Suit-Tyrannosaurus-Rex-7-225x300.jpg 225w, https:\/\/mouldking.store\/wp-content\/uploads\/2022\/11\/CENZELON-5701-Sword-Suit-Tyrannosaurus-Rex-7-300x400.jpg 300w, https:\/\/mouldking.store\/wp-content\/uploads\/2022\/11\/CENZELON-5701-Sword-Suit-Tyrannosaurus-Rex-7-600x800.jpg 600w, https:\/\/mouldking.store\/wp-content\/uploads\/2022\/11\/CENZELON-5701-Sword-Suit-Tyrannosaurus-Rex-7-113x150.jpg 113w, https:\/\/mouldking.store\/wp-content\/uploads\/2022\/11\/CENZELON-5701-Sword-Suit-Tyrannosaurus-Rex-7-45x60.jpg 45w, https:\/\/mouldking.store\/wp-content\/uploads\/2022\/11\/CENZELON-5701-Sword-Suit-Tyrannosaurus-Rex-7-68x90.jpg 68w\" sizes=\"(max-width: 750px) 100vw, 750px\" \/><figcaption id=\"caption-attachment-36813\" class=\"wp-caption-text\">B\u1ed9 \u0111\u1ed3 ki\u1ebfm CENZELON 5701 Tyrannosaurus Rex<\/figcaption><\/figure>\n<figure id=\"attachment_36814\" aria-describedby=\"caption-attachment-36814\" style=\"width: 750px\" class=\"wp-caption aligncenter\"><img loading=\"lazy\" decoding=\"async\" class=\"wp-image-36814 size-full\" src=\"https:\/\/mouldking.store\/wp-content\/uploads\/2022\/11\/CENZELON-5701-Sword-Suit-Tyrannosaurus-Rex-6.jpg\" alt=\"CENZELON 5701 Sword Suit Tyrannosaurus Rex \" width=\"750\" height=\"750\" title=\"-\" srcset=\"https:\/\/mouldking.store\/wp-content\/uploads\/2022\/11\/CENZELON-5701-Sword-Suit-Tyrannosaurus-Rex-6.jpg 750w, https:\/\/mouldking.store\/wp-content\/uploads\/2022\/11\/CENZELON-5701-Sword-Suit-Tyrannosaurus-Rex-6-300x300.jpg 300w, https:\/\/mouldking.store\/wp-content\/uploads\/2022\/11\/CENZELON-5701-Sword-Suit-Tyrannosaurus-Rex-6-600x600.jpg 600w, https:\/\/mouldking.store\/wp-content\/uploads\/2022\/11\/CENZELON-5701-Sword-Suit-Tyrannosaurus-Rex-6-150x150.jpg 150w, https:\/\/mouldking.store\/wp-content\/uploads\/2022\/11\/CENZELON-5701-Sword-Suit-Tyrannosaurus-Rex-6-60x60.jpg 60w, https:\/\/mouldking.store\/wp-content\/uploads\/2022\/11\/CENZELON-5701-Sword-Suit-Tyrannosaurus-Rex-6-90x90.jpg 90w\" sizes=\"(max-width: 750px) 100vw, 750px\" \/><figcaption id=\"caption-attachment-36814\" class=\"wp-caption-text\">B\u1ed9 \u0111\u1ed3 ki\u1ebfm CENZELON 5701 Tyrannosaurus Rex<\/figcaption><\/figure>\n<figure id=\"attachment_36815\" aria-describedby=\"caption-attachment-36815\" style=\"width: 750px\" class=\"wp-caption aligncenter\"><img loading=\"lazy\" decoding=\"async\" class=\"wp-image-36815 size-full\" src=\"https:\/\/mouldking.store\/wp-content\/uploads\/2022\/11\/CENZELON-5701-Sword-Suit-Tyrannosaurus-Rex-5.jpg\" alt=\"CENZELON 5701 Sword Suit Tyrannosaurus Rex \" width=\"750\" height=\"1000\" title=\"-\" srcset=\"https:\/\/mouldking.store\/wp-content\/uploads\/2022\/11\/CENZELON-5701-Sword-Suit-Tyrannosaurus-Rex-5.jpg 750w, https:\/\/mouldking.store\/wp-content\/uploads\/2022\/11\/CENZELON-5701-Sword-Suit-Tyrannosaurus-Rex-5-225x300.jpg 225w, https:\/\/mouldking.store\/wp-content\/uploads\/2022\/11\/CENZELON-5701-Sword-Suit-Tyrannosaurus-Rex-5-300x400.jpg 300w, https:\/\/mouldking.store\/wp-content\/uploads\/2022\/11\/CENZELON-5701-Sword-Suit-Tyrannosaurus-Rex-5-600x800.jpg 600w, https:\/\/mouldking.store\/wp-content\/uploads\/2022\/11\/CENZELON-5701-Sword-Suit-Tyrannosaurus-Rex-5-113x150.jpg 113w, https:\/\/mouldking.store\/wp-content\/uploads\/2022\/11\/CENZELON-5701-Sword-Suit-Tyrannosaurus-Rex-5-45x60.jpg 45w, https:\/\/mouldking.store\/wp-content\/uploads\/2022\/11\/CENZELON-5701-Sword-Suit-Tyrannosaurus-Rex-5-68x90.jpg 68w\" sizes=\"(max-width: 750px) 100vw, 750px\" \/><figcaption id=\"caption-attachment-36815\" class=\"wp-caption-text\">B\u1ed9 \u0111\u1ed3 ki\u1ebfm CENZELON 5701 Tyrannosaurus Rex<\/figcaption><\/figure>\n<figure id=\"attachment_36816\" aria-describedby=\"caption-attachment-36816\" style=\"width: 750px\" class=\"wp-caption aligncenter\"><img loading=\"lazy\" decoding=\"async\" class=\"wp-image-36816 size-full\" src=\"https:\/\/mouldking.store\/wp-content\/uploads\/2022\/11\/CENZELON-5701-Sword-Suit-Tyrannosaurus-Rex-4.jpg\" alt=\"CENZELON 5701 Sword Suit Tyrannosaurus Rex \" width=\"750\" height=\"1000\" title=\"-\" srcset=\"https:\/\/mouldking.store\/wp-content\/uploads\/2022\/11\/CENZELON-5701-Sword-Suit-Tyrannosaurus-Rex-4.jpg 750w, https:\/\/mouldking.store\/wp-content\/uploads\/2022\/11\/CENZELON-5701-Sword-Suit-Tyrannosaurus-Rex-4-225x300.jpg 225w, https:\/\/mouldking.store\/wp-content\/uploads\/2022\/11\/CENZELON-5701-Sword-Suit-Tyrannosaurus-Rex-4-300x400.jpg 300w, https:\/\/mouldking.store\/wp-content\/uploads\/2022\/11\/CENZELON-5701-Sword-Suit-Tyrannosaurus-Rex-4-600x800.jpg 600w, https:\/\/mouldking.store\/wp-content\/uploads\/2022\/11\/CENZELON-5701-Sword-Suit-Tyrannosaurus-Rex-4-113x150.jpg 113w, https:\/\/mouldking.store\/wp-content\/uploads\/2022\/11\/CENZELON-5701-Sword-Suit-Tyrannosaurus-Rex-4-45x60.jpg 45w, https:\/\/mouldking.store\/wp-content\/uploads\/2022\/11\/CENZELON-5701-Sword-Suit-Tyrannosaurus-Rex-4-68x90.jpg 68w\" sizes=\"(max-width: 750px) 100vw, 750px\" \/><figcaption id=\"caption-attachment-36816\" class=\"wp-caption-text\">B\u1ed9 \u0111\u1ed3 ki\u1ebfm CENZELON 5701 Tyrannosaurus Rex<\/figcaption><\/figure>\n<figure id=\"attachment_36817\" aria-describedby=\"caption-attachment-36817\" style=\"width: 566px\" class=\"wp-caption aligncenter\"><img loading=\"lazy\" decoding=\"async\" class=\"wp-image-36817 size-full\" src=\"https:\/\/mouldking.store\/wp-content\/uploads\/2022\/11\/CENZELON-5701-Sword-Suit-Tyrannosaurus-Rex-3.jpg\" alt=\"CENZELON 5701 Sword Suit Tyrannosaurus Rex \" width=\"566\" height=\"1024\" title=\"-\" srcset=\"https:\/\/mouldking.store\/wp-content\/uploads\/2022\/11\/CENZELON-5701-Sword-Suit-Tyrannosaurus-Rex-3.jpg 566w, https:\/\/mouldking.store\/wp-content\/uploads\/2022\/11\/CENZELON-5701-Sword-Suit-Tyrannosaurus-Rex-3-166x300.jpg 166w, https:\/\/mouldking.store\/wp-content\/uploads\/2022\/11\/CENZELON-5701-Sword-Suit-Tyrannosaurus-Rex-3-300x543.jpg 300w, https:\/\/mouldking.store\/wp-content\/uploads\/2022\/11\/CENZELON-5701-Sword-Suit-Tyrannosaurus-Rex-3-83x150.jpg 83w, https:\/\/mouldking.store\/wp-content\/uploads\/2022\/11\/CENZELON-5701-Sword-Suit-Tyrannosaurus-Rex-3-33x60.jpg 33w, https:\/\/mouldking.store\/wp-content\/uploads\/2022\/11\/CENZELON-5701-Sword-Suit-Tyrannosaurus-Rex-3-50x90.jpg 50w\" sizes=\"(max-width: 566px) 100vw, 566px\" \/><figcaption id=\"caption-attachment-36817\" class=\"wp-caption-text\">B\u1ed9 \u0111\u1ed3 ki\u1ebfm CENZELON 5701 Tyrannosaurus Rex<\/figcaption><\/figure>\n<figure id=\"attachment_36818\" aria-describedby=\"caption-attachment-36818\" style=\"width: 533px\" class=\"wp-caption aligncenter\"><img loading=\"lazy\" decoding=\"async\" class=\"wp-image-36818 size-full\" src=\"https:\/\/mouldking.store\/wp-content\/uploads\/2022\/11\/CENZELON-5701-Sword-Suit-Tyrannosaurus-Rex-2.jpg\" alt=\"CENZELON 5701 Sword Suit Tyrannosaurus Rex \" width=\"533\" height=\"1024\" title=\"-\" srcset=\"https:\/\/mouldking.store\/wp-content\/uploads\/2022\/11\/CENZELON-5701-Sword-Suit-Tyrannosaurus-Rex-2.jpg 533w, https:\/\/mouldking.store\/wp-content\/uploads\/2022\/11\/CENZELON-5701-Sword-Suit-Tyrannosaurus-Rex-2-156x300.jpg 156w, https:\/\/mouldking.store\/wp-content\/uploads\/2022\/11\/CENZELON-5701-Sword-Suit-Tyrannosaurus-Rex-2-300x576.jpg 300w, https:\/\/mouldking.store\/wp-content\/uploads\/2022\/11\/CENZELON-5701-Sword-Suit-Tyrannosaurus-Rex-2-78x150.jpg 78w, https:\/\/mouldking.store\/wp-content\/uploads\/2022\/11\/CENZELON-5701-Sword-Suit-Tyrannosaurus-Rex-2-31x60.jpg 31w, https:\/\/mouldking.store\/wp-content\/uploads\/2022\/11\/CENZELON-5701-Sword-Suit-Tyrannosaurus-Rex-2-47x90.jpg 47w\" sizes=\"(max-width: 533px) 100vw, 533px\" \/><figcaption id=\"caption-attachment-36818\" class=\"wp-caption-text\">B\u1ed9 \u0111\u1ed3 ki\u1ebfm CENZELON 5701 Tyrannosaurus Rex<\/figcaption><\/figure>\n<figure id=\"attachment_36819\" aria-describedby=\"caption-attachment-36819\" style=\"width: 536px\" class=\"wp-caption aligncenter\"><img loading=\"lazy\" decoding=\"async\" class=\"wp-image-36819 size-full\" src=\"https:\/\/mouldking.store\/wp-content\/uploads\/2022\/11\/CENZELON-5701-Sword-Suit-Tyrannosaurus-Rex-1.jpg\" alt=\"CENZELON 5701 Sword Suit Tyrannosaurus Rex \" width=\"536\" height=\"1024\" title=\"-\" srcset=\"https:\/\/mouldking.store\/wp-content\/uploads\/2022\/11\/CENZELON-5701-Sword-Suit-Tyrannosaurus-Rex-1.jpg 536w, https:\/\/mouldking.store\/wp-content\/uploads\/2022\/11\/CENZELON-5701-Sword-Suit-Tyrannosaurus-Rex-1-157x300.jpg 157w, https:\/\/mouldking.store\/wp-content\/uploads\/2022\/11\/CENZELON-5701-Sword-Suit-Tyrannosaurus-Rex-1-300x573.jpg 300w, https:\/\/mouldking.store\/wp-content\/uploads\/2022\/11\/CENZELON-5701-Sword-Suit-Tyrannosaurus-Rex-1-79x150.jpg 79w, https:\/\/mouldking.store\/wp-content\/uploads\/2022\/11\/CENZELON-5701-Sword-Suit-Tyrannosaurus-Rex-1-31x60.jpg 31w, https:\/\/mouldking.store\/wp-content\/uploads\/2022\/11\/CENZELON-5701-Sword-Suit-Tyrannosaurus-Rex-1-47x90.jpg 47w\" sizes=\"(max-width: 536px) 100vw, 536px\" \/><figcaption id=\"caption-attachment-36819\" class=\"wp-caption-text\">B\u1ed9 \u0111\u1ed3 ki\u1ebfm CENZELON 5701 Tyrannosaurus Rex<\/figcaption><\/figure>","protected":false},"excerpt":{"rendered":"<p>Product information: Brand: CENZELON Gender: Unisex Name: Sword Suit Tyrannosaurus Rex Age Range: &gt; 6 years old Model Number: 5701 Classification: Assemblage Plastic Block Shape: Self-Locking Bricks Material: Plastic Plastic Type: ABS Contains detailed assembly instructions. Notice: 1. Without an original box, but we guarantee our products have quality assurance and nice packaging. 2. As [&hellip;]<\/p>","protected":false},"featured_media":36810,"comment_status":"closed","ping_status":"closed","template":"","meta":{"_acf_changed":false},"product_cat":[1365],"product_tag":[8563,8543,8567,8562,8565,8564,2981,8566,8568,5185,5184],"class_list":["product","first","instock","shipping-taxable","purchasable","product-type-simple"],"acf":[],"_links":{"self":[{"href":"https:\/\/mouldking.store\/vi\/wp-json\/wp\/v2\/product\/36809","targetHints":{"allow":["GET"]}}],"collection":[{"href":"https:\/\/mouldking.store\/vi\/wp-json\/wp\/v2\/product"}],"about":[{"href":"https:\/\/mouldking.store\/vi\/wp-json\/wp\/v2\/types\/product"}],"replies":[{"embeddable":true,"href":"https:\/\/mouldking.store\/vi\/wp-json\/wp\/v2\/comments?post=36809"}],"wp:featuredmedia":[{"embeddable":true,"href":"https:\/\/mouldking.store\/vi\/wp-json\/wp\/v2\/media\/36810"}],"wp:attachment":[{"href":"https:\/\/mouldking.store\/vi\/wp-json\/wp\/v2\/media?parent=36809"}],"wp:term":[{"taxonomy":"product_cat","embeddable":true,"href":"https:\/\/mouldking.store\/vi\/wp-json\/wp\/v2\/product_cat?post=36809"},{"taxonomy":"product_tag","embeddable":true,"href":"https:\/\/mouldking.store\/vi\/wp-json\/wp\/v2\/product_tag?post=36809"}],"curies":[{"name":"wp","href":"https:\/\/api.w.org\/{rel}","templated":true}]}}