{"id":36912,"date":"2022-12-01T12:13:09","date_gmt":"2022-12-01T05:13:09","guid":{"rendered":"https:\/\/mouldking.store\/?post_type=product&#038;p=36912"},"modified":"2025-12-25T09:12:18","modified_gmt":"2025-12-25T02:12:18","slug":"moc-89540-medieval-ruins-military-war-scene-with-2179pcs","status":"publish","type":"product","link":"https:\/\/mouldking.store\/vi\/shop\/moc-89540-medieval-ruins-military-war-scene-with-2179pcs\/","title":{"rendered":"MOC-89540 C\u1ea3nh chi\u1ebfn tranh t\u00e0n t\u00edch th\u1eddi trung c\u1ed5 v\u1edbi 2179 C\u00c1I"},"content":{"rendered":"<p>Th\u00f4ng tin s\u1ea3n ph\u1ea9m:<\/p>\n<ol>\n<li>Th\u01b0\u01a1ng hi\u1ec7u: M\u1ed8C<\/li>\n<li>Gi\u1edbi t\u00ednh: Unisex<\/li>\n<li>Name: Medieval Ruins Military War Scene<\/li>\n<li>\u0110\u1ed9 tu\u1ed5i: &gt; 6 tu\u1ed5i<\/li>\n<li>Model Number: 89540<\/li>\n<li>Ph\u00e2n lo\u1ea1i: T\u1eadp h\u1ee3p<\/li>\n<li>H\u00ecnh d\u1ea1ng kh\u1ed1i nh\u1ef1a: G\u1ea1ch t\u1ef1 kh\u00f3a<\/li>\n<li>Ch\u1ea5t li\u1ec7u: Nh\u1ef1a<\/li>\n<li>Lo\u1ea1i nh\u1ef1a: ABS<\/li>\n<li>Bricks Blocks:2179 PCS<\/li>\n<li>Size: 37 x 27 x 14cm<\/li>\n<li>Tr\u1ecdng l\u01b0\u1ee3ng: 1322g<\/li>\n<li>Ch\u1ee9a h\u01b0\u1edbng d\u1eabn l\u1eafp r\u00e1p chi ti\u1ebft.<\/li>\n<\/ol>\n<p>\u0110\u1ec3 \u00fd:<br \/>\n1. Kh\u00f4ng c\u00f3 h\u1ed9p ban \u0111\u1ea7u, nh\u01b0ng ch\u00fang t\u00f4i \u0111\u1ea3m b\u1ea3o s\u1ea3n ph\u1ea9m c\u1ee7a ch\u00fang t\u00f4i c\u00f3 ch\u1ea5t l\u01b0\u1ee3ng \u0111\u1ea3m b\u1ea3o v\u00e0 bao b\u00ec \u0111\u1eb9p.<br \/>\n2. V\u00ec t\u1ea5t c\u1ea3 c\u00e1c b\u1ed9 ph\u1eadn ch\u00fang t\u00f4i \u0111\u00e3 ki\u1ec3m tra tr\u01b0\u1edbc khi v\u1eadn chuy\u1ec3n, v\u00ec v\u1eady n\u1ebfu b\u1ea1n th\u1ea5y m\u1ed9t s\u1ed1 b\u1ed9 ph\u1eadn b\u1ecb thi\u1ebfu ho\u1eb7c h\u01b0 h\u1ecfng, \u0111\u1eebng lo l\u1eafng v\u00e0 ch\u1ec9 c\u1ea7n vui l\u00f2ng li\u00ean h\u1ec7 v\u1edbi ch\u00fang t\u00f4i v\u00e0 ch\u00fang t\u00f4i c\u00f3 th\u1ec3 g\u1eedi l\u1ea1i mi\u1ec5n ph\u00ed cho b\u1ea1n ngay l\u1eadp t\u1ee9c.<\/p>\n<figure id=\"attachment_36913\" aria-describedby=\"caption-attachment-36913\" style=\"width: 1024px\" class=\"wp-caption aligncenter\"><img fetchpriority=\"high\" decoding=\"async\" class=\"wp-image-36913 size-large\" src=\"https:\/\/mouldking.store\/wp-content\/uploads\/2022\/12\/MOC-89540-Modular-Building-Medieval-Ruins-Military-War-Scene-MOC-FACTORY-1024x1024.png\" alt=\"MOC-89540 Medieval Ruins Military War Scene With 2179PCS \" width=\"1024\" height=\"1024\" title=\"-\" srcset=\"https:\/\/mouldking.store\/wp-content\/uploads\/2022\/12\/MOC-89540-Modular-Building-Medieval-Ruins-Military-War-Scene-MOC-FACTORY-1024x1024.png 1024w, https:\/\/mouldking.store\/wp-content\/uploads\/2022\/12\/MOC-89540-Modular-Building-Medieval-Ruins-Military-War-Scene-MOC-FACTORY-300x300.png 300w, https:\/\/mouldking.store\/wp-content\/uploads\/2022\/12\/MOC-89540-Modular-Building-Medieval-Ruins-Military-War-Scene-MOC-FACTORY-768x768.png 768w, https:\/\/mouldking.store\/wp-content\/uploads\/2022\/12\/MOC-89540-Modular-Building-Medieval-Ruins-Military-War-Scene-MOC-FACTORY-600x600.png 600w, https:\/\/mouldking.store\/wp-content\/uploads\/2022\/12\/MOC-89540-Modular-Building-Medieval-Ruins-Military-War-Scene-MOC-FACTORY-150x150.png 150w, https:\/\/mouldking.store\/wp-content\/uploads\/2022\/12\/MOC-89540-Modular-Building-Medieval-Ruins-Military-War-Scene-MOC-FACTORY-60x60.png 60w, https:\/\/mouldking.store\/wp-content\/uploads\/2022\/12\/MOC-89540-Modular-Building-Medieval-Ruins-Military-War-Scene-MOC-FACTORY-90x90.png 90w, https:\/\/mouldking.store\/wp-content\/uploads\/2022\/12\/MOC-89540-Modular-Building-Medieval-Ruins-Military-War-Scene-MOC-FACTORY.png 1095w\" sizes=\"(max-width: 1024px) 100vw, 1024px\" \/><figcaption id=\"caption-attachment-36913\" class=\"wp-caption-text\">MOC-89540 C\u1ea3nh chi\u1ebfn tranh t\u00e0n t\u00edch th\u1eddi trung c\u1ed5 v\u1edbi 2179 C\u00c1I<\/figcaption><\/figure>\n<figure id=\"attachment_36914\" aria-describedby=\"caption-attachment-36914\" style=\"width: 1024px\" class=\"wp-caption aligncenter\"><img decoding=\"async\" class=\"wp-image-36914 size-large\" src=\"https:\/\/mouldking.store\/wp-content\/uploads\/2022\/12\/authorized-medieval-ruins-military-war-s_main-5-1024x1024.jpg\" alt=\"MOC-89540 Medieval Ruins Military War Scene With 2179PCS \" width=\"1024\" height=\"1024\" title=\"-\" srcset=\"https:\/\/mouldking.store\/wp-content\/uploads\/2022\/12\/authorized-medieval-ruins-military-war-s_main-5-1024x1024.jpg 1024w, https:\/\/mouldking.store\/wp-content\/uploads\/2022\/12\/authorized-medieval-ruins-military-war-s_main-5-300x300.jpg 300w, https:\/\/mouldking.store\/wp-content\/uploads\/2022\/12\/authorized-medieval-ruins-military-war-s_main-5-768x768.jpg 768w, https:\/\/mouldking.store\/wp-content\/uploads\/2022\/12\/authorized-medieval-ruins-military-war-s_main-5-600x600.jpg 600w, https:\/\/mouldking.store\/wp-content\/uploads\/2022\/12\/authorized-medieval-ruins-military-war-s_main-5-150x150.jpg 150w, https:\/\/mouldking.store\/wp-content\/uploads\/2022\/12\/authorized-medieval-ruins-military-war-s_main-5-60x60.jpg 60w, https:\/\/mouldking.store\/wp-content\/uploads\/2022\/12\/authorized-medieval-ruins-military-war-s_main-5-90x90.jpg 90w, https:\/\/mouldking.store\/wp-content\/uploads\/2022\/12\/authorized-medieval-ruins-military-war-s_main-5.jpg 1100w\" sizes=\"(max-width: 1024px) 100vw, 1024px\" \/><figcaption id=\"caption-attachment-36914\" class=\"wp-caption-text\">MOC-89540 C\u1ea3nh chi\u1ebfn tranh t\u00e0n t\u00edch th\u1eddi trung c\u1ed5 v\u1edbi 2179 C\u00c1I<\/figcaption><\/figure>\n<figure id=\"attachment_36915\" aria-describedby=\"caption-attachment-36915\" style=\"width: 1024px\" class=\"wp-caption aligncenter\"><img decoding=\"async\" class=\"wp-image-36915 size-large\" src=\"https:\/\/mouldking.store\/wp-content\/uploads\/2022\/12\/authorized-medieval-ruins-military-war-s_main-4-1024x1024.jpg\" alt=\"MOC-89540 Medieval Ruins Military War Scene With 2179PCS \" width=\"1024\" height=\"1024\" title=\"-\" srcset=\"https:\/\/mouldking.store\/wp-content\/uploads\/2022\/12\/authorized-medieval-ruins-military-war-s_main-4-1024x1024.jpg 1024w, https:\/\/mouldking.store\/wp-content\/uploads\/2022\/12\/authorized-medieval-ruins-military-war-s_main-4-300x300.jpg 300w, https:\/\/mouldking.store\/wp-content\/uploads\/2022\/12\/authorized-medieval-ruins-military-war-s_main-4-768x768.jpg 768w, https:\/\/mouldking.store\/wp-content\/uploads\/2022\/12\/authorized-medieval-ruins-military-war-s_main-4-600x600.jpg 600w, https:\/\/mouldking.store\/wp-content\/uploads\/2022\/12\/authorized-medieval-ruins-military-war-s_main-4-150x150.jpg 150w, https:\/\/mouldking.store\/wp-content\/uploads\/2022\/12\/authorized-medieval-ruins-military-war-s_main-4-60x60.jpg 60w, https:\/\/mouldking.store\/wp-content\/uploads\/2022\/12\/authorized-medieval-ruins-military-war-s_main-4-90x90.jpg 90w, https:\/\/mouldking.store\/wp-content\/uploads\/2022\/12\/authorized-medieval-ruins-military-war-s_main-4.jpg 1100w\" sizes=\"(max-width: 1024px) 100vw, 1024px\" \/><figcaption id=\"caption-attachment-36915\" class=\"wp-caption-text\">MOC-89540 C\u1ea3nh chi\u1ebfn tranh t\u00e0n t\u00edch th\u1eddi trung c\u1ed5 v\u1edbi 2179 C\u00c1I<\/figcaption><\/figure>\n<figure id=\"attachment_36916\" aria-describedby=\"caption-attachment-36916\" style=\"width: 1024px\" class=\"wp-caption aligncenter\"><img loading=\"lazy\" decoding=\"async\" class=\"wp-image-36916 size-large\" src=\"https:\/\/mouldking.store\/wp-content\/uploads\/2022\/12\/authorized-medieval-ruins-military-war-s_main-3-1024x1024.jpg\" alt=\"MOC-89540 Medieval Ruins Military War Scene With 2179PCS \" width=\"1024\" height=\"1024\" title=\"-\" srcset=\"https:\/\/mouldking.store\/wp-content\/uploads\/2022\/12\/authorized-medieval-ruins-military-war-s_main-3-1024x1024.jpg 1024w, https:\/\/mouldking.store\/wp-content\/uploads\/2022\/12\/authorized-medieval-ruins-military-war-s_main-3-300x300.jpg 300w, https:\/\/mouldking.store\/wp-content\/uploads\/2022\/12\/authorized-medieval-ruins-military-war-s_main-3-768x768.jpg 768w, https:\/\/mouldking.store\/wp-content\/uploads\/2022\/12\/authorized-medieval-ruins-military-war-s_main-3-600x600.jpg 600w, https:\/\/mouldking.store\/wp-content\/uploads\/2022\/12\/authorized-medieval-ruins-military-war-s_main-3-150x150.jpg 150w, https:\/\/mouldking.store\/wp-content\/uploads\/2022\/12\/authorized-medieval-ruins-military-war-s_main-3-60x60.jpg 60w, https:\/\/mouldking.store\/wp-content\/uploads\/2022\/12\/authorized-medieval-ruins-military-war-s_main-3-90x90.jpg 90w, https:\/\/mouldking.store\/wp-content\/uploads\/2022\/12\/authorized-medieval-ruins-military-war-s_main-3.jpg 1100w\" sizes=\"(max-width: 1024px) 100vw, 1024px\" \/><figcaption id=\"caption-attachment-36916\" class=\"wp-caption-text\">MOC-89540 C\u1ea3nh chi\u1ebfn tranh t\u00e0n t\u00edch th\u1eddi trung c\u1ed5 v\u1edbi 2179 C\u00c1I<\/figcaption><\/figure>\n<figure id=\"attachment_36917\" aria-describedby=\"caption-attachment-36917\" style=\"width: 1024px\" class=\"wp-caption aligncenter\"><img loading=\"lazy\" decoding=\"async\" class=\"wp-image-36917 size-large\" src=\"https:\/\/mouldking.store\/wp-content\/uploads\/2022\/12\/authorized-medieval-ruins-military-war-s_main-1-1024x1024.jpg\" alt=\"MOC-89540 Medieval Ruins Military War Scene With 2179PCS \" width=\"1024\" height=\"1024\" title=\"-\" srcset=\"https:\/\/mouldking.store\/wp-content\/uploads\/2022\/12\/authorized-medieval-ruins-military-war-s_main-1-1024x1024.jpg 1024w, https:\/\/mouldking.store\/wp-content\/uploads\/2022\/12\/authorized-medieval-ruins-military-war-s_main-1-300x300.jpg 300w, https:\/\/mouldking.store\/wp-content\/uploads\/2022\/12\/authorized-medieval-ruins-military-war-s_main-1-768x768.jpg 768w, https:\/\/mouldking.store\/wp-content\/uploads\/2022\/12\/authorized-medieval-ruins-military-war-s_main-1-600x600.jpg 600w, https:\/\/mouldking.store\/wp-content\/uploads\/2022\/12\/authorized-medieval-ruins-military-war-s_main-1-150x150.jpg 150w, https:\/\/mouldking.store\/wp-content\/uploads\/2022\/12\/authorized-medieval-ruins-military-war-s_main-1-60x60.jpg 60w, https:\/\/mouldking.store\/wp-content\/uploads\/2022\/12\/authorized-medieval-ruins-military-war-s_main-1-90x90.jpg 90w, https:\/\/mouldking.store\/wp-content\/uploads\/2022\/12\/authorized-medieval-ruins-military-war-s_main-1.jpg 1100w\" sizes=\"(max-width: 1024px) 100vw, 1024px\" \/><figcaption id=\"caption-attachment-36917\" class=\"wp-caption-text\">MOC-89540 C\u1ea3nh chi\u1ebfn tranh t\u00e0n t\u00edch th\u1eddi trung c\u1ed5 v\u1edbi 2179 C\u00c1I<\/figcaption><\/figure>\n<figure id=\"attachment_36918\" aria-describedby=\"caption-attachment-36918\" style=\"width: 1024px\" class=\"wp-caption aligncenter\"><img loading=\"lazy\" decoding=\"async\" class=\"wp-image-36918 size-large\" src=\"https:\/\/mouldking.store\/wp-content\/uploads\/2022\/12\/authorized-medieval-ruins-military-war-s_main-2-1024x1024.jpg\" alt=\"MOC-89540 Medieval Ruins Military War Scene With 2179PCS \" width=\"1024\" height=\"1024\" title=\"-\" srcset=\"https:\/\/mouldking.store\/wp-content\/uploads\/2022\/12\/authorized-medieval-ruins-military-war-s_main-2-1024x1024.jpg 1024w, https:\/\/mouldking.store\/wp-content\/uploads\/2022\/12\/authorized-medieval-ruins-military-war-s_main-2-300x300.jpg 300w, https:\/\/mouldking.store\/wp-content\/uploads\/2022\/12\/authorized-medieval-ruins-military-war-s_main-2-768x768.jpg 768w, https:\/\/mouldking.store\/wp-content\/uploads\/2022\/12\/authorized-medieval-ruins-military-war-s_main-2-600x600.jpg 600w, https:\/\/mouldking.store\/wp-content\/uploads\/2022\/12\/authorized-medieval-ruins-military-war-s_main-2-150x150.jpg 150w, https:\/\/mouldking.store\/wp-content\/uploads\/2022\/12\/authorized-medieval-ruins-military-war-s_main-2-60x60.jpg 60w, https:\/\/mouldking.store\/wp-content\/uploads\/2022\/12\/authorized-medieval-ruins-military-war-s_main-2-90x90.jpg 90w, https:\/\/mouldking.store\/wp-content\/uploads\/2022\/12\/authorized-medieval-ruins-military-war-s_main-2.jpg 1100w\" sizes=\"(max-width: 1024px) 100vw, 1024px\" \/><figcaption id=\"caption-attachment-36918\" class=\"wp-caption-text\">MOC-89540 C\u1ea3nh chi\u1ebfn tranh t\u00e0n t\u00edch th\u1eddi trung c\u1ed5 v\u1edbi 2179 C\u00c1I<\/figcaption><\/figure>\n<figure id=\"attachment_36919\" aria-describedby=\"caption-attachment-36919\" style=\"width: 1024px\" class=\"wp-caption aligncenter\"><img loading=\"lazy\" decoding=\"async\" class=\"wp-image-36919 size-large\" src=\"https:\/\/mouldking.store\/wp-content\/uploads\/2022\/12\/authorized-medieval-ruins-military-war-s_main-0-1024x1024.jpg\" alt=\"MOC-89540 Medieval Ruins Military War Scene With 2179PCS \" width=\"1024\" height=\"1024\" title=\"-\" srcset=\"https:\/\/mouldking.store\/wp-content\/uploads\/2022\/12\/authorized-medieval-ruins-military-war-s_main-0-1024x1024.jpg 1024w, https:\/\/mouldking.store\/wp-content\/uploads\/2022\/12\/authorized-medieval-ruins-military-war-s_main-0-300x300.jpg 300w, https:\/\/mouldking.store\/wp-content\/uploads\/2022\/12\/authorized-medieval-ruins-military-war-s_main-0-768x768.jpg 768w, https:\/\/mouldking.store\/wp-content\/uploads\/2022\/12\/authorized-medieval-ruins-military-war-s_main-0-600x600.jpg 600w, https:\/\/mouldking.store\/wp-content\/uploads\/2022\/12\/authorized-medieval-ruins-military-war-s_main-0-150x150.jpg 150w, https:\/\/mouldking.store\/wp-content\/uploads\/2022\/12\/authorized-medieval-ruins-military-war-s_main-0-60x60.jpg 60w, https:\/\/mouldking.store\/wp-content\/uploads\/2022\/12\/authorized-medieval-ruins-military-war-s_main-0-90x90.jpg 90w, https:\/\/mouldking.store\/wp-content\/uploads\/2022\/12\/authorized-medieval-ruins-military-war-s_main-0.jpg 1100w\" sizes=\"(max-width: 1024px) 100vw, 1024px\" \/><figcaption id=\"caption-attachment-36919\" class=\"wp-caption-text\">MOC-89540 C\u1ea3nh chi\u1ebfn tranh t\u00e0n t\u00edch th\u1eddi trung c\u1ed5 v\u1edbi 2179 C\u00c1I<\/figcaption><\/figure>","protected":false},"excerpt":{"rendered":"<p>Th\u1eddi gian s\u1eafp x\u1ebfp: 4-8 tu\u1ea7n<\/p>","protected":false},"featured_media":36913,"comment_status":"closed","ping_status":"closed","template":"","meta":{"_acf_changed":false},"product_cat":[1395,1406,390],"product_tag":[4996,8624,8625,374,8622,8626,8621,8589,8623],"class_list":["product","first","instock","shipping-taxable","purchasable","product-type-simple"],"acf":[],"_links":{"self":[{"href":"https:\/\/mouldking.store\/vi\/wp-json\/wp\/v2\/product\/36912","targetHints":{"allow":["GET"]}}],"collection":[{"href":"https:\/\/mouldking.store\/vi\/wp-json\/wp\/v2\/product"}],"about":[{"href":"https:\/\/mouldking.store\/vi\/wp-json\/wp\/v2\/types\/product"}],"replies":[{"embeddable":true,"href":"https:\/\/mouldking.store\/vi\/wp-json\/wp\/v2\/comments?post=36912"}],"wp:featuredmedia":[{"embeddable":true,"href":"https:\/\/mouldking.store\/vi\/wp-json\/wp\/v2\/media\/36913"}],"wp:attachment":[{"href":"https:\/\/mouldking.store\/vi\/wp-json\/wp\/v2\/media?parent=36912"}],"wp:term":[{"taxonomy":"product_cat","embeddable":true,"href":"https:\/\/mouldking.store\/vi\/wp-json\/wp\/v2\/product_cat?post=36912"},{"taxonomy":"product_tag","embeddable":true,"href":"https:\/\/mouldking.store\/vi\/wp-json\/wp\/v2\/product_tag?post=36912"}],"curies":[{"name":"wp","href":"https:\/\/api.w.org\/{rel}","templated":true}]}}