{"id":36995,"date":"2022-12-01T15:09:27","date_gmt":"2022-12-01T08:09:27","guid":{"rendered":"https:\/\/mouldking.store\/?post_type=product&#038;p=36995"},"modified":"2025-12-25T09:12:17","modified_gmt":"2025-12-25T02:12:17","slug":"moc-89537-super-heavy-tank-with-1121pcs","status":"publish","type":"product","link":"https:\/\/mouldking.store\/vi\/shop\/moc-89537-super-heavy-tank-with-1121pcs\/","title":{"rendered":"Xe t\u0103ng h\u1ea1ng n\u1eb7ng MOC-89537 v\u1edbi 1121 C\u00c1I"},"content":{"rendered":"<p>Th\u00f4ng tin s\u1ea3n ph\u1ea9m:<\/p>\n<ol>\n<li>Th\u01b0\u01a1ng hi\u1ec7u: M\u1ed8C<\/li>\n<li>Gi\u1edbi t\u00ednh: Unisex<\/li>\n<li>Name: Super Heavy Tank<\/li>\n<li>\u0110\u1ed9 tu\u1ed5i: &gt; 6 tu\u1ed5i<\/li>\n<li>Model Number: 89537<\/li>\n<li>Ph\u00e2n lo\u1ea1i: T\u1eadp h\u1ee3p<\/li>\n<li>H\u00ecnh d\u1ea1ng kh\u1ed1i nh\u1ef1a: G\u1ea1ch t\u1ef1 kh\u00f3a<\/li>\n<li>Ch\u1ea5t li\u1ec7u: Nh\u1ef1a<\/li>\n<li>Lo\u1ea1i nh\u1ef1a: ABS<\/li>\n<li>Bricks Blocks:1121PCS<\/li>\n<li>Size: 32 x 12.5 x 11cm<\/li>\n<li>Tr\u1ecdng l\u01b0\u1ee3ng:1500g<\/li>\n<li>Ch\u1ee9a h\u01b0\u1edbng d\u1eabn l\u1eafp r\u00e1p chi ti\u1ebft.<\/li>\n<\/ol>\n<p>\u0110\u1ec3 \u00fd:<br \/>\n1. Kh\u00f4ng c\u00f3 h\u1ed9p ban \u0111\u1ea7u, nh\u01b0ng ch\u00fang t\u00f4i \u0111\u1ea3m b\u1ea3o s\u1ea3n ph\u1ea9m c\u1ee7a ch\u00fang t\u00f4i c\u00f3 ch\u1ea5t l\u01b0\u1ee3ng \u0111\u1ea3m b\u1ea3o v\u00e0 bao b\u00ec \u0111\u1eb9p.<br \/>\n2. V\u00ec t\u1ea5t c\u1ea3 c\u00e1c b\u1ed9 ph\u1eadn ch\u00fang t\u00f4i \u0111\u00e3 ki\u1ec3m tra tr\u01b0\u1edbc khi v\u1eadn chuy\u1ec3n, v\u00ec v\u1eady n\u1ebfu b\u1ea1n th\u1ea5y m\u1ed9t s\u1ed1 b\u1ed9 ph\u1eadn b\u1ecb thi\u1ebfu ho\u1eb7c h\u01b0 h\u1ecfng, \u0111\u1eebng lo l\u1eafng v\u00e0 ch\u1ec9 c\u1ea7n vui l\u00f2ng li\u00ean h\u1ec7 v\u1edbi ch\u00fang t\u00f4i v\u00e0 ch\u00fang t\u00f4i c\u00f3 th\u1ec3 g\u1eedi l\u1ea1i mi\u1ec5n ph\u00ed cho b\u1ea1n ngay l\u1eadp t\u1ee9c.<\/p>\n<figure id=\"attachment_37001\" aria-describedby=\"caption-attachment-37001\" style=\"width: 1024px\" class=\"wp-caption aligncenter\"><img fetchpriority=\"high\" decoding=\"async\" class=\"wp-image-37001 size-large\" src=\"https:\/\/mouldking.store\/wp-content\/uploads\/2022\/12\/MOC-89537-Military-Super-Heavy-Tank-MOC-FACTORY-1024x1024.png\" alt=\"MOC-89537 Super Heavy Tank With 1121PCS \" width=\"1024\" height=\"1024\" title=\"-\" srcset=\"https:\/\/mouldking.store\/wp-content\/uploads\/2022\/12\/MOC-89537-Military-Super-Heavy-Tank-MOC-FACTORY-1024x1024.png 1024w, https:\/\/mouldking.store\/wp-content\/uploads\/2022\/12\/MOC-89537-Military-Super-Heavy-Tank-MOC-FACTORY-300x300.png 300w, https:\/\/mouldking.store\/wp-content\/uploads\/2022\/12\/MOC-89537-Military-Super-Heavy-Tank-MOC-FACTORY-768x768.png 768w, https:\/\/mouldking.store\/wp-content\/uploads\/2022\/12\/MOC-89537-Military-Super-Heavy-Tank-MOC-FACTORY-600x600.png 600w, https:\/\/mouldking.store\/wp-content\/uploads\/2022\/12\/MOC-89537-Military-Super-Heavy-Tank-MOC-FACTORY-150x150.png 150w, https:\/\/mouldking.store\/wp-content\/uploads\/2022\/12\/MOC-89537-Military-Super-Heavy-Tank-MOC-FACTORY-60x60.png 60w, https:\/\/mouldking.store\/wp-content\/uploads\/2022\/12\/MOC-89537-Military-Super-Heavy-Tank-MOC-FACTORY-90x90.png 90w, https:\/\/mouldking.store\/wp-content\/uploads\/2022\/12\/MOC-89537-Military-Super-Heavy-Tank-MOC-FACTORY.png 1095w\" sizes=\"(max-width: 1024px) 100vw, 1024px\" \/><figcaption id=\"caption-attachment-37001\" class=\"wp-caption-text\">Xe t\u0103ng h\u1ea1ng n\u1eb7ng MOC-89537 v\u1edbi 1121 C\u00c1I<\/figcaption><\/figure>\n<figure id=\"attachment_37002\" aria-describedby=\"caption-attachment-37002\" style=\"width: 1024px\" class=\"wp-caption aligncenter\"><img decoding=\"async\" class=\"wp-image-37002 size-large\" src=\"https:\/\/mouldking.store\/wp-content\/uploads\/2022\/12\/super-heavy-tank-model-diy-building-bloc_main-5-1024x1024.jpg\" alt=\"MOC-89537 Super Heavy Tank With 1121PCS \" width=\"1024\" height=\"1024\" title=\"-\" srcset=\"https:\/\/mouldking.store\/wp-content\/uploads\/2022\/12\/super-heavy-tank-model-diy-building-bloc_main-5-1024x1024.jpg 1024w, https:\/\/mouldking.store\/wp-content\/uploads\/2022\/12\/super-heavy-tank-model-diy-building-bloc_main-5-300x300.jpg 300w, https:\/\/mouldking.store\/wp-content\/uploads\/2022\/12\/super-heavy-tank-model-diy-building-bloc_main-5-768x768.jpg 768w, https:\/\/mouldking.store\/wp-content\/uploads\/2022\/12\/super-heavy-tank-model-diy-building-bloc_main-5-600x600.jpg 600w, https:\/\/mouldking.store\/wp-content\/uploads\/2022\/12\/super-heavy-tank-model-diy-building-bloc_main-5-150x150.jpg 150w, https:\/\/mouldking.store\/wp-content\/uploads\/2022\/12\/super-heavy-tank-model-diy-building-bloc_main-5-60x60.jpg 60w, https:\/\/mouldking.store\/wp-content\/uploads\/2022\/12\/super-heavy-tank-model-diy-building-bloc_main-5-90x90.jpg 90w, https:\/\/mouldking.store\/wp-content\/uploads\/2022\/12\/super-heavy-tank-model-diy-building-bloc_main-5.jpg 1100w\" sizes=\"(max-width: 1024px) 100vw, 1024px\" \/><figcaption id=\"caption-attachment-37002\" class=\"wp-caption-text\">Xe t\u0103ng h\u1ea1ng n\u1eb7ng MOC-89537 v\u1edbi 1121 C\u00c1I<\/figcaption><\/figure>\n<figure id=\"attachment_37000\" aria-describedby=\"caption-attachment-37000\" style=\"width: 1024px\" class=\"wp-caption aligncenter\"><img decoding=\"async\" class=\"wp-image-37000 size-large\" src=\"https:\/\/mouldking.store\/wp-content\/uploads\/2022\/12\/super-heavy-tank-model-diy-building-bloc_main-0-1024x1024.jpg\" alt=\"MOC-89537 Super Heavy Tank With 1121PCS \" width=\"1024\" height=\"1024\" title=\"-\" srcset=\"https:\/\/mouldking.store\/wp-content\/uploads\/2022\/12\/super-heavy-tank-model-diy-building-bloc_main-0-1024x1024.jpg 1024w, https:\/\/mouldking.store\/wp-content\/uploads\/2022\/12\/super-heavy-tank-model-diy-building-bloc_main-0-300x300.jpg 300w, https:\/\/mouldking.store\/wp-content\/uploads\/2022\/12\/super-heavy-tank-model-diy-building-bloc_main-0-768x768.jpg 768w, https:\/\/mouldking.store\/wp-content\/uploads\/2022\/12\/super-heavy-tank-model-diy-building-bloc_main-0-600x600.jpg 600w, https:\/\/mouldking.store\/wp-content\/uploads\/2022\/12\/super-heavy-tank-model-diy-building-bloc_main-0-150x150.jpg 150w, https:\/\/mouldking.store\/wp-content\/uploads\/2022\/12\/super-heavy-tank-model-diy-building-bloc_main-0-60x60.jpg 60w, https:\/\/mouldking.store\/wp-content\/uploads\/2022\/12\/super-heavy-tank-model-diy-building-bloc_main-0-90x90.jpg 90w, https:\/\/mouldking.store\/wp-content\/uploads\/2022\/12\/super-heavy-tank-model-diy-building-bloc_main-0.jpg 1100w\" sizes=\"(max-width: 1024px) 100vw, 1024px\" \/><figcaption id=\"caption-attachment-37000\" class=\"wp-caption-text\">Xe t\u0103ng h\u1ea1ng n\u1eb7ng MOC-89537 v\u1edbi 1121 C\u00c1I<\/figcaption><\/figure>\n<figure id=\"attachment_36999\" aria-describedby=\"caption-attachment-36999\" style=\"width: 1024px\" class=\"wp-caption aligncenter\"><img loading=\"lazy\" decoding=\"async\" class=\"wp-image-36999 size-large\" src=\"https:\/\/mouldking.store\/wp-content\/uploads\/2022\/12\/super-heavy-tank-model-diy-building-bloc_main-1-1024x1024.jpg\" alt=\"MOC-89537 Super Heavy Tank With 1121PCS \" width=\"1024\" height=\"1024\" title=\"-\" srcset=\"https:\/\/mouldking.store\/wp-content\/uploads\/2022\/12\/super-heavy-tank-model-diy-building-bloc_main-1-1024x1024.jpg 1024w, https:\/\/mouldking.store\/wp-content\/uploads\/2022\/12\/super-heavy-tank-model-diy-building-bloc_main-1-300x300.jpg 300w, https:\/\/mouldking.store\/wp-content\/uploads\/2022\/12\/super-heavy-tank-model-diy-building-bloc_main-1-768x768.jpg 768w, https:\/\/mouldking.store\/wp-content\/uploads\/2022\/12\/super-heavy-tank-model-diy-building-bloc_main-1-600x600.jpg 600w, https:\/\/mouldking.store\/wp-content\/uploads\/2022\/12\/super-heavy-tank-model-diy-building-bloc_main-1-150x150.jpg 150w, https:\/\/mouldking.store\/wp-content\/uploads\/2022\/12\/super-heavy-tank-model-diy-building-bloc_main-1-60x60.jpg 60w, https:\/\/mouldking.store\/wp-content\/uploads\/2022\/12\/super-heavy-tank-model-diy-building-bloc_main-1-90x90.jpg 90w, https:\/\/mouldking.store\/wp-content\/uploads\/2022\/12\/super-heavy-tank-model-diy-building-bloc_main-1.jpg 1100w\" sizes=\"(max-width: 1024px) 100vw, 1024px\" \/><figcaption id=\"caption-attachment-36999\" class=\"wp-caption-text\">Xe t\u0103ng h\u1ea1ng n\u1eb7ng MOC-89537 v\u1edbi 1121 C\u00c1I<\/figcaption><\/figure>\n<figure id=\"attachment_36998\" aria-describedby=\"caption-attachment-36998\" style=\"width: 1024px\" class=\"wp-caption aligncenter\"><img loading=\"lazy\" decoding=\"async\" class=\"wp-image-36998 size-large\" src=\"https:\/\/mouldking.store\/wp-content\/uploads\/2022\/12\/super-heavy-tank-model-diy-building-bloc_main-2-1024x1024.jpg\" alt=\"MOC-89537 Super Heavy Tank With 1121PCS \" width=\"1024\" height=\"1024\" title=\"-\" srcset=\"https:\/\/mouldking.store\/wp-content\/uploads\/2022\/12\/super-heavy-tank-model-diy-building-bloc_main-2-1024x1024.jpg 1024w, https:\/\/mouldking.store\/wp-content\/uploads\/2022\/12\/super-heavy-tank-model-diy-building-bloc_main-2-300x300.jpg 300w, https:\/\/mouldking.store\/wp-content\/uploads\/2022\/12\/super-heavy-tank-model-diy-building-bloc_main-2-768x768.jpg 768w, https:\/\/mouldking.store\/wp-content\/uploads\/2022\/12\/super-heavy-tank-model-diy-building-bloc_main-2-600x600.jpg 600w, https:\/\/mouldking.store\/wp-content\/uploads\/2022\/12\/super-heavy-tank-model-diy-building-bloc_main-2-150x150.jpg 150w, https:\/\/mouldking.store\/wp-content\/uploads\/2022\/12\/super-heavy-tank-model-diy-building-bloc_main-2-60x60.jpg 60w, https:\/\/mouldking.store\/wp-content\/uploads\/2022\/12\/super-heavy-tank-model-diy-building-bloc_main-2-90x90.jpg 90w, https:\/\/mouldking.store\/wp-content\/uploads\/2022\/12\/super-heavy-tank-model-diy-building-bloc_main-2.jpg 1100w\" sizes=\"(max-width: 1024px) 100vw, 1024px\" \/><figcaption id=\"caption-attachment-36998\" class=\"wp-caption-text\">Xe t\u0103ng h\u1ea1ng n\u1eb7ng MOC-89537 v\u1edbi 1121 C\u00c1I<\/figcaption><\/figure>\n<figure id=\"attachment_36997\" aria-describedby=\"caption-attachment-36997\" style=\"width: 1100px\" class=\"wp-caption aligncenter\"><img loading=\"lazy\" decoding=\"async\" class=\"wp-image-36997 size-full\" src=\"https:\/\/mouldking.store\/wp-content\/uploads\/2022\/12\/super-heavy-tank-model-diy-building-bloc_main-3.jpg\" alt=\"MOC-89537 Super Heavy Tank With 1121PCS \" width=\"1100\" height=\"1100\" title=\"-\" srcset=\"https:\/\/mouldking.store\/wp-content\/uploads\/2022\/12\/super-heavy-tank-model-diy-building-bloc_main-3.jpg 1100w, https:\/\/mouldking.store\/wp-content\/uploads\/2022\/12\/super-heavy-tank-model-diy-building-bloc_main-3-300x300.jpg 300w, https:\/\/mouldking.store\/wp-content\/uploads\/2022\/12\/super-heavy-tank-model-diy-building-bloc_main-3-1024x1024.jpg 1024w, https:\/\/mouldking.store\/wp-content\/uploads\/2022\/12\/super-heavy-tank-model-diy-building-bloc_main-3-768x768.jpg 768w, https:\/\/mouldking.store\/wp-content\/uploads\/2022\/12\/super-heavy-tank-model-diy-building-bloc_main-3-600x600.jpg 600w, https:\/\/mouldking.store\/wp-content\/uploads\/2022\/12\/super-heavy-tank-model-diy-building-bloc_main-3-150x150.jpg 150w, https:\/\/mouldking.store\/wp-content\/uploads\/2022\/12\/super-heavy-tank-model-diy-building-bloc_main-3-60x60.jpg 60w, https:\/\/mouldking.store\/wp-content\/uploads\/2022\/12\/super-heavy-tank-model-diy-building-bloc_main-3-90x90.jpg 90w\" sizes=\"(max-width: 1100px) 100vw, 1100px\" \/><figcaption id=\"caption-attachment-36997\" class=\"wp-caption-text\">Xe t\u0103ng h\u1ea1ng n\u1eb7ng MOC-89537 v\u1edbi 1121 C\u00c1I<\/figcaption><\/figure>\n<figure id=\"attachment_36996\" aria-describedby=\"caption-attachment-36996\" style=\"width: 1024px\" class=\"wp-caption aligncenter\"><img loading=\"lazy\" decoding=\"async\" class=\"wp-image-36996 size-large\" src=\"https:\/\/mouldking.store\/wp-content\/uploads\/2022\/12\/super-heavy-tank-model-diy-building-bloc_main-4-Copy-1024x1024.jpg\" alt=\"MOC-89537 Super Heavy Tank With 1121PCS \" width=\"1024\" height=\"1024\" title=\"-\" srcset=\"https:\/\/mouldking.store\/wp-content\/uploads\/2022\/12\/super-heavy-tank-model-diy-building-bloc_main-4-Copy-1024x1024.jpg 1024w, https:\/\/mouldking.store\/wp-content\/uploads\/2022\/12\/super-heavy-tank-model-diy-building-bloc_main-4-Copy-300x300.jpg 300w, https:\/\/mouldking.store\/wp-content\/uploads\/2022\/12\/super-heavy-tank-model-diy-building-bloc_main-4-Copy-768x768.jpg 768w, https:\/\/mouldking.store\/wp-content\/uploads\/2022\/12\/super-heavy-tank-model-diy-building-bloc_main-4-Copy-600x600.jpg 600w, https:\/\/mouldking.store\/wp-content\/uploads\/2022\/12\/super-heavy-tank-model-diy-building-bloc_main-4-Copy-150x150.jpg 150w, https:\/\/mouldking.store\/wp-content\/uploads\/2022\/12\/super-heavy-tank-model-diy-building-bloc_main-4-Copy-60x60.jpg 60w, https:\/\/mouldking.store\/wp-content\/uploads\/2022\/12\/super-heavy-tank-model-diy-building-bloc_main-4-Copy-90x90.jpg 90w, https:\/\/mouldking.store\/wp-content\/uploads\/2022\/12\/super-heavy-tank-model-diy-building-bloc_main-4-Copy.jpg 1100w\" sizes=\"(max-width: 1024px) 100vw, 1024px\" \/><figcaption id=\"caption-attachment-36996\" class=\"wp-caption-text\">Xe t\u0103ng h\u1ea1ng n\u1eb7ng MOC-89537 v\u1edbi 1121 C\u00c1I<\/figcaption><\/figure>","protected":false},"excerpt":{"rendered":"<p>Th\u1eddi gian s\u1eafp x\u1ebfp: 4-8 tu\u1ea7n<\/p>","protected":false},"featured_media":37001,"comment_status":"closed","ping_status":"closed","template":"","meta":{"_acf_changed":false},"product_cat":[1350,1406,372],"product_tag":[5469,8687,8688,8686,6192,485],"class_list":["product","first","instock","shipping-taxable","purchasable","product-type-simple"],"acf":[],"_links":{"self":[{"href":"https:\/\/mouldking.store\/vi\/wp-json\/wp\/v2\/product\/36995","targetHints":{"allow":["GET"]}}],"collection":[{"href":"https:\/\/mouldking.store\/vi\/wp-json\/wp\/v2\/product"}],"about":[{"href":"https:\/\/mouldking.store\/vi\/wp-json\/wp\/v2\/types\/product"}],"replies":[{"embeddable":true,"href":"https:\/\/mouldking.store\/vi\/wp-json\/wp\/v2\/comments?post=36995"}],"wp:featuredmedia":[{"embeddable":true,"href":"https:\/\/mouldking.store\/vi\/wp-json\/wp\/v2\/media\/37001"}],"wp:attachment":[{"href":"https:\/\/mouldking.store\/vi\/wp-json\/wp\/v2\/media?parent=36995"}],"wp:term":[{"taxonomy":"product_cat","embeddable":true,"href":"https:\/\/mouldking.store\/vi\/wp-json\/wp\/v2\/product_cat?post=36995"},{"taxonomy":"product_tag","embeddable":true,"href":"https:\/\/mouldking.store\/vi\/wp-json\/wp\/v2\/product_tag?post=36995"}],"curies":[{"name":"wp","href":"https:\/\/api.w.org\/{rel}","templated":true}]}}