{"id":37183,"date":"2022-12-02T09:36:00","date_gmt":"2022-12-02T02:36:00","guid":{"rendered":"https:\/\/mouldking.store\/?post_type=product&#038;p=37183"},"modified":"2025-12-25T09:12:15","modified_gmt":"2025-12-25T02:12:15","slug":"moc-121342-imperial-fighter-with-767-pieces","status":"publish","type":"product","link":"https:\/\/mouldking.store\/vi\/shop\/moc-121342-imperial-fighter-with-767-pieces\/","title":{"rendered":"M\u00e1y bay chi\u1ebfn \u0111\u1ea5u \u0111\u1ebf qu\u1ed1c MOC-121342 v\u1edbi 767 m\u1ea3nh"},"content":{"rendered":"<p>Th\u00f4ng tin s\u1ea3n ph\u1ea9m:<\/p>\n<ol>\n<li>Th\u01b0\u01a1ng hi\u1ec7u: M\u1ed8C<\/li>\n<li>Gi\u1edbi t\u00ednh: Unisex<\/li>\n<li>T\u00ean: Chi\u1ebfn binh ho\u00e0ng gia<\/li>\n<li>\u0110\u1ed9 tu\u1ed5i: &gt; 6 tu\u1ed5i<\/li>\n<li>S\u1ed1 m\u00f4 h\u00ecnh: 121342<\/li>\n<li>Ph\u00e2n lo\u1ea1i: T\u1eadp h\u1ee3p<\/li>\n<li>H\u00ecnh d\u1ea1ng kh\u1ed1i nh\u1ef1a: G\u1ea1ch t\u1ef1 kh\u00f3a<\/li>\n<li>Ch\u1ea5t li\u1ec7u: Nh\u1ef1a<\/li>\n<li>Lo\u1ea1i nh\u1ef1a: ABS<\/li>\n<li>Kh\u1ed1i g\u1ea1ch: 767 C\u00c1I<\/li>\n<li>K\u00edch th\u01b0\u1edbc: 24 x 19,7 x 14cm<\/li>\n<li>Tr\u1ecdng l\u01b0\u1ee3ng: 600g<\/li>\n<li>Ch\u1ee9a h\u01b0\u1edbng d\u1eabn l\u1eafp r\u00e1p chi ti\u1ebft.<\/li>\n<\/ol>\n<p>\u0110\u1ec3 \u00fd:<br \/>\n1. Kh\u00f4ng c\u00f3 h\u1ed9p ban \u0111\u1ea7u, nh\u01b0ng ch\u00fang t\u00f4i \u0111\u1ea3m b\u1ea3o s\u1ea3n ph\u1ea9m c\u1ee7a ch\u00fang t\u00f4i c\u00f3 ch\u1ea5t l\u01b0\u1ee3ng \u0111\u1ea3m b\u1ea3o v\u00e0 bao b\u00ec \u0111\u1eb9p.<br \/>\n2. V\u00ec t\u1ea5t c\u1ea3 c\u00e1c b\u1ed9 ph\u1eadn ch\u00fang t\u00f4i \u0111\u00e3 ki\u1ec3m tra tr\u01b0\u1edbc khi v\u1eadn chuy\u1ec3n, v\u00ec v\u1eady n\u1ebfu b\u1ea1n th\u1ea5y m\u1ed9t s\u1ed1 b\u1ed9 ph\u1eadn b\u1ecb thi\u1ebfu ho\u1eb7c h\u01b0 h\u1ecfng, \u0111\u1eebng lo l\u1eafng v\u00e0 ch\u1ec9 c\u1ea7n vui l\u00f2ng li\u00ean h\u1ec7 v\u1edbi ch\u00fang t\u00f4i v\u00e0 ch\u00fang t\u00f4i c\u00f3 th\u1ec3 g\u1eedi l\u1ea1i mi\u1ec5n ph\u00ed cho b\u1ea1n ngay l\u1eadp t\u1ee9c.<\/p>\n<figure id=\"attachment_37186\" aria-describedby=\"caption-attachment-37186\" style=\"width: 1004px\" class=\"wp-caption aligncenter\"><img fetchpriority=\"high\" decoding=\"async\" class=\"wp-image-37186 size-full\" src=\"https:\/\/mouldking.store\/wp-content\/uploads\/2022\/12\/MOC-121342-Star-Wars-Imperial-Fighter-MOC-FACTORY.png\" alt=\"MOC-121342 Imperial Fighter With 767 Pieces\" width=\"1004\" height=\"1004\" title=\"-\" srcset=\"https:\/\/mouldking.store\/wp-content\/uploads\/2022\/12\/MOC-121342-Star-Wars-Imperial-Fighter-MOC-FACTORY.png 1004w, https:\/\/mouldking.store\/wp-content\/uploads\/2022\/12\/MOC-121342-Star-Wars-Imperial-Fighter-MOC-FACTORY-300x300.png 300w, https:\/\/mouldking.store\/wp-content\/uploads\/2022\/12\/MOC-121342-Star-Wars-Imperial-Fighter-MOC-FACTORY-768x768.png 768w, https:\/\/mouldking.store\/wp-content\/uploads\/2022\/12\/MOC-121342-Star-Wars-Imperial-Fighter-MOC-FACTORY-600x600.png 600w, https:\/\/mouldking.store\/wp-content\/uploads\/2022\/12\/MOC-121342-Star-Wars-Imperial-Fighter-MOC-FACTORY-150x150.png 150w, https:\/\/mouldking.store\/wp-content\/uploads\/2022\/12\/MOC-121342-Star-Wars-Imperial-Fighter-MOC-FACTORY-60x60.png 60w, https:\/\/mouldking.store\/wp-content\/uploads\/2022\/12\/MOC-121342-Star-Wars-Imperial-Fighter-MOC-FACTORY-90x90.png 90w\" sizes=\"(max-width: 1004px) 100vw, 1004px\" \/><figcaption id=\"caption-attachment-37186\" class=\"wp-caption-text\">M\u00e1y bay chi\u1ebfn \u0111\u1ea5u \u0111\u1ebf qu\u1ed1c MOC-121342 v\u1edbi 767 m\u1ea3nh<\/figcaption><\/figure>\n<figure id=\"attachment_37187\" aria-describedby=\"caption-attachment-37187\" style=\"width: 1024px\" class=\"wp-caption aligncenter\"><img decoding=\"async\" class=\"wp-image-37187 size-large\" src=\"https:\/\/mouldking.store\/wp-content\/uploads\/2022\/12\/authorized-767-pcs-moc-121342-sci-fi-figh_main-5-1024x1024.jpg\" alt=\"MOC-121342 Imperial Fighter With 767 Pieces\" width=\"1024\" height=\"1024\" title=\"-\" srcset=\"https:\/\/mouldking.store\/wp-content\/uploads\/2022\/12\/authorized-767-pcs-moc-121342-sci-fi-figh_main-5-1024x1024.jpg 1024w, https:\/\/mouldking.store\/wp-content\/uploads\/2022\/12\/authorized-767-pcs-moc-121342-sci-fi-figh_main-5-300x300.jpg 300w, https:\/\/mouldking.store\/wp-content\/uploads\/2022\/12\/authorized-767-pcs-moc-121342-sci-fi-figh_main-5-768x768.jpg 768w, https:\/\/mouldking.store\/wp-content\/uploads\/2022\/12\/authorized-767-pcs-moc-121342-sci-fi-figh_main-5-600x600.jpg 600w, https:\/\/mouldking.store\/wp-content\/uploads\/2022\/12\/authorized-767-pcs-moc-121342-sci-fi-figh_main-5-150x150.jpg 150w, https:\/\/mouldking.store\/wp-content\/uploads\/2022\/12\/authorized-767-pcs-moc-121342-sci-fi-figh_main-5-60x60.jpg 60w, https:\/\/mouldking.store\/wp-content\/uploads\/2022\/12\/authorized-767-pcs-moc-121342-sci-fi-figh_main-5-90x90.jpg 90w, https:\/\/mouldking.store\/wp-content\/uploads\/2022\/12\/authorized-767-pcs-moc-121342-sci-fi-figh_main-5.jpg 1100w\" sizes=\"(max-width: 1024px) 100vw, 1024px\" \/><figcaption id=\"caption-attachment-37187\" class=\"wp-caption-text\">M\u00e1y bay chi\u1ebfn \u0111\u1ea5u \u0111\u1ebf qu\u1ed1c MOC-121342 v\u1edbi 767 m\u1ea3nh<\/figcaption><\/figure>\n<figure id=\"attachment_37188\" aria-describedby=\"caption-attachment-37188\" style=\"width: 1024px\" class=\"wp-caption aligncenter\"><img decoding=\"async\" class=\"wp-image-37188 size-large\" src=\"https:\/\/mouldking.store\/wp-content\/uploads\/2022\/12\/authorized-767-pcs-moc-121342-sci-fi-figh_main-4-1024x1024.jpg\" alt=\"MOC-121342 Imperial Fighter With 767 Pieces\" width=\"1024\" height=\"1024\" title=\"-\" srcset=\"https:\/\/mouldking.store\/wp-content\/uploads\/2022\/12\/authorized-767-pcs-moc-121342-sci-fi-figh_main-4-1024x1024.jpg 1024w, https:\/\/mouldking.store\/wp-content\/uploads\/2022\/12\/authorized-767-pcs-moc-121342-sci-fi-figh_main-4-300x300.jpg 300w, https:\/\/mouldking.store\/wp-content\/uploads\/2022\/12\/authorized-767-pcs-moc-121342-sci-fi-figh_main-4-768x768.jpg 768w, https:\/\/mouldking.store\/wp-content\/uploads\/2022\/12\/authorized-767-pcs-moc-121342-sci-fi-figh_main-4-600x600.jpg 600w, https:\/\/mouldking.store\/wp-content\/uploads\/2022\/12\/authorized-767-pcs-moc-121342-sci-fi-figh_main-4-150x150.jpg 150w, https:\/\/mouldking.store\/wp-content\/uploads\/2022\/12\/authorized-767-pcs-moc-121342-sci-fi-figh_main-4-60x60.jpg 60w, https:\/\/mouldking.store\/wp-content\/uploads\/2022\/12\/authorized-767-pcs-moc-121342-sci-fi-figh_main-4-90x90.jpg 90w, https:\/\/mouldking.store\/wp-content\/uploads\/2022\/12\/authorized-767-pcs-moc-121342-sci-fi-figh_main-4.jpg 1100w\" sizes=\"(max-width: 1024px) 100vw, 1024px\" \/><figcaption id=\"caption-attachment-37188\" class=\"wp-caption-text\">M\u00e1y bay chi\u1ebfn \u0111\u1ea5u \u0111\u1ebf qu\u1ed1c MOC-121342 v\u1edbi 767 m\u1ea3nh<\/figcaption><\/figure>\n<figure id=\"attachment_37189\" aria-describedby=\"caption-attachment-37189\" style=\"width: 1024px\" class=\"wp-caption aligncenter\"><img loading=\"lazy\" decoding=\"async\" class=\"wp-image-37189 size-large\" src=\"https:\/\/mouldking.store\/wp-content\/uploads\/2022\/12\/authorized-767-pcs-moc-121342-sci-fi-figh_main-3-1024x1024.jpg\" alt=\"MOC-121342 Imperial Fighter With 767 Pieces\" width=\"1024\" height=\"1024\" title=\"-\" srcset=\"https:\/\/mouldking.store\/wp-content\/uploads\/2022\/12\/authorized-767-pcs-moc-121342-sci-fi-figh_main-3-1024x1024.jpg 1024w, https:\/\/mouldking.store\/wp-content\/uploads\/2022\/12\/authorized-767-pcs-moc-121342-sci-fi-figh_main-3-300x300.jpg 300w, https:\/\/mouldking.store\/wp-content\/uploads\/2022\/12\/authorized-767-pcs-moc-121342-sci-fi-figh_main-3-768x768.jpg 768w, https:\/\/mouldking.store\/wp-content\/uploads\/2022\/12\/authorized-767-pcs-moc-121342-sci-fi-figh_main-3-600x600.jpg 600w, https:\/\/mouldking.store\/wp-content\/uploads\/2022\/12\/authorized-767-pcs-moc-121342-sci-fi-figh_main-3-150x150.jpg 150w, https:\/\/mouldking.store\/wp-content\/uploads\/2022\/12\/authorized-767-pcs-moc-121342-sci-fi-figh_main-3-60x60.jpg 60w, https:\/\/mouldking.store\/wp-content\/uploads\/2022\/12\/authorized-767-pcs-moc-121342-sci-fi-figh_main-3-90x90.jpg 90w, https:\/\/mouldking.store\/wp-content\/uploads\/2022\/12\/authorized-767-pcs-moc-121342-sci-fi-figh_main-3.jpg 1100w\" sizes=\"(max-width: 1024px) 100vw, 1024px\" \/><figcaption id=\"caption-attachment-37189\" class=\"wp-caption-text\">M\u00e1y bay chi\u1ebfn \u0111\u1ea5u \u0111\u1ebf qu\u1ed1c MOC-121342 v\u1edbi 767 m\u1ea3nh<\/figcaption><\/figure>\n<figure id=\"attachment_37190\" aria-describedby=\"caption-attachment-37190\" style=\"width: 1024px\" class=\"wp-caption aligncenter\"><img loading=\"lazy\" decoding=\"async\" class=\"wp-image-37190 size-large\" src=\"https:\/\/mouldking.store\/wp-content\/uploads\/2022\/12\/authorized-767-pcs-moc-121342-sci-fi-figh_main-2-1024x1024.jpg\" alt=\"MOC-121342 Imperial Fighter With 767 Pieces\" width=\"1024\" height=\"1024\" title=\"-\" srcset=\"https:\/\/mouldking.store\/wp-content\/uploads\/2022\/12\/authorized-767-pcs-moc-121342-sci-fi-figh_main-2-1024x1024.jpg 1024w, https:\/\/mouldking.store\/wp-content\/uploads\/2022\/12\/authorized-767-pcs-moc-121342-sci-fi-figh_main-2-300x300.jpg 300w, https:\/\/mouldking.store\/wp-content\/uploads\/2022\/12\/authorized-767-pcs-moc-121342-sci-fi-figh_main-2-768x768.jpg 768w, https:\/\/mouldking.store\/wp-content\/uploads\/2022\/12\/authorized-767-pcs-moc-121342-sci-fi-figh_main-2-600x600.jpg 600w, https:\/\/mouldking.store\/wp-content\/uploads\/2022\/12\/authorized-767-pcs-moc-121342-sci-fi-figh_main-2-150x150.jpg 150w, https:\/\/mouldking.store\/wp-content\/uploads\/2022\/12\/authorized-767-pcs-moc-121342-sci-fi-figh_main-2-60x60.jpg 60w, https:\/\/mouldking.store\/wp-content\/uploads\/2022\/12\/authorized-767-pcs-moc-121342-sci-fi-figh_main-2-90x90.jpg 90w, https:\/\/mouldking.store\/wp-content\/uploads\/2022\/12\/authorized-767-pcs-moc-121342-sci-fi-figh_main-2.jpg 1100w\" sizes=\"(max-width: 1024px) 100vw, 1024px\" \/><figcaption id=\"caption-attachment-37190\" class=\"wp-caption-text\">M\u00e1y bay chi\u1ebfn \u0111\u1ea5u \u0111\u1ebf qu\u1ed1c MOC-121342 v\u1edbi 767 m\u1ea3nh<\/figcaption><\/figure>\n<figure id=\"attachment_37184\" aria-describedby=\"caption-attachment-37184\" style=\"width: 1024px\" class=\"wp-caption aligncenter\"><img loading=\"lazy\" decoding=\"async\" class=\"wp-image-37184 size-large\" src=\"https:\/\/mouldking.store\/wp-content\/uploads\/2022\/12\/authorized-767-pcs-moc-121342-sci-fi-figh_main-1-1024x1024.jpg\" alt=\"MOC-121342 Imperial Fighter With 767 Pieces\" width=\"1024\" height=\"1024\" title=\"-\" srcset=\"https:\/\/mouldking.store\/wp-content\/uploads\/2022\/12\/authorized-767-pcs-moc-121342-sci-fi-figh_main-1-1024x1024.jpg 1024w, https:\/\/mouldking.store\/wp-content\/uploads\/2022\/12\/authorized-767-pcs-moc-121342-sci-fi-figh_main-1-300x300.jpg 300w, https:\/\/mouldking.store\/wp-content\/uploads\/2022\/12\/authorized-767-pcs-moc-121342-sci-fi-figh_main-1-768x768.jpg 768w, https:\/\/mouldking.store\/wp-content\/uploads\/2022\/12\/authorized-767-pcs-moc-121342-sci-fi-figh_main-1-600x600.jpg 600w, https:\/\/mouldking.store\/wp-content\/uploads\/2022\/12\/authorized-767-pcs-moc-121342-sci-fi-figh_main-1-150x150.jpg 150w, https:\/\/mouldking.store\/wp-content\/uploads\/2022\/12\/authorized-767-pcs-moc-121342-sci-fi-figh_main-1-60x60.jpg 60w, https:\/\/mouldking.store\/wp-content\/uploads\/2022\/12\/authorized-767-pcs-moc-121342-sci-fi-figh_main-1-90x90.jpg 90w, https:\/\/mouldking.store\/wp-content\/uploads\/2022\/12\/authorized-767-pcs-moc-121342-sci-fi-figh_main-1.jpg 1100w\" sizes=\"(max-width: 1024px) 100vw, 1024px\" \/><figcaption id=\"caption-attachment-37184\" class=\"wp-caption-text\">M\u00e1y bay chi\u1ebfn \u0111\u1ea5u \u0111\u1ebf qu\u1ed1c MOC-121342 v\u1edbi 767 m\u1ea3nh<\/figcaption><\/figure>\n<figure id=\"attachment_37185\" aria-describedby=\"caption-attachment-37185\" style=\"width: 1024px\" class=\"wp-caption aligncenter\"><img loading=\"lazy\" decoding=\"async\" class=\"wp-image-37185 size-large\" src=\"https:\/\/mouldking.store\/wp-content\/uploads\/2022\/12\/authorized-767-pcs-moc-121342-sci-fi-figh_main-0-1024x1024.jpg\" alt=\"MOC-121342 Imperial Fighter With 767 Pieces\" width=\"1024\" height=\"1024\" title=\"-\" srcset=\"https:\/\/mouldking.store\/wp-content\/uploads\/2022\/12\/authorized-767-pcs-moc-121342-sci-fi-figh_main-0-1024x1024.jpg 1024w, https:\/\/mouldking.store\/wp-content\/uploads\/2022\/12\/authorized-767-pcs-moc-121342-sci-fi-figh_main-0-300x300.jpg 300w, https:\/\/mouldking.store\/wp-content\/uploads\/2022\/12\/authorized-767-pcs-moc-121342-sci-fi-figh_main-0-768x768.jpg 768w, https:\/\/mouldking.store\/wp-content\/uploads\/2022\/12\/authorized-767-pcs-moc-121342-sci-fi-figh_main-0-600x600.jpg 600w, https:\/\/mouldking.store\/wp-content\/uploads\/2022\/12\/authorized-767-pcs-moc-121342-sci-fi-figh_main-0-150x150.jpg 150w, https:\/\/mouldking.store\/wp-content\/uploads\/2022\/12\/authorized-767-pcs-moc-121342-sci-fi-figh_main-0-60x60.jpg 60w, https:\/\/mouldking.store\/wp-content\/uploads\/2022\/12\/authorized-767-pcs-moc-121342-sci-fi-figh_main-0-90x90.jpg 90w, https:\/\/mouldking.store\/wp-content\/uploads\/2022\/12\/authorized-767-pcs-moc-121342-sci-fi-figh_main-0.jpg 1100w\" sizes=\"(max-width: 1024px) 100vw, 1024px\" \/><figcaption id=\"caption-attachment-37185\" class=\"wp-caption-text\">M\u00e1y bay chi\u1ebfn \u0111\u1ea5u \u0111\u1ebf qu\u1ed1c MOC-121342 v\u1edbi 767 m\u1ea3nh<\/figcaption><\/figure>","protected":false},"excerpt":{"rendered":"<p>Th\u1eddi gian s\u1eafp x\u1ebfp: 4-8 tu\u1ea7n<\/p>","protected":false},"featured_media":37186,"comment_status":"closed","ping_status":"closed","template":"","meta":{"_acf_changed":false},"product_cat":[1406,415],"product_tag":[7374,8443,8823,8822,8824,8821],"class_list":["product","first","instock","shipping-taxable","purchasable","product-type-simple"],"acf":[],"_links":{"self":[{"href":"https:\/\/mouldking.store\/vi\/wp-json\/wp\/v2\/product\/37183","targetHints":{"allow":["GET"]}}],"collection":[{"href":"https:\/\/mouldking.store\/vi\/wp-json\/wp\/v2\/product"}],"about":[{"href":"https:\/\/mouldking.store\/vi\/wp-json\/wp\/v2\/types\/product"}],"replies":[{"embeddable":true,"href":"https:\/\/mouldking.store\/vi\/wp-json\/wp\/v2\/comments?post=37183"}],"wp:featuredmedia":[{"embeddable":true,"href":"https:\/\/mouldking.store\/vi\/wp-json\/wp\/v2\/media\/37186"}],"wp:attachment":[{"href":"https:\/\/mouldking.store\/vi\/wp-json\/wp\/v2\/media?parent=37183"}],"wp:term":[{"taxonomy":"product_cat","embeddable":true,"href":"https:\/\/mouldking.store\/vi\/wp-json\/wp\/v2\/product_cat?post=37183"},{"taxonomy":"product_tag","embeddable":true,"href":"https:\/\/mouldking.store\/vi\/wp-json\/wp\/v2\/product_tag?post=37183"}],"curies":[{"name":"wp","href":"https:\/\/api.w.org\/{rel}","templated":true}]}}