{"id":37191,"date":"2022-12-02T09:45:45","date_gmt":"2022-12-02T02:45:45","guid":{"rendered":"https:\/\/mouldking.store\/?post_type=product&#038;p=37191"},"modified":"2025-12-25T09:12:15","modified_gmt":"2025-12-25T02:12:15","slug":"moc-12134-imperial-tie-bomber-with-stand-with-1416-pieces","status":"publish","type":"product","link":"https:\/\/mouldking.store\/vi\/shop\/moc-12134-imperial-tie-bomber-with-stand-with-1416-pieces\/","title":{"rendered":"MOC-12134 M\u00e1y bay n\u00e9m bom c\u00e0 v\u1ea1t ho\u00e0ng gia c\u00f3 ch\u00e2n \u0111\u1ebf v\u1edbi 1416 m\u1ea3nh"},"content":{"rendered":"<p>Th\u00f4ng tin s\u1ea3n ph\u1ea9m:<\/p>\n<ol>\n<li>Th\u01b0\u01a1ng hi\u1ec7u: M\u1ed8C<\/li>\n<li>Gi\u1edbi t\u00ednh: Unisex<\/li>\n<li>Name: Imperial Tie Bomber With Stand<\/li>\n<li>\u0110\u1ed9 tu\u1ed5i: &gt; 6 tu\u1ed5i<\/li>\n<li>Model Number: 12134<\/li>\n<li>Ph\u00e2n lo\u1ea1i: T\u1eadp h\u1ee3p<\/li>\n<li>H\u00ecnh d\u1ea1ng kh\u1ed1i nh\u1ef1a: G\u1ea1ch t\u1ef1 kh\u00f3a<\/li>\n<li>Ch\u1ea5t li\u1ec7u: Nh\u1ef1a<\/li>\n<li>Lo\u1ea1i nh\u1ef1a: ABS<\/li>\n<li>Bricks Blocks:1416 PCS<\/li>\n<li>K\u00edch th\u01b0\u1edbc: 24 x 19,7 x 14cm<\/li>\n<li>Tr\u1ecdng l\u01b0\u1ee3ng: 1400g<\/li>\n<li>Ch\u1ee9a h\u01b0\u1edbng d\u1eabn l\u1eafp r\u00e1p chi ti\u1ebft.<\/li>\n<\/ol>\n<p>\u0110\u1ec3 \u00fd:<br \/>\n1. Kh\u00f4ng c\u00f3 h\u1ed9p ban \u0111\u1ea7u, nh\u01b0ng ch\u00fang t\u00f4i \u0111\u1ea3m b\u1ea3o s\u1ea3n ph\u1ea9m c\u1ee7a ch\u00fang t\u00f4i c\u00f3 ch\u1ea5t l\u01b0\u1ee3ng \u0111\u1ea3m b\u1ea3o v\u00e0 bao b\u00ec \u0111\u1eb9p.<br \/>\n2. V\u00ec t\u1ea5t c\u1ea3 c\u00e1c b\u1ed9 ph\u1eadn ch\u00fang t\u00f4i \u0111\u00e3 ki\u1ec3m tra tr\u01b0\u1edbc khi v\u1eadn chuy\u1ec3n, v\u00ec v\u1eady n\u1ebfu b\u1ea1n th\u1ea5y m\u1ed9t s\u1ed1 b\u1ed9 ph\u1eadn b\u1ecb thi\u1ebfu ho\u1eb7c h\u01b0 h\u1ecfng, \u0111\u1eebng lo l\u1eafng v\u00e0 ch\u1ec9 c\u1ea7n vui l\u00f2ng li\u00ean h\u1ec7 v\u1edbi ch\u00fang t\u00f4i v\u00e0 ch\u00fang t\u00f4i c\u00f3 th\u1ec3 g\u1eedi l\u1ea1i mi\u1ec5n ph\u00ed cho b\u1ea1n ngay l\u1eadp t\u1ee9c.<\/p>\n<figure id=\"attachment_37193\" aria-describedby=\"caption-attachment-37193\" style=\"width: 1004px\" class=\"wp-caption aligncenter\"><img fetchpriority=\"high\" decoding=\"async\" class=\"wp-image-37193 size-full\" src=\"https:\/\/mouldking.store\/wp-content\/uploads\/2022\/12\/MOC-12134-Star-Wars-Imperial-Tie-Bomber-With-Stand-MOC-FACTORY.png\" alt=\"MOC-12134 Imperial Tie Bomber With Stand With 1416 Pieces\" width=\"1004\" height=\"1004\" title=\"-\" srcset=\"https:\/\/mouldking.store\/wp-content\/uploads\/2022\/12\/MOC-12134-Star-Wars-Imperial-Tie-Bomber-With-Stand-MOC-FACTORY.png 1004w, https:\/\/mouldking.store\/wp-content\/uploads\/2022\/12\/MOC-12134-Star-Wars-Imperial-Tie-Bomber-With-Stand-MOC-FACTORY-300x300.png 300w, https:\/\/mouldking.store\/wp-content\/uploads\/2022\/12\/MOC-12134-Star-Wars-Imperial-Tie-Bomber-With-Stand-MOC-FACTORY-768x768.png 768w, https:\/\/mouldking.store\/wp-content\/uploads\/2022\/12\/MOC-12134-Star-Wars-Imperial-Tie-Bomber-With-Stand-MOC-FACTORY-600x600.png 600w, https:\/\/mouldking.store\/wp-content\/uploads\/2022\/12\/MOC-12134-Star-Wars-Imperial-Tie-Bomber-With-Stand-MOC-FACTORY-150x150.png 150w, https:\/\/mouldking.store\/wp-content\/uploads\/2022\/12\/MOC-12134-Star-Wars-Imperial-Tie-Bomber-With-Stand-MOC-FACTORY-60x60.png 60w, https:\/\/mouldking.store\/wp-content\/uploads\/2022\/12\/MOC-12134-Star-Wars-Imperial-Tie-Bomber-With-Stand-MOC-FACTORY-90x90.png 90w\" sizes=\"(max-width: 1004px) 100vw, 1004px\" \/><figcaption id=\"caption-attachment-37193\" class=\"wp-caption-text\">MOC-12134 M\u00e1y bay n\u00e9m bom c\u00e0 v\u1ea1t ho\u00e0ng gia c\u00f3 ch\u00e2n \u0111\u1ebf v\u1edbi 1416 m\u1ea3nh<\/figcaption><\/figure>\n<figure id=\"attachment_37194\" aria-describedby=\"caption-attachment-37194\" style=\"width: 1024px\" class=\"wp-caption aligncenter\"><img decoding=\"async\" class=\"wp-image-37194 size-large\" src=\"https:\/\/mouldking.store\/wp-content\/uploads\/2022\/12\/authorized-moc-12134-sci-fi-bomber-model_main-4-1024x1024.jpg\" alt=\"MOC-12134 Imperial Tie Bomber With Stand With 1416 Pieces\" width=\"1024\" height=\"1024\" title=\"-\" srcset=\"https:\/\/mouldking.store\/wp-content\/uploads\/2022\/12\/authorized-moc-12134-sci-fi-bomber-model_main-4-1024x1024.jpg 1024w, https:\/\/mouldking.store\/wp-content\/uploads\/2022\/12\/authorized-moc-12134-sci-fi-bomber-model_main-4-300x300.jpg 300w, https:\/\/mouldking.store\/wp-content\/uploads\/2022\/12\/authorized-moc-12134-sci-fi-bomber-model_main-4-768x768.jpg 768w, https:\/\/mouldking.store\/wp-content\/uploads\/2022\/12\/authorized-moc-12134-sci-fi-bomber-model_main-4-600x600.jpg 600w, https:\/\/mouldking.store\/wp-content\/uploads\/2022\/12\/authorized-moc-12134-sci-fi-bomber-model_main-4-150x150.jpg 150w, https:\/\/mouldking.store\/wp-content\/uploads\/2022\/12\/authorized-moc-12134-sci-fi-bomber-model_main-4-60x60.jpg 60w, https:\/\/mouldking.store\/wp-content\/uploads\/2022\/12\/authorized-moc-12134-sci-fi-bomber-model_main-4-90x90.jpg 90w, https:\/\/mouldking.store\/wp-content\/uploads\/2022\/12\/authorized-moc-12134-sci-fi-bomber-model_main-4.jpg 1100w\" sizes=\"(max-width: 1024px) 100vw, 1024px\" \/><figcaption id=\"caption-attachment-37194\" class=\"wp-caption-text\">MOC-12134 M\u00e1y bay n\u00e9m bom c\u00e0 v\u1ea1t ho\u00e0ng gia c\u00f3 ch\u00e2n \u0111\u1ebf v\u1edbi 1416 m\u1ea3nh<\/figcaption><\/figure>\n<figure id=\"attachment_37195\" aria-describedby=\"caption-attachment-37195\" style=\"width: 1024px\" class=\"wp-caption aligncenter\"><img decoding=\"async\" class=\"wp-image-37195 size-large\" src=\"https:\/\/mouldking.store\/wp-content\/uploads\/2022\/12\/authorized-moc-12134-sci-fi-bomber-model_main-5-1024x1024.jpg\" alt=\"MOC-12134 Imperial Tie Bomber With Stand With 1416 Pieces\" width=\"1024\" height=\"1024\" title=\"-\" srcset=\"https:\/\/mouldking.store\/wp-content\/uploads\/2022\/12\/authorized-moc-12134-sci-fi-bomber-model_main-5-1024x1024.jpg 1024w, https:\/\/mouldking.store\/wp-content\/uploads\/2022\/12\/authorized-moc-12134-sci-fi-bomber-model_main-5-300x300.jpg 300w, https:\/\/mouldking.store\/wp-content\/uploads\/2022\/12\/authorized-moc-12134-sci-fi-bomber-model_main-5-768x768.jpg 768w, https:\/\/mouldking.store\/wp-content\/uploads\/2022\/12\/authorized-moc-12134-sci-fi-bomber-model_main-5-600x600.jpg 600w, https:\/\/mouldking.store\/wp-content\/uploads\/2022\/12\/authorized-moc-12134-sci-fi-bomber-model_main-5-150x150.jpg 150w, https:\/\/mouldking.store\/wp-content\/uploads\/2022\/12\/authorized-moc-12134-sci-fi-bomber-model_main-5-60x60.jpg 60w, https:\/\/mouldking.store\/wp-content\/uploads\/2022\/12\/authorized-moc-12134-sci-fi-bomber-model_main-5-90x90.jpg 90w, https:\/\/mouldking.store\/wp-content\/uploads\/2022\/12\/authorized-moc-12134-sci-fi-bomber-model_main-5.jpg 1100w\" sizes=\"(max-width: 1024px) 100vw, 1024px\" \/><figcaption id=\"caption-attachment-37195\" class=\"wp-caption-text\">MOC-12134 M\u00e1y bay n\u00e9m bom c\u00e0 v\u1ea1t ho\u00e0ng gia c\u00f3 ch\u00e2n \u0111\u1ebf v\u1edbi 1416 m\u1ea3nh<\/figcaption><\/figure>\n<figure id=\"attachment_37196\" aria-describedby=\"caption-attachment-37196\" style=\"width: 1024px\" class=\"wp-caption aligncenter\"><img loading=\"lazy\" decoding=\"async\" class=\"wp-image-37196 size-large\" src=\"https:\/\/mouldking.store\/wp-content\/uploads\/2022\/12\/authorized-moc-12134-sci-fi-bomber-model_main-3-1024x1024.jpg\" alt=\"MOC-12134 Imperial Tie Bomber With Stand With 1416 Pieces\" width=\"1024\" height=\"1024\" title=\"-\" srcset=\"https:\/\/mouldking.store\/wp-content\/uploads\/2022\/12\/authorized-moc-12134-sci-fi-bomber-model_main-3-1024x1024.jpg 1024w, https:\/\/mouldking.store\/wp-content\/uploads\/2022\/12\/authorized-moc-12134-sci-fi-bomber-model_main-3-300x300.jpg 300w, https:\/\/mouldking.store\/wp-content\/uploads\/2022\/12\/authorized-moc-12134-sci-fi-bomber-model_main-3-768x768.jpg 768w, https:\/\/mouldking.store\/wp-content\/uploads\/2022\/12\/authorized-moc-12134-sci-fi-bomber-model_main-3-600x600.jpg 600w, https:\/\/mouldking.store\/wp-content\/uploads\/2022\/12\/authorized-moc-12134-sci-fi-bomber-model_main-3-150x150.jpg 150w, https:\/\/mouldking.store\/wp-content\/uploads\/2022\/12\/authorized-moc-12134-sci-fi-bomber-model_main-3-60x60.jpg 60w, https:\/\/mouldking.store\/wp-content\/uploads\/2022\/12\/authorized-moc-12134-sci-fi-bomber-model_main-3-90x90.jpg 90w, https:\/\/mouldking.store\/wp-content\/uploads\/2022\/12\/authorized-moc-12134-sci-fi-bomber-model_main-3.jpg 1100w\" sizes=\"(max-width: 1024px) 100vw, 1024px\" \/><figcaption id=\"caption-attachment-37196\" class=\"wp-caption-text\">MOC-12134 M\u00e1y bay n\u00e9m bom c\u00e0 v\u1ea1t ho\u00e0ng gia c\u00f3 ch\u00e2n \u0111\u1ebf v\u1edbi 1416 m\u1ea3nh<\/figcaption><\/figure>\n<figure id=\"attachment_37197\" aria-describedby=\"caption-attachment-37197\" style=\"width: 1024px\" class=\"wp-caption aligncenter\"><img loading=\"lazy\" decoding=\"async\" class=\"wp-image-37197 size-large\" src=\"https:\/\/mouldking.store\/wp-content\/uploads\/2022\/12\/authorized-moc-12134-sci-fi-bomber-model_main-2-1024x1024.jpg\" alt=\"MOC-12134 Imperial Tie Bomber With Stand With 1416 Pieces\" width=\"1024\" height=\"1024\" title=\"-\" srcset=\"https:\/\/mouldking.store\/wp-content\/uploads\/2022\/12\/authorized-moc-12134-sci-fi-bomber-model_main-2-1024x1024.jpg 1024w, https:\/\/mouldking.store\/wp-content\/uploads\/2022\/12\/authorized-moc-12134-sci-fi-bomber-model_main-2-300x300.jpg 300w, https:\/\/mouldking.store\/wp-content\/uploads\/2022\/12\/authorized-moc-12134-sci-fi-bomber-model_main-2-768x768.jpg 768w, https:\/\/mouldking.store\/wp-content\/uploads\/2022\/12\/authorized-moc-12134-sci-fi-bomber-model_main-2-600x600.jpg 600w, https:\/\/mouldking.store\/wp-content\/uploads\/2022\/12\/authorized-moc-12134-sci-fi-bomber-model_main-2-150x150.jpg 150w, https:\/\/mouldking.store\/wp-content\/uploads\/2022\/12\/authorized-moc-12134-sci-fi-bomber-model_main-2-60x60.jpg 60w, https:\/\/mouldking.store\/wp-content\/uploads\/2022\/12\/authorized-moc-12134-sci-fi-bomber-model_main-2-90x90.jpg 90w, https:\/\/mouldking.store\/wp-content\/uploads\/2022\/12\/authorized-moc-12134-sci-fi-bomber-model_main-2.jpg 1100w\" sizes=\"(max-width: 1024px) 100vw, 1024px\" \/><figcaption id=\"caption-attachment-37197\" class=\"wp-caption-text\">MOC-12134 M\u00e1y bay n\u00e9m bom c\u00e0 v\u1ea1t ho\u00e0ng gia c\u00f3 ch\u00e2n \u0111\u1ebf v\u1edbi 1416 m\u1ea3nh<\/figcaption><\/figure>\n<figure id=\"attachment_37198\" aria-describedby=\"caption-attachment-37198\" style=\"width: 1024px\" class=\"wp-caption aligncenter\"><img loading=\"lazy\" decoding=\"async\" class=\"wp-image-37198 size-large\" src=\"https:\/\/mouldking.store\/wp-content\/uploads\/2022\/12\/authorized-moc-12134-sci-fi-bomber-model_main-1-1024x1024.jpg\" alt=\"MOC-12134 Imperial Tie Bomber With Stand With 1416 Pieces\" width=\"1024\" height=\"1024\" title=\"-\" srcset=\"https:\/\/mouldking.store\/wp-content\/uploads\/2022\/12\/authorized-moc-12134-sci-fi-bomber-model_main-1-1024x1024.jpg 1024w, https:\/\/mouldking.store\/wp-content\/uploads\/2022\/12\/authorized-moc-12134-sci-fi-bomber-model_main-1-300x300.jpg 300w, https:\/\/mouldking.store\/wp-content\/uploads\/2022\/12\/authorized-moc-12134-sci-fi-bomber-model_main-1-768x768.jpg 768w, https:\/\/mouldking.store\/wp-content\/uploads\/2022\/12\/authorized-moc-12134-sci-fi-bomber-model_main-1-600x600.jpg 600w, https:\/\/mouldking.store\/wp-content\/uploads\/2022\/12\/authorized-moc-12134-sci-fi-bomber-model_main-1-150x150.jpg 150w, https:\/\/mouldking.store\/wp-content\/uploads\/2022\/12\/authorized-moc-12134-sci-fi-bomber-model_main-1-60x60.jpg 60w, https:\/\/mouldking.store\/wp-content\/uploads\/2022\/12\/authorized-moc-12134-sci-fi-bomber-model_main-1-90x90.jpg 90w, https:\/\/mouldking.store\/wp-content\/uploads\/2022\/12\/authorized-moc-12134-sci-fi-bomber-model_main-1.jpg 1100w\" sizes=\"(max-width: 1024px) 100vw, 1024px\" \/><figcaption id=\"caption-attachment-37198\" class=\"wp-caption-text\">MOC-12134 M\u00e1y bay n\u00e9m bom c\u00e0 v\u1ea1t ho\u00e0ng gia c\u00f3 ch\u00e2n \u0111\u1ebf v\u1edbi 1416 m\u1ea3nh<\/figcaption><\/figure>\n<figure id=\"attachment_37192\" aria-describedby=\"caption-attachment-37192\" style=\"width: 1024px\" class=\"wp-caption aligncenter\"><img loading=\"lazy\" decoding=\"async\" class=\"wp-image-37192 size-large\" src=\"https:\/\/mouldking.store\/wp-content\/uploads\/2022\/12\/authorized-moc-12134-sci-fi-bomber-model_main-0-1024x1024.jpg\" alt=\"MOC-12134 Imperial Tie Bomber With Stand With 1416 Pieces\" width=\"1024\" height=\"1024\" title=\"-\" srcset=\"https:\/\/mouldking.store\/wp-content\/uploads\/2022\/12\/authorized-moc-12134-sci-fi-bomber-model_main-0-1024x1024.jpg 1024w, https:\/\/mouldking.store\/wp-content\/uploads\/2022\/12\/authorized-moc-12134-sci-fi-bomber-model_main-0-300x300.jpg 300w, https:\/\/mouldking.store\/wp-content\/uploads\/2022\/12\/authorized-moc-12134-sci-fi-bomber-model_main-0-768x768.jpg 768w, https:\/\/mouldking.store\/wp-content\/uploads\/2022\/12\/authorized-moc-12134-sci-fi-bomber-model_main-0-600x600.jpg 600w, https:\/\/mouldking.store\/wp-content\/uploads\/2022\/12\/authorized-moc-12134-sci-fi-bomber-model_main-0-150x150.jpg 150w, https:\/\/mouldking.store\/wp-content\/uploads\/2022\/12\/authorized-moc-12134-sci-fi-bomber-model_main-0-60x60.jpg 60w, https:\/\/mouldking.store\/wp-content\/uploads\/2022\/12\/authorized-moc-12134-sci-fi-bomber-model_main-0-90x90.jpg 90w, https:\/\/mouldking.store\/wp-content\/uploads\/2022\/12\/authorized-moc-12134-sci-fi-bomber-model_main-0.jpg 1100w\" sizes=\"(max-width: 1024px) 100vw, 1024px\" \/><figcaption id=\"caption-attachment-37192\" class=\"wp-caption-text\">MOC-12134 M\u00e1y bay n\u00e9m bom c\u00e0 v\u1ea1t ho\u00e0ng gia c\u00f3 ch\u00e2n \u0111\u1ebf v\u1edbi 1416 m\u1ea3nh<\/figcaption><\/figure>","protected":false},"excerpt":{"rendered":"<p>Th\u1eddi gian s\u1eafp x\u1ebfp: 4-8 tu\u1ea7n<\/p>","protected":false},"featured_media":37193,"comment_status":"closed","ping_status":"closed","template":"","meta":{"_acf_changed":false},"product_cat":[1406,415],"product_tag":[8443,8828,8829,8826,8830,8825,5530,8827],"class_list":["product","first","instock","shipping-taxable","purchasable","product-type-simple"],"acf":[],"_links":{"self":[{"href":"https:\/\/mouldking.store\/vi\/wp-json\/wp\/v2\/product\/37191","targetHints":{"allow":["GET"]}}],"collection":[{"href":"https:\/\/mouldking.store\/vi\/wp-json\/wp\/v2\/product"}],"about":[{"href":"https:\/\/mouldking.store\/vi\/wp-json\/wp\/v2\/types\/product"}],"replies":[{"embeddable":true,"href":"https:\/\/mouldking.store\/vi\/wp-json\/wp\/v2\/comments?post=37191"}],"wp:featuredmedia":[{"embeddable":true,"href":"https:\/\/mouldking.store\/vi\/wp-json\/wp\/v2\/media\/37193"}],"wp:attachment":[{"href":"https:\/\/mouldking.store\/vi\/wp-json\/wp\/v2\/media?parent=37191"}],"wp:term":[{"taxonomy":"product_cat","embeddable":true,"href":"https:\/\/mouldking.store\/vi\/wp-json\/wp\/v2\/product_cat?post=37191"},{"taxonomy":"product_tag","embeddable":true,"href":"https:\/\/mouldking.store\/vi\/wp-json\/wp\/v2\/product_tag?post=37191"}],"curies":[{"name":"wp","href":"https:\/\/api.w.org\/{rel}","templated":true}]}}