{"id":37253,"date":"2022-12-02T10:51:18","date_gmt":"2022-12-02T03:51:18","guid":{"rendered":"https:\/\/mouldking.store\/?post_type=product&#038;p=37253"},"modified":"2025-12-25T09:12:14","modified_gmt":"2025-12-25T02:12:14","slug":"moc-87641-pier-23-train-scene-with-6212-pieces","status":"publish","type":"product","link":"https:\/\/mouldking.store\/vi\/shop\/moc-87641-pier-23-train-scene-with-6212-pieces\/","title":{"rendered":"MOC-87641 C\u1ea3nh t\u00e0u h\u1ecfa b\u1ebfn t\u00e0u 23 v\u1edbi 6212 m\u1ea3nh gh\u00e9p"},"content":{"rendered":"<p>Th\u00f4ng tin s\u1ea3n ph\u1ea9m:<\/p>\n<ol>\n<li>Th\u01b0\u01a1ng hi\u1ec7u: M\u1ed8C<\/li>\n<li>Gi\u1edbi t\u00ednh: Unisex<\/li>\n<li>Name: Pier 23 Train Scene<\/li>\n<li>\u0110\u1ed9 tu\u1ed5i: &gt; 6 tu\u1ed5i<\/li>\n<li>Model Number: 87641<\/li>\n<li>Ph\u00e2n lo\u1ea1i: T\u1eadp h\u1ee3p<\/li>\n<li>H\u00ecnh d\u1ea1ng kh\u1ed1i nh\u1ef1a: G\u1ea1ch t\u1ef1 kh\u00f3a<\/li>\n<li>Ch\u1ea5t li\u1ec7u: Nh\u1ef1a<\/li>\n<li>Lo\u1ea1i nh\u1ef1a: ABS<\/li>\n<li>Bricks Blocks:6212 PCS<\/li>\n<li>Size: W:89.6 L:76.8 H:31.4 cm<\/li>\n<li>Tr\u1ecdng l\u01b0\u1ee3ng: 5800g<\/li>\n<li>Ch\u1ee9a h\u01b0\u1edbng d\u1eabn l\u1eafp r\u00e1p chi ti\u1ebft.<\/li>\n<\/ol>\n<p>\u0110\u1ec3 \u00fd:<br \/>\n1. Kh\u00f4ng c\u00f3 h\u1ed9p ban \u0111\u1ea7u, nh\u01b0ng ch\u00fang t\u00f4i \u0111\u1ea3m b\u1ea3o s\u1ea3n ph\u1ea9m c\u1ee7a ch\u00fang t\u00f4i c\u00f3 ch\u1ea5t l\u01b0\u1ee3ng \u0111\u1ea3m b\u1ea3o v\u00e0 bao b\u00ec \u0111\u1eb9p.<br \/>\n2. V\u00ec t\u1ea5t c\u1ea3 c\u00e1c b\u1ed9 ph\u1eadn ch\u00fang t\u00f4i \u0111\u00e3 ki\u1ec3m tra tr\u01b0\u1edbc khi v\u1eadn chuy\u1ec3n, v\u00ec v\u1eady n\u1ebfu b\u1ea1n th\u1ea5y m\u1ed9t s\u1ed1 b\u1ed9 ph\u1eadn b\u1ecb thi\u1ebfu ho\u1eb7c h\u01b0 h\u1ecfng, \u0111\u1eebng lo l\u1eafng v\u00e0 ch\u1ec9 c\u1ea7n vui l\u00f2ng li\u00ean h\u1ec7 v\u1edbi ch\u00fang t\u00f4i v\u00e0 ch\u00fang t\u00f4i c\u00f3 th\u1ec3 g\u1eedi l\u1ea1i mi\u1ec5n ph\u00ed cho b\u1ea1n ngay l\u1eadp t\u1ee9c.<\/p>\n<figure id=\"attachment_37256\" aria-describedby=\"caption-attachment-37256\" style=\"width: 1004px\" class=\"wp-caption aligncenter\"><img fetchpriority=\"high\" decoding=\"async\" class=\"wp-image-37256 size-full\" src=\"https:\/\/mouldking.store\/wp-content\/uploads\/2022\/12\/MOC-87641-Modular-Building-Pier-23-Train-Scene-MOC-FACTORY.png\" alt=\"MOC-87641 Pier 23 Train Scene With 6212 Pieces\" width=\"1004\" height=\"1004\" title=\"-\" srcset=\"https:\/\/mouldking.store\/wp-content\/uploads\/2022\/12\/MOC-87641-Modular-Building-Pier-23-Train-Scene-MOC-FACTORY.png 1004w, https:\/\/mouldking.store\/wp-content\/uploads\/2022\/12\/MOC-87641-Modular-Building-Pier-23-Train-Scene-MOC-FACTORY-300x300.png 300w, https:\/\/mouldking.store\/wp-content\/uploads\/2022\/12\/MOC-87641-Modular-Building-Pier-23-Train-Scene-MOC-FACTORY-768x768.png 768w, https:\/\/mouldking.store\/wp-content\/uploads\/2022\/12\/MOC-87641-Modular-Building-Pier-23-Train-Scene-MOC-FACTORY-600x600.png 600w, https:\/\/mouldking.store\/wp-content\/uploads\/2022\/12\/MOC-87641-Modular-Building-Pier-23-Train-Scene-MOC-FACTORY-150x150.png 150w, https:\/\/mouldking.store\/wp-content\/uploads\/2022\/12\/MOC-87641-Modular-Building-Pier-23-Train-Scene-MOC-FACTORY-60x60.png 60w, https:\/\/mouldking.store\/wp-content\/uploads\/2022\/12\/MOC-87641-Modular-Building-Pier-23-Train-Scene-MOC-FACTORY-90x90.png 90w\" sizes=\"(max-width: 1004px) 100vw, 1004px\" \/><figcaption id=\"caption-attachment-37256\" class=\"wp-caption-text\">MOC-87641 C\u1ea3nh t\u00e0u h\u1ecfa b\u1ebfn t\u00e0u 23 v\u1edbi 6212 m\u1ea3nh gh\u00e9p<\/figcaption><\/figure>\n<figure id=\"attachment_37252\" aria-describedby=\"caption-attachment-37252\" style=\"width: 1100px\" class=\"wp-caption aligncenter\"><img decoding=\"async\" class=\"wp-image-37252 size-full\" src=\"https:\/\/mouldking.store\/wp-content\/uploads\/2022\/12\/authorized-moc-84949-1-40-heather-gems-f_main-3.jpg\" alt=\"MOC-87641 Pier 23 Train Scene With 6212 Pieces\" width=\"1100\" height=\"1100\" title=\"-\" srcset=\"https:\/\/mouldking.store\/wp-content\/uploads\/2022\/12\/authorized-moc-84949-1-40-heather-gems-f_main-3.jpg 1100w, https:\/\/mouldking.store\/wp-content\/uploads\/2022\/12\/authorized-moc-84949-1-40-heather-gems-f_main-3-300x300.jpg 300w, https:\/\/mouldking.store\/wp-content\/uploads\/2022\/12\/authorized-moc-84949-1-40-heather-gems-f_main-3-1024x1024.jpg 1024w, https:\/\/mouldking.store\/wp-content\/uploads\/2022\/12\/authorized-moc-84949-1-40-heather-gems-f_main-3-768x768.jpg 768w, https:\/\/mouldking.store\/wp-content\/uploads\/2022\/12\/authorized-moc-84949-1-40-heather-gems-f_main-3-600x600.jpg 600w, https:\/\/mouldking.store\/wp-content\/uploads\/2022\/12\/authorized-moc-84949-1-40-heather-gems-f_main-3-150x150.jpg 150w, https:\/\/mouldking.store\/wp-content\/uploads\/2022\/12\/authorized-moc-84949-1-40-heather-gems-f_main-3-60x60.jpg 60w, https:\/\/mouldking.store\/wp-content\/uploads\/2022\/12\/authorized-moc-84949-1-40-heather-gems-f_main-3-90x90.jpg 90w\" sizes=\"(max-width: 1100px) 100vw, 1100px\" \/><figcaption id=\"caption-attachment-37252\" class=\"wp-caption-text\">MOC-87641 C\u1ea3nh t\u00e0u h\u1ecfa b\u1ebfn t\u00e0u 23 v\u1edbi 6212 m\u1ea3nh gh\u00e9p<\/figcaption><\/figure>\n<figure id=\"attachment_37257\" aria-describedby=\"caption-attachment-37257\" style=\"width: 1024px\" class=\"wp-caption aligncenter\"><img decoding=\"async\" class=\"wp-image-37257 size-large\" src=\"https:\/\/mouldking.store\/wp-content\/uploads\/2022\/12\/authorized-moc-87641-1-40-pier-23-train_main-5-1024x1024.jpg\" alt=\"MOC-87641 Pier 23 Train Scene With 6212 Pieces\" width=\"1024\" height=\"1024\" title=\"-\" srcset=\"https:\/\/mouldking.store\/wp-content\/uploads\/2022\/12\/authorized-moc-87641-1-40-pier-23-train_main-5-1024x1024.jpg 1024w, https:\/\/mouldking.store\/wp-content\/uploads\/2022\/12\/authorized-moc-87641-1-40-pier-23-train_main-5-300x300.jpg 300w, https:\/\/mouldking.store\/wp-content\/uploads\/2022\/12\/authorized-moc-87641-1-40-pier-23-train_main-5-768x768.jpg 768w, https:\/\/mouldking.store\/wp-content\/uploads\/2022\/12\/authorized-moc-87641-1-40-pier-23-train_main-5-600x600.jpg 600w, https:\/\/mouldking.store\/wp-content\/uploads\/2022\/12\/authorized-moc-87641-1-40-pier-23-train_main-5-150x150.jpg 150w, https:\/\/mouldking.store\/wp-content\/uploads\/2022\/12\/authorized-moc-87641-1-40-pier-23-train_main-5-60x60.jpg 60w, https:\/\/mouldking.store\/wp-content\/uploads\/2022\/12\/authorized-moc-87641-1-40-pier-23-train_main-5-90x90.jpg 90w, https:\/\/mouldking.store\/wp-content\/uploads\/2022\/12\/authorized-moc-87641-1-40-pier-23-train_main-5.jpg 1100w\" sizes=\"(max-width: 1024px) 100vw, 1024px\" \/><figcaption id=\"caption-attachment-37257\" class=\"wp-caption-text\">MOC-87641 C\u1ea3nh t\u00e0u h\u1ecfa b\u1ebfn t\u00e0u 23 v\u1edbi 6212 m\u1ea3nh gh\u00e9p<\/figcaption><\/figure>\n<figure id=\"attachment_37259\" aria-describedby=\"caption-attachment-37259\" style=\"width: 1024px\" class=\"wp-caption aligncenter\"><img loading=\"lazy\" decoding=\"async\" class=\"wp-image-37259 size-large\" src=\"https:\/\/mouldking.store\/wp-content\/uploads\/2022\/12\/authorized-moc-87641-1-40-pier-23-train_main-3-1024x1024.jpg\" alt=\"MOC-87641 Pier 23 Train Scene With 6212 Pieces\" width=\"1024\" height=\"1024\" title=\"-\" srcset=\"https:\/\/mouldking.store\/wp-content\/uploads\/2022\/12\/authorized-moc-87641-1-40-pier-23-train_main-3-1024x1024.jpg 1024w, https:\/\/mouldking.store\/wp-content\/uploads\/2022\/12\/authorized-moc-87641-1-40-pier-23-train_main-3-300x300.jpg 300w, https:\/\/mouldking.store\/wp-content\/uploads\/2022\/12\/authorized-moc-87641-1-40-pier-23-train_main-3-768x768.jpg 768w, https:\/\/mouldking.store\/wp-content\/uploads\/2022\/12\/authorized-moc-87641-1-40-pier-23-train_main-3-600x600.jpg 600w, https:\/\/mouldking.store\/wp-content\/uploads\/2022\/12\/authorized-moc-87641-1-40-pier-23-train_main-3-150x150.jpg 150w, https:\/\/mouldking.store\/wp-content\/uploads\/2022\/12\/authorized-moc-87641-1-40-pier-23-train_main-3-60x60.jpg 60w, https:\/\/mouldking.store\/wp-content\/uploads\/2022\/12\/authorized-moc-87641-1-40-pier-23-train_main-3-90x90.jpg 90w, https:\/\/mouldking.store\/wp-content\/uploads\/2022\/12\/authorized-moc-87641-1-40-pier-23-train_main-3.jpg 1100w\" sizes=\"(max-width: 1024px) 100vw, 1024px\" \/><figcaption id=\"caption-attachment-37259\" class=\"wp-caption-text\">MOC-87641 C\u1ea3nh t\u00e0u h\u1ecfa b\u1ebfn t\u00e0u 23 v\u1edbi 6212 m\u1ea3nh gh\u00e9p<\/figcaption><\/figure>\n<figure id=\"attachment_37260\" aria-describedby=\"caption-attachment-37260\" style=\"width: 1024px\" class=\"wp-caption aligncenter\"><img loading=\"lazy\" decoding=\"async\" class=\"wp-image-37260 size-large\" src=\"https:\/\/mouldking.store\/wp-content\/uploads\/2022\/12\/authorized-moc-87641-1-40-pier-23-train_main-2-1024x1024.jpg\" alt=\"MOC-87641 Pier 23 Train Scene With 6212 Pieces\" width=\"1024\" height=\"1024\" title=\"-\" srcset=\"https:\/\/mouldking.store\/wp-content\/uploads\/2022\/12\/authorized-moc-87641-1-40-pier-23-train_main-2-1024x1024.jpg 1024w, https:\/\/mouldking.store\/wp-content\/uploads\/2022\/12\/authorized-moc-87641-1-40-pier-23-train_main-2-300x300.jpg 300w, https:\/\/mouldking.store\/wp-content\/uploads\/2022\/12\/authorized-moc-87641-1-40-pier-23-train_main-2-768x768.jpg 768w, https:\/\/mouldking.store\/wp-content\/uploads\/2022\/12\/authorized-moc-87641-1-40-pier-23-train_main-2-600x600.jpg 600w, https:\/\/mouldking.store\/wp-content\/uploads\/2022\/12\/authorized-moc-87641-1-40-pier-23-train_main-2-150x150.jpg 150w, https:\/\/mouldking.store\/wp-content\/uploads\/2022\/12\/authorized-moc-87641-1-40-pier-23-train_main-2-60x60.jpg 60w, https:\/\/mouldking.store\/wp-content\/uploads\/2022\/12\/authorized-moc-87641-1-40-pier-23-train_main-2-90x90.jpg 90w, https:\/\/mouldking.store\/wp-content\/uploads\/2022\/12\/authorized-moc-87641-1-40-pier-23-train_main-2.jpg 1100w\" sizes=\"(max-width: 1024px) 100vw, 1024px\" \/><figcaption id=\"caption-attachment-37260\" class=\"wp-caption-text\">MOC-87641 C\u1ea3nh t\u00e0u h\u1ecfa b\u1ebfn t\u00e0u 23 v\u1edbi 6212 m\u1ea3nh gh\u00e9p<\/figcaption><\/figure>\n<figure id=\"attachment_37258\" aria-describedby=\"caption-attachment-37258\" style=\"width: 1024px\" class=\"wp-caption aligncenter\"><img loading=\"lazy\" decoding=\"async\" class=\"wp-image-37258 size-large\" src=\"https:\/\/mouldking.store\/wp-content\/uploads\/2022\/12\/authorized-moc-87641-1-40-pier-23-train_main-4-1024x1024.jpg\" alt=\"MOC-87641 Pier 23 Train Scene With 6212 Pieces\" width=\"1024\" height=\"1024\" title=\"-\" srcset=\"https:\/\/mouldking.store\/wp-content\/uploads\/2022\/12\/authorized-moc-87641-1-40-pier-23-train_main-4-1024x1024.jpg 1024w, https:\/\/mouldking.store\/wp-content\/uploads\/2022\/12\/authorized-moc-87641-1-40-pier-23-train_main-4-300x300.jpg 300w, https:\/\/mouldking.store\/wp-content\/uploads\/2022\/12\/authorized-moc-87641-1-40-pier-23-train_main-4-768x768.jpg 768w, https:\/\/mouldking.store\/wp-content\/uploads\/2022\/12\/authorized-moc-87641-1-40-pier-23-train_main-4-600x600.jpg 600w, https:\/\/mouldking.store\/wp-content\/uploads\/2022\/12\/authorized-moc-87641-1-40-pier-23-train_main-4-150x150.jpg 150w, https:\/\/mouldking.store\/wp-content\/uploads\/2022\/12\/authorized-moc-87641-1-40-pier-23-train_main-4-60x60.jpg 60w, https:\/\/mouldking.store\/wp-content\/uploads\/2022\/12\/authorized-moc-87641-1-40-pier-23-train_main-4-90x90.jpg 90w, https:\/\/mouldking.store\/wp-content\/uploads\/2022\/12\/authorized-moc-87641-1-40-pier-23-train_main-4.jpg 1100w\" sizes=\"(max-width: 1024px) 100vw, 1024px\" \/><figcaption id=\"caption-attachment-37258\" class=\"wp-caption-text\">MOC-87641 C\u1ea3nh t\u00e0u h\u1ecfa b\u1ebfn t\u00e0u 23 v\u1edbi 6212 m\u1ea3nh gh\u00e9p<\/figcaption><\/figure>","protected":false},"excerpt":{"rendered":"<p>Th\u1eddi gian s\u1eafp x\u1ebfp: 4-8 tu\u1ea7n<\/p>","protected":false},"featured_media":37256,"comment_status":"closed","ping_status":"closed","template":"","meta":{"_acf_changed":false},"product_cat":[1395,1406,390],"product_tag":[8885,8888,8884,8886,8887,8880],"class_list":["product","first","instock","shipping-taxable","purchasable","product-type-simple"],"acf":[],"_links":{"self":[{"href":"https:\/\/mouldking.store\/vi\/wp-json\/wp\/v2\/product\/37253","targetHints":{"allow":["GET"]}}],"collection":[{"href":"https:\/\/mouldking.store\/vi\/wp-json\/wp\/v2\/product"}],"about":[{"href":"https:\/\/mouldking.store\/vi\/wp-json\/wp\/v2\/types\/product"}],"replies":[{"embeddable":true,"href":"https:\/\/mouldking.store\/vi\/wp-json\/wp\/v2\/comments?post=37253"}],"wp:featuredmedia":[{"embeddable":true,"href":"https:\/\/mouldking.store\/vi\/wp-json\/wp\/v2\/media\/37256"}],"wp:attachment":[{"href":"https:\/\/mouldking.store\/vi\/wp-json\/wp\/v2\/media?parent=37253"}],"wp:term":[{"taxonomy":"product_cat","embeddable":true,"href":"https:\/\/mouldking.store\/vi\/wp-json\/wp\/v2\/product_cat?post=37253"},{"taxonomy":"product_tag","embeddable":true,"href":"https:\/\/mouldking.store\/vi\/wp-json\/wp\/v2\/product_tag?post=37253"}],"curies":[{"name":"wp","href":"https:\/\/api.w.org\/{rel}","templated":true}]}}