{"id":37404,"date":"2022-12-06T17:51:54","date_gmt":"2022-12-06T10:51:54","guid":{"rendered":"https:\/\/mouldking.store\/?post_type=product&#038;p=37404"},"modified":"2025-12-25T09:12:13","modified_gmt":"2025-12-25T02:12:13","slug":"moc-127210-little-water-landscape-with-536-pieces","status":"publish","type":"product","link":"https:\/\/mouldking.store\/vi\/shop\/moc-127210-little-water-landscape-with-536-pieces\/","title":{"rendered":"MOC-127210 Phong C\u1ea3nh N\u01b0\u1edbc Nh\u1ecf V\u1edbi 536 M\u1ea3nh"},"content":{"rendered":"<p>Th\u00f4ng tin s\u1ea3n ph\u1ea9m:<\/p>\n<ol>\n<li>Th\u01b0\u01a1ng hi\u1ec7u: M\u1ed8C<\/li>\n<li>Gi\u1edbi t\u00ednh: Unisex<\/li>\n<li>T\u00ean: Ti\u1ec3u C\u1ea3nh N\u01b0\u1edbc<\/li>\n<li>\u0110\u1ed9 tu\u1ed5i: &gt; 6 tu\u1ed5i<\/li>\n<li>S\u1ed1 m\u00f4 h\u00ecnh: 127210<\/li>\n<li>Ph\u00e2n lo\u1ea1i: T\u1eadp h\u1ee3p<\/li>\n<li>H\u00ecnh d\u1ea1ng kh\u1ed1i nh\u1ef1a: G\u1ea1ch t\u1ef1 kh\u00f3a<\/li>\n<li>Ch\u1ea5t li\u1ec7u: Nh\u1ef1a<\/li>\n<li>Lo\u1ea1i nh\u1ef1a: ABS<\/li>\n<li>Kh\u1ed1i g\u1ea1ch: 536 C\u00c1I<\/li>\n<li>K\u00edch th\u01b0\u1edbc: 25,6 x 25,6 x 8 cm<\/li>\n<li>C\u00e2n n\u1eb7ng: 0,46kg<\/li>\n<li>Ch\u1ee9a h\u01b0\u1edbng d\u1eabn l\u1eafp r\u00e1p chi ti\u1ebft.<\/li>\n<\/ol>\n<p>\u0110\u1ec3 \u00fd:<br \/>\n1. Kh\u00f4ng c\u00f3 h\u1ed9p ban \u0111\u1ea7u, nh\u01b0ng ch\u00fang t\u00f4i \u0111\u1ea3m b\u1ea3o s\u1ea3n ph\u1ea9m c\u1ee7a ch\u00fang t\u00f4i c\u00f3 ch\u1ea5t l\u01b0\u1ee3ng \u0111\u1ea3m b\u1ea3o v\u00e0 bao b\u00ec \u0111\u1eb9p.<br \/>\n2. V\u00ec t\u1ea5t c\u1ea3 c\u00e1c b\u1ed9 ph\u1eadn ch\u00fang t\u00f4i \u0111\u00e3 ki\u1ec3m tra tr\u01b0\u1edbc khi v\u1eadn chuy\u1ec3n, v\u00ec v\u1eady n\u1ebfu b\u1ea1n th\u1ea5y m\u1ed9t s\u1ed1 b\u1ed9 ph\u1eadn b\u1ecb thi\u1ebfu ho\u1eb7c h\u01b0 h\u1ecfng, \u0111\u1eebng lo l\u1eafng v\u00e0 ch\u1ec9 c\u1ea7n vui l\u00f2ng li\u00ean h\u1ec7 v\u1edbi ch\u00fang t\u00f4i v\u00e0 ch\u00fang t\u00f4i c\u00f3 th\u1ec3 g\u1eedi l\u1ea1i mi\u1ec5n ph\u00ed cho b\u1ea1n ngay l\u1eadp t\u1ee9c.<\/p>\n<figure id=\"attachment_37405\" aria-describedby=\"caption-attachment-37405\" style=\"width: 1004px\" class=\"wp-caption aligncenter\"><img fetchpriority=\"high\" decoding=\"async\" class=\"wp-image-37405 size-full\" src=\"https:\/\/mouldking.store\/wp-content\/uploads\/2022\/12\/MOC-127210-Creator-Little-Water-Landscape-MOC-FACTORY.png\" alt=\"MOC-127210 Little Water Landscape With 536 Pieces\" width=\"1004\" height=\"1004\" title=\"-\" srcset=\"https:\/\/mouldking.store\/wp-content\/uploads\/2022\/12\/MOC-127210-Creator-Little-Water-Landscape-MOC-FACTORY.png 1004w, https:\/\/mouldking.store\/wp-content\/uploads\/2022\/12\/MOC-127210-Creator-Little-Water-Landscape-MOC-FACTORY-300x300.png 300w, https:\/\/mouldking.store\/wp-content\/uploads\/2022\/12\/MOC-127210-Creator-Little-Water-Landscape-MOC-FACTORY-768x768.png 768w, https:\/\/mouldking.store\/wp-content\/uploads\/2022\/12\/MOC-127210-Creator-Little-Water-Landscape-MOC-FACTORY-600x600.png 600w, https:\/\/mouldking.store\/wp-content\/uploads\/2022\/12\/MOC-127210-Creator-Little-Water-Landscape-MOC-FACTORY-150x150.png 150w, https:\/\/mouldking.store\/wp-content\/uploads\/2022\/12\/MOC-127210-Creator-Little-Water-Landscape-MOC-FACTORY-60x60.png 60w, https:\/\/mouldking.store\/wp-content\/uploads\/2022\/12\/MOC-127210-Creator-Little-Water-Landscape-MOC-FACTORY-90x90.png 90w\" sizes=\"(max-width: 1004px) 100vw, 1004px\" \/><figcaption id=\"caption-attachment-37405\" class=\"wp-caption-text\">MOC-127210 Phong C\u1ea3nh N\u01b0\u1edbc Nh\u1ecf V\u1edbi 536 M\u1ea3nh<\/figcaption><\/figure>\n<figure id=\"attachment_37406\" aria-describedby=\"caption-attachment-37406\" style=\"width: 1000px\" class=\"wp-caption aligncenter\"><img decoding=\"async\" class=\"wp-image-37406 size-full\" src=\"https:\/\/mouldking.store\/wp-content\/uploads\/2022\/12\/MOC-127210-Little-Water-Landscape-4.jpg\" alt=\"MOC-127210 Little Water Landscape With 536 Pieces\" width=\"1000\" height=\"1000\" title=\"-\" srcset=\"https:\/\/mouldking.store\/wp-content\/uploads\/2022\/12\/MOC-127210-Little-Water-Landscape-4.jpg 1000w, https:\/\/mouldking.store\/wp-content\/uploads\/2022\/12\/MOC-127210-Little-Water-Landscape-4-300x300.jpg 300w, https:\/\/mouldking.store\/wp-content\/uploads\/2022\/12\/MOC-127210-Little-Water-Landscape-4-768x768.jpg 768w, https:\/\/mouldking.store\/wp-content\/uploads\/2022\/12\/MOC-127210-Little-Water-Landscape-4-600x600.jpg 600w, https:\/\/mouldking.store\/wp-content\/uploads\/2022\/12\/MOC-127210-Little-Water-Landscape-4-150x150.jpg 150w, https:\/\/mouldking.store\/wp-content\/uploads\/2022\/12\/MOC-127210-Little-Water-Landscape-4-60x60.jpg 60w, https:\/\/mouldking.store\/wp-content\/uploads\/2022\/12\/MOC-127210-Little-Water-Landscape-4-90x90.jpg 90w\" sizes=\"(max-width: 1000px) 100vw, 1000px\" \/><figcaption id=\"caption-attachment-37406\" class=\"wp-caption-text\">MOC-127210 Phong C\u1ea3nh N\u01b0\u1edbc Nh\u1ecf V\u1edbi 536 M\u1ea3nh<\/figcaption><\/figure>\n<figure id=\"attachment_37407\" aria-describedby=\"caption-attachment-37407\" style=\"width: 1000px\" class=\"wp-caption aligncenter\"><img decoding=\"async\" class=\"wp-image-37407 size-full\" src=\"https:\/\/mouldking.store\/wp-content\/uploads\/2022\/12\/MOC-127210-Little-Water-Landscape-3.jpg\" alt=\"MOC-127210 Little Water Landscape With 536 Pieces\" width=\"1000\" height=\"1000\" title=\"-\" srcset=\"https:\/\/mouldking.store\/wp-content\/uploads\/2022\/12\/MOC-127210-Little-Water-Landscape-3.jpg 1000w, https:\/\/mouldking.store\/wp-content\/uploads\/2022\/12\/MOC-127210-Little-Water-Landscape-3-300x300.jpg 300w, https:\/\/mouldking.store\/wp-content\/uploads\/2022\/12\/MOC-127210-Little-Water-Landscape-3-768x768.jpg 768w, https:\/\/mouldking.store\/wp-content\/uploads\/2022\/12\/MOC-127210-Little-Water-Landscape-3-600x600.jpg 600w, https:\/\/mouldking.store\/wp-content\/uploads\/2022\/12\/MOC-127210-Little-Water-Landscape-3-150x150.jpg 150w, https:\/\/mouldking.store\/wp-content\/uploads\/2022\/12\/MOC-127210-Little-Water-Landscape-3-60x60.jpg 60w, https:\/\/mouldking.store\/wp-content\/uploads\/2022\/12\/MOC-127210-Little-Water-Landscape-3-90x90.jpg 90w\" sizes=\"(max-width: 1000px) 100vw, 1000px\" \/><figcaption id=\"caption-attachment-37407\" class=\"wp-caption-text\">MOC-127210 Phong C\u1ea3nh N\u01b0\u1edbc Nh\u1ecf V\u1edbi 536 M\u1ea3nh<\/figcaption><\/figure>\n<figure id=\"attachment_37408\" aria-describedby=\"caption-attachment-37408\" style=\"width: 1000px\" class=\"wp-caption aligncenter\"><img loading=\"lazy\" decoding=\"async\" class=\"wp-image-37408 size-full\" src=\"https:\/\/mouldking.store\/wp-content\/uploads\/2022\/12\/MOC-127210-Little-Water-Landscape-2.jpg\" alt=\"MOC-127210 Little Water Landscape With 536 Pieces\" width=\"1000\" height=\"1000\" title=\"-\" srcset=\"https:\/\/mouldking.store\/wp-content\/uploads\/2022\/12\/MOC-127210-Little-Water-Landscape-2.jpg 1000w, https:\/\/mouldking.store\/wp-content\/uploads\/2022\/12\/MOC-127210-Little-Water-Landscape-2-300x300.jpg 300w, https:\/\/mouldking.store\/wp-content\/uploads\/2022\/12\/MOC-127210-Little-Water-Landscape-2-768x768.jpg 768w, https:\/\/mouldking.store\/wp-content\/uploads\/2022\/12\/MOC-127210-Little-Water-Landscape-2-600x600.jpg 600w, https:\/\/mouldking.store\/wp-content\/uploads\/2022\/12\/MOC-127210-Little-Water-Landscape-2-150x150.jpg 150w, https:\/\/mouldking.store\/wp-content\/uploads\/2022\/12\/MOC-127210-Little-Water-Landscape-2-60x60.jpg 60w, https:\/\/mouldking.store\/wp-content\/uploads\/2022\/12\/MOC-127210-Little-Water-Landscape-2-90x90.jpg 90w\" sizes=\"(max-width: 1000px) 100vw, 1000px\" \/><figcaption id=\"caption-attachment-37408\" class=\"wp-caption-text\">MOC-127210 Phong C\u1ea3nh N\u01b0\u1edbc Nh\u1ecf V\u1edbi 536 M\u1ea3nh<\/figcaption><\/figure>\n<figure id=\"attachment_37409\" aria-describedby=\"caption-attachment-37409\" style=\"width: 747px\" class=\"wp-caption aligncenter\"><img loading=\"lazy\" decoding=\"async\" class=\"wp-image-37409 size-large\" src=\"https:\/\/mouldking.store\/wp-content\/uploads\/2022\/12\/MOC-127210-Little-Water-Landscape-1-747x1024.jpg\" alt=\"MOC-127210 Little Water Landscape With 536 Pieces\" width=\"747\" height=\"1024\" title=\"-\" srcset=\"https:\/\/mouldking.store\/wp-content\/uploads\/2022\/12\/MOC-127210-Little-Water-Landscape-1-747x1024.jpg 747w, https:\/\/mouldking.store\/wp-content\/uploads\/2022\/12\/MOC-127210-Little-Water-Landscape-1-219x300.jpg 219w, https:\/\/mouldking.store\/wp-content\/uploads\/2022\/12\/MOC-127210-Little-Water-Landscape-1-768x1053.jpg 768w, https:\/\/mouldking.store\/wp-content\/uploads\/2022\/12\/MOC-127210-Little-Water-Landscape-1-300x411.jpg 300w, https:\/\/mouldking.store\/wp-content\/uploads\/2022\/12\/MOC-127210-Little-Water-Landscape-1-600x823.jpg 600w, https:\/\/mouldking.store\/wp-content\/uploads\/2022\/12\/MOC-127210-Little-Water-Landscape-1-109x150.jpg 109w, https:\/\/mouldking.store\/wp-content\/uploads\/2022\/12\/MOC-127210-Little-Water-Landscape-1-44x60.jpg 44w, https:\/\/mouldking.store\/wp-content\/uploads\/2022\/12\/MOC-127210-Little-Water-Landscape-1-66x90.jpg 66w, https:\/\/mouldking.store\/wp-content\/uploads\/2022\/12\/MOC-127210-Little-Water-Landscape-1.jpg 875w\" sizes=\"(max-width: 747px) 100vw, 747px\" \/><figcaption id=\"caption-attachment-37409\" class=\"wp-caption-text\">MOC-127210 Phong C\u1ea3nh N\u01b0\u1edbc Nh\u1ecf V\u1edbi 536 M\u1ea3nh<\/figcaption><\/figure>","protected":false},"excerpt":{"rendered":"<p>Product information: Brand: MOC Gender: Unisex Name: Little Water Landscape Age Range: &gt; 6 years old Model Number: 127210 Classification: Assemblage Plastic Block Shape: Self-Locking Bricks Material: Plastic Plastic Type: ABS Bricks Blocks:536 PCS Size: 25.6 x 25.6 x 8 cm Weight: 0.46 kg Contains detailed assembly instructions. Notice: 1. Without an original box, but [&hellip;]<\/p>","protected":false},"featured_media":37405,"comment_status":"closed","ping_status":"closed","template":"","meta":{"_acf_changed":false},"product_cat":[1365,1406,371],"product_tag":[8981,8983,8985,430,8986,8987,8980,8982,8984],"class_list":["product","first","instock","shipping-taxable","purchasable","product-type-simple"],"acf":[],"_links":{"self":[{"href":"https:\/\/mouldking.store\/vi\/wp-json\/wp\/v2\/product\/37404","targetHints":{"allow":["GET"]}}],"collection":[{"href":"https:\/\/mouldking.store\/vi\/wp-json\/wp\/v2\/product"}],"about":[{"href":"https:\/\/mouldking.store\/vi\/wp-json\/wp\/v2\/types\/product"}],"replies":[{"embeddable":true,"href":"https:\/\/mouldking.store\/vi\/wp-json\/wp\/v2\/comments?post=37404"}],"wp:featuredmedia":[{"embeddable":true,"href":"https:\/\/mouldking.store\/vi\/wp-json\/wp\/v2\/media\/37405"}],"wp:attachment":[{"href":"https:\/\/mouldking.store\/vi\/wp-json\/wp\/v2\/media?parent=37404"}],"wp:term":[{"taxonomy":"product_cat","embeddable":true,"href":"https:\/\/mouldking.store\/vi\/wp-json\/wp\/v2\/product_cat?post=37404"},{"taxonomy":"product_tag","embeddable":true,"href":"https:\/\/mouldking.store\/vi\/wp-json\/wp\/v2\/product_tag?post=37404"}],"curies":[{"name":"wp","href":"https:\/\/api.w.org\/{rel}","templated":true}]}}