{"id":37474,"date":"2022-12-07T09:34:20","date_gmt":"2022-12-07T02:34:20","guid":{"rendered":"https:\/\/mouldking.store\/?post_type=product&#038;p=37474"},"modified":"2025-12-25T09:12:12","modified_gmt":"2025-12-25T02:12:12","slug":"moc-114029-nexu-beast-from-petranaki-geonosian-arena-with-346-pieces","status":"publish","type":"product","link":"https:\/\/mouldking.store\/vi\/shop\/moc-114029-nexu-beast-from-petranaki-geonosian-arena-with-346-pieces\/","title":{"rendered":"MOC-114029 Nexu Beast \u2013 T\u1eeb \u0110\u1ea5u tr\u01b0\u1eddng Petranaki \/ Geonosian V\u1edbi 346 M\u1ea3nh gh\u00e9p"},"content":{"rendered":"<p>Th\u00f4ng tin s\u1ea3n ph\u1ea9m:<\/p>\n<ol>\n<li>Th\u01b0\u01a1ng hi\u1ec7u: M\u1ed8C<\/li>\n<li>Gi\u1edbi t\u00ednh: Unisex<\/li>\n<li>T\u00ean: Nexu Beast \u2013 T\u1eeb Petranaki \/ Geonosian Arena<\/li>\n<li>\u0110\u1ed9 tu\u1ed5i: &gt; 6 tu\u1ed5i<\/li>\n<li>S\u1ed1 m\u00f4 h\u00ecnh: 114029<\/li>\n<li>Ph\u00e2n lo\u1ea1i: T\u1eadp h\u1ee3p<\/li>\n<li>H\u00ecnh d\u1ea1ng kh\u1ed1i nh\u1ef1a: G\u1ea1ch t\u1ef1 kh\u00f3a<\/li>\n<li>Ch\u1ea5t li\u1ec7u: Nh\u1ef1a<\/li>\n<li>Lo\u1ea1i nh\u1ef1a: ABS<\/li>\n<li>Kh\u1ed1i g\u1ea1ch: 346 C\u00c1I<\/li>\n<li>K\u00edch th\u01b0\u1edbc: 16 x 8 x 5,6cm<\/li>\n<li>Tr\u1ecdng l\u01b0\u1ee3ng: 0,14 kg<\/li>\n<li>Ch\u1ee9a h\u01b0\u1edbng d\u1eabn l\u1eafp r\u00e1p chi ti\u1ebft.<\/li>\n<\/ol>\n<p>\u0110\u1ec3 \u00fd:<br \/>\n1. Kh\u00f4ng c\u00f3 h\u1ed9p ban \u0111\u1ea7u, nh\u01b0ng ch\u00fang t\u00f4i \u0111\u1ea3m b\u1ea3o s\u1ea3n ph\u1ea9m c\u1ee7a ch\u00fang t\u00f4i c\u00f3 ch\u1ea5t l\u01b0\u1ee3ng \u0111\u1ea3m b\u1ea3o v\u00e0 bao b\u00ec \u0111\u1eb9p.<br \/>\n2. V\u00ec t\u1ea5t c\u1ea3 c\u00e1c b\u1ed9 ph\u1eadn ch\u00fang t\u00f4i \u0111\u00e3 ki\u1ec3m tra tr\u01b0\u1edbc khi v\u1eadn chuy\u1ec3n, v\u00ec v\u1eady n\u1ebfu b\u1ea1n th\u1ea5y m\u1ed9t s\u1ed1 b\u1ed9 ph\u1eadn b\u1ecb thi\u1ebfu ho\u1eb7c h\u01b0 h\u1ecfng, \u0111\u1eebng lo l\u1eafng v\u00e0 ch\u1ec9 c\u1ea7n vui l\u00f2ng li\u00ean h\u1ec7 v\u1edbi ch\u00fang t\u00f4i v\u00e0 ch\u00fang t\u00f4i c\u00f3 th\u1ec3 g\u1eedi l\u1ea1i mi\u1ec5n ph\u00ed cho b\u1ea1n ngay l\u1eadp t\u1ee9c.<\/p>\n<figure id=\"attachment_37475\" aria-describedby=\"caption-attachment-37475\" style=\"width: 1024px\" class=\"wp-caption aligncenter\"><img fetchpriority=\"high\" decoding=\"async\" class=\"wp-image-37475 size-large\" src=\"https:\/\/mouldking.store\/wp-content\/uploads\/2022\/12\/MOC-114029-Creator-Nexu-Beast-1024x1024.png\" alt=\"MOC-114029 Nexu Beast \u2013 From Petranaki \/ Geonosian Arena With 346 Pieces\" width=\"1024\" height=\"1024\" title=\"-\" srcset=\"https:\/\/mouldking.store\/wp-content\/uploads\/2022\/12\/MOC-114029-Creator-Nexu-Beast-1024x1024.png 1024w, https:\/\/mouldking.store\/wp-content\/uploads\/2022\/12\/MOC-114029-Creator-Nexu-Beast-300x300.png 300w, https:\/\/mouldking.store\/wp-content\/uploads\/2022\/12\/MOC-114029-Creator-Nexu-Beast-768x768.png 768w, https:\/\/mouldking.store\/wp-content\/uploads\/2022\/12\/MOC-114029-Creator-Nexu-Beast-600x600.png 600w, https:\/\/mouldking.store\/wp-content\/uploads\/2022\/12\/MOC-114029-Creator-Nexu-Beast-150x150.png 150w, https:\/\/mouldking.store\/wp-content\/uploads\/2022\/12\/MOC-114029-Creator-Nexu-Beast-60x60.png 60w, https:\/\/mouldking.store\/wp-content\/uploads\/2022\/12\/MOC-114029-Creator-Nexu-Beast-90x90.png 90w, https:\/\/mouldking.store\/wp-content\/uploads\/2022\/12\/MOC-114029-Creator-Nexu-Beast.png 1095w\" sizes=\"(max-width: 1024px) 100vw, 1024px\" \/><figcaption id=\"caption-attachment-37475\" class=\"wp-caption-text\">MOC-114029 Nexu Beast \u2013 T\u1eeb \u0110\u1ea5u tr\u01b0\u1eddng Petranaki \/ Geonosian V\u1edbi 346 M\u1ea3nh gh\u00e9p<\/figcaption><\/figure>\n<figure id=\"attachment_37476\" aria-describedby=\"caption-attachment-37476\" style=\"width: 1000px\" class=\"wp-caption aligncenter\"><img decoding=\"async\" class=\"wp-image-37476 size-full\" src=\"https:\/\/mouldking.store\/wp-content\/uploads\/2022\/12\/MOC-114029-Nexu-Beast-From-Petranaki-6.jpg\" alt=\"MOC-114029 Nexu Beast \u2013 From Petranaki \/ Geonosian Arena With 346 Pieces\" width=\"1000\" height=\"1000\" title=\"-\" srcset=\"https:\/\/mouldking.store\/wp-content\/uploads\/2022\/12\/MOC-114029-Nexu-Beast-From-Petranaki-6.jpg 1000w, https:\/\/mouldking.store\/wp-content\/uploads\/2022\/12\/MOC-114029-Nexu-Beast-From-Petranaki-6-300x300.jpg 300w, https:\/\/mouldking.store\/wp-content\/uploads\/2022\/12\/MOC-114029-Nexu-Beast-From-Petranaki-6-768x768.jpg 768w, https:\/\/mouldking.store\/wp-content\/uploads\/2022\/12\/MOC-114029-Nexu-Beast-From-Petranaki-6-600x600.jpg 600w, https:\/\/mouldking.store\/wp-content\/uploads\/2022\/12\/MOC-114029-Nexu-Beast-From-Petranaki-6-150x150.jpg 150w, https:\/\/mouldking.store\/wp-content\/uploads\/2022\/12\/MOC-114029-Nexu-Beast-From-Petranaki-6-60x60.jpg 60w, https:\/\/mouldking.store\/wp-content\/uploads\/2022\/12\/MOC-114029-Nexu-Beast-From-Petranaki-6-90x90.jpg 90w\" sizes=\"(max-width: 1000px) 100vw, 1000px\" \/><figcaption id=\"caption-attachment-37476\" class=\"wp-caption-text\">MOC-114029 Nexu Beast \u2013 T\u1eeb \u0110\u1ea5u tr\u01b0\u1eddng Petranaki \/ Geonosian V\u1edbi 346 M\u1ea3nh gh\u00e9p<\/figcaption><\/figure>\n<figure id=\"attachment_37477\" aria-describedby=\"caption-attachment-37477\" style=\"width: 1000px\" class=\"wp-caption aligncenter\"><img decoding=\"async\" class=\"wp-image-37477 size-full\" src=\"https:\/\/mouldking.store\/wp-content\/uploads\/2022\/12\/MOC-114029-Nexu-Beast-From-Petranaki-5.jpg\" alt=\"MOC-114029 Nexu Beast \u2013 From Petranaki \/ Geonosian Arena With 346 Pieces\" width=\"1000\" height=\"1000\" title=\"-\" srcset=\"https:\/\/mouldking.store\/wp-content\/uploads\/2022\/12\/MOC-114029-Nexu-Beast-From-Petranaki-5.jpg 1000w, https:\/\/mouldking.store\/wp-content\/uploads\/2022\/12\/MOC-114029-Nexu-Beast-From-Petranaki-5-300x300.jpg 300w, https:\/\/mouldking.store\/wp-content\/uploads\/2022\/12\/MOC-114029-Nexu-Beast-From-Petranaki-5-768x768.jpg 768w, https:\/\/mouldking.store\/wp-content\/uploads\/2022\/12\/MOC-114029-Nexu-Beast-From-Petranaki-5-600x600.jpg 600w, https:\/\/mouldking.store\/wp-content\/uploads\/2022\/12\/MOC-114029-Nexu-Beast-From-Petranaki-5-150x150.jpg 150w, https:\/\/mouldking.store\/wp-content\/uploads\/2022\/12\/MOC-114029-Nexu-Beast-From-Petranaki-5-60x60.jpg 60w, https:\/\/mouldking.store\/wp-content\/uploads\/2022\/12\/MOC-114029-Nexu-Beast-From-Petranaki-5-90x90.jpg 90w\" sizes=\"(max-width: 1000px) 100vw, 1000px\" \/><figcaption id=\"caption-attachment-37477\" class=\"wp-caption-text\">MOC-114029 Nexu Beast \u2013 T\u1eeb \u0110\u1ea5u tr\u01b0\u1eddng Petranaki \/ Geonosian V\u1edbi 346 M\u1ea3nh gh\u00e9p<\/figcaption><\/figure>\n<figure id=\"attachment_37478\" aria-describedby=\"caption-attachment-37478\" style=\"width: 1000px\" class=\"wp-caption aligncenter\"><img loading=\"lazy\" decoding=\"async\" class=\"wp-image-37478 size-full\" src=\"https:\/\/mouldking.store\/wp-content\/uploads\/2022\/12\/MOC-114029-Nexu-Beast-From-Petranaki-4.jpg\" alt=\"MOC-114029 Nexu Beast \u2013 From Petranaki \/ Geonosian Arena With 346 Pieces\" width=\"1000\" height=\"1000\" title=\"-\" srcset=\"https:\/\/mouldking.store\/wp-content\/uploads\/2022\/12\/MOC-114029-Nexu-Beast-From-Petranaki-4.jpg 1000w, https:\/\/mouldking.store\/wp-content\/uploads\/2022\/12\/MOC-114029-Nexu-Beast-From-Petranaki-4-300x300.jpg 300w, https:\/\/mouldking.store\/wp-content\/uploads\/2022\/12\/MOC-114029-Nexu-Beast-From-Petranaki-4-768x768.jpg 768w, https:\/\/mouldking.store\/wp-content\/uploads\/2022\/12\/MOC-114029-Nexu-Beast-From-Petranaki-4-600x600.jpg 600w, https:\/\/mouldking.store\/wp-content\/uploads\/2022\/12\/MOC-114029-Nexu-Beast-From-Petranaki-4-150x150.jpg 150w, https:\/\/mouldking.store\/wp-content\/uploads\/2022\/12\/MOC-114029-Nexu-Beast-From-Petranaki-4-60x60.jpg 60w, https:\/\/mouldking.store\/wp-content\/uploads\/2022\/12\/MOC-114029-Nexu-Beast-From-Petranaki-4-90x90.jpg 90w\" sizes=\"(max-width: 1000px) 100vw, 1000px\" \/><figcaption id=\"caption-attachment-37478\" class=\"wp-caption-text\">MOC-114029 Nexu Beast \u2013 T\u1eeb \u0110\u1ea5u tr\u01b0\u1eddng Petranaki \/ Geonosian V\u1edbi 346 M\u1ea3nh gh\u00e9p<\/figcaption><\/figure>\n<figure id=\"attachment_37479\" aria-describedby=\"caption-attachment-37479\" style=\"width: 1000px\" class=\"wp-caption aligncenter\"><img loading=\"lazy\" decoding=\"async\" class=\"wp-image-37479 size-full\" src=\"https:\/\/mouldking.store\/wp-content\/uploads\/2022\/12\/MOC-114029-Nexu-Beast-From-Petranaki-3.jpg\" alt=\"MOC-114029 Nexu Beast \u2013 From Petranaki \/ Geonosian Arena With 346 Pieces\" width=\"1000\" height=\"1000\" title=\"-\" srcset=\"https:\/\/mouldking.store\/wp-content\/uploads\/2022\/12\/MOC-114029-Nexu-Beast-From-Petranaki-3.jpg 1000w, https:\/\/mouldking.store\/wp-content\/uploads\/2022\/12\/MOC-114029-Nexu-Beast-From-Petranaki-3-300x300.jpg 300w, https:\/\/mouldking.store\/wp-content\/uploads\/2022\/12\/MOC-114029-Nexu-Beast-From-Petranaki-3-768x768.jpg 768w, https:\/\/mouldking.store\/wp-content\/uploads\/2022\/12\/MOC-114029-Nexu-Beast-From-Petranaki-3-600x600.jpg 600w, https:\/\/mouldking.store\/wp-content\/uploads\/2022\/12\/MOC-114029-Nexu-Beast-From-Petranaki-3-150x150.jpg 150w, https:\/\/mouldking.store\/wp-content\/uploads\/2022\/12\/MOC-114029-Nexu-Beast-From-Petranaki-3-60x60.jpg 60w, https:\/\/mouldking.store\/wp-content\/uploads\/2022\/12\/MOC-114029-Nexu-Beast-From-Petranaki-3-90x90.jpg 90w\" sizes=\"(max-width: 1000px) 100vw, 1000px\" \/><figcaption id=\"caption-attachment-37479\" class=\"wp-caption-text\">MOC-114029 Nexu Beast \u2013 T\u1eeb \u0110\u1ea5u tr\u01b0\u1eddng Petranaki \/ Geonosian V\u1edbi 346 M\u1ea3nh gh\u00e9p<\/figcaption><\/figure>\n<figure id=\"attachment_37480\" aria-describedby=\"caption-attachment-37480\" style=\"width: 1000px\" class=\"wp-caption aligncenter\"><img loading=\"lazy\" decoding=\"async\" class=\"wp-image-37480 size-full\" src=\"https:\/\/mouldking.store\/wp-content\/uploads\/2022\/12\/MOC-114029-Nexu-Beast-From-Petranaki-2.jpg\" alt=\"MOC-114029 Nexu Beast \u2013 From Petranaki \/ Geonosian Arena With 346 Pieces\" width=\"1000\" height=\"1000\" title=\"-\" srcset=\"https:\/\/mouldking.store\/wp-content\/uploads\/2022\/12\/MOC-114029-Nexu-Beast-From-Petranaki-2.jpg 1000w, https:\/\/mouldking.store\/wp-content\/uploads\/2022\/12\/MOC-114029-Nexu-Beast-From-Petranaki-2-300x300.jpg 300w, https:\/\/mouldking.store\/wp-content\/uploads\/2022\/12\/MOC-114029-Nexu-Beast-From-Petranaki-2-768x768.jpg 768w, https:\/\/mouldking.store\/wp-content\/uploads\/2022\/12\/MOC-114029-Nexu-Beast-From-Petranaki-2-600x600.jpg 600w, https:\/\/mouldking.store\/wp-content\/uploads\/2022\/12\/MOC-114029-Nexu-Beast-From-Petranaki-2-150x150.jpg 150w, https:\/\/mouldking.store\/wp-content\/uploads\/2022\/12\/MOC-114029-Nexu-Beast-From-Petranaki-2-60x60.jpg 60w, https:\/\/mouldking.store\/wp-content\/uploads\/2022\/12\/MOC-114029-Nexu-Beast-From-Petranaki-2-90x90.jpg 90w\" sizes=\"(max-width: 1000px) 100vw, 1000px\" \/><figcaption id=\"caption-attachment-37480\" class=\"wp-caption-text\">MOC-114029 Nexu Beast \u2013 T\u1eeb \u0110\u1ea5u tr\u01b0\u1eddng Petranaki \/ Geonosian V\u1edbi 346 M\u1ea3nh gh\u00e9p<\/figcaption><\/figure>\n<figure id=\"attachment_37481\" aria-describedby=\"caption-attachment-37481\" style=\"width: 538px\" class=\"wp-caption aligncenter\"><img loading=\"lazy\" decoding=\"async\" class=\"wp-image-37481 size-large\" src=\"https:\/\/mouldking.store\/wp-content\/uploads\/2022\/12\/MOC-114029-Nexu-Beast-From-Petranaki-1-538x1024.jpg\" alt=\"MOC-114029 Nexu Beast \u2013 From Petranaki \/ Geonosian Arena With 346 Pieces\" width=\"538\" height=\"1024\" title=\"-\" srcset=\"https:\/\/mouldking.store\/wp-content\/uploads\/2022\/12\/MOC-114029-Nexu-Beast-From-Petranaki-1-538x1024.jpg 538w, https:\/\/mouldking.store\/wp-content\/uploads\/2022\/12\/MOC-114029-Nexu-Beast-From-Petranaki-1-158x300.jpg 158w, https:\/\/mouldking.store\/wp-content\/uploads\/2022\/12\/MOC-114029-Nexu-Beast-From-Petranaki-1-300x571.jpg 300w, https:\/\/mouldking.store\/wp-content\/uploads\/2022\/12\/MOC-114029-Nexu-Beast-From-Petranaki-1-600x1143.jpg 600w, https:\/\/mouldking.store\/wp-content\/uploads\/2022\/12\/MOC-114029-Nexu-Beast-From-Petranaki-1-79x150.jpg 79w, https:\/\/mouldking.store\/wp-content\/uploads\/2022\/12\/MOC-114029-Nexu-Beast-From-Petranaki-1-32x60.jpg 32w, https:\/\/mouldking.store\/wp-content\/uploads\/2022\/12\/MOC-114029-Nexu-Beast-From-Petranaki-1-47x90.jpg 47w, https:\/\/mouldking.store\/wp-content\/uploads\/2022\/12\/MOC-114029-Nexu-Beast-From-Petranaki-1.jpg 630w\" sizes=\"(max-width: 538px) 100vw, 538px\" \/><figcaption id=\"caption-attachment-37481\" class=\"wp-caption-text\">MOC-114029 Nexu Beast \u2013 T\u1eeb \u0110\u1ea5u tr\u01b0\u1eddng Petranaki \/ Geonosian V\u1edbi 346 M\u1ea3nh gh\u00e9p<\/figcaption><\/figure>","protected":false},"excerpt":{"rendered":"<p>Product information: Brand: MOC Gender: Unisex Name: Nexu Beast \u2013 From Petranaki \/ Geonosian Arena Age Range: &gt; 6 years old Model Number: 114029 Classification: Assemblage Plastic Block Shape: Self-Locking Bricks Material: Plastic Plastic Type: ABS Bricks Blocks:346 PCS Size: \u00a016 x 8 x 5.6 cm Weight:0.14 kg Contains detailed assembly instructions. Notice: 1. Without [&hellip;]<\/p>","protected":false},"featured_media":37475,"comment_status":"closed","ping_status":"closed","template":"","meta":{"_acf_changed":false},"product_cat":[1365,1406,371],"product_tag":[9042,8199,8201,8198,8200,430,9045,9046,9041,9043,9044,8197],"class_list":["product","first","instock","shipping-taxable","purchasable","product-type-simple"],"acf":[],"_links":{"self":[{"href":"https:\/\/mouldking.store\/vi\/wp-json\/wp\/v2\/product\/37474","targetHints":{"allow":["GET"]}}],"collection":[{"href":"https:\/\/mouldking.store\/vi\/wp-json\/wp\/v2\/product"}],"about":[{"href":"https:\/\/mouldking.store\/vi\/wp-json\/wp\/v2\/types\/product"}],"replies":[{"embeddable":true,"href":"https:\/\/mouldking.store\/vi\/wp-json\/wp\/v2\/comments?post=37474"}],"wp:featuredmedia":[{"embeddable":true,"href":"https:\/\/mouldking.store\/vi\/wp-json\/wp\/v2\/media\/37475"}],"wp:attachment":[{"href":"https:\/\/mouldking.store\/vi\/wp-json\/wp\/v2\/media?parent=37474"}],"wp:term":[{"taxonomy":"product_cat","embeddable":true,"href":"https:\/\/mouldking.store\/vi\/wp-json\/wp\/v2\/product_cat?post=37474"},{"taxonomy":"product_tag","embeddable":true,"href":"https:\/\/mouldking.store\/vi\/wp-json\/wp\/v2\/product_tag?post=37474"}],"curies":[{"name":"wp","href":"https:\/\/api.w.org\/{rel}","templated":true}]}}