{"id":37482,"date":"2022-12-07T09:39:40","date_gmt":"2022-12-07T02:39:40","guid":{"rendered":"https:\/\/mouldking.store\/?post_type=product&#038;p=37482"},"modified":"2022-12-07T09:39:40","modified_gmt":"2022-12-07T02:39:40","slug":"cada-c66008-london-underground-station-with-1836-pieces","status":"publish","type":"product","link":"https:\/\/mouldking.store\/vi\/shop\/cada-c66008-london-underground-station-with-1836-pieces\/","title":{"rendered":"Ga t\u00e0u \u0111i\u1ec7n ng\u1ea7m CaDa C66008 \u1edf Lu\u00e2n \u0110\u00f4n v\u1edbi 1836 m\u1ea3nh gh\u00e9p"},"content":{"rendered":"<p>Th\u00f4ng tin s\u1ea3n ph\u1ea9m:<\/p>\n<ol>\n<li>Th\u01b0\u01a1ng hi\u1ec7u: CADA<\/li>\n<li>Gi\u1edbi t\u00ednh: Unisex<\/li>\n<li>T\u00ean: Ga t\u00e0u \u0111i\u1ec7n ng\u1ea7m Lu\u00e2n \u0110\u00f4n<\/li>\n<li>\u0110\u1ed9 tu\u1ed5i: &gt; 6 tu\u1ed5i<\/li>\n<li>S\u1ed1 m\u00f4 h\u00ecnh: C66008<\/li>\n<li>Ph\u00e2n lo\u1ea1i: T\u1eadp h\u1ee3p<\/li>\n<li>H\u00ecnh d\u1ea1ng kh\u1ed1i nh\u1ef1a: G\u1ea1ch t\u1ef1 kh\u00f3a<\/li>\n<li>Ch\u1ea5t li\u1ec7u: Nh\u1ef1a<\/li>\n<li>Lo\u1ea1i nh\u1ef1a: ABS<\/li>\n<li>Kh\u1ed1i g\u1ea1ch: 1836 C\u00c1I<\/li>\n<li>K\u00edch th\u01b0\u1edbc: 26,4 \u00d7 19,2 \u00d7 18,6 cm<\/li>\n<li>Ch\u1ee9a h\u01b0\u1edbng d\u1eabn l\u1eafp r\u00e1p chi ti\u1ebft.<\/li>\n<\/ol>\n<p>\u0110\u1ec3 \u00fd:<br \/>\n1. Kh\u00f4ng c\u00f3 h\u1ed9p ban \u0111\u1ea7u, nh\u01b0ng ch\u00fang t\u00f4i \u0111\u1ea3m b\u1ea3o s\u1ea3n ph\u1ea9m c\u1ee7a ch\u00fang t\u00f4i c\u00f3 ch\u1ea5t l\u01b0\u1ee3ng \u0111\u1ea3m b\u1ea3o v\u00e0 bao b\u00ec \u0111\u1eb9p.<br \/>\n2. V\u00ec t\u1ea5t c\u1ea3 c\u00e1c b\u1ed9 ph\u1eadn ch\u00fang t\u00f4i \u0111\u00e3 ki\u1ec3m tra tr\u01b0\u1edbc khi v\u1eadn chuy\u1ec3n, v\u00ec v\u1eady n\u1ebfu b\u1ea1n th\u1ea5y m\u1ed9t s\u1ed1 b\u1ed9 ph\u1eadn b\u1ecb thi\u1ebfu ho\u1eb7c h\u01b0 h\u1ecfng, \u0111\u1eebng lo l\u1eafng v\u00e0 ch\u1ec9 c\u1ea7n vui l\u00f2ng li\u00ean h\u1ec7 v\u1edbi ch\u00fang t\u00f4i v\u00e0 ch\u00fang t\u00f4i c\u00f3 th\u1ec3 g\u1eedi l\u1ea1i mi\u1ec5n ph\u00ed cho b\u1ea1n ngay l\u1eadp t\u1ee9c.<\/p>\n<figure id=\"attachment_37483\" aria-describedby=\"caption-attachment-37483\" style=\"width: 800px\" class=\"wp-caption aligncenter\"><img fetchpriority=\"high\" decoding=\"async\" class=\"wp-image-37483 size-full\" src=\"https:\/\/mouldking.store\/wp-content\/uploads\/2022\/12\/London-Underground-Station-CaDa-C66008-6.jpg\" alt=\"CaDa C66008 London Underground Station With 1836 Pieces\" width=\"800\" height=\"800\" title=\"-\" srcset=\"https:\/\/mouldking.store\/wp-content\/uploads\/2022\/12\/London-Underground-Station-CaDa-C66008-6.jpg 800w, https:\/\/mouldking.store\/wp-content\/uploads\/2022\/12\/London-Underground-Station-CaDa-C66008-6-300x300.jpg 300w, https:\/\/mouldking.store\/wp-content\/uploads\/2022\/12\/London-Underground-Station-CaDa-C66008-6-768x768.jpg 768w, https:\/\/mouldking.store\/wp-content\/uploads\/2022\/12\/London-Underground-Station-CaDa-C66008-6-600x600.jpg 600w, https:\/\/mouldking.store\/wp-content\/uploads\/2022\/12\/London-Underground-Station-CaDa-C66008-6-150x150.jpg 150w, https:\/\/mouldking.store\/wp-content\/uploads\/2022\/12\/London-Underground-Station-CaDa-C66008-6-60x60.jpg 60w, https:\/\/mouldking.store\/wp-content\/uploads\/2022\/12\/London-Underground-Station-CaDa-C66008-6-90x90.jpg 90w\" sizes=\"(max-width: 800px) 100vw, 800px\" \/><figcaption id=\"caption-attachment-37483\" class=\"wp-caption-text\">Ga t\u00e0u \u0111i\u1ec7n ng\u1ea7m CaDa C66008 \u1edf Lu\u00e2n \u0110\u00f4n v\u1edbi 1836 m\u1ea3nh gh\u00e9p<\/figcaption><\/figure>\n<figure id=\"attachment_37484\" aria-describedby=\"caption-attachment-37484\" style=\"width: 800px\" class=\"wp-caption aligncenter\"><img decoding=\"async\" class=\"wp-image-37484 size-full\" src=\"https:\/\/mouldking.store\/wp-content\/uploads\/2022\/12\/London-Underground-Station-CaDa-C66008-5.jpg\" alt=\"CaDa C66008 London Underground Station With 1836 Pieces\" width=\"800\" height=\"800\" title=\"-\" srcset=\"https:\/\/mouldking.store\/wp-content\/uploads\/2022\/12\/London-Underground-Station-CaDa-C66008-5.jpg 800w, https:\/\/mouldking.store\/wp-content\/uploads\/2022\/12\/London-Underground-Station-CaDa-C66008-5-300x300.jpg 300w, https:\/\/mouldking.store\/wp-content\/uploads\/2022\/12\/London-Underground-Station-CaDa-C66008-5-768x768.jpg 768w, https:\/\/mouldking.store\/wp-content\/uploads\/2022\/12\/London-Underground-Station-CaDa-C66008-5-600x600.jpg 600w, https:\/\/mouldking.store\/wp-content\/uploads\/2022\/12\/London-Underground-Station-CaDa-C66008-5-150x150.jpg 150w, https:\/\/mouldking.store\/wp-content\/uploads\/2022\/12\/London-Underground-Station-CaDa-C66008-5-60x60.jpg 60w, https:\/\/mouldking.store\/wp-content\/uploads\/2022\/12\/London-Underground-Station-CaDa-C66008-5-90x90.jpg 90w\" sizes=\"(max-width: 800px) 100vw, 800px\" \/><figcaption id=\"caption-attachment-37484\" class=\"wp-caption-text\">Ga t\u00e0u \u0111i\u1ec7n ng\u1ea7m CaDa C66008 \u1edf Lu\u00e2n \u0110\u00f4n v\u1edbi 1836 m\u1ea3nh gh\u00e9p<\/figcaption><\/figure>\n<figure id=\"attachment_37485\" aria-describedby=\"caption-attachment-37485\" style=\"width: 800px\" class=\"wp-caption alignnone\"><img decoding=\"async\" class=\"wp-image-37485 size-full\" src=\"https:\/\/mouldking.store\/wp-content\/uploads\/2022\/12\/London-Underground-Station-CaDa-C66008-4.jpg\" alt=\"CaDa C66008 London Underground Station With 1836 Pieces\" width=\"800\" height=\"800\" title=\"-\" srcset=\"https:\/\/mouldking.store\/wp-content\/uploads\/2022\/12\/London-Underground-Station-CaDa-C66008-4.jpg 800w, https:\/\/mouldking.store\/wp-content\/uploads\/2022\/12\/London-Underground-Station-CaDa-C66008-4-300x300.jpg 300w, https:\/\/mouldking.store\/wp-content\/uploads\/2022\/12\/London-Underground-Station-CaDa-C66008-4-768x768.jpg 768w, https:\/\/mouldking.store\/wp-content\/uploads\/2022\/12\/London-Underground-Station-CaDa-C66008-4-600x600.jpg 600w, https:\/\/mouldking.store\/wp-content\/uploads\/2022\/12\/London-Underground-Station-CaDa-C66008-4-150x150.jpg 150w, https:\/\/mouldking.store\/wp-content\/uploads\/2022\/12\/London-Underground-Station-CaDa-C66008-4-60x60.jpg 60w, https:\/\/mouldking.store\/wp-content\/uploads\/2022\/12\/London-Underground-Station-CaDa-C66008-4-90x90.jpg 90w\" sizes=\"(max-width: 800px) 100vw, 800px\" \/><figcaption id=\"caption-attachment-37485\" class=\"wp-caption-text\">Ga t\u00e0u \u0111i\u1ec7n ng\u1ea7m CaDa C66008 \u1edf Lu\u00e2n \u0110\u00f4n v\u1edbi 1836 m\u1ea3nh gh\u00e9p<\/figcaption><\/figure>\n<figure id=\"attachment_37486\" aria-describedby=\"caption-attachment-37486\" style=\"width: 800px\" class=\"wp-caption aligncenter\"><img loading=\"lazy\" decoding=\"async\" class=\"wp-image-37486 size-full\" src=\"https:\/\/mouldking.store\/wp-content\/uploads\/2022\/12\/London-Underground-Station-CaDa-C66008-3.jpg\" alt=\"CaDa C66008 London Underground Station With 1836 Pieces\" width=\"800\" height=\"800\" title=\"-\" srcset=\"https:\/\/mouldking.store\/wp-content\/uploads\/2022\/12\/London-Underground-Station-CaDa-C66008-3.jpg 800w, https:\/\/mouldking.store\/wp-content\/uploads\/2022\/12\/London-Underground-Station-CaDa-C66008-3-300x300.jpg 300w, https:\/\/mouldking.store\/wp-content\/uploads\/2022\/12\/London-Underground-Station-CaDa-C66008-3-768x768.jpg 768w, https:\/\/mouldking.store\/wp-content\/uploads\/2022\/12\/London-Underground-Station-CaDa-C66008-3-600x600.jpg 600w, https:\/\/mouldking.store\/wp-content\/uploads\/2022\/12\/London-Underground-Station-CaDa-C66008-3-150x150.jpg 150w, https:\/\/mouldking.store\/wp-content\/uploads\/2022\/12\/London-Underground-Station-CaDa-C66008-3-60x60.jpg 60w, https:\/\/mouldking.store\/wp-content\/uploads\/2022\/12\/London-Underground-Station-CaDa-C66008-3-90x90.jpg 90w\" sizes=\"(max-width: 800px) 100vw, 800px\" \/><figcaption id=\"caption-attachment-37486\" class=\"wp-caption-text\">Ga t\u00e0u \u0111i\u1ec7n ng\u1ea7m CaDa C66008 \u1edf Lu\u00e2n \u0110\u00f4n v\u1edbi 1836 m\u1ea3nh gh\u00e9p<\/figcaption><\/figure>\n<figure id=\"attachment_37487\" aria-describedby=\"caption-attachment-37487\" style=\"width: 768px\" class=\"wp-caption aligncenter\"><img loading=\"lazy\" decoding=\"async\" class=\"wp-image-37487 size-large\" src=\"https:\/\/mouldking.store\/wp-content\/uploads\/2022\/12\/London-Underground-Station-CaDa-C66008-2-768x1024.jpeg\" alt=\"CaDa C66008 London Underground Station With 1836 Pieces\" width=\"768\" height=\"1024\" title=\"-\" srcset=\"https:\/\/mouldking.store\/wp-content\/uploads\/2022\/12\/London-Underground-Station-CaDa-C66008-2-768x1024.jpeg 768w, https:\/\/mouldking.store\/wp-content\/uploads\/2022\/12\/London-Underground-Station-CaDa-C66008-2-225x300.jpeg 225w, https:\/\/mouldking.store\/wp-content\/uploads\/2022\/12\/London-Underground-Station-CaDa-C66008-2-300x400.jpeg 300w, https:\/\/mouldking.store\/wp-content\/uploads\/2022\/12\/London-Underground-Station-CaDa-C66008-2-600x800.jpeg 600w, https:\/\/mouldking.store\/wp-content\/uploads\/2022\/12\/London-Underground-Station-CaDa-C66008-2-113x150.jpeg 113w, https:\/\/mouldking.store\/wp-content\/uploads\/2022\/12\/London-Underground-Station-CaDa-C66008-2-45x60.jpeg 45w, https:\/\/mouldking.store\/wp-content\/uploads\/2022\/12\/London-Underground-Station-CaDa-C66008-2-68x90.jpeg 68w, https:\/\/mouldking.store\/wp-content\/uploads\/2022\/12\/London-Underground-Station-CaDa-C66008-2.jpeg 1080w\" sizes=\"(max-width: 768px) 100vw, 768px\" \/><figcaption id=\"caption-attachment-37487\" class=\"wp-caption-text\">Ga t\u00e0u \u0111i\u1ec7n ng\u1ea7m CaDa C66008 \u1edf Lu\u00e2n \u0110\u00f4n v\u1edbi 1836 m\u1ea3nh gh\u00e9p<\/figcaption><\/figure>\n<figure id=\"attachment_37488\" aria-describedby=\"caption-attachment-37488\" style=\"width: 768px\" class=\"wp-caption aligncenter\"><img loading=\"lazy\" decoding=\"async\" class=\"wp-image-37488 size-large\" src=\"https:\/\/mouldking.store\/wp-content\/uploads\/2022\/12\/London-Underground-Station-CaDa-C66008-1-768x1024.jpeg\" alt=\"CaDa C66008 London Underground Station With 1836 Pieces\" width=\"768\" height=\"1024\" title=\"-\" srcset=\"https:\/\/mouldking.store\/wp-content\/uploads\/2022\/12\/London-Underground-Station-CaDa-C66008-1-768x1024.jpeg 768w, https:\/\/mouldking.store\/wp-content\/uploads\/2022\/12\/London-Underground-Station-CaDa-C66008-1-225x300.jpeg 225w, https:\/\/mouldking.store\/wp-content\/uploads\/2022\/12\/London-Underground-Station-CaDa-C66008-1-300x400.jpeg 300w, https:\/\/mouldking.store\/wp-content\/uploads\/2022\/12\/London-Underground-Station-CaDa-C66008-1-600x800.jpeg 600w, https:\/\/mouldking.store\/wp-content\/uploads\/2022\/12\/London-Underground-Station-CaDa-C66008-1-113x150.jpeg 113w, https:\/\/mouldking.store\/wp-content\/uploads\/2022\/12\/London-Underground-Station-CaDa-C66008-1-45x60.jpeg 45w, https:\/\/mouldking.store\/wp-content\/uploads\/2022\/12\/London-Underground-Station-CaDa-C66008-1-68x90.jpeg 68w, https:\/\/mouldking.store\/wp-content\/uploads\/2022\/12\/London-Underground-Station-CaDa-C66008-1.jpeg 1080w\" sizes=\"(max-width: 768px) 100vw, 768px\" \/><figcaption id=\"caption-attachment-37488\" class=\"wp-caption-text\">Ga t\u00e0u \u0111i\u1ec7n ng\u1ea7m CaDa C66008 \u1edf Lu\u00e2n \u0110\u00f4n v\u1edbi 1836 m\u1ea3nh gh\u00e9p<\/figcaption><\/figure>","protected":false},"excerpt":{"rendered":"<p>Product information: Brand: CADA Gender: Unisex Name: London Underground Station Age Range: &gt; 6 years old Model Number: C66008 Classification: Assemblage Plastic Block Shape: Self-Locking Bricks Material: Plastic Plastic Type: ABS Bricks Blocks:1836 PCS Size: 26.4 \u00d7 19.2 \u00d7 18.6 cm Contains detailed assembly instructions. Notice: 1. Without an original box, but we guarantee our [&hellip;]<\/p>","protected":false},"featured_media":37483,"comment_status":"closed","ping_status":"closed","template":"","meta":{"_acf_changed":false},"product_cat":[1365],"product_tag":[9048,1916,9053,9054,9047,9049,9052,2309,9050,9051],"class_list":["product","first","instock","shipping-taxable","purchasable","product-type-simple"],"acf":[],"_links":{"self":[{"href":"https:\/\/mouldking.store\/vi\/wp-json\/wp\/v2\/product\/37482","targetHints":{"allow":["GET"]}}],"collection":[{"href":"https:\/\/mouldking.store\/vi\/wp-json\/wp\/v2\/product"}],"about":[{"href":"https:\/\/mouldking.store\/vi\/wp-json\/wp\/v2\/types\/product"}],"replies":[{"embeddable":true,"href":"https:\/\/mouldking.store\/vi\/wp-json\/wp\/v2\/comments?post=37482"}],"wp:featuredmedia":[{"embeddable":true,"href":"https:\/\/mouldking.store\/vi\/wp-json\/wp\/v2\/media\/37483"}],"wp:attachment":[{"href":"https:\/\/mouldking.store\/vi\/wp-json\/wp\/v2\/media?parent=37482"}],"wp:term":[{"taxonomy":"product_cat","embeddable":true,"href":"https:\/\/mouldking.store\/vi\/wp-json\/wp\/v2\/product_cat?post=37482"},{"taxonomy":"product_tag","embeddable":true,"href":"https:\/\/mouldking.store\/vi\/wp-json\/wp\/v2\/product_tag?post=37482"}],"curies":[{"name":"wp","href":"https:\/\/api.w.org\/{rel}","templated":true}]}}