{"id":37537,"date":"2022-12-08T11:57:15","date_gmt":"2022-12-08T04:57:15","guid":{"rendered":"https:\/\/mouldking.store\/?post_type=product&#038;p=37537"},"modified":"2025-12-25T09:12:11","modified_gmt":"2025-12-25T02:12:11","slug":"moc-2909-citroen-2cv-charleston-convertible-model-with-2237-pieces","status":"publish","type":"product","link":"https:\/\/mouldking.store\/vi\/shop\/moc-2909-citroen-2cv-charleston-convertible-model-with-2237-pieces\/","title":{"rendered":"MOC-2909 Citroen 2CV Charleston Convertible Model With 2237 Pieces"},"content":{"rendered":"<p>Th\u00f4ng tin s\u1ea3n ph\u1ea9m:<\/p>\n<ol>\n<li>Th\u01b0\u01a1ng hi\u1ec7u: M\u1ed8C<\/li>\n<li>Gi\u1edbi t\u00ednh: Unisex<\/li>\n<li>Name: Citroen 2CV Charleston Convertible Model<\/li>\n<li>\u0110\u1ed9 tu\u1ed5i: &gt; 6 tu\u1ed5i<\/li>\n<li>Model Number: 2909<\/li>\n<li>Ph\u00e2n lo\u1ea1i: T\u1eadp h\u1ee3p<\/li>\n<li>H\u00ecnh d\u1ea1ng kh\u1ed1i nh\u1ef1a: G\u1ea1ch t\u1ef1 kh\u00f3a<\/li>\n<li>Ch\u1ea5t li\u1ec7u: Nh\u1ef1a<\/li>\n<li>Lo\u1ea1i nh\u1ef1a: ABS<\/li>\n<li>Bricks Blocks:2237 PCS<\/li>\n<li>Size:\u00a0 \u00a050cm (L) x 20cm (W) x 22cm (H)<\/li>\n<li>Ch\u1ee9a h\u01b0\u1edbng d\u1eabn l\u1eafp r\u00e1p chi ti\u1ebft.<\/li>\n<li>Th\u1eddi gian s\u1eafp x\u1ebfp: 4-8 tu\u1ea7n<\/li>\n<\/ol>\n<p>\u0110\u1ec3 \u00fd:<br \/>\n1. Kh\u00f4ng c\u00f3 h\u1ed9p ban \u0111\u1ea7u, nh\u01b0ng ch\u00fang t\u00f4i \u0111\u1ea3m b\u1ea3o s\u1ea3n ph\u1ea9m c\u1ee7a ch\u00fang t\u00f4i c\u00f3 ch\u1ea5t l\u01b0\u1ee3ng \u0111\u1ea3m b\u1ea3o v\u00e0 bao b\u00ec \u0111\u1eb9p.<br \/>\n2. V\u00ec t\u1ea5t c\u1ea3 c\u00e1c b\u1ed9 ph\u1eadn ch\u00fang t\u00f4i \u0111\u00e3 ki\u1ec3m tra tr\u01b0\u1edbc khi v\u1eadn chuy\u1ec3n, v\u00ec v\u1eady n\u1ebfu b\u1ea1n th\u1ea5y m\u1ed9t s\u1ed1 b\u1ed9 ph\u1eadn b\u1ecb thi\u1ebfu ho\u1eb7c h\u01b0 h\u1ecfng, \u0111\u1eebng lo l\u1eafng v\u00e0 ch\u1ec9 c\u1ea7n vui l\u00f2ng li\u00ean h\u1ec7 v\u1edbi ch\u00fang t\u00f4i v\u00e0 ch\u00fang t\u00f4i c\u00f3 th\u1ec3 g\u1eedi l\u1ea1i mi\u1ec5n ph\u00ed cho b\u1ea1n ngay l\u1eadp t\u1ee9c.<\/p>\n<figure id=\"attachment_37538\" aria-describedby=\"caption-attachment-37538\" style=\"width: 1004px\" class=\"wp-caption aligncenter\"><img fetchpriority=\"high\" decoding=\"async\" class=\"wp-image-37538 size-full\" src=\"https:\/\/mouldking.store\/wp-content\/uploads\/2022\/12\/MOC-2909-Technic-Citroen-2CV-Charleston-Convertible-Model-MOC-FACTORY.png\" alt=\"MOC-2909 Citroen 2CV Charleston Convertible Model With 2237 Pieces\" width=\"1004\" height=\"1004\" title=\"-\" srcset=\"https:\/\/mouldking.store\/wp-content\/uploads\/2022\/12\/MOC-2909-Technic-Citroen-2CV-Charleston-Convertible-Model-MOC-FACTORY.png 1004w, https:\/\/mouldking.store\/wp-content\/uploads\/2022\/12\/MOC-2909-Technic-Citroen-2CV-Charleston-Convertible-Model-MOC-FACTORY-300x300.png 300w, https:\/\/mouldking.store\/wp-content\/uploads\/2022\/12\/MOC-2909-Technic-Citroen-2CV-Charleston-Convertible-Model-MOC-FACTORY-768x768.png 768w, https:\/\/mouldking.store\/wp-content\/uploads\/2022\/12\/MOC-2909-Technic-Citroen-2CV-Charleston-Convertible-Model-MOC-FACTORY-600x600.png 600w, https:\/\/mouldking.store\/wp-content\/uploads\/2022\/12\/MOC-2909-Technic-Citroen-2CV-Charleston-Convertible-Model-MOC-FACTORY-150x150.png 150w, https:\/\/mouldking.store\/wp-content\/uploads\/2022\/12\/MOC-2909-Technic-Citroen-2CV-Charleston-Convertible-Model-MOC-FACTORY-60x60.png 60w, https:\/\/mouldking.store\/wp-content\/uploads\/2022\/12\/MOC-2909-Technic-Citroen-2CV-Charleston-Convertible-Model-MOC-FACTORY-90x90.png 90w\" sizes=\"(max-width: 1004px) 100vw, 1004px\" \/><figcaption id=\"caption-attachment-37538\" class=\"wp-caption-text\">MOC-2909 Citroen 2CV Charleston Convertible Model With 2237 Pieces<\/figcaption><\/figure>\n<figure id=\"attachment_37539\" aria-describedby=\"caption-attachment-37539\" style=\"width: 1000px\" class=\"wp-caption aligncenter\"><img decoding=\"async\" class=\"wp-image-37539 size-full\" src=\"https:\/\/mouldking.store\/wp-content\/uploads\/2022\/12\/Citroen-2CV-Charleston-Convertible-Model-MOC-2909-7.png\" alt=\"MOC-2909 Citroen 2CV Charleston Convertible Model With 2237 Pieces\" width=\"1000\" height=\"1000\" title=\"-\" srcset=\"https:\/\/mouldking.store\/wp-content\/uploads\/2022\/12\/Citroen-2CV-Charleston-Convertible-Model-MOC-2909-7.png 1000w, https:\/\/mouldking.store\/wp-content\/uploads\/2022\/12\/Citroen-2CV-Charleston-Convertible-Model-MOC-2909-7-300x300.png 300w, https:\/\/mouldking.store\/wp-content\/uploads\/2022\/12\/Citroen-2CV-Charleston-Convertible-Model-MOC-2909-7-768x768.png 768w, https:\/\/mouldking.store\/wp-content\/uploads\/2022\/12\/Citroen-2CV-Charleston-Convertible-Model-MOC-2909-7-600x600.png 600w, https:\/\/mouldking.store\/wp-content\/uploads\/2022\/12\/Citroen-2CV-Charleston-Convertible-Model-MOC-2909-7-150x150.png 150w, https:\/\/mouldking.store\/wp-content\/uploads\/2022\/12\/Citroen-2CV-Charleston-Convertible-Model-MOC-2909-7-60x60.png 60w, https:\/\/mouldking.store\/wp-content\/uploads\/2022\/12\/Citroen-2CV-Charleston-Convertible-Model-MOC-2909-7-90x90.png 90w\" sizes=\"(max-width: 1000px) 100vw, 1000px\" \/><figcaption id=\"caption-attachment-37539\" class=\"wp-caption-text\">MOC-2909 Citroen 2CV Charleston Convertible Model With 2237 Pieces<\/figcaption><\/figure>\n<figure id=\"attachment_37540\" aria-describedby=\"caption-attachment-37540\" style=\"width: 1000px\" class=\"wp-caption aligncenter\"><img decoding=\"async\" class=\"wp-image-37540 size-full\" src=\"https:\/\/mouldking.store\/wp-content\/uploads\/2022\/12\/Citroen-2CV-Charleston-Convertible-Model-MOC-2909-6.png\" alt=\"MOC-2909 Citroen 2CV Charleston Convertible Model With 2237 Pieces\" width=\"1000\" height=\"1000\" title=\"-\" srcset=\"https:\/\/mouldking.store\/wp-content\/uploads\/2022\/12\/Citroen-2CV-Charleston-Convertible-Model-MOC-2909-6.png 1000w, https:\/\/mouldking.store\/wp-content\/uploads\/2022\/12\/Citroen-2CV-Charleston-Convertible-Model-MOC-2909-6-300x300.png 300w, https:\/\/mouldking.store\/wp-content\/uploads\/2022\/12\/Citroen-2CV-Charleston-Convertible-Model-MOC-2909-6-768x768.png 768w, https:\/\/mouldking.store\/wp-content\/uploads\/2022\/12\/Citroen-2CV-Charleston-Convertible-Model-MOC-2909-6-600x600.png 600w, https:\/\/mouldking.store\/wp-content\/uploads\/2022\/12\/Citroen-2CV-Charleston-Convertible-Model-MOC-2909-6-150x150.png 150w, https:\/\/mouldking.store\/wp-content\/uploads\/2022\/12\/Citroen-2CV-Charleston-Convertible-Model-MOC-2909-6-60x60.png 60w, https:\/\/mouldking.store\/wp-content\/uploads\/2022\/12\/Citroen-2CV-Charleston-Convertible-Model-MOC-2909-6-90x90.png 90w\" sizes=\"(max-width: 1000px) 100vw, 1000px\" \/><figcaption id=\"caption-attachment-37540\" class=\"wp-caption-text\">MOC-2909 Citroen 2CV Charleston Convertible Model With 2237 Pieces<\/figcaption><\/figure>\n<figure id=\"attachment_37541\" aria-describedby=\"caption-attachment-37541\" style=\"width: 1000px\" class=\"wp-caption alignnone\"><img loading=\"lazy\" decoding=\"async\" class=\"wp-image-37541 size-full\" src=\"https:\/\/mouldking.store\/wp-content\/uploads\/2022\/12\/Citroen-2CV-Charleston-Convertible-Model-MOC-2909-5.png\" alt=\"MOC-2909 Citroen 2CV Charleston Convertible Model With 2237 Pieces\" width=\"1000\" height=\"1000\" title=\"-\" srcset=\"https:\/\/mouldking.store\/wp-content\/uploads\/2022\/12\/Citroen-2CV-Charleston-Convertible-Model-MOC-2909-5.png 1000w, https:\/\/mouldking.store\/wp-content\/uploads\/2022\/12\/Citroen-2CV-Charleston-Convertible-Model-MOC-2909-5-300x300.png 300w, https:\/\/mouldking.store\/wp-content\/uploads\/2022\/12\/Citroen-2CV-Charleston-Convertible-Model-MOC-2909-5-768x768.png 768w, https:\/\/mouldking.store\/wp-content\/uploads\/2022\/12\/Citroen-2CV-Charleston-Convertible-Model-MOC-2909-5-600x600.png 600w, https:\/\/mouldking.store\/wp-content\/uploads\/2022\/12\/Citroen-2CV-Charleston-Convertible-Model-MOC-2909-5-150x150.png 150w, https:\/\/mouldking.store\/wp-content\/uploads\/2022\/12\/Citroen-2CV-Charleston-Convertible-Model-MOC-2909-5-60x60.png 60w, https:\/\/mouldking.store\/wp-content\/uploads\/2022\/12\/Citroen-2CV-Charleston-Convertible-Model-MOC-2909-5-90x90.png 90w\" sizes=\"(max-width: 1000px) 100vw, 1000px\" \/><figcaption id=\"caption-attachment-37541\" class=\"wp-caption-text\">MOC-2909 Citroen 2CV Charleston Convertible Model With 2237 Pieces<\/figcaption><\/figure>\n<figure id=\"attachment_37542\" aria-describedby=\"caption-attachment-37542\" style=\"width: 1000px\" class=\"wp-caption aligncenter\"><img loading=\"lazy\" decoding=\"async\" class=\"wp-image-37542 size-full\" src=\"https:\/\/mouldking.store\/wp-content\/uploads\/2022\/12\/Citroen-2CV-Charleston-Convertible-Model-MOC-2909-4.png\" alt=\"MOC-2909 Citroen 2CV Charleston Convertible Model With 2237 Pieces\" width=\"1000\" height=\"1000\" title=\"-\" srcset=\"https:\/\/mouldking.store\/wp-content\/uploads\/2022\/12\/Citroen-2CV-Charleston-Convertible-Model-MOC-2909-4.png 1000w, https:\/\/mouldking.store\/wp-content\/uploads\/2022\/12\/Citroen-2CV-Charleston-Convertible-Model-MOC-2909-4-300x300.png 300w, https:\/\/mouldking.store\/wp-content\/uploads\/2022\/12\/Citroen-2CV-Charleston-Convertible-Model-MOC-2909-4-768x768.png 768w, https:\/\/mouldking.store\/wp-content\/uploads\/2022\/12\/Citroen-2CV-Charleston-Convertible-Model-MOC-2909-4-600x600.png 600w, https:\/\/mouldking.store\/wp-content\/uploads\/2022\/12\/Citroen-2CV-Charleston-Convertible-Model-MOC-2909-4-150x150.png 150w, https:\/\/mouldking.store\/wp-content\/uploads\/2022\/12\/Citroen-2CV-Charleston-Convertible-Model-MOC-2909-4-60x60.png 60w, https:\/\/mouldking.store\/wp-content\/uploads\/2022\/12\/Citroen-2CV-Charleston-Convertible-Model-MOC-2909-4-90x90.png 90w\" sizes=\"(max-width: 1000px) 100vw, 1000px\" \/><figcaption id=\"caption-attachment-37542\" class=\"wp-caption-text\">MOC-2909 Citroen 2CV Charleston Convertible Model With 2237 Pieces<\/figcaption><\/figure>\n<figure id=\"attachment_37543\" aria-describedby=\"caption-attachment-37543\" style=\"width: 1000px\" class=\"wp-caption aligncenter\"><img loading=\"lazy\" decoding=\"async\" class=\"wp-image-37543 size-full\" src=\"https:\/\/mouldking.store\/wp-content\/uploads\/2022\/12\/Citroen-2CV-Charleston-Convertible-Model-MOC-2909-3.png\" alt=\"MOC-2909 Citroen 2CV Charleston Convertible Model With 2237 Pieces\" width=\"1000\" height=\"1000\" title=\"-\" srcset=\"https:\/\/mouldking.store\/wp-content\/uploads\/2022\/12\/Citroen-2CV-Charleston-Convertible-Model-MOC-2909-3.png 1000w, https:\/\/mouldking.store\/wp-content\/uploads\/2022\/12\/Citroen-2CV-Charleston-Convertible-Model-MOC-2909-3-300x300.png 300w, https:\/\/mouldking.store\/wp-content\/uploads\/2022\/12\/Citroen-2CV-Charleston-Convertible-Model-MOC-2909-3-768x768.png 768w, https:\/\/mouldking.store\/wp-content\/uploads\/2022\/12\/Citroen-2CV-Charleston-Convertible-Model-MOC-2909-3-600x600.png 600w, https:\/\/mouldking.store\/wp-content\/uploads\/2022\/12\/Citroen-2CV-Charleston-Convertible-Model-MOC-2909-3-150x150.png 150w, https:\/\/mouldking.store\/wp-content\/uploads\/2022\/12\/Citroen-2CV-Charleston-Convertible-Model-MOC-2909-3-60x60.png 60w, https:\/\/mouldking.store\/wp-content\/uploads\/2022\/12\/Citroen-2CV-Charleston-Convertible-Model-MOC-2909-3-90x90.png 90w\" sizes=\"(max-width: 1000px) 100vw, 1000px\" \/><figcaption id=\"caption-attachment-37543\" class=\"wp-caption-text\">MOC-2909 Citroen 2CV Charleston Convertible Model With 2237 Pieces<\/figcaption><\/figure>\n<figure id=\"attachment_37544\" aria-describedby=\"caption-attachment-37544\" style=\"width: 1000px\" class=\"wp-caption aligncenter\"><img loading=\"lazy\" decoding=\"async\" class=\"wp-image-37544 size-full\" src=\"https:\/\/mouldking.store\/wp-content\/uploads\/2022\/12\/Citroen-2CV-Charleston-Convertible-Model-MOC-2909-2.png\" alt=\"MOC-2909 Citroen 2CV Charleston Convertible Model With 2237 Pieces\" width=\"1000\" height=\"1000\" title=\"-\" srcset=\"https:\/\/mouldking.store\/wp-content\/uploads\/2022\/12\/Citroen-2CV-Charleston-Convertible-Model-MOC-2909-2.png 1000w, https:\/\/mouldking.store\/wp-content\/uploads\/2022\/12\/Citroen-2CV-Charleston-Convertible-Model-MOC-2909-2-300x300.png 300w, https:\/\/mouldking.store\/wp-content\/uploads\/2022\/12\/Citroen-2CV-Charleston-Convertible-Model-MOC-2909-2-768x768.png 768w, https:\/\/mouldking.store\/wp-content\/uploads\/2022\/12\/Citroen-2CV-Charleston-Convertible-Model-MOC-2909-2-600x600.png 600w, https:\/\/mouldking.store\/wp-content\/uploads\/2022\/12\/Citroen-2CV-Charleston-Convertible-Model-MOC-2909-2-150x150.png 150w, https:\/\/mouldking.store\/wp-content\/uploads\/2022\/12\/Citroen-2CV-Charleston-Convertible-Model-MOC-2909-2-60x60.png 60w, https:\/\/mouldking.store\/wp-content\/uploads\/2022\/12\/Citroen-2CV-Charleston-Convertible-Model-MOC-2909-2-90x90.png 90w\" sizes=\"(max-width: 1000px) 100vw, 1000px\" \/><figcaption id=\"caption-attachment-37544\" class=\"wp-caption-text\">MOC-2909 Citroen 2CV Charleston Convertible Model With 2237 Pieces<\/figcaption><\/figure>","protected":false},"excerpt":{"rendered":"<p>Product information: Brand: MOC Gender: Unisex Name: Citroen 2CV Charleston Convertible Model Age Range: &gt; 6 years old Model Number: 2909 Classification: Assemblage Plastic Block Shape: Self-Locking Bricks Material: Plastic Plastic Type: ABS Bricks Blocks:2237 PCS Size:\u00a0 \u00a050cm (L) x 20cm (W) x 22cm (H) Contains detailed assembly instructions. Time arrange: 4-8 weeks Notice: 1. [&hellip;]<\/p>","protected":false},"featured_media":37538,"comment_status":"closed","ping_status":"closed","template":"","meta":{"_acf_changed":false},"product_cat":[1357,1406,364],"product_tag":[9109,9110,9108,9112,9114,9111,430,9113,9115,9107],"class_list":["product","first","instock","shipping-taxable","purchasable","product-type-simple"],"acf":[],"_links":{"self":[{"href":"https:\/\/mouldking.store\/vi\/wp-json\/wp\/v2\/product\/37537","targetHints":{"allow":["GET"]}}],"collection":[{"href":"https:\/\/mouldking.store\/vi\/wp-json\/wp\/v2\/product"}],"about":[{"href":"https:\/\/mouldking.store\/vi\/wp-json\/wp\/v2\/types\/product"}],"replies":[{"embeddable":true,"href":"https:\/\/mouldking.store\/vi\/wp-json\/wp\/v2\/comments?post=37537"}],"wp:featuredmedia":[{"embeddable":true,"href":"https:\/\/mouldking.store\/vi\/wp-json\/wp\/v2\/media\/37538"}],"wp:attachment":[{"href":"https:\/\/mouldking.store\/vi\/wp-json\/wp\/v2\/media?parent=37537"}],"wp:term":[{"taxonomy":"product_cat","embeddable":true,"href":"https:\/\/mouldking.store\/vi\/wp-json\/wp\/v2\/product_cat?post=37537"},{"taxonomy":"product_tag","embeddable":true,"href":"https:\/\/mouldking.store\/vi\/wp-json\/wp\/v2\/product_tag?post=37537"}],"curies":[{"name":"wp","href":"https:\/\/api.w.org\/{rel}","templated":true}]}}