{"id":37585,"date":"2022-12-08T15:08:12","date_gmt":"2022-12-08T08:08:12","guid":{"rendered":"https:\/\/mouldking.store\/?post_type=product&#038;p=37585"},"modified":"2025-12-25T09:12:11","modified_gmt":"2025-12-25T02:12:11","slug":"moc-1228-train-construction-site-with-3762-pieces","status":"publish","type":"product","link":"https:\/\/mouldking.store\/vi\/shop\/moc-1228-train-construction-site-with-3762-pieces\/","title":{"rendered":"C\u00f4ng tr\u01b0\u1eddng x\u00e2y d\u1ef1ng xe l\u1eeda MOC-1228 v\u1edbi 3762 m\u1ea3nh"},"content":{"rendered":"<p>Th\u00f4ng tin s\u1ea3n ph\u1ea9m:<\/p>\n<ol>\n<li>Th\u01b0\u01a1ng hi\u1ec7u: M\u1ed8C<\/li>\n<li>Gi\u1edbi t\u00ednh: Unisex<\/li>\n<li>T\u00ean: C\u00f4ng tr\u01b0\u1eddng x\u00e2y d\u1ef1ng \u0111\u01b0\u1eddng s\u1eaft<\/li>\n<li>\u0110\u1ed9 tu\u1ed5i: &gt; 6 tu\u1ed5i<\/li>\n<li>S\u1ed1 m\u00f4 h\u00ecnh: 1228<\/li>\n<li>Ph\u00e2n lo\u1ea1i: T\u1eadp h\u1ee3p<\/li>\n<li>H\u00ecnh d\u1ea1ng kh\u1ed1i nh\u1ef1a: G\u1ea1ch t\u1ef1 kh\u00f3a<\/li>\n<li>Ch\u1ea5t li\u1ec7u: Nh\u1ef1a<\/li>\n<li>Lo\u1ea1i nh\u1ef1a: ABS<\/li>\n<li>Kh\u1ed1i g\u1ea1ch: 3762 C\u00c1I<\/li>\n<li>Ch\u1ee9a h\u01b0\u1edbng d\u1eabn l\u1eafp r\u00e1p chi ti\u1ebft.<\/li>\n<li>Th\u1eddi gian s\u1eafp x\u1ebfp: 4-8 tu\u1ea7n<\/li>\n<\/ol>\n<p>\u0110\u1ec3 \u00fd:<br \/>\n1. Kh\u00f4ng c\u00f3 h\u1ed9p ban \u0111\u1ea7u, nh\u01b0ng ch\u00fang t\u00f4i \u0111\u1ea3m b\u1ea3o s\u1ea3n ph\u1ea9m c\u1ee7a ch\u00fang t\u00f4i c\u00f3 ch\u1ea5t l\u01b0\u1ee3ng \u0111\u1ea3m b\u1ea3o v\u00e0 bao b\u00ec \u0111\u1eb9p.<br \/>\n2. V\u00ec t\u1ea5t c\u1ea3 c\u00e1c b\u1ed9 ph\u1eadn ch\u00fang t\u00f4i \u0111\u00e3 ki\u1ec3m tra tr\u01b0\u1edbc khi v\u1eadn chuy\u1ec3n, v\u00ec v\u1eady n\u1ebfu b\u1ea1n th\u1ea5y m\u1ed9t s\u1ed1 b\u1ed9 ph\u1eadn b\u1ecb thi\u1ebfu ho\u1eb7c h\u01b0 h\u1ecfng, \u0111\u1eebng lo l\u1eafng v\u00e0 ch\u1ec9 c\u1ea7n vui l\u00f2ng li\u00ean h\u1ec7 v\u1edbi ch\u00fang t\u00f4i v\u00e0 ch\u00fang t\u00f4i c\u00f3 th\u1ec3 g\u1eedi l\u1ea1i mi\u1ec5n ph\u00ed cho b\u1ea1n ngay l\u1eadp t\u1ee9c.<\/p>\n<figure id=\"attachment_37586\" aria-describedby=\"caption-attachment-37586\" style=\"width: 1004px\" class=\"wp-caption aligncenter\"><img fetchpriority=\"high\" decoding=\"async\" class=\"wp-image-37586 size-full\" src=\"https:\/\/mouldking.store\/wp-content\/uploads\/2022\/12\/MOC-1228-Modular-Building-Train-Construction-Site-MOC-FACTORY.png\" alt=\"MOC-1228 Train Construction Site With 3762 Pieces\" width=\"1004\" height=\"1004\" title=\"-\" srcset=\"https:\/\/mouldking.store\/wp-content\/uploads\/2022\/12\/MOC-1228-Modular-Building-Train-Construction-Site-MOC-FACTORY.png 1004w, https:\/\/mouldking.store\/wp-content\/uploads\/2022\/12\/MOC-1228-Modular-Building-Train-Construction-Site-MOC-FACTORY-300x300.png 300w, https:\/\/mouldking.store\/wp-content\/uploads\/2022\/12\/MOC-1228-Modular-Building-Train-Construction-Site-MOC-FACTORY-768x768.png 768w, https:\/\/mouldking.store\/wp-content\/uploads\/2022\/12\/MOC-1228-Modular-Building-Train-Construction-Site-MOC-FACTORY-600x600.png 600w, https:\/\/mouldking.store\/wp-content\/uploads\/2022\/12\/MOC-1228-Modular-Building-Train-Construction-Site-MOC-FACTORY-150x150.png 150w, https:\/\/mouldking.store\/wp-content\/uploads\/2022\/12\/MOC-1228-Modular-Building-Train-Construction-Site-MOC-FACTORY-60x60.png 60w, https:\/\/mouldking.store\/wp-content\/uploads\/2022\/12\/MOC-1228-Modular-Building-Train-Construction-Site-MOC-FACTORY-90x90.png 90w\" sizes=\"(max-width: 1004px) 100vw, 1004px\" \/><figcaption id=\"caption-attachment-37586\" class=\"wp-caption-text\">C\u00f4ng tr\u01b0\u1eddng x\u00e2y d\u1ef1ng xe l\u1eeda MOC-1228 v\u1edbi 3762 m\u1ea3nh<\/figcaption><\/figure>\n<figure id=\"attachment_37587\" aria-describedby=\"caption-attachment-37587\" style=\"width: 1000px\" class=\"wp-caption aligncenter\"><img decoding=\"async\" class=\"wp-image-37587 size-full\" src=\"https:\/\/mouldking.store\/wp-content\/uploads\/2022\/12\/Train-Construction-Site-MOC-1228-2.png\" alt=\"MOC-1228 Train Construction Site With 3762 Pieces\" width=\"1000\" height=\"1000\" title=\"-\" srcset=\"https:\/\/mouldking.store\/wp-content\/uploads\/2022\/12\/Train-Construction-Site-MOC-1228-2.png 1000w, https:\/\/mouldking.store\/wp-content\/uploads\/2022\/12\/Train-Construction-Site-MOC-1228-2-300x300.png 300w, https:\/\/mouldking.store\/wp-content\/uploads\/2022\/12\/Train-Construction-Site-MOC-1228-2-768x768.png 768w, https:\/\/mouldking.store\/wp-content\/uploads\/2022\/12\/Train-Construction-Site-MOC-1228-2-600x600.png 600w, https:\/\/mouldking.store\/wp-content\/uploads\/2022\/12\/Train-Construction-Site-MOC-1228-2-150x150.png 150w, https:\/\/mouldking.store\/wp-content\/uploads\/2022\/12\/Train-Construction-Site-MOC-1228-2-60x60.png 60w, https:\/\/mouldking.store\/wp-content\/uploads\/2022\/12\/Train-Construction-Site-MOC-1228-2-90x90.png 90w\" sizes=\"(max-width: 1000px) 100vw, 1000px\" \/><figcaption id=\"caption-attachment-37587\" class=\"wp-caption-text\">C\u00f4ng tr\u01b0\u1eddng x\u00e2y d\u1ef1ng xe l\u1eeda MOC-1228 v\u1edbi 3762 m\u1ea3nh<\/figcaption><\/figure>\n<figure id=\"attachment_37588\" aria-describedby=\"caption-attachment-37588\" style=\"width: 1000px\" class=\"wp-caption aligncenter\"><img decoding=\"async\" class=\"wp-image-37588 size-full\" src=\"https:\/\/mouldking.store\/wp-content\/uploads\/2022\/12\/Train-Construction-Site-MOC-1228-3.png\" alt=\"MOC-1228 Train Construction Site With 3762 Pieces\" width=\"1000\" height=\"1000\" title=\"-\" srcset=\"https:\/\/mouldking.store\/wp-content\/uploads\/2022\/12\/Train-Construction-Site-MOC-1228-3.png 1000w, https:\/\/mouldking.store\/wp-content\/uploads\/2022\/12\/Train-Construction-Site-MOC-1228-3-300x300.png 300w, https:\/\/mouldking.store\/wp-content\/uploads\/2022\/12\/Train-Construction-Site-MOC-1228-3-768x768.png 768w, https:\/\/mouldking.store\/wp-content\/uploads\/2022\/12\/Train-Construction-Site-MOC-1228-3-600x600.png 600w, https:\/\/mouldking.store\/wp-content\/uploads\/2022\/12\/Train-Construction-Site-MOC-1228-3-150x150.png 150w, https:\/\/mouldking.store\/wp-content\/uploads\/2022\/12\/Train-Construction-Site-MOC-1228-3-60x60.png 60w, https:\/\/mouldking.store\/wp-content\/uploads\/2022\/12\/Train-Construction-Site-MOC-1228-3-90x90.png 90w\" sizes=\"(max-width: 1000px) 100vw, 1000px\" \/><figcaption id=\"caption-attachment-37588\" class=\"wp-caption-text\">C\u00f4ng tr\u01b0\u1eddng x\u00e2y d\u1ef1ng xe l\u1eeda MOC-1228 v\u1edbi 3762 m\u1ea3nh<\/figcaption><\/figure>\n<figure id=\"attachment_37589\" aria-describedby=\"caption-attachment-37589\" style=\"width: 1000px\" class=\"wp-caption aligncenter\"><img loading=\"lazy\" decoding=\"async\" class=\"wp-image-37589 size-full\" src=\"https:\/\/mouldking.store\/wp-content\/uploads\/2022\/12\/Train-Construction-Site-MOC-1228-4.png\" alt=\"MOC-1228 Train Construction Site With 3762 Pieces\" width=\"1000\" height=\"1000\" title=\"-\" srcset=\"https:\/\/mouldking.store\/wp-content\/uploads\/2022\/12\/Train-Construction-Site-MOC-1228-4.png 1000w, https:\/\/mouldking.store\/wp-content\/uploads\/2022\/12\/Train-Construction-Site-MOC-1228-4-300x300.png 300w, https:\/\/mouldking.store\/wp-content\/uploads\/2022\/12\/Train-Construction-Site-MOC-1228-4-768x768.png 768w, https:\/\/mouldking.store\/wp-content\/uploads\/2022\/12\/Train-Construction-Site-MOC-1228-4-600x600.png 600w, https:\/\/mouldking.store\/wp-content\/uploads\/2022\/12\/Train-Construction-Site-MOC-1228-4-150x150.png 150w, https:\/\/mouldking.store\/wp-content\/uploads\/2022\/12\/Train-Construction-Site-MOC-1228-4-60x60.png 60w, https:\/\/mouldking.store\/wp-content\/uploads\/2022\/12\/Train-Construction-Site-MOC-1228-4-90x90.png 90w\" sizes=\"(max-width: 1000px) 100vw, 1000px\" \/><figcaption id=\"caption-attachment-37589\" class=\"wp-caption-text\">C\u00f4ng tr\u01b0\u1eddng x\u00e2y d\u1ef1ng xe l\u1eeda MOC-1228 v\u1edbi 3762 m\u1ea3nh<\/figcaption><\/figure>","protected":false},"excerpt":{"rendered":"<p>Product information: Brand: MOC Gender: Unisex Name: Train Construction Site Age Range: &gt; 6 years old Model Number: 1228 Classification: Assemblage Plastic Block Shape: Self-Locking Bricks Material: Plastic Plastic Type: ABS Bricks Blocks:3762 PCS Contains detailed assembly instructions. Time arrange: 4-8 weeks Notice: 1. Without an original box, but we guarantee our products have quality [&hellip;]<\/p>","protected":false},"featured_media":37586,"comment_status":"closed","ping_status":"closed","template":"","meta":{"_acf_changed":false},"product_cat":[1395,1406,390],"product_tag":[9173,430,9172,9175,9171,300,9174],"class_list":["product","first","instock","shipping-taxable","purchasable","product-type-simple"],"acf":[],"_links":{"self":[{"href":"https:\/\/mouldking.store\/vi\/wp-json\/wp\/v2\/product\/37585","targetHints":{"allow":["GET"]}}],"collection":[{"href":"https:\/\/mouldking.store\/vi\/wp-json\/wp\/v2\/product"}],"about":[{"href":"https:\/\/mouldking.store\/vi\/wp-json\/wp\/v2\/types\/product"}],"replies":[{"embeddable":true,"href":"https:\/\/mouldking.store\/vi\/wp-json\/wp\/v2\/comments?post=37585"}],"wp:featuredmedia":[{"embeddable":true,"href":"https:\/\/mouldking.store\/vi\/wp-json\/wp\/v2\/media\/37586"}],"wp:attachment":[{"href":"https:\/\/mouldking.store\/vi\/wp-json\/wp\/v2\/media?parent=37585"}],"wp:term":[{"taxonomy":"product_cat","embeddable":true,"href":"https:\/\/mouldking.store\/vi\/wp-json\/wp\/v2\/product_cat?post=37585"},{"taxonomy":"product_tag","embeddable":true,"href":"https:\/\/mouldking.store\/vi\/wp-json\/wp\/v2\/product_tag?post=37585"}],"curies":[{"name":"wp","href":"https:\/\/api.w.org\/{rel}","templated":true}]}}