{"id":37607,"date":"2022-12-08T15:42:19","date_gmt":"2022-12-08T08:42:19","guid":{"rendered":"https:\/\/mouldking.store\/?post_type=product&#038;p=37607"},"modified":"2025-12-25T09:12:11","modified_gmt":"2025-12-25T02:12:11","slug":"moc-125351-snow-peak-sweets-factory-and-lounge-with-2919-pieces","status":"publish","type":"product","link":"https:\/\/mouldking.store\/vi\/shop\/moc-125351-snow-peak-sweets-factory-and-lounge-with-2919-pieces\/","title":{"rendered":"MOC-125351 Nh\u00e0 m\u00e1y v\u00e0 ph\u00f2ng ch\u1edd Snow Peak Sweets v\u1edbi 2919 mi\u1ebfng"},"content":{"rendered":"<p>Th\u00f4ng tin s\u1ea3n ph\u1ea9m:<\/p>\n<ol>\n<li>Th\u01b0\u01a1ng hi\u1ec7u: M\u1ed8C<\/li>\n<li>Gi\u1edbi t\u00ednh: Unisex<\/li>\n<li>Name: Snow Peak Sweets Factory And Lounge<\/li>\n<li>\u0110\u1ed9 tu\u1ed5i: &gt; 6 tu\u1ed5i<\/li>\n<li>Model Number: 125351<\/li>\n<li>Ph\u00e2n lo\u1ea1i: T\u1eadp h\u1ee3p<\/li>\n<li>H\u00ecnh d\u1ea1ng kh\u1ed1i nh\u1ef1a: G\u1ea1ch t\u1ef1 kh\u00f3a<\/li>\n<li>Ch\u1ea5t li\u1ec7u: Nh\u1ef1a<\/li>\n<li>Lo\u1ea1i nh\u1ef1a: ABS<\/li>\n<li>Bricks Blocks:2919 PCS<\/li>\n<li>Ch\u1ee9a h\u01b0\u1edbng d\u1eabn l\u1eafp r\u00e1p chi ti\u1ebft.<\/li>\n<li>Th\u1eddi gian s\u1eafp x\u1ebfp: 4-8 tu\u1ea7n<\/li>\n<\/ol>\n<p>\u0110\u1ec3 \u00fd:<br \/>\n1. Kh\u00f4ng c\u00f3 h\u1ed9p ban \u0111\u1ea7u, nh\u01b0ng ch\u00fang t\u00f4i \u0111\u1ea3m b\u1ea3o s\u1ea3n ph\u1ea9m c\u1ee7a ch\u00fang t\u00f4i c\u00f3 ch\u1ea5t l\u01b0\u1ee3ng \u0111\u1ea3m b\u1ea3o v\u00e0 bao b\u00ec \u0111\u1eb9p.<br \/>\n2. V\u00ec t\u1ea5t c\u1ea3 c\u00e1c b\u1ed9 ph\u1eadn ch\u00fang t\u00f4i \u0111\u00e3 ki\u1ec3m tra tr\u01b0\u1edbc khi v\u1eadn chuy\u1ec3n, v\u00ec v\u1eady n\u1ebfu b\u1ea1n th\u1ea5y m\u1ed9t s\u1ed1 b\u1ed9 ph\u1eadn b\u1ecb thi\u1ebfu ho\u1eb7c h\u01b0 h\u1ecfng, \u0111\u1eebng lo l\u1eafng v\u00e0 ch\u1ec9 c\u1ea7n vui l\u00f2ng li\u00ean h\u1ec7 v\u1edbi ch\u00fang t\u00f4i v\u00e0 ch\u00fang t\u00f4i c\u00f3 th\u1ec3 g\u1eedi l\u1ea1i mi\u1ec5n ph\u00ed cho b\u1ea1n ngay l\u1eadp t\u1ee9c.<\/p>\n<figure id=\"attachment_37608\" aria-describedby=\"caption-attachment-37608\" style=\"width: 1004px\" class=\"wp-caption aligncenter\"><img fetchpriority=\"high\" decoding=\"async\" class=\"wp-image-37608 size-full\" src=\"https:\/\/mouldking.store\/wp-content\/uploads\/2022\/12\/MOC-125351-Modular-Building-Snow-Peak-Sweets-Factory-And-Lounge-MOC-FACTORY.png\" alt=\"MOC-125351 Snow Peak Sweets Factory And Lounge With 2919 Pieces\" width=\"1004\" height=\"1004\" title=\"-\" srcset=\"https:\/\/mouldking.store\/wp-content\/uploads\/2022\/12\/MOC-125351-Modular-Building-Snow-Peak-Sweets-Factory-And-Lounge-MOC-FACTORY.png 1004w, https:\/\/mouldking.store\/wp-content\/uploads\/2022\/12\/MOC-125351-Modular-Building-Snow-Peak-Sweets-Factory-And-Lounge-MOC-FACTORY-300x300.png 300w, https:\/\/mouldking.store\/wp-content\/uploads\/2022\/12\/MOC-125351-Modular-Building-Snow-Peak-Sweets-Factory-And-Lounge-MOC-FACTORY-768x768.png 768w, https:\/\/mouldking.store\/wp-content\/uploads\/2022\/12\/MOC-125351-Modular-Building-Snow-Peak-Sweets-Factory-And-Lounge-MOC-FACTORY-600x600.png 600w, https:\/\/mouldking.store\/wp-content\/uploads\/2022\/12\/MOC-125351-Modular-Building-Snow-Peak-Sweets-Factory-And-Lounge-MOC-FACTORY-150x150.png 150w, https:\/\/mouldking.store\/wp-content\/uploads\/2022\/12\/MOC-125351-Modular-Building-Snow-Peak-Sweets-Factory-And-Lounge-MOC-FACTORY-60x60.png 60w, https:\/\/mouldking.store\/wp-content\/uploads\/2022\/12\/MOC-125351-Modular-Building-Snow-Peak-Sweets-Factory-And-Lounge-MOC-FACTORY-90x90.png 90w\" sizes=\"(max-width: 1004px) 100vw, 1004px\" \/><figcaption id=\"caption-attachment-37608\" class=\"wp-caption-text\">MOC-125351 Nh\u00e0 m\u00e1y v\u00e0 ph\u00f2ng ch\u1edd Snow Peak Sweets v\u1edbi 2919 mi\u1ebfng<\/figcaption><\/figure>\n<figure id=\"attachment_37609\" aria-describedby=\"caption-attachment-37609\" style=\"width: 1000px\" class=\"wp-caption aligncenter\"><img decoding=\"async\" class=\"wp-image-37609 size-full\" src=\"https:\/\/mouldking.store\/wp-content\/uploads\/2022\/12\/Snow-Peak-Sweets-Factory-And-Lounge-MOC-125351-2.png\" alt=\"MOC-125351 Snow Peak Sweets Factory And Lounge With 2919 Pieces\" width=\"1000\" height=\"1000\" title=\"-\" srcset=\"https:\/\/mouldking.store\/wp-content\/uploads\/2022\/12\/Snow-Peak-Sweets-Factory-And-Lounge-MOC-125351-2.png 1000w, https:\/\/mouldking.store\/wp-content\/uploads\/2022\/12\/Snow-Peak-Sweets-Factory-And-Lounge-MOC-125351-2-300x300.png 300w, https:\/\/mouldking.store\/wp-content\/uploads\/2022\/12\/Snow-Peak-Sweets-Factory-And-Lounge-MOC-125351-2-768x768.png 768w, https:\/\/mouldking.store\/wp-content\/uploads\/2022\/12\/Snow-Peak-Sweets-Factory-And-Lounge-MOC-125351-2-600x600.png 600w, https:\/\/mouldking.store\/wp-content\/uploads\/2022\/12\/Snow-Peak-Sweets-Factory-And-Lounge-MOC-125351-2-150x150.png 150w, https:\/\/mouldking.store\/wp-content\/uploads\/2022\/12\/Snow-Peak-Sweets-Factory-And-Lounge-MOC-125351-2-60x60.png 60w, https:\/\/mouldking.store\/wp-content\/uploads\/2022\/12\/Snow-Peak-Sweets-Factory-And-Lounge-MOC-125351-2-90x90.png 90w\" sizes=\"(max-width: 1000px) 100vw, 1000px\" \/><figcaption id=\"caption-attachment-37609\" class=\"wp-caption-text\">MOC-125351 Nh\u00e0 m\u00e1y v\u00e0 ph\u00f2ng ch\u1edd Snow Peak Sweets v\u1edbi 2919 mi\u1ebfng<\/figcaption><\/figure>\n<figure id=\"attachment_37610\" aria-describedby=\"caption-attachment-37610\" style=\"width: 1000px\" class=\"wp-caption aligncenter\"><img decoding=\"async\" class=\"wp-image-37610 size-full\" src=\"https:\/\/mouldking.store\/wp-content\/uploads\/2022\/12\/Snow-Peak-Sweets-Factory-And-Lounge-MOC-125351-3.png\" alt=\"MOC-125351 Snow Peak Sweets Factory And Lounge With 2919 Pieces\" width=\"1000\" height=\"1000\" title=\"-\" srcset=\"https:\/\/mouldking.store\/wp-content\/uploads\/2022\/12\/Snow-Peak-Sweets-Factory-And-Lounge-MOC-125351-3.png 1000w, https:\/\/mouldking.store\/wp-content\/uploads\/2022\/12\/Snow-Peak-Sweets-Factory-And-Lounge-MOC-125351-3-300x300.png 300w, https:\/\/mouldking.store\/wp-content\/uploads\/2022\/12\/Snow-Peak-Sweets-Factory-And-Lounge-MOC-125351-3-768x768.png 768w, https:\/\/mouldking.store\/wp-content\/uploads\/2022\/12\/Snow-Peak-Sweets-Factory-And-Lounge-MOC-125351-3-600x600.png 600w, https:\/\/mouldking.store\/wp-content\/uploads\/2022\/12\/Snow-Peak-Sweets-Factory-And-Lounge-MOC-125351-3-150x150.png 150w, https:\/\/mouldking.store\/wp-content\/uploads\/2022\/12\/Snow-Peak-Sweets-Factory-And-Lounge-MOC-125351-3-60x60.png 60w, https:\/\/mouldking.store\/wp-content\/uploads\/2022\/12\/Snow-Peak-Sweets-Factory-And-Lounge-MOC-125351-3-90x90.png 90w\" sizes=\"(max-width: 1000px) 100vw, 1000px\" \/><figcaption id=\"caption-attachment-37610\" class=\"wp-caption-text\">MOC-125351 Nh\u00e0 m\u00e1y v\u00e0 ph\u00f2ng ch\u1edd Snow Peak Sweets v\u1edbi 2919 mi\u1ebfng<\/figcaption><\/figure>\n<figure id=\"attachment_37611\" aria-describedby=\"caption-attachment-37611\" style=\"width: 1000px\" class=\"wp-caption aligncenter\"><img loading=\"lazy\" decoding=\"async\" class=\"wp-image-37611 size-full\" src=\"https:\/\/mouldking.store\/wp-content\/uploads\/2022\/12\/Snow-Peak-Sweets-Factory-And-Lounge-MOC-125351-4.png\" alt=\"MOC-125351 Snow Peak Sweets Factory And Lounge With 2919 Pieces\" width=\"1000\" height=\"1000\" title=\"-\" srcset=\"https:\/\/mouldking.store\/wp-content\/uploads\/2022\/12\/Snow-Peak-Sweets-Factory-And-Lounge-MOC-125351-4.png 1000w, https:\/\/mouldking.store\/wp-content\/uploads\/2022\/12\/Snow-Peak-Sweets-Factory-And-Lounge-MOC-125351-4-300x300.png 300w, https:\/\/mouldking.store\/wp-content\/uploads\/2022\/12\/Snow-Peak-Sweets-Factory-And-Lounge-MOC-125351-4-768x768.png 768w, https:\/\/mouldking.store\/wp-content\/uploads\/2022\/12\/Snow-Peak-Sweets-Factory-And-Lounge-MOC-125351-4-600x600.png 600w, https:\/\/mouldking.store\/wp-content\/uploads\/2022\/12\/Snow-Peak-Sweets-Factory-And-Lounge-MOC-125351-4-150x150.png 150w, https:\/\/mouldking.store\/wp-content\/uploads\/2022\/12\/Snow-Peak-Sweets-Factory-And-Lounge-MOC-125351-4-60x60.png 60w, https:\/\/mouldking.store\/wp-content\/uploads\/2022\/12\/Snow-Peak-Sweets-Factory-And-Lounge-MOC-125351-4-90x90.png 90w\" sizes=\"(max-width: 1000px) 100vw, 1000px\" \/><figcaption id=\"caption-attachment-37611\" class=\"wp-caption-text\">MOC-125351 Nh\u00e0 m\u00e1y v\u00e0 ph\u00f2ng ch\u1edd Snow Peak Sweets v\u1edbi 2919 mi\u1ebfng<\/figcaption><\/figure>\n<figure id=\"attachment_37612\" aria-describedby=\"caption-attachment-37612\" style=\"width: 1000px\" class=\"wp-caption aligncenter\"><img loading=\"lazy\" decoding=\"async\" class=\"wp-image-37612 size-full\" src=\"https:\/\/mouldking.store\/wp-content\/uploads\/2022\/12\/Snow-Peak-Sweets-Factory-And-Lounge-MOC-125351-5.png\" alt=\"MOC-125351 Snow Peak Sweets Factory And Lounge With 2919 Pieces\" width=\"1000\" height=\"1000\" title=\"-\" srcset=\"https:\/\/mouldking.store\/wp-content\/uploads\/2022\/12\/Snow-Peak-Sweets-Factory-And-Lounge-MOC-125351-5.png 1000w, https:\/\/mouldking.store\/wp-content\/uploads\/2022\/12\/Snow-Peak-Sweets-Factory-And-Lounge-MOC-125351-5-300x300.png 300w, https:\/\/mouldking.store\/wp-content\/uploads\/2022\/12\/Snow-Peak-Sweets-Factory-And-Lounge-MOC-125351-5-768x768.png 768w, https:\/\/mouldking.store\/wp-content\/uploads\/2022\/12\/Snow-Peak-Sweets-Factory-And-Lounge-MOC-125351-5-600x600.png 600w, https:\/\/mouldking.store\/wp-content\/uploads\/2022\/12\/Snow-Peak-Sweets-Factory-And-Lounge-MOC-125351-5-150x150.png 150w, https:\/\/mouldking.store\/wp-content\/uploads\/2022\/12\/Snow-Peak-Sweets-Factory-And-Lounge-MOC-125351-5-60x60.png 60w, https:\/\/mouldking.store\/wp-content\/uploads\/2022\/12\/Snow-Peak-Sweets-Factory-And-Lounge-MOC-125351-5-90x90.png 90w\" sizes=\"(max-width: 1000px) 100vw, 1000px\" \/><figcaption id=\"caption-attachment-37612\" class=\"wp-caption-text\">MOC-125351 Nh\u00e0 m\u00e1y v\u00e0 ph\u00f2ng ch\u1edd Snow Peak Sweets v\u1edbi 2919 mi\u1ebfng<\/figcaption><\/figure>\n<figure id=\"attachment_37613\" aria-describedby=\"caption-attachment-37613\" style=\"width: 1000px\" class=\"wp-caption aligncenter\"><img loading=\"lazy\" decoding=\"async\" class=\"wp-image-37613 size-full\" src=\"https:\/\/mouldking.store\/wp-content\/uploads\/2022\/12\/Snow-Peak-Sweets-Factory-And-Lounge-MOC-125351-6.png\" alt=\"MOC-125351 Snow Peak Sweets Factory And Lounge With 2919 Pieces\" width=\"1000\" height=\"1000\" title=\"-\" srcset=\"https:\/\/mouldking.store\/wp-content\/uploads\/2022\/12\/Snow-Peak-Sweets-Factory-And-Lounge-MOC-125351-6.png 1000w, https:\/\/mouldking.store\/wp-content\/uploads\/2022\/12\/Snow-Peak-Sweets-Factory-And-Lounge-MOC-125351-6-300x300.png 300w, https:\/\/mouldking.store\/wp-content\/uploads\/2022\/12\/Snow-Peak-Sweets-Factory-And-Lounge-MOC-125351-6-768x768.png 768w, https:\/\/mouldking.store\/wp-content\/uploads\/2022\/12\/Snow-Peak-Sweets-Factory-And-Lounge-MOC-125351-6-600x600.png 600w, https:\/\/mouldking.store\/wp-content\/uploads\/2022\/12\/Snow-Peak-Sweets-Factory-And-Lounge-MOC-125351-6-150x150.png 150w, https:\/\/mouldking.store\/wp-content\/uploads\/2022\/12\/Snow-Peak-Sweets-Factory-And-Lounge-MOC-125351-6-60x60.png 60w, https:\/\/mouldking.store\/wp-content\/uploads\/2022\/12\/Snow-Peak-Sweets-Factory-And-Lounge-MOC-125351-6-90x90.png 90w\" sizes=\"(max-width: 1000px) 100vw, 1000px\" \/><figcaption id=\"caption-attachment-37613\" class=\"wp-caption-text\">MOC-125351 Nh\u00e0 m\u00e1y v\u00e0 ph\u00f2ng ch\u1edd Snow Peak Sweets v\u1edbi 2919 mi\u1ebfng<\/figcaption><\/figure>","protected":false},"excerpt":{"rendered":"<p>Product information: Brand: MOC Gender: Unisex Name: Snow Peak Sweets Factory And Lounge Age Range: &gt; 6 years old Model Number: 125351 Classification: Assemblage Plastic Block Shape: Self-Locking Bricks Material: Plastic Plastic Type: ABS Bricks Blocks:2919 PCS Contains detailed assembly instructions. Time arrange: 4-8 weeks Notice: 1. Without an original box, but we guarantee our [&hellip;]<\/p>","protected":false},"featured_media":37608,"comment_status":"closed","ping_status":"closed","template":"","meta":{"_acf_changed":false},"product_cat":[1395,1406,390],"product_tag":[430,9201,9206,9200,9202,9205,9203,9204],"class_list":["product","first","instock","shipping-taxable","purchasable","product-type-simple"],"acf":[],"_links":{"self":[{"href":"https:\/\/mouldking.store\/vi\/wp-json\/wp\/v2\/product\/37607","targetHints":{"allow":["GET"]}}],"collection":[{"href":"https:\/\/mouldking.store\/vi\/wp-json\/wp\/v2\/product"}],"about":[{"href":"https:\/\/mouldking.store\/vi\/wp-json\/wp\/v2\/types\/product"}],"replies":[{"embeddable":true,"href":"https:\/\/mouldking.store\/vi\/wp-json\/wp\/v2\/comments?post=37607"}],"wp:featuredmedia":[{"embeddable":true,"href":"https:\/\/mouldking.store\/vi\/wp-json\/wp\/v2\/media\/37608"}],"wp:attachment":[{"href":"https:\/\/mouldking.store\/vi\/wp-json\/wp\/v2\/media?parent=37607"}],"wp:term":[{"taxonomy":"product_cat","embeddable":true,"href":"https:\/\/mouldking.store\/vi\/wp-json\/wp\/v2\/product_cat?post=37607"},{"taxonomy":"product_tag","embeddable":true,"href":"https:\/\/mouldking.store\/vi\/wp-json\/wp\/v2\/product_tag?post=37607"}],"curies":[{"name":"wp","href":"https:\/\/api.w.org\/{rel}","templated":true}]}}