{"id":37667,"date":"2022-12-09T09:34:04","date_gmt":"2022-12-09T02:34:04","guid":{"rendered":"https:\/\/mouldking.store\/?post_type=product&#038;p=37667"},"modified":"2022-12-09T09:34:05","modified_gmt":"2022-12-09T02:34:05","slug":"jiestar-89154-station-lobby-welcome-the-meeting-point-with-2720pcs","status":"publish","type":"product","link":"https:\/\/mouldking.store\/vi\/shop\/jiestar-89154-station-lobby-welcome-the-meeting-point-with-2720pcs\/","title":{"rendered":"S\u1ea3nh nh\u00e0 ga JIESTAR 89154 Ch\u00e0o m\u1eebng \u0111i\u1ec3m g\u1eb7p g\u1ee1 v\u1edbi 2720 chi\u1ebfc"},"content":{"rendered":"<p>Th\u00f4ng tin s\u1ea3n ph\u1ea9m:<\/p>\n<ol>\n<li>Th\u01b0\u01a1ng hi\u1ec7u: JIESTAR<\/li>\n<li>Gi\u1edbi t\u00ednh: Unisex<\/li>\n<li>Name: Station Lobby Welcome The Meeting Point<\/li>\n<li>\u0110\u1ed9 tu\u1ed5i: &gt; 6 tu\u1ed5i<\/li>\n<li>Model Number: 89154<\/li>\n<li>Ph\u00e2n lo\u1ea1i: T\u1eadp h\u1ee3p<\/li>\n<li>H\u00ecnh d\u1ea1ng kh\u1ed1i nh\u1ef1a: G\u1ea1ch t\u1ef1 kh\u00f3a<\/li>\n<li>Ch\u1ea5t li\u1ec7u: Nh\u1ef1a<\/li>\n<li>Lo\u1ea1i nh\u1ef1a: ABS<\/li>\n<li>Bricks Blocks:2720 PCS<\/li>\n<li>Size: 38 \u00d7 26 \u00d7 30 cm<\/li>\n<li>Ch\u1ee9a h\u01b0\u1edbng d\u1eabn l\u1eafp r\u00e1p chi ti\u1ebft.<\/li>\n<\/ol>\n<p>\u0110\u1ec3 \u00fd:<br \/>\n1. Kh\u00f4ng c\u00f3 h\u1ed9p ban \u0111\u1ea7u, nh\u01b0ng ch\u00fang t\u00f4i \u0111\u1ea3m b\u1ea3o s\u1ea3n ph\u1ea9m c\u1ee7a ch\u00fang t\u00f4i c\u00f3 ch\u1ea5t l\u01b0\u1ee3ng \u0111\u1ea3m b\u1ea3o v\u00e0 bao b\u00ec \u0111\u1eb9p.<br \/>\n2. V\u00ec t\u1ea5t c\u1ea3 c\u00e1c b\u1ed9 ph\u1eadn ch\u00fang t\u00f4i \u0111\u00e3 ki\u1ec3m tra tr\u01b0\u1edbc khi v\u1eadn chuy\u1ec3n, v\u00ec v\u1eady n\u1ebfu b\u1ea1n th\u1ea5y m\u1ed9t s\u1ed1 b\u1ed9 ph\u1eadn b\u1ecb thi\u1ebfu ho\u1eb7c h\u01b0 h\u1ecfng, \u0111\u1eebng lo l\u1eafng v\u00e0 ch\u1ec9 c\u1ea7n vui l\u00f2ng li\u00ean h\u1ec7 v\u1edbi ch\u00fang t\u00f4i v\u00e0 ch\u00fang t\u00f4i c\u00f3 th\u1ec3 g\u1eedi l\u1ea1i mi\u1ec5n ph\u00ed cho b\u1ea1n ngay l\u1eadp t\u1ee9c.<\/p>\n<figure id=\"attachment_37668\" aria-describedby=\"caption-attachment-37668\" style=\"width: 1024px\" class=\"wp-caption alignnone\"><img fetchpriority=\"high\" decoding=\"async\" class=\"wp-image-37668 size-large\" src=\"https:\/\/mouldking.store\/wp-content\/uploads\/2022\/12\/Station-Lobby-Welcome-The-Meeting-Point-JIESTAR-89154-6-1024x737.jpg\" alt=\"JIESTAR 89154 Station Lobby Welcome The Meeting Point With 2720pcs\" width=\"1024\" height=\"737\" title=\"-\" srcset=\"https:\/\/mouldking.store\/wp-content\/uploads\/2022\/12\/Station-Lobby-Welcome-The-Meeting-Point-JIESTAR-89154-6-1024x737.jpg 1024w, https:\/\/mouldking.store\/wp-content\/uploads\/2022\/12\/Station-Lobby-Welcome-The-Meeting-Point-JIESTAR-89154-6-300x216.jpg 300w, https:\/\/mouldking.store\/wp-content\/uploads\/2022\/12\/Station-Lobby-Welcome-The-Meeting-Point-JIESTAR-89154-6-768x552.jpg 768w, https:\/\/mouldking.store\/wp-content\/uploads\/2022\/12\/Station-Lobby-Welcome-The-Meeting-Point-JIESTAR-89154-6-1536x1105.jpg 1536w, https:\/\/mouldking.store\/wp-content\/uploads\/2022\/12\/Station-Lobby-Welcome-The-Meeting-Point-JIESTAR-89154-6-2048x1473.jpg 2048w, https:\/\/mouldking.store\/wp-content\/uploads\/2022\/12\/Station-Lobby-Welcome-The-Meeting-Point-JIESTAR-89154-6-600x432.jpg 600w, https:\/\/mouldking.store\/wp-content\/uploads\/2022\/12\/Station-Lobby-Welcome-The-Meeting-Point-JIESTAR-89154-6-150x108.jpg 150w, https:\/\/mouldking.store\/wp-content\/uploads\/2022\/12\/Station-Lobby-Welcome-The-Meeting-Point-JIESTAR-89154-6-83x60.jpg 83w, https:\/\/mouldking.store\/wp-content\/uploads\/2022\/12\/Station-Lobby-Welcome-The-Meeting-Point-JIESTAR-89154-6-125x90.jpg 125w\" sizes=\"(max-width: 1024px) 100vw, 1024px\" \/><figcaption id=\"caption-attachment-37668\" class=\"wp-caption-text\">S\u1ea3nh nh\u00e0 ga JIESTAR 89154 Ch\u00e0o m\u1eebng \u0111i\u1ec3m g\u1eb7p g\u1ee1 v\u1edbi 2720 chi\u1ebfc<\/figcaption><\/figure>\n<figure id=\"attachment_37669\" aria-describedby=\"caption-attachment-37669\" style=\"width: 1080px\" class=\"wp-caption aligncenter\"><img decoding=\"async\" class=\"wp-image-37669 size-full\" src=\"https:\/\/mouldking.store\/wp-content\/uploads\/2022\/12\/Station-Lobby-Welcome-The-Meeting-Point-JIESTAR-89154-5.jpeg\" alt=\"JIESTAR 89154 Station Lobby Welcome The Meeting Point With 2720pcs\" width=\"1080\" height=\"720\" title=\"-\" srcset=\"https:\/\/mouldking.store\/wp-content\/uploads\/2022\/12\/Station-Lobby-Welcome-The-Meeting-Point-JIESTAR-89154-5.jpeg 1080w, https:\/\/mouldking.store\/wp-content\/uploads\/2022\/12\/Station-Lobby-Welcome-The-Meeting-Point-JIESTAR-89154-5-300x200.jpeg 300w, https:\/\/mouldking.store\/wp-content\/uploads\/2022\/12\/Station-Lobby-Welcome-The-Meeting-Point-JIESTAR-89154-5-1024x683.jpeg 1024w, https:\/\/mouldking.store\/wp-content\/uploads\/2022\/12\/Station-Lobby-Welcome-The-Meeting-Point-JIESTAR-89154-5-768x512.jpeg 768w, https:\/\/mouldking.store\/wp-content\/uploads\/2022\/12\/Station-Lobby-Welcome-The-Meeting-Point-JIESTAR-89154-5-600x400.jpeg 600w, https:\/\/mouldking.store\/wp-content\/uploads\/2022\/12\/Station-Lobby-Welcome-The-Meeting-Point-JIESTAR-89154-5-150x100.jpeg 150w, https:\/\/mouldking.store\/wp-content\/uploads\/2022\/12\/Station-Lobby-Welcome-The-Meeting-Point-JIESTAR-89154-5-90x60.jpeg 90w, https:\/\/mouldking.store\/wp-content\/uploads\/2022\/12\/Station-Lobby-Welcome-The-Meeting-Point-JIESTAR-89154-5-135x90.jpeg 135w\" sizes=\"(max-width: 1080px) 100vw, 1080px\" \/><figcaption id=\"caption-attachment-37669\" class=\"wp-caption-text\">S\u1ea3nh nh\u00e0 ga JIESTAR 89154 Ch\u00e0o m\u1eebng \u0111i\u1ec3m g\u1eb7p g\u1ee1 v\u1edbi 2720 chi\u1ebfc<\/figcaption><\/figure>\n<figure id=\"attachment_37670\" aria-describedby=\"caption-attachment-37670\" style=\"width: 1024px\" class=\"wp-caption aligncenter\"><img decoding=\"async\" class=\"wp-image-37670 size-large\" src=\"https:\/\/mouldking.store\/wp-content\/uploads\/2022\/12\/Station-Lobby-Welcome-The-Meeting-Point-JIESTAR-89154-4-1024x768.jpeg\" alt=\"JIESTAR 89154 Station Lobby Welcome The Meeting Point With 2720pcs\" width=\"1024\" height=\"768\" title=\"-\" srcset=\"https:\/\/mouldking.store\/wp-content\/uploads\/2022\/12\/Station-Lobby-Welcome-The-Meeting-Point-JIESTAR-89154-4-1024x768.jpeg 1024w, https:\/\/mouldking.store\/wp-content\/uploads\/2022\/12\/Station-Lobby-Welcome-The-Meeting-Point-JIESTAR-89154-4-300x225.jpeg 300w, https:\/\/mouldking.store\/wp-content\/uploads\/2022\/12\/Station-Lobby-Welcome-The-Meeting-Point-JIESTAR-89154-4-768x576.jpeg 768w, https:\/\/mouldking.store\/wp-content\/uploads\/2022\/12\/Station-Lobby-Welcome-The-Meeting-Point-JIESTAR-89154-4-600x450.jpeg 600w, https:\/\/mouldking.store\/wp-content\/uploads\/2022\/12\/Station-Lobby-Welcome-The-Meeting-Point-JIESTAR-89154-4-150x113.jpeg 150w, https:\/\/mouldking.store\/wp-content\/uploads\/2022\/12\/Station-Lobby-Welcome-The-Meeting-Point-JIESTAR-89154-4-80x60.jpeg 80w, https:\/\/mouldking.store\/wp-content\/uploads\/2022\/12\/Station-Lobby-Welcome-The-Meeting-Point-JIESTAR-89154-4-120x90.jpeg 120w, https:\/\/mouldking.store\/wp-content\/uploads\/2022\/12\/Station-Lobby-Welcome-The-Meeting-Point-JIESTAR-89154-4.jpeg 1080w\" sizes=\"(max-width: 1024px) 100vw, 1024px\" \/><figcaption id=\"caption-attachment-37670\" class=\"wp-caption-text\">S\u1ea3nh nh\u00e0 ga JIESTAR 89154 Ch\u00e0o m\u1eebng \u0111i\u1ec3m g\u1eb7p g\u1ee1 v\u1edbi 2720 chi\u1ebfc<\/figcaption><\/figure>\n<figure id=\"attachment_37671\" aria-describedby=\"caption-attachment-37671\" style=\"width: 1024px\" class=\"wp-caption aligncenter\"><img loading=\"lazy\" decoding=\"async\" class=\"wp-image-37671 size-large\" src=\"https:\/\/mouldking.store\/wp-content\/uploads\/2022\/12\/Station-Lobby-Welcome-The-Meeting-Point-JIESTAR-89154-3-1024x684.jpeg\" alt=\"JIESTAR 89154 Station Lobby Welcome The Meeting Point With 2720pcs\" width=\"1024\" height=\"684\" title=\"-\" srcset=\"https:\/\/mouldking.store\/wp-content\/uploads\/2022\/12\/Station-Lobby-Welcome-The-Meeting-Point-JIESTAR-89154-3-1024x684.jpeg 1024w, https:\/\/mouldking.store\/wp-content\/uploads\/2022\/12\/Station-Lobby-Welcome-The-Meeting-Point-JIESTAR-89154-3-300x200.jpeg 300w, https:\/\/mouldking.store\/wp-content\/uploads\/2022\/12\/Station-Lobby-Welcome-The-Meeting-Point-JIESTAR-89154-3-768x513.jpeg 768w, https:\/\/mouldking.store\/wp-content\/uploads\/2022\/12\/Station-Lobby-Welcome-The-Meeting-Point-JIESTAR-89154-3-600x401.jpeg 600w, https:\/\/mouldking.store\/wp-content\/uploads\/2022\/12\/Station-Lobby-Welcome-The-Meeting-Point-JIESTAR-89154-3-150x100.jpeg 150w, https:\/\/mouldking.store\/wp-content\/uploads\/2022\/12\/Station-Lobby-Welcome-The-Meeting-Point-JIESTAR-89154-3-90x60.jpeg 90w, https:\/\/mouldking.store\/wp-content\/uploads\/2022\/12\/Station-Lobby-Welcome-The-Meeting-Point-JIESTAR-89154-3-135x90.jpeg 135w, https:\/\/mouldking.store\/wp-content\/uploads\/2022\/12\/Station-Lobby-Welcome-The-Meeting-Point-JIESTAR-89154-3.jpeg 1080w\" sizes=\"(max-width: 1024px) 100vw, 1024px\" \/><figcaption id=\"caption-attachment-37671\" class=\"wp-caption-text\">S\u1ea3nh nh\u00e0 ga JIESTAR 89154 Ch\u00e0o m\u1eebng \u0111i\u1ec3m g\u1eb7p g\u1ee1 v\u1edbi 2720 chi\u1ebfc<\/figcaption><\/figure>\n<figure id=\"attachment_37672\" aria-describedby=\"caption-attachment-37672\" style=\"width: 1024px\" class=\"wp-caption aligncenter\"><img loading=\"lazy\" decoding=\"async\" class=\"wp-image-37672 size-large\" src=\"https:\/\/mouldking.store\/wp-content\/uploads\/2022\/12\/Station-Lobby-Welcome-The-Meeting-Point-JIESTAR-89154-2-1024x683.jpeg\" alt=\"JIESTAR 89154 Station Lobby Welcome The Meeting Point With 2720pcs\" width=\"1024\" height=\"683\" title=\"-\" srcset=\"https:\/\/mouldking.store\/wp-content\/uploads\/2022\/12\/Station-Lobby-Welcome-The-Meeting-Point-JIESTAR-89154-2-1024x683.jpeg 1024w, https:\/\/mouldking.store\/wp-content\/uploads\/2022\/12\/Station-Lobby-Welcome-The-Meeting-Point-JIESTAR-89154-2-300x200.jpeg 300w, https:\/\/mouldking.store\/wp-content\/uploads\/2022\/12\/Station-Lobby-Welcome-The-Meeting-Point-JIESTAR-89154-2-768x512.jpeg 768w, https:\/\/mouldking.store\/wp-content\/uploads\/2022\/12\/Station-Lobby-Welcome-The-Meeting-Point-JIESTAR-89154-2-600x400.jpeg 600w, https:\/\/mouldking.store\/wp-content\/uploads\/2022\/12\/Station-Lobby-Welcome-The-Meeting-Point-JIESTAR-89154-2-150x100.jpeg 150w, https:\/\/mouldking.store\/wp-content\/uploads\/2022\/12\/Station-Lobby-Welcome-The-Meeting-Point-JIESTAR-89154-2-90x60.jpeg 90w, https:\/\/mouldking.store\/wp-content\/uploads\/2022\/12\/Station-Lobby-Welcome-The-Meeting-Point-JIESTAR-89154-2-135x90.jpeg 135w, https:\/\/mouldking.store\/wp-content\/uploads\/2022\/12\/Station-Lobby-Welcome-The-Meeting-Point-JIESTAR-89154-2.jpeg 1080w\" sizes=\"(max-width: 1024px) 100vw, 1024px\" \/><figcaption id=\"caption-attachment-37672\" class=\"wp-caption-text\">S\u1ea3nh nh\u00e0 ga JIESTAR 89154 Ch\u00e0o m\u1eebng \u0111i\u1ec3m g\u1eb7p g\u1ee1 v\u1edbi 2720 chi\u1ebfc<\/figcaption><\/figure>\n<figure id=\"attachment_37673\" aria-describedby=\"caption-attachment-37673\" style=\"width: 1024px\" class=\"wp-caption aligncenter\"><img loading=\"lazy\" decoding=\"async\" class=\"wp-image-37673 size-large\" src=\"https:\/\/mouldking.store\/wp-content\/uploads\/2022\/12\/Station-Lobby-Welcome-The-Meeting-Point-JIESTAR-89154-1-1024x685.jpeg\" alt=\"JIESTAR 89154 Station Lobby Welcome The Meeting Point With 2720pcs\" width=\"1024\" height=\"685\" title=\"-\" srcset=\"https:\/\/mouldking.store\/wp-content\/uploads\/2022\/12\/Station-Lobby-Welcome-The-Meeting-Point-JIESTAR-89154-1-1024x685.jpeg 1024w, https:\/\/mouldking.store\/wp-content\/uploads\/2022\/12\/Station-Lobby-Welcome-The-Meeting-Point-JIESTAR-89154-1-300x201.jpeg 300w, https:\/\/mouldking.store\/wp-content\/uploads\/2022\/12\/Station-Lobby-Welcome-The-Meeting-Point-JIESTAR-89154-1-768x513.jpeg 768w, https:\/\/mouldking.store\/wp-content\/uploads\/2022\/12\/Station-Lobby-Welcome-The-Meeting-Point-JIESTAR-89154-1-600x401.jpeg 600w, https:\/\/mouldking.store\/wp-content\/uploads\/2022\/12\/Station-Lobby-Welcome-The-Meeting-Point-JIESTAR-89154-1-150x100.jpeg 150w, https:\/\/mouldking.store\/wp-content\/uploads\/2022\/12\/Station-Lobby-Welcome-The-Meeting-Point-JIESTAR-89154-1-90x60.jpeg 90w, https:\/\/mouldking.store\/wp-content\/uploads\/2022\/12\/Station-Lobby-Welcome-The-Meeting-Point-JIESTAR-89154-1-135x90.jpeg 135w, https:\/\/mouldking.store\/wp-content\/uploads\/2022\/12\/Station-Lobby-Welcome-The-Meeting-Point-JIESTAR-89154-1.jpeg 1080w\" sizes=\"(max-width: 1024px) 100vw, 1024px\" \/><figcaption id=\"caption-attachment-37673\" class=\"wp-caption-text\">S\u1ea3nh nh\u00e0 ga JIESTAR 89154 Ch\u00e0o m\u1eebng \u0111i\u1ec3m g\u1eb7p g\u1ee1 v\u1edbi 2720 chi\u1ebfc<\/figcaption><\/figure>","protected":false},"excerpt":{"rendered":"<p>Product information: Brand: JIESTAR Gender: Unisex Name: Station Lobby Welcome The Meeting Point Age Range: &gt; 6 years old Model Number: 89154 Classification: Assemblage Plastic Block Shape: Self-Locking Bricks Material: Plastic Plastic Type: ABS Bricks Blocks:2720 PCS Size: 38 \u00d7 26 \u00d7 30 cm Contains detailed assembly instructions. Notice: 1. Without an original box, but [&hellip;]<\/p>","protected":false},"featured_media":37668,"comment_status":"closed","ping_status":"closed","template":"","meta":{"_acf_changed":false},"product_cat":[1365],"product_tag":[9263,3075,9268,9269,9262,9264,2309,9266,9267,9265],"class_list":["product","first","instock","shipping-taxable","purchasable","product-type-simple"],"acf":[],"_links":{"self":[{"href":"https:\/\/mouldking.store\/vi\/wp-json\/wp\/v2\/product\/37667","targetHints":{"allow":["GET"]}}],"collection":[{"href":"https:\/\/mouldking.store\/vi\/wp-json\/wp\/v2\/product"}],"about":[{"href":"https:\/\/mouldking.store\/vi\/wp-json\/wp\/v2\/types\/product"}],"replies":[{"embeddable":true,"href":"https:\/\/mouldking.store\/vi\/wp-json\/wp\/v2\/comments?post=37667"}],"wp:featuredmedia":[{"embeddable":true,"href":"https:\/\/mouldking.store\/vi\/wp-json\/wp\/v2\/media\/37668"}],"wp:attachment":[{"href":"https:\/\/mouldking.store\/vi\/wp-json\/wp\/v2\/media?parent=37667"}],"wp:term":[{"taxonomy":"product_cat","embeddable":true,"href":"https:\/\/mouldking.store\/vi\/wp-json\/wp\/v2\/product_cat?post=37667"},{"taxonomy":"product_tag","embeddable":true,"href":"https:\/\/mouldking.store\/vi\/wp-json\/wp\/v2\/product_tag?post=37667"}],"curies":[{"name":"wp","href":"https:\/\/api.w.org\/{rel}","templated":true}]}}