{"id":37677,"date":"2022-12-09T09:48:12","date_gmt":"2022-12-09T02:48:12","guid":{"rendered":"https:\/\/mouldking.store\/?post_type=product&#038;p=37677"},"modified":"2023-02-13T08:57:37","modified_gmt":"2023-02-13T01:57:37","slug":"pantasy-11008-igame-host-with-1000-pieces","status":"publish","type":"product","link":"https:\/\/mouldking.store\/vi\/shop\/pantasy-11008-igame-host-with-1000-pieces\/","title":{"rendered":"PANTASY 11008 IGame Host With 1000 Pieces"},"content":{"rendered":"<p>Th\u00f4ng tin s\u1ea3n ph\u1ea9m:<\/p>\n<ol>\n<li>Th\u01b0\u01a1ng hi\u1ec7u: PANTASY<\/li>\n<li>Gi\u1edbi t\u00ednh: Unisex<\/li>\n<li>Name: IGame Host<\/li>\n<li>\u0110\u1ed9 tu\u1ed5i: &gt; 6 tu\u1ed5i<\/li>\n<li>Model Number: 11008<\/li>\n<li>Ph\u00e2n lo\u1ea1i: T\u1eadp h\u1ee3p<\/li>\n<li>H\u00ecnh d\u1ea1ng kh\u1ed1i nh\u1ef1a: G\u1ea1ch t\u1ef1 kh\u00f3a<\/li>\n<li>Ch\u1ea5t li\u1ec7u: Nh\u1ef1a<\/li>\n<li>Lo\u1ea1i nh\u1ef1a: ABS<\/li>\n<li>Bricks Blocks:1000 \u00a0PCS<\/li>\n<li>Size:\u00a021 \u00d7 8.6 \u00d7 21.7 cm<\/li>\n<li>Ch\u1ee9a h\u01b0\u1edbng d\u1eabn l\u1eafp r\u00e1p chi ti\u1ebft.<\/li>\n<\/ol>\n<p>\u0110\u1ec3 \u00fd:<br \/>\n1. Kh\u00f4ng c\u00f3 h\u1ed9p ban \u0111\u1ea7u, nh\u01b0ng ch\u00fang t\u00f4i \u0111\u1ea3m b\u1ea3o s\u1ea3n ph\u1ea9m c\u1ee7a ch\u00fang t\u00f4i c\u00f3 ch\u1ea5t l\u01b0\u1ee3ng \u0111\u1ea3m b\u1ea3o v\u00e0 bao b\u00ec \u0111\u1eb9p.<br \/>\n2. V\u00ec t\u1ea5t c\u1ea3 c\u00e1c b\u1ed9 ph\u1eadn ch\u00fang t\u00f4i \u0111\u00e3 ki\u1ec3m tra tr\u01b0\u1edbc khi v\u1eadn chuy\u1ec3n, v\u00ec v\u1eady n\u1ebfu b\u1ea1n th\u1ea5y m\u1ed9t s\u1ed1 b\u1ed9 ph\u1eadn b\u1ecb thi\u1ebfu ho\u1eb7c h\u01b0 h\u1ecfng, \u0111\u1eebng lo l\u1eafng v\u00e0 ch\u1ec9 c\u1ea7n vui l\u00f2ng li\u00ean h\u1ec7 v\u1edbi ch\u00fang t\u00f4i v\u00e0 ch\u00fang t\u00f4i c\u00f3 th\u1ec3 g\u1eedi l\u1ea1i mi\u1ec5n ph\u00ed cho b\u1ea1n ngay l\u1eadp t\u1ee9c.<\/p>\n<figure id=\"attachment_37678\" aria-describedby=\"caption-attachment-37678\" style=\"width: 800px\" class=\"wp-caption aligncenter\"><img fetchpriority=\"high\" decoding=\"async\" class=\"wp-image-37678 size-full\" src=\"https:\/\/mouldking.store\/wp-content\/uploads\/2022\/12\/PANTASY-11008-iGame-9.jpg\" alt=\"PANTASY 11008 IGame Host With 1000 Pieces\" width=\"800\" height=\"800\" title=\"-\" srcset=\"https:\/\/mouldking.store\/wp-content\/uploads\/2022\/12\/PANTASY-11008-iGame-9.jpg 800w, https:\/\/mouldking.store\/wp-content\/uploads\/2022\/12\/PANTASY-11008-iGame-9-300x300.jpg 300w, https:\/\/mouldking.store\/wp-content\/uploads\/2022\/12\/PANTASY-11008-iGame-9-768x768.jpg 768w, https:\/\/mouldking.store\/wp-content\/uploads\/2022\/12\/PANTASY-11008-iGame-9-600x600.jpg 600w, https:\/\/mouldking.store\/wp-content\/uploads\/2022\/12\/PANTASY-11008-iGame-9-150x150.jpg 150w, https:\/\/mouldking.store\/wp-content\/uploads\/2022\/12\/PANTASY-11008-iGame-9-60x60.jpg 60w, https:\/\/mouldking.store\/wp-content\/uploads\/2022\/12\/PANTASY-11008-iGame-9-90x90.jpg 90w\" sizes=\"(max-width: 800px) 100vw, 800px\" \/><figcaption id=\"caption-attachment-37678\" class=\"wp-caption-text\">PANTASY 11008 IGame Host With 1000 Pieces<\/figcaption><\/figure>\n<figure id=\"attachment_37679\" aria-describedby=\"caption-attachment-37679\" style=\"width: 696px\" class=\"wp-caption aligncenter\"><img decoding=\"async\" class=\"wp-image-37679 size-full\" src=\"https:\/\/mouldking.store\/wp-content\/uploads\/2022\/12\/PANTASY-11008-iGame-8.jpg\" alt=\"PANTASY 11008 IGame Host With 1000 Pieces\" width=\"696\" height=\"1024\" title=\"-\" srcset=\"https:\/\/mouldking.store\/wp-content\/uploads\/2022\/12\/PANTASY-11008-iGame-8.jpg 696w, https:\/\/mouldking.store\/wp-content\/uploads\/2022\/12\/PANTASY-11008-iGame-8-204x300.jpg 204w, https:\/\/mouldking.store\/wp-content\/uploads\/2022\/12\/PANTASY-11008-iGame-8-300x441.jpg 300w, https:\/\/mouldking.store\/wp-content\/uploads\/2022\/12\/PANTASY-11008-iGame-8-600x883.jpg 600w, https:\/\/mouldking.store\/wp-content\/uploads\/2022\/12\/PANTASY-11008-iGame-8-102x150.jpg 102w, https:\/\/mouldking.store\/wp-content\/uploads\/2022\/12\/PANTASY-11008-iGame-8-41x60.jpg 41w, https:\/\/mouldking.store\/wp-content\/uploads\/2022\/12\/PANTASY-11008-iGame-8-61x90.jpg 61w\" sizes=\"(max-width: 696px) 100vw, 696px\" \/><figcaption id=\"caption-attachment-37679\" class=\"wp-caption-text\">PANTASY 11008 IGame Host With 1000 Pieces<\/figcaption><\/figure>\n<figure id=\"attachment_37680\" aria-describedby=\"caption-attachment-37680\" style=\"width: 746px\" class=\"wp-caption aligncenter\"><img decoding=\"async\" class=\"wp-image-37680 size-full\" src=\"https:\/\/mouldking.store\/wp-content\/uploads\/2022\/12\/PANTASY-11008-iGame-7.jpg\" alt=\"PANTASY 11008 IGame Host With 1000 Pieces\" width=\"746\" height=\"1024\" title=\"-\" srcset=\"https:\/\/mouldking.store\/wp-content\/uploads\/2022\/12\/PANTASY-11008-iGame-7.jpg 746w, https:\/\/mouldking.store\/wp-content\/uploads\/2022\/12\/PANTASY-11008-iGame-7-219x300.jpg 219w, https:\/\/mouldking.store\/wp-content\/uploads\/2022\/12\/PANTASY-11008-iGame-7-300x412.jpg 300w, https:\/\/mouldking.store\/wp-content\/uploads\/2022\/12\/PANTASY-11008-iGame-7-600x824.jpg 600w, https:\/\/mouldking.store\/wp-content\/uploads\/2022\/12\/PANTASY-11008-iGame-7-109x150.jpg 109w, https:\/\/mouldking.store\/wp-content\/uploads\/2022\/12\/PANTASY-11008-iGame-7-44x60.jpg 44w, https:\/\/mouldking.store\/wp-content\/uploads\/2022\/12\/PANTASY-11008-iGame-7-66x90.jpg 66w\" sizes=\"(max-width: 746px) 100vw, 746px\" \/><figcaption id=\"caption-attachment-37680\" class=\"wp-caption-text\">PANTASY 11008 IGame Host With 1000 Pieces<\/figcaption><\/figure>\n<figure id=\"attachment_37681\" aria-describedby=\"caption-attachment-37681\" style=\"width: 766px\" class=\"wp-caption aligncenter\"><img loading=\"lazy\" decoding=\"async\" class=\"wp-image-37681 size-full\" src=\"https:\/\/mouldking.store\/wp-content\/uploads\/2022\/12\/PANTASY-11008-iGame-6.jpg\" alt=\"PANTASY 11008 IGame Host With 1000 Pieces\" width=\"766\" height=\"1024\" title=\"-\" srcset=\"https:\/\/mouldking.store\/wp-content\/uploads\/2022\/12\/PANTASY-11008-iGame-6.jpg 766w, https:\/\/mouldking.store\/wp-content\/uploads\/2022\/12\/PANTASY-11008-iGame-6-224x300.jpg 224w, https:\/\/mouldking.store\/wp-content\/uploads\/2022\/12\/PANTASY-11008-iGame-6-300x401.jpg 300w, https:\/\/mouldking.store\/wp-content\/uploads\/2022\/12\/PANTASY-11008-iGame-6-600x802.jpg 600w, https:\/\/mouldking.store\/wp-content\/uploads\/2022\/12\/PANTASY-11008-iGame-6-112x150.jpg 112w, https:\/\/mouldking.store\/wp-content\/uploads\/2022\/12\/PANTASY-11008-iGame-6-45x60.jpg 45w, https:\/\/mouldking.store\/wp-content\/uploads\/2022\/12\/PANTASY-11008-iGame-6-67x90.jpg 67w\" sizes=\"(max-width: 766px) 100vw, 766px\" \/><figcaption id=\"caption-attachment-37681\" class=\"wp-caption-text\">PANTASY 11008 IGame Host With 1000 Pieces<\/figcaption><\/figure>\n<figure id=\"attachment_37682\" aria-describedby=\"caption-attachment-37682\" style=\"width: 808px\" class=\"wp-caption aligncenter\"><img loading=\"lazy\" decoding=\"async\" class=\"wp-image-37682 size-full\" src=\"https:\/\/mouldking.store\/wp-content\/uploads\/2022\/12\/PANTASY-11008-iGame-5.jpg\" alt=\"PANTASY 11008 IGame Host With 1000 Pieces\" width=\"808\" height=\"1024\" title=\"-\" srcset=\"https:\/\/mouldking.store\/wp-content\/uploads\/2022\/12\/PANTASY-11008-iGame-5.jpg 808w, https:\/\/mouldking.store\/wp-content\/uploads\/2022\/12\/PANTASY-11008-iGame-5-237x300.jpg 237w, https:\/\/mouldking.store\/wp-content\/uploads\/2022\/12\/PANTASY-11008-iGame-5-768x973.jpg 768w, https:\/\/mouldking.store\/wp-content\/uploads\/2022\/12\/PANTASY-11008-iGame-5-300x380.jpg 300w, https:\/\/mouldking.store\/wp-content\/uploads\/2022\/12\/PANTASY-11008-iGame-5-600x760.jpg 600w, https:\/\/mouldking.store\/wp-content\/uploads\/2022\/12\/PANTASY-11008-iGame-5-118x150.jpg 118w, https:\/\/mouldking.store\/wp-content\/uploads\/2022\/12\/PANTASY-11008-iGame-5-47x60.jpg 47w, https:\/\/mouldking.store\/wp-content\/uploads\/2022\/12\/PANTASY-11008-iGame-5-71x90.jpg 71w\" sizes=\"(max-width: 808px) 100vw, 808px\" \/><figcaption id=\"caption-attachment-37682\" class=\"wp-caption-text\">PANTASY 11008 IGame Host With 1000 Pieces<\/figcaption><\/figure>\n<figure id=\"attachment_37683\" aria-describedby=\"caption-attachment-37683\" style=\"width: 1024px\" class=\"wp-caption aligncenter\"><img loading=\"lazy\" decoding=\"async\" class=\"wp-image-37683 size-full\" src=\"https:\/\/mouldking.store\/wp-content\/uploads\/2022\/12\/PANTASY-11008-iGame-4.jpg\" alt=\"PANTASY 11008 IGame Host With 1000 Pieces\" width=\"1024\" height=\"922\" title=\"-\" srcset=\"https:\/\/mouldking.store\/wp-content\/uploads\/2022\/12\/PANTASY-11008-iGame-4.jpg 1024w, https:\/\/mouldking.store\/wp-content\/uploads\/2022\/12\/PANTASY-11008-iGame-4-300x270.jpg 300w, https:\/\/mouldking.store\/wp-content\/uploads\/2022\/12\/PANTASY-11008-iGame-4-768x692.jpg 768w, https:\/\/mouldking.store\/wp-content\/uploads\/2022\/12\/PANTASY-11008-iGame-4-600x540.jpg 600w, https:\/\/mouldking.store\/wp-content\/uploads\/2022\/12\/PANTASY-11008-iGame-4-150x135.jpg 150w, https:\/\/mouldking.store\/wp-content\/uploads\/2022\/12\/PANTASY-11008-iGame-4-67x60.jpg 67w, https:\/\/mouldking.store\/wp-content\/uploads\/2022\/12\/PANTASY-11008-iGame-4-100x90.jpg 100w\" sizes=\"(max-width: 1024px) 100vw, 1024px\" \/><figcaption id=\"caption-attachment-37683\" class=\"wp-caption-text\">PANTASY 11008 IGame Host With 1000 Pieces<\/figcaption><\/figure>\n<figure id=\"attachment_37684\" aria-describedby=\"caption-attachment-37684\" style=\"width: 1024px\" class=\"wp-caption aligncenter\"><img loading=\"lazy\" decoding=\"async\" class=\"wp-image-37684 size-full\" src=\"https:\/\/mouldking.store\/wp-content\/uploads\/2022\/12\/PANTASY-11008-iGame-3.jpg\" alt=\"PANTASY 11008 IGame Host With 1000 Pieces\" width=\"1024\" height=\"1016\" title=\"-\" srcset=\"https:\/\/mouldking.store\/wp-content\/uploads\/2022\/12\/PANTASY-11008-iGame-3.jpg 1024w, https:\/\/mouldking.store\/wp-content\/uploads\/2022\/12\/PANTASY-11008-iGame-3-300x298.jpg 300w, https:\/\/mouldking.store\/wp-content\/uploads\/2022\/12\/PANTASY-11008-iGame-3-768x762.jpg 768w, https:\/\/mouldking.store\/wp-content\/uploads\/2022\/12\/PANTASY-11008-iGame-3-600x595.jpg 600w, https:\/\/mouldking.store\/wp-content\/uploads\/2022\/12\/PANTASY-11008-iGame-3-150x150.jpg 150w, https:\/\/mouldking.store\/wp-content\/uploads\/2022\/12\/PANTASY-11008-iGame-3-60x60.jpg 60w, https:\/\/mouldking.store\/wp-content\/uploads\/2022\/12\/PANTASY-11008-iGame-3-91x90.jpg 91w\" sizes=\"(max-width: 1024px) 100vw, 1024px\" \/><figcaption id=\"caption-attachment-37684\" class=\"wp-caption-text\">PANTASY 11008 IGame Host With 1000 Pieces<\/figcaption><\/figure>\n<figure id=\"attachment_37685\" aria-describedby=\"caption-attachment-37685\" style=\"width: 1024px\" class=\"wp-caption aligncenter\"><img loading=\"lazy\" decoding=\"async\" class=\"wp-image-37685 size-full\" src=\"https:\/\/mouldking.store\/wp-content\/uploads\/2022\/12\/PANTASY-11008-iGame-2.jpg\" alt=\"PANTASY 11008 IGame Host With 1000 Pieces\" width=\"1024\" height=\"994\" title=\"-\" srcset=\"https:\/\/mouldking.store\/wp-content\/uploads\/2022\/12\/PANTASY-11008-iGame-2.jpg 1024w, https:\/\/mouldking.store\/wp-content\/uploads\/2022\/12\/PANTASY-11008-iGame-2-300x291.jpg 300w, https:\/\/mouldking.store\/wp-content\/uploads\/2022\/12\/PANTASY-11008-iGame-2-768x746.jpg 768w, https:\/\/mouldking.store\/wp-content\/uploads\/2022\/12\/PANTASY-11008-iGame-2-600x582.jpg 600w, https:\/\/mouldking.store\/wp-content\/uploads\/2022\/12\/PANTASY-11008-iGame-2-150x146.jpg 150w, https:\/\/mouldking.store\/wp-content\/uploads\/2022\/12\/PANTASY-11008-iGame-2-62x60.jpg 62w, https:\/\/mouldking.store\/wp-content\/uploads\/2022\/12\/PANTASY-11008-iGame-2-93x90.jpg 93w\" sizes=\"(max-width: 1024px) 100vw, 1024px\" \/><figcaption id=\"caption-attachment-37685\" class=\"wp-caption-text\">PANTASY 11008 IGame Host With 1000 Pieces<\/figcaption><\/figure>\n<figure id=\"attachment_37686\" aria-describedby=\"caption-attachment-37686\" style=\"width: 800px\" class=\"wp-caption aligncenter\"><img loading=\"lazy\" decoding=\"async\" class=\"wp-image-37686 size-full\" src=\"https:\/\/mouldking.store\/wp-content\/uploads\/2022\/12\/PANTASY-11008-iGame-1.jpg\" alt=\"PANTASY 11008 IGame Host With 1000 Pieces\" width=\"800\" height=\"800\" title=\"-\" srcset=\"https:\/\/mouldking.store\/wp-content\/uploads\/2022\/12\/PANTASY-11008-iGame-1.jpg 800w, https:\/\/mouldking.store\/wp-content\/uploads\/2022\/12\/PANTASY-11008-iGame-1-300x300.jpg 300w, https:\/\/mouldking.store\/wp-content\/uploads\/2022\/12\/PANTASY-11008-iGame-1-768x768.jpg 768w, https:\/\/mouldking.store\/wp-content\/uploads\/2022\/12\/PANTASY-11008-iGame-1-600x600.jpg 600w, https:\/\/mouldking.store\/wp-content\/uploads\/2022\/12\/PANTASY-11008-iGame-1-150x150.jpg 150w, https:\/\/mouldking.store\/wp-content\/uploads\/2022\/12\/PANTASY-11008-iGame-1-60x60.jpg 60w, https:\/\/mouldking.store\/wp-content\/uploads\/2022\/12\/PANTASY-11008-iGame-1-90x90.jpg 90w\" sizes=\"(max-width: 800px) 100vw, 800px\" \/><figcaption id=\"caption-attachment-37686\" class=\"wp-caption-text\">PANTASY 11008 IGame Host With 1000 Pieces<\/figcaption><\/figure>","protected":false},"excerpt":{"rendered":"<p>Product information: Brand: PANTASY Gender: Unisex Name: IGame Host Age Range: &gt; 6 years old Model Number: 11008 Classification: Assemblage Plastic Block Shape: Self-Locking Bricks Material: Plastic Plastic Type: ABS Bricks Blocks:1000 \u00a0PCS Size:\u00a021 \u00d7 8.6 \u00d7 21.7 cm Contains detailed assembly instructions. Notice: 1. Without an original box, but we guarantee our products have [&hellip;]<\/p>","protected":false},"featured_media":37678,"comment_status":"closed","ping_status":"closed","template":"","meta":{"_acf_changed":false},"product_cat":[1365],"product_tag":[9278,9280,9279,9281,6280,9282,9283,9277],"class_list":["product","first","outofstock","shipping-taxable","purchasable","product-type-simple"],"acf":[],"_links":{"self":[{"href":"https:\/\/mouldking.store\/vi\/wp-json\/wp\/v2\/product\/37677","targetHints":{"allow":["GET"]}}],"collection":[{"href":"https:\/\/mouldking.store\/vi\/wp-json\/wp\/v2\/product"}],"about":[{"href":"https:\/\/mouldking.store\/vi\/wp-json\/wp\/v2\/types\/product"}],"replies":[{"embeddable":true,"href":"https:\/\/mouldking.store\/vi\/wp-json\/wp\/v2\/comments?post=37677"}],"wp:featuredmedia":[{"embeddable":true,"href":"https:\/\/mouldking.store\/vi\/wp-json\/wp\/v2\/media\/37678"}],"wp:attachment":[{"href":"https:\/\/mouldking.store\/vi\/wp-json\/wp\/v2\/media?parent=37677"}],"wp:term":[{"taxonomy":"product_cat","embeddable":true,"href":"https:\/\/mouldking.store\/vi\/wp-json\/wp\/v2\/product_cat?post=37677"},{"taxonomy":"product_tag","embeddable":true,"href":"https:\/\/mouldking.store\/vi\/wp-json\/wp\/v2\/product_tag?post=37677"}],"curies":[{"name":"wp","href":"https:\/\/api.w.org\/{rel}","templated":true}]}}