{"id":37687,"date":"2022-12-09T09:58:07","date_gmt":"2022-12-09T02:58:07","guid":{"rendered":"https:\/\/mouldking.store\/?post_type=product&#038;p=37687"},"modified":"2022-12-09T09:58:07","modified_gmt":"2022-12-09T02:58:07","slug":"sluban-m38-b1102-kms-bismarck-battle-ship-with-1849-pieces","status":"publish","type":"product","link":"https:\/\/mouldking.store\/vi\/shop\/sluban-m38-b1102-kms-bismarck-battle-ship-with-1849-pieces\/","title":{"rendered":"T\u00e0u Chi\u1ebfn SLUBAN M38-B1102 KMS Bismarck V\u1edbi 1849 M\u1ea3nh Gh\u00e9p"},"content":{"rendered":"<p>Th\u00f4ng tin s\u1ea3n ph\u1ea9m:<\/p>\n<ol>\n<li>Th\u01b0\u01a1ng hi\u1ec7u: SLUBAN<\/li>\n<li>Gi\u1edbi t\u00ednh: Unisex<\/li>\n<li>T\u00ean: T\u00e0u chi\u1ebfn KMS Bismarck<\/li>\n<li>\u0110\u1ed9 tu\u1ed5i: &gt; 6 tu\u1ed5i<\/li>\n<li>S\u1ed1 m\u00f4 h\u00ecnh: M38-B1102<\/li>\n<li>Ph\u00e2n lo\u1ea1i: T\u1eadp h\u1ee3p<\/li>\n<li>H\u00ecnh d\u1ea1ng kh\u1ed1i nh\u1ef1a: G\u1ea1ch t\u1ef1 kh\u00f3a<\/li>\n<li>Ch\u1ea5t li\u1ec7u: Nh\u1ef1a<\/li>\n<li>Lo\u1ea1i nh\u1ef1a: ABS<\/li>\n<li>Kh\u1ed1i g\u1ea1ch: 1849 C\u00c1I<\/li>\n<li>K\u00edch th\u01b0\u1edbc: 75,2 \u00d7 7 cm<\/li>\n<li>Ch\u1ee9a h\u01b0\u1edbng d\u1eabn l\u1eafp r\u00e1p chi ti\u1ebft.<\/li>\n<\/ol>\n<p>\u0110\u1ec3 \u00fd:<br \/>\n1. Kh\u00f4ng c\u00f3 h\u1ed9p ban \u0111\u1ea7u, nh\u01b0ng ch\u00fang t\u00f4i \u0111\u1ea3m b\u1ea3o s\u1ea3n ph\u1ea9m c\u1ee7a ch\u00fang t\u00f4i c\u00f3 ch\u1ea5t l\u01b0\u1ee3ng \u0111\u1ea3m b\u1ea3o v\u00e0 bao b\u00ec \u0111\u1eb9p.<br \/>\n2. V\u00ec t\u1ea5t c\u1ea3 c\u00e1c b\u1ed9 ph\u1eadn ch\u00fang t\u00f4i \u0111\u00e3 ki\u1ec3m tra tr\u01b0\u1edbc khi v\u1eadn chuy\u1ec3n, v\u00ec v\u1eady n\u1ebfu b\u1ea1n th\u1ea5y m\u1ed9t s\u1ed1 b\u1ed9 ph\u1eadn b\u1ecb thi\u1ebfu ho\u1eb7c h\u01b0 h\u1ecfng, \u0111\u1eebng lo l\u1eafng v\u00e0 ch\u1ec9 c\u1ea7n vui l\u00f2ng li\u00ean h\u1ec7 v\u1edbi ch\u00fang t\u00f4i v\u00e0 ch\u00fang t\u00f4i c\u00f3 th\u1ec3 g\u1eedi l\u1ea1i mi\u1ec5n ph\u00ed cho b\u1ea1n ngay l\u1eadp t\u1ee9c.<\/p>\n<figure id=\"attachment_37688\" aria-describedby=\"caption-attachment-37688\" style=\"width: 800px\" class=\"wp-caption aligncenter\"><img fetchpriority=\"high\" decoding=\"async\" class=\"wp-image-37688 size-full\" src=\"https:\/\/mouldking.store\/wp-content\/uploads\/2022\/12\/SLUBAN-M38-B1102-KMS-Bismarck-9.jpg\" alt=\"SLUBAN M38-B1102 KMS Bismarck Battle Ship With 1849 Pieces\" width=\"800\" height=\"800\" title=\"-\" srcset=\"https:\/\/mouldking.store\/wp-content\/uploads\/2022\/12\/SLUBAN-M38-B1102-KMS-Bismarck-9.jpg 800w, https:\/\/mouldking.store\/wp-content\/uploads\/2022\/12\/SLUBAN-M38-B1102-KMS-Bismarck-9-300x300.jpg 300w, https:\/\/mouldking.store\/wp-content\/uploads\/2022\/12\/SLUBAN-M38-B1102-KMS-Bismarck-9-768x768.jpg 768w, https:\/\/mouldking.store\/wp-content\/uploads\/2022\/12\/SLUBAN-M38-B1102-KMS-Bismarck-9-600x600.jpg 600w, https:\/\/mouldking.store\/wp-content\/uploads\/2022\/12\/SLUBAN-M38-B1102-KMS-Bismarck-9-150x150.jpg 150w, https:\/\/mouldking.store\/wp-content\/uploads\/2022\/12\/SLUBAN-M38-B1102-KMS-Bismarck-9-60x60.jpg 60w, https:\/\/mouldking.store\/wp-content\/uploads\/2022\/12\/SLUBAN-M38-B1102-KMS-Bismarck-9-90x90.jpg 90w\" sizes=\"(max-width: 800px) 100vw, 800px\" \/><figcaption id=\"caption-attachment-37688\" class=\"wp-caption-text\">T\u00e0u Chi\u1ebfn SLUBAN M38-B1102 KMS Bismarck V\u1edbi 1849 M\u1ea3nh Gh\u00e9p<\/figcaption><\/figure>\n<figure id=\"attachment_37689\" aria-describedby=\"caption-attachment-37689\" style=\"width: 750px\" class=\"wp-caption aligncenter\"><img decoding=\"async\" class=\"wp-image-37689 size-full\" src=\"https:\/\/mouldking.store\/wp-content\/uploads\/2022\/12\/SLUBAN-M38-B1102-KMS-Bismarck-8.jpg\" alt=\"SLUBAN M38-B1102 KMS Bismarck Battle Ship With 1849 Pieces\" width=\"750\" height=\"1000\" title=\"-\" srcset=\"https:\/\/mouldking.store\/wp-content\/uploads\/2022\/12\/SLUBAN-M38-B1102-KMS-Bismarck-8.jpg 750w, https:\/\/mouldking.store\/wp-content\/uploads\/2022\/12\/SLUBAN-M38-B1102-KMS-Bismarck-8-225x300.jpg 225w, https:\/\/mouldking.store\/wp-content\/uploads\/2022\/12\/SLUBAN-M38-B1102-KMS-Bismarck-8-300x400.jpg 300w, https:\/\/mouldking.store\/wp-content\/uploads\/2022\/12\/SLUBAN-M38-B1102-KMS-Bismarck-8-600x800.jpg 600w, https:\/\/mouldking.store\/wp-content\/uploads\/2022\/12\/SLUBAN-M38-B1102-KMS-Bismarck-8-113x150.jpg 113w, https:\/\/mouldking.store\/wp-content\/uploads\/2022\/12\/SLUBAN-M38-B1102-KMS-Bismarck-8-45x60.jpg 45w, https:\/\/mouldking.store\/wp-content\/uploads\/2022\/12\/SLUBAN-M38-B1102-KMS-Bismarck-8-68x90.jpg 68w\" sizes=\"(max-width: 750px) 100vw, 750px\" \/><figcaption id=\"caption-attachment-37689\" class=\"wp-caption-text\">T\u00e0u Chi\u1ebfn SLUBAN M38-B1102 KMS Bismarck V\u1edbi 1849 M\u1ea3nh Gh\u00e9p<\/figcaption><\/figure>\n<figure id=\"attachment_37690\" aria-describedby=\"caption-attachment-37690\" style=\"width: 750px\" class=\"wp-caption aligncenter\"><img decoding=\"async\" class=\"wp-image-37690 size-full\" src=\"https:\/\/mouldking.store\/wp-content\/uploads\/2022\/12\/SLUBAN-M38-B1102-KMS-Bismarck-7.jpg\" alt=\"SLUBAN M38-B1102 KMS Bismarck Battle Ship With 1849 Pieces\" width=\"750\" height=\"1000\" title=\"-\" srcset=\"https:\/\/mouldking.store\/wp-content\/uploads\/2022\/12\/SLUBAN-M38-B1102-KMS-Bismarck-7.jpg 750w, https:\/\/mouldking.store\/wp-content\/uploads\/2022\/12\/SLUBAN-M38-B1102-KMS-Bismarck-7-225x300.jpg 225w, https:\/\/mouldking.store\/wp-content\/uploads\/2022\/12\/SLUBAN-M38-B1102-KMS-Bismarck-7-300x400.jpg 300w, https:\/\/mouldking.store\/wp-content\/uploads\/2022\/12\/SLUBAN-M38-B1102-KMS-Bismarck-7-600x800.jpg 600w, https:\/\/mouldking.store\/wp-content\/uploads\/2022\/12\/SLUBAN-M38-B1102-KMS-Bismarck-7-113x150.jpg 113w, https:\/\/mouldking.store\/wp-content\/uploads\/2022\/12\/SLUBAN-M38-B1102-KMS-Bismarck-7-45x60.jpg 45w, https:\/\/mouldking.store\/wp-content\/uploads\/2022\/12\/SLUBAN-M38-B1102-KMS-Bismarck-7-68x90.jpg 68w\" sizes=\"(max-width: 750px) 100vw, 750px\" \/><figcaption id=\"caption-attachment-37690\" class=\"wp-caption-text\">T\u00e0u Chi\u1ebfn SLUBAN M38-B1102 KMS Bismarck V\u1edbi 1849 M\u1ea3nh Gh\u00e9p<\/figcaption><\/figure>\n<figure id=\"attachment_37691\" aria-describedby=\"caption-attachment-37691\" style=\"width: 750px\" class=\"wp-caption aligncenter\"><img loading=\"lazy\" decoding=\"async\" class=\"wp-image-37691 size-full\" src=\"https:\/\/mouldking.store\/wp-content\/uploads\/2022\/12\/SLUBAN-M38-B1102-KMS-Bismarck-6.jpg\" alt=\"SLUBAN M38-B1102 KMS Bismarck Battle Ship With 1849 Pieces\" width=\"750\" height=\"1000\" title=\"-\" srcset=\"https:\/\/mouldking.store\/wp-content\/uploads\/2022\/12\/SLUBAN-M38-B1102-KMS-Bismarck-6.jpg 750w, https:\/\/mouldking.store\/wp-content\/uploads\/2022\/12\/SLUBAN-M38-B1102-KMS-Bismarck-6-225x300.jpg 225w, https:\/\/mouldking.store\/wp-content\/uploads\/2022\/12\/SLUBAN-M38-B1102-KMS-Bismarck-6-300x400.jpg 300w, https:\/\/mouldking.store\/wp-content\/uploads\/2022\/12\/SLUBAN-M38-B1102-KMS-Bismarck-6-600x800.jpg 600w, https:\/\/mouldking.store\/wp-content\/uploads\/2022\/12\/SLUBAN-M38-B1102-KMS-Bismarck-6-113x150.jpg 113w, https:\/\/mouldking.store\/wp-content\/uploads\/2022\/12\/SLUBAN-M38-B1102-KMS-Bismarck-6-45x60.jpg 45w, https:\/\/mouldking.store\/wp-content\/uploads\/2022\/12\/SLUBAN-M38-B1102-KMS-Bismarck-6-68x90.jpg 68w\" sizes=\"(max-width: 750px) 100vw, 750px\" \/><figcaption id=\"caption-attachment-37691\" class=\"wp-caption-text\">T\u00e0u Chi\u1ebfn SLUBAN M38-B1102 KMS Bismarck V\u1edbi 1849 M\u1ea3nh Gh\u00e9p<\/figcaption><\/figure>\n<figure id=\"attachment_37692\" aria-describedby=\"caption-attachment-37692\" style=\"width: 750px\" class=\"wp-caption aligncenter\"><img loading=\"lazy\" decoding=\"async\" class=\"wp-image-37692 size-full\" src=\"https:\/\/mouldking.store\/wp-content\/uploads\/2022\/12\/SLUBAN-M38-B1102-KMS-Bismarck-5.jpg\" alt=\"SLUBAN M38-B1102 KMS Bismarck Battle Ship With 1849 Pieces\" width=\"750\" height=\"1000\" title=\"-\" srcset=\"https:\/\/mouldking.store\/wp-content\/uploads\/2022\/12\/SLUBAN-M38-B1102-KMS-Bismarck-5.jpg 750w, https:\/\/mouldking.store\/wp-content\/uploads\/2022\/12\/SLUBAN-M38-B1102-KMS-Bismarck-5-225x300.jpg 225w, https:\/\/mouldking.store\/wp-content\/uploads\/2022\/12\/SLUBAN-M38-B1102-KMS-Bismarck-5-300x400.jpg 300w, https:\/\/mouldking.store\/wp-content\/uploads\/2022\/12\/SLUBAN-M38-B1102-KMS-Bismarck-5-600x800.jpg 600w, https:\/\/mouldking.store\/wp-content\/uploads\/2022\/12\/SLUBAN-M38-B1102-KMS-Bismarck-5-113x150.jpg 113w, https:\/\/mouldking.store\/wp-content\/uploads\/2022\/12\/SLUBAN-M38-B1102-KMS-Bismarck-5-45x60.jpg 45w, https:\/\/mouldking.store\/wp-content\/uploads\/2022\/12\/SLUBAN-M38-B1102-KMS-Bismarck-5-68x90.jpg 68w\" sizes=\"(max-width: 750px) 100vw, 750px\" \/><figcaption id=\"caption-attachment-37692\" class=\"wp-caption-text\">T\u00e0u Chi\u1ebfn SLUBAN M38-B1102 KMS Bismarck V\u1edbi 1849 M\u1ea3nh Gh\u00e9p<\/figcaption><\/figure>\n<figure id=\"attachment_37693\" aria-describedby=\"caption-attachment-37693\" style=\"width: 594px\" class=\"wp-caption aligncenter\"><img loading=\"lazy\" decoding=\"async\" class=\"wp-image-37693 size-full\" src=\"https:\/\/mouldking.store\/wp-content\/uploads\/2022\/12\/SLUBAN-M38-B1102-KMS-Bismarck-4.jpg\" alt=\"SLUBAN M38-B1102 KMS Bismarck Battle Ship With 1849 Pieces\" width=\"594\" height=\"1024\" title=\"-\" srcset=\"https:\/\/mouldking.store\/wp-content\/uploads\/2022\/12\/SLUBAN-M38-B1102-KMS-Bismarck-4.jpg 594w, https:\/\/mouldking.store\/wp-content\/uploads\/2022\/12\/SLUBAN-M38-B1102-KMS-Bismarck-4-174x300.jpg 174w, https:\/\/mouldking.store\/wp-content\/uploads\/2022\/12\/SLUBAN-M38-B1102-KMS-Bismarck-4-300x517.jpg 300w, https:\/\/mouldking.store\/wp-content\/uploads\/2022\/12\/SLUBAN-M38-B1102-KMS-Bismarck-4-87x150.jpg 87w, https:\/\/mouldking.store\/wp-content\/uploads\/2022\/12\/SLUBAN-M38-B1102-KMS-Bismarck-4-35x60.jpg 35w, https:\/\/mouldking.store\/wp-content\/uploads\/2022\/12\/SLUBAN-M38-B1102-KMS-Bismarck-4-52x90.jpg 52w\" sizes=\"(max-width: 594px) 100vw, 594px\" \/><figcaption id=\"caption-attachment-37693\" class=\"wp-caption-text\">T\u00e0u Chi\u1ebfn SLUBAN M38-B1102 KMS Bismarck V\u1edbi 1849 M\u1ea3nh Gh\u00e9p<\/figcaption><\/figure>\n<figure id=\"attachment_37694\" aria-describedby=\"caption-attachment-37694\" style=\"width: 741px\" class=\"wp-caption aligncenter\"><img loading=\"lazy\" decoding=\"async\" class=\"wp-image-37694 size-full\" src=\"https:\/\/mouldking.store\/wp-content\/uploads\/2022\/12\/SLUBAN-M38-B1102-KMS-Bismarck-3.jpg\" alt=\"SLUBAN M38-B1102 KMS Bismarck Battle Ship With 1849 Pieces\" width=\"741\" height=\"1024\" title=\"-\" srcset=\"https:\/\/mouldking.store\/wp-content\/uploads\/2022\/12\/SLUBAN-M38-B1102-KMS-Bismarck-3.jpg 741w, https:\/\/mouldking.store\/wp-content\/uploads\/2022\/12\/SLUBAN-M38-B1102-KMS-Bismarck-3-217x300.jpg 217w, https:\/\/mouldking.store\/wp-content\/uploads\/2022\/12\/SLUBAN-M38-B1102-KMS-Bismarck-3-300x415.jpg 300w, https:\/\/mouldking.store\/wp-content\/uploads\/2022\/12\/SLUBAN-M38-B1102-KMS-Bismarck-3-600x829.jpg 600w, https:\/\/mouldking.store\/wp-content\/uploads\/2022\/12\/SLUBAN-M38-B1102-KMS-Bismarck-3-109x150.jpg 109w, https:\/\/mouldking.store\/wp-content\/uploads\/2022\/12\/SLUBAN-M38-B1102-KMS-Bismarck-3-43x60.jpg 43w, https:\/\/mouldking.store\/wp-content\/uploads\/2022\/12\/SLUBAN-M38-B1102-KMS-Bismarck-3-65x90.jpg 65w\" sizes=\"(max-width: 741px) 100vw, 741px\" \/><figcaption id=\"caption-attachment-37694\" class=\"wp-caption-text\">T\u00e0u Chi\u1ebfn SLUBAN M38-B1102 KMS Bismarck V\u1edbi 1849 M\u1ea3nh Gh\u00e9p<\/figcaption><\/figure>\n<figure id=\"attachment_37695\" aria-describedby=\"caption-attachment-37695\" style=\"width: 790px\" class=\"wp-caption aligncenter\"><img loading=\"lazy\" decoding=\"async\" class=\"wp-image-37695 size-full\" src=\"https:\/\/mouldking.store\/wp-content\/uploads\/2022\/12\/SLUBAN-M38-B1102-KMS-Bismarck-2.jpg\" alt=\"SLUBAN M38-B1102 KMS Bismarck Battle Ship With 1849 Pieces\" width=\"790\" height=\"967\" title=\"-\" srcset=\"https:\/\/mouldking.store\/wp-content\/uploads\/2022\/12\/SLUBAN-M38-B1102-KMS-Bismarck-2.jpg 790w, https:\/\/mouldking.store\/wp-content\/uploads\/2022\/12\/SLUBAN-M38-B1102-KMS-Bismarck-2-245x300.jpg 245w, https:\/\/mouldking.store\/wp-content\/uploads\/2022\/12\/SLUBAN-M38-B1102-KMS-Bismarck-2-768x940.jpg 768w, https:\/\/mouldking.store\/wp-content\/uploads\/2022\/12\/SLUBAN-M38-B1102-KMS-Bismarck-2-300x367.jpg 300w, https:\/\/mouldking.store\/wp-content\/uploads\/2022\/12\/SLUBAN-M38-B1102-KMS-Bismarck-2-600x734.jpg 600w, https:\/\/mouldking.store\/wp-content\/uploads\/2022\/12\/SLUBAN-M38-B1102-KMS-Bismarck-2-123x150.jpg 123w, https:\/\/mouldking.store\/wp-content\/uploads\/2022\/12\/SLUBAN-M38-B1102-KMS-Bismarck-2-49x60.jpg 49w, https:\/\/mouldking.store\/wp-content\/uploads\/2022\/12\/SLUBAN-M38-B1102-KMS-Bismarck-2-74x90.jpg 74w\" sizes=\"(max-width: 790px) 100vw, 790px\" \/><figcaption id=\"caption-attachment-37695\" class=\"wp-caption-text\">T\u00e0u Chi\u1ebfn SLUBAN M38-B1102 KMS Bismarck V\u1edbi 1849 M\u1ea3nh Gh\u00e9p<\/figcaption><\/figure>\n<figure id=\"attachment_37696\" aria-describedby=\"caption-attachment-37696\" style=\"width: 694px\" class=\"wp-caption aligncenter\"><img loading=\"lazy\" decoding=\"async\" class=\"wp-image-37696 size-full\" src=\"https:\/\/mouldking.store\/wp-content\/uploads\/2022\/12\/SLUBAN-M38-B1102-KMS-Bismarck-1.jpg\" alt=\"SLUBAN M38-B1102 KMS Bismarck Battle Ship With 1849 Pieces\" width=\"694\" height=\"1024\" title=\"-\" srcset=\"https:\/\/mouldking.store\/wp-content\/uploads\/2022\/12\/SLUBAN-M38-B1102-KMS-Bismarck-1.jpg 694w, https:\/\/mouldking.store\/wp-content\/uploads\/2022\/12\/SLUBAN-M38-B1102-KMS-Bismarck-1-203x300.jpg 203w, https:\/\/mouldking.store\/wp-content\/uploads\/2022\/12\/SLUBAN-M38-B1102-KMS-Bismarck-1-300x443.jpg 300w, https:\/\/mouldking.store\/wp-content\/uploads\/2022\/12\/SLUBAN-M38-B1102-KMS-Bismarck-1-600x885.jpg 600w, https:\/\/mouldking.store\/wp-content\/uploads\/2022\/12\/SLUBAN-M38-B1102-KMS-Bismarck-1-102x150.jpg 102w, https:\/\/mouldking.store\/wp-content\/uploads\/2022\/12\/SLUBAN-M38-B1102-KMS-Bismarck-1-41x60.jpg 41w, https:\/\/mouldking.store\/wp-content\/uploads\/2022\/12\/SLUBAN-M38-B1102-KMS-Bismarck-1-61x90.jpg 61w\" sizes=\"(max-width: 694px) 100vw, 694px\" \/><figcaption id=\"caption-attachment-37696\" class=\"wp-caption-text\">T\u00e0u Chi\u1ebfn SLUBAN M38-B1102 KMS Bismarck V\u1edbi 1849 M\u1ea3nh Gh\u00e9p<\/figcaption><\/figure>","protected":false},"excerpt":{"rendered":"<p>Product information: Brand: SLUBAN Gender: Unisex Name: KMS Bismarck Battle Ship Age Range: &gt; 6 years old Model Number: M38-B1102 Classification: Assemblage Plastic Block Shape: Self-Locking Bricks Material: Plastic Plastic Type: ABS Bricks Blocks:1849 PCS Size: 75.2 \u00d7 7 cm Contains detailed assembly instructions. Notice: 1. Without an original box, but we guarantee our products [&hellip;]<\/p>","protected":false},"featured_media":37688,"comment_status":"closed","ping_status":"closed","template":"","meta":{"_acf_changed":false},"product_cat":[1350],"product_tag":[9286,9290,9289,9288,9291,9285,9287,7517,9292,9293,9284],"class_list":["product","first","instock","shipping-taxable","purchasable","product-type-simple"],"acf":[],"_links":{"self":[{"href":"https:\/\/mouldking.store\/vi\/wp-json\/wp\/v2\/product\/37687","targetHints":{"allow":["GET"]}}],"collection":[{"href":"https:\/\/mouldking.store\/vi\/wp-json\/wp\/v2\/product"}],"about":[{"href":"https:\/\/mouldking.store\/vi\/wp-json\/wp\/v2\/types\/product"}],"replies":[{"embeddable":true,"href":"https:\/\/mouldking.store\/vi\/wp-json\/wp\/v2\/comments?post=37687"}],"wp:featuredmedia":[{"embeddable":true,"href":"https:\/\/mouldking.store\/vi\/wp-json\/wp\/v2\/media\/37688"}],"wp:attachment":[{"href":"https:\/\/mouldking.store\/vi\/wp-json\/wp\/v2\/media?parent=37687"}],"wp:term":[{"taxonomy":"product_cat","embeddable":true,"href":"https:\/\/mouldking.store\/vi\/wp-json\/wp\/v2\/product_cat?post=37687"},{"taxonomy":"product_tag","embeddable":true,"href":"https:\/\/mouldking.store\/vi\/wp-json\/wp\/v2\/product_tag?post=37687"}],"curies":[{"name":"wp","href":"https:\/\/api.w.org\/{rel}","templated":true}]}}