{"id":37753,"date":"2022-12-09T10:50:56","date_gmt":"2022-12-09T03:50:56","guid":{"rendered":"https:\/\/mouldking.store\/?post_type=product&#038;p=37753"},"modified":"2025-12-25T09:12:09","modified_gmt":"2025-12-25T02:12:09","slug":"moc-124685-wing-knight-mech-suite-with-259-pieces","status":"publish","type":"product","link":"https:\/\/mouldking.store\/vi\/shop\/moc-124685-wing-knight-mech-suite-with-259-pieces\/","title":{"rendered":"MOC-124685 Wing Knight Mech Suite v\u1edbi 259 mi\u1ebfng"},"content":{"rendered":"<p>Th\u00f4ng tin s\u1ea3n ph\u1ea9m:<\/p>\n<ol>\n<li>Th\u01b0\u01a1ng hi\u1ec7u: M\u1ed8C<\/li>\n<li>Gi\u1edbi t\u00ednh: Unisex<\/li>\n<li>Name: Wing Knight Mech Suite<\/li>\n<li>\u0110\u1ed9 tu\u1ed5i: &gt; 6 tu\u1ed5i<\/li>\n<li>Model Number: 124685<\/li>\n<li>Ph\u00e2n lo\u1ea1i: T\u1eadp h\u1ee3p<\/li>\n<li>H\u00ecnh d\u1ea1ng kh\u1ed1i nh\u1ef1a: G\u1ea1ch t\u1ef1 kh\u00f3a<\/li>\n<li>Ch\u1ea5t li\u1ec7u: Nh\u1ef1a<\/li>\n<li>Lo\u1ea1i nh\u1ef1a: ABS<\/li>\n<li>Kh\u1ed1i g\u1ea1ch: 259 C\u00c1I<\/li>\n<li>Size: 10 x 10 x 14 cm<\/li>\n<li>Weight: 0.11 kg<\/li>\n<li>Ch\u1ee9a h\u01b0\u1edbng d\u1eabn l\u1eafp r\u00e1p chi ti\u1ebft.<\/li>\n<\/ol>\n<p>\u0110\u1ec3 \u00fd:<br \/>\n1. Kh\u00f4ng c\u00f3 h\u1ed9p ban \u0111\u1ea7u, nh\u01b0ng ch\u00fang t\u00f4i \u0111\u1ea3m b\u1ea3o s\u1ea3n ph\u1ea9m c\u1ee7a ch\u00fang t\u00f4i c\u00f3 ch\u1ea5t l\u01b0\u1ee3ng \u0111\u1ea3m b\u1ea3o v\u00e0 bao b\u00ec \u0111\u1eb9p.<br \/>\n2. V\u00ec t\u1ea5t c\u1ea3 c\u00e1c b\u1ed9 ph\u1eadn ch\u00fang t\u00f4i \u0111\u00e3 ki\u1ec3m tra tr\u01b0\u1edbc khi v\u1eadn chuy\u1ec3n, v\u00ec v\u1eady n\u1ebfu b\u1ea1n th\u1ea5y m\u1ed9t s\u1ed1 b\u1ed9 ph\u1eadn b\u1ecb thi\u1ebfu ho\u1eb7c h\u01b0 h\u1ecfng, \u0111\u1eebng lo l\u1eafng v\u00e0 ch\u1ec9 c\u1ea7n vui l\u00f2ng li\u00ean h\u1ec7 v\u1edbi ch\u00fang t\u00f4i v\u00e0 ch\u00fang t\u00f4i c\u00f3 th\u1ec3 g\u1eedi l\u1ea1i mi\u1ec5n ph\u00ed cho b\u1ea1n ngay l\u1eadp t\u1ee9c.<\/p>\n<figure id=\"attachment_37754\" aria-describedby=\"caption-attachment-37754\" style=\"width: 1004px\" class=\"wp-caption aligncenter\"><img fetchpriority=\"high\" decoding=\"async\" class=\"wp-image-37754 size-full\" src=\"https:\/\/mouldking.store\/wp-content\/uploads\/2022\/12\/MOC-124685-Movie-Wing-Knight-Mech-Suite-MOC-FACTORY.png\" alt=\"MOC-124685 Wing Knight Mech Suite With 259 Pieces\" width=\"1004\" height=\"1004\" title=\"-\" srcset=\"https:\/\/mouldking.store\/wp-content\/uploads\/2022\/12\/MOC-124685-Movie-Wing-Knight-Mech-Suite-MOC-FACTORY.png 1004w, https:\/\/mouldking.store\/wp-content\/uploads\/2022\/12\/MOC-124685-Movie-Wing-Knight-Mech-Suite-MOC-FACTORY-300x300.png 300w, https:\/\/mouldking.store\/wp-content\/uploads\/2022\/12\/MOC-124685-Movie-Wing-Knight-Mech-Suite-MOC-FACTORY-768x768.png 768w, https:\/\/mouldking.store\/wp-content\/uploads\/2022\/12\/MOC-124685-Movie-Wing-Knight-Mech-Suite-MOC-FACTORY-600x600.png 600w, https:\/\/mouldking.store\/wp-content\/uploads\/2022\/12\/MOC-124685-Movie-Wing-Knight-Mech-Suite-MOC-FACTORY-150x150.png 150w, https:\/\/mouldking.store\/wp-content\/uploads\/2022\/12\/MOC-124685-Movie-Wing-Knight-Mech-Suite-MOC-FACTORY-60x60.png 60w, https:\/\/mouldking.store\/wp-content\/uploads\/2022\/12\/MOC-124685-Movie-Wing-Knight-Mech-Suite-MOC-FACTORY-90x90.png 90w\" sizes=\"(max-width: 1004px) 100vw, 1004px\" \/><figcaption id=\"caption-attachment-37754\" class=\"wp-caption-text\">MOC-124685 Wing Knight Mech Suite v\u1edbi 259 mi\u1ebfng<\/figcaption><\/figure>\n<figure id=\"attachment_37755\" aria-describedby=\"caption-attachment-37755\" style=\"width: 1000px\" class=\"wp-caption aligncenter\"><img decoding=\"async\" class=\"wp-image-37755 size-full\" src=\"https:\/\/mouldking.store\/wp-content\/uploads\/2022\/12\/Wing-Knight-Mech-Suite-MOC-124685-4.jpg\" alt=\"MOC-124685 Wing Knight Mech Suite With 259 Pieces\" width=\"1000\" height=\"1000\" title=\"-\" srcset=\"https:\/\/mouldking.store\/wp-content\/uploads\/2022\/12\/Wing-Knight-Mech-Suite-MOC-124685-4.jpg 1000w, https:\/\/mouldking.store\/wp-content\/uploads\/2022\/12\/Wing-Knight-Mech-Suite-MOC-124685-4-300x300.jpg 300w, https:\/\/mouldking.store\/wp-content\/uploads\/2022\/12\/Wing-Knight-Mech-Suite-MOC-124685-4-768x768.jpg 768w, https:\/\/mouldking.store\/wp-content\/uploads\/2022\/12\/Wing-Knight-Mech-Suite-MOC-124685-4-600x600.jpg 600w, https:\/\/mouldking.store\/wp-content\/uploads\/2022\/12\/Wing-Knight-Mech-Suite-MOC-124685-4-150x150.jpg 150w, https:\/\/mouldking.store\/wp-content\/uploads\/2022\/12\/Wing-Knight-Mech-Suite-MOC-124685-4-60x60.jpg 60w, https:\/\/mouldking.store\/wp-content\/uploads\/2022\/12\/Wing-Knight-Mech-Suite-MOC-124685-4-90x90.jpg 90w\" sizes=\"(max-width: 1000px) 100vw, 1000px\" \/><figcaption id=\"caption-attachment-37755\" class=\"wp-caption-text\">MOC-124685 Wing Knight Mech Suite v\u1edbi 259 mi\u1ebfng<\/figcaption><\/figure>\n<figure id=\"attachment_37756\" aria-describedby=\"caption-attachment-37756\" style=\"width: 1000px\" class=\"wp-caption aligncenter\"><img decoding=\"async\" class=\"wp-image-37756 size-full\" src=\"https:\/\/mouldking.store\/wp-content\/uploads\/2022\/12\/Wing-Knight-Mech-Suite-MOC-124685-3.jpg\" alt=\"MOC-124685 Wing Knight Mech Suite With 259 Pieces\" width=\"1000\" height=\"1000\" title=\"-\" srcset=\"https:\/\/mouldking.store\/wp-content\/uploads\/2022\/12\/Wing-Knight-Mech-Suite-MOC-124685-3.jpg 1000w, https:\/\/mouldking.store\/wp-content\/uploads\/2022\/12\/Wing-Knight-Mech-Suite-MOC-124685-3-300x300.jpg 300w, https:\/\/mouldking.store\/wp-content\/uploads\/2022\/12\/Wing-Knight-Mech-Suite-MOC-124685-3-768x768.jpg 768w, https:\/\/mouldking.store\/wp-content\/uploads\/2022\/12\/Wing-Knight-Mech-Suite-MOC-124685-3-600x600.jpg 600w, https:\/\/mouldking.store\/wp-content\/uploads\/2022\/12\/Wing-Knight-Mech-Suite-MOC-124685-3-150x150.jpg 150w, https:\/\/mouldking.store\/wp-content\/uploads\/2022\/12\/Wing-Knight-Mech-Suite-MOC-124685-3-60x60.jpg 60w, https:\/\/mouldking.store\/wp-content\/uploads\/2022\/12\/Wing-Knight-Mech-Suite-MOC-124685-3-90x90.jpg 90w\" sizes=\"(max-width: 1000px) 100vw, 1000px\" \/><figcaption id=\"caption-attachment-37756\" class=\"wp-caption-text\">MOC-124685 Wing Knight Mech Suite v\u1edbi 259 mi\u1ebfng<\/figcaption><\/figure>\n<figure id=\"attachment_37757\" aria-describedby=\"caption-attachment-37757\" style=\"width: 1000px\" class=\"wp-caption aligncenter\"><img loading=\"lazy\" decoding=\"async\" class=\"wp-image-37757 size-full\" src=\"https:\/\/mouldking.store\/wp-content\/uploads\/2022\/12\/Wing-Knight-Mech-Suite-MOC-124685-2.jpg\" alt=\"MOC-124685 Wing Knight Mech Suite With 259 Pieces\" width=\"1000\" height=\"1000\" title=\"-\" srcset=\"https:\/\/mouldking.store\/wp-content\/uploads\/2022\/12\/Wing-Knight-Mech-Suite-MOC-124685-2.jpg 1000w, https:\/\/mouldking.store\/wp-content\/uploads\/2022\/12\/Wing-Knight-Mech-Suite-MOC-124685-2-300x300.jpg 300w, https:\/\/mouldking.store\/wp-content\/uploads\/2022\/12\/Wing-Knight-Mech-Suite-MOC-124685-2-768x768.jpg 768w, https:\/\/mouldking.store\/wp-content\/uploads\/2022\/12\/Wing-Knight-Mech-Suite-MOC-124685-2-600x600.jpg 600w, https:\/\/mouldking.store\/wp-content\/uploads\/2022\/12\/Wing-Knight-Mech-Suite-MOC-124685-2-150x150.jpg 150w, https:\/\/mouldking.store\/wp-content\/uploads\/2022\/12\/Wing-Knight-Mech-Suite-MOC-124685-2-60x60.jpg 60w, https:\/\/mouldking.store\/wp-content\/uploads\/2022\/12\/Wing-Knight-Mech-Suite-MOC-124685-2-90x90.jpg 90w\" sizes=\"(max-width: 1000px) 100vw, 1000px\" \/><figcaption id=\"caption-attachment-37757\" class=\"wp-caption-text\">MOC-124685 Wing Knight Mech Suite v\u1edbi 259 mi\u1ebfng<\/figcaption><\/figure>\n<figure id=\"attachment_37758\" aria-describedby=\"caption-attachment-37758\" style=\"width: 669px\" class=\"wp-caption aligncenter\"><img loading=\"lazy\" decoding=\"async\" class=\"wp-image-37758 size-large\" src=\"https:\/\/mouldking.store\/wp-content\/uploads\/2022\/12\/Wing-Knight-Mech-Suite-MOC-124685-1-669x1024.jpg\" alt=\"MOC-124685 Wing Knight Mech Suite With 259 Pieces\" width=\"669\" height=\"1024\" title=\"-\" srcset=\"https:\/\/mouldking.store\/wp-content\/uploads\/2022\/12\/Wing-Knight-Mech-Suite-MOC-124685-1-669x1024.jpg 669w, https:\/\/mouldking.store\/wp-content\/uploads\/2022\/12\/Wing-Knight-Mech-Suite-MOC-124685-1-196x300.jpg 196w, https:\/\/mouldking.store\/wp-content\/uploads\/2022\/12\/Wing-Knight-Mech-Suite-MOC-124685-1-768x1176.jpg 768w, https:\/\/mouldking.store\/wp-content\/uploads\/2022\/12\/Wing-Knight-Mech-Suite-MOC-124685-1-300x459.jpg 300w, https:\/\/mouldking.store\/wp-content\/uploads\/2022\/12\/Wing-Knight-Mech-Suite-MOC-124685-1-600x918.jpg 600w, https:\/\/mouldking.store\/wp-content\/uploads\/2022\/12\/Wing-Knight-Mech-Suite-MOC-124685-1-98x150.jpg 98w, https:\/\/mouldking.store\/wp-content\/uploads\/2022\/12\/Wing-Knight-Mech-Suite-MOC-124685-1-39x60.jpg 39w, https:\/\/mouldking.store\/wp-content\/uploads\/2022\/12\/Wing-Knight-Mech-Suite-MOC-124685-1-59x90.jpg 59w, https:\/\/mouldking.store\/wp-content\/uploads\/2022\/12\/Wing-Knight-Mech-Suite-MOC-124685-1.jpg 784w\" sizes=\"(max-width: 669px) 100vw, 669px\" \/><figcaption id=\"caption-attachment-37758\" class=\"wp-caption-text\">MOC-124685 Wing Knight Mech Suite v\u1edbi 259 mi\u1ebfng<\/figcaption><\/figure>","protected":false},"excerpt":{"rendered":"<p>Product information: Brand: MOC Gender: Unisex Name: Wing Knight Mech Suite Age Range: &gt; 6 years old Model Number: 124685 Classification: Assemblage Plastic Block Shape: Self-Locking Bricks Material: Plastic Plastic Type: ABS Bricks Blocks:259 PCS Size: 10 x 10 x 14 cm Weight: 0.11 kg Contains detailed assembly instructions. Notice: 1. Without an original box, [&hellip;]<\/p>","protected":false},"featured_media":37754,"comment_status":"closed","ping_status":"closed","template":"","meta":{"_acf_changed":false},"product_cat":[1406,581,1408],"product_tag":[9331,9332,430,9330,9335,9329,745,9333,9334],"class_list":["product","first","instock","shipping-taxable","purchasable","product-type-simple"],"acf":[],"_links":{"self":[{"href":"https:\/\/mouldking.store\/vi\/wp-json\/wp\/v2\/product\/37753","targetHints":{"allow":["GET"]}}],"collection":[{"href":"https:\/\/mouldking.store\/vi\/wp-json\/wp\/v2\/product"}],"about":[{"href":"https:\/\/mouldking.store\/vi\/wp-json\/wp\/v2\/types\/product"}],"replies":[{"embeddable":true,"href":"https:\/\/mouldking.store\/vi\/wp-json\/wp\/v2\/comments?post=37753"}],"wp:featuredmedia":[{"embeddable":true,"href":"https:\/\/mouldking.store\/vi\/wp-json\/wp\/v2\/media\/37754"}],"wp:attachment":[{"href":"https:\/\/mouldking.store\/vi\/wp-json\/wp\/v2\/media?parent=37753"}],"wp:term":[{"taxonomy":"product_cat","embeddable":true,"href":"https:\/\/mouldking.store\/vi\/wp-json\/wp\/v2\/product_cat?post=37753"},{"taxonomy":"product_tag","embeddable":true,"href":"https:\/\/mouldking.store\/vi\/wp-json\/wp\/v2\/product_tag?post=37753"}],"curies":[{"name":"wp","href":"https:\/\/api.w.org\/{rel}","templated":true}]}}