{"id":37759,"date":"2022-12-09T10:59:12","date_gmt":"2022-12-09T03:59:12","guid":{"rendered":"https:\/\/mouldking.store\/?post_type=product&#038;p=37759"},"modified":"2025-12-25T09:12:09","modified_gmt":"2025-12-25T02:12:09","slug":"moc-95452-rocinante-mid-scale-with-1930-pieces","status":"publish","type":"product","link":"https:\/\/mouldking.store\/vi\/shop\/moc-95452-rocinante-mid-scale-with-1930-pieces\/","title":{"rendered":"MOC-95452 Quy m\u00f4 trung b\u00ecnh Rocinante v\u1edbi 1930 mi\u1ebfng"},"content":{"rendered":"<p>Th\u00f4ng tin s\u1ea3n ph\u1ea9m:<\/p>\n<ol>\n<li>Th\u01b0\u01a1ng hi\u1ec7u: M\u1ed8C<\/li>\n<li>Gi\u1edbi t\u00ednh: Unisex<\/li>\n<li>T\u00ean: Rocinante Mid Scale<\/li>\n<li>\u0110\u1ed9 tu\u1ed5i: &gt; 6 tu\u1ed5i<\/li>\n<li>S\u1ed1 m\u00f4 h\u00ecnh: 95452<\/li>\n<li>Ph\u00e2n lo\u1ea1i: T\u1eadp h\u1ee3p<\/li>\n<li>H\u00ecnh d\u1ea1ng kh\u1ed1i nh\u1ef1a: G\u1ea1ch t\u1ef1 kh\u00f3a<\/li>\n<li>Ch\u1ea5t li\u1ec7u: Nh\u1ef1a<\/li>\n<li>Lo\u1ea1i nh\u1ef1a: ABS<\/li>\n<li>Kh\u1ed1i g\u1ea1ch: 1930 C\u00c1I<\/li>\n<li>K\u00edch th\u01b0\u1edbc: 52 x 17,6 x 25 cm<\/li>\n<li>C\u00e2n n\u1eb7ng: 1,54kg<\/li>\n<li>Ch\u1ee9a h\u01b0\u1edbng d\u1eabn l\u1eafp r\u00e1p chi ti\u1ebft.<\/li>\n<\/ol>\n<p>\u0110\u1ec3 \u00fd:<br \/>\n1. Kh\u00f4ng c\u00f3 h\u1ed9p ban \u0111\u1ea7u, nh\u01b0ng ch\u00fang t\u00f4i \u0111\u1ea3m b\u1ea3o s\u1ea3n ph\u1ea9m c\u1ee7a ch\u00fang t\u00f4i c\u00f3 ch\u1ea5t l\u01b0\u1ee3ng \u0111\u1ea3m b\u1ea3o v\u00e0 bao b\u00ec \u0111\u1eb9p.<br \/>\n2. V\u00ec t\u1ea5t c\u1ea3 c\u00e1c b\u1ed9 ph\u1eadn ch\u00fang t\u00f4i \u0111\u00e3 ki\u1ec3m tra tr\u01b0\u1edbc khi v\u1eadn chuy\u1ec3n, v\u00ec v\u1eady n\u1ebfu b\u1ea1n th\u1ea5y m\u1ed9t s\u1ed1 b\u1ed9 ph\u1eadn b\u1ecb thi\u1ebfu ho\u1eb7c h\u01b0 h\u1ecfng, \u0111\u1eebng lo l\u1eafng v\u00e0 ch\u1ec9 c\u1ea7n vui l\u00f2ng li\u00ean h\u1ec7 v\u1edbi ch\u00fang t\u00f4i v\u00e0 ch\u00fang t\u00f4i c\u00f3 th\u1ec3 g\u1eedi l\u1ea1i mi\u1ec5n ph\u00ed cho b\u1ea1n ngay l\u1eadp t\u1ee9c.<\/p>\n<figure id=\"attachment_37760\" aria-describedby=\"caption-attachment-37760\" style=\"width: 1004px\" class=\"wp-caption aligncenter\"><img fetchpriority=\"high\" decoding=\"async\" class=\"wp-image-37760 size-full\" src=\"https:\/\/mouldking.store\/wp-content\/uploads\/2022\/12\/MOC-95452-Space-Rocinante-Mid-Scale-MOC-FACTORY.png\" alt=\"MOC-95452 Rocinante Mid Scale With 1930 Pieces\" width=\"1004\" height=\"1004\" title=\"-\" srcset=\"https:\/\/mouldking.store\/wp-content\/uploads\/2022\/12\/MOC-95452-Space-Rocinante-Mid-Scale-MOC-FACTORY.png 1004w, https:\/\/mouldking.store\/wp-content\/uploads\/2022\/12\/MOC-95452-Space-Rocinante-Mid-Scale-MOC-FACTORY-300x300.png 300w, https:\/\/mouldking.store\/wp-content\/uploads\/2022\/12\/MOC-95452-Space-Rocinante-Mid-Scale-MOC-FACTORY-768x768.png 768w, https:\/\/mouldking.store\/wp-content\/uploads\/2022\/12\/MOC-95452-Space-Rocinante-Mid-Scale-MOC-FACTORY-600x600.png 600w, https:\/\/mouldking.store\/wp-content\/uploads\/2022\/12\/MOC-95452-Space-Rocinante-Mid-Scale-MOC-FACTORY-150x150.png 150w, https:\/\/mouldking.store\/wp-content\/uploads\/2022\/12\/MOC-95452-Space-Rocinante-Mid-Scale-MOC-FACTORY-60x60.png 60w, https:\/\/mouldking.store\/wp-content\/uploads\/2022\/12\/MOC-95452-Space-Rocinante-Mid-Scale-MOC-FACTORY-90x90.png 90w\" sizes=\"(max-width: 1004px) 100vw, 1004px\" \/><figcaption id=\"caption-attachment-37760\" class=\"wp-caption-text\">MOC-95452 Quy m\u00f4 trung b\u00ecnh Rocinante v\u1edbi 1930 mi\u1ebfng<\/figcaption><\/figure>\n<figure id=\"attachment_37761\" aria-describedby=\"caption-attachment-37761\" style=\"width: 1000px\" class=\"wp-caption aligncenter\"><img decoding=\"async\" class=\"wp-image-37761 size-full\" src=\"https:\/\/mouldking.store\/wp-content\/uploads\/2022\/12\/MOC-95452-Rocinante-Mid-Scale-11.jpg\" alt=\"MOC-95452 Rocinante Mid Scale With 1930 Pieces\" width=\"1000\" height=\"1000\" title=\"-\" srcset=\"https:\/\/mouldking.store\/wp-content\/uploads\/2022\/12\/MOC-95452-Rocinante-Mid-Scale-11.jpg 1000w, https:\/\/mouldking.store\/wp-content\/uploads\/2022\/12\/MOC-95452-Rocinante-Mid-Scale-11-300x300.jpg 300w, https:\/\/mouldking.store\/wp-content\/uploads\/2022\/12\/MOC-95452-Rocinante-Mid-Scale-11-768x768.jpg 768w, https:\/\/mouldking.store\/wp-content\/uploads\/2022\/12\/MOC-95452-Rocinante-Mid-Scale-11-600x600.jpg 600w, https:\/\/mouldking.store\/wp-content\/uploads\/2022\/12\/MOC-95452-Rocinante-Mid-Scale-11-150x150.jpg 150w, https:\/\/mouldking.store\/wp-content\/uploads\/2022\/12\/MOC-95452-Rocinante-Mid-Scale-11-60x60.jpg 60w, https:\/\/mouldking.store\/wp-content\/uploads\/2022\/12\/MOC-95452-Rocinante-Mid-Scale-11-90x90.jpg 90w\" sizes=\"(max-width: 1000px) 100vw, 1000px\" \/><figcaption id=\"caption-attachment-37761\" class=\"wp-caption-text\">MOC-95452 Quy m\u00f4 trung b\u00ecnh Rocinante v\u1edbi 1930 mi\u1ebfng<\/figcaption><\/figure>\n<figure id=\"attachment_37762\" aria-describedby=\"caption-attachment-37762\" style=\"width: 1000px\" class=\"wp-caption aligncenter\"><img decoding=\"async\" class=\"wp-image-37762 size-full\" src=\"https:\/\/mouldking.store\/wp-content\/uploads\/2022\/12\/MOC-95452-Rocinante-Mid-Scale-10.jpg\" alt=\"MOC-95452 Rocinante Mid Scale With 1930 Pieces\" width=\"1000\" height=\"1000\" title=\"-\" srcset=\"https:\/\/mouldking.store\/wp-content\/uploads\/2022\/12\/MOC-95452-Rocinante-Mid-Scale-10.jpg 1000w, https:\/\/mouldking.store\/wp-content\/uploads\/2022\/12\/MOC-95452-Rocinante-Mid-Scale-10-300x300.jpg 300w, https:\/\/mouldking.store\/wp-content\/uploads\/2022\/12\/MOC-95452-Rocinante-Mid-Scale-10-768x768.jpg 768w, https:\/\/mouldking.store\/wp-content\/uploads\/2022\/12\/MOC-95452-Rocinante-Mid-Scale-10-600x600.jpg 600w, https:\/\/mouldking.store\/wp-content\/uploads\/2022\/12\/MOC-95452-Rocinante-Mid-Scale-10-150x150.jpg 150w, https:\/\/mouldking.store\/wp-content\/uploads\/2022\/12\/MOC-95452-Rocinante-Mid-Scale-10-60x60.jpg 60w, https:\/\/mouldking.store\/wp-content\/uploads\/2022\/12\/MOC-95452-Rocinante-Mid-Scale-10-90x90.jpg 90w\" sizes=\"(max-width: 1000px) 100vw, 1000px\" \/><figcaption id=\"caption-attachment-37762\" class=\"wp-caption-text\">MOC-95452 Quy m\u00f4 trung b\u00ecnh Rocinante v\u1edbi 1930 mi\u1ebfng<\/figcaption><\/figure>\n<figure id=\"attachment_37763\" aria-describedby=\"caption-attachment-37763\" style=\"width: 1000px\" class=\"wp-caption aligncenter\"><img loading=\"lazy\" decoding=\"async\" class=\"wp-image-37763 size-full\" src=\"https:\/\/mouldking.store\/wp-content\/uploads\/2022\/12\/MOC-95452-Rocinante-Mid-Scale-9.jpg\" alt=\"MOC-95452 Rocinante Mid Scale With 1930 Pieces\" width=\"1000\" height=\"1000\" title=\"-\" srcset=\"https:\/\/mouldking.store\/wp-content\/uploads\/2022\/12\/MOC-95452-Rocinante-Mid-Scale-9.jpg 1000w, https:\/\/mouldking.store\/wp-content\/uploads\/2022\/12\/MOC-95452-Rocinante-Mid-Scale-9-300x300.jpg 300w, https:\/\/mouldking.store\/wp-content\/uploads\/2022\/12\/MOC-95452-Rocinante-Mid-Scale-9-768x768.jpg 768w, https:\/\/mouldking.store\/wp-content\/uploads\/2022\/12\/MOC-95452-Rocinante-Mid-Scale-9-600x600.jpg 600w, https:\/\/mouldking.store\/wp-content\/uploads\/2022\/12\/MOC-95452-Rocinante-Mid-Scale-9-150x150.jpg 150w, https:\/\/mouldking.store\/wp-content\/uploads\/2022\/12\/MOC-95452-Rocinante-Mid-Scale-9-60x60.jpg 60w, https:\/\/mouldking.store\/wp-content\/uploads\/2022\/12\/MOC-95452-Rocinante-Mid-Scale-9-90x90.jpg 90w\" sizes=\"(max-width: 1000px) 100vw, 1000px\" \/><figcaption id=\"caption-attachment-37763\" class=\"wp-caption-text\">MOC-95452 Quy m\u00f4 trung b\u00ecnh Rocinante v\u1edbi 1930 mi\u1ebfng<\/figcaption><\/figure>\n<figure id=\"attachment_37764\" aria-describedby=\"caption-attachment-37764\" style=\"width: 1000px\" class=\"wp-caption aligncenter\"><img loading=\"lazy\" decoding=\"async\" class=\"wp-image-37764 size-full\" src=\"https:\/\/mouldking.store\/wp-content\/uploads\/2022\/12\/MOC-95452-Rocinante-Mid-Scale-8.jpg\" alt=\"MOC-95452 Rocinante Mid Scale With 1930 Pieces\" width=\"1000\" height=\"1000\" title=\"-\" srcset=\"https:\/\/mouldking.store\/wp-content\/uploads\/2022\/12\/MOC-95452-Rocinante-Mid-Scale-8.jpg 1000w, https:\/\/mouldking.store\/wp-content\/uploads\/2022\/12\/MOC-95452-Rocinante-Mid-Scale-8-300x300.jpg 300w, https:\/\/mouldking.store\/wp-content\/uploads\/2022\/12\/MOC-95452-Rocinante-Mid-Scale-8-768x768.jpg 768w, https:\/\/mouldking.store\/wp-content\/uploads\/2022\/12\/MOC-95452-Rocinante-Mid-Scale-8-600x600.jpg 600w, https:\/\/mouldking.store\/wp-content\/uploads\/2022\/12\/MOC-95452-Rocinante-Mid-Scale-8-150x150.jpg 150w, https:\/\/mouldking.store\/wp-content\/uploads\/2022\/12\/MOC-95452-Rocinante-Mid-Scale-8-60x60.jpg 60w, https:\/\/mouldking.store\/wp-content\/uploads\/2022\/12\/MOC-95452-Rocinante-Mid-Scale-8-90x90.jpg 90w\" sizes=\"(max-width: 1000px) 100vw, 1000px\" \/><figcaption id=\"caption-attachment-37764\" class=\"wp-caption-text\">MOC-95452 Quy m\u00f4 trung b\u00ecnh Rocinante v\u1edbi 1930 mi\u1ebfng<\/figcaption><\/figure>\n<figure id=\"attachment_37765\" aria-describedby=\"caption-attachment-37765\" style=\"width: 1000px\" class=\"wp-caption aligncenter\"><img loading=\"lazy\" decoding=\"async\" class=\"wp-image-37765 size-full\" src=\"https:\/\/mouldking.store\/wp-content\/uploads\/2022\/12\/MOC-95452-Rocinante-Mid-Scale-7.jpg\" alt=\"MOC-95452 Rocinante Mid Scale With 1930 Pieces\" width=\"1000\" height=\"1000\" title=\"-\" srcset=\"https:\/\/mouldking.store\/wp-content\/uploads\/2022\/12\/MOC-95452-Rocinante-Mid-Scale-7.jpg 1000w, https:\/\/mouldking.store\/wp-content\/uploads\/2022\/12\/MOC-95452-Rocinante-Mid-Scale-7-300x300.jpg 300w, https:\/\/mouldking.store\/wp-content\/uploads\/2022\/12\/MOC-95452-Rocinante-Mid-Scale-7-768x768.jpg 768w, https:\/\/mouldking.store\/wp-content\/uploads\/2022\/12\/MOC-95452-Rocinante-Mid-Scale-7-600x600.jpg 600w, https:\/\/mouldking.store\/wp-content\/uploads\/2022\/12\/MOC-95452-Rocinante-Mid-Scale-7-150x150.jpg 150w, https:\/\/mouldking.store\/wp-content\/uploads\/2022\/12\/MOC-95452-Rocinante-Mid-Scale-7-60x60.jpg 60w, https:\/\/mouldking.store\/wp-content\/uploads\/2022\/12\/MOC-95452-Rocinante-Mid-Scale-7-90x90.jpg 90w\" sizes=\"(max-width: 1000px) 100vw, 1000px\" \/><figcaption id=\"caption-attachment-37765\" class=\"wp-caption-text\">MOC-95452 Quy m\u00f4 trung b\u00ecnh Rocinante v\u1edbi 1930 mi\u1ebfng<\/figcaption><\/figure>\n<figure id=\"attachment_37766\" aria-describedby=\"caption-attachment-37766\" style=\"width: 1000px\" class=\"wp-caption aligncenter\"><img loading=\"lazy\" decoding=\"async\" class=\"wp-image-37766 size-full\" src=\"https:\/\/mouldking.store\/wp-content\/uploads\/2022\/12\/MOC-95452-Rocinante-Mid-Scale-6.jpg\" alt=\"MOC-95452 Rocinante Mid Scale With 1930 Pieces\" width=\"1000\" height=\"1000\" title=\"-\" srcset=\"https:\/\/mouldking.store\/wp-content\/uploads\/2022\/12\/MOC-95452-Rocinante-Mid-Scale-6.jpg 1000w, https:\/\/mouldking.store\/wp-content\/uploads\/2022\/12\/MOC-95452-Rocinante-Mid-Scale-6-300x300.jpg 300w, https:\/\/mouldking.store\/wp-content\/uploads\/2022\/12\/MOC-95452-Rocinante-Mid-Scale-6-768x768.jpg 768w, https:\/\/mouldking.store\/wp-content\/uploads\/2022\/12\/MOC-95452-Rocinante-Mid-Scale-6-600x600.jpg 600w, https:\/\/mouldking.store\/wp-content\/uploads\/2022\/12\/MOC-95452-Rocinante-Mid-Scale-6-150x150.jpg 150w, https:\/\/mouldking.store\/wp-content\/uploads\/2022\/12\/MOC-95452-Rocinante-Mid-Scale-6-60x60.jpg 60w, https:\/\/mouldking.store\/wp-content\/uploads\/2022\/12\/MOC-95452-Rocinante-Mid-Scale-6-90x90.jpg 90w\" sizes=\"(max-width: 1000px) 100vw, 1000px\" \/><figcaption id=\"caption-attachment-37766\" class=\"wp-caption-text\">MOC-95452 Quy m\u00f4 trung b\u00ecnh Rocinante v\u1edbi 1930 mi\u1ebfng<\/figcaption><\/figure>\n<figure id=\"attachment_37767\" aria-describedby=\"caption-attachment-37767\" style=\"width: 1000px\" class=\"wp-caption aligncenter\"><img loading=\"lazy\" decoding=\"async\" class=\"wp-image-37767 size-full\" src=\"https:\/\/mouldking.store\/wp-content\/uploads\/2022\/12\/MOC-95452-Rocinante-Mid-Scale-5.jpg\" alt=\"MOC-95452 Rocinante Mid Scale With 1930 Pieces\" width=\"1000\" height=\"1000\" title=\"-\" srcset=\"https:\/\/mouldking.store\/wp-content\/uploads\/2022\/12\/MOC-95452-Rocinante-Mid-Scale-5.jpg 1000w, https:\/\/mouldking.store\/wp-content\/uploads\/2022\/12\/MOC-95452-Rocinante-Mid-Scale-5-300x300.jpg 300w, https:\/\/mouldking.store\/wp-content\/uploads\/2022\/12\/MOC-95452-Rocinante-Mid-Scale-5-768x768.jpg 768w, https:\/\/mouldking.store\/wp-content\/uploads\/2022\/12\/MOC-95452-Rocinante-Mid-Scale-5-600x600.jpg 600w, https:\/\/mouldking.store\/wp-content\/uploads\/2022\/12\/MOC-95452-Rocinante-Mid-Scale-5-150x150.jpg 150w, https:\/\/mouldking.store\/wp-content\/uploads\/2022\/12\/MOC-95452-Rocinante-Mid-Scale-5-60x60.jpg 60w, https:\/\/mouldking.store\/wp-content\/uploads\/2022\/12\/MOC-95452-Rocinante-Mid-Scale-5-90x90.jpg 90w\" sizes=\"(max-width: 1000px) 100vw, 1000px\" \/><figcaption id=\"caption-attachment-37767\" class=\"wp-caption-text\">MOC-95452 Quy m\u00f4 trung b\u00ecnh Rocinante v\u1edbi 1930 mi\u1ebfng<\/figcaption><\/figure>\n<figure id=\"attachment_37768\" aria-describedby=\"caption-attachment-37768\" style=\"width: 1000px\" class=\"wp-caption aligncenter\"><img loading=\"lazy\" decoding=\"async\" class=\"wp-image-37768 size-full\" src=\"https:\/\/mouldking.store\/wp-content\/uploads\/2022\/12\/MOC-95452-Rocinante-Mid-Scale-4.jpg\" alt=\"MOC-95452 Rocinante Mid Scale With 1930 Pieces\" width=\"1000\" height=\"1000\" title=\"-\" srcset=\"https:\/\/mouldking.store\/wp-content\/uploads\/2022\/12\/MOC-95452-Rocinante-Mid-Scale-4.jpg 1000w, https:\/\/mouldking.store\/wp-content\/uploads\/2022\/12\/MOC-95452-Rocinante-Mid-Scale-4-300x300.jpg 300w, https:\/\/mouldking.store\/wp-content\/uploads\/2022\/12\/MOC-95452-Rocinante-Mid-Scale-4-768x768.jpg 768w, https:\/\/mouldking.store\/wp-content\/uploads\/2022\/12\/MOC-95452-Rocinante-Mid-Scale-4-600x600.jpg 600w, https:\/\/mouldking.store\/wp-content\/uploads\/2022\/12\/MOC-95452-Rocinante-Mid-Scale-4-150x150.jpg 150w, https:\/\/mouldking.store\/wp-content\/uploads\/2022\/12\/MOC-95452-Rocinante-Mid-Scale-4-60x60.jpg 60w, https:\/\/mouldking.store\/wp-content\/uploads\/2022\/12\/MOC-95452-Rocinante-Mid-Scale-4-90x90.jpg 90w\" sizes=\"(max-width: 1000px) 100vw, 1000px\" \/><figcaption id=\"caption-attachment-37768\" class=\"wp-caption-text\">MOC-95452 Quy m\u00f4 trung b\u00ecnh Rocinante v\u1edbi 1930 mi\u1ebfng<\/figcaption><\/figure>\n<figure id=\"attachment_37769\" aria-describedby=\"caption-attachment-37769\" style=\"width: 819px\" class=\"wp-caption aligncenter\"><img loading=\"lazy\" decoding=\"async\" class=\"wp-image-37769 size-large\" src=\"https:\/\/mouldking.store\/wp-content\/uploads\/2022\/12\/MOC-95452-Rocinante-Mid-Scale-3-819x1024.jpeg\" alt=\"MOC-95452 Rocinante Mid Scale With 1930 Pieces\" width=\"819\" height=\"1024\" title=\"-\" srcset=\"https:\/\/mouldking.store\/wp-content\/uploads\/2022\/12\/MOC-95452-Rocinante-Mid-Scale-3-819x1024.jpeg 819w, https:\/\/mouldking.store\/wp-content\/uploads\/2022\/12\/MOC-95452-Rocinante-Mid-Scale-3-240x300.jpeg 240w, https:\/\/mouldking.store\/wp-content\/uploads\/2022\/12\/MOC-95452-Rocinante-Mid-Scale-3-768x960.jpeg 768w, https:\/\/mouldking.store\/wp-content\/uploads\/2022\/12\/MOC-95452-Rocinante-Mid-Scale-3-300x375.jpeg 300w, https:\/\/mouldking.store\/wp-content\/uploads\/2022\/12\/MOC-95452-Rocinante-Mid-Scale-3-600x750.jpeg 600w, https:\/\/mouldking.store\/wp-content\/uploads\/2022\/12\/MOC-95452-Rocinante-Mid-Scale-3-120x150.jpeg 120w, https:\/\/mouldking.store\/wp-content\/uploads\/2022\/12\/MOC-95452-Rocinante-Mid-Scale-3-48x60.jpeg 48w, https:\/\/mouldking.store\/wp-content\/uploads\/2022\/12\/MOC-95452-Rocinante-Mid-Scale-3-72x90.jpeg 72w, https:\/\/mouldking.store\/wp-content\/uploads\/2022\/12\/MOC-95452-Rocinante-Mid-Scale-3.jpeg 960w\" sizes=\"(max-width: 819px) 100vw, 819px\" \/><figcaption id=\"caption-attachment-37769\" class=\"wp-caption-text\">MOC-95452 Quy m\u00f4 trung b\u00ecnh Rocinante v\u1edbi 1930 mi\u1ebfng<\/figcaption><\/figure>\n<figure id=\"attachment_37770\" aria-describedby=\"caption-attachment-37770\" style=\"width: 819px\" class=\"wp-caption aligncenter\"><img loading=\"lazy\" decoding=\"async\" class=\"wp-image-37770 size-large\" src=\"https:\/\/mouldking.store\/wp-content\/uploads\/2022\/12\/MOC-95452-Rocinante-Mid-Scale-2-819x1024.jpeg\" alt=\"MOC-95452 Rocinante Mid Scale With 1930 Pieces\" width=\"819\" height=\"1024\" title=\"-\" srcset=\"https:\/\/mouldking.store\/wp-content\/uploads\/2022\/12\/MOC-95452-Rocinante-Mid-Scale-2-819x1024.jpeg 819w, https:\/\/mouldking.store\/wp-content\/uploads\/2022\/12\/MOC-95452-Rocinante-Mid-Scale-2-240x300.jpeg 240w, https:\/\/mouldking.store\/wp-content\/uploads\/2022\/12\/MOC-95452-Rocinante-Mid-Scale-2-768x960.jpeg 768w, https:\/\/mouldking.store\/wp-content\/uploads\/2022\/12\/MOC-95452-Rocinante-Mid-Scale-2-300x375.jpeg 300w, https:\/\/mouldking.store\/wp-content\/uploads\/2022\/12\/MOC-95452-Rocinante-Mid-Scale-2-600x750.jpeg 600w, https:\/\/mouldking.store\/wp-content\/uploads\/2022\/12\/MOC-95452-Rocinante-Mid-Scale-2-120x150.jpeg 120w, https:\/\/mouldking.store\/wp-content\/uploads\/2022\/12\/MOC-95452-Rocinante-Mid-Scale-2-48x60.jpeg 48w, https:\/\/mouldking.store\/wp-content\/uploads\/2022\/12\/MOC-95452-Rocinante-Mid-Scale-2-72x90.jpeg 72w, https:\/\/mouldking.store\/wp-content\/uploads\/2022\/12\/MOC-95452-Rocinante-Mid-Scale-2.jpeg 960w\" sizes=\"(max-width: 819px) 100vw, 819px\" \/><figcaption id=\"caption-attachment-37770\" class=\"wp-caption-text\">MOC-95452 Quy m\u00f4 trung b\u00ecnh Rocinante v\u1edbi 1930 mi\u1ebfng<\/figcaption><\/figure>\n<figure id=\"attachment_37771\" aria-describedby=\"caption-attachment-37771\" style=\"width: 737px\" class=\"wp-caption aligncenter\"><img loading=\"lazy\" decoding=\"async\" class=\"wp-image-37771 size-large\" src=\"https:\/\/mouldking.store\/wp-content\/uploads\/2022\/12\/MOC-95452-Rocinante-Mid-Scale-1-737x1024.jpg\" alt=\"MOC-95452 Rocinante Mid Scale With 1930 Pieces\" width=\"737\" height=\"1024\" title=\"-\" srcset=\"https:\/\/mouldking.store\/wp-content\/uploads\/2022\/12\/MOC-95452-Rocinante-Mid-Scale-1-737x1024.jpg 737w, https:\/\/mouldking.store\/wp-content\/uploads\/2022\/12\/MOC-95452-Rocinante-Mid-Scale-1-216x300.jpg 216w, https:\/\/mouldking.store\/wp-content\/uploads\/2022\/12\/MOC-95452-Rocinante-Mid-Scale-1-768x1067.jpg 768w, https:\/\/mouldking.store\/wp-content\/uploads\/2022\/12\/MOC-95452-Rocinante-Mid-Scale-1-300x417.jpg 300w, https:\/\/mouldking.store\/wp-content\/uploads\/2022\/12\/MOC-95452-Rocinante-Mid-Scale-1-600x833.jpg 600w, https:\/\/mouldking.store\/wp-content\/uploads\/2022\/12\/MOC-95452-Rocinante-Mid-Scale-1-108x150.jpg 108w, https:\/\/mouldking.store\/wp-content\/uploads\/2022\/12\/MOC-95452-Rocinante-Mid-Scale-1-43x60.jpg 43w, https:\/\/mouldking.store\/wp-content\/uploads\/2022\/12\/MOC-95452-Rocinante-Mid-Scale-1-65x90.jpg 65w, https:\/\/mouldking.store\/wp-content\/uploads\/2022\/12\/MOC-95452-Rocinante-Mid-Scale-1.jpg 864w\" sizes=\"(max-width: 737px) 100vw, 737px\" \/><figcaption id=\"caption-attachment-37771\" class=\"wp-caption-text\">MOC-95452 Quy m\u00f4 trung b\u00ecnh Rocinante v\u1edbi 1930 mi\u1ebfng<\/figcaption><\/figure>","protected":false},"excerpt":{"rendered":"<p>Product information: Brand: MOC Gender: Unisex Name: Rocinante Mid Scale Age Range: &gt; 6 years old Model Number: 95452 Classification: Assemblage Plastic Block Shape: Self-Locking Bricks Material: Plastic Plastic Type: ABS Bricks Blocks:1930 PCS Size: 52 x 17.6 x 25 cm Weight: 1.54 kg Contains detailed assembly instructions. Notice: 1. Without an original box, but [&hellip;]<\/p>","protected":false},"featured_media":37760,"comment_status":"closed","ping_status":"closed","template":"","meta":{"_acf_changed":false},"product_cat":[1406,6016],"product_tag":[9339,430,9337,9341,9336,9338,9340],"class_list":["product","first","instock","shipping-taxable","purchasable","product-type-simple"],"acf":[],"_links":{"self":[{"href":"https:\/\/mouldking.store\/vi\/wp-json\/wp\/v2\/product\/37759","targetHints":{"allow":["GET"]}}],"collection":[{"href":"https:\/\/mouldking.store\/vi\/wp-json\/wp\/v2\/product"}],"about":[{"href":"https:\/\/mouldking.store\/vi\/wp-json\/wp\/v2\/types\/product"}],"replies":[{"embeddable":true,"href":"https:\/\/mouldking.store\/vi\/wp-json\/wp\/v2\/comments?post=37759"}],"wp:featuredmedia":[{"embeddable":true,"href":"https:\/\/mouldking.store\/vi\/wp-json\/wp\/v2\/media\/37760"}],"wp:attachment":[{"href":"https:\/\/mouldking.store\/vi\/wp-json\/wp\/v2\/media?parent=37759"}],"wp:term":[{"taxonomy":"product_cat","embeddable":true,"href":"https:\/\/mouldking.store\/vi\/wp-json\/wp\/v2\/product_cat?post=37759"},{"taxonomy":"product_tag","embeddable":true,"href":"https:\/\/mouldking.store\/vi\/wp-json\/wp\/v2\/product_tag?post=37759"}],"curies":[{"name":"wp","href":"https:\/\/api.w.org\/{rel}","templated":true}]}}