{"id":37793,"date":"2022-12-09T17:39:25","date_gmt":"2022-12-09T10:39:25","guid":{"rendered":"https:\/\/mouldking.store\/?post_type=product&#038;p=37793"},"modified":"2022-12-09T17:39:27","modified_gmt":"2022-12-09T10:39:27","slug":"king-80013-nasa-apollo-saturn-v-21309","status":"publish","type":"product","link":"https:\/\/mouldking.store\/vi\/shop\/king-80013-nasa-apollo-saturn-v-21309\/","title":{"rendered":"KING 80013 NASA Apollo Saturn V 21309"},"content":{"rendered":"<p><strong>B\u1ed8 S\u1ea2N PH\u1ea8M N\u00c0Y CH\u1ee8A<\/strong><\/p>\n<ul>\n<li>1.900 vi\u00ean g\u1ea1ch ch\u1ea5t l\u01b0\u1ee3ng<\/li>\n<li>K\u00edch th\u01b0\u1edbc\uff1a \u0110\u01b0\u1eddng k\u00ednh : 40 cm H : 100 cm<\/li>\n<li>Ch\u1ee9a h\u01b0\u1edbng d\u1eabn s\u1eed d\u1ee5ng h\u01b0\u1edbng d\u1eabn<\/li>\n<\/ul>\n<h4><strong>H\u01af\u1edaNG D\u1eaaN C\u00c0I \u0110\u1eb6T\u00a0<\/strong><\/h4>\n<p>T\u1ea5t c\u1ea3 c\u00e1c b\u1ed9 ph\u1eadn \u0111\u1ec1u \u0111\u01b0\u1ee3c ki\u1ec3m tra ch\u1ea5t l\u01b0\u1ee3ng tr\u01b0\u1edbc khi v\u1eadn chuy\u1ec3n, v\u00ec v\u1eady n\u1ebfu b\u1ea1n th\u1ea5y m\u1ed9t s\u1ed1 b\u1ed9 ph\u1eadn b\u1ecb thi\u1ebfu ho\u1eb7c h\u01b0 h\u1ecfng, \u0111\u1eebng lo l\u1eafng. Vui l\u00f2ng li\u00ean h\u1ec7 v\u1edbi ch\u00fang t\u00f4i v\u00e0 ch\u00fang t\u00f4i s\u1ebd g\u1eedi ch\u00fang cho b\u1ea1n ngay l\u1eadp t\u1ee9c mi\u1ec5n ph\u00ed.<\/p>\n<p>&nbsp;<\/p>\n<figure id=\"attachment_37796\" aria-describedby=\"caption-attachment-37796\" style=\"width: 800px\" class=\"wp-caption aligncenter\"><img fetchpriority=\"high\" decoding=\"async\" class=\"wp-image-37796 size-full\" src=\"https:\/\/mouldking.store\/wp-content\/uploads\/2022\/12\/KING-80013-NASA-Apollo-Saturn-V-21309-1.jpg\" alt=\"KING 80013 NASA Apollo Saturn V 21309\" width=\"800\" height=\"800\" title=\"-\" srcset=\"https:\/\/mouldking.store\/wp-content\/uploads\/2022\/12\/KING-80013-NASA-Apollo-Saturn-V-21309-1.jpg 800w, https:\/\/mouldking.store\/wp-content\/uploads\/2022\/12\/KING-80013-NASA-Apollo-Saturn-V-21309-1-300x300.jpg 300w, https:\/\/mouldking.store\/wp-content\/uploads\/2022\/12\/KING-80013-NASA-Apollo-Saturn-V-21309-1-768x768.jpg 768w, https:\/\/mouldking.store\/wp-content\/uploads\/2022\/12\/KING-80013-NASA-Apollo-Saturn-V-21309-1-600x600.jpg 600w, https:\/\/mouldking.store\/wp-content\/uploads\/2022\/12\/KING-80013-NASA-Apollo-Saturn-V-21309-1-150x150.jpg 150w, https:\/\/mouldking.store\/wp-content\/uploads\/2022\/12\/KING-80013-NASA-Apollo-Saturn-V-21309-1-60x60.jpg 60w, https:\/\/mouldking.store\/wp-content\/uploads\/2022\/12\/KING-80013-NASA-Apollo-Saturn-V-21309-1-90x90.jpg 90w\" sizes=\"(max-width: 800px) 100vw, 800px\" \/><figcaption id=\"caption-attachment-37796\" class=\"wp-caption-text\">KING 80013 NASA Apollo Saturn V 21309<\/figcaption><\/figure>\n<figure id=\"attachment_37795\" aria-describedby=\"caption-attachment-37795\" style=\"width: 800px\" class=\"wp-caption aligncenter\"><img decoding=\"async\" class=\"wp-image-37795 size-full\" src=\"https:\/\/mouldking.store\/wp-content\/uploads\/2022\/12\/KING-80013-NASA-Apollo-Saturn-V-21309-4.jpg\" alt=\"KING 80013 NASA Apollo Saturn V 21309\" width=\"800\" height=\"800\" title=\"-\" srcset=\"https:\/\/mouldking.store\/wp-content\/uploads\/2022\/12\/KING-80013-NASA-Apollo-Saturn-V-21309-4.jpg 800w, https:\/\/mouldking.store\/wp-content\/uploads\/2022\/12\/KING-80013-NASA-Apollo-Saturn-V-21309-4-300x300.jpg 300w, https:\/\/mouldking.store\/wp-content\/uploads\/2022\/12\/KING-80013-NASA-Apollo-Saturn-V-21309-4-768x768.jpg 768w, https:\/\/mouldking.store\/wp-content\/uploads\/2022\/12\/KING-80013-NASA-Apollo-Saturn-V-21309-4-600x600.jpg 600w, https:\/\/mouldking.store\/wp-content\/uploads\/2022\/12\/KING-80013-NASA-Apollo-Saturn-V-21309-4-150x150.jpg 150w, https:\/\/mouldking.store\/wp-content\/uploads\/2022\/12\/KING-80013-NASA-Apollo-Saturn-V-21309-4-60x60.jpg 60w, https:\/\/mouldking.store\/wp-content\/uploads\/2022\/12\/KING-80013-NASA-Apollo-Saturn-V-21309-4-90x90.jpg 90w\" sizes=\"(max-width: 800px) 100vw, 800px\" \/><figcaption id=\"caption-attachment-37795\" class=\"wp-caption-text\">KING 80013 NASA Apollo Saturn V 21309<\/figcaption><\/figure>\n<figure id=\"attachment_37794\" aria-describedby=\"caption-attachment-37794\" style=\"width: 800px\" class=\"wp-caption aligncenter\"><img decoding=\"async\" class=\"wp-image-37794 size-full\" src=\"https:\/\/mouldking.store\/wp-content\/uploads\/2022\/12\/KING-80013-NASA-Apollo-Saturn-V-21309-3.jpg\" alt=\"KING 80013 NASA Apollo Saturn V 21309\" width=\"800\" height=\"800\" title=\"-\" srcset=\"https:\/\/mouldking.store\/wp-content\/uploads\/2022\/12\/KING-80013-NASA-Apollo-Saturn-V-21309-3.jpg 800w, https:\/\/mouldking.store\/wp-content\/uploads\/2022\/12\/KING-80013-NASA-Apollo-Saturn-V-21309-3-300x300.jpg 300w, https:\/\/mouldking.store\/wp-content\/uploads\/2022\/12\/KING-80013-NASA-Apollo-Saturn-V-21309-3-768x768.jpg 768w, https:\/\/mouldking.store\/wp-content\/uploads\/2022\/12\/KING-80013-NASA-Apollo-Saturn-V-21309-3-600x600.jpg 600w, https:\/\/mouldking.store\/wp-content\/uploads\/2022\/12\/KING-80013-NASA-Apollo-Saturn-V-21309-3-150x150.jpg 150w, https:\/\/mouldking.store\/wp-content\/uploads\/2022\/12\/KING-80013-NASA-Apollo-Saturn-V-21309-3-60x60.jpg 60w, https:\/\/mouldking.store\/wp-content\/uploads\/2022\/12\/KING-80013-NASA-Apollo-Saturn-V-21309-3-90x90.jpg 90w\" sizes=\"(max-width: 800px) 100vw, 800px\" \/><figcaption id=\"caption-attachment-37794\" class=\"wp-caption-text\">KING 80013 NASA Apollo Saturn V 21309<\/figcaption><\/figure>\n<figure id=\"attachment_37797\" aria-describedby=\"caption-attachment-37797\" style=\"width: 800px\" class=\"wp-caption aligncenter\"><img loading=\"lazy\" decoding=\"async\" class=\"wp-image-37797 size-full\" src=\"https:\/\/mouldking.store\/wp-content\/uploads\/2022\/12\/KING-80013-NASA-Apollo-Saturn-V-21309-2.jpg\" alt=\"KING 80013 NASA Apollo Saturn V 21309\" width=\"800\" height=\"800\" title=\"-\" srcset=\"https:\/\/mouldking.store\/wp-content\/uploads\/2022\/12\/KING-80013-NASA-Apollo-Saturn-V-21309-2.jpg 800w, https:\/\/mouldking.store\/wp-content\/uploads\/2022\/12\/KING-80013-NASA-Apollo-Saturn-V-21309-2-300x300.jpg 300w, https:\/\/mouldking.store\/wp-content\/uploads\/2022\/12\/KING-80013-NASA-Apollo-Saturn-V-21309-2-768x768.jpg 768w, https:\/\/mouldking.store\/wp-content\/uploads\/2022\/12\/KING-80013-NASA-Apollo-Saturn-V-21309-2-600x600.jpg 600w, https:\/\/mouldking.store\/wp-content\/uploads\/2022\/12\/KING-80013-NASA-Apollo-Saturn-V-21309-2-150x150.jpg 150w, https:\/\/mouldking.store\/wp-content\/uploads\/2022\/12\/KING-80013-NASA-Apollo-Saturn-V-21309-2-60x60.jpg 60w, https:\/\/mouldking.store\/wp-content\/uploads\/2022\/12\/KING-80013-NASA-Apollo-Saturn-V-21309-2-90x90.jpg 90w\" sizes=\"(max-width: 800px) 100vw, 800px\" \/><figcaption id=\"caption-attachment-37797\" class=\"wp-caption-text\">KING 80013 NASA Apollo Saturn V 21309<\/figcaption><\/figure>\n<p>&nbsp;<\/p>","protected":false},"excerpt":{"rendered":"<p>THIS KIT CONTAINS 1,900 PCS Quality Bricks Size\uff1a Diameter : 40 cm\u00a0 \u00a0H :100 cm Contain manual instruction guide INSTALLATION GUIDE\u00a0 All parts are quality-checked before shipping, so if you find some missing or damaged parts, don\u2019t worry.\u00a0 Please contact us and we will send them to you immediately free of charge. &nbsp; &nbsp;<\/p>","protected":false},"featured_media":37796,"comment_status":"closed","ping_status":"closed","template":"","meta":{"_acf_changed":false},"product_cat":[6016],"product_tag":[9357,5173,9354,9353,6111,9356,9355],"class_list":["product","first","instock","shipping-taxable","purchasable","product-type-simple"],"acf":[],"_links":{"self":[{"href":"https:\/\/mouldking.store\/vi\/wp-json\/wp\/v2\/product\/37793","targetHints":{"allow":["GET"]}}],"collection":[{"href":"https:\/\/mouldking.store\/vi\/wp-json\/wp\/v2\/product"}],"about":[{"href":"https:\/\/mouldking.store\/vi\/wp-json\/wp\/v2\/types\/product"}],"replies":[{"embeddable":true,"href":"https:\/\/mouldking.store\/vi\/wp-json\/wp\/v2\/comments?post=37793"}],"wp:featuredmedia":[{"embeddable":true,"href":"https:\/\/mouldking.store\/vi\/wp-json\/wp\/v2\/media\/37796"}],"wp:attachment":[{"href":"https:\/\/mouldking.store\/vi\/wp-json\/wp\/v2\/media?parent=37793"}],"wp:term":[{"taxonomy":"product_cat","embeddable":true,"href":"https:\/\/mouldking.store\/vi\/wp-json\/wp\/v2\/product_cat?post=37793"},{"taxonomy":"product_tag","embeddable":true,"href":"https:\/\/mouldking.store\/vi\/wp-json\/wp\/v2\/product_tag?post=37793"}],"curies":[{"name":"wp","href":"https:\/\/api.w.org\/{rel}","templated":true}]}}