{"id":37839,"date":"2022-12-14T10:13:43","date_gmt":"2022-12-14T03:13:43","guid":{"rendered":"https:\/\/mouldking.store\/?post_type=product&#038;p=37839"},"modified":"2022-12-14T10:13:45","modified_gmt":"2022-12-14T03:13:45","slug":"mork-10208-the-deers-bubble-tea-shop-the-alley-with-3423pcs","status":"publish","type":"product","link":"https:\/\/mouldking.store\/vi\/shop\/mork-10208-the-deers-bubble-tea-shop-the-alley-with-3423pcs\/","title":{"rendered":"Mork 10208 The Deers Bubble Tea Shop The Alley With 3423pcs"},"content":{"rendered":"<p>Th\u00f4ng tin s\u1ea3n ph\u1ea9m:<\/p>\n<ol>\n<li>Th\u01b0\u01a1ng hi\u1ec7u: Morks<\/li>\n<li>Gi\u1edbi t\u00ednh: Unisex<\/li>\n<li>Name: The Deers Bubble Tea Shop The Alley<\/li>\n<li>\u0110\u1ed9 tu\u1ed5i: &gt; 6 tu\u1ed5i<\/li>\n<li>Model Number: 10208<\/li>\n<li>Ph\u00e2n lo\u1ea1i: T\u1eadp h\u1ee3p<\/li>\n<li>H\u00ecnh d\u1ea1ng kh\u1ed1i nh\u1ef1a: G\u1ea1ch t\u1ef1 kh\u00f3a<\/li>\n<li>Ch\u1ea5t li\u1ec7u: Nh\u1ef1a<\/li>\n<li>Lo\u1ea1i nh\u1ef1a: ABS<\/li>\n<li>Bricks Blocks:3423PCS<\/li>\n<li>Size: 25.6 \u00d7 25.6 \u00d7 32.5 cm<\/li>\n<li>Ch\u1ee9a h\u01b0\u1edbng d\u1eabn l\u1eafp r\u00e1p chi ti\u1ebft.<\/li>\n<\/ol>\n<p>\u0110\u1ec3 \u00fd:<br \/>\n1. Kh\u00f4ng c\u00f3 h\u1ed9p ban \u0111\u1ea7u, nh\u01b0ng ch\u00fang t\u00f4i \u0111\u1ea3m b\u1ea3o s\u1ea3n ph\u1ea9m c\u1ee7a ch\u00fang t\u00f4i c\u00f3 ch\u1ea5t l\u01b0\u1ee3ng \u0111\u1ea3m b\u1ea3o v\u00e0 bao b\u00ec \u0111\u1eb9p.<br \/>\n2. V\u00ec t\u1ea5t c\u1ea3 c\u00e1c b\u1ed9 ph\u1eadn ch\u00fang t\u00f4i \u0111\u00e3 ki\u1ec3m tra tr\u01b0\u1edbc khi v\u1eadn chuy\u1ec3n, v\u00ec v\u1eady n\u1ebfu b\u1ea1n th\u1ea5y m\u1ed9t s\u1ed1 b\u1ed9 ph\u1eadn b\u1ecb thi\u1ebfu ho\u1eb7c h\u01b0 h\u1ecfng, \u0111\u1eebng lo l\u1eafng v\u00e0 ch\u1ec9 c\u1ea7n vui l\u00f2ng li\u00ean h\u1ec7 v\u1edbi ch\u00fang t\u00f4i v\u00e0 ch\u00fang t\u00f4i c\u00f3 th\u1ec3 g\u1eedi l\u1ea1i mi\u1ec5n ph\u00ed cho b\u1ea1n ngay l\u1eadp t\u1ee9c.<\/p>\n<figure id=\"attachment_37840\" aria-describedby=\"caption-attachment-37840\" style=\"width: 800px\" class=\"wp-caption aligncenter\"><img fetchpriority=\"high\" decoding=\"async\" class=\"wp-image-37840 size-full\" src=\"https:\/\/mouldking.store\/wp-content\/uploads\/2022\/12\/The-Deers-Bubble-Tea-Shop-The-Alley-Mork-10208-10.jpg\" alt=\"Mork 10208 The Deers Bubble Tea Shop The Alley With 3423pcs\" width=\"800\" height=\"800\" title=\"-\" srcset=\"https:\/\/mouldking.store\/wp-content\/uploads\/2022\/12\/The-Deers-Bubble-Tea-Shop-The-Alley-Mork-10208-10.jpg 800w, https:\/\/mouldking.store\/wp-content\/uploads\/2022\/12\/The-Deers-Bubble-Tea-Shop-The-Alley-Mork-10208-10-300x300.jpg 300w, https:\/\/mouldking.store\/wp-content\/uploads\/2022\/12\/The-Deers-Bubble-Tea-Shop-The-Alley-Mork-10208-10-768x768.jpg 768w, https:\/\/mouldking.store\/wp-content\/uploads\/2022\/12\/The-Deers-Bubble-Tea-Shop-The-Alley-Mork-10208-10-600x600.jpg 600w, https:\/\/mouldking.store\/wp-content\/uploads\/2022\/12\/The-Deers-Bubble-Tea-Shop-The-Alley-Mork-10208-10-150x150.jpg 150w, https:\/\/mouldking.store\/wp-content\/uploads\/2022\/12\/The-Deers-Bubble-Tea-Shop-The-Alley-Mork-10208-10-60x60.jpg 60w, https:\/\/mouldking.store\/wp-content\/uploads\/2022\/12\/The-Deers-Bubble-Tea-Shop-The-Alley-Mork-10208-10-90x90.jpg 90w\" sizes=\"(max-width: 800px) 100vw, 800px\" \/><figcaption id=\"caption-attachment-37840\" class=\"wp-caption-text\">Mork 10208 The Deers Bubble Tea Shop The Alley With 3423pcs<\/figcaption><\/figure>\n<figure id=\"attachment_37841\" aria-describedby=\"caption-attachment-37841\" style=\"width: 800px\" class=\"wp-caption aligncenter\"><img decoding=\"async\" class=\"wp-image-37841 size-full\" src=\"https:\/\/mouldking.store\/wp-content\/uploads\/2022\/12\/The-Deers-Bubble-Tea-Shop-The-Alley-Mork-10208-9.jpg\" alt=\"Mork 10208 The Deers Bubble Tea Shop The Alley With 3423pcs\" width=\"800\" height=\"800\" title=\"-\" srcset=\"https:\/\/mouldking.store\/wp-content\/uploads\/2022\/12\/The-Deers-Bubble-Tea-Shop-The-Alley-Mork-10208-9.jpg 800w, https:\/\/mouldking.store\/wp-content\/uploads\/2022\/12\/The-Deers-Bubble-Tea-Shop-The-Alley-Mork-10208-9-300x300.jpg 300w, https:\/\/mouldking.store\/wp-content\/uploads\/2022\/12\/The-Deers-Bubble-Tea-Shop-The-Alley-Mork-10208-9-768x768.jpg 768w, https:\/\/mouldking.store\/wp-content\/uploads\/2022\/12\/The-Deers-Bubble-Tea-Shop-The-Alley-Mork-10208-9-600x600.jpg 600w, https:\/\/mouldking.store\/wp-content\/uploads\/2022\/12\/The-Deers-Bubble-Tea-Shop-The-Alley-Mork-10208-9-150x150.jpg 150w, https:\/\/mouldking.store\/wp-content\/uploads\/2022\/12\/The-Deers-Bubble-Tea-Shop-The-Alley-Mork-10208-9-60x60.jpg 60w, https:\/\/mouldking.store\/wp-content\/uploads\/2022\/12\/The-Deers-Bubble-Tea-Shop-The-Alley-Mork-10208-9-90x90.jpg 90w\" sizes=\"(max-width: 800px) 100vw, 800px\" \/><figcaption id=\"caption-attachment-37841\" class=\"wp-caption-text\">Mork 10208 The Deers Bubble Tea Shop The Alley With 3423pcs<\/figcaption><\/figure>\n<figure id=\"attachment_37842\" aria-describedby=\"caption-attachment-37842\" style=\"width: 800px\" class=\"wp-caption aligncenter\"><img decoding=\"async\" class=\"wp-image-37842 size-full\" src=\"https:\/\/mouldking.store\/wp-content\/uploads\/2022\/12\/The-Deers-Bubble-Tea-Shop-The-Alley-Mork-10208-8.jpg\" alt=\"Mork 10208 The Deers Bubble Tea Shop The Alley With 3423pcs\" width=\"800\" height=\"800\" title=\"-\" srcset=\"https:\/\/mouldking.store\/wp-content\/uploads\/2022\/12\/The-Deers-Bubble-Tea-Shop-The-Alley-Mork-10208-8.jpg 800w, https:\/\/mouldking.store\/wp-content\/uploads\/2022\/12\/The-Deers-Bubble-Tea-Shop-The-Alley-Mork-10208-8-300x300.jpg 300w, https:\/\/mouldking.store\/wp-content\/uploads\/2022\/12\/The-Deers-Bubble-Tea-Shop-The-Alley-Mork-10208-8-768x768.jpg 768w, https:\/\/mouldking.store\/wp-content\/uploads\/2022\/12\/The-Deers-Bubble-Tea-Shop-The-Alley-Mork-10208-8-600x600.jpg 600w, https:\/\/mouldking.store\/wp-content\/uploads\/2022\/12\/The-Deers-Bubble-Tea-Shop-The-Alley-Mork-10208-8-150x150.jpg 150w, https:\/\/mouldking.store\/wp-content\/uploads\/2022\/12\/The-Deers-Bubble-Tea-Shop-The-Alley-Mork-10208-8-60x60.jpg 60w, https:\/\/mouldking.store\/wp-content\/uploads\/2022\/12\/The-Deers-Bubble-Tea-Shop-The-Alley-Mork-10208-8-90x90.jpg 90w\" sizes=\"(max-width: 800px) 100vw, 800px\" \/><figcaption id=\"caption-attachment-37842\" class=\"wp-caption-text\">Mork 10208 The Deers Bubble Tea Shop The Alley With 3423pcs<\/figcaption><\/figure>\n<figure id=\"attachment_37843\" aria-describedby=\"caption-attachment-37843\" style=\"width: 800px\" class=\"wp-caption aligncenter\"><img loading=\"lazy\" decoding=\"async\" class=\"wp-image-37843 size-full\" src=\"https:\/\/mouldking.store\/wp-content\/uploads\/2022\/12\/The-Deers-Bubble-Tea-Shop-The-Alley-Mork-10208-7.jpg\" alt=\"Mork 10208 The Deers Bubble Tea Shop The Alley With 3423pcs\" width=\"800\" height=\"800\" title=\"-\" srcset=\"https:\/\/mouldking.store\/wp-content\/uploads\/2022\/12\/The-Deers-Bubble-Tea-Shop-The-Alley-Mork-10208-7.jpg 800w, https:\/\/mouldking.store\/wp-content\/uploads\/2022\/12\/The-Deers-Bubble-Tea-Shop-The-Alley-Mork-10208-7-300x300.jpg 300w, https:\/\/mouldking.store\/wp-content\/uploads\/2022\/12\/The-Deers-Bubble-Tea-Shop-The-Alley-Mork-10208-7-768x768.jpg 768w, https:\/\/mouldking.store\/wp-content\/uploads\/2022\/12\/The-Deers-Bubble-Tea-Shop-The-Alley-Mork-10208-7-600x600.jpg 600w, https:\/\/mouldking.store\/wp-content\/uploads\/2022\/12\/The-Deers-Bubble-Tea-Shop-The-Alley-Mork-10208-7-150x150.jpg 150w, https:\/\/mouldking.store\/wp-content\/uploads\/2022\/12\/The-Deers-Bubble-Tea-Shop-The-Alley-Mork-10208-7-60x60.jpg 60w, https:\/\/mouldking.store\/wp-content\/uploads\/2022\/12\/The-Deers-Bubble-Tea-Shop-The-Alley-Mork-10208-7-90x90.jpg 90w\" sizes=\"(max-width: 800px) 100vw, 800px\" \/><figcaption id=\"caption-attachment-37843\" class=\"wp-caption-text\">Mork 10208 The Deers Bubble Tea Shop The Alley With 3423pcs<\/figcaption><\/figure>\n<figure id=\"attachment_37844\" aria-describedby=\"caption-attachment-37844\" style=\"width: 800px\" class=\"wp-caption aligncenter\"><img loading=\"lazy\" decoding=\"async\" class=\"wp-image-37844 size-full\" src=\"https:\/\/mouldking.store\/wp-content\/uploads\/2022\/12\/The-Deers-Bubble-Tea-Shop-The-Alley-Mork-10208-6.jpg\" alt=\"Mork 10208 The Deers Bubble Tea Shop The Alley With 3423pcs\" width=\"800\" height=\"800\" title=\"-\" srcset=\"https:\/\/mouldking.store\/wp-content\/uploads\/2022\/12\/The-Deers-Bubble-Tea-Shop-The-Alley-Mork-10208-6.jpg 800w, https:\/\/mouldking.store\/wp-content\/uploads\/2022\/12\/The-Deers-Bubble-Tea-Shop-The-Alley-Mork-10208-6-300x300.jpg 300w, https:\/\/mouldking.store\/wp-content\/uploads\/2022\/12\/The-Deers-Bubble-Tea-Shop-The-Alley-Mork-10208-6-768x768.jpg 768w, https:\/\/mouldking.store\/wp-content\/uploads\/2022\/12\/The-Deers-Bubble-Tea-Shop-The-Alley-Mork-10208-6-600x600.jpg 600w, https:\/\/mouldking.store\/wp-content\/uploads\/2022\/12\/The-Deers-Bubble-Tea-Shop-The-Alley-Mork-10208-6-150x150.jpg 150w, https:\/\/mouldking.store\/wp-content\/uploads\/2022\/12\/The-Deers-Bubble-Tea-Shop-The-Alley-Mork-10208-6-60x60.jpg 60w, https:\/\/mouldking.store\/wp-content\/uploads\/2022\/12\/The-Deers-Bubble-Tea-Shop-The-Alley-Mork-10208-6-90x90.jpg 90w\" sizes=\"(max-width: 800px) 100vw, 800px\" \/><figcaption id=\"caption-attachment-37844\" class=\"wp-caption-text\">Mork 10208 The Deers Bubble Tea Shop The Alley With 3423pcs<\/figcaption><\/figure>\n<figure id=\"attachment_37845\" aria-describedby=\"caption-attachment-37845\" style=\"width: 800px\" class=\"wp-caption aligncenter\"><img loading=\"lazy\" decoding=\"async\" class=\"wp-image-37845 size-full\" src=\"https:\/\/mouldking.store\/wp-content\/uploads\/2022\/12\/The-Deers-Bubble-Tea-Shop-The-Alley-Mork-10208-5.jpg\" alt=\"Mork 10208 The Deers Bubble Tea Shop The Alley With 3423pcs\" width=\"800\" height=\"800\" title=\"-\" srcset=\"https:\/\/mouldking.store\/wp-content\/uploads\/2022\/12\/The-Deers-Bubble-Tea-Shop-The-Alley-Mork-10208-5.jpg 800w, https:\/\/mouldking.store\/wp-content\/uploads\/2022\/12\/The-Deers-Bubble-Tea-Shop-The-Alley-Mork-10208-5-300x300.jpg 300w, https:\/\/mouldking.store\/wp-content\/uploads\/2022\/12\/The-Deers-Bubble-Tea-Shop-The-Alley-Mork-10208-5-768x768.jpg 768w, https:\/\/mouldking.store\/wp-content\/uploads\/2022\/12\/The-Deers-Bubble-Tea-Shop-The-Alley-Mork-10208-5-600x600.jpg 600w, https:\/\/mouldking.store\/wp-content\/uploads\/2022\/12\/The-Deers-Bubble-Tea-Shop-The-Alley-Mork-10208-5-150x150.jpg 150w, https:\/\/mouldking.store\/wp-content\/uploads\/2022\/12\/The-Deers-Bubble-Tea-Shop-The-Alley-Mork-10208-5-60x60.jpg 60w, https:\/\/mouldking.store\/wp-content\/uploads\/2022\/12\/The-Deers-Bubble-Tea-Shop-The-Alley-Mork-10208-5-90x90.jpg 90w\" sizes=\"(max-width: 800px) 100vw, 800px\" \/><figcaption id=\"caption-attachment-37845\" class=\"wp-caption-text\">Mork 10208 The Deers Bubble Tea Shop The Alley With 3423pcs<\/figcaption><\/figure>\n<figure id=\"attachment_37846\" aria-describedby=\"caption-attachment-37846\" style=\"width: 800px\" class=\"wp-caption aligncenter\"><img loading=\"lazy\" decoding=\"async\" class=\"wp-image-37846 size-full\" src=\"https:\/\/mouldking.store\/wp-content\/uploads\/2022\/12\/The-Deers-Bubble-Tea-Shop-The-Alley-Mork-10208-4.jpg\" alt=\"Mork 10208 The Deers Bubble Tea Shop The Alley With 3423pcs\" width=\"800\" height=\"800\" title=\"-\" srcset=\"https:\/\/mouldking.store\/wp-content\/uploads\/2022\/12\/The-Deers-Bubble-Tea-Shop-The-Alley-Mork-10208-4.jpg 800w, https:\/\/mouldking.store\/wp-content\/uploads\/2022\/12\/The-Deers-Bubble-Tea-Shop-The-Alley-Mork-10208-4-300x300.jpg 300w, https:\/\/mouldking.store\/wp-content\/uploads\/2022\/12\/The-Deers-Bubble-Tea-Shop-The-Alley-Mork-10208-4-768x768.jpg 768w, https:\/\/mouldking.store\/wp-content\/uploads\/2022\/12\/The-Deers-Bubble-Tea-Shop-The-Alley-Mork-10208-4-600x600.jpg 600w, https:\/\/mouldking.store\/wp-content\/uploads\/2022\/12\/The-Deers-Bubble-Tea-Shop-The-Alley-Mork-10208-4-150x150.jpg 150w, https:\/\/mouldking.store\/wp-content\/uploads\/2022\/12\/The-Deers-Bubble-Tea-Shop-The-Alley-Mork-10208-4-60x60.jpg 60w, https:\/\/mouldking.store\/wp-content\/uploads\/2022\/12\/The-Deers-Bubble-Tea-Shop-The-Alley-Mork-10208-4-90x90.jpg 90w\" sizes=\"(max-width: 800px) 100vw, 800px\" \/><figcaption id=\"caption-attachment-37846\" class=\"wp-caption-text\">Mork 10208 The Deers Bubble Tea Shop The Alley With 3423pcs<\/figcaption><\/figure>\n<figure id=\"attachment_37847\" aria-describedby=\"caption-attachment-37847\" style=\"width: 800px\" class=\"wp-caption aligncenter\"><img loading=\"lazy\" decoding=\"async\" class=\"wp-image-37847 size-full\" src=\"https:\/\/mouldking.store\/wp-content\/uploads\/2022\/12\/The-Deers-Bubble-Tea-Shop-The-Alley-Mork-10208-3.jpg\" alt=\"Mork 10208 The Deers Bubble Tea Shop The Alley With 3423pcs\" width=\"800\" height=\"800\" title=\"-\" srcset=\"https:\/\/mouldking.store\/wp-content\/uploads\/2022\/12\/The-Deers-Bubble-Tea-Shop-The-Alley-Mork-10208-3.jpg 800w, https:\/\/mouldking.store\/wp-content\/uploads\/2022\/12\/The-Deers-Bubble-Tea-Shop-The-Alley-Mork-10208-3-300x300.jpg 300w, https:\/\/mouldking.store\/wp-content\/uploads\/2022\/12\/The-Deers-Bubble-Tea-Shop-The-Alley-Mork-10208-3-768x768.jpg 768w, https:\/\/mouldking.store\/wp-content\/uploads\/2022\/12\/The-Deers-Bubble-Tea-Shop-The-Alley-Mork-10208-3-600x600.jpg 600w, https:\/\/mouldking.store\/wp-content\/uploads\/2022\/12\/The-Deers-Bubble-Tea-Shop-The-Alley-Mork-10208-3-150x150.jpg 150w, https:\/\/mouldking.store\/wp-content\/uploads\/2022\/12\/The-Deers-Bubble-Tea-Shop-The-Alley-Mork-10208-3-60x60.jpg 60w, https:\/\/mouldking.store\/wp-content\/uploads\/2022\/12\/The-Deers-Bubble-Tea-Shop-The-Alley-Mork-10208-3-90x90.jpg 90w\" sizes=\"(max-width: 800px) 100vw, 800px\" \/><figcaption id=\"caption-attachment-37847\" class=\"wp-caption-text\">Mork 10208 The Deers Bubble Tea Shop The Alley With 3423pcs<\/figcaption><\/figure>\n<figure id=\"attachment_37848\" aria-describedby=\"caption-attachment-37848\" style=\"width: 800px\" class=\"wp-caption aligncenter\"><img loading=\"lazy\" decoding=\"async\" class=\"wp-image-37848 size-full\" src=\"https:\/\/mouldking.store\/wp-content\/uploads\/2022\/12\/The-Deers-Bubble-Tea-Shop-The-Alley-Mork-10208-2.jpg\" alt=\"Mork 10208 The Deers Bubble Tea Shop The Alley With 3423pcs\" width=\"800\" height=\"800\" title=\"-\" srcset=\"https:\/\/mouldking.store\/wp-content\/uploads\/2022\/12\/The-Deers-Bubble-Tea-Shop-The-Alley-Mork-10208-2.jpg 800w, https:\/\/mouldking.store\/wp-content\/uploads\/2022\/12\/The-Deers-Bubble-Tea-Shop-The-Alley-Mork-10208-2-300x300.jpg 300w, https:\/\/mouldking.store\/wp-content\/uploads\/2022\/12\/The-Deers-Bubble-Tea-Shop-The-Alley-Mork-10208-2-768x768.jpg 768w, https:\/\/mouldking.store\/wp-content\/uploads\/2022\/12\/The-Deers-Bubble-Tea-Shop-The-Alley-Mork-10208-2-600x600.jpg 600w, https:\/\/mouldking.store\/wp-content\/uploads\/2022\/12\/The-Deers-Bubble-Tea-Shop-The-Alley-Mork-10208-2-150x150.jpg 150w, https:\/\/mouldking.store\/wp-content\/uploads\/2022\/12\/The-Deers-Bubble-Tea-Shop-The-Alley-Mork-10208-2-60x60.jpg 60w, https:\/\/mouldking.store\/wp-content\/uploads\/2022\/12\/The-Deers-Bubble-Tea-Shop-The-Alley-Mork-10208-2-90x90.jpg 90w\" sizes=\"(max-width: 800px) 100vw, 800px\" \/><figcaption id=\"caption-attachment-37848\" class=\"wp-caption-text\">Mork 10208 The Deers Bubble Tea Shop The Alley With 3423pcs<\/figcaption><\/figure>\n<figure id=\"attachment_37849\" aria-describedby=\"caption-attachment-37849\" style=\"width: 800px\" class=\"wp-caption aligncenter\"><img loading=\"lazy\" decoding=\"async\" class=\"wp-image-37849 size-full\" src=\"https:\/\/mouldking.store\/wp-content\/uploads\/2022\/12\/The-Deers-Bubble-Tea-Shop-The-Alley-Mork-10208-1.jpg\" alt=\"Mork 10208 The Deers Bubble Tea Shop The Alley With 3423pcs\" width=\"800\" height=\"800\" title=\"-\" srcset=\"https:\/\/mouldking.store\/wp-content\/uploads\/2022\/12\/The-Deers-Bubble-Tea-Shop-The-Alley-Mork-10208-1.jpg 800w, https:\/\/mouldking.store\/wp-content\/uploads\/2022\/12\/The-Deers-Bubble-Tea-Shop-The-Alley-Mork-10208-1-300x300.jpg 300w, https:\/\/mouldking.store\/wp-content\/uploads\/2022\/12\/The-Deers-Bubble-Tea-Shop-The-Alley-Mork-10208-1-768x768.jpg 768w, https:\/\/mouldking.store\/wp-content\/uploads\/2022\/12\/The-Deers-Bubble-Tea-Shop-The-Alley-Mork-10208-1-600x600.jpg 600w, https:\/\/mouldking.store\/wp-content\/uploads\/2022\/12\/The-Deers-Bubble-Tea-Shop-The-Alley-Mork-10208-1-150x150.jpg 150w, https:\/\/mouldking.store\/wp-content\/uploads\/2022\/12\/The-Deers-Bubble-Tea-Shop-The-Alley-Mork-10208-1-60x60.jpg 60w, https:\/\/mouldking.store\/wp-content\/uploads\/2022\/12\/The-Deers-Bubble-Tea-Shop-The-Alley-Mork-10208-1-90x90.jpg 90w\" sizes=\"(max-width: 800px) 100vw, 800px\" \/><figcaption id=\"caption-attachment-37849\" class=\"wp-caption-text\">Mork 10208 The Deers Bubble Tea Shop The Alley With 3423pcs<\/figcaption><\/figure>","protected":false},"excerpt":{"rendered":"<p>Product information: Brand: Mork Gender: Unisex Name: The Deers Bubble Tea Shop The Alley Age Range: &gt; 6 years old Model Number: 10208 Classification: Assemblage Plastic Block Shape: Self-Locking Bricks Material: Plastic Plastic Type: ABS Bricks Blocks:3423PCS Size: 25.6 \u00d7 25.6 \u00d7 32.5 cm Contains detailed assembly instructions. Notice: 1. Without an original box, but [&hellip;]<\/p>","protected":false},"featured_media":37840,"comment_status":"closed","ping_status":"closed","template":"","meta":{"_acf_changed":false},"product_cat":[1365],"product_tag":[9359,9361,9363,2352,9366,9358,1711,9362,9360,9364,9365],"class_list":["product","first","instock","shipping-taxable","purchasable","product-type-simple"],"acf":[],"_links":{"self":[{"href":"https:\/\/mouldking.store\/vi\/wp-json\/wp\/v2\/product\/37839","targetHints":{"allow":["GET"]}}],"collection":[{"href":"https:\/\/mouldking.store\/vi\/wp-json\/wp\/v2\/product"}],"about":[{"href":"https:\/\/mouldking.store\/vi\/wp-json\/wp\/v2\/types\/product"}],"replies":[{"embeddable":true,"href":"https:\/\/mouldking.store\/vi\/wp-json\/wp\/v2\/comments?post=37839"}],"wp:featuredmedia":[{"embeddable":true,"href":"https:\/\/mouldking.store\/vi\/wp-json\/wp\/v2\/media\/37840"}],"wp:attachment":[{"href":"https:\/\/mouldking.store\/vi\/wp-json\/wp\/v2\/media?parent=37839"}],"wp:term":[{"taxonomy":"product_cat","embeddable":true,"href":"https:\/\/mouldking.store\/vi\/wp-json\/wp\/v2\/product_cat?post=37839"},{"taxonomy":"product_tag","embeddable":true,"href":"https:\/\/mouldking.store\/vi\/wp-json\/wp\/v2\/product_tag?post=37839"}],"curies":[{"name":"wp","href":"https:\/\/api.w.org\/{rel}","templated":true}]}}