{"id":37850,"date":"2022-12-14T10:20:19","date_gmt":"2022-12-14T03:20:19","guid":{"rendered":"https:\/\/mouldking.store\/?post_type=product&#038;p=37850"},"modified":"2022-12-14T10:20:19","modified_gmt":"2022-12-14T03:20:19","slug":"cada-c66010-japanese-wabi-sabi-tea-house-with-1200pcs","status":"publish","type":"product","link":"https:\/\/mouldking.store\/vi\/shop\/cada-c66010-japanese-wabi-sabi-tea-house-with-1200pcs\/","title":{"rendered":"CaDa C66010 Qu\u00e1n tr\u00e0 Wabi-sabi Nh\u1eadt B\u1ea3n V\u1edbi 1200 C\u00c1I"},"content":{"rendered":"<p>Th\u00f4ng tin s\u1ea3n ph\u1ea9m:<\/p>\n<ol>\n<li>Th\u01b0\u01a1ng hi\u1ec7u: CaDa<\/li>\n<li>Gi\u1edbi t\u00ednh: Unisex<\/li>\n<li>Name: Japanese Wabi-sabi Tea House<\/li>\n<li>\u0110\u1ed9 tu\u1ed5i: &gt; 6 tu\u1ed5i<\/li>\n<li>Model Number: C66010<\/li>\n<li>Ph\u00e2n lo\u1ea1i: T\u1eadp h\u1ee3p<\/li>\n<li>H\u00ecnh d\u1ea1ng kh\u1ed1i nh\u1ef1a: G\u1ea1ch t\u1ef1 kh\u00f3a<\/li>\n<li>Ch\u1ea5t li\u1ec7u: Nh\u1ef1a<\/li>\n<li>Lo\u1ea1i nh\u1ef1a: ABS<\/li>\n<li>Bricks Blocks:1200PCS<\/li>\n<li>Size: 20 \u00d7 13 \u00d7 23 cm<\/li>\n<li>Ch\u1ee9a h\u01b0\u1edbng d\u1eabn l\u1eafp r\u00e1p chi ti\u1ebft.<\/li>\n<\/ol>\n<p>\u0110\u1ec3 \u00fd:<br \/>\n1. Kh\u00f4ng c\u00f3 h\u1ed9p ban \u0111\u1ea7u, nh\u01b0ng ch\u00fang t\u00f4i \u0111\u1ea3m b\u1ea3o s\u1ea3n ph\u1ea9m c\u1ee7a ch\u00fang t\u00f4i c\u00f3 ch\u1ea5t l\u01b0\u1ee3ng \u0111\u1ea3m b\u1ea3o v\u00e0 bao b\u00ec \u0111\u1eb9p.<br \/>\n2. V\u00ec t\u1ea5t c\u1ea3 c\u00e1c b\u1ed9 ph\u1eadn ch\u00fang t\u00f4i \u0111\u00e3 ki\u1ec3m tra tr\u01b0\u1edbc khi v\u1eadn chuy\u1ec3n, v\u00ec v\u1eady n\u1ebfu b\u1ea1n th\u1ea5y m\u1ed9t s\u1ed1 b\u1ed9 ph\u1eadn b\u1ecb thi\u1ebfu ho\u1eb7c h\u01b0 h\u1ecfng, \u0111\u1eebng lo l\u1eafng v\u00e0 ch\u1ec9 c\u1ea7n vui l\u00f2ng li\u00ean h\u1ec7 v\u1edbi ch\u00fang t\u00f4i v\u00e0 ch\u00fang t\u00f4i c\u00f3 th\u1ec3 g\u1eedi l\u1ea1i mi\u1ec5n ph\u00ed cho b\u1ea1n ngay l\u1eadp t\u1ee9c.<\/p>\n<figure id=\"attachment_37851\" aria-describedby=\"caption-attachment-37851\" style=\"width: 800px\" class=\"wp-caption aligncenter\"><img fetchpriority=\"high\" decoding=\"async\" class=\"wp-image-37851 size-full\" src=\"https:\/\/mouldking.store\/wp-content\/uploads\/2022\/12\/Japanese-Wabi-sabi-Tea-House-CaDa-C66010-7.jpg\" alt=\"CaDa C66010 Japanese Wabi-sabi Tea House With 1200PCS\" width=\"800\" height=\"800\" title=\"-\" srcset=\"https:\/\/mouldking.store\/wp-content\/uploads\/2022\/12\/Japanese-Wabi-sabi-Tea-House-CaDa-C66010-7.jpg 800w, https:\/\/mouldking.store\/wp-content\/uploads\/2022\/12\/Japanese-Wabi-sabi-Tea-House-CaDa-C66010-7-300x300.jpg 300w, https:\/\/mouldking.store\/wp-content\/uploads\/2022\/12\/Japanese-Wabi-sabi-Tea-House-CaDa-C66010-7-768x768.jpg 768w, https:\/\/mouldking.store\/wp-content\/uploads\/2022\/12\/Japanese-Wabi-sabi-Tea-House-CaDa-C66010-7-600x600.jpg 600w, https:\/\/mouldking.store\/wp-content\/uploads\/2022\/12\/Japanese-Wabi-sabi-Tea-House-CaDa-C66010-7-150x150.jpg 150w, https:\/\/mouldking.store\/wp-content\/uploads\/2022\/12\/Japanese-Wabi-sabi-Tea-House-CaDa-C66010-7-60x60.jpg 60w, https:\/\/mouldking.store\/wp-content\/uploads\/2022\/12\/Japanese-Wabi-sabi-Tea-House-CaDa-C66010-7-90x90.jpg 90w\" sizes=\"(max-width: 800px) 100vw, 800px\" \/><figcaption id=\"caption-attachment-37851\" class=\"wp-caption-text\">CaDa C66010 Qu\u00e1n tr\u00e0 Wabi-sabi Nh\u1eadt B\u1ea3n V\u1edbi 1200 C\u00c1I<\/figcaption><\/figure>\n<figure id=\"attachment_37852\" aria-describedby=\"caption-attachment-37852\" style=\"width: 800px\" class=\"wp-caption aligncenter\"><img decoding=\"async\" class=\"wp-image-37852 size-full\" src=\"https:\/\/mouldking.store\/wp-content\/uploads\/2022\/12\/Japanese-Wabi-sabi-Tea-House-CaDa-C66010-6.jpg\" alt=\"CaDa C66010 Japanese Wabi-sabi Tea House With 1200PCS\" width=\"800\" height=\"800\" title=\"-\" srcset=\"https:\/\/mouldking.store\/wp-content\/uploads\/2022\/12\/Japanese-Wabi-sabi-Tea-House-CaDa-C66010-6.jpg 800w, https:\/\/mouldking.store\/wp-content\/uploads\/2022\/12\/Japanese-Wabi-sabi-Tea-House-CaDa-C66010-6-300x300.jpg 300w, https:\/\/mouldking.store\/wp-content\/uploads\/2022\/12\/Japanese-Wabi-sabi-Tea-House-CaDa-C66010-6-768x768.jpg 768w, https:\/\/mouldking.store\/wp-content\/uploads\/2022\/12\/Japanese-Wabi-sabi-Tea-House-CaDa-C66010-6-600x600.jpg 600w, https:\/\/mouldking.store\/wp-content\/uploads\/2022\/12\/Japanese-Wabi-sabi-Tea-House-CaDa-C66010-6-150x150.jpg 150w, https:\/\/mouldking.store\/wp-content\/uploads\/2022\/12\/Japanese-Wabi-sabi-Tea-House-CaDa-C66010-6-60x60.jpg 60w, https:\/\/mouldking.store\/wp-content\/uploads\/2022\/12\/Japanese-Wabi-sabi-Tea-House-CaDa-C66010-6-90x90.jpg 90w\" sizes=\"(max-width: 800px) 100vw, 800px\" \/><figcaption id=\"caption-attachment-37852\" class=\"wp-caption-text\">CaDa C66010 Qu\u00e1n tr\u00e0 Wabi-sabi Nh\u1eadt B\u1ea3n V\u1edbi 1200 C\u00c1I<\/figcaption><\/figure>\n<figure id=\"attachment_37853\" aria-describedby=\"caption-attachment-37853\" style=\"width: 800px\" class=\"wp-caption aligncenter\"><img decoding=\"async\" class=\"wp-image-37853 size-full\" src=\"https:\/\/mouldking.store\/wp-content\/uploads\/2022\/12\/Japanese-Wabi-sabi-Tea-House-CaDa-C66010-5.jpg\" alt=\"CaDa C66010 Japanese Wabi-sabi Tea House With 1200PCS\" width=\"800\" height=\"800\" title=\"-\" srcset=\"https:\/\/mouldking.store\/wp-content\/uploads\/2022\/12\/Japanese-Wabi-sabi-Tea-House-CaDa-C66010-5.jpg 800w, https:\/\/mouldking.store\/wp-content\/uploads\/2022\/12\/Japanese-Wabi-sabi-Tea-House-CaDa-C66010-5-300x300.jpg 300w, https:\/\/mouldking.store\/wp-content\/uploads\/2022\/12\/Japanese-Wabi-sabi-Tea-House-CaDa-C66010-5-768x768.jpg 768w, https:\/\/mouldking.store\/wp-content\/uploads\/2022\/12\/Japanese-Wabi-sabi-Tea-House-CaDa-C66010-5-600x600.jpg 600w, https:\/\/mouldking.store\/wp-content\/uploads\/2022\/12\/Japanese-Wabi-sabi-Tea-House-CaDa-C66010-5-150x150.jpg 150w, https:\/\/mouldking.store\/wp-content\/uploads\/2022\/12\/Japanese-Wabi-sabi-Tea-House-CaDa-C66010-5-60x60.jpg 60w, https:\/\/mouldking.store\/wp-content\/uploads\/2022\/12\/Japanese-Wabi-sabi-Tea-House-CaDa-C66010-5-90x90.jpg 90w\" sizes=\"(max-width: 800px) 100vw, 800px\" \/><figcaption id=\"caption-attachment-37853\" class=\"wp-caption-text\">CaDa C66010 Qu\u00e1n tr\u00e0 Wabi-sabi Nh\u1eadt B\u1ea3n V\u1edbi 1200 C\u00c1I<\/figcaption><\/figure>\n<figure id=\"attachment_37854\" aria-describedby=\"caption-attachment-37854\" style=\"width: 800px\" class=\"wp-caption aligncenter\"><img loading=\"lazy\" decoding=\"async\" class=\"wp-image-37854 size-full\" src=\"https:\/\/mouldking.store\/wp-content\/uploads\/2022\/12\/Japanese-Wabi-sabi-Tea-House-CaDa-C66010-4.jpg\" alt=\"CaDa C66010 Japanese Wabi-sabi Tea House With 1200PCS\" width=\"800\" height=\"800\" title=\"-\" srcset=\"https:\/\/mouldking.store\/wp-content\/uploads\/2022\/12\/Japanese-Wabi-sabi-Tea-House-CaDa-C66010-4.jpg 800w, https:\/\/mouldking.store\/wp-content\/uploads\/2022\/12\/Japanese-Wabi-sabi-Tea-House-CaDa-C66010-4-300x300.jpg 300w, https:\/\/mouldking.store\/wp-content\/uploads\/2022\/12\/Japanese-Wabi-sabi-Tea-House-CaDa-C66010-4-768x768.jpg 768w, https:\/\/mouldking.store\/wp-content\/uploads\/2022\/12\/Japanese-Wabi-sabi-Tea-House-CaDa-C66010-4-600x600.jpg 600w, https:\/\/mouldking.store\/wp-content\/uploads\/2022\/12\/Japanese-Wabi-sabi-Tea-House-CaDa-C66010-4-150x150.jpg 150w, https:\/\/mouldking.store\/wp-content\/uploads\/2022\/12\/Japanese-Wabi-sabi-Tea-House-CaDa-C66010-4-60x60.jpg 60w, https:\/\/mouldking.store\/wp-content\/uploads\/2022\/12\/Japanese-Wabi-sabi-Tea-House-CaDa-C66010-4-90x90.jpg 90w\" sizes=\"(max-width: 800px) 100vw, 800px\" \/><figcaption id=\"caption-attachment-37854\" class=\"wp-caption-text\">CaDa C66010 Qu\u00e1n tr\u00e0 Wabi-sabi Nh\u1eadt B\u1ea3n V\u1edbi 1200 C\u00c1I<\/figcaption><\/figure>\n<figure id=\"attachment_37855\" aria-describedby=\"caption-attachment-37855\" style=\"width: 800px\" class=\"wp-caption aligncenter\"><img loading=\"lazy\" decoding=\"async\" class=\"wp-image-37855 size-full\" src=\"https:\/\/mouldking.store\/wp-content\/uploads\/2022\/12\/Japanese-Wabi-sabi-Tea-House-CaDa-C66010-3.jpg\" alt=\"CaDa C66010 Japanese Wabi-sabi Tea House With 1200PCS\" width=\"800\" height=\"800\" title=\"-\" srcset=\"https:\/\/mouldking.store\/wp-content\/uploads\/2022\/12\/Japanese-Wabi-sabi-Tea-House-CaDa-C66010-3.jpg 800w, https:\/\/mouldking.store\/wp-content\/uploads\/2022\/12\/Japanese-Wabi-sabi-Tea-House-CaDa-C66010-3-300x300.jpg 300w, https:\/\/mouldking.store\/wp-content\/uploads\/2022\/12\/Japanese-Wabi-sabi-Tea-House-CaDa-C66010-3-768x768.jpg 768w, https:\/\/mouldking.store\/wp-content\/uploads\/2022\/12\/Japanese-Wabi-sabi-Tea-House-CaDa-C66010-3-600x600.jpg 600w, https:\/\/mouldking.store\/wp-content\/uploads\/2022\/12\/Japanese-Wabi-sabi-Tea-House-CaDa-C66010-3-150x150.jpg 150w, https:\/\/mouldking.store\/wp-content\/uploads\/2022\/12\/Japanese-Wabi-sabi-Tea-House-CaDa-C66010-3-60x60.jpg 60w, https:\/\/mouldking.store\/wp-content\/uploads\/2022\/12\/Japanese-Wabi-sabi-Tea-House-CaDa-C66010-3-90x90.jpg 90w\" sizes=\"(max-width: 800px) 100vw, 800px\" \/><figcaption id=\"caption-attachment-37855\" class=\"wp-caption-text\">CaDa C66010 Qu\u00e1n tr\u00e0 Wabi-sabi Nh\u1eadt B\u1ea3n V\u1edbi 1200 C\u00c1I<\/figcaption><\/figure>\n<figure id=\"attachment_37856\" aria-describedby=\"caption-attachment-37856\" style=\"width: 800px\" class=\"wp-caption aligncenter\"><img loading=\"lazy\" decoding=\"async\" class=\"wp-image-37856 size-full\" src=\"https:\/\/mouldking.store\/wp-content\/uploads\/2022\/12\/Japanese-Wabi-sabi-Tea-House-CaDa-C66010-2.jpg\" alt=\"CaDa C66010 Japanese Wabi-sabi Tea House With 1200PCS\" width=\"800\" height=\"800\" title=\"-\" srcset=\"https:\/\/mouldking.store\/wp-content\/uploads\/2022\/12\/Japanese-Wabi-sabi-Tea-House-CaDa-C66010-2.jpg 800w, https:\/\/mouldking.store\/wp-content\/uploads\/2022\/12\/Japanese-Wabi-sabi-Tea-House-CaDa-C66010-2-300x300.jpg 300w, https:\/\/mouldking.store\/wp-content\/uploads\/2022\/12\/Japanese-Wabi-sabi-Tea-House-CaDa-C66010-2-768x768.jpg 768w, https:\/\/mouldking.store\/wp-content\/uploads\/2022\/12\/Japanese-Wabi-sabi-Tea-House-CaDa-C66010-2-600x600.jpg 600w, https:\/\/mouldking.store\/wp-content\/uploads\/2022\/12\/Japanese-Wabi-sabi-Tea-House-CaDa-C66010-2-150x150.jpg 150w, https:\/\/mouldking.store\/wp-content\/uploads\/2022\/12\/Japanese-Wabi-sabi-Tea-House-CaDa-C66010-2-60x60.jpg 60w, https:\/\/mouldking.store\/wp-content\/uploads\/2022\/12\/Japanese-Wabi-sabi-Tea-House-CaDa-C66010-2-90x90.jpg 90w\" sizes=\"(max-width: 800px) 100vw, 800px\" \/><figcaption id=\"caption-attachment-37856\" class=\"wp-caption-text\">CaDa C66010 Qu\u00e1n tr\u00e0 Wabi-sabi Nh\u1eadt B\u1ea3n V\u1edbi 1200 C\u00c1I<\/figcaption><\/figure>\n<figure id=\"attachment_37857\" aria-describedby=\"caption-attachment-37857\" style=\"width: 800px\" class=\"wp-caption aligncenter\"><img loading=\"lazy\" decoding=\"async\" class=\"wp-image-37857 size-full\" src=\"https:\/\/mouldking.store\/wp-content\/uploads\/2022\/12\/Japanese-Wabi-sabi-Tea-House-CaDa-C66010-1.jpg\" alt=\"CaDa C66010 Japanese Wabi-sabi Tea House With 1200PCS\" width=\"800\" height=\"800\" title=\"-\" srcset=\"https:\/\/mouldking.store\/wp-content\/uploads\/2022\/12\/Japanese-Wabi-sabi-Tea-House-CaDa-C66010-1.jpg 800w, https:\/\/mouldking.store\/wp-content\/uploads\/2022\/12\/Japanese-Wabi-sabi-Tea-House-CaDa-C66010-1-300x300.jpg 300w, https:\/\/mouldking.store\/wp-content\/uploads\/2022\/12\/Japanese-Wabi-sabi-Tea-House-CaDa-C66010-1-768x768.jpg 768w, https:\/\/mouldking.store\/wp-content\/uploads\/2022\/12\/Japanese-Wabi-sabi-Tea-House-CaDa-C66010-1-600x600.jpg 600w, https:\/\/mouldking.store\/wp-content\/uploads\/2022\/12\/Japanese-Wabi-sabi-Tea-House-CaDa-C66010-1-150x150.jpg 150w, https:\/\/mouldking.store\/wp-content\/uploads\/2022\/12\/Japanese-Wabi-sabi-Tea-House-CaDa-C66010-1-60x60.jpg 60w, https:\/\/mouldking.store\/wp-content\/uploads\/2022\/12\/Japanese-Wabi-sabi-Tea-House-CaDa-C66010-1-90x90.jpg 90w\" sizes=\"(max-width: 800px) 100vw, 800px\" \/><figcaption id=\"caption-attachment-37857\" class=\"wp-caption-text\">CaDa C66010 Qu\u00e1n tr\u00e0 Wabi-sabi Nh\u1eadt B\u1ea3n V\u1edbi 1200 C\u00c1I<\/figcaption><\/figure>","protected":false},"excerpt":{"rendered":"<p>Product information: Brand: CaDa Gender: Unisex Name: Japanese Wabi-sabi Tea House Age Range: &gt; 6 years old Model Number: C66010 Classification: Assemblage Plastic Block Shape: Self-Locking Bricks Material: Plastic Plastic Type: ABS Bricks Blocks:1200PCS Size: 20 \u00d7 13 \u00d7 23 cm Contains detailed assembly instructions. Notice: 1. Without an original box, but we guarantee our [&hellip;]<\/p>","protected":false},"featured_media":37851,"comment_status":"closed","ping_status":"closed","template":"","meta":{"_acf_changed":false},"product_cat":[1365],"product_tag":[9368,1916,9371,9374,9367,5434,9373,9370,9369,9372],"class_list":["product","first","instock","shipping-taxable","purchasable","product-type-simple"],"acf":[],"_links":{"self":[{"href":"https:\/\/mouldking.store\/vi\/wp-json\/wp\/v2\/product\/37850","targetHints":{"allow":["GET"]}}],"collection":[{"href":"https:\/\/mouldking.store\/vi\/wp-json\/wp\/v2\/product"}],"about":[{"href":"https:\/\/mouldking.store\/vi\/wp-json\/wp\/v2\/types\/product"}],"replies":[{"embeddable":true,"href":"https:\/\/mouldking.store\/vi\/wp-json\/wp\/v2\/comments?post=37850"}],"wp:featuredmedia":[{"embeddable":true,"href":"https:\/\/mouldking.store\/vi\/wp-json\/wp\/v2\/media\/37851"}],"wp:attachment":[{"href":"https:\/\/mouldking.store\/vi\/wp-json\/wp\/v2\/media?parent=37850"}],"wp:term":[{"taxonomy":"product_cat","embeddable":true,"href":"https:\/\/mouldking.store\/vi\/wp-json\/wp\/v2\/product_cat?post=37850"},{"taxonomy":"product_tag","embeddable":true,"href":"https:\/\/mouldking.store\/vi\/wp-json\/wp\/v2\/product_tag?post=37850"}],"curies":[{"name":"wp","href":"https:\/\/api.w.org\/{rel}","templated":true}]}}