{"id":38187,"date":"2022-12-21T10:55:58","date_gmt":"2022-12-21T03:55:58","guid":{"rendered":"https:\/\/mouldking.store\/?post_type=product&#038;p=38187"},"modified":"2025-12-25T09:12:05","modified_gmt":"2025-12-25T02:12:05","slug":"moc-92280-curved-roof-train-station-with-3348pcs","status":"publish","type":"product","link":"https:\/\/mouldking.store\/vi\/shop\/moc-92280-curved-roof-train-station-with-3348pcs\/","title":{"rendered":"Nh\u00e0 ga xe l\u1eeda m\u00e1i cong MOC-92280 v\u1edbi 3348 C\u00c1I"},"content":{"rendered":"<ol>\n<li>Th\u01b0\u01a1ng hi\u1ec7u: M\u1ed8C<\/li>\n<li>Gi\u1edbi t\u00ednh: Unisex<\/li>\n<li>Name: Curved Roof Train Station<\/li>\n<li>\u0110\u1ed9 tu\u1ed5i: &gt; 6 tu\u1ed5i<\/li>\n<li>Model Number: 92280<\/li>\n<li>Ph\u00e2n lo\u1ea1i: T\u1eadp h\u1ee3p<\/li>\n<li>H\u00ecnh d\u1ea1ng kh\u1ed1i nh\u1ef1a: G\u1ea1ch t\u1ef1 kh\u00f3a<\/li>\n<li>Ch\u1ea5t li\u1ec7u: Nh\u1ef1a<\/li>\n<li>Lo\u1ea1i nh\u1ef1a: ABS<\/li>\n<li>Bricks Blocks:3348PCS<\/li>\n<li>Tr\u1ecdng l\u01b0\u1ee3ng:3000g<\/li>\n<li>Ch\u1ee9a h\u01b0\u1edbng d\u1eabn l\u1eafp r\u00e1p chi ti\u1ebft.<\/li>\n<\/ol>\n<p>\u0110\u1ec3 \u00fd:<br \/>\n1. Kh\u00f4ng c\u00f3 h\u1ed9p ban \u0111\u1ea7u, nh\u01b0ng ch\u00fang t\u00f4i \u0111\u1ea3m b\u1ea3o s\u1ea3n ph\u1ea9m c\u1ee7a ch\u00fang t\u00f4i c\u00f3 ch\u1ea5t l\u01b0\u1ee3ng \u0111\u1ea3m b\u1ea3o v\u00e0 bao b\u00ec \u0111\u1eb9p.<br \/>\n2. V\u00ec t\u1ea5t c\u1ea3 c\u00e1c b\u1ed9 ph\u1eadn ch\u00fang t\u00f4i \u0111\u00e3 ki\u1ec3m tra tr\u01b0\u1edbc khi v\u1eadn chuy\u1ec3n, v\u00ec v\u1eady n\u1ebfu b\u1ea1n th\u1ea5y m\u1ed9t s\u1ed1 b\u1ed9 ph\u1eadn b\u1ecb thi\u1ebfu ho\u1eb7c h\u01b0 h\u1ecfng, \u0111\u1eebng lo l\u1eafng v\u00e0 ch\u1ec9 c\u1ea7n vui l\u00f2ng li\u00ean h\u1ec7 v\u1edbi ch\u00fang t\u00f4i v\u00e0 ch\u00fang t\u00f4i c\u00f3 th\u1ec3 g\u1eedi l\u1ea1i mi\u1ec5n ph\u00ed cho b\u1ea1n ngay l\u1eadp t\u1ee9c.<\/p>\n<figure id=\"attachment_38192\" aria-describedby=\"caption-attachment-38192\" style=\"width: 1024px\" class=\"wp-caption aligncenter\"><img fetchpriority=\"high\" decoding=\"async\" class=\"wp-image-38192 size-large\" src=\"https:\/\/mouldking.store\/wp-content\/uploads\/2022\/12\/MOC-92280-Curved-Roof-Train-Station-1024x1024.png\" alt=\"MOC-92280 Curved Roof Train Station With 3348PCS\" width=\"1024\" height=\"1024\" title=\"-\" srcset=\"https:\/\/mouldking.store\/wp-content\/uploads\/2022\/12\/MOC-92280-Curved-Roof-Train-Station-1024x1024.png 1024w, https:\/\/mouldking.store\/wp-content\/uploads\/2022\/12\/MOC-92280-Curved-Roof-Train-Station-300x300.png 300w, https:\/\/mouldking.store\/wp-content\/uploads\/2022\/12\/MOC-92280-Curved-Roof-Train-Station-768x768.png 768w, https:\/\/mouldking.store\/wp-content\/uploads\/2022\/12\/MOC-92280-Curved-Roof-Train-Station-600x600.png 600w, https:\/\/mouldking.store\/wp-content\/uploads\/2022\/12\/MOC-92280-Curved-Roof-Train-Station-150x150.png 150w, https:\/\/mouldking.store\/wp-content\/uploads\/2022\/12\/MOC-92280-Curved-Roof-Train-Station-60x60.png 60w, https:\/\/mouldking.store\/wp-content\/uploads\/2022\/12\/MOC-92280-Curved-Roof-Train-Station-90x90.png 90w, https:\/\/mouldking.store\/wp-content\/uploads\/2022\/12\/MOC-92280-Curved-Roof-Train-Station.png 1095w\" sizes=\"(max-width: 1024px) 100vw, 1024px\" \/><figcaption id=\"caption-attachment-38192\" class=\"wp-caption-text\">Nh\u00e0 ga xe l\u1eeda m\u00e1i cong MOC-92280 v\u1edbi 3348 C\u00c1I<\/figcaption><\/figure>\n<figure id=\"attachment_38193\" aria-describedby=\"caption-attachment-38193\" style=\"width: 1024px\" class=\"wp-caption aligncenter\"><img decoding=\"async\" class=\"wp-image-38193 size-large\" src=\"https:\/\/mouldking.store\/wp-content\/uploads\/2022\/12\/Curved-Roof-Train-Station-MOC-92280-3-1024x1024.jpg\" alt=\"MOC-92280 Curved Roof Train Station With 3348PCS\" width=\"1024\" height=\"1024\" title=\"-\" srcset=\"https:\/\/mouldking.store\/wp-content\/uploads\/2022\/12\/Curved-Roof-Train-Station-MOC-92280-3-1024x1024.jpg 1024w, https:\/\/mouldking.store\/wp-content\/uploads\/2022\/12\/Curved-Roof-Train-Station-MOC-92280-3-300x300.jpg 300w, https:\/\/mouldking.store\/wp-content\/uploads\/2022\/12\/Curved-Roof-Train-Station-MOC-92280-3-768x768.jpg 768w, https:\/\/mouldking.store\/wp-content\/uploads\/2022\/12\/Curved-Roof-Train-Station-MOC-92280-3-600x600.jpg 600w, https:\/\/mouldking.store\/wp-content\/uploads\/2022\/12\/Curved-Roof-Train-Station-MOC-92280-3-150x150.jpg 150w, https:\/\/mouldking.store\/wp-content\/uploads\/2022\/12\/Curved-Roof-Train-Station-MOC-92280-3-60x60.jpg 60w, https:\/\/mouldking.store\/wp-content\/uploads\/2022\/12\/Curved-Roof-Train-Station-MOC-92280-3-90x90.jpg 90w, https:\/\/mouldking.store\/wp-content\/uploads\/2022\/12\/Curved-Roof-Train-Station-MOC-92280-3.jpg 1100w\" sizes=\"(max-width: 1024px) 100vw, 1024px\" \/><figcaption id=\"caption-attachment-38193\" class=\"wp-caption-text\">Nh\u00e0 ga xe l\u1eeda m\u00e1i cong MOC-92280 v\u1edbi 3348 C\u00c1I<\/figcaption><\/figure>\n<figure id=\"attachment_38194\" aria-describedby=\"caption-attachment-38194\" style=\"width: 1024px\" class=\"wp-caption aligncenter\"><img decoding=\"async\" class=\"wp-image-38194 size-large\" src=\"https:\/\/mouldking.store\/wp-content\/uploads\/2022\/12\/Curved-Roof-Train-Station-MOC-92280-2-1024x1024.jpg\" alt=\"MOC-92280 Curved Roof Train Station With 3348PCS\" width=\"1024\" height=\"1024\" title=\"-\" srcset=\"https:\/\/mouldking.store\/wp-content\/uploads\/2022\/12\/Curved-Roof-Train-Station-MOC-92280-2-1024x1024.jpg 1024w, https:\/\/mouldking.store\/wp-content\/uploads\/2022\/12\/Curved-Roof-Train-Station-MOC-92280-2-300x300.jpg 300w, https:\/\/mouldking.store\/wp-content\/uploads\/2022\/12\/Curved-Roof-Train-Station-MOC-92280-2-768x768.jpg 768w, https:\/\/mouldking.store\/wp-content\/uploads\/2022\/12\/Curved-Roof-Train-Station-MOC-92280-2-600x600.jpg 600w, https:\/\/mouldking.store\/wp-content\/uploads\/2022\/12\/Curved-Roof-Train-Station-MOC-92280-2-150x150.jpg 150w, https:\/\/mouldking.store\/wp-content\/uploads\/2022\/12\/Curved-Roof-Train-Station-MOC-92280-2-60x60.jpg 60w, https:\/\/mouldking.store\/wp-content\/uploads\/2022\/12\/Curved-Roof-Train-Station-MOC-92280-2-90x90.jpg 90w, https:\/\/mouldking.store\/wp-content\/uploads\/2022\/12\/Curved-Roof-Train-Station-MOC-92280-2.jpg 1100w\" sizes=\"(max-width: 1024px) 100vw, 1024px\" \/><figcaption id=\"caption-attachment-38194\" class=\"wp-caption-text\">Nh\u00e0 ga xe l\u1eeda m\u00e1i cong MOC-92280 v\u1edbi 3348 C\u00c1I<\/figcaption><\/figure>\n<figure id=\"attachment_38195\" aria-describedby=\"caption-attachment-38195\" style=\"width: 1024px\" class=\"wp-caption aligncenter\"><img loading=\"lazy\" decoding=\"async\" class=\"wp-image-38195 size-large\" src=\"https:\/\/mouldking.store\/wp-content\/uploads\/2022\/12\/Curved-Roof-Train-Station-MOC-92280-1-1024x1024.jpg\" alt=\"MOC-92280 Curved Roof Train Station With 3348PCS\" width=\"1024\" height=\"1024\" title=\"-\" srcset=\"https:\/\/mouldking.store\/wp-content\/uploads\/2022\/12\/Curved-Roof-Train-Station-MOC-92280-1-1024x1024.jpg 1024w, https:\/\/mouldking.store\/wp-content\/uploads\/2022\/12\/Curved-Roof-Train-Station-MOC-92280-1-300x300.jpg 300w, https:\/\/mouldking.store\/wp-content\/uploads\/2022\/12\/Curved-Roof-Train-Station-MOC-92280-1-768x768.jpg 768w, https:\/\/mouldking.store\/wp-content\/uploads\/2022\/12\/Curved-Roof-Train-Station-MOC-92280-1-600x600.jpg 600w, https:\/\/mouldking.store\/wp-content\/uploads\/2022\/12\/Curved-Roof-Train-Station-MOC-92280-1-150x150.jpg 150w, https:\/\/mouldking.store\/wp-content\/uploads\/2022\/12\/Curved-Roof-Train-Station-MOC-92280-1-60x60.jpg 60w, https:\/\/mouldking.store\/wp-content\/uploads\/2022\/12\/Curved-Roof-Train-Station-MOC-92280-1-90x90.jpg 90w, https:\/\/mouldking.store\/wp-content\/uploads\/2022\/12\/Curved-Roof-Train-Station-MOC-92280-1.jpg 1100w\" sizes=\"(max-width: 1024px) 100vw, 1024px\" \/><figcaption id=\"caption-attachment-38195\" class=\"wp-caption-text\">Nh\u00e0 ga xe l\u1eeda m\u00e1i cong MOC-92280 v\u1edbi 3348 C\u00c1I<\/figcaption><\/figure>\n<figure id=\"attachment_38196\" aria-describedby=\"caption-attachment-38196\" style=\"width: 1024px\" class=\"wp-caption aligncenter\"><img loading=\"lazy\" decoding=\"async\" class=\"wp-image-38196 size-large\" src=\"https:\/\/mouldking.store\/wp-content\/uploads\/2022\/12\/Curved-Roof-Train-Station-MOC-92280-4-1024x1024.jpg\" alt=\"MOC-92280 Curved Roof Train Station With 3348PCS\" width=\"1024\" height=\"1024\" title=\"-\" srcset=\"https:\/\/mouldking.store\/wp-content\/uploads\/2022\/12\/Curved-Roof-Train-Station-MOC-92280-4-1024x1024.jpg 1024w, https:\/\/mouldking.store\/wp-content\/uploads\/2022\/12\/Curved-Roof-Train-Station-MOC-92280-4-300x300.jpg 300w, https:\/\/mouldking.store\/wp-content\/uploads\/2022\/12\/Curved-Roof-Train-Station-MOC-92280-4-768x768.jpg 768w, https:\/\/mouldking.store\/wp-content\/uploads\/2022\/12\/Curved-Roof-Train-Station-MOC-92280-4-600x600.jpg 600w, https:\/\/mouldking.store\/wp-content\/uploads\/2022\/12\/Curved-Roof-Train-Station-MOC-92280-4-150x150.jpg 150w, https:\/\/mouldking.store\/wp-content\/uploads\/2022\/12\/Curved-Roof-Train-Station-MOC-92280-4-60x60.jpg 60w, https:\/\/mouldking.store\/wp-content\/uploads\/2022\/12\/Curved-Roof-Train-Station-MOC-92280-4-90x90.jpg 90w, https:\/\/mouldking.store\/wp-content\/uploads\/2022\/12\/Curved-Roof-Train-Station-MOC-92280-4.jpg 1100w\" sizes=\"(max-width: 1024px) 100vw, 1024px\" \/><figcaption id=\"caption-attachment-38196\" class=\"wp-caption-text\">Nh\u00e0 ga xe l\u1eeda m\u00e1i cong MOC-92280 v\u1edbi 3348 C\u00c1I<\/figcaption><\/figure>\n<figure id=\"attachment_38197\" aria-describedby=\"caption-attachment-38197\" style=\"width: 1024px\" class=\"wp-caption aligncenter\"><img loading=\"lazy\" decoding=\"async\" class=\"wp-image-38197 size-large\" src=\"https:\/\/mouldking.store\/wp-content\/uploads\/2022\/12\/Curved-Roof-Train-Station-MOC-92280-5-1024x1024.jpg\" alt=\"MOC-92280 Curved Roof Train Station With 3348PCS\" width=\"1024\" height=\"1024\" title=\"-\" srcset=\"https:\/\/mouldking.store\/wp-content\/uploads\/2022\/12\/Curved-Roof-Train-Station-MOC-92280-5-1024x1024.jpg 1024w, https:\/\/mouldking.store\/wp-content\/uploads\/2022\/12\/Curved-Roof-Train-Station-MOC-92280-5-300x300.jpg 300w, https:\/\/mouldking.store\/wp-content\/uploads\/2022\/12\/Curved-Roof-Train-Station-MOC-92280-5-768x768.jpg 768w, https:\/\/mouldking.store\/wp-content\/uploads\/2022\/12\/Curved-Roof-Train-Station-MOC-92280-5-600x600.jpg 600w, https:\/\/mouldking.store\/wp-content\/uploads\/2022\/12\/Curved-Roof-Train-Station-MOC-92280-5-150x150.jpg 150w, https:\/\/mouldking.store\/wp-content\/uploads\/2022\/12\/Curved-Roof-Train-Station-MOC-92280-5-60x60.jpg 60w, https:\/\/mouldking.store\/wp-content\/uploads\/2022\/12\/Curved-Roof-Train-Station-MOC-92280-5-90x90.jpg 90w, https:\/\/mouldking.store\/wp-content\/uploads\/2022\/12\/Curved-Roof-Train-Station-MOC-92280-5.jpg 1100w\" sizes=\"(max-width: 1024px) 100vw, 1024px\" \/><figcaption id=\"caption-attachment-38197\" class=\"wp-caption-text\">Nh\u00e0 ga xe l\u1eeda m\u00e1i cong MOC-92280 v\u1edbi 3348 C\u00c1I<\/figcaption><\/figure>","protected":false},"excerpt":{"rendered":"<p>Brand: MOC Gender: Unisex Name: Curved Roof Train Station Age Range: &gt; 6 years old Model Number: 92280 Classification: Assemblage Plastic Block Shape: Self-Locking Bricks Material: Plastic Plastic Type: ABS Bricks Blocks:3348PCS Weight:3000g Contains detailed assembly instructions. Notice: 1. Without an original box, but we guarantee our products have quality assurance and nice packaging. 2. [&hellip;]<\/p>","protected":false},"featured_media":38192,"comment_status":"closed","ping_status":"closed","template":"","meta":{"_acf_changed":false},"product_cat":[1395,1357,1406],"product_tag":[9609,9611,9612,430,9608,9613,9607,9610,2309,300,9102],"class_list":["product","first","instock","shipping-taxable","purchasable","product-type-simple"],"acf":[],"_links":{"self":[{"href":"https:\/\/mouldking.store\/vi\/wp-json\/wp\/v2\/product\/38187","targetHints":{"allow":["GET"]}}],"collection":[{"href":"https:\/\/mouldking.store\/vi\/wp-json\/wp\/v2\/product"}],"about":[{"href":"https:\/\/mouldking.store\/vi\/wp-json\/wp\/v2\/types\/product"}],"replies":[{"embeddable":true,"href":"https:\/\/mouldking.store\/vi\/wp-json\/wp\/v2\/comments?post=38187"}],"wp:featuredmedia":[{"embeddable":true,"href":"https:\/\/mouldking.store\/vi\/wp-json\/wp\/v2\/media\/38192"}],"wp:attachment":[{"href":"https:\/\/mouldking.store\/vi\/wp-json\/wp\/v2\/media?parent=38187"}],"wp:term":[{"taxonomy":"product_cat","embeddable":true,"href":"https:\/\/mouldking.store\/vi\/wp-json\/wp\/v2\/product_cat?post=38187"},{"taxonomy":"product_tag","embeddable":true,"href":"https:\/\/mouldking.store\/vi\/wp-json\/wp\/v2\/product_tag?post=38187"}],"curies":[{"name":"wp","href":"https:\/\/api.w.org\/{rel}","templated":true}]}}