{"id":38224,"date":"2022-12-21T11:27:11","date_gmt":"2022-12-21T04:27:11","guid":{"rendered":"https:\/\/mouldking.store\/?post_type=product&#038;p=38224"},"modified":"2025-12-25T09:12:05","modified_gmt":"2025-12-25T02:12:05","slug":"moc-120736-medieval-castle-with-2136pcs","status":"publish","type":"product","link":"https:\/\/mouldking.store\/vi\/shop\/moc-120736-medieval-castle-with-2136pcs\/","title":{"rendered":"MOC-120736 L\u00e2u \u0111\u00e0i th\u1eddi trung c\u1ed5 v\u1edbi 2136 C\u00c1I"},"content":{"rendered":"<ol>\n<li>Th\u01b0\u01a1ng hi\u1ec7u: M\u1ed8C<\/li>\n<li>Gi\u1edbi t\u00ednh: Unisex<\/li>\n<li>T\u00ean: L\u00e2u \u0111\u00e0i th\u1eddi trung c\u1ed5<\/li>\n<li>\u0110\u1ed9 tu\u1ed5i: &gt; 6 tu\u1ed5i<\/li>\n<li>S\u1ed1 m\u00f4 h\u00ecnh: 120736<\/li>\n<li>Ph\u00e2n lo\u1ea1i: T\u1eadp h\u1ee3p<\/li>\n<li>H\u00ecnh d\u1ea1ng kh\u1ed1i nh\u1ef1a: G\u1ea1ch t\u1ef1 kh\u00f3a<\/li>\n<li>Ch\u1ea5t li\u1ec7u: Nh\u1ef1a<\/li>\n<li>Lo\u1ea1i nh\u1ef1a: ABS<\/li>\n<li>Kh\u1ed1i g\u1ea1ch: 2136 C\u00c1I<\/li>\n<li>Tr\u1ecdng l\u01b0\u1ee3ng:2500g<\/li>\n<li>Ch\u1ee9a h\u01b0\u1edbng d\u1eabn l\u1eafp r\u00e1p chi ti\u1ebft.<\/li>\n<\/ol>\n<p>\u0110\u1ec3 \u00fd:<br \/>\n1. Kh\u00f4ng c\u00f3 h\u1ed9p ban \u0111\u1ea7u, nh\u01b0ng ch\u00fang t\u00f4i \u0111\u1ea3m b\u1ea3o s\u1ea3n ph\u1ea9m c\u1ee7a ch\u00fang t\u00f4i c\u00f3 ch\u1ea5t l\u01b0\u1ee3ng \u0111\u1ea3m b\u1ea3o v\u00e0 bao b\u00ec \u0111\u1eb9p.<br \/>\n2. V\u00ec t\u1ea5t c\u1ea3 c\u00e1c b\u1ed9 ph\u1eadn ch\u00fang t\u00f4i \u0111\u00e3 ki\u1ec3m tra tr\u01b0\u1edbc khi v\u1eadn chuy\u1ec3n, v\u00ec v\u1eady n\u1ebfu b\u1ea1n th\u1ea5y m\u1ed9t s\u1ed1 b\u1ed9 ph\u1eadn b\u1ecb thi\u1ebfu ho\u1eb7c h\u01b0 h\u1ecfng, \u0111\u1eebng lo l\u1eafng v\u00e0 ch\u1ec9 c\u1ea7n vui l\u00f2ng li\u00ean h\u1ec7 v\u1edbi ch\u00fang t\u00f4i v\u00e0 ch\u00fang t\u00f4i c\u00f3 th\u1ec3 g\u1eedi l\u1ea1i mi\u1ec5n ph\u00ed cho b\u1ea1n ngay l\u1eadp t\u1ee9c.<\/p>\n<figure id=\"attachment_38227\" aria-describedby=\"caption-attachment-38227\" style=\"width: 1024px\" class=\"wp-caption aligncenter\"><img fetchpriority=\"high\" decoding=\"async\" class=\"wp-image-38227 size-large\" src=\"https:\/\/mouldking.store\/wp-content\/uploads\/2022\/12\/MOC-120736-Medieval-Castle-1024x1024.png\" alt=\"MOC-120736 Medieval Castle With 2136PCS\" width=\"1024\" height=\"1024\" title=\"-\" srcset=\"https:\/\/mouldking.store\/wp-content\/uploads\/2022\/12\/MOC-120736-Medieval-Castle-1024x1024.png 1024w, https:\/\/mouldking.store\/wp-content\/uploads\/2022\/12\/MOC-120736-Medieval-Castle-300x300.png 300w, https:\/\/mouldking.store\/wp-content\/uploads\/2022\/12\/MOC-120736-Medieval-Castle-768x768.png 768w, https:\/\/mouldking.store\/wp-content\/uploads\/2022\/12\/MOC-120736-Medieval-Castle-600x600.png 600w, https:\/\/mouldking.store\/wp-content\/uploads\/2022\/12\/MOC-120736-Medieval-Castle-150x150.png 150w, https:\/\/mouldking.store\/wp-content\/uploads\/2022\/12\/MOC-120736-Medieval-Castle-60x60.png 60w, https:\/\/mouldking.store\/wp-content\/uploads\/2022\/12\/MOC-120736-Medieval-Castle-90x90.png 90w, https:\/\/mouldking.store\/wp-content\/uploads\/2022\/12\/MOC-120736-Medieval-Castle.png 1095w\" sizes=\"(max-width: 1024px) 100vw, 1024px\" \/><figcaption id=\"caption-attachment-38227\" class=\"wp-caption-text\">MOC-120736 L\u00e2u \u0111\u00e0i th\u1eddi trung c\u1ed5 v\u1edbi 2136 C\u00c1I<\/figcaption><\/figure>\n<figure id=\"attachment_38228\" aria-describedby=\"caption-attachment-38228\" style=\"width: 1024px\" class=\"wp-caption aligncenter\"><img decoding=\"async\" class=\"wp-image-38228 size-large\" src=\"https:\/\/mouldking.store\/wp-content\/uploads\/2022\/12\/Medieval-Castle-MOC-120736-1-1024x1024.jpg\" alt=\"MOC-120736 Medieval Castle With 2136PCS\" width=\"1024\" height=\"1024\" title=\"-\" srcset=\"https:\/\/mouldking.store\/wp-content\/uploads\/2022\/12\/Medieval-Castle-MOC-120736-1-1024x1024.jpg 1024w, https:\/\/mouldking.store\/wp-content\/uploads\/2022\/12\/Medieval-Castle-MOC-120736-1-300x300.jpg 300w, https:\/\/mouldking.store\/wp-content\/uploads\/2022\/12\/Medieval-Castle-MOC-120736-1-768x768.jpg 768w, https:\/\/mouldking.store\/wp-content\/uploads\/2022\/12\/Medieval-Castle-MOC-120736-1-600x600.jpg 600w, https:\/\/mouldking.store\/wp-content\/uploads\/2022\/12\/Medieval-Castle-MOC-120736-1-150x150.jpg 150w, https:\/\/mouldking.store\/wp-content\/uploads\/2022\/12\/Medieval-Castle-MOC-120736-1-60x60.jpg 60w, https:\/\/mouldking.store\/wp-content\/uploads\/2022\/12\/Medieval-Castle-MOC-120736-1-90x90.jpg 90w, https:\/\/mouldking.store\/wp-content\/uploads\/2022\/12\/Medieval-Castle-MOC-120736-1.jpg 1100w\" sizes=\"(max-width: 1024px) 100vw, 1024px\" \/><figcaption id=\"caption-attachment-38228\" class=\"wp-caption-text\">MOC-120736 L\u00e2u \u0111\u00e0i th\u1eddi trung c\u1ed5 v\u1edbi 2136 C\u00c1I<\/figcaption><\/figure>\n<figure id=\"attachment_38229\" aria-describedby=\"caption-attachment-38229\" style=\"width: 1024px\" class=\"wp-caption aligncenter\"><img decoding=\"async\" class=\"wp-image-38229 size-large\" src=\"https:\/\/mouldking.store\/wp-content\/uploads\/2022\/12\/Medieval-Castle-MOC-120736-3-1024x1024.jpg\" alt=\"MOC-120736 Medieval Castle With 2136PCS\" width=\"1024\" height=\"1024\" title=\"-\" srcset=\"https:\/\/mouldking.store\/wp-content\/uploads\/2022\/12\/Medieval-Castle-MOC-120736-3-1024x1024.jpg 1024w, https:\/\/mouldking.store\/wp-content\/uploads\/2022\/12\/Medieval-Castle-MOC-120736-3-300x300.jpg 300w, https:\/\/mouldking.store\/wp-content\/uploads\/2022\/12\/Medieval-Castle-MOC-120736-3-768x768.jpg 768w, https:\/\/mouldking.store\/wp-content\/uploads\/2022\/12\/Medieval-Castle-MOC-120736-3-600x600.jpg 600w, https:\/\/mouldking.store\/wp-content\/uploads\/2022\/12\/Medieval-Castle-MOC-120736-3-150x150.jpg 150w, https:\/\/mouldking.store\/wp-content\/uploads\/2022\/12\/Medieval-Castle-MOC-120736-3-60x60.jpg 60w, https:\/\/mouldking.store\/wp-content\/uploads\/2022\/12\/Medieval-Castle-MOC-120736-3-90x90.jpg 90w, https:\/\/mouldking.store\/wp-content\/uploads\/2022\/12\/Medieval-Castle-MOC-120736-3.jpg 1100w\" sizes=\"(max-width: 1024px) 100vw, 1024px\" \/><figcaption id=\"caption-attachment-38229\" class=\"wp-caption-text\">MOC-120736 L\u00e2u \u0111\u00e0i th\u1eddi trung c\u1ed5 v\u1edbi 2136 C\u00c1I<\/figcaption><\/figure>\n<figure id=\"attachment_38230\" aria-describedby=\"caption-attachment-38230\" style=\"width: 1024px\" class=\"wp-caption aligncenter\"><img loading=\"lazy\" decoding=\"async\" class=\"wp-image-38230 size-large\" src=\"https:\/\/mouldking.store\/wp-content\/uploads\/2022\/12\/Medieval-Castle-MOC-120736-2-1024x1024.jpg\" alt=\"MOC-120736 Medieval Castle With 2136PCS\" width=\"1024\" height=\"1024\" title=\"-\" srcset=\"https:\/\/mouldking.store\/wp-content\/uploads\/2022\/12\/Medieval-Castle-MOC-120736-2-1024x1024.jpg 1024w, https:\/\/mouldking.store\/wp-content\/uploads\/2022\/12\/Medieval-Castle-MOC-120736-2-300x300.jpg 300w, https:\/\/mouldking.store\/wp-content\/uploads\/2022\/12\/Medieval-Castle-MOC-120736-2-768x768.jpg 768w, https:\/\/mouldking.store\/wp-content\/uploads\/2022\/12\/Medieval-Castle-MOC-120736-2-600x600.jpg 600w, https:\/\/mouldking.store\/wp-content\/uploads\/2022\/12\/Medieval-Castle-MOC-120736-2-150x150.jpg 150w, https:\/\/mouldking.store\/wp-content\/uploads\/2022\/12\/Medieval-Castle-MOC-120736-2-60x60.jpg 60w, https:\/\/mouldking.store\/wp-content\/uploads\/2022\/12\/Medieval-Castle-MOC-120736-2-90x90.jpg 90w, https:\/\/mouldking.store\/wp-content\/uploads\/2022\/12\/Medieval-Castle-MOC-120736-2.jpg 1100w\" sizes=\"(max-width: 1024px) 100vw, 1024px\" \/><figcaption id=\"caption-attachment-38230\" class=\"wp-caption-text\">MOC-120736 L\u00e2u \u0111\u00e0i th\u1eddi trung c\u1ed5 v\u1edbi 2136 C\u00c1I<\/figcaption><\/figure>\n<figure id=\"attachment_38231\" aria-describedby=\"caption-attachment-38231\" style=\"width: 1024px\" class=\"wp-caption aligncenter\"><img loading=\"lazy\" decoding=\"async\" class=\"wp-image-38231 size-large\" src=\"https:\/\/mouldking.store\/wp-content\/uploads\/2022\/12\/Medieval-Castle-MOC-120736-4-1024x1024.jpg\" alt=\"MOC-120736 Medieval Castle With 2136PCS\" width=\"1024\" height=\"1024\" title=\"-\" srcset=\"https:\/\/mouldking.store\/wp-content\/uploads\/2022\/12\/Medieval-Castle-MOC-120736-4-1024x1024.jpg 1024w, https:\/\/mouldking.store\/wp-content\/uploads\/2022\/12\/Medieval-Castle-MOC-120736-4-300x300.jpg 300w, https:\/\/mouldking.store\/wp-content\/uploads\/2022\/12\/Medieval-Castle-MOC-120736-4-768x768.jpg 768w, https:\/\/mouldking.store\/wp-content\/uploads\/2022\/12\/Medieval-Castle-MOC-120736-4-600x600.jpg 600w, https:\/\/mouldking.store\/wp-content\/uploads\/2022\/12\/Medieval-Castle-MOC-120736-4-150x150.jpg 150w, https:\/\/mouldking.store\/wp-content\/uploads\/2022\/12\/Medieval-Castle-MOC-120736-4-60x60.jpg 60w, https:\/\/mouldking.store\/wp-content\/uploads\/2022\/12\/Medieval-Castle-MOC-120736-4-90x90.jpg 90w, https:\/\/mouldking.store\/wp-content\/uploads\/2022\/12\/Medieval-Castle-MOC-120736-4.jpg 1100w\" sizes=\"(max-width: 1024px) 100vw, 1024px\" \/><figcaption id=\"caption-attachment-38231\" class=\"wp-caption-text\">MOC-120736 L\u00e2u \u0111\u00e0i th\u1eddi trung c\u1ed5 v\u1edbi 2136 C\u00c1I<\/figcaption><\/figure>\n<figure id=\"attachment_38232\" aria-describedby=\"caption-attachment-38232\" style=\"width: 1024px\" class=\"wp-caption aligncenter\"><img loading=\"lazy\" decoding=\"async\" class=\"wp-image-38232 size-large\" src=\"https:\/\/mouldking.store\/wp-content\/uploads\/2022\/12\/Medieval-Castle-MOC-120736-6-1024x1024.jpg\" alt=\"MOC-120736 Medieval Castle With 2136PCS\" width=\"1024\" height=\"1024\" title=\"-\" srcset=\"https:\/\/mouldking.store\/wp-content\/uploads\/2022\/12\/Medieval-Castle-MOC-120736-6-1024x1024.jpg 1024w, https:\/\/mouldking.store\/wp-content\/uploads\/2022\/12\/Medieval-Castle-MOC-120736-6-300x300.jpg 300w, https:\/\/mouldking.store\/wp-content\/uploads\/2022\/12\/Medieval-Castle-MOC-120736-6-768x768.jpg 768w, https:\/\/mouldking.store\/wp-content\/uploads\/2022\/12\/Medieval-Castle-MOC-120736-6-600x600.jpg 600w, https:\/\/mouldking.store\/wp-content\/uploads\/2022\/12\/Medieval-Castle-MOC-120736-6-150x150.jpg 150w, https:\/\/mouldking.store\/wp-content\/uploads\/2022\/12\/Medieval-Castle-MOC-120736-6-60x60.jpg 60w, https:\/\/mouldking.store\/wp-content\/uploads\/2022\/12\/Medieval-Castle-MOC-120736-6-90x90.jpg 90w, https:\/\/mouldking.store\/wp-content\/uploads\/2022\/12\/Medieval-Castle-MOC-120736-6.jpg 1100w\" sizes=\"(max-width: 1024px) 100vw, 1024px\" \/><figcaption id=\"caption-attachment-38232\" class=\"wp-caption-text\">MOC-120736 L\u00e2u \u0111\u00e0i th\u1eddi trung c\u1ed5 v\u1edbi 2136 C\u00c1I<\/figcaption><\/figure>\n<figure id=\"attachment_38233\" aria-describedby=\"caption-attachment-38233\" style=\"width: 1024px\" class=\"wp-caption aligncenter\"><img loading=\"lazy\" decoding=\"async\" class=\"wp-image-38233 size-large\" src=\"https:\/\/mouldking.store\/wp-content\/uploads\/2022\/12\/Medieval-Castle-MOC-120736-5-1024x1024.jpg\" alt=\"MOC-120736 Medieval Castle With 2136PCS\" width=\"1024\" height=\"1024\" title=\"-\" srcset=\"https:\/\/mouldking.store\/wp-content\/uploads\/2022\/12\/Medieval-Castle-MOC-120736-5-1024x1024.jpg 1024w, https:\/\/mouldking.store\/wp-content\/uploads\/2022\/12\/Medieval-Castle-MOC-120736-5-300x300.jpg 300w, https:\/\/mouldking.store\/wp-content\/uploads\/2022\/12\/Medieval-Castle-MOC-120736-5-768x768.jpg 768w, https:\/\/mouldking.store\/wp-content\/uploads\/2022\/12\/Medieval-Castle-MOC-120736-5-600x600.jpg 600w, https:\/\/mouldking.store\/wp-content\/uploads\/2022\/12\/Medieval-Castle-MOC-120736-5-150x150.jpg 150w, https:\/\/mouldking.store\/wp-content\/uploads\/2022\/12\/Medieval-Castle-MOC-120736-5-60x60.jpg 60w, https:\/\/mouldking.store\/wp-content\/uploads\/2022\/12\/Medieval-Castle-MOC-120736-5-90x90.jpg 90w, https:\/\/mouldking.store\/wp-content\/uploads\/2022\/12\/Medieval-Castle-MOC-120736-5.jpg 1100w\" sizes=\"(max-width: 1024px) 100vw, 1024px\" \/><figcaption id=\"caption-attachment-38233\" class=\"wp-caption-text\">MOC-120736 L\u00e2u \u0111\u00e0i th\u1eddi trung c\u1ed5 v\u1edbi 2136 C\u00c1I<\/figcaption><\/figure>","protected":false},"excerpt":{"rendered":"<p>H\u01b0\u1edbng d\u1eabn x\u00e2y d\u1ef1ng PDF<\/p>\n<p>kh\u00f4ng c\u00f3 h\u1ed9p g\u1ed1c<\/p>\n<p>Th\u1eddi gian s\u1eafp x\u1ebfp: 4-8 tu\u1ea7n<\/p>","protected":false},"featured_media":38227,"comment_status":"closed","ping_status":"closed","template":"","meta":{"_acf_changed":false},"product_cat":[1365,1395,1406],"product_tag":[787,4996,5644,430,9649,9650,9648],"class_list":["product","first","instock","shipping-taxable","purchasable","product-type-simple"],"acf":[],"_links":{"self":[{"href":"https:\/\/mouldking.store\/vi\/wp-json\/wp\/v2\/product\/38224","targetHints":{"allow":["GET"]}}],"collection":[{"href":"https:\/\/mouldking.store\/vi\/wp-json\/wp\/v2\/product"}],"about":[{"href":"https:\/\/mouldking.store\/vi\/wp-json\/wp\/v2\/types\/product"}],"replies":[{"embeddable":true,"href":"https:\/\/mouldking.store\/vi\/wp-json\/wp\/v2\/comments?post=38224"}],"wp:featuredmedia":[{"embeddable":true,"href":"https:\/\/mouldking.store\/vi\/wp-json\/wp\/v2\/media\/38227"}],"wp:attachment":[{"href":"https:\/\/mouldking.store\/vi\/wp-json\/wp\/v2\/media?parent=38224"}],"wp:term":[{"taxonomy":"product_cat","embeddable":true,"href":"https:\/\/mouldking.store\/vi\/wp-json\/wp\/v2\/product_cat?post=38224"},{"taxonomy":"product_tag","embeddable":true,"href":"https:\/\/mouldking.store\/vi\/wp-json\/wp\/v2\/product_tag?post=38224"}],"curies":[{"name":"wp","href":"https:\/\/api.w.org\/{rel}","templated":true}]}}