{"id":38385,"date":"2022-12-21T17:02:01","date_gmt":"2022-12-21T10:02:01","guid":{"rendered":"https:\/\/mouldking.store\/?post_type=product&#038;p=38385"},"modified":"2025-12-25T09:12:03","modified_gmt":"2025-12-25T02:12:03","slug":"moc-116989-ge-u-18b-csx-with-1400-pieces","status":"publish","type":"product","link":"https:\/\/mouldking.store\/vi\/shop\/moc-116989-ge-u-18b-csx-with-1400-pieces\/","title":{"rendered":"MOC-116989 GE U-18B CSX V\u1edbi 1400 C\u00e1i"},"content":{"rendered":"<ol>\n<li>Th\u01b0\u01a1ng hi\u1ec7u: M\u1ed8C<\/li>\n<li>Gi\u1edbi t\u00ednh: Unisex<\/li>\n<li>T\u00ean: GE U-18B CSX<\/li>\n<li>\u0110\u1ed9 tu\u1ed5i: &gt; 6 tu\u1ed5i<\/li>\n<li>S\u1ed1 m\u00f4 h\u00ecnh: 116989<\/li>\n<li>Ph\u00e2n lo\u1ea1i: T\u1eadp h\u1ee3p<\/li>\n<li>H\u00ecnh d\u1ea1ng kh\u1ed1i nh\u1ef1a: G\u1ea1ch t\u1ef1 kh\u00f3a<\/li>\n<li>Ch\u1ea5t li\u1ec7u: Nh\u1ef1a<\/li>\n<li>Lo\u1ea1i nh\u1ef1a: ABS<\/li>\n<li>Kh\u1ed1i g\u1ea1ch: 1400 chi\u1ebfc<\/li>\n<li>Tr\u1ecdng l\u01b0\u1ee3ng:1400g<\/li>\n<li>Ch\u1ee9a h\u01b0\u1edbng d\u1eabn l\u1eafp r\u00e1p chi ti\u1ebft.<\/li>\n<\/ol>\n<p>\u0110\u1ec3 \u00fd:<br \/>\n1. Kh\u00f4ng c\u00f3 h\u1ed9p ban \u0111\u1ea7u, nh\u01b0ng ch\u00fang t\u00f4i \u0111\u1ea3m b\u1ea3o s\u1ea3n ph\u1ea9m c\u1ee7a ch\u00fang t\u00f4i c\u00f3 ch\u1ea5t l\u01b0\u1ee3ng \u0111\u1ea3m b\u1ea3o v\u00e0 bao b\u00ec \u0111\u1eb9p.<br \/>\n2. V\u00ec t\u1ea5t c\u1ea3 c\u00e1c b\u1ed9 ph\u1eadn ch\u00fang t\u00f4i \u0111\u00e3 ki\u1ec3m tra tr\u01b0\u1edbc khi v\u1eadn chuy\u1ec3n, v\u00ec v\u1eady n\u1ebfu b\u1ea1n th\u1ea5y m\u1ed9t s\u1ed1 b\u1ed9 ph\u1eadn b\u1ecb thi\u1ebfu ho\u1eb7c h\u01b0 h\u1ecfng, \u0111\u1eebng lo l\u1eafng v\u00e0 ch\u1ec9 c\u1ea7n vui l\u00f2ng li\u00ean h\u1ec7 v\u1edbi ch\u00fang t\u00f4i v\u00e0 ch\u00fang t\u00f4i c\u00f3 th\u1ec3 g\u1eedi l\u1ea1i mi\u1ec5n ph\u00ed cho b\u1ea1n ngay l\u1eadp t\u1ee9c.<\/p>\n<figure id=\"attachment_38386\" aria-describedby=\"caption-attachment-38386\" style=\"width: 1024px\" class=\"wp-caption aligncenter\"><img fetchpriority=\"high\" decoding=\"async\" class=\"wp-image-38386 size-large\" src=\"https:\/\/mouldking.store\/wp-content\/uploads\/2022\/12\/MOC-116989-Technic-GE-U-18B-CSX-MOC-FACTORY-1024x1024.png\" alt=\"MOC-116989 GE U-18B CSX With 1400 Pieces\" width=\"1024\" height=\"1024\" title=\"-\" srcset=\"https:\/\/mouldking.store\/wp-content\/uploads\/2022\/12\/MOC-116989-Technic-GE-U-18B-CSX-MOC-FACTORY-1024x1024.png 1024w, https:\/\/mouldking.store\/wp-content\/uploads\/2022\/12\/MOC-116989-Technic-GE-U-18B-CSX-MOC-FACTORY-300x300.png 300w, https:\/\/mouldking.store\/wp-content\/uploads\/2022\/12\/MOC-116989-Technic-GE-U-18B-CSX-MOC-FACTORY-768x768.png 768w, https:\/\/mouldking.store\/wp-content\/uploads\/2022\/12\/MOC-116989-Technic-GE-U-18B-CSX-MOC-FACTORY-600x600.png 600w, https:\/\/mouldking.store\/wp-content\/uploads\/2022\/12\/MOC-116989-Technic-GE-U-18B-CSX-MOC-FACTORY-150x150.png 150w, https:\/\/mouldking.store\/wp-content\/uploads\/2022\/12\/MOC-116989-Technic-GE-U-18B-CSX-MOC-FACTORY-60x60.png 60w, https:\/\/mouldking.store\/wp-content\/uploads\/2022\/12\/MOC-116989-Technic-GE-U-18B-CSX-MOC-FACTORY-90x90.png 90w, https:\/\/mouldking.store\/wp-content\/uploads\/2022\/12\/MOC-116989-Technic-GE-U-18B-CSX-MOC-FACTORY.png 1095w\" sizes=\"(max-width: 1024px) 100vw, 1024px\" \/><figcaption id=\"caption-attachment-38386\" class=\"wp-caption-text\">MOC-116989 GE U-18B CSX V\u1edbi 1400 C\u00e1i<\/figcaption><\/figure>\n<figure id=\"attachment_38387\" aria-describedby=\"caption-attachment-38387\" style=\"width: 1024px\" class=\"wp-caption aligncenter\"><img decoding=\"async\" class=\"wp-image-38387 size-large\" src=\"https:\/\/mouldking.store\/wp-content\/uploads\/2022\/12\/GE-U-18B-CSX-MOC-116989-1-1024x1024.jpg\" alt=\"MOC-116989 GE U-18B CSX With 1400 Pieces\" width=\"1024\" height=\"1024\" title=\"-\" srcset=\"https:\/\/mouldking.store\/wp-content\/uploads\/2022\/12\/GE-U-18B-CSX-MOC-116989-1-1024x1024.jpg 1024w, https:\/\/mouldking.store\/wp-content\/uploads\/2022\/12\/GE-U-18B-CSX-MOC-116989-1-300x300.jpg 300w, https:\/\/mouldking.store\/wp-content\/uploads\/2022\/12\/GE-U-18B-CSX-MOC-116989-1-768x768.jpg 768w, https:\/\/mouldking.store\/wp-content\/uploads\/2022\/12\/GE-U-18B-CSX-MOC-116989-1-600x600.jpg 600w, https:\/\/mouldking.store\/wp-content\/uploads\/2022\/12\/GE-U-18B-CSX-MOC-116989-1-150x150.jpg 150w, https:\/\/mouldking.store\/wp-content\/uploads\/2022\/12\/GE-U-18B-CSX-MOC-116989-1-60x60.jpg 60w, https:\/\/mouldking.store\/wp-content\/uploads\/2022\/12\/GE-U-18B-CSX-MOC-116989-1-90x90.jpg 90w, https:\/\/mouldking.store\/wp-content\/uploads\/2022\/12\/GE-U-18B-CSX-MOC-116989-1.jpg 1100w\" sizes=\"(max-width: 1024px) 100vw, 1024px\" \/><figcaption id=\"caption-attachment-38387\" class=\"wp-caption-text\">MOC-116989 GE U-18B CSX V\u1edbi 1400 C\u00e1i<\/figcaption><\/figure>\n<figure id=\"attachment_38388\" aria-describedby=\"caption-attachment-38388\" style=\"width: 1024px\" class=\"wp-caption aligncenter\"><img decoding=\"async\" class=\"wp-image-38388 size-large\" src=\"https:\/\/mouldking.store\/wp-content\/uploads\/2022\/12\/GE-U-18B-CSX-MOC-116989-2-1024x1024.jpg\" alt=\"MOC-116989 GE U-18B CSX With 1400 Pieces\" width=\"1024\" height=\"1024\" title=\"-\" srcset=\"https:\/\/mouldking.store\/wp-content\/uploads\/2022\/12\/GE-U-18B-CSX-MOC-116989-2-1024x1024.jpg 1024w, https:\/\/mouldking.store\/wp-content\/uploads\/2022\/12\/GE-U-18B-CSX-MOC-116989-2-300x300.jpg 300w, https:\/\/mouldking.store\/wp-content\/uploads\/2022\/12\/GE-U-18B-CSX-MOC-116989-2-768x768.jpg 768w, https:\/\/mouldking.store\/wp-content\/uploads\/2022\/12\/GE-U-18B-CSX-MOC-116989-2-600x600.jpg 600w, https:\/\/mouldking.store\/wp-content\/uploads\/2022\/12\/GE-U-18B-CSX-MOC-116989-2-150x150.jpg 150w, https:\/\/mouldking.store\/wp-content\/uploads\/2022\/12\/GE-U-18B-CSX-MOC-116989-2-60x60.jpg 60w, https:\/\/mouldking.store\/wp-content\/uploads\/2022\/12\/GE-U-18B-CSX-MOC-116989-2-90x90.jpg 90w, https:\/\/mouldking.store\/wp-content\/uploads\/2022\/12\/GE-U-18B-CSX-MOC-116989-2.jpg 1100w\" sizes=\"(max-width: 1024px) 100vw, 1024px\" \/><figcaption id=\"caption-attachment-38388\" class=\"wp-caption-text\">MOC-116989 GE U-18B CSX V\u1edbi 1400 C\u00e1i<\/figcaption><\/figure>\n<figure id=\"attachment_38389\" aria-describedby=\"caption-attachment-38389\" style=\"width: 1024px\" class=\"wp-caption aligncenter\"><img loading=\"lazy\" decoding=\"async\" class=\"wp-image-38389 size-large\" src=\"https:\/\/mouldking.store\/wp-content\/uploads\/2022\/12\/GE-U-18B-CSX-MOC-116989-3-1024x1024.jpg\" alt=\"MOC-116989 GE U-18B CSX With 1400 Pieces\" width=\"1024\" height=\"1024\" title=\"-\" srcset=\"https:\/\/mouldking.store\/wp-content\/uploads\/2022\/12\/GE-U-18B-CSX-MOC-116989-3-1024x1024.jpg 1024w, https:\/\/mouldking.store\/wp-content\/uploads\/2022\/12\/GE-U-18B-CSX-MOC-116989-3-300x300.jpg 300w, https:\/\/mouldking.store\/wp-content\/uploads\/2022\/12\/GE-U-18B-CSX-MOC-116989-3-768x768.jpg 768w, https:\/\/mouldking.store\/wp-content\/uploads\/2022\/12\/GE-U-18B-CSX-MOC-116989-3-600x600.jpg 600w, https:\/\/mouldking.store\/wp-content\/uploads\/2022\/12\/GE-U-18B-CSX-MOC-116989-3-150x150.jpg 150w, https:\/\/mouldking.store\/wp-content\/uploads\/2022\/12\/GE-U-18B-CSX-MOC-116989-3-60x60.jpg 60w, https:\/\/mouldking.store\/wp-content\/uploads\/2022\/12\/GE-U-18B-CSX-MOC-116989-3-90x90.jpg 90w, https:\/\/mouldking.store\/wp-content\/uploads\/2022\/12\/GE-U-18B-CSX-MOC-116989-3.jpg 1100w\" sizes=\"(max-width: 1024px) 100vw, 1024px\" \/><figcaption id=\"caption-attachment-38389\" class=\"wp-caption-text\">MOC-116989 GE U-18B CSX V\u1edbi 1400 C\u00e1i<\/figcaption><\/figure>\n<figure id=\"attachment_38390\" aria-describedby=\"caption-attachment-38390\" style=\"width: 1100px\" class=\"wp-caption aligncenter\"><img loading=\"lazy\" decoding=\"async\" class=\"wp-image-38390 size-full\" src=\"https:\/\/mouldking.store\/wp-content\/uploads\/2022\/12\/GE-U-18B-CSX-MOC-116989-4.jpg\" alt=\"MOC-116989 GE U-18B CSX With 1400 Pieces\" width=\"1100\" height=\"1100\" title=\"-\" srcset=\"https:\/\/mouldking.store\/wp-content\/uploads\/2022\/12\/GE-U-18B-CSX-MOC-116989-4.jpg 1100w, https:\/\/mouldking.store\/wp-content\/uploads\/2022\/12\/GE-U-18B-CSX-MOC-116989-4-300x300.jpg 300w, https:\/\/mouldking.store\/wp-content\/uploads\/2022\/12\/GE-U-18B-CSX-MOC-116989-4-1024x1024.jpg 1024w, https:\/\/mouldking.store\/wp-content\/uploads\/2022\/12\/GE-U-18B-CSX-MOC-116989-4-768x768.jpg 768w, https:\/\/mouldking.store\/wp-content\/uploads\/2022\/12\/GE-U-18B-CSX-MOC-116989-4-600x600.jpg 600w, https:\/\/mouldking.store\/wp-content\/uploads\/2022\/12\/GE-U-18B-CSX-MOC-116989-4-150x150.jpg 150w, https:\/\/mouldking.store\/wp-content\/uploads\/2022\/12\/GE-U-18B-CSX-MOC-116989-4-60x60.jpg 60w, https:\/\/mouldking.store\/wp-content\/uploads\/2022\/12\/GE-U-18B-CSX-MOC-116989-4-90x90.jpg 90w\" sizes=\"(max-width: 1100px) 100vw, 1100px\" \/><figcaption id=\"caption-attachment-38390\" class=\"wp-caption-text\">MOC-116989 GE U-18B CSX V\u1edbi 1400 C\u00e1i<\/figcaption><\/figure>\n<figure id=\"attachment_38391\" aria-describedby=\"caption-attachment-38391\" style=\"width: 1100px\" class=\"wp-caption aligncenter\"><img loading=\"lazy\" decoding=\"async\" class=\"wp-image-38391 size-full\" src=\"https:\/\/mouldking.store\/wp-content\/uploads\/2022\/12\/GE-U-18B-CSX-MOC-116989-5.jpg\" alt=\"MOC-116989 GE U-18B CSX With 1400 Pieces\" width=\"1100\" height=\"1100\" title=\"-\" srcset=\"https:\/\/mouldking.store\/wp-content\/uploads\/2022\/12\/GE-U-18B-CSX-MOC-116989-5.jpg 1100w, https:\/\/mouldking.store\/wp-content\/uploads\/2022\/12\/GE-U-18B-CSX-MOC-116989-5-300x300.jpg 300w, https:\/\/mouldking.store\/wp-content\/uploads\/2022\/12\/GE-U-18B-CSX-MOC-116989-5-1024x1024.jpg 1024w, https:\/\/mouldking.store\/wp-content\/uploads\/2022\/12\/GE-U-18B-CSX-MOC-116989-5-768x768.jpg 768w, https:\/\/mouldking.store\/wp-content\/uploads\/2022\/12\/GE-U-18B-CSX-MOC-116989-5-600x600.jpg 600w, https:\/\/mouldking.store\/wp-content\/uploads\/2022\/12\/GE-U-18B-CSX-MOC-116989-5-150x150.jpg 150w, https:\/\/mouldking.store\/wp-content\/uploads\/2022\/12\/GE-U-18B-CSX-MOC-116989-5-60x60.jpg 60w, https:\/\/mouldking.store\/wp-content\/uploads\/2022\/12\/GE-U-18B-CSX-MOC-116989-5-90x90.jpg 90w\" sizes=\"(max-width: 1100px) 100vw, 1100px\" \/><figcaption id=\"caption-attachment-38391\" class=\"wp-caption-text\">MOC-116989 GE U-18B CSX V\u1edbi 1400 C\u00e1i<\/figcaption><\/figure>\n<figure id=\"attachment_38392\" aria-describedby=\"caption-attachment-38392\" style=\"width: 1024px\" class=\"wp-caption aligncenter\"><img loading=\"lazy\" decoding=\"async\" class=\"wp-image-38392 size-large\" src=\"https:\/\/mouldking.store\/wp-content\/uploads\/2022\/12\/GE-U-18B-CSX-MOC-116989-6-1024x1024.jpg\" alt=\"MOC-116989 GE U-18B CSX With 1400 Pieces\" width=\"1024\" height=\"1024\" title=\"-\" srcset=\"https:\/\/mouldking.store\/wp-content\/uploads\/2022\/12\/GE-U-18B-CSX-MOC-116989-6-1024x1024.jpg 1024w, https:\/\/mouldking.store\/wp-content\/uploads\/2022\/12\/GE-U-18B-CSX-MOC-116989-6-300x300.jpg 300w, https:\/\/mouldking.store\/wp-content\/uploads\/2022\/12\/GE-U-18B-CSX-MOC-116989-6-768x768.jpg 768w, https:\/\/mouldking.store\/wp-content\/uploads\/2022\/12\/GE-U-18B-CSX-MOC-116989-6-600x600.jpg 600w, https:\/\/mouldking.store\/wp-content\/uploads\/2022\/12\/GE-U-18B-CSX-MOC-116989-6-150x150.jpg 150w, https:\/\/mouldking.store\/wp-content\/uploads\/2022\/12\/GE-U-18B-CSX-MOC-116989-6-60x60.jpg 60w, https:\/\/mouldking.store\/wp-content\/uploads\/2022\/12\/GE-U-18B-CSX-MOC-116989-6-90x90.jpg 90w, https:\/\/mouldking.store\/wp-content\/uploads\/2022\/12\/GE-U-18B-CSX-MOC-116989-6.jpg 1100w\" sizes=\"(max-width: 1024px) 100vw, 1024px\" \/><figcaption id=\"caption-attachment-38392\" class=\"wp-caption-text\">MOC-116989 GE U-18B CSX V\u1edbi 1400 C\u00e1i<\/figcaption><\/figure>","protected":false},"excerpt":{"rendered":"<p>H\u01b0\u1edbng d\u1eabn x\u00e2y d\u1ef1ng PDF<\/p>\n<p>kh\u00f4ng c\u00f3 h\u1ed9p g\u1ed1c<\/p>\n<p>Th\u1eddi gian s\u1eafp x\u1ebfp: 4-8 tu\u1ea7n<\/p>","protected":false},"author":1145,"featured_media":38386,"comment_status":"closed","ping_status":"closed","template":"","meta":{"_acf_changed":false},"product_cat":[1357,1406],"product_tag":[9795,9794,9796,430,9793,9797,9792],"class_list":["product","first","instock","shipping-taxable","purchasable","product-type-simple"],"acf":[],"_links":{"self":[{"href":"https:\/\/mouldking.store\/vi\/wp-json\/wp\/v2\/product\/38385","targetHints":{"allow":["GET"]}}],"collection":[{"href":"https:\/\/mouldking.store\/vi\/wp-json\/wp\/v2\/product"}],"about":[{"href":"https:\/\/mouldking.store\/vi\/wp-json\/wp\/v2\/types\/product"}],"author":[{"embeddable":true,"href":"https:\/\/mouldking.store\/vi\/wp-json\/wp\/v2\/users\/1145"}],"replies":[{"embeddable":true,"href":"https:\/\/mouldking.store\/vi\/wp-json\/wp\/v2\/comments?post=38385"}],"wp:featuredmedia":[{"embeddable":true,"href":"https:\/\/mouldking.store\/vi\/wp-json\/wp\/v2\/media\/38386"}],"wp:attachment":[{"href":"https:\/\/mouldking.store\/vi\/wp-json\/wp\/v2\/media?parent=38385"}],"wp:term":[{"taxonomy":"product_cat","embeddable":true,"href":"https:\/\/mouldking.store\/vi\/wp-json\/wp\/v2\/product_cat?post=38385"},{"taxonomy":"product_tag","embeddable":true,"href":"https:\/\/mouldking.store\/vi\/wp-json\/wp\/v2\/product_tag?post=38385"}],"curies":[{"name":"wp","href":"https:\/\/api.w.org\/{rel}","templated":true}]}}