{"id":38443,"date":"2022-12-21T18:04:57","date_gmt":"2022-12-21T11:04:57","guid":{"rendered":"https:\/\/mouldking.store\/?post_type=product&#038;p=38443"},"modified":"2025-12-25T09:12:02","modified_gmt":"2025-12-25T02:12:02","slug":"moc-111378-tie-dragonfly-drone-tie-dx-with-456-pieces","status":"publish","type":"product","link":"https:\/\/mouldking.store\/vi\/shop\/moc-111378-tie-dragonfly-drone-tie-dx-with-456-pieces\/","title":{"rendered":"MOC-111378 M\u00e1y bay kh\u00f4ng ng\u01b0\u1eddi l\u00e1i chu\u1ed3n chu\u1ed3n TIE (TIE\/dx) V\u1edbi 456 mi\u1ebfng"},"content":{"rendered":"<ol>\n<li>Th\u01b0\u01a1ng hi\u1ec7u: M\u1ed8C<\/li>\n<li>Gi\u1edbi t\u00ednh: Unisex<\/li>\n<li>Name: TIE Dragonfly Drone (TIE\/dx)<\/li>\n<li>\u0110\u1ed9 tu\u1ed5i: &gt; 6 tu\u1ed5i<\/li>\n<li>Model Number: 111378<\/li>\n<li>Ph\u00e2n lo\u1ea1i: T\u1eadp h\u1ee3p<\/li>\n<li>H\u00ecnh d\u1ea1ng kh\u1ed1i nh\u1ef1a: G\u1ea1ch t\u1ef1 kh\u00f3a<\/li>\n<li>Ch\u1ea5t li\u1ec7u: Nh\u1ef1a<\/li>\n<li>Lo\u1ea1i nh\u1ef1a: ABS<\/li>\n<li>Bricks Blocks:456 PCS<\/li>\n<li>Dimensions: 21.3 x 17.7 x 10.2cm<\/li>\n<li>Weight:500g<\/li>\n<li>Ch\u1ee9a h\u01b0\u1edbng d\u1eabn l\u1eafp r\u00e1p chi ti\u1ebft.<\/li>\n<\/ol>\n<p>\u0110\u1ec3 \u00fd:<br \/>\n1. Kh\u00f4ng c\u00f3 h\u1ed9p ban \u0111\u1ea7u, nh\u01b0ng ch\u00fang t\u00f4i \u0111\u1ea3m b\u1ea3o s\u1ea3n ph\u1ea9m c\u1ee7a ch\u00fang t\u00f4i c\u00f3 ch\u1ea5t l\u01b0\u1ee3ng \u0111\u1ea3m b\u1ea3o v\u00e0 bao b\u00ec \u0111\u1eb9p.<br \/>\n2. V\u00ec t\u1ea5t c\u1ea3 c\u00e1c b\u1ed9 ph\u1eadn ch\u00fang t\u00f4i \u0111\u00e3 ki\u1ec3m tra tr\u01b0\u1edbc khi v\u1eadn chuy\u1ec3n, v\u00ec v\u1eady n\u1ebfu b\u1ea1n th\u1ea5y m\u1ed9t s\u1ed1 b\u1ed9 ph\u1eadn b\u1ecb thi\u1ebfu ho\u1eb7c h\u01b0 h\u1ecfng, \u0111\u1eebng lo l\u1eafng v\u00e0 ch\u1ec9 c\u1ea7n vui l\u00f2ng li\u00ean h\u1ec7 v\u1edbi ch\u00fang t\u00f4i v\u00e0 ch\u00fang t\u00f4i c\u00f3 th\u1ec3 g\u1eedi l\u1ea1i mi\u1ec5n ph\u00ed cho b\u1ea1n ngay l\u1eadp t\u1ee9c.<\/p>\n<figure id=\"attachment_38444\" aria-describedby=\"caption-attachment-38444\" style=\"width: 1024px\" class=\"wp-caption aligncenter\"><img fetchpriority=\"high\" decoding=\"async\" class=\"wp-image-38444 size-large\" src=\"https:\/\/mouldking.store\/wp-content\/uploads\/2022\/12\/MOC-111378-Star-Wars-TIE-Dragonfly-Drone-TIEdx-MOC-FACTORY-1024x1024.png\" alt=\"MOC-111378 TIE Dragonfly Drone (TIE\/dx) With 456 Pieces\" width=\"1024\" height=\"1024\" title=\"-\" srcset=\"https:\/\/mouldking.store\/wp-content\/uploads\/2022\/12\/MOC-111378-Star-Wars-TIE-Dragonfly-Drone-TIEdx-MOC-FACTORY-1024x1024.png 1024w, https:\/\/mouldking.store\/wp-content\/uploads\/2022\/12\/MOC-111378-Star-Wars-TIE-Dragonfly-Drone-TIEdx-MOC-FACTORY-300x300.png 300w, https:\/\/mouldking.store\/wp-content\/uploads\/2022\/12\/MOC-111378-Star-Wars-TIE-Dragonfly-Drone-TIEdx-MOC-FACTORY-768x768.png 768w, https:\/\/mouldking.store\/wp-content\/uploads\/2022\/12\/MOC-111378-Star-Wars-TIE-Dragonfly-Drone-TIEdx-MOC-FACTORY-600x600.png 600w, https:\/\/mouldking.store\/wp-content\/uploads\/2022\/12\/MOC-111378-Star-Wars-TIE-Dragonfly-Drone-TIEdx-MOC-FACTORY-150x150.png 150w, https:\/\/mouldking.store\/wp-content\/uploads\/2022\/12\/MOC-111378-Star-Wars-TIE-Dragonfly-Drone-TIEdx-MOC-FACTORY-60x60.png 60w, https:\/\/mouldking.store\/wp-content\/uploads\/2022\/12\/MOC-111378-Star-Wars-TIE-Dragonfly-Drone-TIEdx-MOC-FACTORY-90x90.png 90w, https:\/\/mouldking.store\/wp-content\/uploads\/2022\/12\/MOC-111378-Star-Wars-TIE-Dragonfly-Drone-TIEdx-MOC-FACTORY.png 1095w\" sizes=\"(max-width: 1024px) 100vw, 1024px\" \/><figcaption id=\"caption-attachment-38444\" class=\"wp-caption-text\">MOC-111378 M\u00e1y bay kh\u00f4ng ng\u01b0\u1eddi l\u00e1i chu\u1ed3n chu\u1ed3n TIE (TIE\/dx) V\u1edbi 456 mi\u1ebfng<\/figcaption><\/figure>\n<figure id=\"attachment_38445\" aria-describedby=\"caption-attachment-38445\" style=\"width: 1100px\" class=\"wp-caption aligncenter\"><img decoding=\"async\" class=\"wp-image-38445 size-full\" src=\"https:\/\/mouldking.store\/wp-content\/uploads\/2022\/12\/TIE-Dragonfly-Drone-TIEdx-MOC-111378-1.jpg\" alt=\"MOC-111378 TIE Dragonfly Drone (TIE\/dx) With 456 Pieces\" width=\"1100\" height=\"1100\" title=\"-\" srcset=\"https:\/\/mouldking.store\/wp-content\/uploads\/2022\/12\/TIE-Dragonfly-Drone-TIEdx-MOC-111378-1.jpg 1100w, https:\/\/mouldking.store\/wp-content\/uploads\/2022\/12\/TIE-Dragonfly-Drone-TIEdx-MOC-111378-1-300x300.jpg 300w, https:\/\/mouldking.store\/wp-content\/uploads\/2022\/12\/TIE-Dragonfly-Drone-TIEdx-MOC-111378-1-1024x1024.jpg 1024w, https:\/\/mouldking.store\/wp-content\/uploads\/2022\/12\/TIE-Dragonfly-Drone-TIEdx-MOC-111378-1-768x768.jpg 768w, https:\/\/mouldking.store\/wp-content\/uploads\/2022\/12\/TIE-Dragonfly-Drone-TIEdx-MOC-111378-1-600x600.jpg 600w, https:\/\/mouldking.store\/wp-content\/uploads\/2022\/12\/TIE-Dragonfly-Drone-TIEdx-MOC-111378-1-150x150.jpg 150w, https:\/\/mouldking.store\/wp-content\/uploads\/2022\/12\/TIE-Dragonfly-Drone-TIEdx-MOC-111378-1-60x60.jpg 60w, https:\/\/mouldking.store\/wp-content\/uploads\/2022\/12\/TIE-Dragonfly-Drone-TIEdx-MOC-111378-1-90x90.jpg 90w\" sizes=\"(max-width: 1100px) 100vw, 1100px\" \/><figcaption id=\"caption-attachment-38445\" class=\"wp-caption-text\">MOC-111378 M\u00e1y bay kh\u00f4ng ng\u01b0\u1eddi l\u00e1i chu\u1ed3n chu\u1ed3n TIE (TIE\/dx) V\u1edbi 456 mi\u1ebfng<\/figcaption><\/figure>\n<figure id=\"attachment_38446\" aria-describedby=\"caption-attachment-38446\" style=\"width: 1100px\" class=\"wp-caption aligncenter\"><img decoding=\"async\" class=\"wp-image-38446 size-full\" src=\"https:\/\/mouldking.store\/wp-content\/uploads\/2022\/12\/TIE-Dragonfly-Drone-TIEdx-MOC-111378-2.jpg\" alt=\"MOC-111378 TIE Dragonfly Drone (TIE\/dx) With 456 Pieces\" width=\"1100\" height=\"1100\" title=\"-\" srcset=\"https:\/\/mouldking.store\/wp-content\/uploads\/2022\/12\/TIE-Dragonfly-Drone-TIEdx-MOC-111378-2.jpg 1100w, https:\/\/mouldking.store\/wp-content\/uploads\/2022\/12\/TIE-Dragonfly-Drone-TIEdx-MOC-111378-2-300x300.jpg 300w, https:\/\/mouldking.store\/wp-content\/uploads\/2022\/12\/TIE-Dragonfly-Drone-TIEdx-MOC-111378-2-1024x1024.jpg 1024w, https:\/\/mouldking.store\/wp-content\/uploads\/2022\/12\/TIE-Dragonfly-Drone-TIEdx-MOC-111378-2-768x768.jpg 768w, https:\/\/mouldking.store\/wp-content\/uploads\/2022\/12\/TIE-Dragonfly-Drone-TIEdx-MOC-111378-2-600x600.jpg 600w, https:\/\/mouldking.store\/wp-content\/uploads\/2022\/12\/TIE-Dragonfly-Drone-TIEdx-MOC-111378-2-150x150.jpg 150w, https:\/\/mouldking.store\/wp-content\/uploads\/2022\/12\/TIE-Dragonfly-Drone-TIEdx-MOC-111378-2-60x60.jpg 60w, https:\/\/mouldking.store\/wp-content\/uploads\/2022\/12\/TIE-Dragonfly-Drone-TIEdx-MOC-111378-2-90x90.jpg 90w\" sizes=\"(max-width: 1100px) 100vw, 1100px\" \/><figcaption id=\"caption-attachment-38446\" class=\"wp-caption-text\">MOC-111378 M\u00e1y bay kh\u00f4ng ng\u01b0\u1eddi l\u00e1i chu\u1ed3n chu\u1ed3n TIE (TIE\/dx) V\u1edbi 456 mi\u1ebfng<\/figcaption><\/figure>\n<figure id=\"attachment_38447\" aria-describedby=\"caption-attachment-38447\" style=\"width: 1024px\" class=\"wp-caption aligncenter\"><img loading=\"lazy\" decoding=\"async\" class=\"wp-image-38447 size-large\" src=\"https:\/\/mouldking.store\/wp-content\/uploads\/2022\/12\/TIE-Dragonfly-Drone-TIEdx-MOC-111378-3-1024x1024.jpg\" alt=\"MOC-111378 TIE Dragonfly Drone (TIE\/dx) With 456 Pieces\" width=\"1024\" height=\"1024\" title=\"-\" srcset=\"https:\/\/mouldking.store\/wp-content\/uploads\/2022\/12\/TIE-Dragonfly-Drone-TIEdx-MOC-111378-3-1024x1024.jpg 1024w, https:\/\/mouldking.store\/wp-content\/uploads\/2022\/12\/TIE-Dragonfly-Drone-TIEdx-MOC-111378-3-300x300.jpg 300w, https:\/\/mouldking.store\/wp-content\/uploads\/2022\/12\/TIE-Dragonfly-Drone-TIEdx-MOC-111378-3-768x768.jpg 768w, https:\/\/mouldking.store\/wp-content\/uploads\/2022\/12\/TIE-Dragonfly-Drone-TIEdx-MOC-111378-3-600x600.jpg 600w, https:\/\/mouldking.store\/wp-content\/uploads\/2022\/12\/TIE-Dragonfly-Drone-TIEdx-MOC-111378-3-150x150.jpg 150w, https:\/\/mouldking.store\/wp-content\/uploads\/2022\/12\/TIE-Dragonfly-Drone-TIEdx-MOC-111378-3-60x60.jpg 60w, https:\/\/mouldking.store\/wp-content\/uploads\/2022\/12\/TIE-Dragonfly-Drone-TIEdx-MOC-111378-3-90x90.jpg 90w, https:\/\/mouldking.store\/wp-content\/uploads\/2022\/12\/TIE-Dragonfly-Drone-TIEdx-MOC-111378-3.jpg 1100w\" sizes=\"(max-width: 1024px) 100vw, 1024px\" \/><figcaption id=\"caption-attachment-38447\" class=\"wp-caption-text\">MOC-111378 M\u00e1y bay kh\u00f4ng ng\u01b0\u1eddi l\u00e1i chu\u1ed3n chu\u1ed3n TIE (TIE\/dx) V\u1edbi 456 mi\u1ebfng<\/figcaption><\/figure>\n<figure id=\"attachment_38448\" aria-describedby=\"caption-attachment-38448\" style=\"width: 1100px\" class=\"wp-caption aligncenter\"><img loading=\"lazy\" decoding=\"async\" class=\"wp-image-38448 size-full\" src=\"https:\/\/mouldking.store\/wp-content\/uploads\/2022\/12\/TIE-Dragonfly-Drone-TIEdx-MOC-111378-4.jpg\" alt=\"MOC-111378 TIE Dragonfly Drone (TIE\/dx) With 456 Pieces\" width=\"1100\" height=\"1100\" title=\"-\" srcset=\"https:\/\/mouldking.store\/wp-content\/uploads\/2022\/12\/TIE-Dragonfly-Drone-TIEdx-MOC-111378-4.jpg 1100w, https:\/\/mouldking.store\/wp-content\/uploads\/2022\/12\/TIE-Dragonfly-Drone-TIEdx-MOC-111378-4-300x300.jpg 300w, https:\/\/mouldking.store\/wp-content\/uploads\/2022\/12\/TIE-Dragonfly-Drone-TIEdx-MOC-111378-4-1024x1024.jpg 1024w, https:\/\/mouldking.store\/wp-content\/uploads\/2022\/12\/TIE-Dragonfly-Drone-TIEdx-MOC-111378-4-768x768.jpg 768w, https:\/\/mouldking.store\/wp-content\/uploads\/2022\/12\/TIE-Dragonfly-Drone-TIEdx-MOC-111378-4-600x600.jpg 600w, https:\/\/mouldking.store\/wp-content\/uploads\/2022\/12\/TIE-Dragonfly-Drone-TIEdx-MOC-111378-4-150x150.jpg 150w, https:\/\/mouldking.store\/wp-content\/uploads\/2022\/12\/TIE-Dragonfly-Drone-TIEdx-MOC-111378-4-60x60.jpg 60w, https:\/\/mouldking.store\/wp-content\/uploads\/2022\/12\/TIE-Dragonfly-Drone-TIEdx-MOC-111378-4-90x90.jpg 90w\" sizes=\"(max-width: 1100px) 100vw, 1100px\" \/><figcaption id=\"caption-attachment-38448\" class=\"wp-caption-text\">MOC-111378 M\u00e1y bay kh\u00f4ng ng\u01b0\u1eddi l\u00e1i chu\u1ed3n chu\u1ed3n TIE (TIE\/dx) V\u1edbi 456 mi\u1ebfng<\/figcaption><\/figure>\n<figure id=\"attachment_38449\" aria-describedby=\"caption-attachment-38449\" style=\"width: 1024px\" class=\"wp-caption aligncenter\"><img loading=\"lazy\" decoding=\"async\" class=\"wp-image-38449 size-large\" src=\"https:\/\/mouldking.store\/wp-content\/uploads\/2022\/12\/TIE-Dragonfly-Drone-TIEdx-MOC-111378-5-1024x1024.jpg\" alt=\"MOC-111378 TIE Dragonfly Drone (TIE\/dx) With 456 Pieces\" width=\"1024\" height=\"1024\" title=\"-\" srcset=\"https:\/\/mouldking.store\/wp-content\/uploads\/2022\/12\/TIE-Dragonfly-Drone-TIEdx-MOC-111378-5-1024x1024.jpg 1024w, https:\/\/mouldking.store\/wp-content\/uploads\/2022\/12\/TIE-Dragonfly-Drone-TIEdx-MOC-111378-5-300x300.jpg 300w, https:\/\/mouldking.store\/wp-content\/uploads\/2022\/12\/TIE-Dragonfly-Drone-TIEdx-MOC-111378-5-768x768.jpg 768w, https:\/\/mouldking.store\/wp-content\/uploads\/2022\/12\/TIE-Dragonfly-Drone-TIEdx-MOC-111378-5-600x600.jpg 600w, https:\/\/mouldking.store\/wp-content\/uploads\/2022\/12\/TIE-Dragonfly-Drone-TIEdx-MOC-111378-5-150x150.jpg 150w, https:\/\/mouldking.store\/wp-content\/uploads\/2022\/12\/TIE-Dragonfly-Drone-TIEdx-MOC-111378-5-60x60.jpg 60w, https:\/\/mouldking.store\/wp-content\/uploads\/2022\/12\/TIE-Dragonfly-Drone-TIEdx-MOC-111378-5-90x90.jpg 90w, https:\/\/mouldking.store\/wp-content\/uploads\/2022\/12\/TIE-Dragonfly-Drone-TIEdx-MOC-111378-5.jpg 1100w\" sizes=\"(max-width: 1024px) 100vw, 1024px\" \/><figcaption id=\"caption-attachment-38449\" class=\"wp-caption-text\">MOC-111378 M\u00e1y bay kh\u00f4ng ng\u01b0\u1eddi l\u00e1i chu\u1ed3n chu\u1ed3n TIE (TIE\/dx) V\u1edbi 456 mi\u1ebfng<\/figcaption><\/figure>\n<figure id=\"attachment_38450\" aria-describedby=\"caption-attachment-38450\" style=\"width: 1024px\" class=\"wp-caption aligncenter\"><img loading=\"lazy\" decoding=\"async\" class=\"wp-image-38450 size-large\" src=\"https:\/\/mouldking.store\/wp-content\/uploads\/2022\/12\/TIE-Dragonfly-Drone-TIEdx-MOC-111378-6-1024x1024.jpg\" alt=\"MOC-111378 TIE Dragonfly Drone (TIE\/dx) With 456 Pieces\" width=\"1024\" height=\"1024\" title=\"-\" srcset=\"https:\/\/mouldking.store\/wp-content\/uploads\/2022\/12\/TIE-Dragonfly-Drone-TIEdx-MOC-111378-6-1024x1024.jpg 1024w, https:\/\/mouldking.store\/wp-content\/uploads\/2022\/12\/TIE-Dragonfly-Drone-TIEdx-MOC-111378-6-300x300.jpg 300w, https:\/\/mouldking.store\/wp-content\/uploads\/2022\/12\/TIE-Dragonfly-Drone-TIEdx-MOC-111378-6-768x768.jpg 768w, https:\/\/mouldking.store\/wp-content\/uploads\/2022\/12\/TIE-Dragonfly-Drone-TIEdx-MOC-111378-6-600x600.jpg 600w, https:\/\/mouldking.store\/wp-content\/uploads\/2022\/12\/TIE-Dragonfly-Drone-TIEdx-MOC-111378-6-150x150.jpg 150w, https:\/\/mouldking.store\/wp-content\/uploads\/2022\/12\/TIE-Dragonfly-Drone-TIEdx-MOC-111378-6-60x60.jpg 60w, https:\/\/mouldking.store\/wp-content\/uploads\/2022\/12\/TIE-Dragonfly-Drone-TIEdx-MOC-111378-6-90x90.jpg 90w, https:\/\/mouldking.store\/wp-content\/uploads\/2022\/12\/TIE-Dragonfly-Drone-TIEdx-MOC-111378-6.jpg 1100w\" sizes=\"(max-width: 1024px) 100vw, 1024px\" \/><figcaption id=\"caption-attachment-38450\" class=\"wp-caption-text\">MOC-111378 M\u00e1y bay kh\u00f4ng ng\u01b0\u1eddi l\u00e1i chu\u1ed3n chu\u1ed3n TIE (TIE\/dx) V\u1edbi 456 mi\u1ebfng<\/figcaption><\/figure>","protected":false},"excerpt":{"rendered":"<p>H\u01b0\u1edbng d\u1eabn x\u00e2y d\u1ef1ng PDF<\/p>\n<p>kh\u00f4ng c\u00f3 h\u1ed9p g\u1ed1c<\/p>\n<p>Th\u1eddi gian s\u1eafp x\u1ebfp: 4-8 tu\u1ea7n<\/p>","protected":false},"featured_media":38444,"comment_status":"closed","ping_status":"closed","template":"","meta":{"_acf_changed":false},"product_cat":[1406,415],"product_tag":[8389,9842,430,9841,9846,9840,5532,9843,9845,9844],"class_list":["product","first","instock","shipping-taxable","purchasable","product-type-simple"],"acf":[],"_links":{"self":[{"href":"https:\/\/mouldking.store\/vi\/wp-json\/wp\/v2\/product\/38443","targetHints":{"allow":["GET"]}}],"collection":[{"href":"https:\/\/mouldking.store\/vi\/wp-json\/wp\/v2\/product"}],"about":[{"href":"https:\/\/mouldking.store\/vi\/wp-json\/wp\/v2\/types\/product"}],"replies":[{"embeddable":true,"href":"https:\/\/mouldking.store\/vi\/wp-json\/wp\/v2\/comments?post=38443"}],"wp:featuredmedia":[{"embeddable":true,"href":"https:\/\/mouldking.store\/vi\/wp-json\/wp\/v2\/media\/38444"}],"wp:attachment":[{"href":"https:\/\/mouldking.store\/vi\/wp-json\/wp\/v2\/media?parent=38443"}],"wp:term":[{"taxonomy":"product_cat","embeddable":true,"href":"https:\/\/mouldking.store\/vi\/wp-json\/wp\/v2\/product_cat?post=38443"},{"taxonomy":"product_tag","embeddable":true,"href":"https:\/\/mouldking.store\/vi\/wp-json\/wp\/v2\/product_tag?post=38443"}],"curies":[{"name":"wp","href":"https:\/\/api.w.org\/{rel}","templated":true}]}}