{"id":38589,"date":"2022-12-22T16:51:42","date_gmt":"2022-12-22T09:51:42","guid":{"rendered":"https:\/\/mouldking.store\/?post_type=product&#038;p=38589"},"modified":"2025-12-25T09:11:58","modified_gmt":"2025-12-25T02:11:58","slug":"moc-89522-lindenstrasse-no-24-with-2091-pieces","status":"publish","type":"product","link":"https:\/\/mouldking.store\/vi\/shop\/moc-89522-lindenstrasse-no-24-with-2091-pieces\/","title":{"rendered":"MOC-89522 Lindenstrasse No. 24 With 2091 Pieces"},"content":{"rendered":"<ol>\n<li>Th\u01b0\u01a1ng hi\u1ec7u: M\u1ed8C<\/li>\n<li>Gi\u1edbi t\u00ednh: Unisex<\/li>\n<li>Name: Lindenstrasse No. 24<\/li>\n<li>\u0110\u1ed9 tu\u1ed5i: &gt; 6 tu\u1ed5i<\/li>\n<li>Model Number: 89522<\/li>\n<li>Ph\u00e2n lo\u1ea1i: T\u1eadp h\u1ee3p<\/li>\n<li>H\u00ecnh d\u1ea1ng kh\u1ed1i nh\u1ef1a: G\u1ea1ch t\u1ef1 kh\u00f3a<\/li>\n<li>Ch\u1ea5t li\u1ec7u: Nh\u1ef1a<\/li>\n<li>Lo\u1ea1i nh\u1ef1a: ABS<\/li>\n<li>Bricks Blocks:2091 PCS<\/li>\n<li>Dimensions: 16 x 17 x 34.3cm<\/li>\n<li>Weight:2000g<\/li>\n<li>Ch\u1ee9a h\u01b0\u1edbng d\u1eabn l\u1eafp r\u00e1p chi ti\u1ebft.<\/li>\n<\/ol>\n<p>\u0110\u1ec3 \u00fd:<br \/>\n1. Kh\u00f4ng c\u00f3 h\u1ed9p ban \u0111\u1ea7u, nh\u01b0ng ch\u00fang t\u00f4i \u0111\u1ea3m b\u1ea3o s\u1ea3n ph\u1ea9m c\u1ee7a ch\u00fang t\u00f4i c\u00f3 ch\u1ea5t l\u01b0\u1ee3ng \u0111\u1ea3m b\u1ea3o v\u00e0 bao b\u00ec \u0111\u1eb9p.<br \/>\n2. V\u00ec t\u1ea5t c\u1ea3 c\u00e1c b\u1ed9 ph\u1eadn ch\u00fang t\u00f4i \u0111\u00e3 ki\u1ec3m tra tr\u01b0\u1edbc khi v\u1eadn chuy\u1ec3n, v\u00ec v\u1eady n\u1ebfu b\u1ea1n th\u1ea5y m\u1ed9t s\u1ed1 b\u1ed9 ph\u1eadn b\u1ecb thi\u1ebfu ho\u1eb7c h\u01b0 h\u1ecfng, \u0111\u1eebng lo l\u1eafng v\u00e0 ch\u1ec9 c\u1ea7n vui l\u00f2ng li\u00ean h\u1ec7 v\u1edbi ch\u00fang t\u00f4i v\u00e0 ch\u00fang t\u00f4i c\u00f3 th\u1ec3 g\u1eedi l\u1ea1i mi\u1ec5n ph\u00ed cho b\u1ea1n ngay l\u1eadp t\u1ee9c.<\/p>\n<figure id=\"attachment_38590\" aria-describedby=\"caption-attachment-38590\" style=\"width: 1004px\" class=\"wp-caption aligncenter\"><img fetchpriority=\"high\" decoding=\"async\" class=\"wp-image-38590 size-full\" src=\"https:\/\/mouldking.store\/wp-content\/uploads\/2022\/12\/MOC-89522-Modular-Buildings-Lindenstrasse-No.-24-MOC-FACTORY.png\" alt=\"MOC-89522 Lindenstrasse No. 24 With 2091 Pieces\" width=\"1004\" height=\"1004\" title=\"-\" srcset=\"https:\/\/mouldking.store\/wp-content\/uploads\/2022\/12\/MOC-89522-Modular-Buildings-Lindenstrasse-No.-24-MOC-FACTORY.png 1004w, https:\/\/mouldking.store\/wp-content\/uploads\/2022\/12\/MOC-89522-Modular-Buildings-Lindenstrasse-No.-24-MOC-FACTORY-300x300.png 300w, https:\/\/mouldking.store\/wp-content\/uploads\/2022\/12\/MOC-89522-Modular-Buildings-Lindenstrasse-No.-24-MOC-FACTORY-768x768.png 768w, https:\/\/mouldking.store\/wp-content\/uploads\/2022\/12\/MOC-89522-Modular-Buildings-Lindenstrasse-No.-24-MOC-FACTORY-600x600.png 600w, https:\/\/mouldking.store\/wp-content\/uploads\/2022\/12\/MOC-89522-Modular-Buildings-Lindenstrasse-No.-24-MOC-FACTORY-150x150.png 150w, https:\/\/mouldking.store\/wp-content\/uploads\/2022\/12\/MOC-89522-Modular-Buildings-Lindenstrasse-No.-24-MOC-FACTORY-60x60.png 60w, https:\/\/mouldking.store\/wp-content\/uploads\/2022\/12\/MOC-89522-Modular-Buildings-Lindenstrasse-No.-24-MOC-FACTORY-90x90.png 90w\" sizes=\"(max-width: 1004px) 100vw, 1004px\" \/><figcaption id=\"caption-attachment-38590\" class=\"wp-caption-text\">MOC-89522 Lindenstrasse No. 24 With 2091 Pieces<\/figcaption><\/figure>\n<figure id=\"attachment_38591\" aria-describedby=\"caption-attachment-38591\" style=\"width: 1024px\" class=\"wp-caption aligncenter\"><img decoding=\"async\" class=\"wp-image-38591 size-large\" src=\"https:\/\/mouldking.store\/wp-content\/uploads\/2022\/12\/Lindenstrasse-No.-24-MOC-89522-1-1024x1024.jpg\" alt=\"MOC-89522 Lindenstrasse No. 24 With 2091 Pieces\" width=\"1024\" height=\"1024\" title=\"-\" srcset=\"https:\/\/mouldking.store\/wp-content\/uploads\/2022\/12\/Lindenstrasse-No.-24-MOC-89522-1-1024x1024.jpg 1024w, https:\/\/mouldking.store\/wp-content\/uploads\/2022\/12\/Lindenstrasse-No.-24-MOC-89522-1-300x300.jpg 300w, https:\/\/mouldking.store\/wp-content\/uploads\/2022\/12\/Lindenstrasse-No.-24-MOC-89522-1-768x768.jpg 768w, https:\/\/mouldking.store\/wp-content\/uploads\/2022\/12\/Lindenstrasse-No.-24-MOC-89522-1-1536x1536.jpg 1536w, https:\/\/mouldking.store\/wp-content\/uploads\/2022\/12\/Lindenstrasse-No.-24-MOC-89522-1-600x600.jpg 600w, https:\/\/mouldking.store\/wp-content\/uploads\/2022\/12\/Lindenstrasse-No.-24-MOC-89522-1-150x150.jpg 150w, https:\/\/mouldking.store\/wp-content\/uploads\/2022\/12\/Lindenstrasse-No.-24-MOC-89522-1-60x60.jpg 60w, https:\/\/mouldking.store\/wp-content\/uploads\/2022\/12\/Lindenstrasse-No.-24-MOC-89522-1-90x90.jpg 90w, https:\/\/mouldking.store\/wp-content\/uploads\/2022\/12\/Lindenstrasse-No.-24-MOC-89522-1.jpg 1600w\" sizes=\"(max-width: 1024px) 100vw, 1024px\" \/><figcaption id=\"caption-attachment-38591\" class=\"wp-caption-text\">MOC-89522 Lindenstrasse No. 24 With 2091 Pieces<\/figcaption><\/figure>\n<figure id=\"attachment_38592\" aria-describedby=\"caption-attachment-38592\" style=\"width: 1024px\" class=\"wp-caption aligncenter\"><img decoding=\"async\" class=\"wp-image-38592 size-large\" src=\"https:\/\/mouldking.store\/wp-content\/uploads\/2022\/12\/Lindenstrasse-No.-24-MOC-89522-2-1024x1024.jpg\" alt=\"MOC-89522 Lindenstrasse No. 24 With 2091 Pieces\" width=\"1024\" height=\"1024\" title=\"-\" srcset=\"https:\/\/mouldking.store\/wp-content\/uploads\/2022\/12\/Lindenstrasse-No.-24-MOC-89522-2-1024x1024.jpg 1024w, https:\/\/mouldking.store\/wp-content\/uploads\/2022\/12\/Lindenstrasse-No.-24-MOC-89522-2-300x300.jpg 300w, https:\/\/mouldking.store\/wp-content\/uploads\/2022\/12\/Lindenstrasse-No.-24-MOC-89522-2-768x768.jpg 768w, https:\/\/mouldking.store\/wp-content\/uploads\/2022\/12\/Lindenstrasse-No.-24-MOC-89522-2-1536x1536.jpg 1536w, https:\/\/mouldking.store\/wp-content\/uploads\/2022\/12\/Lindenstrasse-No.-24-MOC-89522-2-600x600.jpg 600w, https:\/\/mouldking.store\/wp-content\/uploads\/2022\/12\/Lindenstrasse-No.-24-MOC-89522-2-150x150.jpg 150w, https:\/\/mouldking.store\/wp-content\/uploads\/2022\/12\/Lindenstrasse-No.-24-MOC-89522-2-60x60.jpg 60w, https:\/\/mouldking.store\/wp-content\/uploads\/2022\/12\/Lindenstrasse-No.-24-MOC-89522-2-90x90.jpg 90w, https:\/\/mouldking.store\/wp-content\/uploads\/2022\/12\/Lindenstrasse-No.-24-MOC-89522-2.jpg 1600w\" sizes=\"(max-width: 1024px) 100vw, 1024px\" \/><figcaption id=\"caption-attachment-38592\" class=\"wp-caption-text\">MOC-89522 Lindenstrasse No. 24 With 2091 Pieces<\/figcaption><\/figure>\n<figure id=\"attachment_38593\" aria-describedby=\"caption-attachment-38593\" style=\"width: 1024px\" class=\"wp-caption aligncenter\"><img loading=\"lazy\" decoding=\"async\" class=\"wp-image-38593 size-large\" src=\"https:\/\/mouldking.store\/wp-content\/uploads\/2022\/12\/Lindenstrasse-No.-24-MOC-89522-3-1024x1024.jpg\" alt=\"MOC-89522 Lindenstrasse No. 24 With 2091 Pieces\" width=\"1024\" height=\"1024\" title=\"-\" srcset=\"https:\/\/mouldking.store\/wp-content\/uploads\/2022\/12\/Lindenstrasse-No.-24-MOC-89522-3-1024x1024.jpg 1024w, https:\/\/mouldking.store\/wp-content\/uploads\/2022\/12\/Lindenstrasse-No.-24-MOC-89522-3-300x300.jpg 300w, https:\/\/mouldking.store\/wp-content\/uploads\/2022\/12\/Lindenstrasse-No.-24-MOC-89522-3-768x768.jpg 768w, https:\/\/mouldking.store\/wp-content\/uploads\/2022\/12\/Lindenstrasse-No.-24-MOC-89522-3-1536x1536.jpg 1536w, https:\/\/mouldking.store\/wp-content\/uploads\/2022\/12\/Lindenstrasse-No.-24-MOC-89522-3-600x600.jpg 600w, https:\/\/mouldking.store\/wp-content\/uploads\/2022\/12\/Lindenstrasse-No.-24-MOC-89522-3-150x150.jpg 150w, https:\/\/mouldking.store\/wp-content\/uploads\/2022\/12\/Lindenstrasse-No.-24-MOC-89522-3-60x60.jpg 60w, https:\/\/mouldking.store\/wp-content\/uploads\/2022\/12\/Lindenstrasse-No.-24-MOC-89522-3-90x90.jpg 90w, https:\/\/mouldking.store\/wp-content\/uploads\/2022\/12\/Lindenstrasse-No.-24-MOC-89522-3.jpg 1600w\" sizes=\"(max-width: 1024px) 100vw, 1024px\" \/><figcaption id=\"caption-attachment-38593\" class=\"wp-caption-text\">MOC-89522 Lindenstrasse No. 24 With 2091 Pieces<\/figcaption><\/figure>\n<figure id=\"attachment_38594\" aria-describedby=\"caption-attachment-38594\" style=\"width: 1024px\" class=\"wp-caption aligncenter\"><img loading=\"lazy\" decoding=\"async\" class=\"wp-image-38594 size-large\" src=\"https:\/\/mouldking.store\/wp-content\/uploads\/2022\/12\/Lindenstrasse-No.-24-MOC-89522-4-1024x1024.jpg\" alt=\"MOC-89522 Lindenstrasse No. 24 With 2091 Pieces\" width=\"1024\" height=\"1024\" title=\"-\" srcset=\"https:\/\/mouldking.store\/wp-content\/uploads\/2022\/12\/Lindenstrasse-No.-24-MOC-89522-4-1024x1024.jpg 1024w, https:\/\/mouldking.store\/wp-content\/uploads\/2022\/12\/Lindenstrasse-No.-24-MOC-89522-4-300x300.jpg 300w, https:\/\/mouldking.store\/wp-content\/uploads\/2022\/12\/Lindenstrasse-No.-24-MOC-89522-4-768x768.jpg 768w, https:\/\/mouldking.store\/wp-content\/uploads\/2022\/12\/Lindenstrasse-No.-24-MOC-89522-4-1536x1536.jpg 1536w, https:\/\/mouldking.store\/wp-content\/uploads\/2022\/12\/Lindenstrasse-No.-24-MOC-89522-4-600x600.jpg 600w, https:\/\/mouldking.store\/wp-content\/uploads\/2022\/12\/Lindenstrasse-No.-24-MOC-89522-4-150x150.jpg 150w, https:\/\/mouldking.store\/wp-content\/uploads\/2022\/12\/Lindenstrasse-No.-24-MOC-89522-4-60x60.jpg 60w, https:\/\/mouldking.store\/wp-content\/uploads\/2022\/12\/Lindenstrasse-No.-24-MOC-89522-4-90x90.jpg 90w, https:\/\/mouldking.store\/wp-content\/uploads\/2022\/12\/Lindenstrasse-No.-24-MOC-89522-4.jpg 1600w\" sizes=\"(max-width: 1024px) 100vw, 1024px\" \/><figcaption id=\"caption-attachment-38594\" class=\"wp-caption-text\">MOC-89522 Lindenstrasse No. 24 With 2091 Pieces<\/figcaption><\/figure>\n<figure id=\"attachment_38595\" aria-describedby=\"caption-attachment-38595\" style=\"width: 1024px\" class=\"wp-caption aligncenter\"><img loading=\"lazy\" decoding=\"async\" class=\"wp-image-38595 size-large\" src=\"https:\/\/mouldking.store\/wp-content\/uploads\/2022\/12\/Lindenstrasse-No.-24-MOC-89522-5-1024x1024.jpg\" alt=\"MOC-89522 Lindenstrasse No. 24 With 2091 Pieces\" width=\"1024\" height=\"1024\" title=\"-\" srcset=\"https:\/\/mouldking.store\/wp-content\/uploads\/2022\/12\/Lindenstrasse-No.-24-MOC-89522-5-1024x1024.jpg 1024w, https:\/\/mouldking.store\/wp-content\/uploads\/2022\/12\/Lindenstrasse-No.-24-MOC-89522-5-300x300.jpg 300w, https:\/\/mouldking.store\/wp-content\/uploads\/2022\/12\/Lindenstrasse-No.-24-MOC-89522-5-768x768.jpg 768w, https:\/\/mouldking.store\/wp-content\/uploads\/2022\/12\/Lindenstrasse-No.-24-MOC-89522-5-1536x1536.jpg 1536w, https:\/\/mouldking.store\/wp-content\/uploads\/2022\/12\/Lindenstrasse-No.-24-MOC-89522-5-600x600.jpg 600w, https:\/\/mouldking.store\/wp-content\/uploads\/2022\/12\/Lindenstrasse-No.-24-MOC-89522-5-150x150.jpg 150w, https:\/\/mouldking.store\/wp-content\/uploads\/2022\/12\/Lindenstrasse-No.-24-MOC-89522-5-60x60.jpg 60w, https:\/\/mouldking.store\/wp-content\/uploads\/2022\/12\/Lindenstrasse-No.-24-MOC-89522-5-90x90.jpg 90w, https:\/\/mouldking.store\/wp-content\/uploads\/2022\/12\/Lindenstrasse-No.-24-MOC-89522-5.jpg 1600w\" sizes=\"(max-width: 1024px) 100vw, 1024px\" \/><figcaption id=\"caption-attachment-38595\" class=\"wp-caption-text\">MOC-89522 Lindenstrasse No. 24 With 2091 Pieces<\/figcaption><\/figure>\n<figure id=\"attachment_38596\" aria-describedby=\"caption-attachment-38596\" style=\"width: 1024px\" class=\"wp-caption aligncenter\"><img loading=\"lazy\" decoding=\"async\" class=\"wp-image-38596 size-large\" src=\"https:\/\/mouldking.store\/wp-content\/uploads\/2022\/12\/Lindenstrasse-No.-24-MOC-89522-6-1024x1024.jpg\" alt=\"MOC-89522 Lindenstrasse No. 24 With 2091 Pieces\" width=\"1024\" height=\"1024\" title=\"-\" srcset=\"https:\/\/mouldking.store\/wp-content\/uploads\/2022\/12\/Lindenstrasse-No.-24-MOC-89522-6-1024x1024.jpg 1024w, https:\/\/mouldking.store\/wp-content\/uploads\/2022\/12\/Lindenstrasse-No.-24-MOC-89522-6-300x300.jpg 300w, https:\/\/mouldking.store\/wp-content\/uploads\/2022\/12\/Lindenstrasse-No.-24-MOC-89522-6-768x768.jpg 768w, https:\/\/mouldking.store\/wp-content\/uploads\/2022\/12\/Lindenstrasse-No.-24-MOC-89522-6-1536x1536.jpg 1536w, https:\/\/mouldking.store\/wp-content\/uploads\/2022\/12\/Lindenstrasse-No.-24-MOC-89522-6-600x600.jpg 600w, https:\/\/mouldking.store\/wp-content\/uploads\/2022\/12\/Lindenstrasse-No.-24-MOC-89522-6-150x150.jpg 150w, https:\/\/mouldking.store\/wp-content\/uploads\/2022\/12\/Lindenstrasse-No.-24-MOC-89522-6-60x60.jpg 60w, https:\/\/mouldking.store\/wp-content\/uploads\/2022\/12\/Lindenstrasse-No.-24-MOC-89522-6-90x90.jpg 90w, https:\/\/mouldking.store\/wp-content\/uploads\/2022\/12\/Lindenstrasse-No.-24-MOC-89522-6.jpg 1600w\" sizes=\"(max-width: 1024px) 100vw, 1024px\" \/><figcaption id=\"caption-attachment-38596\" class=\"wp-caption-text\">MOC-89522 Lindenstrasse No. 24 With 2091 Pieces<\/figcaption><\/figure>","protected":false},"excerpt":{"rendered":"<p>H\u01b0\u1edbng d\u1eabn x\u00e2y d\u1ef1ng PDF<\/p>\n<p>kh\u00f4ng c\u00f3 h\u1ed9p g\u1ed1c<\/p>\n<p>Th\u1eddi gian s\u1eafp x\u1ebfp: 4-8 tu\u1ea7n<\/p>","protected":false},"featured_media":38590,"comment_status":"closed","ping_status":"closed","template":"","meta":{"_acf_changed":false},"product_cat":[1395,1406],"product_tag":[9988,9990,430,9987,9991,9986,9989],"class_list":["product","first","instock","shipping-taxable","purchasable","product-type-simple"],"acf":[],"_links":{"self":[{"href":"https:\/\/mouldking.store\/vi\/wp-json\/wp\/v2\/product\/38589","targetHints":{"allow":["GET"]}}],"collection":[{"href":"https:\/\/mouldking.store\/vi\/wp-json\/wp\/v2\/product"}],"about":[{"href":"https:\/\/mouldking.store\/vi\/wp-json\/wp\/v2\/types\/product"}],"replies":[{"embeddable":true,"href":"https:\/\/mouldking.store\/vi\/wp-json\/wp\/v2\/comments?post=38589"}],"wp:featuredmedia":[{"embeddable":true,"href":"https:\/\/mouldking.store\/vi\/wp-json\/wp\/v2\/media\/38590"}],"wp:attachment":[{"href":"https:\/\/mouldking.store\/vi\/wp-json\/wp\/v2\/media?parent=38589"}],"wp:term":[{"taxonomy":"product_cat","embeddable":true,"href":"https:\/\/mouldking.store\/vi\/wp-json\/wp\/v2\/product_cat?post=38589"},{"taxonomy":"product_tag","embeddable":true,"href":"https:\/\/mouldking.store\/vi\/wp-json\/wp\/v2\/product_tag?post=38589"}],"curies":[{"name":"wp","href":"https:\/\/api.w.org\/{rel}","templated":true}]}}