{"id":38697,"date":"2022-09-23T10:23:10","date_gmt":"2022-09-23T03:23:10","guid":{"rendered":"https:\/\/mouldking.store\/?post_type=product&#038;p=38697"},"modified":"2022-12-23T10:28:43","modified_gmt":"2022-12-23T03:28:43","slug":"52toys-mb-24-actaeon","status":"publish","type":"product","link":"https:\/\/mouldking.store\/vi\/shop\/52toys-mb-24-actaeon\/","title":{"rendered":"52\u0110\u1ed2 CH\u01a0I MB-24 ACTAEON"},"content":{"rendered":"<p>Th\u00f4ng tin s\u1ea3n ph\u1ea9m:<\/p>\n<ol>\n<li>Th\u01b0\u01a1ng hi\u1ec7u: 52TOYS<\/li>\n<li>Gi\u1edbi t\u00ednh: Unisex<\/li>\n<li>Name: ACTAEON<\/li>\n<li>\u0110\u1ed9 tu\u1ed5i: &gt; 6 tu\u1ed5i<\/li>\n<li>Model Number: MB-24<\/li>\n<li>Ph\u00e2n lo\u1ea1i: T\u1eadp h\u1ee3p<\/li>\n<li>H\u00ecnh d\u1ea1ng kh\u1ed1i nh\u1ef1a: G\u1ea1ch t\u1ef1 kh\u00f3a<\/li>\n<li>Ch\u1ea5t li\u1ec7u: Nh\u1ef1a<\/li>\n<li>Lo\u1ea1i nh\u1ef1a: ABS<\/li>\n<li>Size: \u00a011 cm<\/li>\n<li>Ch\u1ee9a h\u01b0\u1edbng d\u1eabn l\u1eafp r\u00e1p chi ti\u1ebft.<\/li>\n<\/ol>\n<p>\u0110\u1ec3 \u00fd:<br \/>\n1. Kh\u00f4ng c\u00f3 h\u1ed9p ban \u0111\u1ea7u, nh\u01b0ng ch\u00fang t\u00f4i \u0111\u1ea3m b\u1ea3o s\u1ea3n ph\u1ea9m c\u1ee7a ch\u00fang t\u00f4i c\u00f3 ch\u1ea5t l\u01b0\u1ee3ng \u0111\u1ea3m b\u1ea3o v\u00e0 bao b\u00ec \u0111\u1eb9p.<br \/>\n2. V\u00ec t\u1ea5t c\u1ea3 c\u00e1c b\u1ed9 ph\u1eadn ch\u00fang t\u00f4i \u0111\u00e3 ki\u1ec3m tra tr\u01b0\u1edbc khi v\u1eadn chuy\u1ec3n, v\u00ec v\u1eady n\u1ebfu b\u1ea1n th\u1ea5y m\u1ed9t s\u1ed1 b\u1ed9 ph\u1eadn b\u1ecb thi\u1ebfu ho\u1eb7c h\u01b0 h\u1ecfng, \u0111\u1eebng lo l\u1eafng v\u00e0 ch\u1ec9 c\u1ea7n vui l\u00f2ng li\u00ean h\u1ec7 v\u1edbi ch\u00fang t\u00f4i v\u00e0 ch\u00fang t\u00f4i c\u00f3 th\u1ec3 g\u1eedi l\u1ea1i mi\u1ec5n ph\u00ed cho b\u1ea1n ngay l\u1eadp t\u1ee9c.<\/p>\n<figure id=\"attachment_38699\" aria-describedby=\"caption-attachment-38699\" style=\"width: 800px\" class=\"wp-caption aligncenter\"><img fetchpriority=\"high\" decoding=\"async\" class=\"wp-image-38699 size-full\" src=\"https:\/\/mouldking.store\/wp-content\/uploads\/2022\/12\/52TOYS-MEGABOX-MB-24-ACTAEON-6.jpg\" alt=\"52TOYS MB-24 ACTAEON\" width=\"800\" height=\"800\" title=\"-\" srcset=\"https:\/\/mouldking.store\/wp-content\/uploads\/2022\/12\/52TOYS-MEGABOX-MB-24-ACTAEON-6.jpg 800w, https:\/\/mouldking.store\/wp-content\/uploads\/2022\/12\/52TOYS-MEGABOX-MB-24-ACTAEON-6-300x300.jpg 300w, https:\/\/mouldking.store\/wp-content\/uploads\/2022\/12\/52TOYS-MEGABOX-MB-24-ACTAEON-6-768x768.jpg 768w, https:\/\/mouldking.store\/wp-content\/uploads\/2022\/12\/52TOYS-MEGABOX-MB-24-ACTAEON-6-600x600.jpg 600w, https:\/\/mouldking.store\/wp-content\/uploads\/2022\/12\/52TOYS-MEGABOX-MB-24-ACTAEON-6-150x150.jpg 150w, https:\/\/mouldking.store\/wp-content\/uploads\/2022\/12\/52TOYS-MEGABOX-MB-24-ACTAEON-6-60x60.jpg 60w, https:\/\/mouldking.store\/wp-content\/uploads\/2022\/12\/52TOYS-MEGABOX-MB-24-ACTAEON-6-90x90.jpg 90w\" sizes=\"(max-width: 800px) 100vw, 800px\" \/><figcaption id=\"caption-attachment-38699\" class=\"wp-caption-text\">52\u0110\u1ed2 CH\u01a0I MB-24 ACTAEON<\/figcaption><\/figure>\n<figure id=\"attachment_38700\" aria-describedby=\"caption-attachment-38700\" style=\"width: 800px\" class=\"wp-caption aligncenter\"><img decoding=\"async\" class=\"wp-image-38700 size-full\" src=\"https:\/\/mouldking.store\/wp-content\/uploads\/2022\/12\/52TOYS-MEGABOX-MB-24-ACTAEON-5.jpg\" alt=\"52TOYS MB-24 ACTAEON\" width=\"800\" height=\"800\" title=\"-\" srcset=\"https:\/\/mouldking.store\/wp-content\/uploads\/2022\/12\/52TOYS-MEGABOX-MB-24-ACTAEON-5.jpg 800w, https:\/\/mouldking.store\/wp-content\/uploads\/2022\/12\/52TOYS-MEGABOX-MB-24-ACTAEON-5-300x300.jpg 300w, https:\/\/mouldking.store\/wp-content\/uploads\/2022\/12\/52TOYS-MEGABOX-MB-24-ACTAEON-5-768x768.jpg 768w, https:\/\/mouldking.store\/wp-content\/uploads\/2022\/12\/52TOYS-MEGABOX-MB-24-ACTAEON-5-600x600.jpg 600w, https:\/\/mouldking.store\/wp-content\/uploads\/2022\/12\/52TOYS-MEGABOX-MB-24-ACTAEON-5-150x150.jpg 150w, https:\/\/mouldking.store\/wp-content\/uploads\/2022\/12\/52TOYS-MEGABOX-MB-24-ACTAEON-5-60x60.jpg 60w, https:\/\/mouldking.store\/wp-content\/uploads\/2022\/12\/52TOYS-MEGABOX-MB-24-ACTAEON-5-90x90.jpg 90w\" sizes=\"(max-width: 800px) 100vw, 800px\" \/><figcaption id=\"caption-attachment-38700\" class=\"wp-caption-text\">52\u0110\u1ed2 CH\u01a0I MB-24 ACTAEON<\/figcaption><\/figure>\n<figure id=\"attachment_38701\" aria-describedby=\"caption-attachment-38701\" style=\"width: 800px\" class=\"wp-caption aligncenter\"><img decoding=\"async\" class=\"wp-image-38701 size-full\" src=\"https:\/\/mouldking.store\/wp-content\/uploads\/2022\/12\/52TOYS-MEGABOX-MB-24-ACTAEON-4.jpg\" alt=\"52TOYS MB-24 ACTAEON\" width=\"800\" height=\"800\" title=\"-\" srcset=\"https:\/\/mouldking.store\/wp-content\/uploads\/2022\/12\/52TOYS-MEGABOX-MB-24-ACTAEON-4.jpg 800w, https:\/\/mouldking.store\/wp-content\/uploads\/2022\/12\/52TOYS-MEGABOX-MB-24-ACTAEON-4-300x300.jpg 300w, https:\/\/mouldking.store\/wp-content\/uploads\/2022\/12\/52TOYS-MEGABOX-MB-24-ACTAEON-4-768x768.jpg 768w, https:\/\/mouldking.store\/wp-content\/uploads\/2022\/12\/52TOYS-MEGABOX-MB-24-ACTAEON-4-600x600.jpg 600w, https:\/\/mouldking.store\/wp-content\/uploads\/2022\/12\/52TOYS-MEGABOX-MB-24-ACTAEON-4-150x150.jpg 150w, https:\/\/mouldking.store\/wp-content\/uploads\/2022\/12\/52TOYS-MEGABOX-MB-24-ACTAEON-4-60x60.jpg 60w, https:\/\/mouldking.store\/wp-content\/uploads\/2022\/12\/52TOYS-MEGABOX-MB-24-ACTAEON-4-90x90.jpg 90w\" sizes=\"(max-width: 800px) 100vw, 800px\" \/><figcaption id=\"caption-attachment-38701\" class=\"wp-caption-text\">52\u0110\u1ed2 CH\u01a0I MB-24 ACTAEON<\/figcaption><\/figure>\n<figure id=\"attachment_38702\" aria-describedby=\"caption-attachment-38702\" style=\"width: 800px\" class=\"wp-caption aligncenter\"><img loading=\"lazy\" decoding=\"async\" class=\"wp-image-38702 size-full\" src=\"https:\/\/mouldking.store\/wp-content\/uploads\/2022\/12\/52TOYS-MEGABOX-MB-24-ACTAEON-3.jpg\" alt=\"52TOYS MB-24 ACTAEON\" width=\"800\" height=\"800\" title=\"-\" srcset=\"https:\/\/mouldking.store\/wp-content\/uploads\/2022\/12\/52TOYS-MEGABOX-MB-24-ACTAEON-3.jpg 800w, https:\/\/mouldking.store\/wp-content\/uploads\/2022\/12\/52TOYS-MEGABOX-MB-24-ACTAEON-3-300x300.jpg 300w, https:\/\/mouldking.store\/wp-content\/uploads\/2022\/12\/52TOYS-MEGABOX-MB-24-ACTAEON-3-768x768.jpg 768w, https:\/\/mouldking.store\/wp-content\/uploads\/2022\/12\/52TOYS-MEGABOX-MB-24-ACTAEON-3-600x600.jpg 600w, https:\/\/mouldking.store\/wp-content\/uploads\/2022\/12\/52TOYS-MEGABOX-MB-24-ACTAEON-3-150x150.jpg 150w, https:\/\/mouldking.store\/wp-content\/uploads\/2022\/12\/52TOYS-MEGABOX-MB-24-ACTAEON-3-60x60.jpg 60w, https:\/\/mouldking.store\/wp-content\/uploads\/2022\/12\/52TOYS-MEGABOX-MB-24-ACTAEON-3-90x90.jpg 90w\" sizes=\"(max-width: 800px) 100vw, 800px\" \/><figcaption id=\"caption-attachment-38702\" class=\"wp-caption-text\">52\u0110\u1ed2 CH\u01a0I MB-24 ACTAEON<\/figcaption><\/figure>\n<figure id=\"attachment_38703\" aria-describedby=\"caption-attachment-38703\" style=\"width: 987px\" class=\"wp-caption aligncenter\"><img loading=\"lazy\" decoding=\"async\" class=\"wp-image-38703 size-full\" src=\"https:\/\/mouldking.store\/wp-content\/uploads\/2022\/12\/52TOYS-MEGABOX-MB-24-ACTAEON-2.jpg\" alt=\"52TOYS MB-24 ACTAEON\" width=\"987\" height=\"1024\" title=\"-\" srcset=\"https:\/\/mouldking.store\/wp-content\/uploads\/2022\/12\/52TOYS-MEGABOX-MB-24-ACTAEON-2.jpg 987w, https:\/\/mouldking.store\/wp-content\/uploads\/2022\/12\/52TOYS-MEGABOX-MB-24-ACTAEON-2-289x300.jpg 289w, https:\/\/mouldking.store\/wp-content\/uploads\/2022\/12\/52TOYS-MEGABOX-MB-24-ACTAEON-2-768x797.jpg 768w, https:\/\/mouldking.store\/wp-content\/uploads\/2022\/12\/52TOYS-MEGABOX-MB-24-ACTAEON-2-300x311.jpg 300w, https:\/\/mouldking.store\/wp-content\/uploads\/2022\/12\/52TOYS-MEGABOX-MB-24-ACTAEON-2-600x622.jpg 600w, https:\/\/mouldking.store\/wp-content\/uploads\/2022\/12\/52TOYS-MEGABOX-MB-24-ACTAEON-2-145x150.jpg 145w, https:\/\/mouldking.store\/wp-content\/uploads\/2022\/12\/52TOYS-MEGABOX-MB-24-ACTAEON-2-58x60.jpg 58w, https:\/\/mouldking.store\/wp-content\/uploads\/2022\/12\/52TOYS-MEGABOX-MB-24-ACTAEON-2-87x90.jpg 87w\" sizes=\"(max-width: 987px) 100vw, 987px\" \/><figcaption id=\"caption-attachment-38703\" class=\"wp-caption-text\">52\u0110\u1ed2 CH\u01a0I MB-24 ACTAEON<\/figcaption><\/figure>\n<figure id=\"attachment_38704\" aria-describedby=\"caption-attachment-38704\" style=\"width: 1024px\" class=\"wp-caption aligncenter\"><img loading=\"lazy\" decoding=\"async\" class=\"wp-image-38704 size-full\" src=\"https:\/\/mouldking.store\/wp-content\/uploads\/2022\/12\/52TOYS-MEGABOX-MB-24-ACTAEON-1.jpg\" alt=\"52TOYS MB-24 ACTAEON\" width=\"1024\" height=\"952\" title=\"-\" srcset=\"https:\/\/mouldking.store\/wp-content\/uploads\/2022\/12\/52TOYS-MEGABOX-MB-24-ACTAEON-1.jpg 1024w, https:\/\/mouldking.store\/wp-content\/uploads\/2022\/12\/52TOYS-MEGABOX-MB-24-ACTAEON-1-300x279.jpg 300w, https:\/\/mouldking.store\/wp-content\/uploads\/2022\/12\/52TOYS-MEGABOX-MB-24-ACTAEON-1-768x714.jpg 768w, https:\/\/mouldking.store\/wp-content\/uploads\/2022\/12\/52TOYS-MEGABOX-MB-24-ACTAEON-1-600x558.jpg 600w, https:\/\/mouldking.store\/wp-content\/uploads\/2022\/12\/52TOYS-MEGABOX-MB-24-ACTAEON-1-150x139.jpg 150w, https:\/\/mouldking.store\/wp-content\/uploads\/2022\/12\/52TOYS-MEGABOX-MB-24-ACTAEON-1-65x60.jpg 65w, https:\/\/mouldking.store\/wp-content\/uploads\/2022\/12\/52TOYS-MEGABOX-MB-24-ACTAEON-1-97x90.jpg 97w\" sizes=\"(max-width: 1024px) 100vw, 1024px\" \/><figcaption id=\"caption-attachment-38704\" class=\"wp-caption-text\">52\u0110\u1ed2 CH\u01a0I MB-24 ACTAEON<\/figcaption><\/figure>","protected":false},"excerpt":{"rendered":"<ul>\n<li>H\u01b0\u1edbng d\u1eabn x\u00e2y d\u1ef1ng th\u1ee7 c\u00f4ng<\/li>\n<li data-wpmeteor-click=\"true\">S\u1ea3n ph\u1ea9m kh\u00f4ng bao g\u1ed3m STICKER v\u00e0 IN IN. T\u1ea5t c\u1ea3 c\u00e1c b\u1ed9 ph\u1eadn \u0111\u00e3 in s\u1ebd \u0111\u01b0\u1ee3c thay th\u1ebf b\u1eb1ng c\u00e1c b\u1ed9 ph\u1eadn ti\u00eau chu\u1ea9n v\u00e0 kh\u00f4ng \u0103n nh\u1eadp v\u1edbi c\u00e1c ph\u1ee5 ki\u1ec7n c\u1ee7a b\u00ean th\u1ee9 3.<\/li>\n<li data-wpmeteor-click=\"true\">B\u00c1N TR\u01af\u1edaC<\/li>\n<\/ul>","protected":false},"featured_media":38699,"comment_status":"closed","ping_status":"closed","template":"","meta":{"_acf_changed":false},"product_cat":[1365],"product_tag":[6179,10088,10085,10087,10086],"class_list":["product","first","outofstock","shipping-taxable","purchasable","product-type-simple"],"acf":[],"_links":{"self":[{"href":"https:\/\/mouldking.store\/vi\/wp-json\/wp\/v2\/product\/38697","targetHints":{"allow":["GET"]}}],"collection":[{"href":"https:\/\/mouldking.store\/vi\/wp-json\/wp\/v2\/product"}],"about":[{"href":"https:\/\/mouldking.store\/vi\/wp-json\/wp\/v2\/types\/product"}],"replies":[{"embeddable":true,"href":"https:\/\/mouldking.store\/vi\/wp-json\/wp\/v2\/comments?post=38697"}],"wp:featuredmedia":[{"embeddable":true,"href":"https:\/\/mouldking.store\/vi\/wp-json\/wp\/v2\/media\/38699"}],"wp:attachment":[{"href":"https:\/\/mouldking.store\/vi\/wp-json\/wp\/v2\/media?parent=38697"}],"wp:term":[{"taxonomy":"product_cat","embeddable":true,"href":"https:\/\/mouldking.store\/vi\/wp-json\/wp\/v2\/product_cat?post=38697"},{"taxonomy":"product_tag","embeddable":true,"href":"https:\/\/mouldking.store\/vi\/wp-json\/wp\/v2\/product_tag?post=38697"}],"curies":[{"name":"wp","href":"https:\/\/api.w.org\/{rel}","templated":true}]}}