{"id":38698,"date":"2022-09-23T10:23:33","date_gmt":"2022-09-23T03:23:33","guid":{"rendered":"https:\/\/mouldking.store\/?post_type=product&#038;p=38698"},"modified":"2022-12-23T10:29:39","modified_gmt":"2022-12-23T03:29:39","slug":"52toys-bb-51c-jawliet","status":"publish","type":"product","link":"https:\/\/mouldking.store\/vi\/shop\/52toys-bb-51c-jawliet\/","title":{"rendered":"52\u0110\u1ed2 CH\u01a0I BB-51C JAWLIET"},"content":{"rendered":"<p>Th\u00f4ng tin s\u1ea3n ph\u1ea9m:<\/p>\n<ol>\n<li>Th\u01b0\u01a1ng hi\u1ec7u: 52TOYS<\/li>\n<li>Gi\u1edbi t\u00ednh: Unisex<\/li>\n<li>Name: JAWLIET<\/li>\n<li>\u0110\u1ed9 tu\u1ed5i: &gt; 6 tu\u1ed5i<\/li>\n<li>Model Number: BB-51C<\/li>\n<li>Ph\u00e2n lo\u1ea1i: T\u1eadp h\u1ee3p<\/li>\n<li>H\u00ecnh d\u1ea1ng kh\u1ed1i nh\u1ef1a: G\u1ea1ch t\u1ef1 kh\u00f3a<\/li>\n<li>Ch\u1ea5t li\u1ec7u: Nh\u1ef1a<\/li>\n<li>Lo\u1ea1i nh\u1ef1a: ABS<\/li>\n<li>Size: \u00a011 cm<\/li>\n<li>Ch\u1ee9a h\u01b0\u1edbng d\u1eabn l\u1eafp r\u00e1p chi ti\u1ebft.<\/li>\n<\/ol>\n<p>\u0110\u1ec3 \u00fd:<br \/>\n1. Kh\u00f4ng c\u00f3 h\u1ed9p ban \u0111\u1ea7u, nh\u01b0ng ch\u00fang t\u00f4i \u0111\u1ea3m b\u1ea3o s\u1ea3n ph\u1ea9m c\u1ee7a ch\u00fang t\u00f4i c\u00f3 ch\u1ea5t l\u01b0\u1ee3ng \u0111\u1ea3m b\u1ea3o v\u00e0 bao b\u00ec \u0111\u1eb9p.<br \/>\n2. V\u00ec t\u1ea5t c\u1ea3 c\u00e1c b\u1ed9 ph\u1eadn ch\u00fang t\u00f4i \u0111\u00e3 ki\u1ec3m tra tr\u01b0\u1edbc khi v\u1eadn chuy\u1ec3n, v\u00ec v\u1eady n\u1ebfu b\u1ea1n th\u1ea5y m\u1ed9t s\u1ed1 b\u1ed9 ph\u1eadn b\u1ecb thi\u1ebfu ho\u1eb7c h\u01b0 h\u1ecfng, \u0111\u1eebng lo l\u1eafng v\u00e0 ch\u1ec9 c\u1ea7n vui l\u00f2ng li\u00ean h\u1ec7 v\u1edbi ch\u00fang t\u00f4i v\u00e0 ch\u00fang t\u00f4i c\u00f3 th\u1ec3 g\u1eedi l\u1ea1i mi\u1ec5n ph\u00ed cho b\u1ea1n ngay l\u1eadp t\u1ee9c.<\/p>\n<figure id=\"attachment_38705\" aria-describedby=\"caption-attachment-38705\" style=\"width: 800px\" class=\"wp-caption aligncenter\"><img fetchpriority=\"high\" decoding=\"async\" class=\"wp-image-38705 size-full\" src=\"https:\/\/mouldking.store\/wp-content\/uploads\/2022\/12\/52TOYS-BeastBox-BB-51C-JAWLIET-7.jpg\" alt=\"52TOYS BB-51C JAWLIET\" width=\"800\" height=\"800\" title=\"-\" srcset=\"https:\/\/mouldking.store\/wp-content\/uploads\/2022\/12\/52TOYS-BeastBox-BB-51C-JAWLIET-7.jpg 800w, https:\/\/mouldking.store\/wp-content\/uploads\/2022\/12\/52TOYS-BeastBox-BB-51C-JAWLIET-7-300x300.jpg 300w, https:\/\/mouldking.store\/wp-content\/uploads\/2022\/12\/52TOYS-BeastBox-BB-51C-JAWLIET-7-768x768.jpg 768w, https:\/\/mouldking.store\/wp-content\/uploads\/2022\/12\/52TOYS-BeastBox-BB-51C-JAWLIET-7-600x600.jpg 600w, https:\/\/mouldking.store\/wp-content\/uploads\/2022\/12\/52TOYS-BeastBox-BB-51C-JAWLIET-7-150x150.jpg 150w, https:\/\/mouldking.store\/wp-content\/uploads\/2022\/12\/52TOYS-BeastBox-BB-51C-JAWLIET-7-60x60.jpg 60w, https:\/\/mouldking.store\/wp-content\/uploads\/2022\/12\/52TOYS-BeastBox-BB-51C-JAWLIET-7-90x90.jpg 90w\" sizes=\"(max-width: 800px) 100vw, 800px\" \/><figcaption id=\"caption-attachment-38705\" class=\"wp-caption-text\">52\u0110\u1ed2 CH\u01a0I BB-51C JAWLIET<\/figcaption><\/figure>\n<figure id=\"attachment_38706\" aria-describedby=\"caption-attachment-38706\" style=\"width: 800px\" class=\"wp-caption aligncenter\"><img decoding=\"async\" class=\"wp-image-38706 size-full\" src=\"https:\/\/mouldking.store\/wp-content\/uploads\/2022\/12\/52TOYS-BeastBox-BB-51C-JAWLIET-6.jpg\" alt=\"52TOYS BB-51C JAWLIET\" width=\"800\" height=\"800\" title=\"-\" srcset=\"https:\/\/mouldking.store\/wp-content\/uploads\/2022\/12\/52TOYS-BeastBox-BB-51C-JAWLIET-6.jpg 800w, https:\/\/mouldking.store\/wp-content\/uploads\/2022\/12\/52TOYS-BeastBox-BB-51C-JAWLIET-6-300x300.jpg 300w, https:\/\/mouldking.store\/wp-content\/uploads\/2022\/12\/52TOYS-BeastBox-BB-51C-JAWLIET-6-768x768.jpg 768w, https:\/\/mouldking.store\/wp-content\/uploads\/2022\/12\/52TOYS-BeastBox-BB-51C-JAWLIET-6-600x600.jpg 600w, https:\/\/mouldking.store\/wp-content\/uploads\/2022\/12\/52TOYS-BeastBox-BB-51C-JAWLIET-6-150x150.jpg 150w, https:\/\/mouldking.store\/wp-content\/uploads\/2022\/12\/52TOYS-BeastBox-BB-51C-JAWLIET-6-60x60.jpg 60w, https:\/\/mouldking.store\/wp-content\/uploads\/2022\/12\/52TOYS-BeastBox-BB-51C-JAWLIET-6-90x90.jpg 90w\" sizes=\"(max-width: 800px) 100vw, 800px\" \/><figcaption id=\"caption-attachment-38706\" class=\"wp-caption-text\">52\u0110\u1ed2 CH\u01a0I BB-51C JAWLIET<\/figcaption><\/figure>\n<figure id=\"attachment_38707\" aria-describedby=\"caption-attachment-38707\" style=\"width: 800px\" class=\"wp-caption aligncenter\"><img decoding=\"async\" class=\"wp-image-38707 size-full\" src=\"https:\/\/mouldking.store\/wp-content\/uploads\/2022\/12\/52TOYS-BeastBox-BB-51C-JAWLIET-5.jpg\" alt=\"52TOYS BB-51C JAWLIET\" width=\"800\" height=\"800\" title=\"-\" srcset=\"https:\/\/mouldking.store\/wp-content\/uploads\/2022\/12\/52TOYS-BeastBox-BB-51C-JAWLIET-5.jpg 800w, https:\/\/mouldking.store\/wp-content\/uploads\/2022\/12\/52TOYS-BeastBox-BB-51C-JAWLIET-5-300x300.jpg 300w, https:\/\/mouldking.store\/wp-content\/uploads\/2022\/12\/52TOYS-BeastBox-BB-51C-JAWLIET-5-768x768.jpg 768w, https:\/\/mouldking.store\/wp-content\/uploads\/2022\/12\/52TOYS-BeastBox-BB-51C-JAWLIET-5-600x600.jpg 600w, https:\/\/mouldking.store\/wp-content\/uploads\/2022\/12\/52TOYS-BeastBox-BB-51C-JAWLIET-5-150x150.jpg 150w, https:\/\/mouldking.store\/wp-content\/uploads\/2022\/12\/52TOYS-BeastBox-BB-51C-JAWLIET-5-60x60.jpg 60w, https:\/\/mouldking.store\/wp-content\/uploads\/2022\/12\/52TOYS-BeastBox-BB-51C-JAWLIET-5-90x90.jpg 90w\" sizes=\"(max-width: 800px) 100vw, 800px\" \/><figcaption id=\"caption-attachment-38707\" class=\"wp-caption-text\">52\u0110\u1ed2 CH\u01a0I BB-51C JAWLIET<\/figcaption><\/figure>\n<figure id=\"attachment_38708\" aria-describedby=\"caption-attachment-38708\" style=\"width: 800px\" class=\"wp-caption aligncenter\"><img loading=\"lazy\" decoding=\"async\" class=\"wp-image-38708 size-full\" src=\"https:\/\/mouldking.store\/wp-content\/uploads\/2022\/12\/52TOYS-BeastBox-BB-51C-JAWLIET-4.jpg\" alt=\"52TOYS BB-51C JAWLIET\" width=\"800\" height=\"800\" title=\"-\" srcset=\"https:\/\/mouldking.store\/wp-content\/uploads\/2022\/12\/52TOYS-BeastBox-BB-51C-JAWLIET-4.jpg 800w, https:\/\/mouldking.store\/wp-content\/uploads\/2022\/12\/52TOYS-BeastBox-BB-51C-JAWLIET-4-300x300.jpg 300w, https:\/\/mouldking.store\/wp-content\/uploads\/2022\/12\/52TOYS-BeastBox-BB-51C-JAWLIET-4-768x768.jpg 768w, https:\/\/mouldking.store\/wp-content\/uploads\/2022\/12\/52TOYS-BeastBox-BB-51C-JAWLIET-4-600x600.jpg 600w, https:\/\/mouldking.store\/wp-content\/uploads\/2022\/12\/52TOYS-BeastBox-BB-51C-JAWLIET-4-150x150.jpg 150w, https:\/\/mouldking.store\/wp-content\/uploads\/2022\/12\/52TOYS-BeastBox-BB-51C-JAWLIET-4-60x60.jpg 60w, https:\/\/mouldking.store\/wp-content\/uploads\/2022\/12\/52TOYS-BeastBox-BB-51C-JAWLIET-4-90x90.jpg 90w\" sizes=\"(max-width: 800px) 100vw, 800px\" \/><figcaption id=\"caption-attachment-38708\" class=\"wp-caption-text\">52\u0110\u1ed2 CH\u01a0I BB-51C JAWLIET<\/figcaption><\/figure>\n<figure id=\"attachment_38709\" aria-describedby=\"caption-attachment-38709\" style=\"width: 684px\" class=\"wp-caption aligncenter\"><img loading=\"lazy\" decoding=\"async\" class=\"wp-image-38709 size-full\" src=\"https:\/\/mouldking.store\/wp-content\/uploads\/2022\/12\/52TOYS-BeastBox-BB-51C-JAWLIET-3.jpg\" alt=\"52TOYS BB-51C JAWLIET\" width=\"684\" height=\"1024\" title=\"-\" srcset=\"https:\/\/mouldking.store\/wp-content\/uploads\/2022\/12\/52TOYS-BeastBox-BB-51C-JAWLIET-3.jpg 684w, https:\/\/mouldking.store\/wp-content\/uploads\/2022\/12\/52TOYS-BeastBox-BB-51C-JAWLIET-3-200x300.jpg 200w, https:\/\/mouldking.store\/wp-content\/uploads\/2022\/12\/52TOYS-BeastBox-BB-51C-JAWLIET-3-300x449.jpg 300w, https:\/\/mouldking.store\/wp-content\/uploads\/2022\/12\/52TOYS-BeastBox-BB-51C-JAWLIET-3-600x898.jpg 600w, https:\/\/mouldking.store\/wp-content\/uploads\/2022\/12\/52TOYS-BeastBox-BB-51C-JAWLIET-3-100x150.jpg 100w, https:\/\/mouldking.store\/wp-content\/uploads\/2022\/12\/52TOYS-BeastBox-BB-51C-JAWLIET-3-40x60.jpg 40w, https:\/\/mouldking.store\/wp-content\/uploads\/2022\/12\/52TOYS-BeastBox-BB-51C-JAWLIET-3-60x90.jpg 60w\" sizes=\"(max-width: 684px) 100vw, 684px\" \/><figcaption id=\"caption-attachment-38709\" class=\"wp-caption-text\">52\u0110\u1ed2 CH\u01a0I BB-51C JAWLIET<\/figcaption><\/figure>\n<figure id=\"attachment_38710\" aria-describedby=\"caption-attachment-38710\" style=\"width: 707px\" class=\"wp-caption aligncenter\"><img loading=\"lazy\" decoding=\"async\" class=\"wp-image-38710 size-full\" src=\"https:\/\/mouldking.store\/wp-content\/uploads\/2022\/12\/52TOYS-BeastBox-BB-51C-JAWLIET-2.jpg\" alt=\"52TOYS BB-51C JAWLIET\" width=\"707\" height=\"1024\" title=\"-\" srcset=\"https:\/\/mouldking.store\/wp-content\/uploads\/2022\/12\/52TOYS-BeastBox-BB-51C-JAWLIET-2.jpg 707w, https:\/\/mouldking.store\/wp-content\/uploads\/2022\/12\/52TOYS-BeastBox-BB-51C-JAWLIET-2-207x300.jpg 207w, https:\/\/mouldking.store\/wp-content\/uploads\/2022\/12\/52TOYS-BeastBox-BB-51C-JAWLIET-2-300x435.jpg 300w, https:\/\/mouldking.store\/wp-content\/uploads\/2022\/12\/52TOYS-BeastBox-BB-51C-JAWLIET-2-600x869.jpg 600w, https:\/\/mouldking.store\/wp-content\/uploads\/2022\/12\/52TOYS-BeastBox-BB-51C-JAWLIET-2-104x150.jpg 104w, https:\/\/mouldking.store\/wp-content\/uploads\/2022\/12\/52TOYS-BeastBox-BB-51C-JAWLIET-2-41x60.jpg 41w, https:\/\/mouldking.store\/wp-content\/uploads\/2022\/12\/52TOYS-BeastBox-BB-51C-JAWLIET-2-62x90.jpg 62w\" sizes=\"(max-width: 707px) 100vw, 707px\" \/><figcaption id=\"caption-attachment-38710\" class=\"wp-caption-text\">52\u0110\u1ed2 CH\u01a0I BB-51C JAWLIET<\/figcaption><\/figure>\n<figure id=\"attachment_38711\" aria-describedby=\"caption-attachment-38711\" style=\"width: 1024px\" class=\"wp-caption aligncenter\"><img loading=\"lazy\" decoding=\"async\" class=\"wp-image-38711 size-full\" src=\"https:\/\/mouldking.store\/wp-content\/uploads\/2022\/12\/52TOYS-BeastBox-BB-51C-JAWLIET-1.jpg\" alt=\"52TOYS BB-51C JAWLIET\" width=\"1024\" height=\"986\" title=\"-\" srcset=\"https:\/\/mouldking.store\/wp-content\/uploads\/2022\/12\/52TOYS-BeastBox-BB-51C-JAWLIET-1.jpg 1024w, https:\/\/mouldking.store\/wp-content\/uploads\/2022\/12\/52TOYS-BeastBox-BB-51C-JAWLIET-1-300x289.jpg 300w, https:\/\/mouldking.store\/wp-content\/uploads\/2022\/12\/52TOYS-BeastBox-BB-51C-JAWLIET-1-768x740.jpg 768w, https:\/\/mouldking.store\/wp-content\/uploads\/2022\/12\/52TOYS-BeastBox-BB-51C-JAWLIET-1-600x578.jpg 600w, https:\/\/mouldking.store\/wp-content\/uploads\/2022\/12\/52TOYS-BeastBox-BB-51C-JAWLIET-1-150x144.jpg 150w, https:\/\/mouldking.store\/wp-content\/uploads\/2022\/12\/52TOYS-BeastBox-BB-51C-JAWLIET-1-62x60.jpg 62w, https:\/\/mouldking.store\/wp-content\/uploads\/2022\/12\/52TOYS-BeastBox-BB-51C-JAWLIET-1-93x90.jpg 93w\" sizes=\"(max-width: 1024px) 100vw, 1024px\" \/><figcaption id=\"caption-attachment-38711\" class=\"wp-caption-text\">52\u0110\u1ed2 CH\u01a0I BB-51C JAWLIET<\/figcaption><\/figure>","protected":false},"excerpt":{"rendered":"<ul>\n<li>H\u01b0\u1edbng d\u1eabn x\u00e2y d\u1ef1ng th\u1ee7 c\u00f4ng<\/li>\n<li data-wpmeteor-click=\"true\">S\u1ea3n ph\u1ea9m kh\u00f4ng bao g\u1ed3m STICKER v\u00e0 IN IN. T\u1ea5t c\u1ea3 c\u00e1c b\u1ed9 ph\u1eadn \u0111\u00e3 in s\u1ebd \u0111\u01b0\u1ee3c thay th\u1ebf b\u1eb1ng c\u00e1c b\u1ed9 ph\u1eadn ti\u00eau chu\u1ea9n v\u00e0 kh\u00f4ng \u0103n nh\u1eadp v\u1edbi c\u00e1c ph\u1ee5 ki\u1ec7n c\u1ee7a b\u00ean th\u1ee9 3.<\/li>\n<li data-wpmeteor-click=\"true\">B\u00c1N TR\u01af\u1edaC<\/li>\n<\/ul>","protected":false},"featured_media":38705,"comment_status":"closed","ping_status":"closed","template":"","meta":{"_acf_changed":false},"product_cat":[1365],"product_tag":[6179,10092,10089,10090,10091],"class_list":["product","first","outofstock","shipping-taxable","purchasable","product-type-simple"],"acf":[],"_links":{"self":[{"href":"https:\/\/mouldking.store\/vi\/wp-json\/wp\/v2\/product\/38698","targetHints":{"allow":["GET"]}}],"collection":[{"href":"https:\/\/mouldking.store\/vi\/wp-json\/wp\/v2\/product"}],"about":[{"href":"https:\/\/mouldking.store\/vi\/wp-json\/wp\/v2\/types\/product"}],"replies":[{"embeddable":true,"href":"https:\/\/mouldking.store\/vi\/wp-json\/wp\/v2\/comments?post=38698"}],"wp:featuredmedia":[{"embeddable":true,"href":"https:\/\/mouldking.store\/vi\/wp-json\/wp\/v2\/media\/38705"}],"wp:attachment":[{"href":"https:\/\/mouldking.store\/vi\/wp-json\/wp\/v2\/media?parent=38698"}],"wp:term":[{"taxonomy":"product_cat","embeddable":true,"href":"https:\/\/mouldking.store\/vi\/wp-json\/wp\/v2\/product_cat?post=38698"},{"taxonomy":"product_tag","embeddable":true,"href":"https:\/\/mouldking.store\/vi\/wp-json\/wp\/v2\/product_tag?post=38698"}],"curies":[{"name":"wp","href":"https:\/\/api.w.org\/{rel}","templated":true}]}}