{"id":38723,"date":"2022-12-23T10:39:45","date_gmt":"2022-12-23T03:39:45","guid":{"rendered":"https:\/\/mouldking.store\/?post_type=product&#038;p=38723"},"modified":"2022-12-23T10:39:47","modified_gmt":"2022-12-23T03:39:47","slug":"mj-13015-lighthouse-book-with-1016pcs","status":"publish","type":"product","link":"https:\/\/mouldking.store\/vi\/shop\/mj-13015-lighthouse-book-with-1016pcs\/","title":{"rendered":"Cu\u1ed1n s\u00e1ch h\u1ea3i \u0111\u0103ng MJ 13015 v\u1edbi 1016 chi\u1ebfc"},"content":{"rendered":"<p>Th\u00f4ng tin s\u1ea3n ph\u1ea9m:<\/p>\n<ol>\n<li>Th\u01b0\u01a1ng hi\u1ec7u: MJ<\/li>\n<li>Gi\u1edbi t\u00ednh: Unisex<\/li>\n<li>T\u00ean: Cu\u1ed1n s\u00e1ch ng\u1ecdn h\u1ea3i \u0111\u0103ng<\/li>\n<li>\u0110\u1ed9 tu\u1ed5i: &gt; 6 tu\u1ed5i<\/li>\n<li>S\u1ed1 m\u00f4 h\u00ecnh: 13015<\/li>\n<li>Ph\u00e2n lo\u1ea1i: T\u1eadp h\u1ee3p<\/li>\n<li>H\u00ecnh d\u1ea1ng kh\u1ed1i nh\u1ef1a: G\u1ea1ch t\u1ef1 kh\u00f3a<\/li>\n<li>Ch\u1ea5t li\u1ec7u: Nh\u1ef1a<\/li>\n<li>Lo\u1ea1i nh\u1ef1a: ABS<\/li>\n<li>Kh\u1ed1i g\u1ea1ch: 1016 chi\u1ebfc<\/li>\n<li>K\u00edch th\u01b0\u1edbc: 14,4 \u00d7 14,4 \u00d7 31 cm<\/li>\n<li>Ch\u1ee9a h\u01b0\u1edbng d\u1eabn l\u1eafp r\u00e1p chi ti\u1ebft.<\/li>\n<\/ol>\n<p>\u0110\u1ec3 \u00fd:<br \/>\n1. Kh\u00f4ng c\u00f3 h\u1ed9p ban \u0111\u1ea7u, nh\u01b0ng ch\u00fang t\u00f4i \u0111\u1ea3m b\u1ea3o s\u1ea3n ph\u1ea9m c\u1ee7a ch\u00fang t\u00f4i c\u00f3 ch\u1ea5t l\u01b0\u1ee3ng \u0111\u1ea3m b\u1ea3o v\u00e0 bao b\u00ec \u0111\u1eb9p.<br \/>\n2. V\u00ec t\u1ea5t c\u1ea3 c\u00e1c b\u1ed9 ph\u1eadn ch\u00fang t\u00f4i \u0111\u00e3 ki\u1ec3m tra tr\u01b0\u1edbc khi v\u1eadn chuy\u1ec3n, v\u00ec v\u1eady n\u1ebfu b\u1ea1n th\u1ea5y m\u1ed9t s\u1ed1 b\u1ed9 ph\u1eadn b\u1ecb thi\u1ebfu ho\u1eb7c h\u01b0 h\u1ecfng, \u0111\u1eebng lo l\u1eafng v\u00e0 ch\u1ec9 c\u1ea7n vui l\u00f2ng li\u00ean h\u1ec7 v\u1edbi ch\u00fang t\u00f4i v\u00e0 ch\u00fang t\u00f4i c\u00f3 th\u1ec3 g\u1eedi l\u1ea1i mi\u1ec5n ph\u00ed cho b\u1ea1n ngay l\u1eadp t\u1ee9c.<\/p>\n<figure id=\"attachment_38725\" aria-describedby=\"caption-attachment-38725\" style=\"width: 800px\" class=\"wp-caption aligncenter\"><img fetchpriority=\"high\" decoding=\"async\" class=\"wp-image-38725 size-full\" src=\"https:\/\/mouldking.store\/wp-content\/uploads\/2022\/12\/MJ-13015-Lighthouse-Book-2.jpg\" alt=\"MJ 13015 Lighthouse Book With 1016pcs\" width=\"800\" height=\"800\" title=\"-\" srcset=\"https:\/\/mouldking.store\/wp-content\/uploads\/2022\/12\/MJ-13015-Lighthouse-Book-2.jpg 800w, https:\/\/mouldking.store\/wp-content\/uploads\/2022\/12\/MJ-13015-Lighthouse-Book-2-300x300.jpg 300w, https:\/\/mouldking.store\/wp-content\/uploads\/2022\/12\/MJ-13015-Lighthouse-Book-2-768x768.jpg 768w, https:\/\/mouldking.store\/wp-content\/uploads\/2022\/12\/MJ-13015-Lighthouse-Book-2-600x600.jpg 600w, https:\/\/mouldking.store\/wp-content\/uploads\/2022\/12\/MJ-13015-Lighthouse-Book-2-150x150.jpg 150w, https:\/\/mouldking.store\/wp-content\/uploads\/2022\/12\/MJ-13015-Lighthouse-Book-2-60x60.jpg 60w, https:\/\/mouldking.store\/wp-content\/uploads\/2022\/12\/MJ-13015-Lighthouse-Book-2-90x90.jpg 90w\" sizes=\"(max-width: 800px) 100vw, 800px\" \/><figcaption id=\"caption-attachment-38725\" class=\"wp-caption-text\">Cu\u1ed1n s\u00e1ch h\u1ea3i \u0111\u0103ng MJ 13015 v\u1edbi 1016 chi\u1ebfc<\/figcaption><\/figure>\n<figure id=\"attachment_38726\" aria-describedby=\"caption-attachment-38726\" style=\"width: 1024px\" class=\"wp-caption aligncenter\"><img decoding=\"async\" class=\"wp-image-38726 size-full\" src=\"https:\/\/mouldking.store\/wp-content\/uploads\/2022\/12\/MJ-13015-Lighthouse-Book-1.jpg\" alt=\"MJ 13015 Lighthouse Book With 1016pcs\" width=\"1024\" height=\"1010\" title=\"-\" srcset=\"https:\/\/mouldking.store\/wp-content\/uploads\/2022\/12\/MJ-13015-Lighthouse-Book-1.jpg 1024w, https:\/\/mouldking.store\/wp-content\/uploads\/2022\/12\/MJ-13015-Lighthouse-Book-1-300x296.jpg 300w, https:\/\/mouldking.store\/wp-content\/uploads\/2022\/12\/MJ-13015-Lighthouse-Book-1-768x758.jpg 768w, https:\/\/mouldking.store\/wp-content\/uploads\/2022\/12\/MJ-13015-Lighthouse-Book-1-600x592.jpg 600w, https:\/\/mouldking.store\/wp-content\/uploads\/2022\/12\/MJ-13015-Lighthouse-Book-1-150x148.jpg 150w, https:\/\/mouldking.store\/wp-content\/uploads\/2022\/12\/MJ-13015-Lighthouse-Book-1-61x60.jpg 61w, https:\/\/mouldking.store\/wp-content\/uploads\/2022\/12\/MJ-13015-Lighthouse-Book-1-91x90.jpg 91w\" sizes=\"(max-width: 1024px) 100vw, 1024px\" \/><figcaption id=\"caption-attachment-38726\" class=\"wp-caption-text\">Cu\u1ed1n s\u00e1ch h\u1ea3i \u0111\u0103ng MJ 13015 v\u1edbi 1016 chi\u1ebfc<\/figcaption><\/figure>","protected":false},"excerpt":{"rendered":"<p>Product information: Brand: MJ Gender: Unisex Name: Lighthouse Book Age Range: &gt; 6 years old Model Number: 13015 Classification: Assemblage Plastic Block Shape: Self-Locking Bricks Material: Plastic Plastic Type: ABS Bricks Blocks:1016pcs Size: \u00a014.4 \u00d7 14.4 \u00d7 31 cm Contains detailed assembly instructions. Notice: 1. Without an original box, but we guarantee our products have [&hellip;]<\/p>","protected":false},"featured_media":38725,"comment_status":"closed","ping_status":"closed","template":"","meta":{"_acf_changed":false},"product_cat":[1365],"product_tag":[10109,1411,10110,10111,5493,10112,10113,10108],"class_list":["product","first","instock","shipping-taxable","purchasable","product-type-simple"],"acf":[],"_links":{"self":[{"href":"https:\/\/mouldking.store\/vi\/wp-json\/wp\/v2\/product\/38723","targetHints":{"allow":["GET"]}}],"collection":[{"href":"https:\/\/mouldking.store\/vi\/wp-json\/wp\/v2\/product"}],"about":[{"href":"https:\/\/mouldking.store\/vi\/wp-json\/wp\/v2\/types\/product"}],"replies":[{"embeddable":true,"href":"https:\/\/mouldking.store\/vi\/wp-json\/wp\/v2\/comments?post=38723"}],"wp:featuredmedia":[{"embeddable":true,"href":"https:\/\/mouldking.store\/vi\/wp-json\/wp\/v2\/media\/38725"}],"wp:attachment":[{"href":"https:\/\/mouldking.store\/vi\/wp-json\/wp\/v2\/media?parent=38723"}],"wp:term":[{"taxonomy":"product_cat","embeddable":true,"href":"https:\/\/mouldking.store\/vi\/wp-json\/wp\/v2\/product_cat?post=38723"},{"taxonomy":"product_tag","embeddable":true,"href":"https:\/\/mouldking.store\/vi\/wp-json\/wp\/v2\/product_tag?post=38723"}],"curies":[{"name":"wp","href":"https:\/\/api.w.org\/{rel}","templated":true}]}}