{"id":38742,"date":"2022-12-23T10:57:41","date_gmt":"2022-12-23T03:57:41","guid":{"rendered":"https:\/\/mouldking.store\/?post_type=product&#038;p=38742"},"modified":"2022-12-23T10:57:43","modified_gmt":"2022-12-23T03:57:43","slug":"mork-031071-forest-cabin-triangular-log-cabin-with-1689pcs","status":"publish","type":"product","link":"https:\/\/mouldking.store\/vi\/shop\/mork-031071-forest-cabin-triangular-log-cabin-with-1689pcs\/","title":{"rendered":"Cabin trong r\u1eebng Mork 031071: Cabin g\u1ed7 h\u00ecnh tam gi\u00e1c v\u1edbi 1689 chi\u1ebfc"},"content":{"rendered":"<p>Th\u00f4ng tin s\u1ea3n ph\u1ea9m:<\/p>\n<ol>\n<li>Th\u01b0\u01a1ng hi\u1ec7u: Morks<\/li>\n<li>Gi\u1edbi t\u00ednh: Unisex<\/li>\n<li>Name: Forest Cabin: Triangular Log Cabin<\/li>\n<li>\u0110\u1ed9 tu\u1ed5i: &gt; 6 tu\u1ed5i<\/li>\n<li>Model Number: 031071<\/li>\n<li>Ph\u00e2n lo\u1ea1i: T\u1eadp h\u1ee3p<\/li>\n<li>H\u00ecnh d\u1ea1ng kh\u1ed1i nh\u1ef1a: G\u1ea1ch t\u1ef1 kh\u00f3a<\/li>\n<li>Ch\u1ea5t li\u1ec7u: Nh\u1ef1a<\/li>\n<li>Lo\u1ea1i nh\u1ef1a: ABS<\/li>\n<li>Bricks Blocks:1689pcs<\/li>\n<li>Size: 30 \u00d7 24.5 \u00d7 27 cm<\/li>\n<li>Ch\u1ee9a h\u01b0\u1edbng d\u1eabn l\u1eafp r\u00e1p chi ti\u1ebft.<\/li>\n<\/ol>\n<p>\u0110\u1ec3 \u00fd:<br \/>\n1. Kh\u00f4ng c\u00f3 h\u1ed9p ban \u0111\u1ea7u, nh\u01b0ng ch\u00fang t\u00f4i \u0111\u1ea3m b\u1ea3o s\u1ea3n ph\u1ea9m c\u1ee7a ch\u00fang t\u00f4i c\u00f3 ch\u1ea5t l\u01b0\u1ee3ng \u0111\u1ea3m b\u1ea3o v\u00e0 bao b\u00ec \u0111\u1eb9p.<br \/>\n2. V\u00ec t\u1ea5t c\u1ea3 c\u00e1c b\u1ed9 ph\u1eadn ch\u00fang t\u00f4i \u0111\u00e3 ki\u1ec3m tra tr\u01b0\u1edbc khi v\u1eadn chuy\u1ec3n, v\u00ec v\u1eady n\u1ebfu b\u1ea1n th\u1ea5y m\u1ed9t s\u1ed1 b\u1ed9 ph\u1eadn b\u1ecb thi\u1ebfu ho\u1eb7c h\u01b0 h\u1ecfng, \u0111\u1eebng lo l\u1eafng v\u00e0 ch\u1ec9 c\u1ea7n vui l\u00f2ng li\u00ean h\u1ec7 v\u1edbi ch\u00fang t\u00f4i v\u00e0 ch\u00fang t\u00f4i c\u00f3 th\u1ec3 g\u1eedi l\u1ea1i mi\u1ec5n ph\u00ed cho b\u1ea1n ngay l\u1eadp t\u1ee9c.<\/p>\n<figure id=\"attachment_38746\" aria-describedby=\"caption-attachment-38746\" style=\"width: 800px\" class=\"wp-caption aligncenter\"><img fetchpriority=\"high\" decoding=\"async\" class=\"wp-image-38746 size-full\" src=\"https:\/\/mouldking.store\/wp-content\/uploads\/2022\/12\/Mork-031071-Creator-Expert-Forest-Cabin-6.jpg\" alt=\"Mork 031071 Forest Cabin: Triangular Log Cabin With 1689pcs\" width=\"800\" height=\"800\" title=\"-\" srcset=\"https:\/\/mouldking.store\/wp-content\/uploads\/2022\/12\/Mork-031071-Creator-Expert-Forest-Cabin-6.jpg 800w, https:\/\/mouldking.store\/wp-content\/uploads\/2022\/12\/Mork-031071-Creator-Expert-Forest-Cabin-6-300x300.jpg 300w, https:\/\/mouldking.store\/wp-content\/uploads\/2022\/12\/Mork-031071-Creator-Expert-Forest-Cabin-6-768x768.jpg 768w, https:\/\/mouldking.store\/wp-content\/uploads\/2022\/12\/Mork-031071-Creator-Expert-Forest-Cabin-6-600x600.jpg 600w, https:\/\/mouldking.store\/wp-content\/uploads\/2022\/12\/Mork-031071-Creator-Expert-Forest-Cabin-6-150x150.jpg 150w, https:\/\/mouldking.store\/wp-content\/uploads\/2022\/12\/Mork-031071-Creator-Expert-Forest-Cabin-6-60x60.jpg 60w, https:\/\/mouldking.store\/wp-content\/uploads\/2022\/12\/Mork-031071-Creator-Expert-Forest-Cabin-6-90x90.jpg 90w\" sizes=\"(max-width: 800px) 100vw, 800px\" \/><figcaption id=\"caption-attachment-38746\" class=\"wp-caption-text\">Cabin trong r\u1eebng Mork 031071: Cabin g\u1ed7 h\u00ecnh tam gi\u00e1c v\u1edbi 1689 chi\u1ebfc<\/figcaption><\/figure>\n<figure id=\"attachment_38747\" aria-describedby=\"caption-attachment-38747\" style=\"width: 800px\" class=\"wp-caption aligncenter\"><img decoding=\"async\" class=\"wp-image-38747 size-full\" src=\"https:\/\/mouldking.store\/wp-content\/uploads\/2022\/12\/Mork-031071-Creator-Expert-Forest-Cabin-5.jpg\" alt=\"Mork 031071 Forest Cabin: Triangular Log Cabin With 1689pcs\" width=\"800\" height=\"800\" title=\"-\" srcset=\"https:\/\/mouldking.store\/wp-content\/uploads\/2022\/12\/Mork-031071-Creator-Expert-Forest-Cabin-5.jpg 800w, https:\/\/mouldking.store\/wp-content\/uploads\/2022\/12\/Mork-031071-Creator-Expert-Forest-Cabin-5-300x300.jpg 300w, https:\/\/mouldking.store\/wp-content\/uploads\/2022\/12\/Mork-031071-Creator-Expert-Forest-Cabin-5-768x768.jpg 768w, https:\/\/mouldking.store\/wp-content\/uploads\/2022\/12\/Mork-031071-Creator-Expert-Forest-Cabin-5-600x600.jpg 600w, https:\/\/mouldking.store\/wp-content\/uploads\/2022\/12\/Mork-031071-Creator-Expert-Forest-Cabin-5-150x150.jpg 150w, https:\/\/mouldking.store\/wp-content\/uploads\/2022\/12\/Mork-031071-Creator-Expert-Forest-Cabin-5-60x60.jpg 60w, https:\/\/mouldking.store\/wp-content\/uploads\/2022\/12\/Mork-031071-Creator-Expert-Forest-Cabin-5-90x90.jpg 90w\" sizes=\"(max-width: 800px) 100vw, 800px\" \/><figcaption id=\"caption-attachment-38747\" class=\"wp-caption-text\">Cabin trong r\u1eebng Mork 031071: Cabin g\u1ed7 h\u00ecnh tam gi\u00e1c v\u1edbi 1689 chi\u1ebfc<\/figcaption><\/figure>\n<figure id=\"attachment_38748\" aria-describedby=\"caption-attachment-38748\" style=\"width: 800px\" class=\"wp-caption aligncenter\"><img decoding=\"async\" class=\"wp-image-38748 size-full\" src=\"https:\/\/mouldking.store\/wp-content\/uploads\/2022\/12\/Mork-031071-Creator-Expert-Forest-Cabin-4.jpg\" alt=\"Mork 031071 Forest Cabin: Triangular Log Cabin With 1689pcs\" width=\"800\" height=\"800\" title=\"-\" srcset=\"https:\/\/mouldking.store\/wp-content\/uploads\/2022\/12\/Mork-031071-Creator-Expert-Forest-Cabin-4.jpg 800w, https:\/\/mouldking.store\/wp-content\/uploads\/2022\/12\/Mork-031071-Creator-Expert-Forest-Cabin-4-300x300.jpg 300w, https:\/\/mouldking.store\/wp-content\/uploads\/2022\/12\/Mork-031071-Creator-Expert-Forest-Cabin-4-768x768.jpg 768w, https:\/\/mouldking.store\/wp-content\/uploads\/2022\/12\/Mork-031071-Creator-Expert-Forest-Cabin-4-600x600.jpg 600w, https:\/\/mouldking.store\/wp-content\/uploads\/2022\/12\/Mork-031071-Creator-Expert-Forest-Cabin-4-150x150.jpg 150w, https:\/\/mouldking.store\/wp-content\/uploads\/2022\/12\/Mork-031071-Creator-Expert-Forest-Cabin-4-60x60.jpg 60w, https:\/\/mouldking.store\/wp-content\/uploads\/2022\/12\/Mork-031071-Creator-Expert-Forest-Cabin-4-90x90.jpg 90w\" sizes=\"(max-width: 800px) 100vw, 800px\" \/><figcaption id=\"caption-attachment-38748\" class=\"wp-caption-text\">Cabin trong r\u1eebng Mork 031071: Cabin g\u1ed7 h\u00ecnh tam gi\u00e1c v\u1edbi 1689 chi\u1ebfc<\/figcaption><\/figure>\n<figure id=\"attachment_38749\" aria-describedby=\"caption-attachment-38749\" style=\"width: 800px\" class=\"wp-caption aligncenter\"><img loading=\"lazy\" decoding=\"async\" class=\"wp-image-38749 size-full\" src=\"https:\/\/mouldking.store\/wp-content\/uploads\/2022\/12\/Mork-031071-Creator-Expert-Forest-Cabin-3.jpg\" alt=\"Mork 031071 Forest Cabin: Triangular Log Cabin With 1689pcs\" width=\"800\" height=\"800\" title=\"-\" srcset=\"https:\/\/mouldking.store\/wp-content\/uploads\/2022\/12\/Mork-031071-Creator-Expert-Forest-Cabin-3.jpg 800w, https:\/\/mouldking.store\/wp-content\/uploads\/2022\/12\/Mork-031071-Creator-Expert-Forest-Cabin-3-300x300.jpg 300w, https:\/\/mouldking.store\/wp-content\/uploads\/2022\/12\/Mork-031071-Creator-Expert-Forest-Cabin-3-768x768.jpg 768w, https:\/\/mouldking.store\/wp-content\/uploads\/2022\/12\/Mork-031071-Creator-Expert-Forest-Cabin-3-600x600.jpg 600w, https:\/\/mouldking.store\/wp-content\/uploads\/2022\/12\/Mork-031071-Creator-Expert-Forest-Cabin-3-150x150.jpg 150w, https:\/\/mouldking.store\/wp-content\/uploads\/2022\/12\/Mork-031071-Creator-Expert-Forest-Cabin-3-60x60.jpg 60w, https:\/\/mouldking.store\/wp-content\/uploads\/2022\/12\/Mork-031071-Creator-Expert-Forest-Cabin-3-90x90.jpg 90w\" sizes=\"(max-width: 800px) 100vw, 800px\" \/><figcaption id=\"caption-attachment-38749\" class=\"wp-caption-text\">Cabin trong r\u1eebng Mork 031071: Cabin g\u1ed7 h\u00ecnh tam gi\u00e1c v\u1edbi 1689 chi\u1ebfc<\/figcaption><\/figure>\n<figure id=\"attachment_38750\" aria-describedby=\"caption-attachment-38750\" style=\"width: 800px\" class=\"wp-caption aligncenter\"><img loading=\"lazy\" decoding=\"async\" class=\"wp-image-38750 size-full\" src=\"https:\/\/mouldking.store\/wp-content\/uploads\/2022\/12\/Mork-031071-Creator-Expert-Forest-Cabin-2.jpg\" alt=\"Mork 031071 Forest Cabin: Triangular Log Cabin With 1689pcs\" width=\"800\" height=\"800\" title=\"-\" srcset=\"https:\/\/mouldking.store\/wp-content\/uploads\/2022\/12\/Mork-031071-Creator-Expert-Forest-Cabin-2.jpg 800w, https:\/\/mouldking.store\/wp-content\/uploads\/2022\/12\/Mork-031071-Creator-Expert-Forest-Cabin-2-300x300.jpg 300w, https:\/\/mouldking.store\/wp-content\/uploads\/2022\/12\/Mork-031071-Creator-Expert-Forest-Cabin-2-768x768.jpg 768w, https:\/\/mouldking.store\/wp-content\/uploads\/2022\/12\/Mork-031071-Creator-Expert-Forest-Cabin-2-600x600.jpg 600w, https:\/\/mouldking.store\/wp-content\/uploads\/2022\/12\/Mork-031071-Creator-Expert-Forest-Cabin-2-150x150.jpg 150w, https:\/\/mouldking.store\/wp-content\/uploads\/2022\/12\/Mork-031071-Creator-Expert-Forest-Cabin-2-60x60.jpg 60w, https:\/\/mouldking.store\/wp-content\/uploads\/2022\/12\/Mork-031071-Creator-Expert-Forest-Cabin-2-90x90.jpg 90w\" sizes=\"(max-width: 800px) 100vw, 800px\" \/><figcaption id=\"caption-attachment-38750\" class=\"wp-caption-text\">Cabin trong r\u1eebng Mork 031071: Cabin g\u1ed7 h\u00ecnh tam gi\u00e1c v\u1edbi 1689 chi\u1ebfc<\/figcaption><\/figure>\n<figure id=\"attachment_38751\" aria-describedby=\"caption-attachment-38751\" style=\"width: 800px\" class=\"wp-caption aligncenter\"><img loading=\"lazy\" decoding=\"async\" class=\"wp-image-38751 size-full\" src=\"https:\/\/mouldking.store\/wp-content\/uploads\/2022\/12\/Mork-031071-Creator-Expert-Forest-Cabin-1.jpg\" alt=\"Mork 031071 Forest Cabin: Triangular Log Cabin With 1689pcs\" width=\"800\" height=\"800\" title=\"-\" srcset=\"https:\/\/mouldking.store\/wp-content\/uploads\/2022\/12\/Mork-031071-Creator-Expert-Forest-Cabin-1.jpg 800w, https:\/\/mouldking.store\/wp-content\/uploads\/2022\/12\/Mork-031071-Creator-Expert-Forest-Cabin-1-300x300.jpg 300w, https:\/\/mouldking.store\/wp-content\/uploads\/2022\/12\/Mork-031071-Creator-Expert-Forest-Cabin-1-768x768.jpg 768w, https:\/\/mouldking.store\/wp-content\/uploads\/2022\/12\/Mork-031071-Creator-Expert-Forest-Cabin-1-600x600.jpg 600w, https:\/\/mouldking.store\/wp-content\/uploads\/2022\/12\/Mork-031071-Creator-Expert-Forest-Cabin-1-150x150.jpg 150w, https:\/\/mouldking.store\/wp-content\/uploads\/2022\/12\/Mork-031071-Creator-Expert-Forest-Cabin-1-60x60.jpg 60w, https:\/\/mouldking.store\/wp-content\/uploads\/2022\/12\/Mork-031071-Creator-Expert-Forest-Cabin-1-90x90.jpg 90w\" sizes=\"(max-width: 800px) 100vw, 800px\" \/><figcaption id=\"caption-attachment-38751\" class=\"wp-caption-text\">Cabin trong r\u1eebng Mork 031071: Cabin g\u1ed7 h\u00ecnh tam gi\u00e1c v\u1edbi 1689 chi\u1ebfc<\/figcaption><\/figure>","protected":false},"excerpt":{"rendered":"<p>Product information: Brand: Mork Gender: Unisex Name: Forest Cabin: Triangular Log Cabin Age Range: &gt; 6 years old Model Number: 031071 Classification: Assemblage Plastic Block Shape: Self-Locking Bricks Material: Plastic Plastic Type: ABS Bricks Blocks:1689pcs Size: 30 \u00d7 24.5 \u00d7 27 cm Contains detailed assembly instructions. Notice: 1. Without an original box, but we guarantee [&hellip;]<\/p>","protected":false},"featured_media":38746,"comment_status":"closed","ping_status":"closed","template":"","meta":{"_acf_changed":false},"product_cat":[1365],"product_tag":[10135,10138,3727,10141,10137,10139,2352,10142,10134,10136,10140],"class_list":["product","first","instock","shipping-taxable","purchasable","product-type-simple"],"acf":[],"_links":{"self":[{"href":"https:\/\/mouldking.store\/vi\/wp-json\/wp\/v2\/product\/38742","targetHints":{"allow":["GET"]}}],"collection":[{"href":"https:\/\/mouldking.store\/vi\/wp-json\/wp\/v2\/product"}],"about":[{"href":"https:\/\/mouldking.store\/vi\/wp-json\/wp\/v2\/types\/product"}],"replies":[{"embeddable":true,"href":"https:\/\/mouldking.store\/vi\/wp-json\/wp\/v2\/comments?post=38742"}],"wp:featuredmedia":[{"embeddable":true,"href":"https:\/\/mouldking.store\/vi\/wp-json\/wp\/v2\/media\/38746"}],"wp:attachment":[{"href":"https:\/\/mouldking.store\/vi\/wp-json\/wp\/v2\/media?parent=38742"}],"wp:term":[{"taxonomy":"product_cat","embeddable":true,"href":"https:\/\/mouldking.store\/vi\/wp-json\/wp\/v2\/product_cat?post=38742"},{"taxonomy":"product_tag","embeddable":true,"href":"https:\/\/mouldking.store\/vi\/wp-json\/wp\/v2\/product_tag?post=38742"}],"curies":[{"name":"wp","href":"https:\/\/api.w.org\/{rel}","templated":true}]}}