{"id":38755,"date":"2022-12-23T11:03:40","date_gmt":"2022-12-23T04:03:40","guid":{"rendered":"https:\/\/mouldking.store\/?post_type=product&#038;p=38755"},"modified":"2022-12-23T11:03:41","modified_gmt":"2022-12-23T04:03:41","slug":"sembo-605027-christmas-hourglass-with-1967-pieces","status":"publish","type":"product","link":"https:\/\/mouldking.store\/vi\/shop\/sembo-605027-christmas-hourglass-with-1967-pieces\/","title":{"rendered":"SEMBO 605027 \u0110\u1ed3ng h\u1ed3 c\u00e1t Gi\u00e1ng sinh v\u1edbi 1967 m\u1ea3nh"},"content":{"rendered":"<p>Th\u00f4ng tin s\u1ea3n ph\u1ea9m:<\/p>\n<ol>\n<li>Th\u01b0\u01a1ng hi\u1ec7u: SEMBO<\/li>\n<li>Gi\u1edbi t\u00ednh: Unisex<\/li>\n<li>Name: Christmas Hourglass<\/li>\n<li>\u0110\u1ed9 tu\u1ed5i: &gt; 6 tu\u1ed5i<\/li>\n<li>Model Number: 605027<\/li>\n<li>Ph\u00e2n lo\u1ea1i: T\u1eadp h\u1ee3p<\/li>\n<li>H\u00ecnh d\u1ea1ng kh\u1ed1i nh\u1ef1a: G\u1ea1ch t\u1ef1 kh\u00f3a<\/li>\n<li>Ch\u1ea5t li\u1ec7u: Nh\u1ef1a<\/li>\n<li>Lo\u1ea1i nh\u1ef1a: ABS<\/li>\n<li>Bricks Blocks:1967 PCS<\/li>\n<li>Size: 9.5 \u00d7 9.5 \u00d7 19 cm<\/li>\n<li>Ch\u1ee9a h\u01b0\u1edbng d\u1eabn l\u1eafp r\u00e1p chi ti\u1ebft.<\/li>\n<\/ol>\n<p>\u0110\u1ec3 \u00fd:<br \/>\n1. Kh\u00f4ng c\u00f3 h\u1ed9p ban \u0111\u1ea7u, nh\u01b0ng ch\u00fang t\u00f4i \u0111\u1ea3m b\u1ea3o s\u1ea3n ph\u1ea9m c\u1ee7a ch\u00fang t\u00f4i c\u00f3 ch\u1ea5t l\u01b0\u1ee3ng \u0111\u1ea3m b\u1ea3o v\u00e0 bao b\u00ec \u0111\u1eb9p.<br \/>\n2. V\u00ec t\u1ea5t c\u1ea3 c\u00e1c b\u1ed9 ph\u1eadn ch\u00fang t\u00f4i \u0111\u00e3 ki\u1ec3m tra tr\u01b0\u1edbc khi v\u1eadn chuy\u1ec3n, v\u00ec v\u1eady n\u1ebfu b\u1ea1n th\u1ea5y m\u1ed9t s\u1ed1 b\u1ed9 ph\u1eadn b\u1ecb thi\u1ebfu ho\u1eb7c h\u01b0 h\u1ecfng, \u0111\u1eebng lo l\u1eafng v\u00e0 ch\u1ec9 c\u1ea7n vui l\u00f2ng li\u00ean h\u1ec7 v\u1edbi ch\u00fang t\u00f4i v\u00e0 ch\u00fang t\u00f4i c\u00f3 th\u1ec3 g\u1eedi l\u1ea1i mi\u1ec5n ph\u00ed cho b\u1ea1n ngay l\u1eadp t\u1ee9c.<\/p>\n<figure id=\"attachment_38757\" aria-describedby=\"caption-attachment-38757\" style=\"width: 800px\" class=\"wp-caption aligncenter\"><img fetchpriority=\"high\" decoding=\"async\" class=\"wp-image-38757 size-full\" src=\"https:\/\/mouldking.store\/wp-content\/uploads\/2022\/12\/SEMBO-605027-Creator-Christmas-Toys-Christmas-Hourglass-5.jpg\" alt=\"SEMBO 605027 Christmas Hourglass With 1967 Pieces\" width=\"800\" height=\"800\" title=\"-\" srcset=\"https:\/\/mouldking.store\/wp-content\/uploads\/2022\/12\/SEMBO-605027-Creator-Christmas-Toys-Christmas-Hourglass-5.jpg 800w, https:\/\/mouldking.store\/wp-content\/uploads\/2022\/12\/SEMBO-605027-Creator-Christmas-Toys-Christmas-Hourglass-5-300x300.jpg 300w, https:\/\/mouldking.store\/wp-content\/uploads\/2022\/12\/SEMBO-605027-Creator-Christmas-Toys-Christmas-Hourglass-5-768x768.jpg 768w, https:\/\/mouldking.store\/wp-content\/uploads\/2022\/12\/SEMBO-605027-Creator-Christmas-Toys-Christmas-Hourglass-5-600x600.jpg 600w, https:\/\/mouldking.store\/wp-content\/uploads\/2022\/12\/SEMBO-605027-Creator-Christmas-Toys-Christmas-Hourglass-5-150x150.jpg 150w, https:\/\/mouldking.store\/wp-content\/uploads\/2022\/12\/SEMBO-605027-Creator-Christmas-Toys-Christmas-Hourglass-5-60x60.jpg 60w, https:\/\/mouldking.store\/wp-content\/uploads\/2022\/12\/SEMBO-605027-Creator-Christmas-Toys-Christmas-Hourglass-5-90x90.jpg 90w\" sizes=\"(max-width: 800px) 100vw, 800px\" \/><figcaption id=\"caption-attachment-38757\" class=\"wp-caption-text\">SEMBO 605027 \u0110\u1ed3ng h\u1ed3 c\u00e1t Gi\u00e1ng sinh v\u1edbi 1967 m\u1ea3nh<\/figcaption><\/figure>\n<figure id=\"attachment_38758\" aria-describedby=\"caption-attachment-38758\" style=\"width: 800px\" class=\"wp-caption aligncenter\"><img decoding=\"async\" class=\"wp-image-38758 size-full\" src=\"https:\/\/mouldking.store\/wp-content\/uploads\/2022\/12\/SEMBO-605027-Creator-Christmas-Toys-Christmas-Hourglass-4.jpg\" alt=\"SEMBO 605027 Christmas Hourglass With 1967 Pieces\" width=\"800\" height=\"800\" title=\"-\" srcset=\"https:\/\/mouldking.store\/wp-content\/uploads\/2022\/12\/SEMBO-605027-Creator-Christmas-Toys-Christmas-Hourglass-4.jpg 800w, https:\/\/mouldking.store\/wp-content\/uploads\/2022\/12\/SEMBO-605027-Creator-Christmas-Toys-Christmas-Hourglass-4-300x300.jpg 300w, https:\/\/mouldking.store\/wp-content\/uploads\/2022\/12\/SEMBO-605027-Creator-Christmas-Toys-Christmas-Hourglass-4-768x768.jpg 768w, https:\/\/mouldking.store\/wp-content\/uploads\/2022\/12\/SEMBO-605027-Creator-Christmas-Toys-Christmas-Hourglass-4-600x600.jpg 600w, https:\/\/mouldking.store\/wp-content\/uploads\/2022\/12\/SEMBO-605027-Creator-Christmas-Toys-Christmas-Hourglass-4-150x150.jpg 150w, https:\/\/mouldking.store\/wp-content\/uploads\/2022\/12\/SEMBO-605027-Creator-Christmas-Toys-Christmas-Hourglass-4-60x60.jpg 60w, https:\/\/mouldking.store\/wp-content\/uploads\/2022\/12\/SEMBO-605027-Creator-Christmas-Toys-Christmas-Hourglass-4-90x90.jpg 90w\" sizes=\"(max-width: 800px) 100vw, 800px\" \/><figcaption id=\"caption-attachment-38758\" class=\"wp-caption-text\">SEMBO 605027 \u0110\u1ed3ng h\u1ed3 c\u00e1t Gi\u00e1ng sinh v\u1edbi 1967 m\u1ea3nh<\/figcaption><\/figure>\n<figure id=\"attachment_38759\" aria-describedby=\"caption-attachment-38759\" style=\"width: 800px\" class=\"wp-caption aligncenter\"><img decoding=\"async\" class=\"wp-image-38759 size-full\" src=\"https:\/\/mouldking.store\/wp-content\/uploads\/2022\/12\/SEMBO-605027-Creator-Christmas-Toys-Christmas-Hourglass-3.jpg\" alt=\"SEMBO 605027 Christmas Hourglass With 1967 Pieces\" width=\"800\" height=\"800\" title=\"-\" srcset=\"https:\/\/mouldking.store\/wp-content\/uploads\/2022\/12\/SEMBO-605027-Creator-Christmas-Toys-Christmas-Hourglass-3.jpg 800w, https:\/\/mouldking.store\/wp-content\/uploads\/2022\/12\/SEMBO-605027-Creator-Christmas-Toys-Christmas-Hourglass-3-300x300.jpg 300w, https:\/\/mouldking.store\/wp-content\/uploads\/2022\/12\/SEMBO-605027-Creator-Christmas-Toys-Christmas-Hourglass-3-768x768.jpg 768w, https:\/\/mouldking.store\/wp-content\/uploads\/2022\/12\/SEMBO-605027-Creator-Christmas-Toys-Christmas-Hourglass-3-600x600.jpg 600w, https:\/\/mouldking.store\/wp-content\/uploads\/2022\/12\/SEMBO-605027-Creator-Christmas-Toys-Christmas-Hourglass-3-150x150.jpg 150w, https:\/\/mouldking.store\/wp-content\/uploads\/2022\/12\/SEMBO-605027-Creator-Christmas-Toys-Christmas-Hourglass-3-60x60.jpg 60w, https:\/\/mouldking.store\/wp-content\/uploads\/2022\/12\/SEMBO-605027-Creator-Christmas-Toys-Christmas-Hourglass-3-90x90.jpg 90w\" sizes=\"(max-width: 800px) 100vw, 800px\" \/><figcaption id=\"caption-attachment-38759\" class=\"wp-caption-text\">SEMBO 605027 \u0110\u1ed3ng h\u1ed3 c\u00e1t Gi\u00e1ng sinh v\u1edbi 1967 m\u1ea3nh<\/figcaption><\/figure>\n<figure id=\"attachment_38760\" aria-describedby=\"caption-attachment-38760\" style=\"width: 800px\" class=\"wp-caption aligncenter\"><img loading=\"lazy\" decoding=\"async\" class=\"wp-image-38760 size-full\" src=\"https:\/\/mouldking.store\/wp-content\/uploads\/2022\/12\/SEMBO-605027-Creator-Christmas-Toys-Christmas-Hourglass-2.jpg\" alt=\"SEMBO 605027 Christmas Hourglass With 1967 Pieces\" width=\"800\" height=\"800\" title=\"-\" srcset=\"https:\/\/mouldking.store\/wp-content\/uploads\/2022\/12\/SEMBO-605027-Creator-Christmas-Toys-Christmas-Hourglass-2.jpg 800w, https:\/\/mouldking.store\/wp-content\/uploads\/2022\/12\/SEMBO-605027-Creator-Christmas-Toys-Christmas-Hourglass-2-300x300.jpg 300w, https:\/\/mouldking.store\/wp-content\/uploads\/2022\/12\/SEMBO-605027-Creator-Christmas-Toys-Christmas-Hourglass-2-768x768.jpg 768w, https:\/\/mouldking.store\/wp-content\/uploads\/2022\/12\/SEMBO-605027-Creator-Christmas-Toys-Christmas-Hourglass-2-600x600.jpg 600w, https:\/\/mouldking.store\/wp-content\/uploads\/2022\/12\/SEMBO-605027-Creator-Christmas-Toys-Christmas-Hourglass-2-150x150.jpg 150w, https:\/\/mouldking.store\/wp-content\/uploads\/2022\/12\/SEMBO-605027-Creator-Christmas-Toys-Christmas-Hourglass-2-60x60.jpg 60w, https:\/\/mouldking.store\/wp-content\/uploads\/2022\/12\/SEMBO-605027-Creator-Christmas-Toys-Christmas-Hourglass-2-90x90.jpg 90w\" sizes=\"(max-width: 800px) 100vw, 800px\" \/><figcaption id=\"caption-attachment-38760\" class=\"wp-caption-text\">SEMBO 605027 \u0110\u1ed3ng h\u1ed3 c\u00e1t Gi\u00e1ng sinh v\u1edbi 1967 m\u1ea3nh<\/figcaption><\/figure>\n<figure id=\"attachment_38761\" aria-describedby=\"caption-attachment-38761\" style=\"width: 800px\" class=\"wp-caption aligncenter\"><img loading=\"lazy\" decoding=\"async\" class=\"wp-image-38761 size-full\" src=\"https:\/\/mouldking.store\/wp-content\/uploads\/2022\/12\/SEMBO-605027-Creator-Christmas-Toys-Christmas-Hourglass-1.jpg\" alt=\"SEMBO 605027 Christmas Hourglass With 1967 Pieces\" width=\"800\" height=\"800\" title=\"-\" srcset=\"https:\/\/mouldking.store\/wp-content\/uploads\/2022\/12\/SEMBO-605027-Creator-Christmas-Toys-Christmas-Hourglass-1.jpg 800w, https:\/\/mouldking.store\/wp-content\/uploads\/2022\/12\/SEMBO-605027-Creator-Christmas-Toys-Christmas-Hourglass-1-300x300.jpg 300w, https:\/\/mouldking.store\/wp-content\/uploads\/2022\/12\/SEMBO-605027-Creator-Christmas-Toys-Christmas-Hourglass-1-768x768.jpg 768w, https:\/\/mouldking.store\/wp-content\/uploads\/2022\/12\/SEMBO-605027-Creator-Christmas-Toys-Christmas-Hourglass-1-600x600.jpg 600w, https:\/\/mouldking.store\/wp-content\/uploads\/2022\/12\/SEMBO-605027-Creator-Christmas-Toys-Christmas-Hourglass-1-150x150.jpg 150w, https:\/\/mouldking.store\/wp-content\/uploads\/2022\/12\/SEMBO-605027-Creator-Christmas-Toys-Christmas-Hourglass-1-60x60.jpg 60w, https:\/\/mouldking.store\/wp-content\/uploads\/2022\/12\/SEMBO-605027-Creator-Christmas-Toys-Christmas-Hourglass-1-90x90.jpg 90w\" sizes=\"(max-width: 800px) 100vw, 800px\" \/><figcaption id=\"caption-attachment-38761\" class=\"wp-caption-text\">SEMBO 605027 \u0110\u1ed3ng h\u1ed3 c\u00e1t Gi\u00e1ng sinh v\u1edbi 1967 m\u1ea3nh<\/figcaption><\/figure>","protected":false},"excerpt":{"rendered":"<p>Product information: Brand: SEMBO Gender: Unisex Name: Christmas Hourglass Age Range: &gt; 6 years old Model Number: 605027 Classification: Assemblage Plastic Block Shape: Self-Locking Bricks Material: Plastic Plastic Type: ABS Bricks Blocks:1967 PCS Size: 9.5 \u00d7 9.5 \u00d7 19 cm Contains detailed assembly instructions. Notice: 1. Without an original box, but we guarantee our products [&hellip;]<\/p>","protected":false},"featured_media":38757,"comment_status":"closed","ping_status":"closed","template":"","meta":{"_acf_changed":false},"product_cat":[1365],"product_tag":[10151,1066,10153,10152,1491,10154,10155,10150],"class_list":["product","first","instock","shipping-taxable","purchasable","product-type-simple"],"acf":[],"_links":{"self":[{"href":"https:\/\/mouldking.store\/vi\/wp-json\/wp\/v2\/product\/38755","targetHints":{"allow":["GET"]}}],"collection":[{"href":"https:\/\/mouldking.store\/vi\/wp-json\/wp\/v2\/product"}],"about":[{"href":"https:\/\/mouldking.store\/vi\/wp-json\/wp\/v2\/types\/product"}],"replies":[{"embeddable":true,"href":"https:\/\/mouldking.store\/vi\/wp-json\/wp\/v2\/comments?post=38755"}],"wp:featuredmedia":[{"embeddable":true,"href":"https:\/\/mouldking.store\/vi\/wp-json\/wp\/v2\/media\/38757"}],"wp:attachment":[{"href":"https:\/\/mouldking.store\/vi\/wp-json\/wp\/v2\/media?parent=38755"}],"wp:term":[{"taxonomy":"product_cat","embeddable":true,"href":"https:\/\/mouldking.store\/vi\/wp-json\/wp\/v2\/product_cat?post=38755"},{"taxonomy":"product_tag","embeddable":true,"href":"https:\/\/mouldking.store\/vi\/wp-json\/wp\/v2\/product_tag?post=38755"}],"curies":[{"name":"wp","href":"https:\/\/api.w.org\/{rel}","templated":true}]}}