{"id":38756,"date":"2022-12-23T11:05:00","date_gmt":"2022-12-23T04:05:00","guid":{"rendered":"https:\/\/mouldking.store\/?post_type=product&#038;p=38756"},"modified":"2022-12-23T11:05:07","modified_gmt":"2022-12-23T04:05:07","slug":"mould-king-14019-mpsaa-12-automatic-shotgun-with-1680pcs","status":"publish","type":"product","link":"https:\/\/mouldking.store\/vi\/shop\/mould-king-14019-mpsaa-12-automatic-shotgun-with-1680pcs\/","title":{"rendered":"S\u00fang ng\u1eafn t\u1ef1 \u0111\u1ed9ng Mold King 14019 MPSAA-12 v\u1edbi 1680 chi\u1ebfc"},"content":{"rendered":"<p>Th\u00f4ng tin s\u1ea3n ph\u1ea9m:<\/p>\n<ol>\n<li>Th\u01b0\u01a1ng hi\u1ec7u: Khu\u00f4n Vua<\/li>\n<li>Gi\u1edbi t\u00ednh: Unisex<\/li>\n<li>T\u00ean: S\u00fang ng\u1eafn t\u1ef1 \u0111\u1ed9ng MPSAA-12<\/li>\n<li>\u0110\u1ed9 tu\u1ed5i: &gt; 6 tu\u1ed5i<\/li>\n<li>S\u1ed1 m\u00f4 h\u00ecnh: 14019<\/li>\n<li>Ph\u00e2n lo\u1ea1i: T\u1eadp h\u1ee3p<\/li>\n<li>H\u00ecnh d\u1ea1ng kh\u1ed1i nh\u1ef1a: G\u1ea1ch t\u1ef1 kh\u00f3a<\/li>\n<li>Ch\u1ea5t li\u1ec7u: Nh\u1ef1a<\/li>\n<li>Lo\u1ea1i nh\u1ef1a: ABS<\/li>\n<li>Kh\u1ed1i g\u1ea1ch: 1680 chi\u1ebfc<\/li>\n<li>K\u00edch th\u01b0\u1edbc: 83,7 \u00d7 22,4 \u00d7 5,4 cm<\/li>\n<li>Ch\u1ee9a h\u01b0\u1edbng d\u1eabn l\u1eafp r\u00e1p chi ti\u1ebft.<\/li>\n<\/ol>\n<p>\u0110\u1ec3 \u00fd:<br \/>\n1. Kh\u00f4ng c\u00f3 h\u1ed9p ban \u0111\u1ea7u, nh\u01b0ng ch\u00fang t\u00f4i \u0111\u1ea3m b\u1ea3o s\u1ea3n ph\u1ea9m c\u1ee7a ch\u00fang t\u00f4i c\u00f3 ch\u1ea5t l\u01b0\u1ee3ng \u0111\u1ea3m b\u1ea3o v\u00e0 bao b\u00ec \u0111\u1eb9p.<br \/>\n2. V\u00ec t\u1ea5t c\u1ea3 c\u00e1c b\u1ed9 ph\u1eadn ch\u00fang t\u00f4i \u0111\u00e3 ki\u1ec3m tra tr\u01b0\u1edbc khi v\u1eadn chuy\u1ec3n, v\u00ec v\u1eady n\u1ebfu b\u1ea1n th\u1ea5y m\u1ed9t s\u1ed1 b\u1ed9 ph\u1eadn b\u1ecb thi\u1ebfu ho\u1eb7c h\u01b0 h\u1ecfng, \u0111\u1eebng lo l\u1eafng v\u00e0 ch\u1ec9 c\u1ea7n vui l\u00f2ng li\u00ean h\u1ec7 v\u1edbi ch\u00fang t\u00f4i v\u00e0 ch\u00fang t\u00f4i c\u00f3 th\u1ec3 g\u1eedi l\u1ea1i mi\u1ec5n ph\u00ed cho b\u1ea1n ngay l\u1eadp t\u1ee9c.<\/p>\n<figure id=\"attachment_38762\" aria-describedby=\"caption-attachment-38762\" style=\"width: 800px\" class=\"wp-caption aligncenter\"><img fetchpriority=\"high\" decoding=\"async\" class=\"wp-image-38762 size-full\" src=\"https:\/\/mouldking.store\/wp-content\/uploads\/2022\/12\/Mould-King-14019-Military-Auto-Assault-12-Gun-4.jpg\" alt=\"Mould King 14019 MPSAA-12 Automatic Shotgun With 1680pcs\" width=\"800\" height=\"800\" title=\"-\" srcset=\"https:\/\/mouldking.store\/wp-content\/uploads\/2022\/12\/Mould-King-14019-Military-Auto-Assault-12-Gun-4.jpg 800w, https:\/\/mouldking.store\/wp-content\/uploads\/2022\/12\/Mould-King-14019-Military-Auto-Assault-12-Gun-4-300x300.jpg 300w, https:\/\/mouldking.store\/wp-content\/uploads\/2022\/12\/Mould-King-14019-Military-Auto-Assault-12-Gun-4-768x768.jpg 768w, https:\/\/mouldking.store\/wp-content\/uploads\/2022\/12\/Mould-King-14019-Military-Auto-Assault-12-Gun-4-600x600.jpg 600w, https:\/\/mouldking.store\/wp-content\/uploads\/2022\/12\/Mould-King-14019-Military-Auto-Assault-12-Gun-4-150x150.jpg 150w, https:\/\/mouldking.store\/wp-content\/uploads\/2022\/12\/Mould-King-14019-Military-Auto-Assault-12-Gun-4-60x60.jpg 60w, https:\/\/mouldking.store\/wp-content\/uploads\/2022\/12\/Mould-King-14019-Military-Auto-Assault-12-Gun-4-90x90.jpg 90w\" sizes=\"(max-width: 800px) 100vw, 800px\" \/><figcaption id=\"caption-attachment-38762\" class=\"wp-caption-text\">S\u00fang ng\u1eafn t\u1ef1 \u0111\u1ed9ng Mold King 14019 MPSAA-12 v\u1edbi 1680 chi\u1ebfc<\/figcaption><\/figure>\n<figure id=\"attachment_38763\" aria-describedby=\"caption-attachment-38763\" style=\"width: 800px\" class=\"wp-caption aligncenter\"><img decoding=\"async\" class=\"wp-image-38763 size-full\" src=\"https:\/\/mouldking.store\/wp-content\/uploads\/2022\/12\/Mould-King-14019-Military-Auto-Assault-12-Gun-3.jpg\" alt=\"Mould King 14019 MPSAA-12 Automatic Shotgun With 1680pcs\" width=\"800\" height=\"800\" title=\"-\" srcset=\"https:\/\/mouldking.store\/wp-content\/uploads\/2022\/12\/Mould-King-14019-Military-Auto-Assault-12-Gun-3.jpg 800w, https:\/\/mouldking.store\/wp-content\/uploads\/2022\/12\/Mould-King-14019-Military-Auto-Assault-12-Gun-3-300x300.jpg 300w, https:\/\/mouldking.store\/wp-content\/uploads\/2022\/12\/Mould-King-14019-Military-Auto-Assault-12-Gun-3-768x768.jpg 768w, https:\/\/mouldking.store\/wp-content\/uploads\/2022\/12\/Mould-King-14019-Military-Auto-Assault-12-Gun-3-600x600.jpg 600w, https:\/\/mouldking.store\/wp-content\/uploads\/2022\/12\/Mould-King-14019-Military-Auto-Assault-12-Gun-3-150x150.jpg 150w, https:\/\/mouldking.store\/wp-content\/uploads\/2022\/12\/Mould-King-14019-Military-Auto-Assault-12-Gun-3-60x60.jpg 60w, https:\/\/mouldking.store\/wp-content\/uploads\/2022\/12\/Mould-King-14019-Military-Auto-Assault-12-Gun-3-90x90.jpg 90w\" sizes=\"(max-width: 800px) 100vw, 800px\" \/><figcaption id=\"caption-attachment-38763\" class=\"wp-caption-text\">S\u00fang ng\u1eafn t\u1ef1 \u0111\u1ed9ng Mold King 14019 MPSAA-12 v\u1edbi 1680 chi\u1ebfc<\/figcaption><\/figure>\n<figure id=\"attachment_38764\" aria-describedby=\"caption-attachment-38764\" style=\"width: 800px\" class=\"wp-caption aligncenter\"><img decoding=\"async\" class=\"wp-image-38764 size-full\" src=\"https:\/\/mouldking.store\/wp-content\/uploads\/2022\/12\/Mould-King-14019-Military-Auto-Assault-12-Gun-2.jpg\" alt=\"Mould King 14019 MPSAA-12 Automatic Shotgun With 1680pcs\" width=\"800\" height=\"800\" title=\"-\" srcset=\"https:\/\/mouldking.store\/wp-content\/uploads\/2022\/12\/Mould-King-14019-Military-Auto-Assault-12-Gun-2.jpg 800w, https:\/\/mouldking.store\/wp-content\/uploads\/2022\/12\/Mould-King-14019-Military-Auto-Assault-12-Gun-2-300x300.jpg 300w, https:\/\/mouldking.store\/wp-content\/uploads\/2022\/12\/Mould-King-14019-Military-Auto-Assault-12-Gun-2-768x768.jpg 768w, https:\/\/mouldking.store\/wp-content\/uploads\/2022\/12\/Mould-King-14019-Military-Auto-Assault-12-Gun-2-600x600.jpg 600w, https:\/\/mouldking.store\/wp-content\/uploads\/2022\/12\/Mould-King-14019-Military-Auto-Assault-12-Gun-2-150x150.jpg 150w, https:\/\/mouldking.store\/wp-content\/uploads\/2022\/12\/Mould-King-14019-Military-Auto-Assault-12-Gun-2-60x60.jpg 60w, https:\/\/mouldking.store\/wp-content\/uploads\/2022\/12\/Mould-King-14019-Military-Auto-Assault-12-Gun-2-90x90.jpg 90w\" sizes=\"(max-width: 800px) 100vw, 800px\" \/><figcaption id=\"caption-attachment-38764\" class=\"wp-caption-text\">S\u00fang ng\u1eafn t\u1ef1 \u0111\u1ed9ng Mold King 14019 MPSAA-12 v\u1edbi 1680 chi\u1ebfc<\/figcaption><\/figure>\n<figure id=\"attachment_38765\" aria-describedby=\"caption-attachment-38765\" style=\"width: 800px\" class=\"wp-caption aligncenter\"><img loading=\"lazy\" decoding=\"async\" class=\"wp-image-38765 size-full\" src=\"https:\/\/mouldking.store\/wp-content\/uploads\/2022\/12\/Mould-King-14019-Military-Auto-Assault-12-Gun-1.jpg\" alt=\"Mould King 14019 MPSAA-12 Automatic Shotgun With 1680pcs\" width=\"800\" height=\"800\" title=\"-\" srcset=\"https:\/\/mouldking.store\/wp-content\/uploads\/2022\/12\/Mould-King-14019-Military-Auto-Assault-12-Gun-1.jpg 800w, https:\/\/mouldking.store\/wp-content\/uploads\/2022\/12\/Mould-King-14019-Military-Auto-Assault-12-Gun-1-300x300.jpg 300w, https:\/\/mouldking.store\/wp-content\/uploads\/2022\/12\/Mould-King-14019-Military-Auto-Assault-12-Gun-1-768x768.jpg 768w, https:\/\/mouldking.store\/wp-content\/uploads\/2022\/12\/Mould-King-14019-Military-Auto-Assault-12-Gun-1-600x600.jpg 600w, https:\/\/mouldking.store\/wp-content\/uploads\/2022\/12\/Mould-King-14019-Military-Auto-Assault-12-Gun-1-150x150.jpg 150w, https:\/\/mouldking.store\/wp-content\/uploads\/2022\/12\/Mould-King-14019-Military-Auto-Assault-12-Gun-1-60x60.jpg 60w, https:\/\/mouldking.store\/wp-content\/uploads\/2022\/12\/Mould-King-14019-Military-Auto-Assault-12-Gun-1-90x90.jpg 90w\" sizes=\"(max-width: 800px) 100vw, 800px\" \/><figcaption id=\"caption-attachment-38765\" class=\"wp-caption-text\">S\u00fang ng\u1eafn t\u1ef1 \u0111\u1ed9ng Mold King 14019 MPSAA-12 v\u1edbi 1680 chi\u1ebfc<\/figcaption><\/figure>","protected":false},"excerpt":{"rendered":"<p>Product information: Brand: Mould King Gender: Unisex Name: MPSAA-12 Automatic Shotgun Age Range: &gt; 6 years old Model Number: 14019 Classification: Assemblage Plastic Block Shape: Self-Locking Bricks Material: Plastic Plastic Type: ABS Bricks Blocks:1680pcs Size: 83.7 \u00d7 22.4 \u00d7 5.4 cm Contains detailed assembly instructions. Notice: 1. Without an original box, but we guarantee our [&hellip;]<\/p>","protected":false},"featured_media":38762,"comment_status":"closed","ping_status":"closed","template":"","meta":{"_acf_changed":false},"product_cat":[1350,372],"product_tag":[10157,10159,10161,615,10163,10164,10156,10158,10160,10162,5134],"class_list":["product","first","instock","shipping-taxable","purchasable","product-type-simple"],"acf":[],"_links":{"self":[{"href":"https:\/\/mouldking.store\/vi\/wp-json\/wp\/v2\/product\/38756","targetHints":{"allow":["GET"]}}],"collection":[{"href":"https:\/\/mouldking.store\/vi\/wp-json\/wp\/v2\/product"}],"about":[{"href":"https:\/\/mouldking.store\/vi\/wp-json\/wp\/v2\/types\/product"}],"replies":[{"embeddable":true,"href":"https:\/\/mouldking.store\/vi\/wp-json\/wp\/v2\/comments?post=38756"}],"wp:featuredmedia":[{"embeddable":true,"href":"https:\/\/mouldking.store\/vi\/wp-json\/wp\/v2\/media\/38762"}],"wp:attachment":[{"href":"https:\/\/mouldking.store\/vi\/wp-json\/wp\/v2\/media?parent=38756"}],"wp:term":[{"taxonomy":"product_cat","embeddable":true,"href":"https:\/\/mouldking.store\/vi\/wp-json\/wp\/v2\/product_cat?post=38756"},{"taxonomy":"product_tag","embeddable":true,"href":"https:\/\/mouldking.store\/vi\/wp-json\/wp\/v2\/product_tag?post=38756"}],"curies":[{"name":"wp","href":"https:\/\/api.w.org\/{rel}","templated":true}]}}