{"id":38767,"date":"2022-12-23T11:17:20","date_gmt":"2022-12-23T04:17:20","guid":{"rendered":"https:\/\/mouldking.store\/?post_type=product&#038;p=38767"},"modified":"2022-12-23T11:17:21","modified_gmt":"2022-12-23T04:17:21","slug":"dk-1510-one-piece-edward-newgate-murakumogiri-with-1319-pieces","status":"publish","type":"product","link":"https:\/\/mouldking.store\/vi\/shop\/dk-1510-one-piece-edward-newgate-murakumogiri-with-1319-pieces\/","title":{"rendered":"DK 1510 One Piece: Edward Newgate Murakumogiri V\u1edbi 1319 M\u1ea3nh"},"content":{"rendered":"<p>Th\u00f4ng tin s\u1ea3n ph\u1ea9m:<\/p>\n<ol>\n<li>Th\u01b0\u01a1ng hi\u1ec7u: \u0110K<\/li>\n<li>Gi\u1edbi t\u00ednh: Unisex<\/li>\n<li>Name: One Piece: Edward Newgate Murakumogiri<\/li>\n<li>\u0110\u1ed9 tu\u1ed5i: &gt; 6 tu\u1ed5i<\/li>\n<li>Model Number: 1510<\/li>\n<li>Ph\u00e2n lo\u1ea1i: T\u1eadp h\u1ee3p<\/li>\n<li>H\u00ecnh d\u1ea1ng kh\u1ed1i nh\u1ef1a: G\u1ea1ch t\u1ef1 kh\u00f3a<\/li>\n<li>Ch\u1ea5t li\u1ec7u: Nh\u1ef1a<\/li>\n<li>Lo\u1ea1i nh\u1ef1a: ABS<\/li>\n<li>Bricks Blocks:1319 PCS<\/li>\n<li>Size:122.4 x 17.6 cm<\/li>\n<li>Ch\u1ee9a h\u01b0\u1edbng d\u1eabn l\u1eafp r\u00e1p chi ti\u1ebft.<\/li>\n<\/ol>\n<p>\u0110\u1ec3 \u00fd:<br \/>\n1. Kh\u00f4ng c\u00f3 h\u1ed9p ban \u0111\u1ea7u, nh\u01b0ng ch\u00fang t\u00f4i \u0111\u1ea3m b\u1ea3o s\u1ea3n ph\u1ea9m c\u1ee7a ch\u00fang t\u00f4i c\u00f3 ch\u1ea5t l\u01b0\u1ee3ng \u0111\u1ea3m b\u1ea3o v\u00e0 bao b\u00ec \u0111\u1eb9p.<br \/>\n2. V\u00ec t\u1ea5t c\u1ea3 c\u00e1c b\u1ed9 ph\u1eadn ch\u00fang t\u00f4i \u0111\u00e3 ki\u1ec3m tra tr\u01b0\u1edbc khi v\u1eadn chuy\u1ec3n, v\u00ec v\u1eady n\u1ebfu b\u1ea1n th\u1ea5y m\u1ed9t s\u1ed1 b\u1ed9 ph\u1eadn b\u1ecb thi\u1ebfu ho\u1eb7c h\u01b0 h\u1ecfng, \u0111\u1eebng lo l\u1eafng v\u00e0 ch\u1ec9 c\u1ea7n vui l\u00f2ng li\u00ean h\u1ec7 v\u1edbi ch\u00fang t\u00f4i v\u00e0 ch\u00fang t\u00f4i c\u00f3 th\u1ec3 g\u1eedi l\u1ea1i mi\u1ec5n ph\u00ed cho b\u1ea1n ngay l\u1eadp t\u1ee9c.<\/p>\n<figure id=\"attachment_38780\" aria-describedby=\"caption-attachment-38780\" style=\"width: 800px\" class=\"wp-caption aligncenter\"><img fetchpriority=\"high\" decoding=\"async\" class=\"wp-image-38780 size-full\" src=\"https:\/\/mouldking.store\/wp-content\/uploads\/2022\/12\/DK-1510-One-Piece-6.jpg\" alt=\"DK 1510 One Piece: Edward Newgate Murakumogiri With 1319 Pieces\" width=\"800\" height=\"800\" title=\"-\" srcset=\"https:\/\/mouldking.store\/wp-content\/uploads\/2022\/12\/DK-1510-One-Piece-6.jpg 800w, https:\/\/mouldking.store\/wp-content\/uploads\/2022\/12\/DK-1510-One-Piece-6-300x300.jpg 300w, https:\/\/mouldking.store\/wp-content\/uploads\/2022\/12\/DK-1510-One-Piece-6-768x768.jpg 768w, https:\/\/mouldking.store\/wp-content\/uploads\/2022\/12\/DK-1510-One-Piece-6-600x600.jpg 600w, https:\/\/mouldking.store\/wp-content\/uploads\/2022\/12\/DK-1510-One-Piece-6-150x150.jpg 150w, https:\/\/mouldking.store\/wp-content\/uploads\/2022\/12\/DK-1510-One-Piece-6-60x60.jpg 60w, https:\/\/mouldking.store\/wp-content\/uploads\/2022\/12\/DK-1510-One-Piece-6-90x90.jpg 90w\" sizes=\"(max-width: 800px) 100vw, 800px\" \/><figcaption id=\"caption-attachment-38780\" class=\"wp-caption-text\">DK 1510 One Piece: Edward Newgate Murakumogiri V\u1edbi 1319 M\u1ea3nh<\/figcaption><\/figure>\n<figure id=\"attachment_38781\" aria-describedby=\"caption-attachment-38781\" style=\"width: 715px\" class=\"wp-caption aligncenter\"><img decoding=\"async\" class=\"wp-image-38781 size-full\" src=\"https:\/\/mouldking.store\/wp-content\/uploads\/2022\/12\/DK-1510-One-Piece-5.jpg\" alt=\"DK 1510 One Piece: Edward Newgate Murakumogiri With 1319 Pieces\" width=\"715\" height=\"1024\" title=\"-\" srcset=\"https:\/\/mouldking.store\/wp-content\/uploads\/2022\/12\/DK-1510-One-Piece-5.jpg 715w, https:\/\/mouldking.store\/wp-content\/uploads\/2022\/12\/DK-1510-One-Piece-5-209x300.jpg 209w, https:\/\/mouldking.store\/wp-content\/uploads\/2022\/12\/DK-1510-One-Piece-5-300x430.jpg 300w, https:\/\/mouldking.store\/wp-content\/uploads\/2022\/12\/DK-1510-One-Piece-5-600x859.jpg 600w, https:\/\/mouldking.store\/wp-content\/uploads\/2022\/12\/DK-1510-One-Piece-5-105x150.jpg 105w, https:\/\/mouldking.store\/wp-content\/uploads\/2022\/12\/DK-1510-One-Piece-5-42x60.jpg 42w, https:\/\/mouldking.store\/wp-content\/uploads\/2022\/12\/DK-1510-One-Piece-5-63x90.jpg 63w\" sizes=\"(max-width: 715px) 100vw, 715px\" \/><figcaption id=\"caption-attachment-38781\" class=\"wp-caption-text\">DK 1510 One Piece: Edward Newgate Murakumogiri V\u1edbi 1319 M\u1ea3nh<\/figcaption><\/figure>\n<figure id=\"attachment_38782\" aria-describedby=\"caption-attachment-38782\" style=\"width: 927px\" class=\"wp-caption aligncenter\"><img decoding=\"async\" class=\"wp-image-38782 size-full\" src=\"https:\/\/mouldking.store\/wp-content\/uploads\/2022\/12\/DK-1510-One-Piece-4.jpg\" alt=\"DK 1510 One Piece: Edward Newgate Murakumogiri With 1319 Pieces\" width=\"927\" height=\"1024\" title=\"-\" srcset=\"https:\/\/mouldking.store\/wp-content\/uploads\/2022\/12\/DK-1510-One-Piece-4.jpg 927w, https:\/\/mouldking.store\/wp-content\/uploads\/2022\/12\/DK-1510-One-Piece-4-272x300.jpg 272w, https:\/\/mouldking.store\/wp-content\/uploads\/2022\/12\/DK-1510-One-Piece-4-768x848.jpg 768w, https:\/\/mouldking.store\/wp-content\/uploads\/2022\/12\/DK-1510-One-Piece-4-300x331.jpg 300w, https:\/\/mouldking.store\/wp-content\/uploads\/2022\/12\/DK-1510-One-Piece-4-600x663.jpg 600w, https:\/\/mouldking.store\/wp-content\/uploads\/2022\/12\/DK-1510-One-Piece-4-136x150.jpg 136w, https:\/\/mouldking.store\/wp-content\/uploads\/2022\/12\/DK-1510-One-Piece-4-54x60.jpg 54w, https:\/\/mouldking.store\/wp-content\/uploads\/2022\/12\/DK-1510-One-Piece-4-81x90.jpg 81w\" sizes=\"(max-width: 927px) 100vw, 927px\" \/><figcaption id=\"caption-attachment-38782\" class=\"wp-caption-text\">DK 1510 One Piece: Edward Newgate Murakumogiri V\u1edbi 1319 M\u1ea3nh<\/figcaption><\/figure>\n<figure id=\"attachment_38783\" aria-describedby=\"caption-attachment-38783\" style=\"width: 1013px\" class=\"wp-caption aligncenter\"><img loading=\"lazy\" decoding=\"async\" class=\"wp-image-38783 size-full\" src=\"https:\/\/mouldking.store\/wp-content\/uploads\/2022\/12\/DK-1510-One-Piece-3.jpg\" alt=\"DK 1510 One Piece: Edward Newgate Murakumogiri With 1319 Pieces\" width=\"1013\" height=\"1024\" title=\"-\" srcset=\"https:\/\/mouldking.store\/wp-content\/uploads\/2022\/12\/DK-1510-One-Piece-3.jpg 1013w, https:\/\/mouldking.store\/wp-content\/uploads\/2022\/12\/DK-1510-One-Piece-3-297x300.jpg 297w, https:\/\/mouldking.store\/wp-content\/uploads\/2022\/12\/DK-1510-One-Piece-3-768x776.jpg 768w, https:\/\/mouldking.store\/wp-content\/uploads\/2022\/12\/DK-1510-One-Piece-3-300x303.jpg 300w, https:\/\/mouldking.store\/wp-content\/uploads\/2022\/12\/DK-1510-One-Piece-3-600x607.jpg 600w, https:\/\/mouldking.store\/wp-content\/uploads\/2022\/12\/DK-1510-One-Piece-3-148x150.jpg 148w, https:\/\/mouldking.store\/wp-content\/uploads\/2022\/12\/DK-1510-One-Piece-3-59x60.jpg 59w, https:\/\/mouldking.store\/wp-content\/uploads\/2022\/12\/DK-1510-One-Piece-3-89x90.jpg 89w\" sizes=\"(max-width: 1013px) 100vw, 1013px\" \/><figcaption id=\"caption-attachment-38783\" class=\"wp-caption-text\">DK 1510 One Piece: Edward Newgate Murakumogiri V\u1edbi 1319 M\u1ea3nh<\/figcaption><\/figure>","protected":false},"excerpt":{"rendered":"<p>Product information: Brand: DK Gender: Unisex Name: One Piece: Edward Newgate Murakumogiri Age Range: &gt; 6 years old Model Number: 1510 Classification: Assemblage Plastic Block Shape: Self-Locking Bricks Material: Plastic Plastic Type: ABS Bricks Blocks:1319 PCS Size:122.4 x 17.6 cm Contains detailed assembly instructions. Notice: 1. Without an original box, but we guarantee our products [&hellip;]<\/p>","protected":false},"featured_media":38780,"comment_status":"closed","ping_status":"closed","template":"","meta":{"_acf_changed":false},"product_cat":[1408],"product_tag":[10181,2914,10182,10188,10180,10183,10186,10185,10184,1824,10187],"class_list":["product","first","instock","shipping-taxable","purchasable","product-type-simple"],"acf":[],"_links":{"self":[{"href":"https:\/\/mouldking.store\/vi\/wp-json\/wp\/v2\/product\/38767","targetHints":{"allow":["GET"]}}],"collection":[{"href":"https:\/\/mouldking.store\/vi\/wp-json\/wp\/v2\/product"}],"about":[{"href":"https:\/\/mouldking.store\/vi\/wp-json\/wp\/v2\/types\/product"}],"replies":[{"embeddable":true,"href":"https:\/\/mouldking.store\/vi\/wp-json\/wp\/v2\/comments?post=38767"}],"wp:featuredmedia":[{"embeddable":true,"href":"https:\/\/mouldking.store\/vi\/wp-json\/wp\/v2\/media\/38780"}],"wp:attachment":[{"href":"https:\/\/mouldking.store\/vi\/wp-json\/wp\/v2\/media?parent=38767"}],"wp:term":[{"taxonomy":"product_cat","embeddable":true,"href":"https:\/\/mouldking.store\/vi\/wp-json\/wp\/v2\/product_cat?post=38767"},{"taxonomy":"product_tag","embeddable":true,"href":"https:\/\/mouldking.store\/vi\/wp-json\/wp\/v2\/product_tag?post=38767"}],"curies":[{"name":"wp","href":"https:\/\/api.w.org\/{rel}","templated":true}]}}