{"id":38803,"date":"2022-12-23T11:31:04","date_gmt":"2022-12-23T04:31:04","guid":{"rendered":"https:\/\/mouldking.store\/?post_type=product&#038;p=38803"},"modified":"2022-12-23T11:31:05","modified_gmt":"2022-12-23T04:31:05","slug":"zuanpai-z016-christmas-picture-frame","status":"publish","type":"product","link":"https:\/\/mouldking.store\/vi\/shop\/zuanpai-z016-christmas-picture-frame\/","title":{"rendered":"Khung Tranh Gi\u00e1ng Sinh ZUANPAI Z016"},"content":{"rendered":"<p>Th\u00f4ng tin s\u1ea3n ph\u1ea9m:<\/p>\n<ol>\n<li>Brand: ZUANPAI<\/li>\n<li>Gi\u1edbi t\u00ednh: Unisex<\/li>\n<li>Name: Christmas Picture Frame<\/li>\n<li>\u0110\u1ed9 tu\u1ed5i: &gt; 6 tu\u1ed5i<\/li>\n<li>Model Number: Z016<\/li>\n<li>Ph\u00e2n lo\u1ea1i: T\u1eadp h\u1ee3p<\/li>\n<li>H\u00ecnh d\u1ea1ng kh\u1ed1i nh\u1ef1a: G\u1ea1ch t\u1ef1 kh\u00f3a<\/li>\n<li>Ch\u1ea5t li\u1ec7u: Nh\u1ef1a<\/li>\n<li>Lo\u1ea1i nh\u1ef1a: ABS<\/li>\n<li>Size:16 x 18 cm<\/li>\n<li>Ch\u1ee9a h\u01b0\u1edbng d\u1eabn l\u1eafp r\u00e1p chi ti\u1ebft.<\/li>\n<\/ol>\n<p>\u0110\u1ec3 \u00fd:<br \/>\n1. Kh\u00f4ng c\u00f3 h\u1ed9p ban \u0111\u1ea7u, nh\u01b0ng ch\u00fang t\u00f4i \u0111\u1ea3m b\u1ea3o s\u1ea3n ph\u1ea9m c\u1ee7a ch\u00fang t\u00f4i c\u00f3 ch\u1ea5t l\u01b0\u1ee3ng \u0111\u1ea3m b\u1ea3o v\u00e0 bao b\u00ec \u0111\u1eb9p.<br \/>\n2. V\u00ec t\u1ea5t c\u1ea3 c\u00e1c b\u1ed9 ph\u1eadn ch\u00fang t\u00f4i \u0111\u00e3 ki\u1ec3m tra tr\u01b0\u1edbc khi v\u1eadn chuy\u1ec3n, v\u00ec v\u1eady n\u1ebfu b\u1ea1n th\u1ea5y m\u1ed9t s\u1ed1 b\u1ed9 ph\u1eadn b\u1ecb thi\u1ebfu ho\u1eb7c h\u01b0 h\u1ecfng, \u0111\u1eebng lo l\u1eafng v\u00e0 ch\u1ec9 c\u1ea7n vui l\u00f2ng li\u00ean h\u1ec7 v\u1edbi ch\u00fang t\u00f4i v\u00e0 ch\u00fang t\u00f4i c\u00f3 th\u1ec3 g\u1eedi l\u1ea1i mi\u1ec5n ph\u00ed cho b\u1ea1n ngay l\u1eadp t\u1ee9c.<\/p>\n<figure id=\"attachment_38813\" aria-describedby=\"caption-attachment-38813\" style=\"width: 800px\" class=\"wp-caption aligncenter\"><img fetchpriority=\"high\" decoding=\"async\" class=\"wp-image-38813 size-full\" src=\"https:\/\/mouldking.store\/wp-content\/uploads\/2022\/12\/Christmas-Picture-Frame-ZUANPAI-Z016-7.jpg\" alt=\"ZUANPAI Z016 Christmas Picture Frame\" width=\"800\" height=\"800\" title=\"-\" srcset=\"https:\/\/mouldking.store\/wp-content\/uploads\/2022\/12\/Christmas-Picture-Frame-ZUANPAI-Z016-7.jpg 800w, https:\/\/mouldking.store\/wp-content\/uploads\/2022\/12\/Christmas-Picture-Frame-ZUANPAI-Z016-7-300x300.jpg 300w, https:\/\/mouldking.store\/wp-content\/uploads\/2022\/12\/Christmas-Picture-Frame-ZUANPAI-Z016-7-768x768.jpg 768w, https:\/\/mouldking.store\/wp-content\/uploads\/2022\/12\/Christmas-Picture-Frame-ZUANPAI-Z016-7-600x600.jpg 600w, https:\/\/mouldking.store\/wp-content\/uploads\/2022\/12\/Christmas-Picture-Frame-ZUANPAI-Z016-7-150x150.jpg 150w, https:\/\/mouldking.store\/wp-content\/uploads\/2022\/12\/Christmas-Picture-Frame-ZUANPAI-Z016-7-60x60.jpg 60w, https:\/\/mouldking.store\/wp-content\/uploads\/2022\/12\/Christmas-Picture-Frame-ZUANPAI-Z016-7-90x90.jpg 90w\" sizes=\"(max-width: 800px) 100vw, 800px\" \/><figcaption id=\"caption-attachment-38813\" class=\"wp-caption-text\">Khung Tranh Gi\u00e1ng Sinh ZUANPAI Z016<\/figcaption><\/figure>\n<figure id=\"attachment_38816\" aria-describedby=\"caption-attachment-38816\" style=\"width: 800px\" class=\"wp-caption aligncenter\"><img decoding=\"async\" class=\"wp-image-38816 size-full\" src=\"https:\/\/mouldking.store\/wp-content\/uploads\/2022\/12\/Christmas-Picture-Frame-ZUANPAI-Z016-6.jpg\" alt=\"ZUANPAI Z016 Christmas Picture Frame\" width=\"800\" height=\"800\" title=\"-\" srcset=\"https:\/\/mouldking.store\/wp-content\/uploads\/2022\/12\/Christmas-Picture-Frame-ZUANPAI-Z016-6.jpg 800w, https:\/\/mouldking.store\/wp-content\/uploads\/2022\/12\/Christmas-Picture-Frame-ZUANPAI-Z016-6-300x300.jpg 300w, https:\/\/mouldking.store\/wp-content\/uploads\/2022\/12\/Christmas-Picture-Frame-ZUANPAI-Z016-6-768x768.jpg 768w, https:\/\/mouldking.store\/wp-content\/uploads\/2022\/12\/Christmas-Picture-Frame-ZUANPAI-Z016-6-600x600.jpg 600w, https:\/\/mouldking.store\/wp-content\/uploads\/2022\/12\/Christmas-Picture-Frame-ZUANPAI-Z016-6-150x150.jpg 150w, https:\/\/mouldking.store\/wp-content\/uploads\/2022\/12\/Christmas-Picture-Frame-ZUANPAI-Z016-6-60x60.jpg 60w, https:\/\/mouldking.store\/wp-content\/uploads\/2022\/12\/Christmas-Picture-Frame-ZUANPAI-Z016-6-90x90.jpg 90w\" sizes=\"(max-width: 800px) 100vw, 800px\" \/><figcaption id=\"caption-attachment-38816\" class=\"wp-caption-text\">Khung Tranh Gi\u00e1ng Sinh ZUANPAI Z016<\/figcaption><\/figure>\n<figure id=\"attachment_38818\" aria-describedby=\"caption-attachment-38818\" style=\"width: 800px\" class=\"wp-caption aligncenter\"><img decoding=\"async\" class=\"wp-image-38818 size-full\" src=\"https:\/\/mouldking.store\/wp-content\/uploads\/2022\/12\/Christmas-Picture-Frame-ZUANPAI-Z016-5.jpg\" alt=\"ZUANPAI Z016 Christmas Picture Frame\" width=\"800\" height=\"800\" title=\"-\" srcset=\"https:\/\/mouldking.store\/wp-content\/uploads\/2022\/12\/Christmas-Picture-Frame-ZUANPAI-Z016-5.jpg 800w, https:\/\/mouldking.store\/wp-content\/uploads\/2022\/12\/Christmas-Picture-Frame-ZUANPAI-Z016-5-300x300.jpg 300w, https:\/\/mouldking.store\/wp-content\/uploads\/2022\/12\/Christmas-Picture-Frame-ZUANPAI-Z016-5-768x768.jpg 768w, https:\/\/mouldking.store\/wp-content\/uploads\/2022\/12\/Christmas-Picture-Frame-ZUANPAI-Z016-5-600x600.jpg 600w, https:\/\/mouldking.store\/wp-content\/uploads\/2022\/12\/Christmas-Picture-Frame-ZUANPAI-Z016-5-150x150.jpg 150w, https:\/\/mouldking.store\/wp-content\/uploads\/2022\/12\/Christmas-Picture-Frame-ZUANPAI-Z016-5-60x60.jpg 60w, https:\/\/mouldking.store\/wp-content\/uploads\/2022\/12\/Christmas-Picture-Frame-ZUANPAI-Z016-5-90x90.jpg 90w\" sizes=\"(max-width: 800px) 100vw, 800px\" \/><figcaption id=\"caption-attachment-38818\" class=\"wp-caption-text\">Khung Tranh Gi\u00e1ng Sinh ZUANPAI Z016<\/figcaption><\/figure>\n<figure id=\"attachment_38819\" aria-describedby=\"caption-attachment-38819\" style=\"width: 800px\" class=\"wp-caption aligncenter\"><img loading=\"lazy\" decoding=\"async\" class=\"wp-image-38819 size-full\" src=\"https:\/\/mouldking.store\/wp-content\/uploads\/2022\/12\/Christmas-Picture-Frame-ZUANPAI-Z016-4.jpg\" alt=\"ZUANPAI Z016 Christmas Picture Frame\" width=\"800\" height=\"800\" title=\"-\" srcset=\"https:\/\/mouldking.store\/wp-content\/uploads\/2022\/12\/Christmas-Picture-Frame-ZUANPAI-Z016-4.jpg 800w, https:\/\/mouldking.store\/wp-content\/uploads\/2022\/12\/Christmas-Picture-Frame-ZUANPAI-Z016-4-300x300.jpg 300w, https:\/\/mouldking.store\/wp-content\/uploads\/2022\/12\/Christmas-Picture-Frame-ZUANPAI-Z016-4-768x768.jpg 768w, https:\/\/mouldking.store\/wp-content\/uploads\/2022\/12\/Christmas-Picture-Frame-ZUANPAI-Z016-4-600x600.jpg 600w, https:\/\/mouldking.store\/wp-content\/uploads\/2022\/12\/Christmas-Picture-Frame-ZUANPAI-Z016-4-150x150.jpg 150w, https:\/\/mouldking.store\/wp-content\/uploads\/2022\/12\/Christmas-Picture-Frame-ZUANPAI-Z016-4-60x60.jpg 60w, https:\/\/mouldking.store\/wp-content\/uploads\/2022\/12\/Christmas-Picture-Frame-ZUANPAI-Z016-4-90x90.jpg 90w\" sizes=\"(max-width: 800px) 100vw, 800px\" \/><figcaption id=\"caption-attachment-38819\" class=\"wp-caption-text\">Khung Tranh Gi\u00e1ng Sinh ZUANPAI Z016<\/figcaption><\/figure>\n<figure id=\"attachment_38820\" aria-describedby=\"caption-attachment-38820\" style=\"width: 800px\" class=\"wp-caption aligncenter\"><img loading=\"lazy\" decoding=\"async\" class=\"wp-image-38820 size-full\" src=\"https:\/\/mouldking.store\/wp-content\/uploads\/2022\/12\/Christmas-Picture-Frame-ZUANPAI-Z016-3.jpg\" alt=\"ZUANPAI Z016 Christmas Picture Frame\" width=\"800\" height=\"800\" title=\"-\" srcset=\"https:\/\/mouldking.store\/wp-content\/uploads\/2022\/12\/Christmas-Picture-Frame-ZUANPAI-Z016-3.jpg 800w, https:\/\/mouldking.store\/wp-content\/uploads\/2022\/12\/Christmas-Picture-Frame-ZUANPAI-Z016-3-300x300.jpg 300w, https:\/\/mouldking.store\/wp-content\/uploads\/2022\/12\/Christmas-Picture-Frame-ZUANPAI-Z016-3-768x768.jpg 768w, https:\/\/mouldking.store\/wp-content\/uploads\/2022\/12\/Christmas-Picture-Frame-ZUANPAI-Z016-3-600x600.jpg 600w, https:\/\/mouldking.store\/wp-content\/uploads\/2022\/12\/Christmas-Picture-Frame-ZUANPAI-Z016-3-150x150.jpg 150w, https:\/\/mouldking.store\/wp-content\/uploads\/2022\/12\/Christmas-Picture-Frame-ZUANPAI-Z016-3-60x60.jpg 60w, https:\/\/mouldking.store\/wp-content\/uploads\/2022\/12\/Christmas-Picture-Frame-ZUANPAI-Z016-3-90x90.jpg 90w\" sizes=\"(max-width: 800px) 100vw, 800px\" \/><figcaption id=\"caption-attachment-38820\" class=\"wp-caption-text\">Khung Tranh Gi\u00e1ng Sinh ZUANPAI Z016<\/figcaption><\/figure>\n<figure id=\"attachment_38821\" aria-describedby=\"caption-attachment-38821\" style=\"width: 800px\" class=\"wp-caption aligncenter\"><img loading=\"lazy\" decoding=\"async\" class=\"wp-image-38821 size-full\" src=\"https:\/\/mouldking.store\/wp-content\/uploads\/2022\/12\/Christmas-Picture-Frame-ZUANPAI-Z016-2.jpg\" alt=\"ZUANPAI Z016 Christmas Picture Frame\" width=\"800\" height=\"800\" title=\"-\" srcset=\"https:\/\/mouldking.store\/wp-content\/uploads\/2022\/12\/Christmas-Picture-Frame-ZUANPAI-Z016-2.jpg 800w, https:\/\/mouldking.store\/wp-content\/uploads\/2022\/12\/Christmas-Picture-Frame-ZUANPAI-Z016-2-300x300.jpg 300w, https:\/\/mouldking.store\/wp-content\/uploads\/2022\/12\/Christmas-Picture-Frame-ZUANPAI-Z016-2-768x768.jpg 768w, https:\/\/mouldking.store\/wp-content\/uploads\/2022\/12\/Christmas-Picture-Frame-ZUANPAI-Z016-2-600x600.jpg 600w, https:\/\/mouldking.store\/wp-content\/uploads\/2022\/12\/Christmas-Picture-Frame-ZUANPAI-Z016-2-150x150.jpg 150w, https:\/\/mouldking.store\/wp-content\/uploads\/2022\/12\/Christmas-Picture-Frame-ZUANPAI-Z016-2-60x60.jpg 60w, https:\/\/mouldking.store\/wp-content\/uploads\/2022\/12\/Christmas-Picture-Frame-ZUANPAI-Z016-2-90x90.jpg 90w\" sizes=\"(max-width: 800px) 100vw, 800px\" \/><figcaption id=\"caption-attachment-38821\" class=\"wp-caption-text\">Khung Tranh Gi\u00e1ng Sinh ZUANPAI Z016<\/figcaption><\/figure>\n<figure id=\"attachment_38822\" aria-describedby=\"caption-attachment-38822\" style=\"width: 800px\" class=\"wp-caption aligncenter\"><img loading=\"lazy\" decoding=\"async\" class=\"wp-image-38822 size-full\" src=\"https:\/\/mouldking.store\/wp-content\/uploads\/2022\/12\/Christmas-Picture-Frame-ZUANPAI-Z016-1.jpg\" alt=\"ZUANPAI Z016 Christmas Picture Frame\" width=\"800\" height=\"800\" title=\"-\" srcset=\"https:\/\/mouldking.store\/wp-content\/uploads\/2022\/12\/Christmas-Picture-Frame-ZUANPAI-Z016-1.jpg 800w, https:\/\/mouldking.store\/wp-content\/uploads\/2022\/12\/Christmas-Picture-Frame-ZUANPAI-Z016-1-300x300.jpg 300w, https:\/\/mouldking.store\/wp-content\/uploads\/2022\/12\/Christmas-Picture-Frame-ZUANPAI-Z016-1-768x768.jpg 768w, https:\/\/mouldking.store\/wp-content\/uploads\/2022\/12\/Christmas-Picture-Frame-ZUANPAI-Z016-1-600x600.jpg 600w, https:\/\/mouldking.store\/wp-content\/uploads\/2022\/12\/Christmas-Picture-Frame-ZUANPAI-Z016-1-150x150.jpg 150w, https:\/\/mouldking.store\/wp-content\/uploads\/2022\/12\/Christmas-Picture-Frame-ZUANPAI-Z016-1-60x60.jpg 60w, https:\/\/mouldking.store\/wp-content\/uploads\/2022\/12\/Christmas-Picture-Frame-ZUANPAI-Z016-1-90x90.jpg 90w\" sizes=\"(max-width: 800px) 100vw, 800px\" \/><figcaption id=\"caption-attachment-38822\" class=\"wp-caption-text\">Khung Tranh Gi\u00e1ng Sinh ZUANPAI Z016<\/figcaption><\/figure>","protected":false},"excerpt":{"rendered":"<p>Product information: Brand: ZUANPAI Gender: Unisex Name: Christmas Picture Frame Age Range: &gt; 6 years old Model Number: Z016 Classification: Assemblage Plastic Block Shape: Self-Locking Bricks Material: Plastic Plastic Type: ABS Size:16 x 18 cm Contains detailed assembly instructions. Notice: 1. Without an original box, but we guarantee our products have quality assurance and nice [&hellip;]<\/p>","protected":false},"featured_media":38813,"comment_status":"closed","ping_status":"closed","template":"","meta":{"_acf_changed":false},"product_cat":[1365],"product_tag":[1066,10212,10211,10210,10213,10209,7236,10214,10208],"class_list":["product","first","instock","shipping-taxable","purchasable","product-type-simple"],"acf":[],"_links":{"self":[{"href":"https:\/\/mouldking.store\/vi\/wp-json\/wp\/v2\/product\/38803","targetHints":{"allow":["GET"]}}],"collection":[{"href":"https:\/\/mouldking.store\/vi\/wp-json\/wp\/v2\/product"}],"about":[{"href":"https:\/\/mouldking.store\/vi\/wp-json\/wp\/v2\/types\/product"}],"replies":[{"embeddable":true,"href":"https:\/\/mouldking.store\/vi\/wp-json\/wp\/v2\/comments?post=38803"}],"wp:featuredmedia":[{"embeddable":true,"href":"https:\/\/mouldking.store\/vi\/wp-json\/wp\/v2\/media\/38813"}],"wp:attachment":[{"href":"https:\/\/mouldking.store\/vi\/wp-json\/wp\/v2\/media?parent=38803"}],"wp:term":[{"taxonomy":"product_cat","embeddable":true,"href":"https:\/\/mouldking.store\/vi\/wp-json\/wp\/v2\/product_cat?post=38803"},{"taxonomy":"product_tag","embeddable":true,"href":"https:\/\/mouldking.store\/vi\/wp-json\/wp\/v2\/product_tag?post=38803"}],"curies":[{"name":"wp","href":"https:\/\/api.w.org\/{rel}","templated":true}]}}