{"id":38824,"date":"2022-12-23T11:48:00","date_gmt":"2022-12-23T04:48:00","guid":{"rendered":"https:\/\/mouldking.store\/?post_type=product&#038;p=38824"},"modified":"2024-09-03T15:05:56","modified_gmt":"2024-09-03T08:05:56","slug":"pantasy-86402-popeye-steam-boat-with-2500-pieces","status":"publish","type":"product","link":"https:\/\/mouldking.store\/vi\/shop\/pantasy-86402-popeye-steam-boat-with-2500-pieces\/","title":{"rendered":"PANTASY 86402 Popeye Steam Boat With 2500 Pieces"},"content":{"rendered":"<p>Th\u00f4ng tin s\u1ea3n ph\u1ea9m:<\/p>\n<ol>\n<li>Th\u01b0\u01a1ng hi\u1ec7u: PANTASY<\/li>\n<li>Gi\u1edbi t\u00ednh: Unisex<\/li>\n<li>Name: Popeye Steam Boat<\/li>\n<li>\u0110\u1ed9 tu\u1ed5i: &gt; 6 tu\u1ed5i<\/li>\n<li>Model Number: 86402<\/li>\n<li>Ph\u00e2n lo\u1ea1i: T\u1eadp h\u1ee3p<\/li>\n<li>H\u00ecnh d\u1ea1ng kh\u1ed1i nh\u1ef1a: G\u1ea1ch t\u1ef1 kh\u00f3a<\/li>\n<li>Ch\u1ea5t li\u1ec7u: Nh\u1ef1a<\/li>\n<li>Lo\u1ea1i nh\u1ef1a: ABS<\/li>\n<li>Bricks Blocks:2500 PCS<\/li>\n<li>Size: \u00a056.8 \u00d7 20.8 \u00d7 48.6 cm<\/li>\n<li>Ch\u1ee9a h\u01b0\u1edbng d\u1eabn l\u1eafp r\u00e1p chi ti\u1ebft.<\/li>\n<\/ol>\n<p>\u0110\u1ec3 \u00fd:<br \/>\n1. Kh\u00f4ng c\u00f3 h\u1ed9p ban \u0111\u1ea7u, nh\u01b0ng ch\u00fang t\u00f4i \u0111\u1ea3m b\u1ea3o s\u1ea3n ph\u1ea9m c\u1ee7a ch\u00fang t\u00f4i c\u00f3 ch\u1ea5t l\u01b0\u1ee3ng \u0111\u1ea3m b\u1ea3o v\u00e0 bao b\u00ec \u0111\u1eb9p.<br \/>\n2. V\u00ec t\u1ea5t c\u1ea3 c\u00e1c b\u1ed9 ph\u1eadn ch\u00fang t\u00f4i \u0111\u00e3 ki\u1ec3m tra tr\u01b0\u1edbc khi v\u1eadn chuy\u1ec3n, v\u00ec v\u1eady n\u1ebfu b\u1ea1n th\u1ea5y m\u1ed9t s\u1ed1 b\u1ed9 ph\u1eadn b\u1ecb thi\u1ebfu ho\u1eb7c h\u01b0 h\u1ecfng, \u0111\u1eebng lo l\u1eafng v\u00e0 ch\u1ec9 c\u1ea7n vui l\u00f2ng li\u00ean h\u1ec7 v\u1edbi ch\u00fang t\u00f4i v\u00e0 ch\u00fang t\u00f4i c\u00f3 th\u1ec3 g\u1eedi l\u1ea1i mi\u1ec5n ph\u00ed cho b\u1ea1n ngay l\u1eadp t\u1ee9c.<\/p>\n<figure id=\"attachment_38837\" aria-describedby=\"caption-attachment-38837\" style=\"width: 800px\" class=\"wp-caption aligncenter\"><img fetchpriority=\"high\" decoding=\"async\" class=\"wp-image-38837 size-full\" src=\"https:\/\/mouldking.store\/wp-content\/uploads\/2022\/12\/PANTASY-86402-Popeye-Steam-Boat-11.jpg\" alt=\"PANTASY 86402 Popeye Steam Boat With 2500 Pieces\" width=\"800\" height=\"800\" title=\"-\" srcset=\"https:\/\/mouldking.store\/wp-content\/uploads\/2022\/12\/PANTASY-86402-Popeye-Steam-Boat-11.jpg 800w, https:\/\/mouldking.store\/wp-content\/uploads\/2022\/12\/PANTASY-86402-Popeye-Steam-Boat-11-300x300.jpg 300w, https:\/\/mouldking.store\/wp-content\/uploads\/2022\/12\/PANTASY-86402-Popeye-Steam-Boat-11-768x768.jpg 768w, https:\/\/mouldking.store\/wp-content\/uploads\/2022\/12\/PANTASY-86402-Popeye-Steam-Boat-11-600x600.jpg 600w, https:\/\/mouldking.store\/wp-content\/uploads\/2022\/12\/PANTASY-86402-Popeye-Steam-Boat-11-150x150.jpg 150w, https:\/\/mouldking.store\/wp-content\/uploads\/2022\/12\/PANTASY-86402-Popeye-Steam-Boat-11-60x60.jpg 60w, https:\/\/mouldking.store\/wp-content\/uploads\/2022\/12\/PANTASY-86402-Popeye-Steam-Boat-11-90x90.jpg 90w\" sizes=\"(max-width: 800px) 100vw, 800px\" \/><figcaption id=\"caption-attachment-38837\" class=\"wp-caption-text\">PANTASY 86402 Popeye Steam Boat With 2500 Pieces<\/figcaption><\/figure>\n<figure id=\"attachment_38838\" aria-describedby=\"caption-attachment-38838\" style=\"width: 800px\" class=\"wp-caption aligncenter\"><img decoding=\"async\" class=\"wp-image-38838 size-full\" src=\"https:\/\/mouldking.store\/wp-content\/uploads\/2022\/12\/PANTASY-86402-Popeye-Steam-Boat-10.jpg\" alt=\"PANTASY 86402 Popeye Steam Boat With 2500 Pieces\" width=\"800\" height=\"800\" title=\"-\" srcset=\"https:\/\/mouldking.store\/wp-content\/uploads\/2022\/12\/PANTASY-86402-Popeye-Steam-Boat-10.jpg 800w, https:\/\/mouldking.store\/wp-content\/uploads\/2022\/12\/PANTASY-86402-Popeye-Steam-Boat-10-300x300.jpg 300w, https:\/\/mouldking.store\/wp-content\/uploads\/2022\/12\/PANTASY-86402-Popeye-Steam-Boat-10-768x768.jpg 768w, https:\/\/mouldking.store\/wp-content\/uploads\/2022\/12\/PANTASY-86402-Popeye-Steam-Boat-10-600x600.jpg 600w, https:\/\/mouldking.store\/wp-content\/uploads\/2022\/12\/PANTASY-86402-Popeye-Steam-Boat-10-150x150.jpg 150w, https:\/\/mouldking.store\/wp-content\/uploads\/2022\/12\/PANTASY-86402-Popeye-Steam-Boat-10-60x60.jpg 60w, https:\/\/mouldking.store\/wp-content\/uploads\/2022\/12\/PANTASY-86402-Popeye-Steam-Boat-10-90x90.jpg 90w\" sizes=\"(max-width: 800px) 100vw, 800px\" \/><figcaption id=\"caption-attachment-38838\" class=\"wp-caption-text\">PANTASY 86402 Popeye Steam Boat With 2500 Pieces<\/figcaption><\/figure>\n<figure id=\"attachment_38839\" aria-describedby=\"caption-attachment-38839\" style=\"width: 800px\" class=\"wp-caption aligncenter\"><img decoding=\"async\" class=\"wp-image-38839 size-full\" src=\"https:\/\/mouldking.store\/wp-content\/uploads\/2022\/12\/PANTASY-86402-Popeye-Steam-Boat-9.jpg\" alt=\"PANTASY 86402 Popeye Steam Boat With 2500 Pieces\" width=\"800\" height=\"800\" title=\"-\" srcset=\"https:\/\/mouldking.store\/wp-content\/uploads\/2022\/12\/PANTASY-86402-Popeye-Steam-Boat-9.jpg 800w, https:\/\/mouldking.store\/wp-content\/uploads\/2022\/12\/PANTASY-86402-Popeye-Steam-Boat-9-300x300.jpg 300w, https:\/\/mouldking.store\/wp-content\/uploads\/2022\/12\/PANTASY-86402-Popeye-Steam-Boat-9-768x768.jpg 768w, https:\/\/mouldking.store\/wp-content\/uploads\/2022\/12\/PANTASY-86402-Popeye-Steam-Boat-9-600x600.jpg 600w, https:\/\/mouldking.store\/wp-content\/uploads\/2022\/12\/PANTASY-86402-Popeye-Steam-Boat-9-150x150.jpg 150w, https:\/\/mouldking.store\/wp-content\/uploads\/2022\/12\/PANTASY-86402-Popeye-Steam-Boat-9-60x60.jpg 60w, https:\/\/mouldking.store\/wp-content\/uploads\/2022\/12\/PANTASY-86402-Popeye-Steam-Boat-9-90x90.jpg 90w\" sizes=\"(max-width: 800px) 100vw, 800px\" \/><figcaption id=\"caption-attachment-38839\" class=\"wp-caption-text\">PANTASY 86402 Popeye Steam Boat With 2500 Pieces<\/figcaption><\/figure>\n<figure id=\"attachment_38840\" aria-describedby=\"caption-attachment-38840\" style=\"width: 800px\" class=\"wp-caption aligncenter\"><img loading=\"lazy\" decoding=\"async\" class=\"wp-image-38840 size-full\" src=\"https:\/\/mouldking.store\/wp-content\/uploads\/2022\/12\/PANTASY-86402-Popeye-Steam-Boat-8.jpg\" alt=\"PANTASY 86402 Popeye Steam Boat With 2500 Pieces\" width=\"800\" height=\"800\" title=\"-\" srcset=\"https:\/\/mouldking.store\/wp-content\/uploads\/2022\/12\/PANTASY-86402-Popeye-Steam-Boat-8.jpg 800w, https:\/\/mouldking.store\/wp-content\/uploads\/2022\/12\/PANTASY-86402-Popeye-Steam-Boat-8-300x300.jpg 300w, https:\/\/mouldking.store\/wp-content\/uploads\/2022\/12\/PANTASY-86402-Popeye-Steam-Boat-8-768x768.jpg 768w, https:\/\/mouldking.store\/wp-content\/uploads\/2022\/12\/PANTASY-86402-Popeye-Steam-Boat-8-600x600.jpg 600w, https:\/\/mouldking.store\/wp-content\/uploads\/2022\/12\/PANTASY-86402-Popeye-Steam-Boat-8-150x150.jpg 150w, https:\/\/mouldking.store\/wp-content\/uploads\/2022\/12\/PANTASY-86402-Popeye-Steam-Boat-8-60x60.jpg 60w, https:\/\/mouldking.store\/wp-content\/uploads\/2022\/12\/PANTASY-86402-Popeye-Steam-Boat-8-90x90.jpg 90w\" sizes=\"(max-width: 800px) 100vw, 800px\" \/><figcaption id=\"caption-attachment-38840\" class=\"wp-caption-text\">PANTASY 86402 Popeye Steam Boat With 2500 Pieces<\/figcaption><\/figure>\n<figure id=\"attachment_38841\" aria-describedby=\"caption-attachment-38841\" style=\"width: 800px\" class=\"wp-caption aligncenter\"><img loading=\"lazy\" decoding=\"async\" class=\"wp-image-38841 size-full\" src=\"https:\/\/mouldking.store\/wp-content\/uploads\/2022\/12\/PANTASY-86402-Popeye-Steam-Boat-7.jpg\" alt=\"PANTASY 86402 Popeye Steam Boat With 2500 Pieces\" width=\"800\" height=\"800\" title=\"-\" srcset=\"https:\/\/mouldking.store\/wp-content\/uploads\/2022\/12\/PANTASY-86402-Popeye-Steam-Boat-7.jpg 800w, https:\/\/mouldking.store\/wp-content\/uploads\/2022\/12\/PANTASY-86402-Popeye-Steam-Boat-7-300x300.jpg 300w, https:\/\/mouldking.store\/wp-content\/uploads\/2022\/12\/PANTASY-86402-Popeye-Steam-Boat-7-768x768.jpg 768w, https:\/\/mouldking.store\/wp-content\/uploads\/2022\/12\/PANTASY-86402-Popeye-Steam-Boat-7-600x600.jpg 600w, https:\/\/mouldking.store\/wp-content\/uploads\/2022\/12\/PANTASY-86402-Popeye-Steam-Boat-7-150x150.jpg 150w, https:\/\/mouldking.store\/wp-content\/uploads\/2022\/12\/PANTASY-86402-Popeye-Steam-Boat-7-60x60.jpg 60w, https:\/\/mouldking.store\/wp-content\/uploads\/2022\/12\/PANTASY-86402-Popeye-Steam-Boat-7-90x90.jpg 90w\" sizes=\"(max-width: 800px) 100vw, 800px\" \/><figcaption id=\"caption-attachment-38841\" class=\"wp-caption-text\">PANTASY 86402 Popeye Steam Boat With 2500 Pieces<\/figcaption><\/figure>\n<figure id=\"attachment_38843\" aria-describedby=\"caption-attachment-38843\" style=\"width: 654px\" class=\"wp-caption aligncenter\"><img loading=\"lazy\" decoding=\"async\" class=\"wp-image-38843 size-full\" src=\"https:\/\/mouldking.store\/wp-content\/uploads\/2022\/12\/PANTASY-86402-Popeye-Steam-Boat-6.jpg\" alt=\"PANTASY 86402 Popeye Steam Boat With 2500 Pieces\" width=\"654\" height=\"1024\" title=\"-\" srcset=\"https:\/\/mouldking.store\/wp-content\/uploads\/2022\/12\/PANTASY-86402-Popeye-Steam-Boat-6.jpg 654w, https:\/\/mouldking.store\/wp-content\/uploads\/2022\/12\/PANTASY-86402-Popeye-Steam-Boat-6-192x300.jpg 192w, https:\/\/mouldking.store\/wp-content\/uploads\/2022\/12\/PANTASY-86402-Popeye-Steam-Boat-6-300x470.jpg 300w, https:\/\/mouldking.store\/wp-content\/uploads\/2022\/12\/PANTASY-86402-Popeye-Steam-Boat-6-600x939.jpg 600w, https:\/\/mouldking.store\/wp-content\/uploads\/2022\/12\/PANTASY-86402-Popeye-Steam-Boat-6-96x150.jpg 96w, https:\/\/mouldking.store\/wp-content\/uploads\/2022\/12\/PANTASY-86402-Popeye-Steam-Boat-6-38x60.jpg 38w, https:\/\/mouldking.store\/wp-content\/uploads\/2022\/12\/PANTASY-86402-Popeye-Steam-Boat-6-57x90.jpg 57w\" sizes=\"(max-width: 654px) 100vw, 654px\" \/><figcaption id=\"caption-attachment-38843\" class=\"wp-caption-text\">PANTASY 86402 Popeye Steam Boat With 2500 Pieces<\/figcaption><\/figure>\n<figure id=\"attachment_38844\" aria-describedby=\"caption-attachment-38844\" style=\"width: 581px\" class=\"wp-caption aligncenter\"><img loading=\"lazy\" decoding=\"async\" class=\"wp-image-38844 size-full\" src=\"https:\/\/mouldking.store\/wp-content\/uploads\/2022\/12\/PANTASY-86402-Popeye-Steam-Boat-5.jpg\" alt=\"PANTASY 86402 Popeye Steam Boat With 2500 Pieces\" width=\"581\" height=\"1024\" title=\"-\" srcset=\"https:\/\/mouldking.store\/wp-content\/uploads\/2022\/12\/PANTASY-86402-Popeye-Steam-Boat-5.jpg 581w, https:\/\/mouldking.store\/wp-content\/uploads\/2022\/12\/PANTASY-86402-Popeye-Steam-Boat-5-170x300.jpg 170w, https:\/\/mouldking.store\/wp-content\/uploads\/2022\/12\/PANTASY-86402-Popeye-Steam-Boat-5-300x529.jpg 300w, https:\/\/mouldking.store\/wp-content\/uploads\/2022\/12\/PANTASY-86402-Popeye-Steam-Boat-5-85x150.jpg 85w, https:\/\/mouldking.store\/wp-content\/uploads\/2022\/12\/PANTASY-86402-Popeye-Steam-Boat-5-34x60.jpg 34w, https:\/\/mouldking.store\/wp-content\/uploads\/2022\/12\/PANTASY-86402-Popeye-Steam-Boat-5-51x90.jpg 51w\" sizes=\"(max-width: 581px) 100vw, 581px\" \/><figcaption id=\"caption-attachment-38844\" class=\"wp-caption-text\">PANTASY 86402 Popeye Steam Boat With 2500 Pieces<\/figcaption><\/figure>\n<figure id=\"attachment_38845\" aria-describedby=\"caption-attachment-38845\" style=\"width: 711px\" class=\"wp-caption aligncenter\"><img loading=\"lazy\" decoding=\"async\" class=\"wp-image-38845 size-full\" src=\"https:\/\/mouldking.store\/wp-content\/uploads\/2022\/12\/PANTASY-86402-Popeye-Steam-Boat-4.jpg\" alt=\"PANTASY 86402 Popeye Steam Boat With 2500 Pieces\" width=\"711\" height=\"1024\" title=\"-\" srcset=\"https:\/\/mouldking.store\/wp-content\/uploads\/2022\/12\/PANTASY-86402-Popeye-Steam-Boat-4.jpg 711w, https:\/\/mouldking.store\/wp-content\/uploads\/2022\/12\/PANTASY-86402-Popeye-Steam-Boat-4-208x300.jpg 208w, https:\/\/mouldking.store\/wp-content\/uploads\/2022\/12\/PANTASY-86402-Popeye-Steam-Boat-4-300x432.jpg 300w, https:\/\/mouldking.store\/wp-content\/uploads\/2022\/12\/PANTASY-86402-Popeye-Steam-Boat-4-600x864.jpg 600w, https:\/\/mouldking.store\/wp-content\/uploads\/2022\/12\/PANTASY-86402-Popeye-Steam-Boat-4-104x150.jpg 104w, https:\/\/mouldking.store\/wp-content\/uploads\/2022\/12\/PANTASY-86402-Popeye-Steam-Boat-4-42x60.jpg 42w, https:\/\/mouldking.store\/wp-content\/uploads\/2022\/12\/PANTASY-86402-Popeye-Steam-Boat-4-62x90.jpg 62w\" sizes=\"(max-width: 711px) 100vw, 711px\" \/><figcaption id=\"caption-attachment-38845\" class=\"wp-caption-text\">PANTASY 86402 Popeye Steam Boat With 2500 Pieces<\/figcaption><\/figure>\n<figure id=\"attachment_38846\" aria-describedby=\"caption-attachment-38846\" style=\"width: 790px\" class=\"wp-caption aligncenter\"><img loading=\"lazy\" decoding=\"async\" class=\"wp-image-38846 size-full\" src=\"https:\/\/mouldking.store\/wp-content\/uploads\/2022\/12\/PANTASY-86402-Popeye-Steam-Boat-3.jpg\" alt=\"PANTASY 86402 Popeye Steam Boat With 2500 Pieces\" width=\"790\" height=\"891\" title=\"-\" srcset=\"https:\/\/mouldking.store\/wp-content\/uploads\/2022\/12\/PANTASY-86402-Popeye-Steam-Boat-3.jpg 790w, https:\/\/mouldking.store\/wp-content\/uploads\/2022\/12\/PANTASY-86402-Popeye-Steam-Boat-3-266x300.jpg 266w, https:\/\/mouldking.store\/wp-content\/uploads\/2022\/12\/PANTASY-86402-Popeye-Steam-Boat-3-768x866.jpg 768w, https:\/\/mouldking.store\/wp-content\/uploads\/2022\/12\/PANTASY-86402-Popeye-Steam-Boat-3-300x338.jpg 300w, https:\/\/mouldking.store\/wp-content\/uploads\/2022\/12\/PANTASY-86402-Popeye-Steam-Boat-3-600x677.jpg 600w, https:\/\/mouldking.store\/wp-content\/uploads\/2022\/12\/PANTASY-86402-Popeye-Steam-Boat-3-133x150.jpg 133w, https:\/\/mouldking.store\/wp-content\/uploads\/2022\/12\/PANTASY-86402-Popeye-Steam-Boat-3-53x60.jpg 53w, https:\/\/mouldking.store\/wp-content\/uploads\/2022\/12\/PANTASY-86402-Popeye-Steam-Boat-3-80x90.jpg 80w\" sizes=\"(max-width: 790px) 100vw, 790px\" \/><figcaption id=\"caption-attachment-38846\" class=\"wp-caption-text\">PANTASY 86402 Popeye Steam Boat With 2500 Pieces<\/figcaption><\/figure>\n<figure id=\"attachment_38847\" aria-describedby=\"caption-attachment-38847\" style=\"width: 790px\" class=\"wp-caption aligncenter\"><img loading=\"lazy\" decoding=\"async\" class=\"wp-image-38847 size-full\" src=\"https:\/\/mouldking.store\/wp-content\/uploads\/2022\/12\/PANTASY-86402-Popeye-Steam-Boat-2.jpg\" alt=\"PANTASY 86402 Popeye Steam Boat With 2500 Pieces\" width=\"790\" height=\"955\" title=\"-\" srcset=\"https:\/\/mouldking.store\/wp-content\/uploads\/2022\/12\/PANTASY-86402-Popeye-Steam-Boat-2.jpg 790w, https:\/\/mouldking.store\/wp-content\/uploads\/2022\/12\/PANTASY-86402-Popeye-Steam-Boat-2-248x300.jpg 248w, https:\/\/mouldking.store\/wp-content\/uploads\/2022\/12\/PANTASY-86402-Popeye-Steam-Boat-2-768x928.jpg 768w, https:\/\/mouldking.store\/wp-content\/uploads\/2022\/12\/PANTASY-86402-Popeye-Steam-Boat-2-300x363.jpg 300w, https:\/\/mouldking.store\/wp-content\/uploads\/2022\/12\/PANTASY-86402-Popeye-Steam-Boat-2-600x725.jpg 600w, https:\/\/mouldking.store\/wp-content\/uploads\/2022\/12\/PANTASY-86402-Popeye-Steam-Boat-2-124x150.jpg 124w, https:\/\/mouldking.store\/wp-content\/uploads\/2022\/12\/PANTASY-86402-Popeye-Steam-Boat-2-50x60.jpg 50w, https:\/\/mouldking.store\/wp-content\/uploads\/2022\/12\/PANTASY-86402-Popeye-Steam-Boat-2-74x90.jpg 74w\" sizes=\"(max-width: 790px) 100vw, 790px\" \/><figcaption id=\"caption-attachment-38847\" class=\"wp-caption-text\">PANTASY 86402 Popeye Steam Boat With 2500 Pieces<\/figcaption><\/figure>\n<figure id=\"attachment_38848\" aria-describedby=\"caption-attachment-38848\" style=\"width: 737px\" class=\"wp-caption aligncenter\"><img loading=\"lazy\" decoding=\"async\" class=\"wp-image-38848 size-full\" src=\"https:\/\/mouldking.store\/wp-content\/uploads\/2022\/12\/PANTASY-86402-Popeye-Steam-Boat-1.jpg\" alt=\"PANTASY 86402 Popeye Steam Boat With 2500 Pieces\" width=\"737\" height=\"1024\" title=\"-\" srcset=\"https:\/\/mouldking.store\/wp-content\/uploads\/2022\/12\/PANTASY-86402-Popeye-Steam-Boat-1.jpg 737w, https:\/\/mouldking.store\/wp-content\/uploads\/2022\/12\/PANTASY-86402-Popeye-Steam-Boat-1-216x300.jpg 216w, https:\/\/mouldking.store\/wp-content\/uploads\/2022\/12\/PANTASY-86402-Popeye-Steam-Boat-1-300x417.jpg 300w, https:\/\/mouldking.store\/wp-content\/uploads\/2022\/12\/PANTASY-86402-Popeye-Steam-Boat-1-600x834.jpg 600w, https:\/\/mouldking.store\/wp-content\/uploads\/2022\/12\/PANTASY-86402-Popeye-Steam-Boat-1-108x150.jpg 108w, https:\/\/mouldking.store\/wp-content\/uploads\/2022\/12\/PANTASY-86402-Popeye-Steam-Boat-1-43x60.jpg 43w, https:\/\/mouldking.store\/wp-content\/uploads\/2022\/12\/PANTASY-86402-Popeye-Steam-Boat-1-65x90.jpg 65w\" sizes=\"(max-width: 737px) 100vw, 737px\" \/><figcaption id=\"caption-attachment-38848\" class=\"wp-caption-text\">PANTASY 86402 Popeye Steam Boat With 2500 Pieces<\/figcaption><\/figure>","protected":false},"excerpt":{"rendered":"<p>Product information: Brand: PANTASY Gender: Unisex Name: Popeye Steam Boat Age Range: &gt; 6 years old Model Number: 86402 Classification: Assemblage Plastic Block Shape: Self-Locking Bricks Material: Plastic Plastic Type: ABS Bricks Blocks:2500 PCS Size: \u00a056.8 \u00d7 20.8 \u00d7 48.6 cm Contains detailed assembly instructions. Notice: 1. Without an original box, but we guarantee our [&hellip;]<\/p>","protected":false},"featured_media":38837,"comment_status":"closed","ping_status":"closed","template":"","meta":{"_acf_changed":false},"product_cat":[1365],"product_tag":[10234,6471,6280,10238,10239,10233,10235,10237,1006,10236],"class_list":["product","first","instock","shipping-taxable","purchasable","product-type-simple"],"acf":[],"_links":{"self":[{"href":"https:\/\/mouldking.store\/vi\/wp-json\/wp\/v2\/product\/38824","targetHints":{"allow":["GET"]}}],"collection":[{"href":"https:\/\/mouldking.store\/vi\/wp-json\/wp\/v2\/product"}],"about":[{"href":"https:\/\/mouldking.store\/vi\/wp-json\/wp\/v2\/types\/product"}],"replies":[{"embeddable":true,"href":"https:\/\/mouldking.store\/vi\/wp-json\/wp\/v2\/comments?post=38824"}],"wp:featuredmedia":[{"embeddable":true,"href":"https:\/\/mouldking.store\/vi\/wp-json\/wp\/v2\/media\/38837"}],"wp:attachment":[{"href":"https:\/\/mouldking.store\/vi\/wp-json\/wp\/v2\/media?parent=38824"}],"wp:term":[{"taxonomy":"product_cat","embeddable":true,"href":"https:\/\/mouldking.store\/vi\/wp-json\/wp\/v2\/product_cat?post=38824"},{"taxonomy":"product_tag","embeddable":true,"href":"https:\/\/mouldking.store\/vi\/wp-json\/wp\/v2\/product_tag?post=38824"}],"curies":[{"name":"wp","href":"https:\/\/api.w.org\/{rel}","templated":true}]}}