{"id":38842,"date":"2022-12-23T11:49:25","date_gmt":"2022-12-23T04:49:25","guid":{"rendered":"https:\/\/mouldking.store\/?post_type=product&#038;p=38842"},"modified":"2022-12-23T11:49:26","modified_gmt":"2022-12-23T04:49:26","slug":"keeppley-k10217-sky-core-module-small-column-segments-and-node-compartments-with-5400pcs","status":"publish","type":"product","link":"https:\/\/mouldking.store\/vi\/shop\/keeppley-k10217-sky-core-module-small-column-segments-and-node-compartments-with-5400pcs\/","title":{"rendered":"Keeppley K10217 M\u00f4-\u0111un Sky Core Ph\u00e2n \u0111o\u1ea1n c\u1ed9t nh\u1ecf v\u00e0 ng\u0103n n\u00fat v\u1edbi 5400 C\u00c1I"},"content":{"rendered":"<p>Th\u00f4ng tin s\u1ea3n ph\u1ea9m:<\/p>\n<ol>\n<li>Th\u01b0\u01a1ng hi\u1ec7u: Keeppley<\/li>\n<li>Gi\u1edbi t\u00ednh: Unisex<\/li>\n<li>Name: Sky Core Module Small Column Segments and Node Compartments<\/li>\n<li>\u0110\u1ed9 tu\u1ed5i: &gt; 6 tu\u1ed5i<\/li>\n<li>Model Number: K10217<\/li>\n<li>Ph\u00e2n lo\u1ea1i: T\u1eadp h\u1ee3p<\/li>\n<li>H\u00ecnh d\u1ea1ng kh\u1ed1i nh\u1ef1a: G\u1ea1ch t\u1ef1 kh\u00f3a<\/li>\n<li>Ch\u1ea5t li\u1ec7u: Nh\u1ef1a<\/li>\n<li>Lo\u1ea1i nh\u1ef1a: ABS<\/li>\n<li>Bricks Blocks:5400PCS<\/li>\n<li>Size: 97 \u00d7 35 \u00d7 19 cm<\/li>\n<li>Ch\u1ee9a h\u01b0\u1edbng d\u1eabn l\u1eafp r\u00e1p chi ti\u1ebft.<\/li>\n<\/ol>\n<p>\u0110\u1ec3 \u00fd:<br \/>\n1. Kh\u00f4ng c\u00f3 h\u1ed9p ban \u0111\u1ea7u, nh\u01b0ng ch\u00fang t\u00f4i \u0111\u1ea3m b\u1ea3o s\u1ea3n ph\u1ea9m c\u1ee7a ch\u00fang t\u00f4i c\u00f3 ch\u1ea5t l\u01b0\u1ee3ng \u0111\u1ea3m b\u1ea3o v\u00e0 bao b\u00ec \u0111\u1eb9p.<br \/>\n2. V\u00ec t\u1ea5t c\u1ea3 c\u00e1c b\u1ed9 ph\u1eadn ch\u00fang t\u00f4i \u0111\u00e3 ki\u1ec3m tra tr\u01b0\u1edbc khi v\u1eadn chuy\u1ec3n, v\u00ec v\u1eady n\u1ebfu b\u1ea1n th\u1ea5y m\u1ed9t s\u1ed1 b\u1ed9 ph\u1eadn b\u1ecb thi\u1ebfu ho\u1eb7c h\u01b0 h\u1ecfng, \u0111\u1eebng lo l\u1eafng v\u00e0 ch\u1ec9 c\u1ea7n vui l\u00f2ng li\u00ean h\u1ec7 v\u1edbi ch\u00fang t\u00f4i v\u00e0 ch\u00fang t\u00f4i c\u00f3 th\u1ec3 g\u1eedi l\u1ea1i mi\u1ec5n ph\u00ed cho b\u1ea1n ngay l\u1eadp t\u1ee9c.<\/p>\n<figure id=\"attachment_38849\" aria-describedby=\"caption-attachment-38849\" style=\"width: 800px\" class=\"wp-caption aligncenter\"><img fetchpriority=\"high\" decoding=\"async\" class=\"wp-image-38849 size-full\" src=\"https:\/\/mouldking.store\/wp-content\/uploads\/2022\/12\/K10217-1-b339.jpg\" alt=\"Keeppley K10217 Sky Core Module Small Column Segments and Node Compartments With 5400PCS\" width=\"800\" height=\"800\" title=\"-\" srcset=\"https:\/\/mouldking.store\/wp-content\/uploads\/2022\/12\/K10217-1-b339.jpg 800w, https:\/\/mouldking.store\/wp-content\/uploads\/2022\/12\/K10217-1-b339-300x300.jpg 300w, https:\/\/mouldking.store\/wp-content\/uploads\/2022\/12\/K10217-1-b339-768x768.jpg 768w, https:\/\/mouldking.store\/wp-content\/uploads\/2022\/12\/K10217-1-b339-600x600.jpg 600w, https:\/\/mouldking.store\/wp-content\/uploads\/2022\/12\/K10217-1-b339-150x150.jpg 150w, https:\/\/mouldking.store\/wp-content\/uploads\/2022\/12\/K10217-1-b339-60x60.jpg 60w, https:\/\/mouldking.store\/wp-content\/uploads\/2022\/12\/K10217-1-b339-90x90.jpg 90w\" sizes=\"(max-width: 800px) 100vw, 800px\" \/><figcaption id=\"caption-attachment-38849\" class=\"wp-caption-text\">Keeppley K10217 M\u00f4-\u0111un Sky Core Ph\u00e2n \u0111o\u1ea1n c\u1ed9t nh\u1ecf v\u00e0 ng\u0103n n\u00fat v\u1edbi 5400 C\u00c1I<\/figcaption><\/figure>\n<figure id=\"attachment_38850\" aria-describedby=\"caption-attachment-38850\" style=\"width: 800px\" class=\"wp-caption aligncenter\"><img decoding=\"async\" class=\"wp-image-38850 size-full\" src=\"https:\/\/mouldking.store\/wp-content\/uploads\/2022\/12\/K10217-2-bfd4.jpg\" alt=\"Keeppley K10217 Sky Core Module Small Column Segments and Node Compartments With 5400PCS\" width=\"800\" height=\"800\" title=\"-\" srcset=\"https:\/\/mouldking.store\/wp-content\/uploads\/2022\/12\/K10217-2-bfd4.jpg 800w, https:\/\/mouldking.store\/wp-content\/uploads\/2022\/12\/K10217-2-bfd4-300x300.jpg 300w, https:\/\/mouldking.store\/wp-content\/uploads\/2022\/12\/K10217-2-bfd4-768x768.jpg 768w, https:\/\/mouldking.store\/wp-content\/uploads\/2022\/12\/K10217-2-bfd4-600x600.jpg 600w, https:\/\/mouldking.store\/wp-content\/uploads\/2022\/12\/K10217-2-bfd4-150x150.jpg 150w, https:\/\/mouldking.store\/wp-content\/uploads\/2022\/12\/K10217-2-bfd4-60x60.jpg 60w, https:\/\/mouldking.store\/wp-content\/uploads\/2022\/12\/K10217-2-bfd4-90x90.jpg 90w\" sizes=\"(max-width: 800px) 100vw, 800px\" \/><figcaption id=\"caption-attachment-38850\" class=\"wp-caption-text\">Keeppley K10217 M\u00f4-\u0111un Sky Core Ph\u00e2n \u0111o\u1ea1n c\u1ed9t nh\u1ecf v\u00e0 ng\u0103n n\u00fat v\u1edbi 5400 C\u00c1I<\/figcaption><\/figure>\n<figure id=\"attachment_38851\" aria-describedby=\"caption-attachment-38851\" style=\"width: 800px\" class=\"wp-caption aligncenter\"><img decoding=\"async\" class=\"wp-image-38851 size-full\" src=\"https:\/\/mouldking.store\/wp-content\/uploads\/2022\/12\/K10217-3-7f19.jpg\" alt=\"Keeppley K10217 Sky Core Module Small Column Segments and Node Compartments With 5400PCS\" width=\"800\" height=\"800\" title=\"-\" srcset=\"https:\/\/mouldking.store\/wp-content\/uploads\/2022\/12\/K10217-3-7f19.jpg 800w, https:\/\/mouldking.store\/wp-content\/uploads\/2022\/12\/K10217-3-7f19-300x300.jpg 300w, https:\/\/mouldking.store\/wp-content\/uploads\/2022\/12\/K10217-3-7f19-768x768.jpg 768w, https:\/\/mouldking.store\/wp-content\/uploads\/2022\/12\/K10217-3-7f19-600x600.jpg 600w, https:\/\/mouldking.store\/wp-content\/uploads\/2022\/12\/K10217-3-7f19-150x150.jpg 150w, https:\/\/mouldking.store\/wp-content\/uploads\/2022\/12\/K10217-3-7f19-60x60.jpg 60w, https:\/\/mouldking.store\/wp-content\/uploads\/2022\/12\/K10217-3-7f19-90x90.jpg 90w\" sizes=\"(max-width: 800px) 100vw, 800px\" \/><figcaption id=\"caption-attachment-38851\" class=\"wp-caption-text\">Keeppley K10217 M\u00f4-\u0111un Sky Core Ph\u00e2n \u0111o\u1ea1n c\u1ed9t nh\u1ecf v\u00e0 ng\u0103n n\u00fat v\u1edbi 5400 C\u00c1I<\/figcaption><\/figure>","protected":false},"excerpt":{"rendered":"<p>Product information: Brand: Keeppley Gender: Unisex Name: Sky Core Module Small Column Segments and Node Compartments Age Range: &gt; 6 years old Model Number: K10217 Classification: Assemblage Plastic Block Shape: Self-Locking Bricks Material: Plastic Plastic Type: ABS Bricks Blocks:5400PCS Size: 97 \u00d7 35 \u00d7 19 cm Contains detailed assembly instructions. Notice: 1. Without an original [&hellip;]<\/p>","protected":false},"featured_media":38849,"comment_status":"closed","ping_status":"closed","template":"","meta":{"_acf_changed":false},"product_cat":[6016],"product_tag":[10246,10242,10241,6429,10249,10250,10240,3167,10245,10247,10244,790,10248,10243],"class_list":["product","first","instock","shipping-taxable","purchasable","product-type-simple"],"acf":[],"_links":{"self":[{"href":"https:\/\/mouldking.store\/vi\/wp-json\/wp\/v2\/product\/38842","targetHints":{"allow":["GET"]}}],"collection":[{"href":"https:\/\/mouldking.store\/vi\/wp-json\/wp\/v2\/product"}],"about":[{"href":"https:\/\/mouldking.store\/vi\/wp-json\/wp\/v2\/types\/product"}],"replies":[{"embeddable":true,"href":"https:\/\/mouldking.store\/vi\/wp-json\/wp\/v2\/comments?post=38842"}],"wp:featuredmedia":[{"embeddable":true,"href":"https:\/\/mouldking.store\/vi\/wp-json\/wp\/v2\/media\/38849"}],"wp:attachment":[{"href":"https:\/\/mouldking.store\/vi\/wp-json\/wp\/v2\/media?parent=38842"}],"wp:term":[{"taxonomy":"product_cat","embeddable":true,"href":"https:\/\/mouldking.store\/vi\/wp-json\/wp\/v2\/product_cat?post=38842"},{"taxonomy":"product_tag","embeddable":true,"href":"https:\/\/mouldking.store\/vi\/wp-json\/wp\/v2\/product_tag?post=38842"}],"curies":[{"name":"wp","href":"https:\/\/api.w.org\/{rel}","templated":true}]}}