{"id":38876,"date":"2022-12-23T12:30:10","date_gmt":"2022-12-23T05:30:10","guid":{"rendered":"https:\/\/mouldking.store\/?post_type=product&#038;p=38876"},"modified":"2025-12-25T09:11:57","modified_gmt":"2025-12-25T02:11:57","slug":"moc-102664-separatist-nr-n99-droid-tank-with-266pcs","status":"publish","type":"product","link":"https:\/\/mouldking.store\/vi\/shop\/moc-102664-separatist-nr-n99-droid-tank-with-266pcs\/","title":{"rendered":"MOC-102664 Separatist NR-N99 Droid Tank With 266PCS"},"content":{"rendered":"<ol>\n<li>Th\u01b0\u01a1ng hi\u1ec7u: M\u1ed8C<\/li>\n<li>Gi\u1edbi t\u00ednh: Unisex<\/li>\n<li>Name: Separatist NR-N99 Droid Tank<\/li>\n<li>\u0110\u1ed9 tu\u1ed5i: &gt; 6 tu\u1ed5i<\/li>\n<li>Model Number: 102664<\/li>\n<li>Ph\u00e2n lo\u1ea1i: T\u1eadp h\u1ee3p<\/li>\n<li>H\u00ecnh d\u1ea1ng kh\u1ed1i nh\u1ef1a: G\u1ea1ch t\u1ef1 kh\u00f3a<\/li>\n<li>Ch\u1ea5t li\u1ec7u: Nh\u1ef1a<\/li>\n<li>Lo\u1ea1i nh\u1ef1a: ABS<\/li>\n<li>Bricks Blocks:266PCS<\/li>\n<li>Tr\u1ecdng l\u01b0\u1ee3ng:200g<\/li>\n<li>Ch\u1ee9a h\u01b0\u1edbng d\u1eabn l\u1eafp r\u00e1p chi ti\u1ebft.<\/li>\n<\/ol>\n<p>\u0110\u1ec3 \u00fd:<br \/>\n1. Kh\u00f4ng c\u00f3 h\u1ed9p ban \u0111\u1ea7u, nh\u01b0ng ch\u00fang t\u00f4i \u0111\u1ea3m b\u1ea3o s\u1ea3n ph\u1ea9m c\u1ee7a ch\u00fang t\u00f4i c\u00f3 ch\u1ea5t l\u01b0\u1ee3ng \u0111\u1ea3m b\u1ea3o v\u00e0 bao b\u00ec \u0111\u1eb9p.<br \/>\n2. V\u00ec t\u1ea5t c\u1ea3 c\u00e1c b\u1ed9 ph\u1eadn ch\u00fang t\u00f4i \u0111\u00e3 ki\u1ec3m tra tr\u01b0\u1edbc khi v\u1eadn chuy\u1ec3n, v\u00ec v\u1eady n\u1ebfu b\u1ea1n th\u1ea5y m\u1ed9t s\u1ed1 b\u1ed9 ph\u1eadn b\u1ecb thi\u1ebfu ho\u1eb7c h\u01b0 h\u1ecfng, \u0111\u1eebng lo l\u1eafng v\u00e0 ch\u1ec9 c\u1ea7n vui l\u00f2ng li\u00ean h\u1ec7 v\u1edbi ch\u00fang t\u00f4i v\u00e0 ch\u00fang t\u00f4i c\u00f3 th\u1ec3 g\u1eedi l\u1ea1i mi\u1ec5n ph\u00ed cho b\u1ea1n ngay l\u1eadp t\u1ee9c.<\/p>\n<figure id=\"attachment_38877\" aria-describedby=\"caption-attachment-38877\" style=\"width: 1004px\" class=\"wp-caption aligncenter\"><img fetchpriority=\"high\" decoding=\"async\" class=\"wp-image-38877 size-full\" src=\"https:\/\/mouldking.store\/wp-content\/uploads\/2022\/12\/MOC-102664-Star-Wars-Separatist-NR-N99-Droid-Tank-MOC-FACTORY.png\" alt=\"MOC-102664 Separatist NR-N99 Droid Tank With 266PCS\" width=\"1004\" height=\"1004\" title=\"-\" srcset=\"https:\/\/mouldking.store\/wp-content\/uploads\/2022\/12\/MOC-102664-Star-Wars-Separatist-NR-N99-Droid-Tank-MOC-FACTORY.png 1004w, https:\/\/mouldking.store\/wp-content\/uploads\/2022\/12\/MOC-102664-Star-Wars-Separatist-NR-N99-Droid-Tank-MOC-FACTORY-300x300.png 300w, https:\/\/mouldking.store\/wp-content\/uploads\/2022\/12\/MOC-102664-Star-Wars-Separatist-NR-N99-Droid-Tank-MOC-FACTORY-768x768.png 768w, https:\/\/mouldking.store\/wp-content\/uploads\/2022\/12\/MOC-102664-Star-Wars-Separatist-NR-N99-Droid-Tank-MOC-FACTORY-600x600.png 600w, https:\/\/mouldking.store\/wp-content\/uploads\/2022\/12\/MOC-102664-Star-Wars-Separatist-NR-N99-Droid-Tank-MOC-FACTORY-150x150.png 150w, https:\/\/mouldking.store\/wp-content\/uploads\/2022\/12\/MOC-102664-Star-Wars-Separatist-NR-N99-Droid-Tank-MOC-FACTORY-60x60.png 60w, https:\/\/mouldking.store\/wp-content\/uploads\/2022\/12\/MOC-102664-Star-Wars-Separatist-NR-N99-Droid-Tank-MOC-FACTORY-90x90.png 90w\" sizes=\"(max-width: 1004px) 100vw, 1004px\" \/><figcaption id=\"caption-attachment-38877\" class=\"wp-caption-text\">MOC-102664 Separatist NR-N99 Droid Tank With 266PCS<\/figcaption><\/figure>\n<figure id=\"attachment_38878\" aria-describedby=\"caption-attachment-38878\" style=\"width: 1024px\" class=\"wp-caption aligncenter\"><img decoding=\"async\" class=\"wp-image-38878 size-large\" src=\"https:\/\/mouldking.store\/wp-content\/uploads\/2022\/12\/Separatist-NR-N99-Droid-Tank-MOC-102664-1-1024x1024.jpg\" alt=\"MOC-102664 Separatist NR-N99 Droid Tank With 266PCS\" width=\"1024\" height=\"1024\" title=\"-\" srcset=\"https:\/\/mouldking.store\/wp-content\/uploads\/2022\/12\/Separatist-NR-N99-Droid-Tank-MOC-102664-1-1024x1024.jpg 1024w, https:\/\/mouldking.store\/wp-content\/uploads\/2022\/12\/Separatist-NR-N99-Droid-Tank-MOC-102664-1-300x300.jpg 300w, https:\/\/mouldking.store\/wp-content\/uploads\/2022\/12\/Separatist-NR-N99-Droid-Tank-MOC-102664-1-768x768.jpg 768w, https:\/\/mouldking.store\/wp-content\/uploads\/2022\/12\/Separatist-NR-N99-Droid-Tank-MOC-102664-1-600x600.jpg 600w, https:\/\/mouldking.store\/wp-content\/uploads\/2022\/12\/Separatist-NR-N99-Droid-Tank-MOC-102664-1-150x150.jpg 150w, https:\/\/mouldking.store\/wp-content\/uploads\/2022\/12\/Separatist-NR-N99-Droid-Tank-MOC-102664-1-60x60.jpg 60w, https:\/\/mouldking.store\/wp-content\/uploads\/2022\/12\/Separatist-NR-N99-Droid-Tank-MOC-102664-1-90x90.jpg 90w, https:\/\/mouldking.store\/wp-content\/uploads\/2022\/12\/Separatist-NR-N99-Droid-Tank-MOC-102664-1.jpg 1100w\" sizes=\"(max-width: 1024px) 100vw, 1024px\" \/><figcaption id=\"caption-attachment-38878\" class=\"wp-caption-text\">MOC-102664 Separatist NR-N99 Droid Tank With 266PCS<\/figcaption><\/figure>\n<figure id=\"attachment_38879\" aria-describedby=\"caption-attachment-38879\" style=\"width: 1024px\" class=\"wp-caption aligncenter\"><img decoding=\"async\" class=\"wp-image-38879 size-large\" src=\"https:\/\/mouldking.store\/wp-content\/uploads\/2022\/12\/Separatist-NR-N99-Droid-Tank-MOC-102664-2-1024x1024.jpg\" alt=\"MOC-102664 Separatist NR-N99 Droid Tank With 266PCS\" width=\"1024\" height=\"1024\" title=\"-\" srcset=\"https:\/\/mouldking.store\/wp-content\/uploads\/2022\/12\/Separatist-NR-N99-Droid-Tank-MOC-102664-2-1024x1024.jpg 1024w, https:\/\/mouldking.store\/wp-content\/uploads\/2022\/12\/Separatist-NR-N99-Droid-Tank-MOC-102664-2-300x300.jpg 300w, https:\/\/mouldking.store\/wp-content\/uploads\/2022\/12\/Separatist-NR-N99-Droid-Tank-MOC-102664-2-768x768.jpg 768w, https:\/\/mouldking.store\/wp-content\/uploads\/2022\/12\/Separatist-NR-N99-Droid-Tank-MOC-102664-2-600x600.jpg 600w, https:\/\/mouldking.store\/wp-content\/uploads\/2022\/12\/Separatist-NR-N99-Droid-Tank-MOC-102664-2-150x150.jpg 150w, https:\/\/mouldking.store\/wp-content\/uploads\/2022\/12\/Separatist-NR-N99-Droid-Tank-MOC-102664-2-60x60.jpg 60w, https:\/\/mouldking.store\/wp-content\/uploads\/2022\/12\/Separatist-NR-N99-Droid-Tank-MOC-102664-2-90x90.jpg 90w, https:\/\/mouldking.store\/wp-content\/uploads\/2022\/12\/Separatist-NR-N99-Droid-Tank-MOC-102664-2.jpg 1100w\" sizes=\"(max-width: 1024px) 100vw, 1024px\" \/><figcaption id=\"caption-attachment-38879\" class=\"wp-caption-text\">MOC-102664 Separatist NR-N99 Droid Tank With 266PCS<\/figcaption><\/figure>\n<figure id=\"attachment_38880\" aria-describedby=\"caption-attachment-38880\" style=\"width: 1024px\" class=\"wp-caption aligncenter\"><img loading=\"lazy\" decoding=\"async\" class=\"wp-image-38880 size-large\" src=\"https:\/\/mouldking.store\/wp-content\/uploads\/2022\/12\/Separatist-NR-N99-Droid-Tank-MOC-102664-3-1024x1024.jpg\" alt=\"MOC-102664 Separatist NR-N99 Droid Tank With 266PCS\" width=\"1024\" height=\"1024\" title=\"-\" srcset=\"https:\/\/mouldking.store\/wp-content\/uploads\/2022\/12\/Separatist-NR-N99-Droid-Tank-MOC-102664-3-1024x1024.jpg 1024w, https:\/\/mouldking.store\/wp-content\/uploads\/2022\/12\/Separatist-NR-N99-Droid-Tank-MOC-102664-3-300x300.jpg 300w, https:\/\/mouldking.store\/wp-content\/uploads\/2022\/12\/Separatist-NR-N99-Droid-Tank-MOC-102664-3-768x768.jpg 768w, https:\/\/mouldking.store\/wp-content\/uploads\/2022\/12\/Separatist-NR-N99-Droid-Tank-MOC-102664-3-600x600.jpg 600w, https:\/\/mouldking.store\/wp-content\/uploads\/2022\/12\/Separatist-NR-N99-Droid-Tank-MOC-102664-3-150x150.jpg 150w, https:\/\/mouldking.store\/wp-content\/uploads\/2022\/12\/Separatist-NR-N99-Droid-Tank-MOC-102664-3-60x60.jpg 60w, https:\/\/mouldking.store\/wp-content\/uploads\/2022\/12\/Separatist-NR-N99-Droid-Tank-MOC-102664-3-90x90.jpg 90w, https:\/\/mouldking.store\/wp-content\/uploads\/2022\/12\/Separatist-NR-N99-Droid-Tank-MOC-102664-3.jpg 1100w\" sizes=\"(max-width: 1024px) 100vw, 1024px\" \/><figcaption id=\"caption-attachment-38880\" class=\"wp-caption-text\">MOC-102664 Separatist NR-N99 Droid Tank With 266PCS<\/figcaption><\/figure>\n<figure id=\"attachment_38881\" aria-describedby=\"caption-attachment-38881\" style=\"width: 1024px\" class=\"wp-caption aligncenter\"><img loading=\"lazy\" decoding=\"async\" class=\"wp-image-38881 size-large\" src=\"https:\/\/mouldking.store\/wp-content\/uploads\/2022\/12\/Separatist-NR-N99-Droid-Tank-MOC-102664-4-1024x1024.jpg\" alt=\"MOC-102664 Separatist NR-N99 Droid Tank With 266PCS\" width=\"1024\" height=\"1024\" title=\"-\" srcset=\"https:\/\/mouldking.store\/wp-content\/uploads\/2022\/12\/Separatist-NR-N99-Droid-Tank-MOC-102664-4-1024x1024.jpg 1024w, https:\/\/mouldking.store\/wp-content\/uploads\/2022\/12\/Separatist-NR-N99-Droid-Tank-MOC-102664-4-300x300.jpg 300w, https:\/\/mouldking.store\/wp-content\/uploads\/2022\/12\/Separatist-NR-N99-Droid-Tank-MOC-102664-4-768x768.jpg 768w, https:\/\/mouldking.store\/wp-content\/uploads\/2022\/12\/Separatist-NR-N99-Droid-Tank-MOC-102664-4-600x600.jpg 600w, https:\/\/mouldking.store\/wp-content\/uploads\/2022\/12\/Separatist-NR-N99-Droid-Tank-MOC-102664-4-150x150.jpg 150w, https:\/\/mouldking.store\/wp-content\/uploads\/2022\/12\/Separatist-NR-N99-Droid-Tank-MOC-102664-4-60x60.jpg 60w, https:\/\/mouldking.store\/wp-content\/uploads\/2022\/12\/Separatist-NR-N99-Droid-Tank-MOC-102664-4-90x90.jpg 90w, https:\/\/mouldking.store\/wp-content\/uploads\/2022\/12\/Separatist-NR-N99-Droid-Tank-MOC-102664-4.jpg 1100w\" sizes=\"(max-width: 1024px) 100vw, 1024px\" \/><figcaption id=\"caption-attachment-38881\" class=\"wp-caption-text\">MOC-102664 Separatist NR-N99 Droid Tank With 266PCS<\/figcaption><\/figure>\n<figure id=\"attachment_38882\" aria-describedby=\"caption-attachment-38882\" style=\"width: 1024px\" class=\"wp-caption aligncenter\"><img loading=\"lazy\" decoding=\"async\" class=\"wp-image-38882 size-large\" src=\"https:\/\/mouldking.store\/wp-content\/uploads\/2022\/12\/Separatist-NR-N99-Droid-Tank-MOC-102664-6-1024x1024.jpg\" alt=\"MOC-102664 Separatist NR-N99 Droid Tank With 266PCS\" width=\"1024\" height=\"1024\" title=\"-\" srcset=\"https:\/\/mouldking.store\/wp-content\/uploads\/2022\/12\/Separatist-NR-N99-Droid-Tank-MOC-102664-6-1024x1024.jpg 1024w, https:\/\/mouldking.store\/wp-content\/uploads\/2022\/12\/Separatist-NR-N99-Droid-Tank-MOC-102664-6-300x300.jpg 300w, https:\/\/mouldking.store\/wp-content\/uploads\/2022\/12\/Separatist-NR-N99-Droid-Tank-MOC-102664-6-768x768.jpg 768w, https:\/\/mouldking.store\/wp-content\/uploads\/2022\/12\/Separatist-NR-N99-Droid-Tank-MOC-102664-6-600x600.jpg 600w, https:\/\/mouldking.store\/wp-content\/uploads\/2022\/12\/Separatist-NR-N99-Droid-Tank-MOC-102664-6-150x150.jpg 150w, https:\/\/mouldking.store\/wp-content\/uploads\/2022\/12\/Separatist-NR-N99-Droid-Tank-MOC-102664-6-60x60.jpg 60w, https:\/\/mouldking.store\/wp-content\/uploads\/2022\/12\/Separatist-NR-N99-Droid-Tank-MOC-102664-6-90x90.jpg 90w, https:\/\/mouldking.store\/wp-content\/uploads\/2022\/12\/Separatist-NR-N99-Droid-Tank-MOC-102664-6.jpg 1100w\" sizes=\"(max-width: 1024px) 100vw, 1024px\" \/><figcaption id=\"caption-attachment-38882\" class=\"wp-caption-text\">MOC-102664 Separatist NR-N99 Droid Tank With 266PCS<\/figcaption><\/figure>\n<figure id=\"attachment_38883\" aria-describedby=\"caption-attachment-38883\" style=\"width: 1024px\" class=\"wp-caption aligncenter\"><img loading=\"lazy\" decoding=\"async\" class=\"wp-image-38883 size-large\" src=\"https:\/\/mouldking.store\/wp-content\/uploads\/2022\/12\/Separatist-NR-N99-Droid-Tank-MOC-102664-5-1024x1024.jpg\" alt=\"MOC-102664 Separatist NR-N99 Droid Tank With 266PCS\" width=\"1024\" height=\"1024\" title=\"-\" srcset=\"https:\/\/mouldking.store\/wp-content\/uploads\/2022\/12\/Separatist-NR-N99-Droid-Tank-MOC-102664-5-1024x1024.jpg 1024w, https:\/\/mouldking.store\/wp-content\/uploads\/2022\/12\/Separatist-NR-N99-Droid-Tank-MOC-102664-5-300x300.jpg 300w, https:\/\/mouldking.store\/wp-content\/uploads\/2022\/12\/Separatist-NR-N99-Droid-Tank-MOC-102664-5-768x768.jpg 768w, https:\/\/mouldking.store\/wp-content\/uploads\/2022\/12\/Separatist-NR-N99-Droid-Tank-MOC-102664-5-600x600.jpg 600w, https:\/\/mouldking.store\/wp-content\/uploads\/2022\/12\/Separatist-NR-N99-Droid-Tank-MOC-102664-5-150x150.jpg 150w, https:\/\/mouldking.store\/wp-content\/uploads\/2022\/12\/Separatist-NR-N99-Droid-Tank-MOC-102664-5-60x60.jpg 60w, https:\/\/mouldking.store\/wp-content\/uploads\/2022\/12\/Separatist-NR-N99-Droid-Tank-MOC-102664-5-90x90.jpg 90w, https:\/\/mouldking.store\/wp-content\/uploads\/2022\/12\/Separatist-NR-N99-Droid-Tank-MOC-102664-5.jpg 1100w\" sizes=\"(max-width: 1024px) 100vw, 1024px\" \/><figcaption id=\"caption-attachment-38883\" class=\"wp-caption-text\">MOC-102664 Separatist NR-N99 Droid Tank With 266PCS<\/figcaption><\/figure>","protected":false},"excerpt":{"rendered":"<p>H\u01b0\u1edbng d\u1eabn x\u00e2y d\u1ef1ng PDF<\/p>\n<p>kh\u00f4ng c\u00f3 h\u1ed9p g\u1ed1c<\/p>\n<p>Th\u1eddi gian s\u1eafp x\u1ebfp: 4-8 tu\u1ea7n<\/p>","protected":false},"featured_media":38877,"comment_status":"closed","ping_status":"closed","template":"","meta":{"_acf_changed":false},"product_cat":[415],"product_tag":[10273,430,10270,10275,10269,10272,10271,10274],"class_list":["product","first","instock","shipping-taxable","purchasable","product-type-simple"],"acf":[],"_links":{"self":[{"href":"https:\/\/mouldking.store\/vi\/wp-json\/wp\/v2\/product\/38876","targetHints":{"allow":["GET"]}}],"collection":[{"href":"https:\/\/mouldking.store\/vi\/wp-json\/wp\/v2\/product"}],"about":[{"href":"https:\/\/mouldking.store\/vi\/wp-json\/wp\/v2\/types\/product"}],"replies":[{"embeddable":true,"href":"https:\/\/mouldking.store\/vi\/wp-json\/wp\/v2\/comments?post=38876"}],"wp:featuredmedia":[{"embeddable":true,"href":"https:\/\/mouldking.store\/vi\/wp-json\/wp\/v2\/media\/38877"}],"wp:attachment":[{"href":"https:\/\/mouldking.store\/vi\/wp-json\/wp\/v2\/media?parent=38876"}],"wp:term":[{"taxonomy":"product_cat","embeddable":true,"href":"https:\/\/mouldking.store\/vi\/wp-json\/wp\/v2\/product_cat?post=38876"},{"taxonomy":"product_tag","embeddable":true,"href":"https:\/\/mouldking.store\/vi\/wp-json\/wp\/v2\/product_tag?post=38876"}],"curies":[{"name":"wp","href":"https:\/\/api.w.org\/{rel}","templated":true}]}}