{"id":38892,"date":"2022-12-23T14:21:14","date_gmt":"2022-12-23T07:21:14","guid":{"rendered":"https:\/\/mouldking.store\/?post_type=product&#038;p=38892"},"modified":"2025-12-25T09:11:57","modified_gmt":"2025-12-25T02:11:57","slug":"moc-106566-imperial-combat-assault-tank-with-310pcs","status":"publish","type":"product","link":"https:\/\/mouldking.store\/vi\/shop\/moc-106566-imperial-combat-assault-tank-with-310pcs\/","title":{"rendered":"MOC-106566 Imperial Combat Assault Tank With 310PCS"},"content":{"rendered":"<ol>\n<li>Th\u01b0\u01a1ng hi\u1ec7u: M\u1ed8C<\/li>\n<li>Gi\u1edbi t\u00ednh: Unisex<\/li>\n<li>Name: Imperial Combat Assault Tank<\/li>\n<li>\u0110\u1ed9 tu\u1ed5i: &gt; 6 tu\u1ed5i<\/li>\n<li>Model Number: 106566<\/li>\n<li>Ph\u00e2n lo\u1ea1i: T\u1eadp h\u1ee3p<\/li>\n<li>H\u00ecnh d\u1ea1ng kh\u1ed1i nh\u1ef1a: G\u1ea1ch t\u1ef1 kh\u00f3a<\/li>\n<li>Ch\u1ea5t li\u1ec7u: Nh\u1ef1a<\/li>\n<li>Lo\u1ea1i nh\u1ef1a: ABS<\/li>\n<li>Bricks Blocks:310PCS<\/li>\n<li>Weight:250g<\/li>\n<li>Ch\u1ee9a h\u01b0\u1edbng d\u1eabn l\u1eafp r\u00e1p chi ti\u1ebft.<\/li>\n<\/ol>\n<p>\u0110\u1ec3 \u00fd:<br \/>\n1. Kh\u00f4ng c\u00f3 h\u1ed9p ban \u0111\u1ea7u, nh\u01b0ng ch\u00fang t\u00f4i \u0111\u1ea3m b\u1ea3o s\u1ea3n ph\u1ea9m c\u1ee7a ch\u00fang t\u00f4i c\u00f3 ch\u1ea5t l\u01b0\u1ee3ng \u0111\u1ea3m b\u1ea3o v\u00e0 bao b\u00ec \u0111\u1eb9p.<br \/>\n2. V\u00ec t\u1ea5t c\u1ea3 c\u00e1c b\u1ed9 ph\u1eadn ch\u00fang t\u00f4i \u0111\u00e3 ki\u1ec3m tra tr\u01b0\u1edbc khi v\u1eadn chuy\u1ec3n, v\u00ec v\u1eady n\u1ebfu b\u1ea1n th\u1ea5y m\u1ed9t s\u1ed1 b\u1ed9 ph\u1eadn b\u1ecb thi\u1ebfu ho\u1eb7c h\u01b0 h\u1ecfng, \u0111\u1eebng lo l\u1eafng v\u00e0 ch\u1ec9 c\u1ea7n vui l\u00f2ng li\u00ean h\u1ec7 v\u1edbi ch\u00fang t\u00f4i v\u00e0 ch\u00fang t\u00f4i c\u00f3 th\u1ec3 g\u1eedi l\u1ea1i mi\u1ec5n ph\u00ed cho b\u1ea1n ngay l\u1eadp t\u1ee9c.<\/p>\n<figure id=\"attachment_38893\" aria-describedby=\"caption-attachment-38893\" style=\"width: 1004px\" class=\"wp-caption aligncenter\"><img fetchpriority=\"high\" decoding=\"async\" class=\"wp-image-38893 size-full\" src=\"https:\/\/mouldking.store\/wp-content\/uploads\/2022\/12\/MOC-106566-Star-Wars-Imperial-Combat-Assault-Tank-MOC-FACTORY.png\" alt=\"MOC-106566 Imperial Combat Assault Tank With 310PCS\" width=\"1004\" height=\"1004\" title=\"-\" srcset=\"https:\/\/mouldking.store\/wp-content\/uploads\/2022\/12\/MOC-106566-Star-Wars-Imperial-Combat-Assault-Tank-MOC-FACTORY.png 1004w, https:\/\/mouldking.store\/wp-content\/uploads\/2022\/12\/MOC-106566-Star-Wars-Imperial-Combat-Assault-Tank-MOC-FACTORY-300x300.png 300w, https:\/\/mouldking.store\/wp-content\/uploads\/2022\/12\/MOC-106566-Star-Wars-Imperial-Combat-Assault-Tank-MOC-FACTORY-768x768.png 768w, https:\/\/mouldking.store\/wp-content\/uploads\/2022\/12\/MOC-106566-Star-Wars-Imperial-Combat-Assault-Tank-MOC-FACTORY-600x600.png 600w, https:\/\/mouldking.store\/wp-content\/uploads\/2022\/12\/MOC-106566-Star-Wars-Imperial-Combat-Assault-Tank-MOC-FACTORY-150x150.png 150w, https:\/\/mouldking.store\/wp-content\/uploads\/2022\/12\/MOC-106566-Star-Wars-Imperial-Combat-Assault-Tank-MOC-FACTORY-60x60.png 60w, https:\/\/mouldking.store\/wp-content\/uploads\/2022\/12\/MOC-106566-Star-Wars-Imperial-Combat-Assault-Tank-MOC-FACTORY-90x90.png 90w\" sizes=\"(max-width: 1004px) 100vw, 1004px\" \/><figcaption id=\"caption-attachment-38893\" class=\"wp-caption-text\">MOC-106566 Imperial Combat Assault Tank With 310PCS<\/figcaption><\/figure>\n<figure id=\"attachment_38894\" aria-describedby=\"caption-attachment-38894\" style=\"width: 1024px\" class=\"wp-caption aligncenter\"><img decoding=\"async\" class=\"wp-image-38894 size-large\" src=\"https:\/\/mouldking.store\/wp-content\/uploads\/2022\/12\/Imperial-Combat-Assault-Tank-MOC-106566-1-1024x1024.jpg\" alt=\"MOC-106566 Imperial Combat Assault Tank With 310PCS\" width=\"1024\" height=\"1024\" title=\"-\" srcset=\"https:\/\/mouldking.store\/wp-content\/uploads\/2022\/12\/Imperial-Combat-Assault-Tank-MOC-106566-1-1024x1024.jpg 1024w, https:\/\/mouldking.store\/wp-content\/uploads\/2022\/12\/Imperial-Combat-Assault-Tank-MOC-106566-1-300x300.jpg 300w, https:\/\/mouldking.store\/wp-content\/uploads\/2022\/12\/Imperial-Combat-Assault-Tank-MOC-106566-1-768x768.jpg 768w, https:\/\/mouldking.store\/wp-content\/uploads\/2022\/12\/Imperial-Combat-Assault-Tank-MOC-106566-1-600x600.jpg 600w, https:\/\/mouldking.store\/wp-content\/uploads\/2022\/12\/Imperial-Combat-Assault-Tank-MOC-106566-1-150x150.jpg 150w, https:\/\/mouldking.store\/wp-content\/uploads\/2022\/12\/Imperial-Combat-Assault-Tank-MOC-106566-1-60x60.jpg 60w, https:\/\/mouldking.store\/wp-content\/uploads\/2022\/12\/Imperial-Combat-Assault-Tank-MOC-106566-1-90x90.jpg 90w, https:\/\/mouldking.store\/wp-content\/uploads\/2022\/12\/Imperial-Combat-Assault-Tank-MOC-106566-1.jpg 1100w\" sizes=\"(max-width: 1024px) 100vw, 1024px\" \/><figcaption id=\"caption-attachment-38894\" class=\"wp-caption-text\">MOC-106566 Imperial Combat Assault Tank With 310PCS<\/figcaption><\/figure>\n<figure id=\"attachment_38895\" aria-describedby=\"caption-attachment-38895\" style=\"width: 1024px\" class=\"wp-caption alignnone\"><img decoding=\"async\" class=\"wp-image-38895 size-large\" src=\"https:\/\/mouldking.store\/wp-content\/uploads\/2022\/12\/Imperial-Combat-Assault-Tank-MOC-106566-2-1024x1024.jpg\" alt=\"MOC-106566 Imperial Combat Assault Tank With 310PCS\" width=\"1024\" height=\"1024\" title=\"-\" srcset=\"https:\/\/mouldking.store\/wp-content\/uploads\/2022\/12\/Imperial-Combat-Assault-Tank-MOC-106566-2-1024x1024.jpg 1024w, https:\/\/mouldking.store\/wp-content\/uploads\/2022\/12\/Imperial-Combat-Assault-Tank-MOC-106566-2-300x300.jpg 300w, https:\/\/mouldking.store\/wp-content\/uploads\/2022\/12\/Imperial-Combat-Assault-Tank-MOC-106566-2-768x768.jpg 768w, https:\/\/mouldking.store\/wp-content\/uploads\/2022\/12\/Imperial-Combat-Assault-Tank-MOC-106566-2-600x600.jpg 600w, https:\/\/mouldking.store\/wp-content\/uploads\/2022\/12\/Imperial-Combat-Assault-Tank-MOC-106566-2-150x150.jpg 150w, https:\/\/mouldking.store\/wp-content\/uploads\/2022\/12\/Imperial-Combat-Assault-Tank-MOC-106566-2-60x60.jpg 60w, https:\/\/mouldking.store\/wp-content\/uploads\/2022\/12\/Imperial-Combat-Assault-Tank-MOC-106566-2-90x90.jpg 90w, https:\/\/mouldking.store\/wp-content\/uploads\/2022\/12\/Imperial-Combat-Assault-Tank-MOC-106566-2.jpg 1100w\" sizes=\"(max-width: 1024px) 100vw, 1024px\" \/><figcaption id=\"caption-attachment-38895\" class=\"wp-caption-text\">MOC-106566 Imperial Combat Assault Tank With 310PCS<\/figcaption><\/figure>\n<figure id=\"attachment_38896\" aria-describedby=\"caption-attachment-38896\" style=\"width: 1024px\" class=\"wp-caption aligncenter\"><img loading=\"lazy\" decoding=\"async\" class=\"wp-image-38896 size-large\" src=\"https:\/\/mouldking.store\/wp-content\/uploads\/2022\/12\/Imperial-Combat-Assault-Tank-MOC-106566-3-1024x1024.jpg\" alt=\"MOC-106566 Imperial Combat Assault Tank With 310PCS\" width=\"1024\" height=\"1024\" title=\"-\" srcset=\"https:\/\/mouldking.store\/wp-content\/uploads\/2022\/12\/Imperial-Combat-Assault-Tank-MOC-106566-3-1024x1024.jpg 1024w, https:\/\/mouldking.store\/wp-content\/uploads\/2022\/12\/Imperial-Combat-Assault-Tank-MOC-106566-3-300x300.jpg 300w, https:\/\/mouldking.store\/wp-content\/uploads\/2022\/12\/Imperial-Combat-Assault-Tank-MOC-106566-3-768x768.jpg 768w, https:\/\/mouldking.store\/wp-content\/uploads\/2022\/12\/Imperial-Combat-Assault-Tank-MOC-106566-3-600x600.jpg 600w, https:\/\/mouldking.store\/wp-content\/uploads\/2022\/12\/Imperial-Combat-Assault-Tank-MOC-106566-3-150x150.jpg 150w, https:\/\/mouldking.store\/wp-content\/uploads\/2022\/12\/Imperial-Combat-Assault-Tank-MOC-106566-3-60x60.jpg 60w, https:\/\/mouldking.store\/wp-content\/uploads\/2022\/12\/Imperial-Combat-Assault-Tank-MOC-106566-3-90x90.jpg 90w, https:\/\/mouldking.store\/wp-content\/uploads\/2022\/12\/Imperial-Combat-Assault-Tank-MOC-106566-3.jpg 1100w\" sizes=\"(max-width: 1024px) 100vw, 1024px\" \/><figcaption id=\"caption-attachment-38896\" class=\"wp-caption-text\">MOC-106566 Imperial Combat Assault Tank With 310PCS<\/figcaption><\/figure>\n<figure id=\"attachment_38897\" aria-describedby=\"caption-attachment-38897\" style=\"width: 1024px\" class=\"wp-caption aligncenter\"><img loading=\"lazy\" decoding=\"async\" class=\"wp-image-38897 size-large\" src=\"https:\/\/mouldking.store\/wp-content\/uploads\/2022\/12\/Imperial-Combat-Assault-Tank-MOC-106566-4-1024x1024.jpg\" alt=\"MOC-106566 Imperial Combat Assault Tank With 310PCS\" width=\"1024\" height=\"1024\" title=\"-\" srcset=\"https:\/\/mouldking.store\/wp-content\/uploads\/2022\/12\/Imperial-Combat-Assault-Tank-MOC-106566-4-1024x1024.jpg 1024w, https:\/\/mouldking.store\/wp-content\/uploads\/2022\/12\/Imperial-Combat-Assault-Tank-MOC-106566-4-300x300.jpg 300w, https:\/\/mouldking.store\/wp-content\/uploads\/2022\/12\/Imperial-Combat-Assault-Tank-MOC-106566-4-768x768.jpg 768w, https:\/\/mouldking.store\/wp-content\/uploads\/2022\/12\/Imperial-Combat-Assault-Tank-MOC-106566-4-600x600.jpg 600w, https:\/\/mouldking.store\/wp-content\/uploads\/2022\/12\/Imperial-Combat-Assault-Tank-MOC-106566-4-150x150.jpg 150w, https:\/\/mouldking.store\/wp-content\/uploads\/2022\/12\/Imperial-Combat-Assault-Tank-MOC-106566-4-60x60.jpg 60w, https:\/\/mouldking.store\/wp-content\/uploads\/2022\/12\/Imperial-Combat-Assault-Tank-MOC-106566-4-90x90.jpg 90w, https:\/\/mouldking.store\/wp-content\/uploads\/2022\/12\/Imperial-Combat-Assault-Tank-MOC-106566-4.jpg 1100w\" sizes=\"(max-width: 1024px) 100vw, 1024px\" \/><figcaption id=\"caption-attachment-38897\" class=\"wp-caption-text\">MOC-106566 Imperial Combat Assault Tank With 310PCS<\/figcaption><\/figure>\n<figure id=\"attachment_38898\" aria-describedby=\"caption-attachment-38898\" style=\"width: 1100px\" class=\"wp-caption aligncenter\"><img loading=\"lazy\" decoding=\"async\" class=\"wp-image-38898 size-full\" src=\"https:\/\/mouldking.store\/wp-content\/uploads\/2022\/12\/Imperial-Combat-Assault-Tank-MOC-106566-5.jpg\" alt=\"MOC-106566 Imperial Combat Assault Tank With 310PCS\" width=\"1100\" height=\"1100\" title=\"-\" srcset=\"https:\/\/mouldking.store\/wp-content\/uploads\/2022\/12\/Imperial-Combat-Assault-Tank-MOC-106566-5.jpg 1100w, https:\/\/mouldking.store\/wp-content\/uploads\/2022\/12\/Imperial-Combat-Assault-Tank-MOC-106566-5-300x300.jpg 300w, https:\/\/mouldking.store\/wp-content\/uploads\/2022\/12\/Imperial-Combat-Assault-Tank-MOC-106566-5-1024x1024.jpg 1024w, https:\/\/mouldking.store\/wp-content\/uploads\/2022\/12\/Imperial-Combat-Assault-Tank-MOC-106566-5-768x768.jpg 768w, https:\/\/mouldking.store\/wp-content\/uploads\/2022\/12\/Imperial-Combat-Assault-Tank-MOC-106566-5-600x600.jpg 600w, https:\/\/mouldking.store\/wp-content\/uploads\/2022\/12\/Imperial-Combat-Assault-Tank-MOC-106566-5-150x150.jpg 150w, https:\/\/mouldking.store\/wp-content\/uploads\/2022\/12\/Imperial-Combat-Assault-Tank-MOC-106566-5-60x60.jpg 60w, https:\/\/mouldking.store\/wp-content\/uploads\/2022\/12\/Imperial-Combat-Assault-Tank-MOC-106566-5-90x90.jpg 90w\" sizes=\"(max-width: 1100px) 100vw, 1100px\" \/><figcaption id=\"caption-attachment-38898\" class=\"wp-caption-text\">MOC-106566 Imperial Combat Assault Tank With 310PCS<\/figcaption><\/figure>\n<figure id=\"attachment_38899\" aria-describedby=\"caption-attachment-38899\" style=\"width: 1100px\" class=\"wp-caption aligncenter\"><img loading=\"lazy\" decoding=\"async\" class=\"wp-image-38899 size-full\" src=\"https:\/\/mouldking.store\/wp-content\/uploads\/2022\/12\/Imperial-Combat-Assault-Tank-MOC-106566-6.jpg\" alt=\"MOC-106566 Imperial Combat Assault Tank With 310PCS\" width=\"1100\" height=\"1100\" title=\"-\" srcset=\"https:\/\/mouldking.store\/wp-content\/uploads\/2022\/12\/Imperial-Combat-Assault-Tank-MOC-106566-6.jpg 1100w, https:\/\/mouldking.store\/wp-content\/uploads\/2022\/12\/Imperial-Combat-Assault-Tank-MOC-106566-6-300x300.jpg 300w, https:\/\/mouldking.store\/wp-content\/uploads\/2022\/12\/Imperial-Combat-Assault-Tank-MOC-106566-6-1024x1024.jpg 1024w, https:\/\/mouldking.store\/wp-content\/uploads\/2022\/12\/Imperial-Combat-Assault-Tank-MOC-106566-6-768x768.jpg 768w, https:\/\/mouldking.store\/wp-content\/uploads\/2022\/12\/Imperial-Combat-Assault-Tank-MOC-106566-6-600x600.jpg 600w, https:\/\/mouldking.store\/wp-content\/uploads\/2022\/12\/Imperial-Combat-Assault-Tank-MOC-106566-6-150x150.jpg 150w, https:\/\/mouldking.store\/wp-content\/uploads\/2022\/12\/Imperial-Combat-Assault-Tank-MOC-106566-6-60x60.jpg 60w, https:\/\/mouldking.store\/wp-content\/uploads\/2022\/12\/Imperial-Combat-Assault-Tank-MOC-106566-6-90x90.jpg 90w\" sizes=\"(max-width: 1100px) 100vw, 1100px\" \/><figcaption id=\"caption-attachment-38899\" class=\"wp-caption-text\">MOC-106566 Imperial Combat Assault Tank With 310PCS<\/figcaption><\/figure>","protected":false},"excerpt":{"rendered":"<p>H\u01b0\u1edbng d\u1eabn x\u00e2y d\u1ef1ng PDF<\/p>\n<p>kh\u00f4ng c\u00f3 h\u1ed9p g\u1ed1c<\/p>\n<p>Th\u1eddi gian s\u1eafp x\u1ebfp: 4-8 tu\u1ea7n<\/p>","protected":false},"featured_media":38893,"comment_status":"closed","ping_status":"closed","template":"","meta":{"_acf_changed":false},"product_cat":[1406,415],"product_tag":[7147,10283,8443,10284,430,10282,10285,10281,485],"class_list":["product","first","instock","shipping-taxable","purchasable","product-type-simple"],"acf":[],"_links":{"self":[{"href":"https:\/\/mouldking.store\/vi\/wp-json\/wp\/v2\/product\/38892","targetHints":{"allow":["GET"]}}],"collection":[{"href":"https:\/\/mouldking.store\/vi\/wp-json\/wp\/v2\/product"}],"about":[{"href":"https:\/\/mouldking.store\/vi\/wp-json\/wp\/v2\/types\/product"}],"replies":[{"embeddable":true,"href":"https:\/\/mouldking.store\/vi\/wp-json\/wp\/v2\/comments?post=38892"}],"wp:featuredmedia":[{"embeddable":true,"href":"https:\/\/mouldking.store\/vi\/wp-json\/wp\/v2\/media\/38893"}],"wp:attachment":[{"href":"https:\/\/mouldking.store\/vi\/wp-json\/wp\/v2\/media?parent=38892"}],"wp:term":[{"taxonomy":"product_cat","embeddable":true,"href":"https:\/\/mouldking.store\/vi\/wp-json\/wp\/v2\/product_cat?post=38892"},{"taxonomy":"product_tag","embeddable":true,"href":"https:\/\/mouldking.store\/vi\/wp-json\/wp\/v2\/product_tag?post=38892"}],"curies":[{"name":"wp","href":"https:\/\/api.w.org\/{rel}","templated":true}]}}