{"id":38922,"date":"2022-12-23T14:52:14","date_gmt":"2022-12-23T07:52:14","guid":{"rendered":"https:\/\/mouldking.store\/?post_type=product&#038;p=38922"},"modified":"2025-12-25T09:11:56","modified_gmt":"2025-12-25T02:11:56","slug":"moc-46691-center-drop-train-car-with-532pcs","status":"publish","type":"product","link":"https:\/\/mouldking.store\/vi\/shop\/moc-46691-center-drop-train-car-with-532pcs\/","title":{"rendered":"Xe l\u1eeda th\u1ea3 trung t\u00e2m MOC-46691 v\u1edbi 532 C\u00c1I"},"content":{"rendered":"<ol>\n<li>Th\u01b0\u01a1ng hi\u1ec7u: M\u1ed8C<\/li>\n<li>Gi\u1edbi t\u00ednh: Unisex<\/li>\n<li>T\u00ean: Trung T\u00e2m Th\u1ea3 T\u00e0u Xe<\/li>\n<li>\u0110\u1ed9 tu\u1ed5i: &gt; 6 tu\u1ed5i<\/li>\n<li>S\u1ed1 m\u00f4 h\u00ecnh: 46691<\/li>\n<li>Ph\u00e2n lo\u1ea1i: T\u1eadp h\u1ee3p<\/li>\n<li>H\u00ecnh d\u1ea1ng kh\u1ed1i nh\u1ef1a: G\u1ea1ch t\u1ef1 kh\u00f3a<\/li>\n<li>Ch\u1ea5t li\u1ec7u: Nh\u1ef1a<\/li>\n<li>Lo\u1ea1i nh\u1ef1a: ABS<\/li>\n<li>Kh\u1ed1i g\u1ea1ch: 532 C\u00c1I<\/li>\n<li>Tr\u1ecdng l\u01b0\u1ee3ng:400g<\/li>\n<li>Ch\u1ee9a h\u01b0\u1edbng d\u1eabn l\u1eafp r\u00e1p chi ti\u1ebft.<\/li>\n<\/ol>\n<p>\u0110\u1ec3 \u00fd:<br \/>\n1. Kh\u00f4ng c\u00f3 h\u1ed9p ban \u0111\u1ea7u, nh\u01b0ng ch\u00fang t\u00f4i \u0111\u1ea3m b\u1ea3o s\u1ea3n ph\u1ea9m c\u1ee7a ch\u00fang t\u00f4i c\u00f3 ch\u1ea5t l\u01b0\u1ee3ng \u0111\u1ea3m b\u1ea3o v\u00e0 bao b\u00ec \u0111\u1eb9p.<br \/>\n2. V\u00ec t\u1ea5t c\u1ea3 c\u00e1c b\u1ed9 ph\u1eadn ch\u00fang t\u00f4i \u0111\u00e3 ki\u1ec3m tra tr\u01b0\u1edbc khi v\u1eadn chuy\u1ec3n, v\u00ec v\u1eady n\u1ebfu b\u1ea1n th\u1ea5y m\u1ed9t s\u1ed1 b\u1ed9 ph\u1eadn b\u1ecb thi\u1ebfu ho\u1eb7c h\u01b0 h\u1ecfng, \u0111\u1eebng lo l\u1eafng v\u00e0 ch\u1ec9 c\u1ea7n vui l\u00f2ng li\u00ean h\u1ec7 v\u1edbi ch\u00fang t\u00f4i v\u00e0 ch\u00fang t\u00f4i c\u00f3 th\u1ec3 g\u1eedi l\u1ea1i mi\u1ec5n ph\u00ed cho b\u1ea1n ngay l\u1eadp t\u1ee9c.<\/p>\n<figure id=\"attachment_38924\" aria-describedby=\"caption-attachment-38924\" style=\"width: 1004px\" class=\"wp-caption aligncenter\"><img fetchpriority=\"high\" decoding=\"async\" class=\"wp-image-38924 size-full\" src=\"https:\/\/mouldking.store\/wp-content\/uploads\/2022\/12\/MOC-46691-Center-Drop-Train-Car.png\" alt=\"MOC-46691 Center Drop Train Car With 532PCS\" width=\"1004\" height=\"1004\" title=\"-\" srcset=\"https:\/\/mouldking.store\/wp-content\/uploads\/2022\/12\/MOC-46691-Center-Drop-Train-Car.png 1004w, https:\/\/mouldking.store\/wp-content\/uploads\/2022\/12\/MOC-46691-Center-Drop-Train-Car-300x300.png 300w, https:\/\/mouldking.store\/wp-content\/uploads\/2022\/12\/MOC-46691-Center-Drop-Train-Car-768x768.png 768w, https:\/\/mouldking.store\/wp-content\/uploads\/2022\/12\/MOC-46691-Center-Drop-Train-Car-600x600.png 600w, https:\/\/mouldking.store\/wp-content\/uploads\/2022\/12\/MOC-46691-Center-Drop-Train-Car-150x150.png 150w, https:\/\/mouldking.store\/wp-content\/uploads\/2022\/12\/MOC-46691-Center-Drop-Train-Car-60x60.png 60w, https:\/\/mouldking.store\/wp-content\/uploads\/2022\/12\/MOC-46691-Center-Drop-Train-Car-90x90.png 90w\" sizes=\"(max-width: 1004px) 100vw, 1004px\" \/><figcaption id=\"caption-attachment-38924\" class=\"wp-caption-text\">Xe l\u1eeda th\u1ea3 trung t\u00e2m MOC-46691 v\u1edbi 532 C\u00c1I<\/figcaption><\/figure>\n<figure id=\"attachment_38925\" aria-describedby=\"caption-attachment-38925\" style=\"width: 1024px\" class=\"wp-caption aligncenter\"><img decoding=\"async\" class=\"wp-image-38925 size-large\" src=\"https:\/\/mouldking.store\/wp-content\/uploads\/2022\/12\/Center-Drop-Train-Car-MOC-46691-1-1024x1024.jpg\" alt=\"MOC-46691 Center Drop Train Car With 532PCS\" width=\"1024\" height=\"1024\" title=\"-\" srcset=\"https:\/\/mouldking.store\/wp-content\/uploads\/2022\/12\/Center-Drop-Train-Car-MOC-46691-1-1024x1024.jpg 1024w, https:\/\/mouldking.store\/wp-content\/uploads\/2022\/12\/Center-Drop-Train-Car-MOC-46691-1-300x300.jpg 300w, https:\/\/mouldking.store\/wp-content\/uploads\/2022\/12\/Center-Drop-Train-Car-MOC-46691-1-768x768.jpg 768w, https:\/\/mouldking.store\/wp-content\/uploads\/2022\/12\/Center-Drop-Train-Car-MOC-46691-1-600x600.jpg 600w, https:\/\/mouldking.store\/wp-content\/uploads\/2022\/12\/Center-Drop-Train-Car-MOC-46691-1-150x150.jpg 150w, https:\/\/mouldking.store\/wp-content\/uploads\/2022\/12\/Center-Drop-Train-Car-MOC-46691-1-60x60.jpg 60w, https:\/\/mouldking.store\/wp-content\/uploads\/2022\/12\/Center-Drop-Train-Car-MOC-46691-1-90x90.jpg 90w, https:\/\/mouldking.store\/wp-content\/uploads\/2022\/12\/Center-Drop-Train-Car-MOC-46691-1.jpg 1100w\" sizes=\"(max-width: 1024px) 100vw, 1024px\" \/><figcaption id=\"caption-attachment-38925\" class=\"wp-caption-text\">Xe l\u1eeda th\u1ea3 trung t\u00e2m MOC-46691 v\u1edbi 532 C\u00c1I<\/figcaption><\/figure>\n<figure id=\"attachment_38926\" aria-describedby=\"caption-attachment-38926\" style=\"width: 1024px\" class=\"wp-caption aligncenter\"><img decoding=\"async\" class=\"wp-image-38926 size-large\" src=\"https:\/\/mouldking.store\/wp-content\/uploads\/2022\/12\/Center-Drop-Train-Car-MOC-46691-2-1024x1024.jpg\" alt=\"MOC-46691 Center Drop Train Car With 532PCS\" width=\"1024\" height=\"1024\" title=\"-\" srcset=\"https:\/\/mouldking.store\/wp-content\/uploads\/2022\/12\/Center-Drop-Train-Car-MOC-46691-2-1024x1024.jpg 1024w, https:\/\/mouldking.store\/wp-content\/uploads\/2022\/12\/Center-Drop-Train-Car-MOC-46691-2-300x300.jpg 300w, https:\/\/mouldking.store\/wp-content\/uploads\/2022\/12\/Center-Drop-Train-Car-MOC-46691-2-768x768.jpg 768w, https:\/\/mouldking.store\/wp-content\/uploads\/2022\/12\/Center-Drop-Train-Car-MOC-46691-2-600x600.jpg 600w, https:\/\/mouldking.store\/wp-content\/uploads\/2022\/12\/Center-Drop-Train-Car-MOC-46691-2-150x150.jpg 150w, https:\/\/mouldking.store\/wp-content\/uploads\/2022\/12\/Center-Drop-Train-Car-MOC-46691-2-60x60.jpg 60w, https:\/\/mouldking.store\/wp-content\/uploads\/2022\/12\/Center-Drop-Train-Car-MOC-46691-2-90x90.jpg 90w, https:\/\/mouldking.store\/wp-content\/uploads\/2022\/12\/Center-Drop-Train-Car-MOC-46691-2.jpg 1100w\" sizes=\"(max-width: 1024px) 100vw, 1024px\" \/><figcaption id=\"caption-attachment-38926\" class=\"wp-caption-text\">Xe l\u1eeda th\u1ea3 trung t\u00e2m MOC-46691 v\u1edbi 532 C\u00c1I<\/figcaption><\/figure>\n<figure id=\"attachment_38927\" aria-describedby=\"caption-attachment-38927\" style=\"width: 1024px\" class=\"wp-caption aligncenter\"><img loading=\"lazy\" decoding=\"async\" class=\"wp-image-38927 size-large\" src=\"https:\/\/mouldking.store\/wp-content\/uploads\/2022\/12\/Center-Drop-Train-Car-MOC-46691-3-1024x1024.jpg\" alt=\"MOC-46691 Center Drop Train Car With 532PCS\" width=\"1024\" height=\"1024\" title=\"-\" srcset=\"https:\/\/mouldking.store\/wp-content\/uploads\/2022\/12\/Center-Drop-Train-Car-MOC-46691-3-1024x1024.jpg 1024w, https:\/\/mouldking.store\/wp-content\/uploads\/2022\/12\/Center-Drop-Train-Car-MOC-46691-3-300x300.jpg 300w, https:\/\/mouldking.store\/wp-content\/uploads\/2022\/12\/Center-Drop-Train-Car-MOC-46691-3-768x768.jpg 768w, https:\/\/mouldking.store\/wp-content\/uploads\/2022\/12\/Center-Drop-Train-Car-MOC-46691-3-600x600.jpg 600w, https:\/\/mouldking.store\/wp-content\/uploads\/2022\/12\/Center-Drop-Train-Car-MOC-46691-3-150x150.jpg 150w, https:\/\/mouldking.store\/wp-content\/uploads\/2022\/12\/Center-Drop-Train-Car-MOC-46691-3-60x60.jpg 60w, https:\/\/mouldking.store\/wp-content\/uploads\/2022\/12\/Center-Drop-Train-Car-MOC-46691-3-90x90.jpg 90w, https:\/\/mouldking.store\/wp-content\/uploads\/2022\/12\/Center-Drop-Train-Car-MOC-46691-3.jpg 1100w\" sizes=\"(max-width: 1024px) 100vw, 1024px\" \/><figcaption id=\"caption-attachment-38927\" class=\"wp-caption-text\">Xe l\u1eeda th\u1ea3 trung t\u00e2m MOC-46691 v\u1edbi 532 C\u00c1I<\/figcaption><\/figure>\n<figure id=\"attachment_38928\" aria-describedby=\"caption-attachment-38928\" style=\"width: 1100px\" class=\"wp-caption aligncenter\"><img loading=\"lazy\" decoding=\"async\" class=\"wp-image-38928 size-full\" src=\"https:\/\/mouldking.store\/wp-content\/uploads\/2022\/12\/Center-Drop-Train-Car-MOC-46691-4.jpg\" alt=\"MOC-46691 Center Drop Train Car With 532PCS\" width=\"1100\" height=\"1100\" title=\"-\" srcset=\"https:\/\/mouldking.store\/wp-content\/uploads\/2022\/12\/Center-Drop-Train-Car-MOC-46691-4.jpg 1100w, https:\/\/mouldking.store\/wp-content\/uploads\/2022\/12\/Center-Drop-Train-Car-MOC-46691-4-300x300.jpg 300w, https:\/\/mouldking.store\/wp-content\/uploads\/2022\/12\/Center-Drop-Train-Car-MOC-46691-4-1024x1024.jpg 1024w, https:\/\/mouldking.store\/wp-content\/uploads\/2022\/12\/Center-Drop-Train-Car-MOC-46691-4-768x768.jpg 768w, https:\/\/mouldking.store\/wp-content\/uploads\/2022\/12\/Center-Drop-Train-Car-MOC-46691-4-600x600.jpg 600w, https:\/\/mouldking.store\/wp-content\/uploads\/2022\/12\/Center-Drop-Train-Car-MOC-46691-4-150x150.jpg 150w, https:\/\/mouldking.store\/wp-content\/uploads\/2022\/12\/Center-Drop-Train-Car-MOC-46691-4-60x60.jpg 60w, https:\/\/mouldking.store\/wp-content\/uploads\/2022\/12\/Center-Drop-Train-Car-MOC-46691-4-90x90.jpg 90w\" sizes=\"(max-width: 1100px) 100vw, 1100px\" \/><figcaption id=\"caption-attachment-38928\" class=\"wp-caption-text\">Xe l\u1eeda th\u1ea3 trung t\u00e2m MOC-46691 v\u1edbi 532 C\u00c1I<\/figcaption><\/figure>\n<figure id=\"attachment_38929\" aria-describedby=\"caption-attachment-38929\" style=\"width: 1024px\" class=\"wp-caption aligncenter\"><img loading=\"lazy\" decoding=\"async\" class=\"wp-image-38929 size-large\" src=\"https:\/\/mouldking.store\/wp-content\/uploads\/2022\/12\/Center-Drop-Train-Car-MOC-46691-5-1024x1024.jpg\" alt=\"MOC-46691 Center Drop Train Car With 532PCS\" width=\"1024\" height=\"1024\" title=\"-\" srcset=\"https:\/\/mouldking.store\/wp-content\/uploads\/2022\/12\/Center-Drop-Train-Car-MOC-46691-5-1024x1024.jpg 1024w, https:\/\/mouldking.store\/wp-content\/uploads\/2022\/12\/Center-Drop-Train-Car-MOC-46691-5-300x300.jpg 300w, https:\/\/mouldking.store\/wp-content\/uploads\/2022\/12\/Center-Drop-Train-Car-MOC-46691-5-768x768.jpg 768w, https:\/\/mouldking.store\/wp-content\/uploads\/2022\/12\/Center-Drop-Train-Car-MOC-46691-5-600x600.jpg 600w, https:\/\/mouldking.store\/wp-content\/uploads\/2022\/12\/Center-Drop-Train-Car-MOC-46691-5-150x150.jpg 150w, https:\/\/mouldking.store\/wp-content\/uploads\/2022\/12\/Center-Drop-Train-Car-MOC-46691-5-60x60.jpg 60w, https:\/\/mouldking.store\/wp-content\/uploads\/2022\/12\/Center-Drop-Train-Car-MOC-46691-5-90x90.jpg 90w, https:\/\/mouldking.store\/wp-content\/uploads\/2022\/12\/Center-Drop-Train-Car-MOC-46691-5.jpg 1100w\" sizes=\"(max-width: 1024px) 100vw, 1024px\" \/><figcaption id=\"caption-attachment-38929\" class=\"wp-caption-text\">Xe l\u1eeda th\u1ea3 trung t\u00e2m MOC-46691 v\u1edbi 532 C\u00c1I<\/figcaption><\/figure>","protected":false},"excerpt":{"rendered":"<p>H\u01b0\u1edbng d\u1eabn x\u00e2y d\u1ef1ng PDF<\/p>\n<p>kh\u00f4ng c\u00f3 h\u1ed9p g\u1ed1c<\/p>\n<p>Th\u1eddi gian s\u1eafp x\u1ebfp: 4-8 tu\u1ea7n<\/p>","protected":false},"featured_media":38924,"comment_status":"closed","ping_status":"closed","template":"","meta":{"_acf_changed":false},"product_cat":[1357,1406,364],"product_tag":[457,4552,10307,10306,10305,430,10304,10309,10303,300,10308],"class_list":["product","first","instock","shipping-taxable","purchasable","product-type-simple"],"acf":[],"_links":{"self":[{"href":"https:\/\/mouldking.store\/vi\/wp-json\/wp\/v2\/product\/38922","targetHints":{"allow":["GET"]}}],"collection":[{"href":"https:\/\/mouldking.store\/vi\/wp-json\/wp\/v2\/product"}],"about":[{"href":"https:\/\/mouldking.store\/vi\/wp-json\/wp\/v2\/types\/product"}],"replies":[{"embeddable":true,"href":"https:\/\/mouldking.store\/vi\/wp-json\/wp\/v2\/comments?post=38922"}],"wp:featuredmedia":[{"embeddable":true,"href":"https:\/\/mouldking.store\/vi\/wp-json\/wp\/v2\/media\/38924"}],"wp:attachment":[{"href":"https:\/\/mouldking.store\/vi\/wp-json\/wp\/v2\/media?parent=38922"}],"wp:term":[{"taxonomy":"product_cat","embeddable":true,"href":"https:\/\/mouldking.store\/vi\/wp-json\/wp\/v2\/product_cat?post=38922"},{"taxonomy":"product_tag","embeddable":true,"href":"https:\/\/mouldking.store\/vi\/wp-json\/wp\/v2\/product_tag?post=38922"}],"curies":[{"name":"wp","href":"https:\/\/api.w.org\/{rel}","templated":true}]}}