{"id":38948,"date":"2022-12-23T15:13:36","date_gmt":"2022-12-23T08:13:36","guid":{"rendered":"https:\/\/mouldking.store\/?post_type=product&#038;p=38948"},"modified":"2025-12-25T09:11:55","modified_gmt":"2025-12-25T02:11:55","slug":"moc-114472-medieval-castle-gate-with-3033-pieces","status":"publish","type":"product","link":"https:\/\/mouldking.store\/vi\/shop\/moc-114472-medieval-castle-gate-with-3033-pieces\/","title":{"rendered":"MOC-114472 C\u1ed5ng L\u00e2u \u0110\u00e0i Th\u1eddi Trung C\u1ed5 V\u1edbi 3033 M\u1ea3nh Gh\u00e9p"},"content":{"rendered":"<ol>\n<li>Th\u01b0\u01a1ng hi\u1ec7u: M\u1ed8C<\/li>\n<li>Gi\u1edbi t\u00ednh: Unisex<\/li>\n<li>T\u00ean: C\u1ed5ng L\u00e2u \u0110\u00e0i Th\u1eddi Trung C\u1ed5<\/li>\n<li>\u0110\u1ed9 tu\u1ed5i: &gt; 6 tu\u1ed5i<\/li>\n<li>S\u1ed1 m\u00f4 h\u00ecnh: 114472<\/li>\n<li>Ph\u00e2n lo\u1ea1i: T\u1eadp h\u1ee3p<\/li>\n<li>H\u00ecnh d\u1ea1ng kh\u1ed1i nh\u1ef1a: G\u1ea1ch t\u1ef1 kh\u00f3a<\/li>\n<li>Ch\u1ea5t li\u1ec7u: Nh\u1ef1a<\/li>\n<li>Lo\u1ea1i nh\u1ef1a: ABS<\/li>\n<li>Kh\u1ed1i g\u1ea1ch: 3033 C\u00c1I<\/li>\n<li>Tr\u1ecdng l\u01b0\u1ee3ng:3000g<\/li>\n<li>Ch\u1ee9a h\u01b0\u1edbng d\u1eabn l\u1eafp r\u00e1p chi ti\u1ebft.<\/li>\n<\/ol>\n<p>\u0110\u1ec3 \u00fd:<br \/>\n1. Kh\u00f4ng c\u00f3 h\u1ed9p ban \u0111\u1ea7u, nh\u01b0ng ch\u00fang t\u00f4i \u0111\u1ea3m b\u1ea3o s\u1ea3n ph\u1ea9m c\u1ee7a ch\u00fang t\u00f4i c\u00f3 ch\u1ea5t l\u01b0\u1ee3ng \u0111\u1ea3m b\u1ea3o v\u00e0 bao b\u00ec \u0111\u1eb9p.<br \/>\n2. V\u00ec t\u1ea5t c\u1ea3 c\u00e1c b\u1ed9 ph\u1eadn ch\u00fang t\u00f4i \u0111\u00e3 ki\u1ec3m tra tr\u01b0\u1edbc khi v\u1eadn chuy\u1ec3n, v\u00ec v\u1eady n\u1ebfu b\u1ea1n th\u1ea5y m\u1ed9t s\u1ed1 b\u1ed9 ph\u1eadn b\u1ecb thi\u1ebfu ho\u1eb7c h\u01b0 h\u1ecfng, \u0111\u1eebng lo l\u1eafng v\u00e0 ch\u1ec9 c\u1ea7n vui l\u00f2ng li\u00ean h\u1ec7 v\u1edbi ch\u00fang t\u00f4i v\u00e0 ch\u00fang t\u00f4i c\u00f3 th\u1ec3 g\u1eedi l\u1ea1i mi\u1ec5n ph\u00ed cho b\u1ea1n ngay l\u1eadp t\u1ee9c.<\/p>\n<figure id=\"attachment_38956\" aria-describedby=\"caption-attachment-38956\" style=\"width: 1004px\" class=\"wp-caption aligncenter\"><img fetchpriority=\"high\" decoding=\"async\" class=\"wp-image-38956 size-full\" src=\"https:\/\/mouldking.store\/wp-content\/uploads\/2022\/12\/MOC-114472-Medieval-Castle-Gate.png\" alt=\"MOC-114472 Medieval Castle Gate With 3033 Pieces \" width=\"1004\" height=\"1004\" title=\"-\" srcset=\"https:\/\/mouldking.store\/wp-content\/uploads\/2022\/12\/MOC-114472-Medieval-Castle-Gate.png 1004w, https:\/\/mouldking.store\/wp-content\/uploads\/2022\/12\/MOC-114472-Medieval-Castle-Gate-300x300.png 300w, https:\/\/mouldking.store\/wp-content\/uploads\/2022\/12\/MOC-114472-Medieval-Castle-Gate-768x768.png 768w, https:\/\/mouldking.store\/wp-content\/uploads\/2022\/12\/MOC-114472-Medieval-Castle-Gate-600x600.png 600w, https:\/\/mouldking.store\/wp-content\/uploads\/2022\/12\/MOC-114472-Medieval-Castle-Gate-150x150.png 150w, https:\/\/mouldking.store\/wp-content\/uploads\/2022\/12\/MOC-114472-Medieval-Castle-Gate-60x60.png 60w, https:\/\/mouldking.store\/wp-content\/uploads\/2022\/12\/MOC-114472-Medieval-Castle-Gate-90x90.png 90w\" sizes=\"(max-width: 1004px) 100vw, 1004px\" \/><figcaption id=\"caption-attachment-38956\" class=\"wp-caption-text\">MOC-114472 C\u1ed5ng L\u00e2u \u0110\u00e0i Th\u1eddi Trung C\u1ed5 V\u1edbi 3033 M\u1ea3nh Gh\u00e9p<\/figcaption><\/figure>\n<figure id=\"attachment_38957\" aria-describedby=\"caption-attachment-38957\" style=\"width: 1024px\" class=\"wp-caption aligncenter\"><img decoding=\"async\" class=\"wp-image-38957 size-large\" src=\"https:\/\/mouldking.store\/wp-content\/uploads\/2022\/12\/Medieval-Castle-Gate-MOC-114472-1-1024x1024.jpg\" alt=\"MOC-114472 Medieval Castle Gate With 3033 Pieces \" width=\"1024\" height=\"1024\" title=\"-\" srcset=\"https:\/\/mouldking.store\/wp-content\/uploads\/2022\/12\/Medieval-Castle-Gate-MOC-114472-1-1024x1024.jpg 1024w, https:\/\/mouldking.store\/wp-content\/uploads\/2022\/12\/Medieval-Castle-Gate-MOC-114472-1-300x300.jpg 300w, https:\/\/mouldking.store\/wp-content\/uploads\/2022\/12\/Medieval-Castle-Gate-MOC-114472-1-768x768.jpg 768w, https:\/\/mouldking.store\/wp-content\/uploads\/2022\/12\/Medieval-Castle-Gate-MOC-114472-1-600x600.jpg 600w, https:\/\/mouldking.store\/wp-content\/uploads\/2022\/12\/Medieval-Castle-Gate-MOC-114472-1-150x150.jpg 150w, https:\/\/mouldking.store\/wp-content\/uploads\/2022\/12\/Medieval-Castle-Gate-MOC-114472-1-60x60.jpg 60w, https:\/\/mouldking.store\/wp-content\/uploads\/2022\/12\/Medieval-Castle-Gate-MOC-114472-1-90x90.jpg 90w, https:\/\/mouldking.store\/wp-content\/uploads\/2022\/12\/Medieval-Castle-Gate-MOC-114472-1.jpg 1100w\" sizes=\"(max-width: 1024px) 100vw, 1024px\" \/><figcaption id=\"caption-attachment-38957\" class=\"wp-caption-text\">MOC-114472 C\u1ed5ng L\u00e2u \u0110\u00e0i Th\u1eddi Trung C\u1ed5 V\u1edbi 3033 M\u1ea3nh Gh\u00e9p<\/figcaption><\/figure>\n<figure id=\"attachment_38958\" aria-describedby=\"caption-attachment-38958\" style=\"width: 1024px\" class=\"wp-caption aligncenter\"><img decoding=\"async\" class=\"wp-image-38958 size-large\" src=\"https:\/\/mouldking.store\/wp-content\/uploads\/2022\/12\/Medieval-Castle-Gate-MOC-114472-2-1024x1024.jpg\" alt=\"MOC-114472 Medieval Castle Gate With 3033 Pieces \" width=\"1024\" height=\"1024\" title=\"-\" srcset=\"https:\/\/mouldking.store\/wp-content\/uploads\/2022\/12\/Medieval-Castle-Gate-MOC-114472-2-1024x1024.jpg 1024w, https:\/\/mouldking.store\/wp-content\/uploads\/2022\/12\/Medieval-Castle-Gate-MOC-114472-2-300x300.jpg 300w, https:\/\/mouldking.store\/wp-content\/uploads\/2022\/12\/Medieval-Castle-Gate-MOC-114472-2-768x768.jpg 768w, https:\/\/mouldking.store\/wp-content\/uploads\/2022\/12\/Medieval-Castle-Gate-MOC-114472-2-600x600.jpg 600w, https:\/\/mouldking.store\/wp-content\/uploads\/2022\/12\/Medieval-Castle-Gate-MOC-114472-2-150x150.jpg 150w, https:\/\/mouldking.store\/wp-content\/uploads\/2022\/12\/Medieval-Castle-Gate-MOC-114472-2-60x60.jpg 60w, https:\/\/mouldking.store\/wp-content\/uploads\/2022\/12\/Medieval-Castle-Gate-MOC-114472-2-90x90.jpg 90w, https:\/\/mouldking.store\/wp-content\/uploads\/2022\/12\/Medieval-Castle-Gate-MOC-114472-2.jpg 1100w\" sizes=\"(max-width: 1024px) 100vw, 1024px\" \/><figcaption id=\"caption-attachment-38958\" class=\"wp-caption-text\">MOC-114472 C\u1ed5ng L\u00e2u \u0110\u00e0i Th\u1eddi Trung C\u1ed5 V\u1edbi 3033 M\u1ea3nh Gh\u00e9p<\/figcaption><\/figure>\n<figure id=\"attachment_38959\" aria-describedby=\"caption-attachment-38959\" style=\"width: 1024px\" class=\"wp-caption aligncenter\"><img loading=\"lazy\" decoding=\"async\" class=\"wp-image-38959 size-large\" src=\"https:\/\/mouldking.store\/wp-content\/uploads\/2022\/12\/Medieval-Castle-Gate-MOC-114472-3-1024x1024.jpg\" alt=\"MOC-114472 Medieval Castle Gate With 3033 Pieces \" width=\"1024\" height=\"1024\" title=\"-\" srcset=\"https:\/\/mouldking.store\/wp-content\/uploads\/2022\/12\/Medieval-Castle-Gate-MOC-114472-3-1024x1024.jpg 1024w, https:\/\/mouldking.store\/wp-content\/uploads\/2022\/12\/Medieval-Castle-Gate-MOC-114472-3-300x300.jpg 300w, https:\/\/mouldking.store\/wp-content\/uploads\/2022\/12\/Medieval-Castle-Gate-MOC-114472-3-768x768.jpg 768w, https:\/\/mouldking.store\/wp-content\/uploads\/2022\/12\/Medieval-Castle-Gate-MOC-114472-3-600x600.jpg 600w, https:\/\/mouldking.store\/wp-content\/uploads\/2022\/12\/Medieval-Castle-Gate-MOC-114472-3-150x150.jpg 150w, https:\/\/mouldking.store\/wp-content\/uploads\/2022\/12\/Medieval-Castle-Gate-MOC-114472-3-60x60.jpg 60w, https:\/\/mouldking.store\/wp-content\/uploads\/2022\/12\/Medieval-Castle-Gate-MOC-114472-3-90x90.jpg 90w, https:\/\/mouldking.store\/wp-content\/uploads\/2022\/12\/Medieval-Castle-Gate-MOC-114472-3.jpg 1100w\" sizes=\"(max-width: 1024px) 100vw, 1024px\" \/><figcaption id=\"caption-attachment-38959\" class=\"wp-caption-text\">MOC-114472 C\u1ed5ng L\u00e2u \u0110\u00e0i Th\u1eddi Trung C\u1ed5 V\u1edbi 3033 M\u1ea3nh Gh\u00e9p<\/figcaption><\/figure>\n<figure id=\"attachment_38960\" aria-describedby=\"caption-attachment-38960\" style=\"width: 1024px\" class=\"wp-caption aligncenter\"><img loading=\"lazy\" decoding=\"async\" class=\"wp-image-38960 size-large\" src=\"https:\/\/mouldking.store\/wp-content\/uploads\/2022\/12\/Medieval-Castle-Gate-MOC-114472-4-1024x1024.jpg\" alt=\"MOC-114472 Medieval Castle Gate With 3033 Pieces \" width=\"1024\" height=\"1024\" title=\"-\" srcset=\"https:\/\/mouldking.store\/wp-content\/uploads\/2022\/12\/Medieval-Castle-Gate-MOC-114472-4-1024x1024.jpg 1024w, https:\/\/mouldking.store\/wp-content\/uploads\/2022\/12\/Medieval-Castle-Gate-MOC-114472-4-300x300.jpg 300w, https:\/\/mouldking.store\/wp-content\/uploads\/2022\/12\/Medieval-Castle-Gate-MOC-114472-4-768x768.jpg 768w, https:\/\/mouldking.store\/wp-content\/uploads\/2022\/12\/Medieval-Castle-Gate-MOC-114472-4-600x600.jpg 600w, https:\/\/mouldking.store\/wp-content\/uploads\/2022\/12\/Medieval-Castle-Gate-MOC-114472-4-150x150.jpg 150w, https:\/\/mouldking.store\/wp-content\/uploads\/2022\/12\/Medieval-Castle-Gate-MOC-114472-4-60x60.jpg 60w, https:\/\/mouldking.store\/wp-content\/uploads\/2022\/12\/Medieval-Castle-Gate-MOC-114472-4-90x90.jpg 90w, https:\/\/mouldking.store\/wp-content\/uploads\/2022\/12\/Medieval-Castle-Gate-MOC-114472-4.jpg 1100w\" sizes=\"(max-width: 1024px) 100vw, 1024px\" \/><figcaption id=\"caption-attachment-38960\" class=\"wp-caption-text\">MOC-114472 C\u1ed5ng L\u00e2u \u0110\u00e0i Th\u1eddi Trung C\u1ed5 V\u1edbi 3033 M\u1ea3nh Gh\u00e9p<\/figcaption><\/figure>\n<figure id=\"attachment_38961\" aria-describedby=\"caption-attachment-38961\" style=\"width: 1024px\" class=\"wp-caption aligncenter\"><img loading=\"lazy\" decoding=\"async\" class=\"wp-image-38961 size-large\" src=\"https:\/\/mouldking.store\/wp-content\/uploads\/2022\/12\/Medieval-Castle-Gate-MOC-114472-5-1024x1024.jpg\" alt=\"MOC-114472 Medieval Castle Gate With 3033 Pieces \" width=\"1024\" height=\"1024\" title=\"-\" srcset=\"https:\/\/mouldking.store\/wp-content\/uploads\/2022\/12\/Medieval-Castle-Gate-MOC-114472-5-1024x1024.jpg 1024w, https:\/\/mouldking.store\/wp-content\/uploads\/2022\/12\/Medieval-Castle-Gate-MOC-114472-5-300x300.jpg 300w, https:\/\/mouldking.store\/wp-content\/uploads\/2022\/12\/Medieval-Castle-Gate-MOC-114472-5-768x768.jpg 768w, https:\/\/mouldking.store\/wp-content\/uploads\/2022\/12\/Medieval-Castle-Gate-MOC-114472-5-600x600.jpg 600w, https:\/\/mouldking.store\/wp-content\/uploads\/2022\/12\/Medieval-Castle-Gate-MOC-114472-5-150x150.jpg 150w, https:\/\/mouldking.store\/wp-content\/uploads\/2022\/12\/Medieval-Castle-Gate-MOC-114472-5-60x60.jpg 60w, https:\/\/mouldking.store\/wp-content\/uploads\/2022\/12\/Medieval-Castle-Gate-MOC-114472-5-90x90.jpg 90w, https:\/\/mouldking.store\/wp-content\/uploads\/2022\/12\/Medieval-Castle-Gate-MOC-114472-5.jpg 1100w\" sizes=\"(max-width: 1024px) 100vw, 1024px\" \/><figcaption id=\"caption-attachment-38961\" class=\"wp-caption-text\">MOC-114472 C\u1ed5ng L\u00e2u \u0110\u00e0i Th\u1eddi Trung C\u1ed5 V\u1edbi 3033 M\u1ea3nh Gh\u00e9p<\/figcaption><\/figure>","protected":false},"excerpt":{"rendered":"<p>H\u01b0\u1edbng d\u1eabn x\u00e2y d\u1ef1ng PDF<\/p>\n<p>kh\u00f4ng c\u00f3 h\u1ed9p g\u1ed1c<\/p>\n<p>Th\u1eddi gian s\u1eafp x\u1ebfp: 4-8 tu\u1ea7n<\/p>","protected":false},"featured_media":38956,"comment_status":"closed","ping_status":"closed","template":"","meta":{"_acf_changed":false},"product_cat":[1365,1395,1406],"product_tag":[787,10332,10331,4996,10333,430,10330,10334,10329],"class_list":["product","first","instock","shipping-taxable","purchasable","product-type-simple"],"acf":[],"_links":{"self":[{"href":"https:\/\/mouldking.store\/vi\/wp-json\/wp\/v2\/product\/38948","targetHints":{"allow":["GET"]}}],"collection":[{"href":"https:\/\/mouldking.store\/vi\/wp-json\/wp\/v2\/product"}],"about":[{"href":"https:\/\/mouldking.store\/vi\/wp-json\/wp\/v2\/types\/product"}],"replies":[{"embeddable":true,"href":"https:\/\/mouldking.store\/vi\/wp-json\/wp\/v2\/comments?post=38948"}],"wp:featuredmedia":[{"embeddable":true,"href":"https:\/\/mouldking.store\/vi\/wp-json\/wp\/v2\/media\/38956"}],"wp:attachment":[{"href":"https:\/\/mouldking.store\/vi\/wp-json\/wp\/v2\/media?parent=38948"}],"wp:term":[{"taxonomy":"product_cat","embeddable":true,"href":"https:\/\/mouldking.store\/vi\/wp-json\/wp\/v2\/product_cat?post=38948"},{"taxonomy":"product_tag","embeddable":true,"href":"https:\/\/mouldking.store\/vi\/wp-json\/wp\/v2\/product_tag?post=38948"}],"curies":[{"name":"wp","href":"https:\/\/api.w.org\/{rel}","templated":true}]}}