{"id":39029,"date":"2022-12-27T11:12:52","date_gmt":"2022-12-27T04:12:52","guid":{"rendered":"https:\/\/mouldking.store\/?post_type=product&#038;p=39029"},"modified":"2022-12-27T11:12:52","modified_gmt":"2022-12-27T04:12:52","slug":"panlos-676006-rc-m1a2-abrams-main-battle-tank-with-1096-pieces","status":"publish","type":"product","link":"https:\/\/mouldking.store\/vi\/shop\/panlos-676006-rc-m1a2-abrams-main-battle-tank-with-1096-pieces\/","title":{"rendered":"Xe T\u0103ng Chi\u1ebfn \u0110\u1ea5u Ch\u1ee7 L\u1ef1c PANLOS 676006 RC M1A2 Abrams V\u1edbi 1096 M\u1ea3nh Gh\u00e9p"},"content":{"rendered":"<p>Th\u00f4ng tin s\u1ea3n ph\u1ea9m:<\/p>\n<ol>\n<li>Th\u01b0\u01a1ng hi\u1ec7u: PANLOS<\/li>\n<li>Gi\u1edbi t\u00ednh: Unisex<\/li>\n<li>T\u00ean: Xe t\u0103ng chi\u1ebfn \u0111\u1ea5u ch\u1ee7 l\u1ef1c RC M1A2 Abrams<\/li>\n<li>\u0110\u1ed9 tu\u1ed5i: &gt; 6 tu\u1ed5i<\/li>\n<li>S\u1ed1 m\u00f4 h\u00ecnh: 676006<\/li>\n<li>Ph\u00e2n lo\u1ea1i: T\u1eadp h\u1ee3p<\/li>\n<li>H\u00ecnh d\u1ea1ng kh\u1ed1i nh\u1ef1a: G\u1ea1ch t\u1ef1 kh\u00f3a<\/li>\n<li>Ch\u1ea5t li\u1ec7u: Nh\u1ef1a<\/li>\n<li>Lo\u1ea1i nh\u1ef1a: ABS<\/li>\n<li>Kh\u1ed1i g\u1ea1ch: 1096 C\u00c1I<\/li>\n<li>K\u00edch th\u01b0\u1edbc: 31 x 12 x 17 cm<\/li>\n<li>Ch\u1ee9a h\u01b0\u1edbng d\u1eabn l\u1eafp r\u00e1p chi ti\u1ebft.<\/li>\n<\/ol>\n<p>\u0110\u1ec3 \u00fd:<br \/>\n1. Kh\u00f4ng c\u00f3 h\u1ed9p ban \u0111\u1ea7u, nh\u01b0ng ch\u00fang t\u00f4i \u0111\u1ea3m b\u1ea3o s\u1ea3n ph\u1ea9m c\u1ee7a ch\u00fang t\u00f4i c\u00f3 ch\u1ea5t l\u01b0\u1ee3ng \u0111\u1ea3m b\u1ea3o v\u00e0 bao b\u00ec \u0111\u1eb9p.<br \/>\n2. V\u00ec t\u1ea5t c\u1ea3 c\u00e1c b\u1ed9 ph\u1eadn ch\u00fang t\u00f4i \u0111\u00e3 ki\u1ec3m tra tr\u01b0\u1edbc khi v\u1eadn chuy\u1ec3n, v\u00ec v\u1eady n\u1ebfu b\u1ea1n th\u1ea5y m\u1ed9t s\u1ed1 b\u1ed9 ph\u1eadn b\u1ecb thi\u1ebfu ho\u1eb7c h\u01b0 h\u1ecfng, \u0111\u1eebng lo l\u1eafng v\u00e0 ch\u1ec9 c\u1ea7n vui l\u00f2ng li\u00ean h\u1ec7 v\u1edbi ch\u00fang t\u00f4i v\u00e0 ch\u00fang t\u00f4i c\u00f3 th\u1ec3 g\u1eedi l\u1ea1i mi\u1ec5n ph\u00ed cho b\u1ea1n ngay l\u1eadp t\u1ee9c.<\/p>\n<figure id=\"attachment_39031\" aria-describedby=\"caption-attachment-39031\" style=\"width: 800px\" class=\"wp-caption aligncenter\"><img fetchpriority=\"high\" decoding=\"async\" class=\"wp-image-39031 size-full\" src=\"https:\/\/mouldking.store\/wp-content\/uploads\/2022\/12\/PANLOS-676006-RC-M1A2-Abrams-Main-Battle-Tank-4.jpg\" alt=\"PANLOS 676006 RC M1A2 Abrams Main Battle Tank With 1096 Pieces\" width=\"800\" height=\"800\" title=\"-\" srcset=\"https:\/\/mouldking.store\/wp-content\/uploads\/2022\/12\/PANLOS-676006-RC-M1A2-Abrams-Main-Battle-Tank-4.jpg 800w, https:\/\/mouldking.store\/wp-content\/uploads\/2022\/12\/PANLOS-676006-RC-M1A2-Abrams-Main-Battle-Tank-4-300x300.jpg 300w, https:\/\/mouldking.store\/wp-content\/uploads\/2022\/12\/PANLOS-676006-RC-M1A2-Abrams-Main-Battle-Tank-4-768x768.jpg 768w, https:\/\/mouldking.store\/wp-content\/uploads\/2022\/12\/PANLOS-676006-RC-M1A2-Abrams-Main-Battle-Tank-4-600x600.jpg 600w, https:\/\/mouldking.store\/wp-content\/uploads\/2022\/12\/PANLOS-676006-RC-M1A2-Abrams-Main-Battle-Tank-4-150x150.jpg 150w, https:\/\/mouldking.store\/wp-content\/uploads\/2022\/12\/PANLOS-676006-RC-M1A2-Abrams-Main-Battle-Tank-4-60x60.jpg 60w, https:\/\/mouldking.store\/wp-content\/uploads\/2022\/12\/PANLOS-676006-RC-M1A2-Abrams-Main-Battle-Tank-4-90x90.jpg 90w\" sizes=\"(max-width: 800px) 100vw, 800px\" \/><figcaption id=\"caption-attachment-39031\" class=\"wp-caption-text\">Xe T\u0103ng Chi\u1ebfn \u0110\u1ea5u Ch\u1ee7 L\u1ef1c PANLOS 676006 RC M1A2 Abrams V\u1edbi 1096 M\u1ea3nh Gh\u00e9p<\/figcaption><\/figure>\n<figure id=\"attachment_39032\" aria-describedby=\"caption-attachment-39032\" style=\"width: 715px\" class=\"wp-caption aligncenter\"><img decoding=\"async\" class=\"wp-image-39032 size-full\" src=\"https:\/\/mouldking.store\/wp-content\/uploads\/2022\/12\/PANLOS-676006-RC-M1A2-Abrams-Main-Battle-Tank-3.jpg\" alt=\"PANLOS 676006 RC M1A2 Abrams Main Battle Tank With 1096 Pieces\" width=\"715\" height=\"1024\" title=\"-\" srcset=\"https:\/\/mouldking.store\/wp-content\/uploads\/2022\/12\/PANLOS-676006-RC-M1A2-Abrams-Main-Battle-Tank-3.jpg 715w, https:\/\/mouldking.store\/wp-content\/uploads\/2022\/12\/PANLOS-676006-RC-M1A2-Abrams-Main-Battle-Tank-3-209x300.jpg 209w, https:\/\/mouldking.store\/wp-content\/uploads\/2022\/12\/PANLOS-676006-RC-M1A2-Abrams-Main-Battle-Tank-3-300x430.jpg 300w, https:\/\/mouldking.store\/wp-content\/uploads\/2022\/12\/PANLOS-676006-RC-M1A2-Abrams-Main-Battle-Tank-3-600x859.jpg 600w, https:\/\/mouldking.store\/wp-content\/uploads\/2022\/12\/PANLOS-676006-RC-M1A2-Abrams-Main-Battle-Tank-3-105x150.jpg 105w, https:\/\/mouldking.store\/wp-content\/uploads\/2022\/12\/PANLOS-676006-RC-M1A2-Abrams-Main-Battle-Tank-3-42x60.jpg 42w, https:\/\/mouldking.store\/wp-content\/uploads\/2022\/12\/PANLOS-676006-RC-M1A2-Abrams-Main-Battle-Tank-3-63x90.jpg 63w\" sizes=\"(max-width: 715px) 100vw, 715px\" \/><figcaption id=\"caption-attachment-39032\" class=\"wp-caption-text\">Xe T\u0103ng Chi\u1ebfn \u0110\u1ea5u Ch\u1ee7 L\u1ef1c PANLOS 676006 RC M1A2 Abrams V\u1edbi 1096 M\u1ea3nh Gh\u00e9p<\/figcaption><\/figure>\n<figure id=\"attachment_39033\" aria-describedby=\"caption-attachment-39033\" style=\"width: 931px\" class=\"wp-caption aligncenter\"><img decoding=\"async\" class=\"wp-image-39033 size-full\" src=\"https:\/\/mouldking.store\/wp-content\/uploads\/2022\/12\/PANLOS-676006-RC-M1A2-Abrams-Main-Battle-Tank-2.jpg\" alt=\"PANLOS 676006 RC M1A2 Abrams Main Battle Tank With 1096 Pieces\" width=\"931\" height=\"1024\" title=\"-\" srcset=\"https:\/\/mouldking.store\/wp-content\/uploads\/2022\/12\/PANLOS-676006-RC-M1A2-Abrams-Main-Battle-Tank-2.jpg 931w, https:\/\/mouldking.store\/wp-content\/uploads\/2022\/12\/PANLOS-676006-RC-M1A2-Abrams-Main-Battle-Tank-2-273x300.jpg 273w, https:\/\/mouldking.store\/wp-content\/uploads\/2022\/12\/PANLOS-676006-RC-M1A2-Abrams-Main-Battle-Tank-2-768x845.jpg 768w, https:\/\/mouldking.store\/wp-content\/uploads\/2022\/12\/PANLOS-676006-RC-M1A2-Abrams-Main-Battle-Tank-2-300x330.jpg 300w, https:\/\/mouldking.store\/wp-content\/uploads\/2022\/12\/PANLOS-676006-RC-M1A2-Abrams-Main-Battle-Tank-2-600x660.jpg 600w, https:\/\/mouldking.store\/wp-content\/uploads\/2022\/12\/PANLOS-676006-RC-M1A2-Abrams-Main-Battle-Tank-2-136x150.jpg 136w, https:\/\/mouldking.store\/wp-content\/uploads\/2022\/12\/PANLOS-676006-RC-M1A2-Abrams-Main-Battle-Tank-2-55x60.jpg 55w, https:\/\/mouldking.store\/wp-content\/uploads\/2022\/12\/PANLOS-676006-RC-M1A2-Abrams-Main-Battle-Tank-2-82x90.jpg 82w\" sizes=\"(max-width: 931px) 100vw, 931px\" \/><figcaption id=\"caption-attachment-39033\" class=\"wp-caption-text\">Xe T\u0103ng Chi\u1ebfn \u0110\u1ea5u Ch\u1ee7 L\u1ef1c PANLOS 676006 RC M1A2 Abrams V\u1edbi 1096 M\u1ea3nh Gh\u00e9p<\/figcaption><\/figure>\n<figure id=\"attachment_39034\" aria-describedby=\"caption-attachment-39034\" style=\"width: 654px\" class=\"wp-caption aligncenter\"><img loading=\"lazy\" decoding=\"async\" class=\"wp-image-39034 size-full\" src=\"https:\/\/mouldking.store\/wp-content\/uploads\/2022\/12\/PANLOS-676006-RC-M1A2-Abrams-Main-Battle-Tank-1.jpg\" alt=\"PANLOS 676006 RC M1A2 Abrams Main Battle Tank With 1096 Pieces\" width=\"654\" height=\"1024\" title=\"-\" srcset=\"https:\/\/mouldking.store\/wp-content\/uploads\/2022\/12\/PANLOS-676006-RC-M1A2-Abrams-Main-Battle-Tank-1.jpg 654w, https:\/\/mouldking.store\/wp-content\/uploads\/2022\/12\/PANLOS-676006-RC-M1A2-Abrams-Main-Battle-Tank-1-192x300.jpg 192w, https:\/\/mouldking.store\/wp-content\/uploads\/2022\/12\/PANLOS-676006-RC-M1A2-Abrams-Main-Battle-Tank-1-300x470.jpg 300w, https:\/\/mouldking.store\/wp-content\/uploads\/2022\/12\/PANLOS-676006-RC-M1A2-Abrams-Main-Battle-Tank-1-600x939.jpg 600w, https:\/\/mouldking.store\/wp-content\/uploads\/2022\/12\/PANLOS-676006-RC-M1A2-Abrams-Main-Battle-Tank-1-96x150.jpg 96w, https:\/\/mouldking.store\/wp-content\/uploads\/2022\/12\/PANLOS-676006-RC-M1A2-Abrams-Main-Battle-Tank-1-38x60.jpg 38w, https:\/\/mouldking.store\/wp-content\/uploads\/2022\/12\/PANLOS-676006-RC-M1A2-Abrams-Main-Battle-Tank-1-57x90.jpg 57w\" sizes=\"(max-width: 654px) 100vw, 654px\" \/><figcaption id=\"caption-attachment-39034\" class=\"wp-caption-text\">Xe T\u0103ng Chi\u1ebfn \u0110\u1ea5u Ch\u1ee7 L\u1ef1c PANLOS 676006 RC M1A2 Abrams V\u1edbi 1096 M\u1ea3nh Gh\u00e9p<\/figcaption><\/figure>","protected":false},"excerpt":{"rendered":"<p>Product information: Brand: PANLOS Gender: Unisex Name: RC M1A2 Abrams Main Battle Tank Age Range: &gt; 6 years old Model Number: 676006 Classification: Assemblage Plastic Block Shape: Self-Locking Bricks Material: Plastic Plastic Type: ABS Bricks Blocks:1096 PCS Size: \u00a031 x 12 x 17 cm Contains detailed assembly instructions. Notice: 1. Without an original box, but [&hellip;]<\/p>","protected":false},"featured_media":39031,"comment_status":"closed","ping_status":"closed","template":"","meta":{"_acf_changed":false},"product_cat":[1350],"product_tag":[10368,10370,10372,9077,2645,10369,10371,2641,1851,10374,10375,10367,10373,485],"class_list":["product","first","instock","shipping-taxable","purchasable","product-type-simple"],"acf":[],"_links":{"self":[{"href":"https:\/\/mouldking.store\/vi\/wp-json\/wp\/v2\/product\/39029","targetHints":{"allow":["GET"]}}],"collection":[{"href":"https:\/\/mouldking.store\/vi\/wp-json\/wp\/v2\/product"}],"about":[{"href":"https:\/\/mouldking.store\/vi\/wp-json\/wp\/v2\/types\/product"}],"replies":[{"embeddable":true,"href":"https:\/\/mouldking.store\/vi\/wp-json\/wp\/v2\/comments?post=39029"}],"wp:featuredmedia":[{"embeddable":true,"href":"https:\/\/mouldking.store\/vi\/wp-json\/wp\/v2\/media\/39031"}],"wp:attachment":[{"href":"https:\/\/mouldking.store\/vi\/wp-json\/wp\/v2\/media?parent=39029"}],"wp:term":[{"taxonomy":"product_cat","embeddable":true,"href":"https:\/\/mouldking.store\/vi\/wp-json\/wp\/v2\/product_cat?post=39029"},{"taxonomy":"product_tag","embeddable":true,"href":"https:\/\/mouldking.store\/vi\/wp-json\/wp\/v2\/product_tag?post=39029"}],"curies":[{"name":"wp","href":"https:\/\/api.w.org\/{rel}","templated":true}]}}