{"id":39039,"date":"2022-12-27T11:22:41","date_gmt":"2022-12-27T04:22:41","guid":{"rendered":"https:\/\/mouldking.store\/?post_type=product&#038;p=39039"},"modified":"2022-12-27T11:22:41","modified_gmt":"2022-12-27T04:22:41","slug":"cada-c62004-levc-england-cars-london-taxi-with-1871pcs","status":"publish","type":"product","link":"https:\/\/mouldking.store\/vi\/shop\/cada-c62004-levc-england-cars-london-taxi-with-1871pcs\/","title":{"rendered":"CaDa C62004 LEVC Anh \u00d4 t\u00f4 London Taxi V\u1edbi 1871 C\u00c1I"},"content":{"rendered":"<p>Th\u00f4ng tin s\u1ea3n ph\u1ea9m:<\/p>\n<ol>\n<li>Th\u01b0\u01a1ng hi\u1ec7u: CaDa<\/li>\n<li>Gi\u1edbi t\u00ednh: Unisex<\/li>\n<li>Name: LEVC England Cars London Taxi<\/li>\n<li>\u0110\u1ed9 tu\u1ed5i: &gt; 6 tu\u1ed5i<\/li>\n<li>Model Number: C62004<\/li>\n<li>Ph\u00e2n lo\u1ea1i: T\u1eadp h\u1ee3p<\/li>\n<li>H\u00ecnh d\u1ea1ng kh\u1ed1i nh\u1ef1a: G\u1ea1ch t\u1ef1 kh\u00f3a<\/li>\n<li>Ch\u1ea5t li\u1ec7u: Nh\u1ef1a<\/li>\n<li>Lo\u1ea1i nh\u1ef1a: ABS<\/li>\n<li>Bricks Blocks:1871PCS<\/li>\n<li>Size: 35.2 \u00d7 14.4 \u00d7 12.8 cm<\/li>\n<li>Ch\u1ee9a h\u01b0\u1edbng d\u1eabn l\u1eafp r\u00e1p chi ti\u1ebft.<\/li>\n<\/ol>\n<p>\u0110\u1ec3 \u00fd:<br \/>\n1. Kh\u00f4ng c\u00f3 h\u1ed9p ban \u0111\u1ea7u, nh\u01b0ng ch\u00fang t\u00f4i \u0111\u1ea3m b\u1ea3o s\u1ea3n ph\u1ea9m c\u1ee7a ch\u00fang t\u00f4i c\u00f3 ch\u1ea5t l\u01b0\u1ee3ng \u0111\u1ea3m b\u1ea3o v\u00e0 bao b\u00ec \u0111\u1eb9p.<br \/>\n2. V\u00ec t\u1ea5t c\u1ea3 c\u00e1c b\u1ed9 ph\u1eadn ch\u00fang t\u00f4i \u0111\u00e3 ki\u1ec3m tra tr\u01b0\u1edbc khi v\u1eadn chuy\u1ec3n, v\u00ec v\u1eady n\u1ebfu b\u1ea1n th\u1ea5y m\u1ed9t s\u1ed1 b\u1ed9 ph\u1eadn b\u1ecb thi\u1ebfu ho\u1eb7c h\u01b0 h\u1ecfng, \u0111\u1eebng lo l\u1eafng v\u00e0 ch\u1ec9 c\u1ea7n vui l\u00f2ng li\u00ean h\u1ec7 v\u1edbi ch\u00fang t\u00f4i v\u00e0 ch\u00fang t\u00f4i c\u00f3 th\u1ec3 g\u1eedi l\u1ea1i mi\u1ec5n ph\u00ed cho b\u1ea1n ngay l\u1eadp t\u1ee9c.<\/p>\n<figure id=\"attachment_39040\" aria-describedby=\"caption-attachment-39040\" style=\"width: 800px\" class=\"wp-caption aligncenter\"><img fetchpriority=\"high\" decoding=\"async\" class=\"wp-image-39040 size-full\" src=\"https:\/\/mouldking.store\/wp-content\/uploads\/2022\/12\/CaDa-C62004-Technic-LEVC-English-Vehicle-4.jpg\" alt=\"CaDa C62004 LEVC England Cars London Taxi With 1871PCS\" width=\"800\" height=\"800\" title=\"-\" srcset=\"https:\/\/mouldking.store\/wp-content\/uploads\/2022\/12\/CaDa-C62004-Technic-LEVC-English-Vehicle-4.jpg 800w, https:\/\/mouldking.store\/wp-content\/uploads\/2022\/12\/CaDa-C62004-Technic-LEVC-English-Vehicle-4-300x300.jpg 300w, https:\/\/mouldking.store\/wp-content\/uploads\/2022\/12\/CaDa-C62004-Technic-LEVC-English-Vehicle-4-768x768.jpg 768w, https:\/\/mouldking.store\/wp-content\/uploads\/2022\/12\/CaDa-C62004-Technic-LEVC-English-Vehicle-4-600x600.jpg 600w, https:\/\/mouldking.store\/wp-content\/uploads\/2022\/12\/CaDa-C62004-Technic-LEVC-English-Vehicle-4-150x150.jpg 150w, https:\/\/mouldking.store\/wp-content\/uploads\/2022\/12\/CaDa-C62004-Technic-LEVC-English-Vehicle-4-60x60.jpg 60w, https:\/\/mouldking.store\/wp-content\/uploads\/2022\/12\/CaDa-C62004-Technic-LEVC-English-Vehicle-4-90x90.jpg 90w\" sizes=\"(max-width: 800px) 100vw, 800px\" \/><figcaption id=\"caption-attachment-39040\" class=\"wp-caption-text\">CaDa C62004 LEVC Anh \u00d4 t\u00f4 London Taxi V\u1edbi 1871 C\u00c1I<\/figcaption><\/figure>\n<figure id=\"attachment_39041\" aria-describedby=\"caption-attachment-39041\" style=\"width: 800px\" class=\"wp-caption aligncenter\"><img decoding=\"async\" class=\"wp-image-39041 size-full\" src=\"https:\/\/mouldking.store\/wp-content\/uploads\/2022\/12\/CaDa-C62004-Technic-LEVC-English-Vehicle-3.jpg\" alt=\"CaDa C62004 LEVC England Cars London Taxi With 1871PCS\" width=\"800\" height=\"800\" title=\"-\" srcset=\"https:\/\/mouldking.store\/wp-content\/uploads\/2022\/12\/CaDa-C62004-Technic-LEVC-English-Vehicle-3.jpg 800w, https:\/\/mouldking.store\/wp-content\/uploads\/2022\/12\/CaDa-C62004-Technic-LEVC-English-Vehicle-3-300x300.jpg 300w, https:\/\/mouldking.store\/wp-content\/uploads\/2022\/12\/CaDa-C62004-Technic-LEVC-English-Vehicle-3-768x768.jpg 768w, https:\/\/mouldking.store\/wp-content\/uploads\/2022\/12\/CaDa-C62004-Technic-LEVC-English-Vehicle-3-600x600.jpg 600w, https:\/\/mouldking.store\/wp-content\/uploads\/2022\/12\/CaDa-C62004-Technic-LEVC-English-Vehicle-3-150x150.jpg 150w, https:\/\/mouldking.store\/wp-content\/uploads\/2022\/12\/CaDa-C62004-Technic-LEVC-English-Vehicle-3-60x60.jpg 60w, https:\/\/mouldking.store\/wp-content\/uploads\/2022\/12\/CaDa-C62004-Technic-LEVC-English-Vehicle-3-90x90.jpg 90w\" sizes=\"(max-width: 800px) 100vw, 800px\" \/><figcaption id=\"caption-attachment-39041\" class=\"wp-caption-text\">CaDa C62004 LEVC Anh \u00d4 t\u00f4 London Taxi V\u1edbi 1871 C\u00c1I<\/figcaption><\/figure>\n<figure id=\"attachment_39042\" aria-describedby=\"caption-attachment-39042\" style=\"width: 800px\" class=\"wp-caption aligncenter\"><img decoding=\"async\" class=\"wp-image-39042 size-full\" src=\"https:\/\/mouldking.store\/wp-content\/uploads\/2022\/12\/CaDa-C62004-Technic-LEVC-English-Vehicle-2.jpg\" alt=\"CaDa C62004 LEVC England Cars London Taxi With 1871PCS\" width=\"800\" height=\"800\" title=\"-\" srcset=\"https:\/\/mouldking.store\/wp-content\/uploads\/2022\/12\/CaDa-C62004-Technic-LEVC-English-Vehicle-2.jpg 800w, https:\/\/mouldking.store\/wp-content\/uploads\/2022\/12\/CaDa-C62004-Technic-LEVC-English-Vehicle-2-300x300.jpg 300w, https:\/\/mouldking.store\/wp-content\/uploads\/2022\/12\/CaDa-C62004-Technic-LEVC-English-Vehicle-2-768x768.jpg 768w, https:\/\/mouldking.store\/wp-content\/uploads\/2022\/12\/CaDa-C62004-Technic-LEVC-English-Vehicle-2-600x600.jpg 600w, https:\/\/mouldking.store\/wp-content\/uploads\/2022\/12\/CaDa-C62004-Technic-LEVC-English-Vehicle-2-150x150.jpg 150w, https:\/\/mouldking.store\/wp-content\/uploads\/2022\/12\/CaDa-C62004-Technic-LEVC-English-Vehicle-2-60x60.jpg 60w, https:\/\/mouldking.store\/wp-content\/uploads\/2022\/12\/CaDa-C62004-Technic-LEVC-English-Vehicle-2-90x90.jpg 90w\" sizes=\"(max-width: 800px) 100vw, 800px\" \/><figcaption id=\"caption-attachment-39042\" class=\"wp-caption-text\">CaDa C62004 LEVC Anh \u00d4 t\u00f4 London Taxi V\u1edbi 1871 C\u00c1I<\/figcaption><\/figure>\n<figure id=\"attachment_39043\" aria-describedby=\"caption-attachment-39043\" style=\"width: 800px\" class=\"wp-caption aligncenter\"><img loading=\"lazy\" decoding=\"async\" class=\"wp-image-39043 size-full\" src=\"https:\/\/mouldking.store\/wp-content\/uploads\/2022\/12\/CaDa-C62004-Technic-LEVC-English-Vehicle-1.jpg\" alt=\"CaDa C62004 LEVC England Cars London Taxi With 1871PCS\" width=\"800\" height=\"800\" title=\"-\" srcset=\"https:\/\/mouldking.store\/wp-content\/uploads\/2022\/12\/CaDa-C62004-Technic-LEVC-English-Vehicle-1.jpg 800w, https:\/\/mouldking.store\/wp-content\/uploads\/2022\/12\/CaDa-C62004-Technic-LEVC-English-Vehicle-1-300x300.jpg 300w, https:\/\/mouldking.store\/wp-content\/uploads\/2022\/12\/CaDa-C62004-Technic-LEVC-English-Vehicle-1-768x768.jpg 768w, https:\/\/mouldking.store\/wp-content\/uploads\/2022\/12\/CaDa-C62004-Technic-LEVC-English-Vehicle-1-600x600.jpg 600w, https:\/\/mouldking.store\/wp-content\/uploads\/2022\/12\/CaDa-C62004-Technic-LEVC-English-Vehicle-1-150x150.jpg 150w, https:\/\/mouldking.store\/wp-content\/uploads\/2022\/12\/CaDa-C62004-Technic-LEVC-English-Vehicle-1-60x60.jpg 60w, https:\/\/mouldking.store\/wp-content\/uploads\/2022\/12\/CaDa-C62004-Technic-LEVC-English-Vehicle-1-90x90.jpg 90w\" sizes=\"(max-width: 800px) 100vw, 800px\" \/><figcaption id=\"caption-attachment-39043\" class=\"wp-caption-text\">CaDa C62004 LEVC Anh \u00d4 t\u00f4 London Taxi V\u1edbi 1871 C\u00c1I<\/figcaption><\/figure>","protected":false},"excerpt":{"rendered":"<p>Product information: Brand: CaDa Gender: Unisex Name: LEVC England Cars London Taxi Age Range: &gt; 6 years old Model Number: C62004 Classification: Assemblage Plastic Block Shape: Self-Locking Bricks Material: Plastic Plastic Type: ABS Bricks Blocks:1871PCS Size: 35.2 \u00d7 14.4 \u00d7 12.8 cm Contains detailed assembly instructions. Notice: 1. Without an original box, but we guarantee [&hellip;]<\/p>","protected":false},"featured_media":39040,"comment_status":"closed","ping_status":"closed","template":"","meta":{"_acf_changed":false},"product_cat":[1360,1357],"product_tag":[10383,1916,10390,10391,10382,10385,10388,10384,10389,9049,10387,10386],"class_list":["product","first","instock","shipping-taxable","purchasable","product-type-variable"],"acf":[],"_links":{"self":[{"href":"https:\/\/mouldking.store\/vi\/wp-json\/wp\/v2\/product\/39039","targetHints":{"allow":["GET"]}}],"collection":[{"href":"https:\/\/mouldking.store\/vi\/wp-json\/wp\/v2\/product"}],"about":[{"href":"https:\/\/mouldking.store\/vi\/wp-json\/wp\/v2\/types\/product"}],"replies":[{"embeddable":true,"href":"https:\/\/mouldking.store\/vi\/wp-json\/wp\/v2\/comments?post=39039"}],"wp:featuredmedia":[{"embeddable":true,"href":"https:\/\/mouldking.store\/vi\/wp-json\/wp\/v2\/media\/39040"}],"wp:attachment":[{"href":"https:\/\/mouldking.store\/vi\/wp-json\/wp\/v2\/media?parent=39039"}],"wp:term":[{"taxonomy":"product_cat","embeddable":true,"href":"https:\/\/mouldking.store\/vi\/wp-json\/wp\/v2\/product_cat?post=39039"},{"taxonomy":"product_tag","embeddable":true,"href":"https:\/\/mouldking.store\/vi\/wp-json\/wp\/v2\/product_tag?post=39039"}],"curies":[{"name":"wp","href":"https:\/\/api.w.org\/{rel}","templated":true}]}}